{"id":232,"date":"2024-02-29T10:55:01","date_gmt":"2024-02-29T09:55:01","guid":{"rendered":"https:\/\/www.abf.se\/orebro-lan\/?page_id=232"},"modified":"2026-01-16T10:36:49","modified_gmt":"2026-01-16T09:36:49","slug":"var-verksamhet","status":"publish","type":"page","link":"https:\/\/www.abf.se\/orebro-lan\/var-verksamhet\/","title":{"rendered":"V\u00e5r verksamhet"},"content":{"rendered":"<div\n    class=\"acf-hero-block container-lg no-padding mb-12 js-geolocation\"\n    data-block=\"hero-block\"\n    data-index=\"0\"\n>\n    <div class=\"h-[548px]  relative rounded-[32px] overflow-hidden flex bg-gray-light\">\n        <div class=\"relative z-10 mt-auto h-auto w-full md:h-full\">\n            <div class=\"flex w-full h-full flex-col flex-wrap justify-end w-full md:w-7\/12 lg:w-1\/2 md:justify-center\">\n                <div class=\"flex flex-col gap-3 md:gap-[18px] md:transparent pt-16 pb-36 md:py-8 px-4 w-full md:max-w-[620px] mx-auto px-8\">\n\n                    <h1 class=\"hero-heading hero-heading--red-text\"><span>V\u00e5r verksamhet<\/span><\/h1>\n\n                    \n                                    <\/div>\n            <\/div>\n        <\/div>\n\n                    <picture class=\"as-background-image mix-blend-multiply bg-black\/40\"><img decoding=\"async\" src=\"https:\/\/www.abf.se\/orebro-lan\/resized\/?url=https%3A%2F%2Fwww.abf.se%2Fwp-content%2Fuploads%2F2023%2F11%2FKonstnaren-liggande_IMGP.jpg&#038;fit=crop&#038;w=1440&#038;s=73461dd66725d2dcd0883cd4f3b2929d\" srcset=\"https:\/\/www.abf.se\/orebro-lan\/resized\/?url=https%3A%2F%2Fwww.abf.se%2Fwp-content%2Fuploads%2F2023%2F11%2FKonstnaren-liggande_IMGP.jpg&#038;fit=crop&#038;w=375&#038;h=540&#038;s=acdd43a50f7f054a7ebfca7e963d95d7 375w, https:\/\/www.abf.se\/orebro-lan\/resized\/?url=https%3A%2F%2Fwww.abf.se%2Fwp-content%2Fuploads%2F2023%2F11%2FKonstnaren-liggande_IMGP.jpg&#038;fit=crop&#038;w=447&#038;h=540&#038;s=7a235b4dada2a29efaca84d538bb8d9c 447w, https:\/\/www.abf.se\/orebro-lan\/resized\/?url=https%3A%2F%2Fwww.abf.se%2Fwp-content%2Fuploads%2F2023%2F11%2FKonstnaren-liggande_IMGP.jpg&#038;fit=crop&#038;w=519&#038;h=540&#038;s=7757466a907a0598d2d977268259a152 519w, https:\/\/www.abf.se\/orebro-lan\/resized\/?url=https%3A%2F%2Fwww.abf.se%2Fwp-content%2Fuploads%2F2023%2F11%2FKonstnaren-liggande_IMGP.jpg&#038;fit=crop&#038;w=591&#038;h=540&#038;s=f2d60f4f529843d2b89c080d391cc764 591w, https:\/\/www.abf.se\/orebro-lan\/resized\/?url=https%3A%2F%2Fwww.abf.se%2Fwp-content%2Fuploads%2F2023%2F11%2FKonstnaren-liggande_IMGP.jpg&#038;fit=crop&#038;w=663&#038;h=540&#038;s=327176ecf64ad154b2ab3a5071838722 663w, https:\/\/www.abf.se\/orebro-lan\/resized\/?url=https%3A%2F%2Fwww.abf.se%2Fwp-content%2Fuploads%2F2023%2F11%2FKonstnaren-liggande_IMGP.jpg&#038;fit=crop&#038;w=750&#038;h=540&#038;s=372a3fd54bd294479204aaa6e008eb10 750w, https:\/\/www.abf.se\/orebro-lan\/resized\/?url=https%3A%2F%2Fwww.abf.se%2Fwp-content%2Fuploads%2F2023%2F11%2FKonstnaren-liggande_IMGP.jpg&#038;fit=crop&#038;w=894&#038;h=540&#038;s=36c5b11aaf57e5dc3d5ffaea910a3191 894w, https:\/\/www.abf.se\/orebro-lan\/resized\/?url=https%3A%2F%2Fwww.abf.se%2Fwp-content%2Fuploads%2F2023%2F11%2FKonstnaren-liggande_IMGP.jpg&#038;fit=crop&#038;w=1038&#038;h=540&#038;s=0dcb1b9bec61d04876dcd3d808dcad12 1038w, https:\/\/www.abf.se\/orebro-lan\/resized\/?url=https%3A%2F%2Fwww.abf.se%2Fwp-content%2Fuploads%2F2023%2F11%2FKonstnaren-liggande_IMGP.jpg&#038;fit=crop&#038;w=1182&#038;h=540&#038;s=b6afdc62ed2b8bcedc1d8836c6a80a56 1182w, https:\/\/www.abf.se\/orebro-lan\/resized\/?url=https%3A%2F%2Fwww.abf.se%2Fwp-content%2Fuploads%2F2023%2F11%2FKonstnaren-liggande_IMGP.jpg&#038;fit=crop&#038;w=1326&#038;h=540&#038;s=66b23ed510992eed029041a057446b46 1326w, https:\/\/www.abf.se\/orebro-lan\/resized\/?url=https%3A%2F%2Fwww.abf.se%2Fwp-content%2Fuploads%2F2023%2F11%2FKonstnaren-liggande_IMGP.jpg&#038;fit=crop&#038;w=1440&#038;h=540&#038;s=57e2c827bc0edf447704c0e6bd0fe3a4 1440w\" alt=\"\" height=\"540\" width=\"1440\" sizes=\"(max-width: 1440px) calc(100vw - 32px), 1440px\" loading=\"eager\" fetchpriority=\"high\" aria-hidden=\"true\" role=\"presentation\" \/><\/picture>\n        \n\n            <\/div>\n\n    <\/div>\n\n<div class=\"my-8 container-lg acf-link-block\" data-block=\"link-block\" class=\"acf-link-block\" data-block=\"link-block\">\n    <div class=\"w-full bg-red  round-corners-lg px-4 md:px-8 py-11 md:py-16\">\n        <h2 class=\"heading-lg mb-7 text-center text-white\">\n            H\u00e4r kan du l\u00e4sa mer om n\u00e5gra av v\u00e5ra olika verksamheter\n        <\/h2>\n            <ul class=\"grid grid-cols-1 gap-x-4 gap-y-3 md:grid-cols-2\">\n                                                        <li>\n                        <a\n    class=\"large-button-link\"\n    href=\"https:\/\/www.abf.se\/orebro-lan\/var-verksamhet\/oppna-torget\/\"\n    target=\"\"\n>\n    <span class=\"flex-1\">\u00d6ppna Torget<\/span>\n\n    <figure\n        aria-hidden=\"true\"\n        class=\"w-5\"\n    >\n                    <svg width=\"20\" height=\"20\" viewBox=\"0 0 20 20\" fill=\"none\" class=\"SvgIconElement\">\n<path d=\"M4.16659 10L15.8333 10\" stroke=\"currentColor\"\/>\n<path d=\"M9.99992 4.1665L15.8333 9.99984L9.99992 15.8332\" stroke=\"currentColor\"\/>\n<\/svg>\n            <\/figure>\n<\/a>\n                    <\/li>\n                                                        <li>\n                        <a\n    class=\"large-button-link\"\n    href=\"https:\/\/www.abf.se\/orebro-lan\/var-verksamhet\/tankarnas-tradgard\/\"\n    target=\"\"\n>\n    <span class=\"flex-1\">Tankarnas Tr\u00e4dg\u00e5rd<\/span>\n\n    <figure\n        aria-hidden=\"true\"\n        class=\"w-5\"\n    >\n                    <svg width=\"20\" height=\"20\" viewBox=\"0 0 20 20\" fill=\"none\" class=\"SvgIconElement\">\n<path d=\"M4.16659 10L15.8333 10\" stroke=\"currentColor\"\/>\n<path d=\"M9.99992 4.1665L15.8333 9.99984L9.99992 15.8332\" stroke=\"currentColor\"\/>\n<\/svg>\n            <\/figure>\n<\/a>\n                    <\/li>\n                                                        <li>\n                        <a\n    class=\"large-button-link\"\n    href=\"https:\/\/www.abf.se\/orebro-lan\/var-verksamhet\/musik\/\"\n    target=\"\"\n>\n    <span class=\"flex-1\">Musik och replokaler<\/span>\n\n    <figure\n        aria-hidden=\"true\"\n        class=\"w-5\"\n    >\n                    <svg width=\"20\" height=\"20\" viewBox=\"0 0 20 20\" fill=\"none\" class=\"SvgIconElement\">\n<path d=\"M4.16659 10L15.8333 10\" stroke=\"currentColor\"\/>\n<path d=\"M9.99992 4.1665L15.8333 9.99984L9.99992 15.8332\" stroke=\"currentColor\"\/>\n<\/svg>\n            <\/figure>\n<\/a>\n                    <\/li>\n                                                        <li>\n                        <a\n    class=\"large-button-link\"\n    href=\"https:\/\/www.abf.se\/orebro-lan\/var-verksamhet\/vara-projekt\/\"\n    target=\"\"\n>\n    <span class=\"flex-1\">V\u00e5ra projekt<\/span>\n\n    <figure\n        aria-hidden=\"true\"\n        class=\"w-5\"\n    >\n                    <svg width=\"20\" height=\"20\" viewBox=\"0 0 20 20\" fill=\"none\" class=\"SvgIconElement\">\n<path d=\"M4.16659 10L15.8333 10\" stroke=\"currentColor\"\/>\n<path d=\"M9.99992 4.1665L15.8333 9.99984L9.99992 15.8332\" stroke=\"currentColor\"\/>\n<\/svg>\n            <\/figure>\n<\/a>\n                    <\/li>\n                            <\/ul>\n        <\/ul>\n    <\/div>\n<\/div><div\n    class=\"acf-article-image-block mb-12 article-container-lg\"\n    data-block=\"article-image-block\"\n>\n<div class=\"\">\n\n        <figure>\n        \n            <picture class=\"round-corners-lg w-full\"><img decoding=\"async\" src=\"https:\/\/www.abf.se\/orebro-lan\/resized\/?url=https%3A%2F%2Fwww.abf.se%2Fwp-content%2Fuploads%2Fsites%2F63%2F2024%2F04%2FNamnlos-design.png&#038;fit=contain&#038;w=788&#038;s=4b7dcbffd3e87e3b9b69db9aac72706b\" srcset=\"https:\/\/www.abf.se\/orebro-lan\/resized\/?url=https%3A%2F%2Fwww.abf.se%2Fwp-content%2Fuploads%2Fsites%2F63%2F2024%2F04%2FNamnlos-design.png&#038;fit=contain&#038;w=375&#038;h=210&#038;s=c64ccb474cb5979958d99e64a543828c 375w, https:\/\/www.abf.se\/orebro-lan\/resized\/?url=https%3A%2F%2Fwww.abf.se%2Fwp-content%2Fuploads%2Fsites%2F63%2F2024%2F04%2FNamnlos-design.png&#038;fit=contain&#038;w=447&#038;h=251&#038;s=73695bf4b5264b7342cc32f35025263c 447w, https:\/\/www.abf.se\/orebro-lan\/resized\/?url=https%3A%2F%2Fwww.abf.se%2Fwp-content%2Fuploads%2Fsites%2F63%2F2024%2F04%2FNamnlos-design.png&#038;fit=contain&#038;w=519&#038;h=291&#038;s=5342579c2c1c19df68e3b403af706be7 519w, https:\/\/www.abf.se\/orebro-lan\/resized\/?url=https%3A%2F%2Fwww.abf.se%2Fwp-content%2Fuploads%2Fsites%2F63%2F2024%2F04%2FNamnlos-design.png&#038;fit=contain&#038;w=591&#038;h=332&#038;s=0513b41d4cef2478949675daa28b4961 591w, https:\/\/www.abf.se\/orebro-lan\/resized\/?url=https%3A%2F%2Fwww.abf.se%2Fwp-content%2Fuploads%2Fsites%2F63%2F2024%2F04%2FNamnlos-design.png&#038;fit=contain&#038;w=663&#038;h=372&#038;s=13fad9d14aa49c541b9997872dee5199 663w, https:\/\/www.abf.se\/orebro-lan\/resized\/?url=https%3A%2F%2Fwww.abf.se%2Fwp-content%2Fuploads%2Fsites%2F63%2F2024%2F04%2FNamnlos-design.png&#038;fit=contain&#038;w=735&#038;h=413&#038;s=9bd68960fb8b3bdb8d7dd1d6f950c259 735w, https:\/\/www.abf.se\/orebro-lan\/resized\/?url=https%3A%2F%2Fwww.abf.se%2Fwp-content%2Fuploads%2Fsites%2F63%2F2024%2F04%2FNamnlos-design.png&#038;fit=contain&#038;w=750&#038;h=421&#038;s=5928ba2248552b4abe91adf0650488cf 750w, https:\/\/www.abf.se\/orebro-lan\/resized\/?url=https%3A%2F%2Fwww.abf.se%2Fwp-content%2Fuploads%2Fsites%2F63%2F2024%2F04%2FNamnlos-design.png&#038;fit=contain&#038;w=788&#038;s=4b7dcbffd3e87e3b9b69db9aac72706b 788w, https:\/\/www.abf.se\/orebro-lan\/resized\/?url=https%3A%2F%2Fwww.abf.se%2Fwp-content%2Fuploads%2Fsites%2F63%2F2024%2F04%2FNamnlos-design.png&#038;fit=contain&#038;w=894&#038;h=502&#038;s=823dfaf8d130daab1d8557149859c98d 894w, https:\/\/www.abf.se\/orebro-lan\/resized\/?url=https%3A%2F%2Fwww.abf.se%2Fwp-content%2Fuploads%2Fsites%2F63%2F2024%2F04%2FNamnlos-design.png&#038;fit=contain&#038;w=1038&#038;h=583&#038;s=8f64cf0596a246e78154f69b3167ab73 1038w, https:\/\/www.abf.se\/orebro-lan\/resized\/?url=https%3A%2F%2Fwww.abf.se%2Fwp-content%2Fuploads%2Fsites%2F63%2F2024%2F04%2FNamnlos-design.png&#038;fit=contain&#038;w=1182&#038;h=664&#038;s=fbe1e934b975741f64a094de9fda9330 1182w, https:\/\/www.abf.se\/orebro-lan\/resized\/?url=https%3A%2F%2Fwww.abf.se%2Fwp-content%2Fuploads%2Fsites%2F63%2F2024%2F04%2FNamnlos-design.png&#038;fit=contain&#038;w=1326&#038;h=745&#038;s=badddbd20c2d36ff71acf5d2bd33edce 1326w, https:\/\/www.abf.se\/orebro-lan\/resized\/?url=https%3A%2F%2Fwww.abf.se%2Fwp-content%2Fuploads%2Fsites%2F63%2F2024%2F04%2FNamnlos-design.png&#038;fit=contain&#038;w=1470&#038;h=826&#038;s=7901dbc6c79719c51d290fe90f3a9a36 1470w\" alt=\"\" height=\"443\" width=\"788\" sizes=\"auto, (max-width: 768px) calc(100vw - 40px), 788px\" loading=\"lazy\" fetchpriority=\"low\" class=\"round-corners-lg w-full\" \/><\/picture>\n                        <\/figure>\n        <\/div>\n\n<\/div>\n","protected":false},"excerpt":{"rendered":"","protected":false},"author":72,"featured_media":0,"parent":0,"menu_order":0,"comment_status":"closed","ping_status":"closed","template":"","meta":{"_acf_changed":false,"footnotes":""},"class_list":["post-232","page","type-page","status-publish","hentry"],"acf":[],"yoast_head":"<!-- This site is optimized with the Yoast SEO plugin v27.0 - https:\/\/yoast.com\/product\/yoast-seo-wordpress\/ -->\n<title>V\u00e5r verksamhet - ABF \u00d6rebro l\u00e4n<\/title>\n<meta name=\"description\" content=\"H\u00e4r hittar du information om v\u00e5r verksamhet, t ex \u00d6ppna Torget, Tankarnas Tr\u00e4dg\u00e5rd och v\u00e5ra olika projekt.\" \/>\n<meta name=\"robots\" content=\"index, follow, max-snippet:-1, max-image-preview:large, max-video-preview:-1\" \/>\n<link rel=\"canonical\" href=\"https:\/\/www.abf.se\/orebro-lan\/var-verksamhet\/\" \/>\n<meta property=\"og:locale\" content=\"sv_SE\" \/>\n<meta property=\"og:type\" content=\"article\" \/>\n<meta property=\"og:title\" content=\"V\u00e5r verksamhet - ABF \u00d6rebro l\u00e4n\" \/>\n<meta property=\"og:description\" content=\"H\u00e4r hittar du information om v\u00e5r verksamhet, t ex \u00d6ppna Torget, Tankarnas Tr\u00e4dg\u00e5rd och v\u00e5ra olika projekt.\" \/>\n<meta property=\"og:url\" content=\"https:\/\/www.abf.se\/orebro-lan\/var-verksamhet\/\" \/>\n<meta property=\"og:site_name\" content=\"\u00d6rebro l\u00e4n\" \/>\n<meta property=\"article:modified_time\" content=\"2026-01-16T09:36:49+00:00\" \/>\n<meta property=\"og:image\" content=\"https:\/\/www.abf.se\/wp-content\/uploads\/sites\/63\/2024\/04\/Nyckeln-liggande-scaled.jpg\" \/>\n\t<meta property=\"og:image:width\" content=\"2560\" \/>\n\t<meta property=\"og:image:height\" content=\"1440\" \/>\n\t<meta property=\"og:image:type\" content=\"image\/jpeg\" \/>\n<meta name=\"twitter:card\" content=\"summary_large_image\" \/>\n<script type=\"application\/ld+json\" class=\"yoast-schema-graph\">{\"@context\":\"https:\/\/schema.org\",\"@graph\":[{\"@type\":\"WebPage\",\"@id\":\"https:\/\/www.abf.se\/orebro-lan\/var-verksamhet\/\",\"url\":\"https:\/\/www.abf.se\/orebro-lan\/var-verksamhet\/\",\"name\":\"V\u00e5r verksamhet - ABF \u00d6rebro l\u00e4n\",\"isPartOf\":{\"@id\":\"https:\/\/www.abf.se\/orebro-lan\/#website\"},\"datePublished\":\"2024-02-29T09:55:01+00:00\",\"dateModified\":\"2026-01-16T09:36:49+00:00\",\"description\":\"H\u00e4r hittar du information om v\u00e5r verksamhet, t ex \u00d6ppna Torget, Tankarnas Tr\u00e4dg\u00e5rd och v\u00e5ra olika projekt.\",\"breadcrumb\":{\"@id\":\"https:\/\/www.abf.se\/orebro-lan\/var-verksamhet\/#breadcrumb\"},\"inLanguage\":\"sv-SE\",\"potentialAction\":[{\"@type\":\"ReadAction\",\"target\":[\"https:\/\/www.abf.se\/orebro-lan\/var-verksamhet\/\"]}]},{\"@type\":\"BreadcrumbList\",\"@id\":\"https:\/\/www.abf.se\/orebro-lan\/var-verksamhet\/#breadcrumb\",\"itemListElement\":[{\"@type\":\"ListItem\",\"position\":1,\"name\":\"Home\",\"item\":\"https:\/\/www.abf.se\/orebro-lan\/\"},{\"@type\":\"ListItem\",\"position\":2,\"name\":\"V\u00e5r verksamhet\"}]},{\"@type\":\"WebSite\",\"@id\":\"https:\/\/www.abf.se\/orebro-lan\/#website\",\"url\":\"https:\/\/www.abf.se\/orebro-lan\/\",\"name\":\"\u00d6rebro l\u00e4n\",\"description\":\"\",\"potentialAction\":[{\"@type\":\"SearchAction\",\"target\":{\"@type\":\"EntryPoint\",\"urlTemplate\":\"https:\/\/www.abf.se\/orebro-lan\/?s={search_term_string}\"},\"query-input\":{\"@type\":\"PropertyValueSpecification\",\"valueRequired\":true,\"valueName\":\"search_term_string\"}}],\"inLanguage\":\"sv-SE\"}]}<\/script>\n<!-- \/ Yoast SEO plugin. -->","yoast_head_json":{"title":"V\u00e5r verksamhet - ABF \u00d6rebro l\u00e4n","description":"H\u00e4r hittar du information om v\u00e5r verksamhet, t ex \u00d6ppna Torget, Tankarnas Tr\u00e4dg\u00e5rd och v\u00e5ra olika projekt.","robots":{"index":"index","follow":"follow","max-snippet":"max-snippet:-1","max-image-preview":"max-image-preview:large","max-video-preview":"max-video-preview:-1"},"canonical":"https:\/\/www.abf.se\/orebro-lan\/var-verksamhet\/","og_locale":"sv_SE","og_type":"article","og_title":"V\u00e5r verksamhet - ABF \u00d6rebro l\u00e4n","og_description":"H\u00e4r hittar du information om v\u00e5r verksamhet, t ex \u00d6ppna Torget, Tankarnas Tr\u00e4dg\u00e5rd och v\u00e5ra olika projekt.","og_url":"https:\/\/www.abf.se\/orebro-lan\/var-verksamhet\/","og_site_name":"\u00d6rebro l\u00e4n","article_modified_time":"2026-01-16T09:36:49+00:00","og_image":[{"width":2560,"height":1440,"url":"https:\/\/www.abf.se\/wp-content\/uploads\/sites\/63\/2024\/04\/Nyckeln-liggande-scaled.jpg","type":"image\/jpeg"}],"twitter_card":"summary_large_image","schema":{"@context":"https:\/\/schema.org","@graph":[{"@type":"WebPage","@id":"https:\/\/www.abf.se\/orebro-lan\/var-verksamhet\/","url":"https:\/\/www.abf.se\/orebro-lan\/var-verksamhet\/","name":"V\u00e5r verksamhet - ABF \u00d6rebro l\u00e4n","isPartOf":{"@id":"https:\/\/www.abf.se\/orebro-lan\/#website"},"datePublished":"2024-02-29T09:55:01+00:00","dateModified":"2026-01-16T09:36:49+00:00","description":"H\u00e4r hittar du information om v\u00e5r verksamhet, t ex \u00d6ppna Torget, Tankarnas Tr\u00e4dg\u00e5rd och v\u00e5ra olika projekt.","breadcrumb":{"@id":"https:\/\/www.abf.se\/orebro-lan\/var-verksamhet\/#breadcrumb"},"inLanguage":"sv-SE","potentialAction":[{"@type":"ReadAction","target":["https:\/\/www.abf.se\/orebro-lan\/var-verksamhet\/"]}]},{"@type":"BreadcrumbList","@id":"https:\/\/www.abf.se\/orebro-lan\/var-verksamhet\/#breadcrumb","itemListElement":[{"@type":"ListItem","position":1,"name":"Home","item":"https:\/\/www.abf.se\/orebro-lan\/"},{"@type":"ListItem","position":2,"name":"V\u00e5r verksamhet"}]},{"@type":"WebSite","@id":"https:\/\/www.abf.se\/orebro-lan\/#website","url":"https:\/\/www.abf.se\/orebro-lan\/","name":"\u00d6rebro l\u00e4n","description":"","potentialAction":[{"@type":"SearchAction","target":{"@type":"EntryPoint","urlTemplate":"https:\/\/www.abf.se\/orebro-lan\/?s={search_term_string}"},"query-input":{"@type":"PropertyValueSpecification","valueRequired":true,"valueName":"search_term_string"}}],"inLanguage":"sv-SE"}]}},"_links":{"self":[{"href":"https:\/\/www.abf.se\/orebro-lan\/wp-json\/wp\/v2\/pages\/232","targetHints":{"allow":["GET"]}}],"collection":[{"href":"https:\/\/www.abf.se\/orebro-lan\/wp-json\/wp\/v2\/pages"}],"about":[{"href":"https:\/\/www.abf.se\/orebro-lan\/wp-json\/wp\/v2\/types\/page"}],"author":[{"embeddable":true,"href":"https:\/\/www.abf.se\/orebro-lan\/wp-json\/wp\/v2\/users\/72"}],"replies":[{"embeddable":true,"href":"https:\/\/www.abf.se\/orebro-lan\/wp-json\/wp\/v2\/comments?post=232"}],"version-history":[{"count":14,"href":"https:\/\/www.abf.se\/orebro-lan\/wp-json\/wp\/v2\/pages\/232\/revisions"}],"predecessor-version":[{"id":2235,"href":"https:\/\/www.abf.se\/orebro-lan\/wp-json\/wp\/v2\/pages\/232\/revisions\/2235"}],"wp:attachment":[{"href":"https:\/\/www.abf.se\/orebro-lan\/wp-json\/wp\/v2\/media?parent=232"}],"curies":[{"name":"wp","href":"https:\/\/api.w.org\/{rel}","templated":true}]}}