{"id":263,"date":"2024-02-29T11:13:09","date_gmt":"2024-02-29T10:13:09","guid":{"rendered":"https:\/\/www.abf.se\/orebro-lan\/?page_id=263"},"modified":"2025-12-05T14:09:10","modified_gmt":"2025-12-05T13:09:10","slug":"vara-projekt","status":"publish","type":"page","link":"https:\/\/www.abf.se\/orebro-lan\/var-verksamhet\/vara-projekt\/","title":{"rendered":"V\u00e5ra projekt"},"content":{"rendered":"<div\n    class=\"acf-hero-block container-lg no-padding mb-12 js-geolocation\"\n    data-block=\"hero-block\"\n    data-index=\"0\"\n>\n    <div class=\"h-[548px]  relative rounded-[32px] overflow-hidden flex bg-gray-light\">\n        <div class=\"relative z-10 mt-auto h-auto w-full md:h-full\">\n            <div class=\"flex w-full h-full flex-col flex-wrap justify-end w-full md:w-7\/12 lg:w-1\/2 md:justify-center\">\n                <div class=\"flex flex-col gap-3 md:gap-[18px] md:transparent pt-16 pb-36 md:py-8 px-4 w-full md:max-w-[620px] mx-auto px-8\">\n\n                    <h1 class=\"hero-heading hero-heading--red-text\"><span>V\u00e5ra projekt<\/span><\/h1>\n\n                    \n                                    <\/div>\n            <\/div>\n        <\/div>\n\n                    <picture class=\"as-background-image mix-blend-multiply bg-black\/40\"><img decoding=\"async\" src=\"https:\/\/www.abf.se\/orebro-lan\/resized\/?url=https%3A%2F%2Fwww.abf.se%2Fwp-content%2Fuploads%2F2023%2F11%2FVerksamhet-tillsammans-liggande_IMGP.jpg&#038;fit=crop&#038;w=1440&#038;s=b7b1f12b490e425b64de1d41008127b7\" srcset=\"https:\/\/www.abf.se\/orebro-lan\/resized\/?url=https%3A%2F%2Fwww.abf.se%2Fwp-content%2Fuploads%2F2023%2F11%2FVerksamhet-tillsammans-liggande_IMGP.jpg&#038;fit=crop&#038;w=375&#038;h=540&#038;s=6781986b7da324c4fbfdd65af97a3552 375w, https:\/\/www.abf.se\/orebro-lan\/resized\/?url=https%3A%2F%2Fwww.abf.se%2Fwp-content%2Fuploads%2F2023%2F11%2FVerksamhet-tillsammans-liggande_IMGP.jpg&#038;fit=crop&#038;w=447&#038;h=540&#038;s=b57f7ea638ba5cf984c40aef39c676fd 447w, https:\/\/www.abf.se\/orebro-lan\/resized\/?url=https%3A%2F%2Fwww.abf.se%2Fwp-content%2Fuploads%2F2023%2F11%2FVerksamhet-tillsammans-liggande_IMGP.jpg&#038;fit=crop&#038;w=519&#038;h=540&#038;s=852d1a39ba545420437051acda7a5774 519w, https:\/\/www.abf.se\/orebro-lan\/resized\/?url=https%3A%2F%2Fwww.abf.se%2Fwp-content%2Fuploads%2F2023%2F11%2FVerksamhet-tillsammans-liggande_IMGP.jpg&#038;fit=crop&#038;w=591&#038;h=540&#038;s=7b39ae1f1c5fa825cb264b5f2ef35264 591w, https:\/\/www.abf.se\/orebro-lan\/resized\/?url=https%3A%2F%2Fwww.abf.se%2Fwp-content%2Fuploads%2F2023%2F11%2FVerksamhet-tillsammans-liggande_IMGP.jpg&#038;fit=crop&#038;w=663&#038;h=540&#038;s=9eb4506ecf8d6789e565882688dc61b7 663w, https:\/\/www.abf.se\/orebro-lan\/resized\/?url=https%3A%2F%2Fwww.abf.se%2Fwp-content%2Fuploads%2F2023%2F11%2FVerksamhet-tillsammans-liggande_IMGP.jpg&#038;fit=crop&#038;w=750&#038;h=540&#038;s=0dee52d02ef3986c1bbb50aae1a5d0f3 750w, https:\/\/www.abf.se\/orebro-lan\/resized\/?url=https%3A%2F%2Fwww.abf.se%2Fwp-content%2Fuploads%2F2023%2F11%2FVerksamhet-tillsammans-liggande_IMGP.jpg&#038;fit=crop&#038;w=894&#038;h=540&#038;s=c67938f0fe7baad6ae4a241e8a86c188 894w, https:\/\/www.abf.se\/orebro-lan\/resized\/?url=https%3A%2F%2Fwww.abf.se%2Fwp-content%2Fuploads%2F2023%2F11%2FVerksamhet-tillsammans-liggande_IMGP.jpg&#038;fit=crop&#038;w=1038&#038;h=540&#038;s=95740a27a26d5c16931eb22b6b1367bd 1038w, https:\/\/www.abf.se\/orebro-lan\/resized\/?url=https%3A%2F%2Fwww.abf.se%2Fwp-content%2Fuploads%2F2023%2F11%2FVerksamhet-tillsammans-liggande_IMGP.jpg&#038;fit=crop&#038;w=1182&#038;h=540&#038;s=b7872c3f89c9626b6141d1e5da25c704 1182w, https:\/\/www.abf.se\/orebro-lan\/resized\/?url=https%3A%2F%2Fwww.abf.se%2Fwp-content%2Fuploads%2F2023%2F11%2FVerksamhet-tillsammans-liggande_IMGP.jpg&#038;fit=crop&#038;w=1326&#038;h=540&#038;s=aecf05e31ee191944c78e4decbbaef1d 1326w, https:\/\/www.abf.se\/orebro-lan\/resized\/?url=https%3A%2F%2Fwww.abf.se%2Fwp-content%2Fuploads%2F2023%2F11%2FVerksamhet-tillsammans-liggande_IMGP.jpg&#038;fit=crop&#038;w=1440&#038;h=540&#038;s=762b90c9d5e2acfe7aee083f4f60586c 1440w\" alt=\"\" height=\"540\" width=\"1440\" sizes=\"(max-width: 1440px) calc(100vw - 32px), 1440px\" loading=\"eager\" fetchpriority=\"high\" aria-hidden=\"true\" role=\"presentation\" \/><\/picture>\n        \n\n            <\/div>\n\n    <\/div>\n\n<div\n    class=\"acf-plain-heading-block container my-16\"\n    data-block=\"plain-heading-block\"\n>\n    <div class=\"max-w-[658px] mx-auto\">\n                            <p class=\"mt-8 body-xl text-black\">\n                Ut\u00f6ver studiecirklar, kulturarrangemang och annan folkbildning bedriver ABF \u00d6rebro l\u00e4n tidsbunden verksamhet i projektform.<br \/>\r\nH\u00e4r kan du l\u00e4sa om v\u00e5ra p\u00e5g\u00e5ende projekt men \u00e4ven ta del av v\u00e5ra avslutade projekt.\n            <\/p>\n            <\/div>\n<\/div>\n<div\n    class=\"acf-quick-link-block bg-red py-12 md:py-20\"\n    data-block=\"quick-link-block\"\n>\n    <div class=\"container\">\n                    <h2 class=\"heading-lg mb-7 text-center text-white\">\n                V\u00e5ra projekt\n            <\/h2>\n        \n        <div\n            class=\"px-5 content:px-0 grid grid-cols-1 gap-8 lg:grid-cols-3\">\n            \n            <article\nclass=\"round-corners-sm p-6 relative group grid grid-rows-[subgrid] row-[span_3] gap-4 bg-white text-red\"\n>\n            <h3\n        class=\"heading-sm group-hover:underline text-red\">\n            <a href=\"https:\/\/www.abf.se\/orebro-lan\/var-verksamhet\/vara-projekt\/krisberedskap\/\" class=\"expanded-hit-area\" target=\"\">\n                Krisberedskap\n            <\/a>\n        <\/h3>\n            <figure\n    class=\"w-[38px] h-[38px] rounded-full p-2 group-hover:scale-110 transition-transform duration-300 self-end pointer-events-none bg-red text-white\">\n        <svg width=\"20\" height=\"20\" viewBox=\"0 0 20 20\" fill=\"none\" class=\"SvgIconElement\">\n<path d=\"M4.16659 10L15.8333 10\" stroke=\"currentColor\"\/>\n<path d=\"M9.99992 4.1665L15.8333 9.99984L9.99992 15.8332\" stroke=\"currentColor\"\/>\n<\/svg>\n    <\/figure>\n<\/article>            \n            <article\nclass=\"round-corners-sm p-6 relative group grid grid-rows-[subgrid] row-[span_3] gap-4 bg-white text-red\"\n>\n            <h3\n        class=\"heading-sm group-hover:underline text-red\">\n            <a href=\"https:\/\/www.abf.se\/orebro-lan\/var-verksamhet\/vara-projekt\/just4all-for-en-rattvis-overgang-i-europa\/\" class=\"expanded-hit-area\" target=\"\">\n                Just4All &#8211; F\u00f6r en r\u00e4ttvis \u00f6verg\u00e5ng i Europa\n            <\/a>\n        <\/h3>\n            <figure\n    class=\"w-[38px] h-[38px] rounded-full p-2 group-hover:scale-110 transition-transform duration-300 self-end pointer-events-none bg-red text-white\">\n        <svg width=\"20\" height=\"20\" viewBox=\"0 0 20 20\" fill=\"none\" class=\"SvgIconElement\">\n<path d=\"M4.16659 10L15.8333 10\" stroke=\"currentColor\"\/>\n<path d=\"M9.99992 4.1665L15.8333 9.99984L9.99992 15.8332\" stroke=\"currentColor\"\/>\n<\/svg>\n    <\/figure>\n<\/article>            \n            <article\nclass=\"round-corners-sm p-6 relative group grid grid-rows-[subgrid] row-[span_3] gap-4 bg-white text-red\"\n>\n            <h3\n        class=\"heading-sm group-hover:underline text-red\">\n            <a href=\"https:\/\/www.abf.se\/orebro-lan\/var-verksamhet\/vara-projekt\/leaderprojektet-konst-i-bergslagen\/\" class=\"expanded-hit-area\" target=\"\">\n                Leaderprojektet Konst i Bergslagen\n            <\/a>\n        <\/h3>\n            <figure\n    class=\"w-[38px] h-[38px] rounded-full p-2 group-hover:scale-110 transition-transform duration-300 self-end pointer-events-none bg-red text-white\">\n        <svg width=\"20\" height=\"20\" viewBox=\"0 0 20 20\" fill=\"none\" class=\"SvgIconElement\">\n<path d=\"M4.16659 10L15.8333 10\" stroke=\"currentColor\"\/>\n<path d=\"M9.99992 4.1665L15.8333 9.99984L9.99992 15.8332\" stroke=\"currentColor\"\/>\n<\/svg>\n    <\/figure>\n<\/article>                    <\/div>\n    <\/div>\n<\/div>\n<div\n    class=\"acf-quick-link-block bg-red py-12 md:py-20\"\n    data-block=\"quick-link-block\"\n>\n    <div class=\"container\">\n                    <h2 class=\"heading-lg mb-7 text-center text-white\">\n                V\u00e5ra avslutade projekt\n            <\/h2>\n        \n        <div\n            class=\"px-5 content:px-0 grid grid-cols-1 gap-8 md:grid-cols-2 lg:grid-cols-4\">\n            \n            <article\nclass=\"round-corners-sm p-6 relative group grid grid-rows-[subgrid] row-[span_3] gap-4 bg-white text-red\"\n>\n            <h3\n        class=\"heading-sm group-hover:underline text-red\">\n            <a href=\"https:\/\/www.abf.se\/orebro-lan\/var-verksamhet\/vara-projekt\/avslutade-projekt\/care-for-you-fast-care-forward\/\" class=\"expanded-hit-area\" target=\"\">\n                Care For You \/ Fast Care Forward\n            <\/a>\n        <\/h3>\n            <figure\n    class=\"w-[38px] h-[38px] rounded-full p-2 group-hover:scale-110 transition-transform duration-300 self-end pointer-events-none bg-red text-white\">\n        <svg width=\"20\" height=\"20\" viewBox=\"0 0 20 20\" fill=\"none\" class=\"SvgIconElement\">\n<path d=\"M4.16659 10L15.8333 10\" stroke=\"currentColor\"\/>\n<path d=\"M9.99992 4.1665L15.8333 9.99984L9.99992 15.8332\" stroke=\"currentColor\"\/>\n<\/svg>\n    <\/figure>\n<\/article>            \n            <article\nclass=\"round-corners-sm p-6 relative group grid grid-rows-[subgrid] row-[span_3] gap-4 bg-white text-red\"\n>\n            <h3\n        class=\"heading-sm group-hover:underline text-red\">\n            <a href=\"https:\/\/www.abf.se\/orebro-lan\/var-verksamhet\/vara-projekt\/avslutade-projekt\/projekt-kannbart\/\" class=\"expanded-hit-area\" target=\"\">\n                Projekt K\u00e4nnbart\n            <\/a>\n        <\/h3>\n            <figure\n    class=\"w-[38px] h-[38px] rounded-full p-2 group-hover:scale-110 transition-transform duration-300 self-end pointer-events-none bg-red text-white\">\n        <svg width=\"20\" height=\"20\" viewBox=\"0 0 20 20\" fill=\"none\" class=\"SvgIconElement\">\n<path d=\"M4.16659 10L15.8333 10\" stroke=\"currentColor\"\/>\n<path d=\"M9.99992 4.1665L15.8333 9.99984L9.99992 15.8332\" stroke=\"currentColor\"\/>\n<\/svg>\n    <\/figure>\n<\/article>            \n            <article\nclass=\"round-corners-sm p-6 relative group grid grid-rows-[subgrid] row-[span_3] gap-4 bg-white text-red\"\n>\n            <h3\n        class=\"heading-sm group-hover:underline text-red\">\n            <a href=\"https:\/\/www.abf.se\/orebro-lan\/var-verksamhet\/vara-projekt\/avslutade-projekt\/we-sign-folkbildning-pa-teckensprak\/\" class=\"expanded-hit-area\" target=\"\">\n                We Sign \u2013 Folkbildning p\u00e5 teckenspr\u00e5k\n            <\/a>\n        <\/h3>\n            <figure\n    class=\"w-[38px] h-[38px] rounded-full p-2 group-hover:scale-110 transition-transform duration-300 self-end pointer-events-none bg-red text-white\">\n        <svg width=\"20\" height=\"20\" viewBox=\"0 0 20 20\" fill=\"none\" class=\"SvgIconElement\">\n<path d=\"M4.16659 10L15.8333 10\" stroke=\"currentColor\"\/>\n<path d=\"M9.99992 4.1665L15.8333 9.99984L9.99992 15.8332\" stroke=\"currentColor\"\/>\n<\/svg>\n    <\/figure>\n<\/article>            \n            <article\nclass=\"round-corners-sm p-6 relative group grid grid-rows-[subgrid] row-[span_3] gap-4 bg-white text-red\"\n>\n            <h3\n        class=\"heading-sm group-hover:underline text-red\">\n            <a href=\"https:\/\/www.abf.se\/orebro-lan\/var-verksamhet\/vara-projekt\/avslutade-projekt\/trappan-resurs-center\/\" class=\"expanded-hit-area\" target=\"\">\n                Trappan Resurs Center\n            <\/a>\n        <\/h3>\n            <figure\n    class=\"w-[38px] h-[38px] rounded-full p-2 group-hover:scale-110 transition-transform duration-300 self-end pointer-events-none bg-red text-white\">\n        <svg width=\"20\" height=\"20\" viewBox=\"0 0 20 20\" fill=\"none\" class=\"SvgIconElement\">\n<path d=\"M4.16659 10L15.8333 10\" stroke=\"currentColor\"\/>\n<path d=\"M9.99992 4.1665L15.8333 9.99984L9.99992 15.8332\" stroke=\"currentColor\"\/>\n<\/svg>\n    <\/figure>\n<\/article>                    <\/div>\n    <\/div>\n<\/div>\n","protected":false},"excerpt":{"rendered":"","protected":false},"author":72,"featured_media":0,"parent":232,"menu_order":0,"comment_status":"closed","ping_status":"closed","template":"","meta":{"_acf_changed":false,"footnotes":""},"class_list":["post-263","page","type-page","status-publish","hentry"],"acf":[],"yoast_head":"<!-- This site is optimized with the Yoast SEO plugin v27.0 - https:\/\/yoast.com\/product\/yoast-seo-wordpress\/ -->\n<title>V\u00e5ra projekt - ABF \u00d6rebro l\u00e4n<\/title>\n<meta name=\"description\" content=\"H\u00e4r hittar du information om v\u00e5ra projekt! Ut\u00f6ver v\u00e5r ordinarie verksamhet bedriver ABF \u00d6rebro l\u00e4n tidsbunden verksamhet i projektform.\" \/>\n<meta name=\"robots\" content=\"index, follow, max-snippet:-1, max-image-preview:large, max-video-preview:-1\" \/>\n<link rel=\"canonical\" href=\"https:\/\/www.abf.se\/orebro-lan\/var-verksamhet\/vara-projekt\/\" \/>\n<meta property=\"og:locale\" content=\"sv_SE\" \/>\n<meta property=\"og:type\" content=\"article\" \/>\n<meta property=\"og:title\" content=\"V\u00e5ra projekt - ABF \u00d6rebro l\u00e4n\" \/>\n<meta property=\"og:description\" content=\"H\u00e4r hittar du information om v\u00e5ra projekt! Ut\u00f6ver v\u00e5r ordinarie verksamhet bedriver ABF \u00d6rebro l\u00e4n tidsbunden verksamhet i projektform.\" \/>\n<meta property=\"og:url\" content=\"https:\/\/www.abf.se\/orebro-lan\/var-verksamhet\/vara-projekt\/\" \/>\n<meta property=\"og:site_name\" content=\"\u00d6rebro l\u00e4n\" \/>\n<meta property=\"article:modified_time\" content=\"2025-12-05T13:09:10+00:00\" \/>\n<meta property=\"og:image\" content=\"https:\/\/www.abf.se\/wp-content\/uploads\/sites\/63\/2024\/04\/Nyckeln-liggande-scaled.jpg\" \/>\n\t<meta property=\"og:image:width\" content=\"2560\" \/>\n\t<meta property=\"og:image:height\" content=\"1440\" \/>\n\t<meta property=\"og:image:type\" content=\"image\/jpeg\" \/>\n<meta name=\"twitter:card\" content=\"summary_large_image\" \/>\n<script type=\"application\/ld+json\" class=\"yoast-schema-graph\">{\"@context\":\"https:\/\/schema.org\",\"@graph\":[{\"@type\":\"WebPage\",\"@id\":\"https:\/\/www.abf.se\/orebro-lan\/var-verksamhet\/vara-projekt\/\",\"url\":\"https:\/\/www.abf.se\/orebro-lan\/var-verksamhet\/vara-projekt\/\",\"name\":\"V\u00e5ra projekt - ABF \u00d6rebro l\u00e4n\",\"isPartOf\":{\"@id\":\"https:\/\/www.abf.se\/orebro-lan\/#website\"},\"datePublished\":\"2024-02-29T10:13:09+00:00\",\"dateModified\":\"2025-12-05T13:09:10+00:00\",\"description\":\"H\u00e4r hittar du information om v\u00e5ra projekt! Ut\u00f6ver v\u00e5r ordinarie verksamhet bedriver ABF \u00d6rebro l\u00e4n tidsbunden verksamhet i projektform.\",\"breadcrumb\":{\"@id\":\"https:\/\/www.abf.se\/orebro-lan\/var-verksamhet\/vara-projekt\/#breadcrumb\"},\"inLanguage\":\"sv-SE\",\"potentialAction\":[{\"@type\":\"ReadAction\",\"target\":[\"https:\/\/www.abf.se\/orebro-lan\/var-verksamhet\/vara-projekt\/\"]}]},{\"@type\":\"BreadcrumbList\",\"@id\":\"https:\/\/www.abf.se\/orebro-lan\/var-verksamhet\/vara-projekt\/#breadcrumb\",\"itemListElement\":[{\"@type\":\"ListItem\",\"position\":1,\"name\":\"Home\",\"item\":\"https:\/\/www.abf.se\/orebro-lan\/\"},{\"@type\":\"ListItem\",\"position\":2,\"name\":\"V\u00e5r verksamhet\",\"item\":\"https:\/\/www.abf.se\/orebro-lan\/var-verksamhet\/\"},{\"@type\":\"ListItem\",\"position\":3,\"name\":\"V\u00e5ra projekt\"}]},{\"@type\":\"WebSite\",\"@id\":\"https:\/\/www.abf.se\/orebro-lan\/#website\",\"url\":\"https:\/\/www.abf.se\/orebro-lan\/\",\"name\":\"\u00d6rebro l\u00e4n\",\"description\":\"\",\"potentialAction\":[{\"@type\":\"SearchAction\",\"target\":{\"@type\":\"EntryPoint\",\"urlTemplate\":\"https:\/\/www.abf.se\/orebro-lan\/?s={search_term_string}\"},\"query-input\":{\"@type\":\"PropertyValueSpecification\",\"valueRequired\":true,\"valueName\":\"search_term_string\"}}],\"inLanguage\":\"sv-SE\"}]}<\/script>\n<!-- \/ Yoast SEO plugin. -->","yoast_head_json":{"title":"V\u00e5ra projekt - ABF \u00d6rebro l\u00e4n","description":"H\u00e4r hittar du information om v\u00e5ra projekt! Ut\u00f6ver v\u00e5r ordinarie verksamhet bedriver ABF \u00d6rebro l\u00e4n tidsbunden verksamhet i projektform.","robots":{"index":"index","follow":"follow","max-snippet":"max-snippet:-1","max-image-preview":"max-image-preview:large","max-video-preview":"max-video-preview:-1"},"canonical":"https:\/\/www.abf.se\/orebro-lan\/var-verksamhet\/vara-projekt\/","og_locale":"sv_SE","og_type":"article","og_title":"V\u00e5ra projekt - ABF \u00d6rebro l\u00e4n","og_description":"H\u00e4r hittar du information om v\u00e5ra projekt! Ut\u00f6ver v\u00e5r ordinarie verksamhet bedriver ABF \u00d6rebro l\u00e4n tidsbunden verksamhet i projektform.","og_url":"https:\/\/www.abf.se\/orebro-lan\/var-verksamhet\/vara-projekt\/","og_site_name":"\u00d6rebro l\u00e4n","article_modified_time":"2025-12-05T13:09:10+00:00","og_image":[{"width":2560,"height":1440,"url":"https:\/\/www.abf.se\/wp-content\/uploads\/sites\/63\/2024\/04\/Nyckeln-liggande-scaled.jpg","type":"image\/jpeg"}],"twitter_card":"summary_large_image","schema":{"@context":"https:\/\/schema.org","@graph":[{"@type":"WebPage","@id":"https:\/\/www.abf.se\/orebro-lan\/var-verksamhet\/vara-projekt\/","url":"https:\/\/www.abf.se\/orebro-lan\/var-verksamhet\/vara-projekt\/","name":"V\u00e5ra projekt - ABF \u00d6rebro l\u00e4n","isPartOf":{"@id":"https:\/\/www.abf.se\/orebro-lan\/#website"},"datePublished":"2024-02-29T10:13:09+00:00","dateModified":"2025-12-05T13:09:10+00:00","description":"H\u00e4r hittar du information om v\u00e5ra projekt! Ut\u00f6ver v\u00e5r ordinarie verksamhet bedriver ABF \u00d6rebro l\u00e4n tidsbunden verksamhet i projektform.","breadcrumb":{"@id":"https:\/\/www.abf.se\/orebro-lan\/var-verksamhet\/vara-projekt\/#breadcrumb"},"inLanguage":"sv-SE","potentialAction":[{"@type":"ReadAction","target":["https:\/\/www.abf.se\/orebro-lan\/var-verksamhet\/vara-projekt\/"]}]},{"@type":"BreadcrumbList","@id":"https:\/\/www.abf.se\/orebro-lan\/var-verksamhet\/vara-projekt\/#breadcrumb","itemListElement":[{"@type":"ListItem","position":1,"name":"Home","item":"https:\/\/www.abf.se\/orebro-lan\/"},{"@type":"ListItem","position":2,"name":"V\u00e5r verksamhet","item":"https:\/\/www.abf.se\/orebro-lan\/var-verksamhet\/"},{"@type":"ListItem","position":3,"name":"V\u00e5ra projekt"}]},{"@type":"WebSite","@id":"https:\/\/www.abf.se\/orebro-lan\/#website","url":"https:\/\/www.abf.se\/orebro-lan\/","name":"\u00d6rebro l\u00e4n","description":"","potentialAction":[{"@type":"SearchAction","target":{"@type":"EntryPoint","urlTemplate":"https:\/\/www.abf.se\/orebro-lan\/?s={search_term_string}"},"query-input":{"@type":"PropertyValueSpecification","valueRequired":true,"valueName":"search_term_string"}}],"inLanguage":"sv-SE"}]}},"_links":{"self":[{"href":"https:\/\/www.abf.se\/orebro-lan\/wp-json\/wp\/v2\/pages\/263","targetHints":{"allow":["GET"]}}],"collection":[{"href":"https:\/\/www.abf.se\/orebro-lan\/wp-json\/wp\/v2\/pages"}],"about":[{"href":"https:\/\/www.abf.se\/orebro-lan\/wp-json\/wp\/v2\/types\/page"}],"author":[{"embeddable":true,"href":"https:\/\/www.abf.se\/orebro-lan\/wp-json\/wp\/v2\/users\/72"}],"replies":[{"embeddable":true,"href":"https:\/\/www.abf.se\/orebro-lan\/wp-json\/wp\/v2\/comments?post=263"}],"version-history":[{"count":13,"href":"https:\/\/www.abf.se\/orebro-lan\/wp-json\/wp\/v2\/pages\/263\/revisions"}],"predecessor-version":[{"id":2193,"href":"https:\/\/www.abf.se\/orebro-lan\/wp-json\/wp\/v2\/pages\/263\/revisions\/2193"}],"up":[{"embeddable":true,"href":"https:\/\/www.abf.se\/orebro-lan\/wp-json\/wp\/v2\/pages\/232"}],"wp:attachment":[{"href":"https:\/\/www.abf.se\/orebro-lan\/wp-json\/wp\/v2\/media?parent=263"}],"curies":[{"name":"wp","href":"https:\/\/api.w.org\/{rel}","templated":true}]}}