{"id":359,"date":"2024-03-14T14:09:09","date_gmt":"2024-03-14T13:09:09","guid":{"rendered":"https:\/\/www.abf.se\/orebro-lan\/?page_id=359"},"modified":"2024-03-21T15:32:05","modified_gmt":"2024-03-21T14:32:05","slug":"trappan-resurs-center","status":"publish","type":"page","link":"https:\/\/www.abf.se\/orebro-lan\/var-verksamhet\/vara-projekt\/trappan-resurs-center\/","title":{"rendered":"Trappan Resurs Center"},"content":{"rendered":"<div\n    class=\"acf-hero-block container-lg no-padding mb-12 js-geolocation\"\n    data-block=\"hero-block\"\n    data-index=\"0\"\n>\n    <div class=\"h-[548px]  relative rounded-[32px] overflow-hidden flex bg-gray-light\">\n        <div class=\"relative z-10 mt-auto h-auto w-full md:h-full\">\n            <div class=\"flex w-full h-full flex-col flex-wrap justify-end w-full md:w-7\/12 lg:w-1\/2 md:justify-center\">\n                <div class=\"flex flex-col gap-3 md:gap-[18px] md:transparent pt-16 pb-36 md:py-8 px-4 w-full md:max-w-[620px] mx-auto px-8\">\n\n                    <h1 class=\"hero-heading hero-heading--red-text\"><span>Projektet Trappan Resurs Center<\/span><\/h1>\n\n                    \n                                    <\/div>\n            <\/div>\n        <\/div>\n\n                    <picture class=\"as-background-image mix-blend-multiply bg-black\/40\"><img decoding=\"async\" src=\"https:\/\/www.abf.se\/orebro-lan\/resized\/?url=https%3A%2F%2Fwww.abf.se%2Fwp-content%2Fuploads%2F2023%2F11%2FTrion-liggande_IMGP.jpg&#038;fit=crop&#038;w=1440&#038;s=a7f51792ec937614cb940e79b276ba83\" srcset=\"https:\/\/www.abf.se\/orebro-lan\/resized\/?url=https%3A%2F%2Fwww.abf.se%2Fwp-content%2Fuploads%2F2023%2F11%2FTrion-liggande_IMGP.jpg&#038;fit=crop&#038;w=375&#038;h=540&#038;s=4668a83b67c9deaae527b55fbc9f952b 375w, https:\/\/www.abf.se\/orebro-lan\/resized\/?url=https%3A%2F%2Fwww.abf.se%2Fwp-content%2Fuploads%2F2023%2F11%2FTrion-liggande_IMGP.jpg&#038;fit=crop&#038;w=447&#038;h=540&#038;s=2009488c0d55ee71ac88a4d484aaa970 447w, https:\/\/www.abf.se\/orebro-lan\/resized\/?url=https%3A%2F%2Fwww.abf.se%2Fwp-content%2Fuploads%2F2023%2F11%2FTrion-liggande_IMGP.jpg&#038;fit=crop&#038;w=519&#038;h=540&#038;s=391c729f7f81bf498a4f6dac2ecf8d89 519w, https:\/\/www.abf.se\/orebro-lan\/resized\/?url=https%3A%2F%2Fwww.abf.se%2Fwp-content%2Fuploads%2F2023%2F11%2FTrion-liggande_IMGP.jpg&#038;fit=crop&#038;w=591&#038;h=540&#038;s=fa3e578ddcac5e4a3bdf5ffc0e1898b8 591w, https:\/\/www.abf.se\/orebro-lan\/resized\/?url=https%3A%2F%2Fwww.abf.se%2Fwp-content%2Fuploads%2F2023%2F11%2FTrion-liggande_IMGP.jpg&#038;fit=crop&#038;w=663&#038;h=540&#038;s=892cb72cbbbda1dfe22b7109ec27c2e6 663w, https:\/\/www.abf.se\/orebro-lan\/resized\/?url=https%3A%2F%2Fwww.abf.se%2Fwp-content%2Fuploads%2F2023%2F11%2FTrion-liggande_IMGP.jpg&#038;fit=crop&#038;w=750&#038;h=540&#038;s=b75e1d8aa29fdd449eca18014c44ba38 750w, https:\/\/www.abf.se\/orebro-lan\/resized\/?url=https%3A%2F%2Fwww.abf.se%2Fwp-content%2Fuploads%2F2023%2F11%2FTrion-liggande_IMGP.jpg&#038;fit=crop&#038;w=894&#038;h=540&#038;s=9663f7a36d5d673ae0dc9f9e178751de 894w, https:\/\/www.abf.se\/orebro-lan\/resized\/?url=https%3A%2F%2Fwww.abf.se%2Fwp-content%2Fuploads%2F2023%2F11%2FTrion-liggande_IMGP.jpg&#038;fit=crop&#038;w=1038&#038;h=540&#038;s=09f963809e47dd53e60a593a992e7513 1038w, https:\/\/www.abf.se\/orebro-lan\/resized\/?url=https%3A%2F%2Fwww.abf.se%2Fwp-content%2Fuploads%2F2023%2F11%2FTrion-liggande_IMGP.jpg&#038;fit=crop&#038;w=1182&#038;h=540&#038;s=6205cd001d0d50afd895886e0038fd33 1182w, https:\/\/www.abf.se\/orebro-lan\/resized\/?url=https%3A%2F%2Fwww.abf.se%2Fwp-content%2Fuploads%2F2023%2F11%2FTrion-liggande_IMGP.jpg&#038;fit=crop&#038;w=1326&#038;h=540&#038;s=ef7431775355fe5a163295b043cb2b2c 1326w, https:\/\/www.abf.se\/orebro-lan\/resized\/?url=https%3A%2F%2Fwww.abf.se%2Fwp-content%2Fuploads%2F2023%2F11%2FTrion-liggande_IMGP.jpg&#038;fit=crop&#038;w=1440&#038;h=540&#038;s=fa6d9f2675fd4b9b979174cbcaff02aa 1440w\" alt=\"\" height=\"540\" width=\"1440\" sizes=\"(max-width: 1440px) calc(100vw - 32px), 1440px\" loading=\"eager\" fetchpriority=\"high\" aria-hidden=\"true\" role=\"presentation\" \/><\/picture>\n        \n\n            <\/div>\n\n    <\/div>\n\n<div\n    class=\"acf-article-text-block article-container my-12\"\n    data-block=\"article-text-block\"\n>\n    <div class=\"wysiwyg\">\n        <h3>P\u00e5 Trappan Resurscenter tog vi emot kvinnor som ville l\u00e4ra sig mer om hur det svenska samh\u00e4llet och den svenska arbetsmarknaden fungerar.<\/h3>\n<p>Projektet Trappan drevs av ABF i samarbete med \u00d6rebro kommun, Arbetsf\u00f6rmedlingen, \u00d6bo och Region \u00d6rebro l\u00e4n och finansierades av Europeiska socialfonden. Syftet med verksamheten var att ge utlandsf\u00f6dda kvinnor de verktyg de beh\u00f6ver f\u00f6r att ta sig ut p\u00e5 arbetsmarknaden.<\/p>\n<p>Trappan var ett utbildningsprogram d\u00e4r deltagarna studerar svenska och samh\u00e4llskunskap, samtidigt som de f\u00e5r diskutera, och planera sin framtid tillsammans med handledare och volont\u00e4rer. Studierna varvades med praktik d\u00e4r alla deltagare fick m\u00f6jlighet att prova olika yrken p\u00e5 flera olika arbetsplatser i \u00d6rebro.<\/p>\n<p>Alla som ville fick delta i trappan, att alla skulle kunna ta del av kunskap och information som beh\u00f6vs f\u00f6r att vara en aktiv del av samh\u00e4llet var v\u00e5r m\u00e5lbild.<\/p>\n<p>M\u00e5let var att alla deltagare p\u00e5 Trappan skulle f\u00e5 b\u00e4ttre sj\u00e4lvf\u00f6rtroende, b\u00e5de i det svenska spr\u00e5ket och i det svenska samh\u00e4llet, ett bredare kontaktn\u00e4t och en tydlig plan f\u00f6r sin framtid.<\/p>\n\n    <\/div>\n<\/div>\n<div\n        class=\"acf-article-video-block article-container-lg my-12 external-video\"\n        data-block=\"article-video-block\"\n    >\n                    <h2 class=\"heading-md mb-3 text-black\">Methods Trappan Resurscenter<\/h2>\n                \n                    <iframe loading=\"lazy\" title=\"Methods Trappan resurscenter sv\" width=\"500\" height=\"281\" src=\"https:\/\/www.youtube.com\/embed\/OUzcvtYGTSY?feature=oembed\" frameborder=\"0\" allow=\"accelerometer; autoplay; clipboard-write; encrypted-media; gyroscope; picture-in-picture; web-share\" referrerpolicy=\"strict-origin-when-cross-origin\" allowfullscreen><\/iframe>\n                            <\/div>\n<div class=\"my-8 container-lg acf-link-block\" data-block=\"link-block\" class=\"acf-link-block\" data-block=\"link-block\">\n    <div class=\"w-full bg-red  round-corners-lg px-4 md:px-8 py-11 md:py-16\">\n        <h2 class=\"heading-lg mb-7 text-center text-white\">\n            Mediabevakning av projektet\n        <\/h2>\n            <ul class=\"grid grid-cols-1 gap-x-4 gap-y-3 md:grid-cols-2\">\n                                                        <li>\n                        <a\n    class=\"large-button-link\"\n    href=\"https:\/\/www.svt.se\/nyheter\/lokalt\/orebro\/har-far-kvinnorna-hjalp-ut-i-arbetslivet\"\n    target=\"\"\n>\n    <span class=\"flex-1\">Reportage fr\u00e5n SVT \u00d6rebro: &quot;H\u00e4r f\u00e5r kvinnorna hj\u00e4lp ut i arbetslivet&quot;<\/span>\n\n    <figure\n        aria-hidden=\"true\"\n        class=\"w-5\"\n    >\n                    <svg width=\"20\" height=\"20\" viewBox=\"0 0 20 20\" fill=\"none\" class=\"SvgIconElement\">\n<path d=\"M4.16659 10L15.8333 10\" stroke=\"currentColor\"\/>\n<path d=\"M9.99992 4.1665L15.8333 9.99984L9.99992 15.8332\" stroke=\"currentColor\"\/>\n<\/svg>\n            <\/figure>\n<\/a>\n                    <\/li>\n                                                        <li>\n                        <a\n    class=\"large-button-link\"\n    href=\"https:\/\/www.svt.se\/nyheter\/lokalt\/orebro\/kurser-i-samhallskunskap-och-svenska-hjalpte-kvinnor-att-fa-jobb\"\n    target=\"\"\n>\n    <span class=\"flex-1\">Projektet Trappan gav Ismahana jobb: &quot;Vi har k\u00e4mpat&quot;<\/span>\n\n    <figure\n        aria-hidden=\"true\"\n        class=\"w-5\"\n    >\n                    <svg width=\"20\" height=\"20\" viewBox=\"0 0 20 20\" fill=\"none\" class=\"SvgIconElement\">\n<path d=\"M4.16659 10L15.8333 10\" stroke=\"currentColor\"\/>\n<path d=\"M9.99992 4.1665L15.8333 9.99984L9.99992 15.8332\" stroke=\"currentColor\"\/>\n<\/svg>\n            <\/figure>\n<\/a>\n                    <\/li>\n                            <\/ul>\n        <\/ul>\n    <\/div>\n<\/div><div\n    class=\"acf-article-image-block mb-12 article-container-lg\"\n    data-block=\"article-image-block\"\n>\n<div class=\"\">\n\n        <figure>\n        \n            <picture class=\"round-corners-lg w-full\"><img decoding=\"async\" src=\"https:\/\/www.abf.se\/orebro-lan\/resized\/?url=https%3A%2F%2Fwww.abf.se%2Fwp-content%2Fuploads%2Fsites%2F63%2F2024%2F03%2Ftrappan-logos.jpg&#038;fit=contain&#038;w=788&#038;s=0ac62a1bff17b648005be1faac03fd71\" srcset=\"https:\/\/www.abf.se\/orebro-lan\/resized\/?url=https%3A%2F%2Fwww.abf.se%2Fwp-content%2Fuploads%2Fsites%2F63%2F2024%2F03%2Ftrappan-logos.jpg&#038;fit=contain&#038;w=375&#038;h=281&#038;s=081ab7c99f56743fe86b22997d6d4ebb 375w, https:\/\/www.abf.se\/orebro-lan\/resized\/?url=https%3A%2F%2Fwww.abf.se%2Fwp-content%2Fuploads%2Fsites%2F63%2F2024%2F03%2Ftrappan-logos.jpg&#038;fit=contain&#038;w=447&#038;h=335&#038;s=95e689fdcb35a51a97c0efba7c50460e 447w, https:\/\/www.abf.se\/orebro-lan\/resized\/?url=https%3A%2F%2Fwww.abf.se%2Fwp-content%2Fuploads%2Fsites%2F63%2F2024%2F03%2Ftrappan-logos.jpg&#038;fit=contain&#038;w=519&#038;h=389&#038;s=43af3a6b911863414e18a18de8dd8c9c 519w, https:\/\/www.abf.se\/orebro-lan\/resized\/?url=https%3A%2F%2Fwww.abf.se%2Fwp-content%2Fuploads%2Fsites%2F63%2F2024%2F03%2Ftrappan-logos.jpg&#038;fit=contain&#038;w=591&#038;h=443&#038;s=61b3a6bef2c52f7e6a071dbc1ddef6af 591w, https:\/\/www.abf.se\/orebro-lan\/resized\/?url=https%3A%2F%2Fwww.abf.se%2Fwp-content%2Fuploads%2Fsites%2F63%2F2024%2F03%2Ftrappan-logos.jpg&#038;fit=contain&#038;w=663&#038;h=497&#038;s=409141bdaa73b00f0c254a9a28ec582f 663w, https:\/\/www.abf.se\/orebro-lan\/resized\/?url=https%3A%2F%2Fwww.abf.se%2Fwp-content%2Fuploads%2Fsites%2F63%2F2024%2F03%2Ftrappan-logos.jpg&#038;fit=contain&#038;w=735&#038;h=551&#038;s=09329676b8faf0b29462e4619eef6294 735w, https:\/\/www.abf.se\/orebro-lan\/resized\/?url=https%3A%2F%2Fwww.abf.se%2Fwp-content%2Fuploads%2Fsites%2F63%2F2024%2F03%2Ftrappan-logos.jpg&#038;fit=contain&#038;w=750&#038;h=562&#038;s=17450296cc69559aa72a6da933eeef7c 750w, https:\/\/www.abf.se\/orebro-lan\/resized\/?url=https%3A%2F%2Fwww.abf.se%2Fwp-content%2Fuploads%2Fsites%2F63%2F2024%2F03%2Ftrappan-logos.jpg&#038;fit=contain&#038;w=788&#038;s=0ac62a1bff17b648005be1faac03fd71 788w, https:\/\/www.abf.se\/orebro-lan\/resized\/?url=https%3A%2F%2Fwww.abf.se%2Fwp-content%2Fuploads%2Fsites%2F63%2F2024%2F03%2Ftrappan-logos.jpg&#038;fit=contain&#038;w=894&#038;h=670&#038;s=a119733201be57d2a00590636ddbafc7 894w, https:\/\/www.abf.se\/orebro-lan\/resized\/?url=https%3A%2F%2Fwww.abf.se%2Fwp-content%2Fuploads%2Fsites%2F63%2F2024%2F03%2Ftrappan-logos.jpg&#038;fit=contain&#038;w=1038&#038;h=778&#038;s=2bd72d042e5cb045c3e9d0d4df6c335d 1038w, https:\/\/www.abf.se\/orebro-lan\/resized\/?url=https%3A%2F%2Fwww.abf.se%2Fwp-content%2Fuploads%2Fsites%2F63%2F2024%2F03%2Ftrappan-logos.jpg&#038;fit=contain&#038;w=1182&#038;h=886&#038;s=71ef666514d79a6f3db5bb6a96e26d4d 1182w, https:\/\/www.abf.se\/orebro-lan\/resized\/?url=https%3A%2F%2Fwww.abf.se%2Fwp-content%2Fuploads%2Fsites%2F63%2F2024%2F03%2Ftrappan-logos.jpg&#038;fit=contain&#038;w=1326&#038;h=994&#038;s=bd1636960df1f100c7cde74f1a13376a 1326w, https:\/\/www.abf.se\/orebro-lan\/resized\/?url=https%3A%2F%2Fwww.abf.se%2Fwp-content%2Fuploads%2Fsites%2F63%2F2024%2F03%2Ftrappan-logos.jpg&#038;fit=contain&#038;w=1470&#038;h=1102&#038;s=19e86bb54161d6c92b99cd4dcdb7309f 1470w\" alt=\"\" height=\"591\" width=\"788\" sizes=\"auto, (max-width: 768px) calc(100vw - 40px), 788px\" loading=\"lazy\" fetchpriority=\"low\" class=\"round-corners-lg w-full\" \/><\/picture>\n                        <\/figure>\n        <\/div>\n\n<\/div>\n","protected":false},"excerpt":{"rendered":"","protected":false},"author":72,"featured_media":0,"parent":263,"menu_order":0,"comment_status":"closed","ping_status":"closed","template":"","meta":{"_acf_changed":false,"footnotes":""},"class_list":["post-359","page","type-page","status-publish","hentry"],"acf":[],"yoast_head":"<!-- This site is optimized with the Yoast SEO plugin v27.0 - https:\/\/yoast.com\/product\/yoast-seo-wordpress\/ -->\n<title>Trappan Resurs Center - \u00d6rebro l\u00e4n<\/title>\n<meta name=\"robots\" content=\"index, follow, max-snippet:-1, max-image-preview:large, max-video-preview:-1\" \/>\n<link rel=\"canonical\" href=\"https:\/\/www.abf.se\/orebro-lan\/var-verksamhet\/vara-projekt\/trappan-resurs-center\/\" \/>\n<meta property=\"og:locale\" content=\"sv_SE\" \/>\n<meta property=\"og:type\" content=\"article\" \/>\n<meta property=\"og:title\" content=\"Trappan Resurs Center - \u00d6rebro l\u00e4n\" \/>\n<meta property=\"og:url\" content=\"https:\/\/www.abf.se\/orebro-lan\/var-verksamhet\/vara-projekt\/trappan-resurs-center\/\" \/>\n<meta property=\"og:site_name\" content=\"\u00d6rebro l\u00e4n\" \/>\n<meta property=\"article:modified_time\" content=\"2024-03-21T14:32:05+00:00\" \/>\n<meta property=\"og:image\" content=\"https:\/\/www.abf.se\/wp-content\/uploads\/sites\/63\/2024\/04\/Nyckeln-liggande-scaled.jpg\" \/>\n\t<meta property=\"og:image:width\" content=\"2560\" \/>\n\t<meta property=\"og:image:height\" content=\"1440\" \/>\n\t<meta property=\"og:image:type\" content=\"image\/jpeg\" \/>\n<meta name=\"twitter:card\" content=\"summary_large_image\" \/>\n<script type=\"application\/ld+json\" class=\"yoast-schema-graph\">{\"@context\":\"https:\/\/schema.org\",\"@graph\":[{\"@type\":\"WebPage\",\"@id\":\"https:\/\/www.abf.se\/orebro-lan\/var-verksamhet\/vara-projekt\/trappan-resurs-center\/\",\"url\":\"https:\/\/www.abf.se\/orebro-lan\/var-verksamhet\/vara-projekt\/trappan-resurs-center\/\",\"name\":\"Trappan Resurs Center - \u00d6rebro l\u00e4n\",\"isPartOf\":{\"@id\":\"https:\/\/www.abf.se\/orebro-lan\/#website\"},\"datePublished\":\"2024-03-14T13:09:09+00:00\",\"dateModified\":\"2024-03-21T14:32:05+00:00\",\"breadcrumb\":{\"@id\":\"https:\/\/www.abf.se\/orebro-lan\/var-verksamhet\/vara-projekt\/trappan-resurs-center\/#breadcrumb\"},\"inLanguage\":\"sv-SE\",\"potentialAction\":[{\"@type\":\"ReadAction\",\"target\":[\"https:\/\/www.abf.se\/orebro-lan\/var-verksamhet\/vara-projekt\/trappan-resurs-center\/\"]}]},{\"@type\":\"BreadcrumbList\",\"@id\":\"https:\/\/www.abf.se\/orebro-lan\/var-verksamhet\/vara-projekt\/trappan-resurs-center\/#breadcrumb\",\"itemListElement\":[{\"@type\":\"ListItem\",\"position\":1,\"name\":\"Home\",\"item\":\"https:\/\/www.abf.se\/orebro-lan\/\"},{\"@type\":\"ListItem\",\"position\":2,\"name\":\"V\u00e5r verksamhet\",\"item\":\"https:\/\/www.abf.se\/orebro-lan\/var-verksamhet\/\"},{\"@type\":\"ListItem\",\"position\":3,\"name\":\"V\u00e5ra projekt\",\"item\":\"https:\/\/www.abf.se\/orebro-lan\/var-verksamhet\/vara-projekt\/\"},{\"@type\":\"ListItem\",\"position\":4,\"name\":\"Trappan Resurs Center\"}]},{\"@type\":\"WebSite\",\"@id\":\"https:\/\/www.abf.se\/orebro-lan\/#website\",\"url\":\"https:\/\/www.abf.se\/orebro-lan\/\",\"name\":\"\u00d6rebro l\u00e4n\",\"description\":\"\",\"potentialAction\":[{\"@type\":\"SearchAction\",\"target\":{\"@type\":\"EntryPoint\",\"urlTemplate\":\"https:\/\/www.abf.se\/orebro-lan\/?s={search_term_string}\"},\"query-input\":{\"@type\":\"PropertyValueSpecification\",\"valueRequired\":true,\"valueName\":\"search_term_string\"}}],\"inLanguage\":\"sv-SE\"}]}<\/script>\n<!-- \/ Yoast SEO plugin. -->","yoast_head_json":{"title":"Trappan Resurs Center - \u00d6rebro l\u00e4n","robots":{"index":"index","follow":"follow","max-snippet":"max-snippet:-1","max-image-preview":"max-image-preview:large","max-video-preview":"max-video-preview:-1"},"canonical":"https:\/\/www.abf.se\/orebro-lan\/var-verksamhet\/vara-projekt\/trappan-resurs-center\/","og_locale":"sv_SE","og_type":"article","og_title":"Trappan Resurs Center - \u00d6rebro l\u00e4n","og_url":"https:\/\/www.abf.se\/orebro-lan\/var-verksamhet\/vara-projekt\/trappan-resurs-center\/","og_site_name":"\u00d6rebro l\u00e4n","article_modified_time":"2024-03-21T14:32:05+00:00","og_image":[{"width":2560,"height":1440,"url":"https:\/\/www.abf.se\/wp-content\/uploads\/sites\/63\/2024\/04\/Nyckeln-liggande-scaled.jpg","type":"image\/jpeg"}],"twitter_card":"summary_large_image","schema":{"@context":"https:\/\/schema.org","@graph":[{"@type":"WebPage","@id":"https:\/\/www.abf.se\/orebro-lan\/var-verksamhet\/vara-projekt\/trappan-resurs-center\/","url":"https:\/\/www.abf.se\/orebro-lan\/var-verksamhet\/vara-projekt\/trappan-resurs-center\/","name":"Trappan Resurs Center - \u00d6rebro l\u00e4n","isPartOf":{"@id":"https:\/\/www.abf.se\/orebro-lan\/#website"},"datePublished":"2024-03-14T13:09:09+00:00","dateModified":"2024-03-21T14:32:05+00:00","breadcrumb":{"@id":"https:\/\/www.abf.se\/orebro-lan\/var-verksamhet\/vara-projekt\/trappan-resurs-center\/#breadcrumb"},"inLanguage":"sv-SE","potentialAction":[{"@type":"ReadAction","target":["https:\/\/www.abf.se\/orebro-lan\/var-verksamhet\/vara-projekt\/trappan-resurs-center\/"]}]},{"@type":"BreadcrumbList","@id":"https:\/\/www.abf.se\/orebro-lan\/var-verksamhet\/vara-projekt\/trappan-resurs-center\/#breadcrumb","itemListElement":[{"@type":"ListItem","position":1,"name":"Home","item":"https:\/\/www.abf.se\/orebro-lan\/"},{"@type":"ListItem","position":2,"name":"V\u00e5r verksamhet","item":"https:\/\/www.abf.se\/orebro-lan\/var-verksamhet\/"},{"@type":"ListItem","position":3,"name":"V\u00e5ra projekt","item":"https:\/\/www.abf.se\/orebro-lan\/var-verksamhet\/vara-projekt\/"},{"@type":"ListItem","position":4,"name":"Trappan Resurs Center"}]},{"@type":"WebSite","@id":"https:\/\/www.abf.se\/orebro-lan\/#website","url":"https:\/\/www.abf.se\/orebro-lan\/","name":"\u00d6rebro l\u00e4n","description":"","potentialAction":[{"@type":"SearchAction","target":{"@type":"EntryPoint","urlTemplate":"https:\/\/www.abf.se\/orebro-lan\/?s={search_term_string}"},"query-input":{"@type":"PropertyValueSpecification","valueRequired":true,"valueName":"search_term_string"}}],"inLanguage":"sv-SE"}]}},"_links":{"self":[{"href":"https:\/\/www.abf.se\/orebro-lan\/wp-json\/wp\/v2\/pages\/359","targetHints":{"allow":["GET"]}}],"collection":[{"href":"https:\/\/www.abf.se\/orebro-lan\/wp-json\/wp\/v2\/pages"}],"about":[{"href":"https:\/\/www.abf.se\/orebro-lan\/wp-json\/wp\/v2\/types\/page"}],"author":[{"embeddable":true,"href":"https:\/\/www.abf.se\/orebro-lan\/wp-json\/wp\/v2\/users\/72"}],"replies":[{"embeddable":true,"href":"https:\/\/www.abf.se\/orebro-lan\/wp-json\/wp\/v2\/comments?post=359"}],"version-history":[{"count":8,"href":"https:\/\/www.abf.se\/orebro-lan\/wp-json\/wp\/v2\/pages\/359\/revisions"}],"predecessor-version":[{"id":758,"href":"https:\/\/www.abf.se\/orebro-lan\/wp-json\/wp\/v2\/pages\/359\/revisions\/758"}],"up":[{"embeddable":true,"href":"https:\/\/www.abf.se\/orebro-lan\/wp-json\/wp\/v2\/pages\/263"}],"wp:attachment":[{"href":"https:\/\/www.abf.se\/orebro-lan\/wp-json\/wp\/v2\/media?parent=359"}],"curies":[{"name":"wp","href":"https:\/\/api.w.org\/{rel}","templated":true}]}}