{"id":363,"date":"2024-03-14T14:09:47","date_gmt":"2024-03-14T13:09:47","guid":{"rendered":"https:\/\/www.abf.se\/orebro-lan\/?page_id=363"},"modified":"2024-06-12T12:32:54","modified_gmt":"2024-06-12T10:32:54","slug":"projekt-kannbart","status":"publish","type":"page","link":"https:\/\/www.abf.se\/orebro-lan\/var-verksamhet\/vara-projekt\/projekt-kannbart\/","title":{"rendered":"Projekt K\u00e4nnbart"},"content":{"rendered":"<div\n    class=\"acf-hero-block container-lg no-padding mb-12 js-geolocation\"\n    data-block=\"hero-block\"\n    data-index=\"0\"\n>\n    <div class=\"h-[548px]  relative rounded-[32px] overflow-hidden flex bg-gray-light\">\n        <div class=\"relative z-10 mt-auto h-auto w-full md:h-full\">\n            <div class=\"flex w-full h-full flex-col flex-wrap justify-end w-full md:w-7\/12 lg:w-1\/2 md:justify-center\">\n                <div class=\"flex flex-col gap-3 md:gap-[18px] md:transparent pt-16 pb-36 md:py-8 px-4 w-full md:max-w-[620px] mx-auto px-8\">\n\n                    <h1 class=\"hero-heading hero-heading--red-text\"><span>Projektet K\u00e4nnbart<\/span><\/h1>\n\n                    \n                                    <\/div>\n            <\/div>\n        <\/div>\n\n                    <picture class=\"as-background-image mix-blend-multiply bg-black\/40\"><img decoding=\"async\" src=\"https:\/\/www.abf.se\/orebro-lan\/resized\/?url=https%3A%2F%2Fwww.abf.se%2Fwp-content%2Fuploads%2F2023%2F11%2FNa-fram-liggande_IMGP.jpg&#038;fit=crop&#038;w=1440&#038;s=8bd4a1ff382ace7d471f8443607787bf\" srcset=\"https:\/\/www.abf.se\/orebro-lan\/resized\/?url=https%3A%2F%2Fwww.abf.se%2Fwp-content%2Fuploads%2F2023%2F11%2FNa-fram-liggande_IMGP.jpg&#038;fit=crop&#038;w=375&#038;h=540&#038;s=2c5b529ce41ff374c08160130d12ec1f 375w, https:\/\/www.abf.se\/orebro-lan\/resized\/?url=https%3A%2F%2Fwww.abf.se%2Fwp-content%2Fuploads%2F2023%2F11%2FNa-fram-liggande_IMGP.jpg&#038;fit=crop&#038;w=447&#038;h=540&#038;s=8bb0e9477032c7a55bb9664c8d173e35 447w, https:\/\/www.abf.se\/orebro-lan\/resized\/?url=https%3A%2F%2Fwww.abf.se%2Fwp-content%2Fuploads%2F2023%2F11%2FNa-fram-liggande_IMGP.jpg&#038;fit=crop&#038;w=519&#038;h=540&#038;s=383a017348d31a74e4b45996cea2b02f 519w, https:\/\/www.abf.se\/orebro-lan\/resized\/?url=https%3A%2F%2Fwww.abf.se%2Fwp-content%2Fuploads%2F2023%2F11%2FNa-fram-liggande_IMGP.jpg&#038;fit=crop&#038;w=591&#038;h=540&#038;s=45c7a77424874989961944635f947d50 591w, https:\/\/www.abf.se\/orebro-lan\/resized\/?url=https%3A%2F%2Fwww.abf.se%2Fwp-content%2Fuploads%2F2023%2F11%2FNa-fram-liggande_IMGP.jpg&#038;fit=crop&#038;w=663&#038;h=540&#038;s=48234262d28bebab3a753875710877a1 663w, https:\/\/www.abf.se\/orebro-lan\/resized\/?url=https%3A%2F%2Fwww.abf.se%2Fwp-content%2Fuploads%2F2023%2F11%2FNa-fram-liggande_IMGP.jpg&#038;fit=crop&#038;w=750&#038;h=540&#038;s=1cc6035802b36a4647c6671739dc559d 750w, https:\/\/www.abf.se\/orebro-lan\/resized\/?url=https%3A%2F%2Fwww.abf.se%2Fwp-content%2Fuploads%2F2023%2F11%2FNa-fram-liggande_IMGP.jpg&#038;fit=crop&#038;w=894&#038;h=540&#038;s=b9f33c3efbb29e8790544b684c6aa0d0 894w, https:\/\/www.abf.se\/orebro-lan\/resized\/?url=https%3A%2F%2Fwww.abf.se%2Fwp-content%2Fuploads%2F2023%2F11%2FNa-fram-liggande_IMGP.jpg&#038;fit=crop&#038;w=1038&#038;h=540&#038;s=21f001385e6ca219404293b8135c71dc 1038w, https:\/\/www.abf.se\/orebro-lan\/resized\/?url=https%3A%2F%2Fwww.abf.se%2Fwp-content%2Fuploads%2F2023%2F11%2FNa-fram-liggande_IMGP.jpg&#038;fit=crop&#038;w=1182&#038;h=540&#038;s=1e33e9d90aa4fa7fc552c95b87ace4e0 1182w, https:\/\/www.abf.se\/orebro-lan\/resized\/?url=https%3A%2F%2Fwww.abf.se%2Fwp-content%2Fuploads%2F2023%2F11%2FNa-fram-liggande_IMGP.jpg&#038;fit=crop&#038;w=1326&#038;h=540&#038;s=e68673ce931b5a498698c48aba79f953 1326w, https:\/\/www.abf.se\/orebro-lan\/resized\/?url=https%3A%2F%2Fwww.abf.se%2Fwp-content%2Fuploads%2F2023%2F11%2FNa-fram-liggande_IMGP.jpg&#038;fit=crop&#038;w=1440&#038;h=540&#038;s=5cbaace2e5d4ed1f95c785f3bf737355 1440w\" alt=\"\" height=\"540\" width=\"1440\" sizes=\"(max-width: 1440px) calc(100vw - 32px), 1440px\" loading=\"eager\" fetchpriority=\"high\" aria-hidden=\"true\" role=\"presentation\" \/><\/picture>\n        \n\n            <\/div>\n\n    <\/div>\n\n<div\n    class=\"acf-article-text-block article-container my-12\"\n    data-block=\"article-text-block\"\n>\n    <div class=\"wysiwyg\">\n        <h3>Synen svarar f\u00f6r hela 80 procent av v\u00e5ra intryck. H\u00f6rseln f\u00f6r ca 10 &#8211; 15 procent. K\u00e4nnbart var ett konstprojekt som unders\u00f6kte de f\u00e5 procent som \u00e5terst\u00e5r f\u00f6r k\u00e4nsel, doft och smak.<\/h3>\n<p>K\u00e4nnbart reste runt i Sverige mellan 2015 och 2017. I projektet deltog etablerade konstn\u00e4rer och \u201df\u00f6rst\u00e4rkare\u201d och genom metodutveckling, folkbildning, intervjuer, samverkan, f\u00f6rel\u00e4sningar, guideutbildningar med mycket mera blev K\u00e4nnbart som en v\u00e4xande sn\u00f6boll.<\/p>\n<p>K\u00e4nnbart drevs av ABF \u00d6rebro l\u00e4n i samarbete fr\u00e4mst med FSDB, Riksutst\u00e4llningar och Iris hj\u00e4lpmedel. Projektet finansierades av Arvsfonden.<\/p>\n\n    <\/div>\n<\/div>\n<div\n        class=\"acf-article-video-block article-container-lg my-12 external-video\"\n        data-block=\"article-video-block\"\n    >\n                    <h2 class=\"heading-md mb-3 text-black\">Film om projektet K\u00e4nnbart<\/h2>\n                \n                    <iframe loading=\"lazy\" title=\"K\u00e4nnbart\" src=\"https:\/\/player.vimeo.com\/video\/143111714?dnt=1&amp;app_id=122963\" width=\"500\" height=\"281\" frameborder=\"0\" allow=\"autoplay; fullscreen; picture-in-picture; clipboard-write\"><\/iframe>\n                            <\/div>\n","protected":false},"excerpt":{"rendered":"","protected":false},"author":72,"featured_media":0,"parent":263,"menu_order":0,"comment_status":"closed","ping_status":"closed","template":"","meta":{"_acf_changed":false,"footnotes":""},"class_list":["post-363","page","type-page","status-publish","hentry"],"acf":[],"yoast_head":"<!-- This site is optimized with the Yoast SEO plugin v27.0 - https:\/\/yoast.com\/product\/yoast-seo-wordpress\/ -->\n<title>Projekt K\u00e4nnbart - \u00d6rebro l\u00e4n<\/title>\n<meta name=\"robots\" content=\"index, follow, max-snippet:-1, max-image-preview:large, max-video-preview:-1\" \/>\n<link rel=\"canonical\" href=\"https:\/\/www.abf.se\/orebro-lan\/var-verksamhet\/vara-projekt\/projekt-kannbart\/\" \/>\n<meta property=\"og:locale\" content=\"sv_SE\" \/>\n<meta property=\"og:type\" content=\"article\" \/>\n<meta property=\"og:title\" content=\"Projekt K\u00e4nnbart - \u00d6rebro l\u00e4n\" \/>\n<meta property=\"og:url\" content=\"https:\/\/www.abf.se\/orebro-lan\/var-verksamhet\/vara-projekt\/projekt-kannbart\/\" \/>\n<meta property=\"og:site_name\" content=\"\u00d6rebro l\u00e4n\" \/>\n<meta property=\"article:modified_time\" content=\"2024-06-12T10:32:54+00:00\" \/>\n<meta property=\"og:image\" content=\"https:\/\/www.abf.se\/wp-content\/uploads\/sites\/63\/2024\/04\/Nyckeln-liggande-scaled.jpg\" \/>\n\t<meta property=\"og:image:width\" content=\"2560\" \/>\n\t<meta property=\"og:image:height\" content=\"1440\" \/>\n\t<meta property=\"og:image:type\" content=\"image\/jpeg\" \/>\n<meta name=\"twitter:card\" content=\"summary_large_image\" \/>\n<script type=\"application\/ld+json\" class=\"yoast-schema-graph\">{\"@context\":\"https:\/\/schema.org\",\"@graph\":[{\"@type\":\"WebPage\",\"@id\":\"https:\/\/www.abf.se\/orebro-lan\/var-verksamhet\/vara-projekt\/projekt-kannbart\/\",\"url\":\"https:\/\/www.abf.se\/orebro-lan\/var-verksamhet\/vara-projekt\/projekt-kannbart\/\",\"name\":\"Projekt K\u00e4nnbart - \u00d6rebro l\u00e4n\",\"isPartOf\":{\"@id\":\"https:\/\/www.abf.se\/orebro-lan\/#website\"},\"datePublished\":\"2024-03-14T13:09:47+00:00\",\"dateModified\":\"2024-06-12T10:32:54+00:00\",\"breadcrumb\":{\"@id\":\"https:\/\/www.abf.se\/orebro-lan\/var-verksamhet\/vara-projekt\/projekt-kannbart\/#breadcrumb\"},\"inLanguage\":\"sv-SE\",\"potentialAction\":[{\"@type\":\"ReadAction\",\"target\":[\"https:\/\/www.abf.se\/orebro-lan\/var-verksamhet\/vara-projekt\/projekt-kannbart\/\"]}]},{\"@type\":\"BreadcrumbList\",\"@id\":\"https:\/\/www.abf.se\/orebro-lan\/var-verksamhet\/vara-projekt\/projekt-kannbart\/#breadcrumb\",\"itemListElement\":[{\"@type\":\"ListItem\",\"position\":1,\"name\":\"Home\",\"item\":\"https:\/\/www.abf.se\/orebro-lan\/\"},{\"@type\":\"ListItem\",\"position\":2,\"name\":\"V\u00e5r verksamhet\",\"item\":\"https:\/\/www.abf.se\/orebro-lan\/var-verksamhet\/\"},{\"@type\":\"ListItem\",\"position\":3,\"name\":\"V\u00e5ra projekt\",\"item\":\"https:\/\/www.abf.se\/orebro-lan\/var-verksamhet\/vara-projekt\/\"},{\"@type\":\"ListItem\",\"position\":4,\"name\":\"Projekt K\u00e4nnbart\"}]},{\"@type\":\"WebSite\",\"@id\":\"https:\/\/www.abf.se\/orebro-lan\/#website\",\"url\":\"https:\/\/www.abf.se\/orebro-lan\/\",\"name\":\"\u00d6rebro l\u00e4n\",\"description\":\"\",\"potentialAction\":[{\"@type\":\"SearchAction\",\"target\":{\"@type\":\"EntryPoint\",\"urlTemplate\":\"https:\/\/www.abf.se\/orebro-lan\/?s={search_term_string}\"},\"query-input\":{\"@type\":\"PropertyValueSpecification\",\"valueRequired\":true,\"valueName\":\"search_term_string\"}}],\"inLanguage\":\"sv-SE\"}]}<\/script>\n<!-- \/ Yoast SEO plugin. -->","yoast_head_json":{"title":"Projekt K\u00e4nnbart - \u00d6rebro l\u00e4n","robots":{"index":"index","follow":"follow","max-snippet":"max-snippet:-1","max-image-preview":"max-image-preview:large","max-video-preview":"max-video-preview:-1"},"canonical":"https:\/\/www.abf.se\/orebro-lan\/var-verksamhet\/vara-projekt\/projekt-kannbart\/","og_locale":"sv_SE","og_type":"article","og_title":"Projekt K\u00e4nnbart - \u00d6rebro l\u00e4n","og_url":"https:\/\/www.abf.se\/orebro-lan\/var-verksamhet\/vara-projekt\/projekt-kannbart\/","og_site_name":"\u00d6rebro l\u00e4n","article_modified_time":"2024-06-12T10:32:54+00:00","og_image":[{"width":2560,"height":1440,"url":"https:\/\/www.abf.se\/wp-content\/uploads\/sites\/63\/2024\/04\/Nyckeln-liggande-scaled.jpg","type":"image\/jpeg"}],"twitter_card":"summary_large_image","schema":{"@context":"https:\/\/schema.org","@graph":[{"@type":"WebPage","@id":"https:\/\/www.abf.se\/orebro-lan\/var-verksamhet\/vara-projekt\/projekt-kannbart\/","url":"https:\/\/www.abf.se\/orebro-lan\/var-verksamhet\/vara-projekt\/projekt-kannbart\/","name":"Projekt K\u00e4nnbart - \u00d6rebro l\u00e4n","isPartOf":{"@id":"https:\/\/www.abf.se\/orebro-lan\/#website"},"datePublished":"2024-03-14T13:09:47+00:00","dateModified":"2024-06-12T10:32:54+00:00","breadcrumb":{"@id":"https:\/\/www.abf.se\/orebro-lan\/var-verksamhet\/vara-projekt\/projekt-kannbart\/#breadcrumb"},"inLanguage":"sv-SE","potentialAction":[{"@type":"ReadAction","target":["https:\/\/www.abf.se\/orebro-lan\/var-verksamhet\/vara-projekt\/projekt-kannbart\/"]}]},{"@type":"BreadcrumbList","@id":"https:\/\/www.abf.se\/orebro-lan\/var-verksamhet\/vara-projekt\/projekt-kannbart\/#breadcrumb","itemListElement":[{"@type":"ListItem","position":1,"name":"Home","item":"https:\/\/www.abf.se\/orebro-lan\/"},{"@type":"ListItem","position":2,"name":"V\u00e5r verksamhet","item":"https:\/\/www.abf.se\/orebro-lan\/var-verksamhet\/"},{"@type":"ListItem","position":3,"name":"V\u00e5ra projekt","item":"https:\/\/www.abf.se\/orebro-lan\/var-verksamhet\/vara-projekt\/"},{"@type":"ListItem","position":4,"name":"Projekt K\u00e4nnbart"}]},{"@type":"WebSite","@id":"https:\/\/www.abf.se\/orebro-lan\/#website","url":"https:\/\/www.abf.se\/orebro-lan\/","name":"\u00d6rebro l\u00e4n","description":"","potentialAction":[{"@type":"SearchAction","target":{"@type":"EntryPoint","urlTemplate":"https:\/\/www.abf.se\/orebro-lan\/?s={search_term_string}"},"query-input":{"@type":"PropertyValueSpecification","valueRequired":true,"valueName":"search_term_string"}}],"inLanguage":"sv-SE"}]}},"_links":{"self":[{"href":"https:\/\/www.abf.se\/orebro-lan\/wp-json\/wp\/v2\/pages\/363","targetHints":{"allow":["GET"]}}],"collection":[{"href":"https:\/\/www.abf.se\/orebro-lan\/wp-json\/wp\/v2\/pages"}],"about":[{"href":"https:\/\/www.abf.se\/orebro-lan\/wp-json\/wp\/v2\/types\/page"}],"author":[{"embeddable":true,"href":"https:\/\/www.abf.se\/orebro-lan\/wp-json\/wp\/v2\/users\/72"}],"replies":[{"embeddable":true,"href":"https:\/\/www.abf.se\/orebro-lan\/wp-json\/wp\/v2\/comments?post=363"}],"version-history":[{"count":10,"href":"https:\/\/www.abf.se\/orebro-lan\/wp-json\/wp\/v2\/pages\/363\/revisions"}],"predecessor-version":[{"id":1137,"href":"https:\/\/www.abf.se\/orebro-lan\/wp-json\/wp\/v2\/pages\/363\/revisions\/1137"}],"up":[{"embeddable":true,"href":"https:\/\/www.abf.se\/orebro-lan\/wp-json\/wp\/v2\/pages\/263"}],"wp:attachment":[{"href":"https:\/\/www.abf.se\/orebro-lan\/wp-json\/wp\/v2\/media?parent=363"}],"curies":[{"name":"wp","href":"https:\/\/api.w.org\/{rel}","templated":true}]}}