{"id":409,"date":"2024-03-19T14:36:29","date_gmt":"2024-03-19T13:36:29","guid":{"rendered":"https:\/\/www.abf.se\/orebro-lan\/?page_id=409"},"modified":"2025-09-24T15:24:14","modified_gmt":"2025-09-24T13:24:14","slug":"lindesberg","status":"publish","type":"page","link":"https:\/\/www.abf.se\/orebro-lan\/kontakt-och-lokaler\/vara-lokaler\/lindesberg\/","title":{"rendered":"Lindesberg"},"content":{"rendered":"<div\n    class=\"acf-plain-heading-block container my-16\"\n    data-block=\"plain-heading-block\"\n>\n    <div class=\"max-w-[658px] mx-auto\">\n                <h1 class=\"hero-heading\"><span>Lindesberg<\/span><\/h1>\n                            <p class=\"mt-8 body-xl text-black\">\n                V\u00e5ra studielokaler ligger p\u00e5 L\u00f6pargatan 8. H\u00e4r finns flera studierum i olika storlekar, en danssal samt ett k\u00f6k f\u00f6r matlagningscirklar. Det finns ocks\u00e5 m\u00f6jlighet att h\u00e5lla f\u00f6rel\u00e4sningar i v\u00e5ra lokaler.\n            <\/p>\n            <\/div>\n<\/div>\n<div class=\"container-lg mb-6\">\n    <div class=\"md:pl-6 flex flex-row gap-1 items-center mt-6 body-m flex-wrap gap-y-2\">\n<span class=\"flex flex-row gap items-center gap-x-1\">\n         <a class=\"label-sm md:label-md text-red-dark font-[350] underline\" href=\"https:\/\/www.abf.se\/orebro-lan\/\"\n        >\n        Hem\n    <\/a>\n\n<\/span>\n<span class=\"flex flex-row gap items-center gap-x-1\">\n         <svg width=\"14\" height=\"15\" viewBox=\"0 0 14 15\" fill=\"none\" xmlns=\"http:\/\/www.w3.org\/2000\/svg\">\n<g id=\"fi:arrow-up\">\n<path id=\"Vector\" d=\"M5.01823 3.41669L9.10156 7.50002L5.01823 11.5834\" stroke=\"#909090\"\/>\n<\/g>\n<\/svg>\n\n        <a class=\"label-sm md:label-md text-red-dark font-[350] underline\" href=\"https:\/\/www.abf.se\/orebro-lan\/kontakt-och-lokaler\/\"\n        >\n        Kontakt och lokaler\n    <\/a>\n\n<\/span>\n<span class=\"flex flex-row gap items-center gap-x-1\">\n         <svg width=\"14\" height=\"15\" viewBox=\"0 0 14 15\" fill=\"none\" xmlns=\"http:\/\/www.w3.org\/2000\/svg\">\n<g id=\"fi:arrow-up\">\n<path id=\"Vector\" d=\"M5.01823 3.41669L9.10156 7.50002L5.01823 11.5834\" stroke=\"#909090\"\/>\n<\/g>\n<\/svg>\n\n        <a class=\"label-sm md:label-md text-red-dark font-[350] underline\" href=\"https:\/\/www.abf.se\/orebro-lan\/kontakt-och-lokaler\/vara-lokaler\/\"\n        >\n        V\u00e5ra lokaler\n    <\/a>\n\n<\/span>\n<span class=\"flex flex-row gap items-center gap-x-1\">\n         <svg width=\"14\" height=\"15\" viewBox=\"0 0 14 15\" fill=\"none\" xmlns=\"http:\/\/www.w3.org\/2000\/svg\">\n<g id=\"fi:arrow-up\">\n<path id=\"Vector\" d=\"M5.01823 3.41669L9.10156 7.50002L5.01823 11.5834\" stroke=\"#909090\"\/>\n<\/g>\n<\/svg>\n\n        <a class=\"label-sm md:label-md text-red-dark font-[350] font-medium\" href=\"\"\n         aria-current=\"page\" >\n        Lindesberg\n    <\/a>\n\n<\/span>\n<\/div><\/div>\n<div\n    class=\"acf-text-image-block container my-12 md:my-15\"\n    data-block=\"text-image-block\"\n>\n    <div\n    class=\"flex flex-col items-center md:flex-row gap-8 md:gap-0 justify-between\">\n                        <div class=\"w-full md:w-1\/2 md:order-2\">\n            <picture><img decoding=\"async\" src=\"https:\/\/www.abf.se\/orebro-lan\/resized\/?url=https%3A%2F%2Fwww.abf.se%2Fwp-content%2Fuploads%2F2023%2F11%2FImage.png&#038;fit=crop&#038;w=578&#038;s=46fe63d23cb399782247ba91cdb7ec46\" srcset=\"https:\/\/www.abf.se\/orebro-lan\/resized\/?url=https%3A%2F%2Fwww.abf.se%2Fwp-content%2Fuploads%2F2023%2F11%2FImage.png&#038;fit=crop&#038;w=144&#038;h=126&#038;s=78dbf54ba121a466ab8c9ac54378ec6e 144w, https:\/\/www.abf.se\/orebro-lan\/resized\/?url=https%3A%2F%2Fwww.abf.se%2Fwp-content%2Fuploads%2F2023%2F11%2FImage.png&#038;fit=crop&#038;w=240&#038;h=211&#038;s=b3d1033a766401e3b4c2552250f9a642 240w, https:\/\/www.abf.se\/orebro-lan\/resized\/?url=https%3A%2F%2Fwww.abf.se%2Fwp-content%2Fuploads%2F2023%2F11%2FImage.png&#038;fit=crop&#038;w=288&#038;h=253&#038;s=63dfe34e1e9c4b554357374543406ff2 288w, https:\/\/www.abf.se\/orebro-lan\/resized\/?url=https%3A%2F%2Fwww.abf.se%2Fwp-content%2Fuploads%2F2023%2F11%2FImage.png&#038;fit=crop&#038;w=336&#038;h=295&#038;s=699b7b81462a5db2d40d727f0919e72b 336w, https:\/\/www.abf.se\/orebro-lan\/resized\/?url=https%3A%2F%2Fwww.abf.se%2Fwp-content%2Fuploads%2F2023%2F11%2FImage.png&#038;fit=crop&#038;w=432&#038;h=380&#038;s=c759a32d6a4177397a5c4134ea606901 432w, https:\/\/www.abf.se\/orebro-lan\/resized\/?url=https%3A%2F%2Fwww.abf.se%2Fwp-content%2Fuploads%2F2023%2F11%2FImage.png&#038;fit=crop&#038;w=480&#038;h=422&#038;s=38bb72543c91b1657a6c48397f265669 480w, https:\/\/www.abf.se\/orebro-lan\/resized\/?url=https%3A%2F%2Fwww.abf.se%2Fwp-content%2Fuploads%2F2023%2F11%2FImage.png&#038;fit=crop&#038;w=528&#038;h=464&#038;s=73b950ecfd5463405642b955ff58b235 528w, https:\/\/www.abf.se\/orebro-lan\/resized\/?url=https%3A%2F%2Fwww.abf.se%2Fwp-content%2Fuploads%2F2023%2F11%2FImage.png&#038;fit=crop&#038;w=578&#038;h=509&#038;s=ff70472ae7769116bde5e26385c28bde 578w, https:\/\/www.abf.se\/orebro-lan\/resized\/?url=https%3A%2F%2Fwww.abf.se%2Fwp-content%2Fuploads%2F2023%2F11%2FImage.png&#038;fit=crop&#038;w=672&#038;h=591&#038;s=5b97d17df0b23dd518aafb655236ffcc 672w, https:\/\/www.abf.se\/orebro-lan\/resized\/?url=https%3A%2F%2Fwww.abf.se%2Fwp-content%2Fuploads%2F2023%2F11%2FImage.png&#038;fit=crop&#038;w=864&#038;h=760&#038;s=a7abac363146b4f8bac65d9142a585e1 864w, https:\/\/www.abf.se\/orebro-lan\/resized\/?url=https%3A%2F%2Fwww.abf.se%2Fwp-content%2Fuploads%2F2023%2F11%2FImage.png&#038;fit=crop&#038;w=1056&#038;h=929&#038;s=c2cb04540b9a8eb2c4d686dd8117925f 1056w\" alt=\"glad kvinna med glas&ouml;gon mot en turkos bakgrund\" height=\"509\" width=\"578\" sizes=\"auto, (max-width: 768px) 100vw,\n                (max-width: 1280px) 50vw, 578px\" loading=\"lazy\" fetchpriority=\"low\" \/><\/picture>\n\n        <\/div>\n        \n        <div class=\"w-full md:w-1\/2 md:order-1\">\n        <div class=\"mx-auto md:max-w-[368px]\">\n            <h2 class=\"heading-lg\"><\/h2>\n            <div class=\"mb-6 mt-4 wysiwyg\">\n                <p><strong>Bes\u00f6ksadress:<\/strong><br \/>\nL\u00f6pargatan 8<br \/>\n711 34 Lindesberg<\/p>\n<p><strong>Telefon:<\/strong><br \/>\n010-203 17 00<\/p>\n<p><strong>E-post:<\/strong><br \/>\ninfo.orebro@abf.se<\/p>\n\n            <\/div>\n                    <\/div>\n        <\/div>\n    <\/div>\n<\/div><ul\n    class=\"acf-article-accordion-block accordion-group grid gap-4 my-12 article-container\"\n    data-block=\"article-accordion-block \"\n    data-ui-accordion-group\n>\n\n            <li class=\"accordion\" data-ui-accordion data-ui-accordion-open=\"false\">\n        <h3>\n        <button data-ui-accordion-button class=\"accordion-toggle font-bold\" aria-expanded=\"false\" aria-controls=\"row-personal-0\" id=\"personal-0\">\n            Personal\n            \n            <figure class=\"w-4.5 h-4.5\" aria-hidden=\"true\">\n            <svg width=\"20\" height=\"20\" viewBox=\"0 0 20 20\" fill=\"none\"\nclass=\"SvgIconElement\">\n<path d=\"M15.8333 7.16667L9.99992 13L4.16659 7.16667\" stroke=\"currentColor\"\/>\n<\/svg>\n            <\/figure>\n        <\/button>\n        \n                <\/h3>\n        <div class=\"accordion-content\">\n            <div id=\"row-personal-0\" role=\"region\" class=\"accordion-content-wrap\" aria-labelledby=\"personal-0\">\n                                                <div class=\"grid md:grid-cols-3 gap-y-10 mt-10\">\n                        \n                                                        <div class=\"contact flex flex-col gap-3\">\n                                <div class=\"md:max-w-[160px]\">\n                                    <picture><source media=\"(max-width:767px)\" srcset=\"https:\/\/www.abf.se\/orebro-lan\/resized\/?url=https%3A%2F%2Fwww.abf.se%2Fwp-content%2Fuploads%2Fsites%2F63%2F2024%2F04%2F20240325_130344-scaled.jpg&#038;fit=crop&#038;w=800&#038;h=800&#038;s=2a0396c41104ab14bb118b4fd7eb7d4f 1x, https:\/\/www.abf.se\/orebro-lan\/resized\/?url=https%3A%2F%2Fwww.abf.se%2Fwp-content%2Fuploads%2Fsites%2F63%2F2024%2F04%2F20240325_130344-scaled.jpg&#038;fit=crop&#038;w=1600&#038;h=1600&#038;s=df4d0de8800deee2d43321754c1e2e9c 2x\"><img decoding=\"async\" src=\"https:\/\/www.abf.se\/orebro-lan\/resized\/?url=https%3A%2F%2Fwww.abf.se%2Fwp-content%2Fuploads%2Fsites%2F63%2F2024%2F04%2F20240325_130344-scaled.jpg&#038;fit=crop&#038;w=160&#038;s=6c94e0b68d2227d71a12a8a182e40555\" srcset=\"https:\/\/www.abf.se\/orebro-lan\/resized\/?url=https%3A%2F%2Fwww.abf.se%2Fwp-content%2Fuploads%2Fsites%2F63%2F2024%2F04%2F20240325_130344-scaled.jpg&#038;fit=crop&#038;w=320&#038;h=440&#038;s=3dc9b080f5925cf7003123cbb5e39221 1x, https:\/\/www.abf.se\/orebro-lan\/resized\/?url=https%3A%2F%2Fwww.abf.se%2Fwp-content%2Fuploads%2Fsites%2F63%2F2024%2F04%2F20240325_130344-scaled.jpg&#038;fit=crop&#038;w=320&#038;h=440&#038;s=3dc9b080f5925cf7003123cbb5e39221 2x\" alt=\"\" \/><\/picture>\n                                <\/div>\n                                <div class=\"\">\n                                    <h4 class=\"heading-lg\">Arno Wilting<\/h4>\n                                    <p class=\"body-md\">Verksamhetsutvecklare inom &#039;&#039;\u00d6ppna Torget&#039;&#039; och i norra l\u00e4nsdelen<\/p>\n                                                                    <\/div>\n                                                                <div class=\"flex gap flex-col label-md gap-1\">\n                                                                        <div class=\"flex gap-3\">\n                                        <svg width=\"20\" height=\"20\" viewBox=\"0 0 20 20\" fill=\"none\" xmlns=\"http:\/\/www.w3.org\/2000\/svg\">\n<path d=\"M16.625 17.5C14.8333 17.5 13.0868 17.1007 11.3854 16.3021C9.68403 15.5035 8.17708 14.4479 6.86458 13.1354C5.55208 11.8229 4.49653 10.316 3.69792 8.61458C2.89931 6.91319 2.5 5.16667 2.5 3.375C2.5 3.125 2.58333 2.91667 2.75 2.75C2.91667 2.58333 3.125 2.5 3.375 2.5H6.75C6.94444 2.5 7.11806 2.5625 7.27083 2.6875C7.42361 2.8125 7.51389 2.97222 7.54167 3.16667L8.08333 6.08333C8.11111 6.27778 8.10764 6.45486 8.07292 6.61458C8.03819 6.77431 7.95833 6.91667 7.83333 7.04167L5.8125 9.08333C6.39583 10.0833 7.12847 11.0208 8.01042 11.8958C8.89236 12.7708 9.86111 13.5278 10.9167 14.1667L12.875 12.2083C13 12.0833 13.1632 11.9896 13.3646 11.9271C13.566 11.8646 13.7639 11.8472 13.9583 11.875L16.8333 12.4583C17.0278 12.5 17.1875 12.5938 17.3125 12.7396C17.4375 12.8854 17.5 13.0556 17.5 13.25V16.625C17.5 16.875 17.4167 17.0833 17.25 17.25C17.0833 17.4167 16.875 17.5 16.625 17.5ZM5.02083 7.5L6.39583 6.125L6.04167 4.16667H4.1875C4.25694 4.73611 4.35417 5.29861 4.47917 5.85417C4.60417 6.40972 4.78472 6.95833 5.02083 7.5ZM15.8333 15.7917V13.9583L13.875 13.5625L12.4792 14.9583C13.0208 15.1944 13.5729 15.3819 14.1354 15.5208C14.6979 15.6597 15.2639 15.75 15.8333 15.7917Z\" fill=\"black\"\/>\n<\/svg>\n                                        <p>\n                                                                                                                               <a href=\"callto:010-203 17 04\">010-203 17 04<\/a>\n                                                                                                                                     <\/p>\n                                    <\/div>\n                                                                                                            <div class=\"flex gap-3\">\n                                        <svg width=\"20\" height=\"20\" viewBox=\"0 0 20 20\" fill=\"none\" xmlns=\"http:\/\/www.w3.org\/2000\/svg\">\n<path d=\"M3.33366 16.6666C2.87533 16.6666 2.48296 16.5035 2.15658 16.1771C1.83019 15.8507 1.66699 15.4583 1.66699 15V4.99998C1.66699 4.54165 1.83019 4.14929 2.15658 3.8229C2.48296 3.49651 2.87533 3.33331 3.33366 3.33331H16.667C17.1253 3.33331 17.5177 3.49651 17.8441 3.8229C18.1705 4.14929 18.3337 4.54165 18.3337 4.99998V15C18.3337 15.4583 18.1705 15.8507 17.8441 16.1771C17.5177 16.5035 17.1253 16.6666 16.667 16.6666H3.33366ZM16.667 6.66665L10.4378 10.5625C10.3684 10.6041 10.2955 10.6354 10.2191 10.6562C10.1427 10.6771 10.0698 10.6875 10.0003 10.6875C9.93088 10.6875 9.85797 10.6771 9.78158 10.6562C9.70519 10.6354 9.63227 10.6041 9.56283 10.5625L3.33366 6.66665V15H16.667V6.66665ZM10.0003 9.16665L16.667 4.99998H3.33366L10.0003 9.16665ZM3.33366 6.87498V5.64581V5.66665V5.65623V6.87498Z\" fill=\"black\"\/>\n<\/svg>\n                                        <p><a href=\"mailto:arno.wilting@abf.se\">arno.wilting@abf.se<\/a><\/p>\n                                    <\/div>\n                                                                    <\/div>\n                                                            <\/div>\n                                            <\/div>\n                                        <\/div>\n        <\/div>\n    <\/li>\n    <\/ul>\n","protected":false},"excerpt":{"rendered":"","protected":false},"author":72,"featured_media":0,"parent":224,"menu_order":0,"comment_status":"closed","ping_status":"closed","template":"","meta":{"_acf_changed":false,"footnotes":""},"class_list":["post-409","page","type-page","status-publish","hentry"],"acf":[],"yoast_head":"<!-- This site is optimized with the Yoast SEO plugin v27.0 - https:\/\/yoast.com\/product\/yoast-seo-wordpress\/ -->\n<title>Lindesberg - ABF \u00d6rebro l\u00e4n<\/title>\n<meta name=\"description\" content=\"V\u00e5ra studielokaler i Lindesberg ligger p\u00e5 L\u00f6pargatan 8. H\u00e4r finns flera studierum i olika storlekar och m\u00f6jlighet att h\u00e5lla utbildningar.\" \/>\n<meta name=\"robots\" content=\"index, follow, max-snippet:-1, max-image-preview:large, max-video-preview:-1\" \/>\n<link rel=\"canonical\" href=\"https:\/\/www.abf.se\/orebro-lan\/kontakt-och-lokaler\/vara-lokaler\/lindesberg\/\" \/>\n<meta property=\"og:locale\" content=\"sv_SE\" \/>\n<meta property=\"og:type\" content=\"article\" \/>\n<meta property=\"og:title\" content=\"Lindesberg - ABF \u00d6rebro l\u00e4n\" \/>\n<meta property=\"og:description\" content=\"V\u00e5ra studielokaler i Lindesberg ligger p\u00e5 L\u00f6pargatan 8. H\u00e4r finns flera studierum i olika storlekar och m\u00f6jlighet att h\u00e5lla utbildningar.\" \/>\n<meta property=\"og:url\" content=\"https:\/\/www.abf.se\/orebro-lan\/kontakt-och-lokaler\/vara-lokaler\/lindesberg\/\" \/>\n<meta property=\"og:site_name\" content=\"\u00d6rebro l\u00e4n\" \/>\n<meta property=\"article:modified_time\" content=\"2025-09-24T13:24:14+00:00\" \/>\n<meta property=\"og:image\" content=\"https:\/\/www.abf.se\/wp-content\/uploads\/sites\/63\/2024\/04\/Nyckeln-liggande-scaled.jpg\" \/>\n\t<meta property=\"og:image:width\" content=\"2560\" \/>\n\t<meta property=\"og:image:height\" content=\"1440\" \/>\n\t<meta property=\"og:image:type\" content=\"image\/jpeg\" \/>\n<meta name=\"twitter:card\" content=\"summary_large_image\" \/>\n<script type=\"application\/ld+json\" class=\"yoast-schema-graph\">{\"@context\":\"https:\/\/schema.org\",\"@graph\":[{\"@type\":\"WebPage\",\"@id\":\"https:\/\/www.abf.se\/orebro-lan\/kontakt-och-lokaler\/vara-lokaler\/lindesberg\/\",\"url\":\"https:\/\/www.abf.se\/orebro-lan\/kontakt-och-lokaler\/vara-lokaler\/lindesberg\/\",\"name\":\"Lindesberg - ABF \u00d6rebro l\u00e4n\",\"isPartOf\":{\"@id\":\"https:\/\/www.abf.se\/orebro-lan\/#website\"},\"datePublished\":\"2024-03-19T13:36:29+00:00\",\"dateModified\":\"2025-09-24T13:24:14+00:00\",\"description\":\"V\u00e5ra studielokaler i Lindesberg ligger p\u00e5 L\u00f6pargatan 8. H\u00e4r finns flera studierum i olika storlekar och m\u00f6jlighet att h\u00e5lla utbildningar.\",\"breadcrumb\":{\"@id\":\"https:\/\/www.abf.se\/orebro-lan\/kontakt-och-lokaler\/vara-lokaler\/lindesberg\/#breadcrumb\"},\"inLanguage\":\"sv-SE\",\"potentialAction\":[{\"@type\":\"ReadAction\",\"target\":[\"https:\/\/www.abf.se\/orebro-lan\/kontakt-och-lokaler\/vara-lokaler\/lindesberg\/\"]}]},{\"@type\":\"BreadcrumbList\",\"@id\":\"https:\/\/www.abf.se\/orebro-lan\/kontakt-och-lokaler\/vara-lokaler\/lindesberg\/#breadcrumb\",\"itemListElement\":[{\"@type\":\"ListItem\",\"position\":1,\"name\":\"Home\",\"item\":\"https:\/\/www.abf.se\/orebro-lan\/\"},{\"@type\":\"ListItem\",\"position\":2,\"name\":\"Kontakt och lokaler\",\"item\":\"https:\/\/www.abf.se\/orebro-lan\/kontakt-och-lokaler\/\"},{\"@type\":\"ListItem\",\"position\":3,\"name\":\"V\u00e5ra lokaler\",\"item\":\"https:\/\/www.abf.se\/orebro-lan\/kontakt-och-lokaler\/vara-lokaler\/\"},{\"@type\":\"ListItem\",\"position\":4,\"name\":\"Lindesberg\"}]},{\"@type\":\"WebSite\",\"@id\":\"https:\/\/www.abf.se\/orebro-lan\/#website\",\"url\":\"https:\/\/www.abf.se\/orebro-lan\/\",\"name\":\"\u00d6rebro l\u00e4n\",\"description\":\"\",\"potentialAction\":[{\"@type\":\"SearchAction\",\"target\":{\"@type\":\"EntryPoint\",\"urlTemplate\":\"https:\/\/www.abf.se\/orebro-lan\/?s={search_term_string}\"},\"query-input\":{\"@type\":\"PropertyValueSpecification\",\"valueRequired\":true,\"valueName\":\"search_term_string\"}}],\"inLanguage\":\"sv-SE\"}]}<\/script>\n<!-- \/ Yoast SEO plugin. -->","yoast_head_json":{"title":"Lindesberg - ABF \u00d6rebro l\u00e4n","description":"V\u00e5ra studielokaler i Lindesberg ligger p\u00e5 L\u00f6pargatan 8. H\u00e4r finns flera studierum i olika storlekar och m\u00f6jlighet att h\u00e5lla utbildningar.","robots":{"index":"index","follow":"follow","max-snippet":"max-snippet:-1","max-image-preview":"max-image-preview:large","max-video-preview":"max-video-preview:-1"},"canonical":"https:\/\/www.abf.se\/orebro-lan\/kontakt-och-lokaler\/vara-lokaler\/lindesberg\/","og_locale":"sv_SE","og_type":"article","og_title":"Lindesberg - ABF \u00d6rebro l\u00e4n","og_description":"V\u00e5ra studielokaler i Lindesberg ligger p\u00e5 L\u00f6pargatan 8. H\u00e4r finns flera studierum i olika storlekar och m\u00f6jlighet att h\u00e5lla utbildningar.","og_url":"https:\/\/www.abf.se\/orebro-lan\/kontakt-och-lokaler\/vara-lokaler\/lindesberg\/","og_site_name":"\u00d6rebro l\u00e4n","article_modified_time":"2025-09-24T13:24:14+00:00","og_image":[{"width":2560,"height":1440,"url":"https:\/\/www.abf.se\/wp-content\/uploads\/sites\/63\/2024\/04\/Nyckeln-liggande-scaled.jpg","type":"image\/jpeg"}],"twitter_card":"summary_large_image","schema":{"@context":"https:\/\/schema.org","@graph":[{"@type":"WebPage","@id":"https:\/\/www.abf.se\/orebro-lan\/kontakt-och-lokaler\/vara-lokaler\/lindesberg\/","url":"https:\/\/www.abf.se\/orebro-lan\/kontakt-och-lokaler\/vara-lokaler\/lindesberg\/","name":"Lindesberg - ABF \u00d6rebro l\u00e4n","isPartOf":{"@id":"https:\/\/www.abf.se\/orebro-lan\/#website"},"datePublished":"2024-03-19T13:36:29+00:00","dateModified":"2025-09-24T13:24:14+00:00","description":"V\u00e5ra studielokaler i Lindesberg ligger p\u00e5 L\u00f6pargatan 8. H\u00e4r finns flera studierum i olika storlekar och m\u00f6jlighet att h\u00e5lla utbildningar.","breadcrumb":{"@id":"https:\/\/www.abf.se\/orebro-lan\/kontakt-och-lokaler\/vara-lokaler\/lindesberg\/#breadcrumb"},"inLanguage":"sv-SE","potentialAction":[{"@type":"ReadAction","target":["https:\/\/www.abf.se\/orebro-lan\/kontakt-och-lokaler\/vara-lokaler\/lindesberg\/"]}]},{"@type":"BreadcrumbList","@id":"https:\/\/www.abf.se\/orebro-lan\/kontakt-och-lokaler\/vara-lokaler\/lindesberg\/#breadcrumb","itemListElement":[{"@type":"ListItem","position":1,"name":"Home","item":"https:\/\/www.abf.se\/orebro-lan\/"},{"@type":"ListItem","position":2,"name":"Kontakt och lokaler","item":"https:\/\/www.abf.se\/orebro-lan\/kontakt-och-lokaler\/"},{"@type":"ListItem","position":3,"name":"V\u00e5ra lokaler","item":"https:\/\/www.abf.se\/orebro-lan\/kontakt-och-lokaler\/vara-lokaler\/"},{"@type":"ListItem","position":4,"name":"Lindesberg"}]},{"@type":"WebSite","@id":"https:\/\/www.abf.se\/orebro-lan\/#website","url":"https:\/\/www.abf.se\/orebro-lan\/","name":"\u00d6rebro l\u00e4n","description":"","potentialAction":[{"@type":"SearchAction","target":{"@type":"EntryPoint","urlTemplate":"https:\/\/www.abf.se\/orebro-lan\/?s={search_term_string}"},"query-input":{"@type":"PropertyValueSpecification","valueRequired":true,"valueName":"search_term_string"}}],"inLanguage":"sv-SE"}]}},"_links":{"self":[{"href":"https:\/\/www.abf.se\/orebro-lan\/wp-json\/wp\/v2\/pages\/409","targetHints":{"allow":["GET"]}}],"collection":[{"href":"https:\/\/www.abf.se\/orebro-lan\/wp-json\/wp\/v2\/pages"}],"about":[{"href":"https:\/\/www.abf.se\/orebro-lan\/wp-json\/wp\/v2\/types\/page"}],"author":[{"embeddable":true,"href":"https:\/\/www.abf.se\/orebro-lan\/wp-json\/wp\/v2\/users\/72"}],"replies":[{"embeddable":true,"href":"https:\/\/www.abf.se\/orebro-lan\/wp-json\/wp\/v2\/comments?post=409"}],"version-history":[{"count":9,"href":"https:\/\/www.abf.se\/orebro-lan\/wp-json\/wp\/v2\/pages\/409\/revisions"}],"predecessor-version":[{"id":1733,"href":"https:\/\/www.abf.se\/orebro-lan\/wp-json\/wp\/v2\/pages\/409\/revisions\/1733"}],"up":[{"embeddable":true,"href":"https:\/\/www.abf.se\/orebro-lan\/wp-json\/wp\/v2\/pages\/224"}],"wp:attachment":[{"href":"https:\/\/www.abf.se\/orebro-lan\/wp-json\/wp\/v2\/media?parent=409"}],"curies":[{"name":"wp","href":"https:\/\/api.w.org\/{rel}","templated":true}]}}