{"id":413,"date":"2024-03-19T14:36:59","date_gmt":"2024-03-19T13:36:59","guid":{"rendered":"https:\/\/www.abf.se\/orebro-lan\/?page_id=413"},"modified":"2025-09-24T15:19:38","modified_gmt":"2025-09-24T13:19:38","slug":"karlskoga","status":"publish","type":"page","link":"https:\/\/www.abf.se\/orebro-lan\/kontakt-och-lokaler\/vara-lokaler\/karlskoga\/","title":{"rendered":"Karlskoga"},"content":{"rendered":"<div\n    class=\"acf-hero-block container-lg no-padding mb-12 js-geolocation\"\n    data-block=\"hero-block\"\n    data-index=\"0\"\n>\n    <div class=\"h-[548px]  relative rounded-[32px] overflow-hidden flex bg-gray-light\">\n        <div class=\"relative z-10 mt-auto h-auto w-full md:h-full\">\n            <div class=\"flex w-full h-full flex-col flex-wrap justify-end w-full md:w-7\/12 lg:w-1\/2 md:justify-center\">\n                <div class=\"flex flex-col gap-3 md:gap-[18px] md:transparent pt-16 pb-36 md:py-8 px-4 w-full md:max-w-[620px] mx-auto px-8\">\n\n                    <h1 class=\"hero-heading hero-heading--red-text\"><span>Karlskoga<\/span><\/h1>\n\n                                            <p class=\"mt-4 max-w-[48ch] text-white\">\n                            I v\u00e5rt verksamhetshus Firehouse p\u00e5 Bangatan 9 i Karlskoga hittar du replokaler, keramiksalar och andra studiecirkelrum. Vi har v\u00e5ra lokaler p\u00e5 andra v\u00e5ningen.\n                        <\/p>\n                    \n                                    <\/div>\n            <\/div>\n        <\/div>\n\n                    <picture class=\"as-background-image mix-blend-multiply bg-black\/40\"><img decoding=\"async\" src=\"https:\/\/www.abf.se\/orebro-lan\/resized\/?url=https%3A%2F%2Fwww.abf.se%2Fwp-content%2Fuploads%2Fsites%2F63%2F2024%2F05%2Fkarlskoga1.jpg&#038;fit=crop&#038;w=1440&#038;s=71e3faf05bb3cc7eb8dc9696b3783b98\" srcset=\"https:\/\/www.abf.se\/orebro-lan\/resized\/?url=https%3A%2F%2Fwww.abf.se%2Fwp-content%2Fuploads%2Fsites%2F63%2F2024%2F05%2Fkarlskoga1.jpg&#038;fit=crop&#038;w=375&#038;h=540&#038;s=1807e5a9004008326b2015fae4deaa77 375w, https:\/\/www.abf.se\/orebro-lan\/resized\/?url=https%3A%2F%2Fwww.abf.se%2Fwp-content%2Fuploads%2Fsites%2F63%2F2024%2F05%2Fkarlskoga1.jpg&#038;fit=crop&#038;w=447&#038;h=540&#038;s=55e0acc65c498165201942975c059330 447w, https:\/\/www.abf.se\/orebro-lan\/resized\/?url=https%3A%2F%2Fwww.abf.se%2Fwp-content%2Fuploads%2Fsites%2F63%2F2024%2F05%2Fkarlskoga1.jpg&#038;fit=crop&#038;w=519&#038;h=540&#038;s=15c33ca37621d4f3e14a1d871011d044 519w, https:\/\/www.abf.se\/orebro-lan\/resized\/?url=https%3A%2F%2Fwww.abf.se%2Fwp-content%2Fuploads%2Fsites%2F63%2F2024%2F05%2Fkarlskoga1.jpg&#038;fit=crop&#038;w=591&#038;h=540&#038;s=2a9560cda65655cd32b456bf9154a8e6 591w, https:\/\/www.abf.se\/orebro-lan\/resized\/?url=https%3A%2F%2Fwww.abf.se%2Fwp-content%2Fuploads%2Fsites%2F63%2F2024%2F05%2Fkarlskoga1.jpg&#038;fit=crop&#038;w=663&#038;h=540&#038;s=3dcefcb801b78e858075e65b6b1d119b 663w, https:\/\/www.abf.se\/orebro-lan\/resized\/?url=https%3A%2F%2Fwww.abf.se%2Fwp-content%2Fuploads%2Fsites%2F63%2F2024%2F05%2Fkarlskoga1.jpg&#038;fit=crop&#038;w=750&#038;h=540&#038;s=a814bdbcfa41c3d579bb1c9ba56d5aa2 750w, https:\/\/www.abf.se\/orebro-lan\/resized\/?url=https%3A%2F%2Fwww.abf.se%2Fwp-content%2Fuploads%2Fsites%2F63%2F2024%2F05%2Fkarlskoga1.jpg&#038;fit=crop&#038;w=894&#038;h=540&#038;s=725f3d1ccfc77770fe4bd8992f645ec1 894w, https:\/\/www.abf.se\/orebro-lan\/resized\/?url=https%3A%2F%2Fwww.abf.se%2Fwp-content%2Fuploads%2Fsites%2F63%2F2024%2F05%2Fkarlskoga1.jpg&#038;fit=crop&#038;w=1038&#038;h=540&#038;s=9b42ef7131b13b5ba9d41841eee1b00d 1038w, https:\/\/www.abf.se\/orebro-lan\/resized\/?url=https%3A%2F%2Fwww.abf.se%2Fwp-content%2Fuploads%2Fsites%2F63%2F2024%2F05%2Fkarlskoga1.jpg&#038;fit=crop&#038;w=1182&#038;h=540&#038;s=83cb43736b1b0204fd942107e3091c8a 1182w, https:\/\/www.abf.se\/orebro-lan\/resized\/?url=https%3A%2F%2Fwww.abf.se%2Fwp-content%2Fuploads%2Fsites%2F63%2F2024%2F05%2Fkarlskoga1.jpg&#038;fit=crop&#038;w=1326&#038;h=540&#038;s=4de48e624817161be6937aa50cd49ef2 1326w, https:\/\/www.abf.se\/orebro-lan\/resized\/?url=https%3A%2F%2Fwww.abf.se%2Fwp-content%2Fuploads%2Fsites%2F63%2F2024%2F05%2Fkarlskoga1.jpg&#038;fit=crop&#038;w=1440&#038;h=540&#038;s=080c675a64e5fafbfbbd5ea255367aea 1440w\" alt=\"\" height=\"540\" width=\"1440\" sizes=\"(max-width: 1440px) calc(100vw - 32px), 1440px\" loading=\"eager\" fetchpriority=\"high\" aria-hidden=\"true\" role=\"presentation\" \/><\/picture>\n        \n\n            <\/div>\n\n    <\/div>\n\n<div\n    class=\"acf-plain-heading-block container my-16\"\n    data-block=\"plain-heading-block\"\n>\n    <div class=\"max-w-[658px] mx-auto\">\n                <h1 class=\"hero-heading\"><span>Ett kreativt nav f\u00f6r musik och konst<\/span><\/h1>\n                            <p class=\"mt-8 body-xl text-black\">\n                V\u00e4lkommen till FIREHOUSE \u2013 en unik m\u00f6tesplats d\u00e4r kreativitet blomstrar.\n            <\/p>\n            <\/div>\n<\/div>\n<div\n    class=\"acf-article-text-block article-container my-12\"\n    data-block=\"article-text-block\"\n>\n    <div class=\"wysiwyg\">\n        <p>Med 20 stycken replokaler skapar vi de perfekta f\u00f6ruts\u00e4ttningarna f\u00f6r att band och artister ska kunna utvecklas. V\u00e5ra lokaler \u00e4r utformade f\u00f6r att hantera allt fr\u00e5n h\u00f6gljudda rockrepetitioner till intima akustiska sessioner, vilket g\u00f6r dem idealiska f\u00f6r alla genrer och niv\u00e5er.<\/p>\n<p>Men v\u00e5r vision str\u00e4cker sig l\u00e4ngre \u00e4n bara musiken. I huset finns \u00e4ven en fullt fungerande <strong>keramikstudio<\/strong>, d\u00e4r du kan utforska en annan typ av skapande. Det \u00e4r en plats f\u00f6r lugn och koncentration, som erbjuder en fin kontrast till musikhusets puls. Oavsett om du \u00e4r en erfaren keramiker eller nyb\u00f6rjare ger studion dig utrymme att arbeta med lera och uttrycka dig p\u00e5 nya s\u00e4tt.<\/p>\n<p>F\u00f6rutom replokalerna och keramikstudion har vi ocks\u00e5 <strong>fyra flexibla studierum<\/strong>. Dessa rum \u00e4r perfekta f\u00f6r individuella lektioner, poddinspelningar eller som arbetsplatser. De erbjuder en avskild milj\u00f6 d\u00e4r du kan fokusera p\u00e5 ditt projekt utan st\u00f6rningar.<\/p>\n<p><strong>FIREHOUSE<\/strong> \u00e4r mer \u00e4n bara en byggnad \u2013 det \u00e4r ett nav d\u00e4r olika konstformer m\u00f6ts. Det \u00e4r en plats d\u00e4r musiker, keramiker och andra kreativa sj\u00e4lar kan inspireras av varandra och skapa i en stimulerande milj\u00f6. Vi ser fram emot att v\u00e4lkomna dig!<\/p>\n\n    <\/div>\n<\/div>\n<div\n    class=\"acf-text-image-block container my-12 md:my-15\"\n    data-block=\"text-image-block\"\n>\n    <div\n    class=\"flex flex-col items-center md:flex-row gap-8 md:gap-0 justify-between\">\n                        <div class=\"w-full md:w-1\/2 md:order-2\">\n            <picture><img decoding=\"async\" src=\"https:\/\/www.abf.se\/orebro-lan\/resized\/?url=https%3A%2F%2Fwww.abf.se%2Fwp-content%2Fuploads%2Fsites%2F63%2F2024%2F05%2Fkarlskoga1.jpg&#038;fit=crop&#038;w=578&#038;s=06ed8422cb24cecbdb05e7dcbc5a6289\" srcset=\"https:\/\/www.abf.se\/orebro-lan\/resized\/?url=https%3A%2F%2Fwww.abf.se%2Fwp-content%2Fuploads%2Fsites%2F63%2F2024%2F05%2Fkarlskoga1.jpg&#038;fit=crop&#038;w=144&#038;h=126&#038;s=e2036def9576b3fbbc343465a030f316 144w, https:\/\/www.abf.se\/orebro-lan\/resized\/?url=https%3A%2F%2Fwww.abf.se%2Fwp-content%2Fuploads%2Fsites%2F63%2F2024%2F05%2Fkarlskoga1.jpg&#038;fit=crop&#038;w=240&#038;h=211&#038;s=ab3b764e064d4a0a6653e32f5fd402d3 240w, https:\/\/www.abf.se\/orebro-lan\/resized\/?url=https%3A%2F%2Fwww.abf.se%2Fwp-content%2Fuploads%2Fsites%2F63%2F2024%2F05%2Fkarlskoga1.jpg&#038;fit=crop&#038;w=288&#038;h=253&#038;s=868261369581799a15af0e98e243e15c 288w, https:\/\/www.abf.se\/orebro-lan\/resized\/?url=https%3A%2F%2Fwww.abf.se%2Fwp-content%2Fuploads%2Fsites%2F63%2F2024%2F05%2Fkarlskoga1.jpg&#038;fit=crop&#038;w=336&#038;h=295&#038;s=83618bc3a5463694dfbd4a61a01eb7f8 336w, https:\/\/www.abf.se\/orebro-lan\/resized\/?url=https%3A%2F%2Fwww.abf.se%2Fwp-content%2Fuploads%2Fsites%2F63%2F2024%2F05%2Fkarlskoga1.jpg&#038;fit=crop&#038;w=432&#038;h=380&#038;s=e087b01f1f5036c61cfe8d4b5abad3ec 432w, https:\/\/www.abf.se\/orebro-lan\/resized\/?url=https%3A%2F%2Fwww.abf.se%2Fwp-content%2Fuploads%2Fsites%2F63%2F2024%2F05%2Fkarlskoga1.jpg&#038;fit=crop&#038;w=480&#038;h=422&#038;s=d4d23d225708dbe70c75205d6c8107d6 480w, https:\/\/www.abf.se\/orebro-lan\/resized\/?url=https%3A%2F%2Fwww.abf.se%2Fwp-content%2Fuploads%2Fsites%2F63%2F2024%2F05%2Fkarlskoga1.jpg&#038;fit=crop&#038;w=528&#038;h=464&#038;s=e0d36caa1f0b4343c5fab882e9e040be 528w, https:\/\/www.abf.se\/orebro-lan\/resized\/?url=https%3A%2F%2Fwww.abf.se%2Fwp-content%2Fuploads%2Fsites%2F63%2F2024%2F05%2Fkarlskoga1.jpg&#038;fit=crop&#038;w=578&#038;h=509&#038;s=0e759c3a15b17f0ffdef86a0b193dfdd 578w, https:\/\/www.abf.se\/orebro-lan\/resized\/?url=https%3A%2F%2Fwww.abf.se%2Fwp-content%2Fuploads%2Fsites%2F63%2F2024%2F05%2Fkarlskoga1.jpg&#038;fit=crop&#038;w=672&#038;h=591&#038;s=397fa5db5e19eafb2e95b087111f66f6 672w, https:\/\/www.abf.se\/orebro-lan\/resized\/?url=https%3A%2F%2Fwww.abf.se%2Fwp-content%2Fuploads%2Fsites%2F63%2F2024%2F05%2Fkarlskoga1.jpg&#038;fit=crop&#038;w=864&#038;h=760&#038;s=9678ae0a9f5dee925cd26398c2eb4f86 864w, https:\/\/www.abf.se\/orebro-lan\/resized\/?url=https%3A%2F%2Fwww.abf.se%2Fwp-content%2Fuploads%2Fsites%2F63%2F2024%2F05%2Fkarlskoga1.jpg&#038;fit=crop&#038;w=1056&#038;h=929&#038;s=69bf758e11134c42d878cd6e65d6a452 1056w\" alt=\"\" height=\"509\" width=\"578\" sizes=\"auto, (max-width: 768px) 100vw,\n                (max-width: 1280px) 50vw, 578px\" loading=\"lazy\" fetchpriority=\"low\" \/><\/picture>\n\n        <\/div>\n        \n        <div class=\"w-full md:w-1\/2 md:order-1\">\n        <div class=\"mx-auto md:max-w-[368px]\">\n            <h2 class=\"heading-lg\"><\/h2>\n            <div class=\"mb-6 mt-4 wysiwyg\">\n                <p><strong>Bes\u00f6ksadress:<\/strong><br \/>\nBangatan 9<br \/>\n691 31 Karlskoga<\/p>\n<p><strong>Telefon:<\/strong><br \/>\n010-203 17 00<\/p>\n<p><strong>E-post:<\/strong><br \/>\ninfo.orebro@abf.se<\/p>\n\n            <\/div>\n                    <\/div>\n        <\/div>\n    <\/div>\n<\/div><ul\n    class=\"acf-article-accordion-block accordion-group grid gap-4 my-12 article-container\"\n    data-block=\"article-accordion-block \"\n    data-ui-accordion-group\n>\n\n            <li class=\"accordion\" data-ui-accordion data-ui-accordion-open=\"false\">\n        <h3>\n        <button data-ui-accordion-button class=\"accordion-toggle font-bold\" aria-expanded=\"false\" aria-controls=\"row-personal-0\" id=\"personal-0\">\n            Personal\n            \n            <figure class=\"w-4.5 h-4.5\" aria-hidden=\"true\">\n            <svg width=\"20\" height=\"20\" viewBox=\"0 0 20 20\" fill=\"none\"\nclass=\"SvgIconElement\">\n<path d=\"M15.8333 7.16667L9.99992 13L4.16659 7.16667\" stroke=\"currentColor\"\/>\n<\/svg>\n            <\/figure>\n        <\/button>\n        \n                <\/h3>\n        <div class=\"accordion-content\">\n            <div id=\"row-personal-0\" role=\"region\" class=\"accordion-content-wrap\" aria-labelledby=\"personal-0\">\n                                                <div class=\"grid md:grid-cols-3 gap-y-10 mt-10\">\n                        \n                                                        <div class=\"contact flex flex-col gap-3\">\n                                <div class=\"md:max-w-[160px]\">\n                                    <picture><source media=\"(max-width:767px)\" srcset=\"https:\/\/www.abf.se\/orebro-lan\/resized\/?url=https%3A%2F%2Fwww.abf.se%2Fwp-content%2Fuploads%2Fsites%2F63%2F2024%2F03%2F20230130_104706-scaled.jpg&#038;fit=crop&#038;w=800&#038;h=800&#038;s=cc3b0cf957777bd6c776f6b462292357 1x, https:\/\/www.abf.se\/orebro-lan\/resized\/?url=https%3A%2F%2Fwww.abf.se%2Fwp-content%2Fuploads%2Fsites%2F63%2F2024%2F03%2F20230130_104706-scaled.jpg&#038;fit=crop&#038;w=1600&#038;h=1600&#038;s=ada3a7c23cf328abf721964714808a1a 2x\"><img decoding=\"async\" src=\"https:\/\/www.abf.se\/orebro-lan\/resized\/?url=https%3A%2F%2Fwww.abf.se%2Fwp-content%2Fuploads%2Fsites%2F63%2F2024%2F03%2F20230130_104706-scaled.jpg&#038;fit=crop&#038;w=160&#038;s=48e75a0fcabbba289605c30597617d97\" srcset=\"https:\/\/www.abf.se\/orebro-lan\/resized\/?url=https%3A%2F%2Fwww.abf.se%2Fwp-content%2Fuploads%2Fsites%2F63%2F2024%2F03%2F20230130_104706-scaled.jpg&#038;fit=crop&#038;w=320&#038;h=440&#038;s=e7081693ab25deed372d97ddf163a015 1x, https:\/\/www.abf.se\/orebro-lan\/resized\/?url=https%3A%2F%2Fwww.abf.se%2Fwp-content%2Fuploads%2Fsites%2F63%2F2024%2F03%2F20230130_104706-scaled.jpg&#038;fit=crop&#038;w=320&#038;h=440&#038;s=e7081693ab25deed372d97ddf163a015 2x\" alt=\"\" \/><\/picture>\n                                <\/div>\n                                <div class=\"\">\n                                    <h4 class=\"heading-lg\">Marcus Nowak<\/h4>\n                                    <p class=\"body-md\">Verksamhetsutvecklare i Karlskoga och Degerfors<\/p>\n                                                                    <\/div>\n                                                                <div class=\"flex gap flex-col label-md gap-1\">\n                                                                        <div class=\"flex gap-3\">\n                                        <svg width=\"20\" height=\"20\" viewBox=\"0 0 20 20\" fill=\"none\" xmlns=\"http:\/\/www.w3.org\/2000\/svg\">\n<path d=\"M16.625 17.5C14.8333 17.5 13.0868 17.1007 11.3854 16.3021C9.68403 15.5035 8.17708 14.4479 6.86458 13.1354C5.55208 11.8229 4.49653 10.316 3.69792 8.61458C2.89931 6.91319 2.5 5.16667 2.5 3.375C2.5 3.125 2.58333 2.91667 2.75 2.75C2.91667 2.58333 3.125 2.5 3.375 2.5H6.75C6.94444 2.5 7.11806 2.5625 7.27083 2.6875C7.42361 2.8125 7.51389 2.97222 7.54167 3.16667L8.08333 6.08333C8.11111 6.27778 8.10764 6.45486 8.07292 6.61458C8.03819 6.77431 7.95833 6.91667 7.83333 7.04167L5.8125 9.08333C6.39583 10.0833 7.12847 11.0208 8.01042 11.8958C8.89236 12.7708 9.86111 13.5278 10.9167 14.1667L12.875 12.2083C13 12.0833 13.1632 11.9896 13.3646 11.9271C13.566 11.8646 13.7639 11.8472 13.9583 11.875L16.8333 12.4583C17.0278 12.5 17.1875 12.5938 17.3125 12.7396C17.4375 12.8854 17.5 13.0556 17.5 13.25V16.625C17.5 16.875 17.4167 17.0833 17.25 17.25C17.0833 17.4167 16.875 17.5 16.625 17.5ZM5.02083 7.5L6.39583 6.125L6.04167 4.16667H4.1875C4.25694 4.73611 4.35417 5.29861 4.47917 5.85417C4.60417 6.40972 4.78472 6.95833 5.02083 7.5ZM15.8333 15.7917V13.9583L13.875 13.5625L12.4792 14.9583C13.0208 15.1944 13.5729 15.3819 14.1354 15.5208C14.6979 15.6597 15.2639 15.75 15.8333 15.7917Z\" fill=\"black\"\/>\n<\/svg>\n                                        <p>\n                                                                                                                               <a href=\"callto:010-203 17 08\">010-203 17 08<\/a>\n                                                                                                                                     <\/p>\n                                    <\/div>\n                                                                                                            <div class=\"flex gap-3\">\n                                        <svg width=\"20\" height=\"20\" viewBox=\"0 0 20 20\" fill=\"none\" xmlns=\"http:\/\/www.w3.org\/2000\/svg\">\n<path d=\"M3.33366 16.6666C2.87533 16.6666 2.48296 16.5035 2.15658 16.1771C1.83019 15.8507 1.66699 15.4583 1.66699 15V4.99998C1.66699 4.54165 1.83019 4.14929 2.15658 3.8229C2.48296 3.49651 2.87533 3.33331 3.33366 3.33331H16.667C17.1253 3.33331 17.5177 3.49651 17.8441 3.8229C18.1705 4.14929 18.3337 4.54165 18.3337 4.99998V15C18.3337 15.4583 18.1705 15.8507 17.8441 16.1771C17.5177 16.5035 17.1253 16.6666 16.667 16.6666H3.33366ZM16.667 6.66665L10.4378 10.5625C10.3684 10.6041 10.2955 10.6354 10.2191 10.6562C10.1427 10.6771 10.0698 10.6875 10.0003 10.6875C9.93088 10.6875 9.85797 10.6771 9.78158 10.6562C9.70519 10.6354 9.63227 10.6041 9.56283 10.5625L3.33366 6.66665V15H16.667V6.66665ZM10.0003 9.16665L16.667 4.99998H3.33366L10.0003 9.16665ZM3.33366 6.87498V5.64581V5.66665V5.65623V6.87498Z\" fill=\"black\"\/>\n<\/svg>\n                                        <p><a href=\"mailto:marcus.nowak@abf.se\">marcus.nowak@abf.se<\/a><\/p>\n                                    <\/div>\n                                                                    <\/div>\n                                                            <\/div>\n                                            <\/div>\n                                        <\/div>\n        <\/div>\n    <\/li>\n    <\/ul>\n<div class=\"my-8 container-lg acf-link-block\" data-block=\"link-block\" class=\"acf-link-block\" data-block=\"link-block\">\n    <div class=\"w-full bg-red  round-corners-lg px-4 md:px-8 py-11 md:py-16\">\n        <h2 class=\"heading-lg mb-7 text-center text-white\">\n            \n        <\/h2>\n            <ul class=\"grid grid-cols-1 gap-x-4 gap-y-3 md:grid-cols-2\">\n                                                        <li>\n                        <a\n    class=\"large-button-link\"\n    href=\"https:\/\/www.abf.se\/orebro-lan\/lokalbilder-firehouse\/\"\n    target=\"\"\n>\n    <span class=\"flex-1\">Bilder p\u00e5 lokalerna i Firehouse<\/span>\n\n    <figure\n        aria-hidden=\"true\"\n        class=\"w-5\"\n    >\n                    <svg width=\"20\" height=\"20\" viewBox=\"0 0 20 20\" fill=\"none\" class=\"SvgIconElement\">\n<path d=\"M4.16659 10L15.8333 10\" stroke=\"currentColor\"\/>\n<path d=\"M9.99992 4.1665L15.8333 9.99984L9.99992 15.8332\" stroke=\"currentColor\"\/>\n<\/svg>\n            <\/figure>\n<\/a>\n                    <\/li>\n                            <\/ul>\n        <\/ul>\n    <\/div>\n<\/div>","protected":false},"excerpt":{"rendered":"","protected":false},"author":72,"featured_media":0,"parent":224,"menu_order":0,"comment_status":"closed","ping_status":"closed","template":"","meta":{"_acf_changed":false,"footnotes":""},"class_list":["post-413","page","type-page","status-publish","hentry"],"acf":[],"yoast_head":"<!-- This site is optimized with the Yoast SEO plugin v27.0 - https:\/\/yoast.com\/product\/yoast-seo-wordpress\/ -->\n<title>Karlskoga - ABF \u00d6rebro l\u00e4n<\/title>\n<meta name=\"description\" content=\"I v\u00e5rt verksamhetshus Firehouse p\u00e5 Bangatan 9 i Karlskoga hittar du replokaler, keramiksalar och andra studiecirkelrum.\" \/>\n<meta name=\"robots\" content=\"index, follow, max-snippet:-1, max-image-preview:large, max-video-preview:-1\" \/>\n<link rel=\"canonical\" href=\"https:\/\/www.abf.se\/orebro-lan\/kontakt-och-lokaler\/vara-lokaler\/karlskoga\/\" \/>\n<meta property=\"og:locale\" content=\"sv_SE\" \/>\n<meta property=\"og:type\" content=\"article\" \/>\n<meta property=\"og:title\" content=\"Karlskoga - ABF \u00d6rebro l\u00e4n\" \/>\n<meta property=\"og:description\" content=\"I v\u00e5rt verksamhetshus Firehouse p\u00e5 Bangatan 9 i Karlskoga hittar du replokaler, keramiksalar och andra studiecirkelrum.\" \/>\n<meta property=\"og:url\" content=\"https:\/\/www.abf.se\/orebro-lan\/kontakt-och-lokaler\/vara-lokaler\/karlskoga\/\" \/>\n<meta property=\"og:site_name\" content=\"\u00d6rebro l\u00e4n\" \/>\n<meta property=\"article:modified_time\" content=\"2025-09-24T13:19:38+00:00\" \/>\n<meta property=\"og:image\" content=\"https:\/\/www.abf.se\/wp-content\/uploads\/sites\/63\/2024\/04\/Nyckeln-liggande-scaled.jpg\" \/>\n\t<meta property=\"og:image:width\" content=\"2560\" \/>\n\t<meta property=\"og:image:height\" content=\"1440\" \/>\n\t<meta property=\"og:image:type\" content=\"image\/jpeg\" \/>\n<meta name=\"twitter:card\" content=\"summary_large_image\" \/>\n<script type=\"application\/ld+json\" class=\"yoast-schema-graph\">{\"@context\":\"https:\/\/schema.org\",\"@graph\":[{\"@type\":\"WebPage\",\"@id\":\"https:\/\/www.abf.se\/orebro-lan\/kontakt-och-lokaler\/vara-lokaler\/karlskoga\/\",\"url\":\"https:\/\/www.abf.se\/orebro-lan\/kontakt-och-lokaler\/vara-lokaler\/karlskoga\/\",\"name\":\"Karlskoga - ABF \u00d6rebro l\u00e4n\",\"isPartOf\":{\"@id\":\"https:\/\/www.abf.se\/orebro-lan\/#website\"},\"datePublished\":\"2024-03-19T13:36:59+00:00\",\"dateModified\":\"2025-09-24T13:19:38+00:00\",\"description\":\"I v\u00e5rt verksamhetshus Firehouse p\u00e5 Bangatan 9 i Karlskoga hittar du replokaler, keramiksalar och andra studiecirkelrum.\",\"breadcrumb\":{\"@id\":\"https:\/\/www.abf.se\/orebro-lan\/kontakt-och-lokaler\/vara-lokaler\/karlskoga\/#breadcrumb\"},\"inLanguage\":\"sv-SE\",\"potentialAction\":[{\"@type\":\"ReadAction\",\"target\":[\"https:\/\/www.abf.se\/orebro-lan\/kontakt-och-lokaler\/vara-lokaler\/karlskoga\/\"]}]},{\"@type\":\"BreadcrumbList\",\"@id\":\"https:\/\/www.abf.se\/orebro-lan\/kontakt-och-lokaler\/vara-lokaler\/karlskoga\/#breadcrumb\",\"itemListElement\":[{\"@type\":\"ListItem\",\"position\":1,\"name\":\"Home\",\"item\":\"https:\/\/www.abf.se\/orebro-lan\/\"},{\"@type\":\"ListItem\",\"position\":2,\"name\":\"Kontakt och lokaler\",\"item\":\"https:\/\/www.abf.se\/orebro-lan\/kontakt-och-lokaler\/\"},{\"@type\":\"ListItem\",\"position\":3,\"name\":\"V\u00e5ra lokaler\",\"item\":\"https:\/\/www.abf.se\/orebro-lan\/kontakt-och-lokaler\/vara-lokaler\/\"},{\"@type\":\"ListItem\",\"position\":4,\"name\":\"Karlskoga\"}]},{\"@type\":\"WebSite\",\"@id\":\"https:\/\/www.abf.se\/orebro-lan\/#website\",\"url\":\"https:\/\/www.abf.se\/orebro-lan\/\",\"name\":\"\u00d6rebro l\u00e4n\",\"description\":\"\",\"potentialAction\":[{\"@type\":\"SearchAction\",\"target\":{\"@type\":\"EntryPoint\",\"urlTemplate\":\"https:\/\/www.abf.se\/orebro-lan\/?s={search_term_string}\"},\"query-input\":{\"@type\":\"PropertyValueSpecification\",\"valueRequired\":true,\"valueName\":\"search_term_string\"}}],\"inLanguage\":\"sv-SE\"}]}<\/script>\n<!-- \/ Yoast SEO plugin. -->","yoast_head_json":{"title":"Karlskoga - ABF \u00d6rebro l\u00e4n","description":"I v\u00e5rt verksamhetshus Firehouse p\u00e5 Bangatan 9 i Karlskoga hittar du replokaler, keramiksalar och andra studiecirkelrum.","robots":{"index":"index","follow":"follow","max-snippet":"max-snippet:-1","max-image-preview":"max-image-preview:large","max-video-preview":"max-video-preview:-1"},"canonical":"https:\/\/www.abf.se\/orebro-lan\/kontakt-och-lokaler\/vara-lokaler\/karlskoga\/","og_locale":"sv_SE","og_type":"article","og_title":"Karlskoga - ABF \u00d6rebro l\u00e4n","og_description":"I v\u00e5rt verksamhetshus Firehouse p\u00e5 Bangatan 9 i Karlskoga hittar du replokaler, keramiksalar och andra studiecirkelrum.","og_url":"https:\/\/www.abf.se\/orebro-lan\/kontakt-och-lokaler\/vara-lokaler\/karlskoga\/","og_site_name":"\u00d6rebro l\u00e4n","article_modified_time":"2025-09-24T13:19:38+00:00","og_image":[{"width":2560,"height":1440,"url":"https:\/\/www.abf.se\/wp-content\/uploads\/sites\/63\/2024\/04\/Nyckeln-liggande-scaled.jpg","type":"image\/jpeg"}],"twitter_card":"summary_large_image","schema":{"@context":"https:\/\/schema.org","@graph":[{"@type":"WebPage","@id":"https:\/\/www.abf.se\/orebro-lan\/kontakt-och-lokaler\/vara-lokaler\/karlskoga\/","url":"https:\/\/www.abf.se\/orebro-lan\/kontakt-och-lokaler\/vara-lokaler\/karlskoga\/","name":"Karlskoga - ABF \u00d6rebro l\u00e4n","isPartOf":{"@id":"https:\/\/www.abf.se\/orebro-lan\/#website"},"datePublished":"2024-03-19T13:36:59+00:00","dateModified":"2025-09-24T13:19:38+00:00","description":"I v\u00e5rt verksamhetshus Firehouse p\u00e5 Bangatan 9 i Karlskoga hittar du replokaler, keramiksalar och andra studiecirkelrum.","breadcrumb":{"@id":"https:\/\/www.abf.se\/orebro-lan\/kontakt-och-lokaler\/vara-lokaler\/karlskoga\/#breadcrumb"},"inLanguage":"sv-SE","potentialAction":[{"@type":"ReadAction","target":["https:\/\/www.abf.se\/orebro-lan\/kontakt-och-lokaler\/vara-lokaler\/karlskoga\/"]}]},{"@type":"BreadcrumbList","@id":"https:\/\/www.abf.se\/orebro-lan\/kontakt-och-lokaler\/vara-lokaler\/karlskoga\/#breadcrumb","itemListElement":[{"@type":"ListItem","position":1,"name":"Home","item":"https:\/\/www.abf.se\/orebro-lan\/"},{"@type":"ListItem","position":2,"name":"Kontakt och lokaler","item":"https:\/\/www.abf.se\/orebro-lan\/kontakt-och-lokaler\/"},{"@type":"ListItem","position":3,"name":"V\u00e5ra lokaler","item":"https:\/\/www.abf.se\/orebro-lan\/kontakt-och-lokaler\/vara-lokaler\/"},{"@type":"ListItem","position":4,"name":"Karlskoga"}]},{"@type":"WebSite","@id":"https:\/\/www.abf.se\/orebro-lan\/#website","url":"https:\/\/www.abf.se\/orebro-lan\/","name":"\u00d6rebro l\u00e4n","description":"","potentialAction":[{"@type":"SearchAction","target":{"@type":"EntryPoint","urlTemplate":"https:\/\/www.abf.se\/orebro-lan\/?s={search_term_string}"},"query-input":{"@type":"PropertyValueSpecification","valueRequired":true,"valueName":"search_term_string"}}],"inLanguage":"sv-SE"}]}},"_links":{"self":[{"href":"https:\/\/www.abf.se\/orebro-lan\/wp-json\/wp\/v2\/pages\/413","targetHints":{"allow":["GET"]}}],"collection":[{"href":"https:\/\/www.abf.se\/orebro-lan\/wp-json\/wp\/v2\/pages"}],"about":[{"href":"https:\/\/www.abf.se\/orebro-lan\/wp-json\/wp\/v2\/types\/page"}],"author":[{"embeddable":true,"href":"https:\/\/www.abf.se\/orebro-lan\/wp-json\/wp\/v2\/users\/72"}],"replies":[{"embeddable":true,"href":"https:\/\/www.abf.se\/orebro-lan\/wp-json\/wp\/v2\/comments?post=413"}],"version-history":[{"count":23,"href":"https:\/\/www.abf.se\/orebro-lan\/wp-json\/wp\/v2\/pages\/413\/revisions"}],"predecessor-version":[{"id":1993,"href":"https:\/\/www.abf.se\/orebro-lan\/wp-json\/wp\/v2\/pages\/413\/revisions\/1993"}],"up":[{"embeddable":true,"href":"https:\/\/www.abf.se\/orebro-lan\/wp-json\/wp\/v2\/pages\/224"}],"wp:attachment":[{"href":"https:\/\/www.abf.se\/orebro-lan\/wp-json\/wp\/v2\/media?parent=413"}],"curies":[{"name":"wp","href":"https:\/\/api.w.org\/{rel}","templated":true}]}}