{"id":415,"date":"2024-03-19T14:37:11","date_gmt":"2024-03-19T13:37:11","guid":{"rendered":"https:\/\/www.abf.se\/orebro-lan\/?page_id=415"},"modified":"2025-09-24T15:18:50","modified_gmt":"2025-09-24T13:18:50","slug":"hallsberg","status":"publish","type":"page","link":"https:\/\/www.abf.se\/orebro-lan\/kontakt-och-lokaler\/vara-lokaler\/hallsberg\/","title":{"rendered":"Hallsberg"},"content":{"rendered":"<div\n    class=\"acf-hero-block container-lg no-padding mb-12 js-geolocation\"\n    data-block=\"hero-block\"\n    data-index=\"0\"\n>\n    <div class=\"h-[548px]  relative rounded-[32px] overflow-hidden flex bg-gray-light\">\n        <div class=\"relative z-10 mt-auto h-auto w-full md:h-full\">\n            <div class=\"flex w-full h-full flex-col flex-wrap justify-end w-full md:w-7\/12 lg:w-1\/2 md:justify-center\">\n                <div class=\"flex flex-col gap-3 md:gap-[18px] md:transparent pt-16 pb-36 md:py-8 px-4 w-full md:max-w-[620px] mx-auto px-8\">\n\n                    <h1 class=\"hero-heading hero-heading--red-text\"><span>Hallsberg<\/span><\/h1>\n\n                                            <p class=\"mt-4 max-w-[48ch] text-white\">\n                            Adressen till v\u00e5r lokal i Hallsberg \u00e4r V\u00e4stra Storgatan 11. H\u00e4r finns flera studierum och m\u00f6teslokaler i olika storlekar samt en mindre caf\u00e9del.\n                        <\/p>\n                    \n                                    <\/div>\n            <\/div>\n        <\/div>\n\n                    <picture class=\"as-background-image mix-blend-multiply bg-black\/40\"><img decoding=\"async\" src=\"https:\/\/www.abf.se\/orebro-lan\/resized\/?url=https%3A%2F%2Fwww.abf.se%2Fwp-content%2Fuploads%2Fsites%2F63%2F2024%2F05%2Fhallsberg.jpeg&#038;fit=crop&#038;w=1440&#038;s=b97a37159df37be8e1c8046a13cda8bd\" srcset=\"https:\/\/www.abf.se\/orebro-lan\/resized\/?url=https%3A%2F%2Fwww.abf.se%2Fwp-content%2Fuploads%2Fsites%2F63%2F2024%2F05%2Fhallsberg.jpeg&#038;fit=crop&#038;w=375&#038;h=540&#038;s=b2185f3ebe2b73f844a575464da1e245 375w, https:\/\/www.abf.se\/orebro-lan\/resized\/?url=https%3A%2F%2Fwww.abf.se%2Fwp-content%2Fuploads%2Fsites%2F63%2F2024%2F05%2Fhallsberg.jpeg&#038;fit=crop&#038;w=447&#038;h=540&#038;s=20b260b482d8a68ee5f6c589546470b7 447w, https:\/\/www.abf.se\/orebro-lan\/resized\/?url=https%3A%2F%2Fwww.abf.se%2Fwp-content%2Fuploads%2Fsites%2F63%2F2024%2F05%2Fhallsberg.jpeg&#038;fit=crop&#038;w=519&#038;h=540&#038;s=995ed620ccc6b0e0f22b18af539387ef 519w, https:\/\/www.abf.se\/orebro-lan\/resized\/?url=https%3A%2F%2Fwww.abf.se%2Fwp-content%2Fuploads%2Fsites%2F63%2F2024%2F05%2Fhallsberg.jpeg&#038;fit=crop&#038;w=591&#038;h=540&#038;s=77f1818356745a911a42e0f84b1fbaf7 591w, https:\/\/www.abf.se\/orebro-lan\/resized\/?url=https%3A%2F%2Fwww.abf.se%2Fwp-content%2Fuploads%2Fsites%2F63%2F2024%2F05%2Fhallsberg.jpeg&#038;fit=crop&#038;w=663&#038;h=540&#038;s=3a0c2a664b068a1be6cad4c0131602c3 663w, https:\/\/www.abf.se\/orebro-lan\/resized\/?url=https%3A%2F%2Fwww.abf.se%2Fwp-content%2Fuploads%2Fsites%2F63%2F2024%2F05%2Fhallsberg.jpeg&#038;fit=crop&#038;w=750&#038;h=540&#038;s=da47d3687d04132dd709ffe3f32d928b 750w, https:\/\/www.abf.se\/orebro-lan\/resized\/?url=https%3A%2F%2Fwww.abf.se%2Fwp-content%2Fuploads%2Fsites%2F63%2F2024%2F05%2Fhallsberg.jpeg&#038;fit=crop&#038;w=894&#038;h=540&#038;s=fdc9e4db5057bf57f9b025ce57e8ffe7 894w, https:\/\/www.abf.se\/orebro-lan\/resized\/?url=https%3A%2F%2Fwww.abf.se%2Fwp-content%2Fuploads%2Fsites%2F63%2F2024%2F05%2Fhallsberg.jpeg&#038;fit=crop&#038;w=1038&#038;h=540&#038;s=0e95958dc56a1142d5453c5d89c24f03 1038w, https:\/\/www.abf.se\/orebro-lan\/resized\/?url=https%3A%2F%2Fwww.abf.se%2Fwp-content%2Fuploads%2Fsites%2F63%2F2024%2F05%2Fhallsberg.jpeg&#038;fit=crop&#038;w=1182&#038;h=540&#038;s=bb2d1933a946dd18bee403584500ab3a 1182w, https:\/\/www.abf.se\/orebro-lan\/resized\/?url=https%3A%2F%2Fwww.abf.se%2Fwp-content%2Fuploads%2Fsites%2F63%2F2024%2F05%2Fhallsberg.jpeg&#038;fit=crop&#038;w=1326&#038;h=540&#038;s=adc295e3a317333e116a47dfc676378d 1326w, https:\/\/www.abf.se\/orebro-lan\/resized\/?url=https%3A%2F%2Fwww.abf.se%2Fwp-content%2Fuploads%2Fsites%2F63%2F2024%2F05%2Fhallsberg.jpeg&#038;fit=crop&#038;w=1440&#038;h=540&#038;s=4e816ca4a7828a8ffad231fb63cc2a68 1440w\" alt=\"\" height=\"540\" width=\"1440\" sizes=\"(max-width: 1440px) calc(100vw - 32px), 1440px\" loading=\"eager\" fetchpriority=\"high\" aria-hidden=\"true\" role=\"presentation\" \/><\/picture>\n        \n\n            <\/div>\n\n    <\/div>\n\n<div\n    class=\"acf-text-image-block container my-12 md:my-15\"\n    data-block=\"text-image-block\"\n>\n    <div\n    class=\"flex flex-col items-center md:flex-row gap-8 md:gap-0 justify-between\">\n                        <div class=\"w-full md:w-1\/2 md:order-2\">\n            <picture><img decoding=\"async\" src=\"https:\/\/www.abf.se\/orebro-lan\/resized\/?url=https%3A%2F%2Fwww.abf.se%2Fwp-content%2Fuploads%2Fsites%2F63%2F2024%2F05%2Fhallsberg.jpeg&#038;fit=crop&#038;w=578&#038;s=b2e5a512b31d2dde0c9b404fcd4efcc3\" srcset=\"https:\/\/www.abf.se\/orebro-lan\/resized\/?url=https%3A%2F%2Fwww.abf.se%2Fwp-content%2Fuploads%2Fsites%2F63%2F2024%2F05%2Fhallsberg.jpeg&#038;fit=crop&#038;w=144&#038;h=126&#038;s=3c5358cfe1e7375a0155afc2ba680991 144w, https:\/\/www.abf.se\/orebro-lan\/resized\/?url=https%3A%2F%2Fwww.abf.se%2Fwp-content%2Fuploads%2Fsites%2F63%2F2024%2F05%2Fhallsberg.jpeg&#038;fit=crop&#038;w=240&#038;h=211&#038;s=378b2d7ed8dc631b07db417063b1ac2d 240w, https:\/\/www.abf.se\/orebro-lan\/resized\/?url=https%3A%2F%2Fwww.abf.se%2Fwp-content%2Fuploads%2Fsites%2F63%2F2024%2F05%2Fhallsberg.jpeg&#038;fit=crop&#038;w=288&#038;h=253&#038;s=88b656ca0495149e4da2ddbafc900493 288w, https:\/\/www.abf.se\/orebro-lan\/resized\/?url=https%3A%2F%2Fwww.abf.se%2Fwp-content%2Fuploads%2Fsites%2F63%2F2024%2F05%2Fhallsberg.jpeg&#038;fit=crop&#038;w=336&#038;h=295&#038;s=7ef87b0794157dd1593b0af4fde2d642 336w, https:\/\/www.abf.se\/orebro-lan\/resized\/?url=https%3A%2F%2Fwww.abf.se%2Fwp-content%2Fuploads%2Fsites%2F63%2F2024%2F05%2Fhallsberg.jpeg&#038;fit=crop&#038;w=432&#038;h=380&#038;s=200cf3f6ab386dd86a13ebbeddd75322 432w, https:\/\/www.abf.se\/orebro-lan\/resized\/?url=https%3A%2F%2Fwww.abf.se%2Fwp-content%2Fuploads%2Fsites%2F63%2F2024%2F05%2Fhallsberg.jpeg&#038;fit=crop&#038;w=480&#038;h=422&#038;s=94397eba0a0c4429f00a52536ad54ae6 480w, https:\/\/www.abf.se\/orebro-lan\/resized\/?url=https%3A%2F%2Fwww.abf.se%2Fwp-content%2Fuploads%2Fsites%2F63%2F2024%2F05%2Fhallsberg.jpeg&#038;fit=crop&#038;w=528&#038;h=464&#038;s=e4be4b2ebe0adeb18f23be916612e1e7 528w, https:\/\/www.abf.se\/orebro-lan\/resized\/?url=https%3A%2F%2Fwww.abf.se%2Fwp-content%2Fuploads%2Fsites%2F63%2F2024%2F05%2Fhallsberg.jpeg&#038;fit=crop&#038;w=578&#038;h=509&#038;s=401340e0b3893962caffcf98b6790633 578w, https:\/\/www.abf.se\/orebro-lan\/resized\/?url=https%3A%2F%2Fwww.abf.se%2Fwp-content%2Fuploads%2Fsites%2F63%2F2024%2F05%2Fhallsberg.jpeg&#038;fit=crop&#038;w=672&#038;h=591&#038;s=74de8545232660977b5ac871a388cce5 672w, https:\/\/www.abf.se\/orebro-lan\/resized\/?url=https%3A%2F%2Fwww.abf.se%2Fwp-content%2Fuploads%2Fsites%2F63%2F2024%2F05%2Fhallsberg.jpeg&#038;fit=crop&#038;w=864&#038;h=760&#038;s=489b249a36fb35849fa22feeb9309fbc 864w, https:\/\/www.abf.se\/orebro-lan\/resized\/?url=https%3A%2F%2Fwww.abf.se%2Fwp-content%2Fuploads%2Fsites%2F63%2F2024%2F05%2Fhallsberg.jpeg&#038;fit=crop&#038;w=1056&#038;h=929&#038;s=b47f147607f56ae2c60da2b2d39bf642 1056w\" alt=\"\" height=\"509\" width=\"578\" sizes=\"auto, (max-width: 768px) 100vw,\n                (max-width: 1280px) 50vw, 578px\" loading=\"lazy\" fetchpriority=\"low\" \/><\/picture>\n\n        <\/div>\n        \n        <div class=\"w-full md:w-1\/2 md:order-1\">\n        <div class=\"mx-auto md:max-w-[368px]\">\n            <h2 class=\"heading-lg\"><\/h2>\n            <div class=\"mb-6 mt-4 wysiwyg\">\n                <p><strong>Bes\u00f6ksadress:<\/strong><br \/>\nV\u00e4stra Storgatan 11<br \/>\n694 30 Hallsberg<\/p>\n<p><strong>Telefon:<\/strong><br \/>\n010-203 17 00<\/p>\n<p><strong>E-post:<\/strong><br \/>\ninfo.orebro@abf.se<\/p>\n\n            <\/div>\n                    <\/div>\n        <\/div>\n    <\/div>\n<\/div><ul\n    class=\"acf-article-accordion-block accordion-group grid gap-4 my-12 article-container\"\n    data-block=\"article-accordion-block \"\n    data-ui-accordion-group\n>\n\n            <li class=\"accordion\" data-ui-accordion data-ui-accordion-open=\"false\">\n        <h3>\n        <button data-ui-accordion-button class=\"accordion-toggle font-bold\" aria-expanded=\"false\" aria-controls=\"row-personal-0\" id=\"personal-0\">\n            Personal\n            \n            <figure class=\"w-4.5 h-4.5\" aria-hidden=\"true\">\n            <svg width=\"20\" height=\"20\" viewBox=\"0 0 20 20\" fill=\"none\"\nclass=\"SvgIconElement\">\n<path d=\"M15.8333 7.16667L9.99992 13L4.16659 7.16667\" stroke=\"currentColor\"\/>\n<\/svg>\n            <\/figure>\n        <\/button>\n        \n                <\/h3>\n        <div class=\"accordion-content\">\n            <div id=\"row-personal-0\" role=\"region\" class=\"accordion-content-wrap\" aria-labelledby=\"personal-0\">\n                                                <div class=\"grid md:grid-cols-3 gap-y-10 mt-10\">\n                        \n                                                        <div class=\"contact flex flex-col gap-3\">\n                                <div class=\"md:max-w-[160px]\">\n                                    <picture><source media=\"(max-width:767px)\" srcset=\"https:\/\/www.abf.se\/orebro-lan\/resized\/?url=https%3A%2F%2Fwww.abf.se%2Fwp-content%2Fuploads%2Fsites%2F63%2F2024%2F03%2F20230130_104159-scaled.jpg&#038;fit=crop&#038;w=800&#038;h=800&#038;s=82ba9bb29b8bbd6c4bba1e585e653401 1x, https:\/\/www.abf.se\/orebro-lan\/resized\/?url=https%3A%2F%2Fwww.abf.se%2Fwp-content%2Fuploads%2Fsites%2F63%2F2024%2F03%2F20230130_104159-scaled.jpg&#038;fit=crop&#038;w=1600&#038;h=1600&#038;s=9fe5f329c999cef269bc684e6f4728ad 2x\"><img decoding=\"async\" src=\"https:\/\/www.abf.se\/orebro-lan\/resized\/?url=https%3A%2F%2Fwww.abf.se%2Fwp-content%2Fuploads%2Fsites%2F63%2F2024%2F03%2F20230130_104159-scaled.jpg&#038;fit=crop&#038;w=160&#038;s=b7ed3ad697cb098b1f7be5f54d63e59e\" srcset=\"https:\/\/www.abf.se\/orebro-lan\/resized\/?url=https%3A%2F%2Fwww.abf.se%2Fwp-content%2Fuploads%2Fsites%2F63%2F2024%2F03%2F20230130_104159-scaled.jpg&#038;fit=crop&#038;w=320&#038;h=440&#038;s=d000f240eba344fc3f7aa2bd7bf78ef0 1x, https:\/\/www.abf.se\/orebro-lan\/resized\/?url=https%3A%2F%2Fwww.abf.se%2Fwp-content%2Fuploads%2Fsites%2F63%2F2024%2F03%2F20230130_104159-scaled.jpg&#038;fit=crop&#038;w=320&#038;h=440&#038;s=d000f240eba344fc3f7aa2bd7bf78ef0 2x\" alt=\"\" \/><\/picture>\n                                <\/div>\n                                <div class=\"\">\n                                    <h4 class=\"heading-lg\">Mikael Loiske<\/h4>\n                                    <p class=\"body-md\">Verksamhetsutvecklare inom pension\u00e4rsorganisationer och funktionshinderr\u00f6relsen<\/p>\n                                                                    <\/div>\n                                                                <div class=\"flex gap flex-col label-md gap-1\">\n                                                                        <div class=\"flex gap-3\">\n                                        <svg width=\"20\" height=\"20\" viewBox=\"0 0 20 20\" fill=\"none\" xmlns=\"http:\/\/www.w3.org\/2000\/svg\">\n<path d=\"M16.625 17.5C14.8333 17.5 13.0868 17.1007 11.3854 16.3021C9.68403 15.5035 8.17708 14.4479 6.86458 13.1354C5.55208 11.8229 4.49653 10.316 3.69792 8.61458C2.89931 6.91319 2.5 5.16667 2.5 3.375C2.5 3.125 2.58333 2.91667 2.75 2.75C2.91667 2.58333 3.125 2.5 3.375 2.5H6.75C6.94444 2.5 7.11806 2.5625 7.27083 2.6875C7.42361 2.8125 7.51389 2.97222 7.54167 3.16667L8.08333 6.08333C8.11111 6.27778 8.10764 6.45486 8.07292 6.61458C8.03819 6.77431 7.95833 6.91667 7.83333 7.04167L5.8125 9.08333C6.39583 10.0833 7.12847 11.0208 8.01042 11.8958C8.89236 12.7708 9.86111 13.5278 10.9167 14.1667L12.875 12.2083C13 12.0833 13.1632 11.9896 13.3646 11.9271C13.566 11.8646 13.7639 11.8472 13.9583 11.875L16.8333 12.4583C17.0278 12.5 17.1875 12.5938 17.3125 12.7396C17.4375 12.8854 17.5 13.0556 17.5 13.25V16.625C17.5 16.875 17.4167 17.0833 17.25 17.25C17.0833 17.4167 16.875 17.5 16.625 17.5ZM5.02083 7.5L6.39583 6.125L6.04167 4.16667H4.1875C4.25694 4.73611 4.35417 5.29861 4.47917 5.85417C4.60417 6.40972 4.78472 6.95833 5.02083 7.5ZM15.8333 15.7917V13.9583L13.875 13.5625L12.4792 14.9583C13.0208 15.1944 13.5729 15.3819 14.1354 15.5208C14.6979 15.6597 15.2639 15.75 15.8333 15.7917Z\" fill=\"black\"\/>\n<\/svg>\n                                        <p>\n                                                                                                                               <a href=\"callto:010-203 17 06\">010-203 17 06<\/a>\n                                                                                                                                     <\/p>\n                                    <\/div>\n                                                                                                            <div class=\"flex gap-3\">\n                                        <svg width=\"20\" height=\"20\" viewBox=\"0 0 20 20\" fill=\"none\" xmlns=\"http:\/\/www.w3.org\/2000\/svg\">\n<path d=\"M3.33366 16.6666C2.87533 16.6666 2.48296 16.5035 2.15658 16.1771C1.83019 15.8507 1.66699 15.4583 1.66699 15V4.99998C1.66699 4.54165 1.83019 4.14929 2.15658 3.8229C2.48296 3.49651 2.87533 3.33331 3.33366 3.33331H16.667C17.1253 3.33331 17.5177 3.49651 17.8441 3.8229C18.1705 4.14929 18.3337 4.54165 18.3337 4.99998V15C18.3337 15.4583 18.1705 15.8507 17.8441 16.1771C17.5177 16.5035 17.1253 16.6666 16.667 16.6666H3.33366ZM16.667 6.66665L10.4378 10.5625C10.3684 10.6041 10.2955 10.6354 10.2191 10.6562C10.1427 10.6771 10.0698 10.6875 10.0003 10.6875C9.93088 10.6875 9.85797 10.6771 9.78158 10.6562C9.70519 10.6354 9.63227 10.6041 9.56283 10.5625L3.33366 6.66665V15H16.667V6.66665ZM10.0003 9.16665L16.667 4.99998H3.33366L10.0003 9.16665ZM3.33366 6.87498V5.64581V5.66665V5.65623V6.87498Z\" fill=\"black\"\/>\n<\/svg>\n                                        <p><a href=\"mailto:mikael.loiske@abf.se\">mikael.loiske@abf.se<\/a><\/p>\n                                    <\/div>\n                                                                    <\/div>\n                                                            <\/div>\n                                            <\/div>\n                                        <\/div>\n        <\/div>\n    <\/li>\n    <\/ul>\n","protected":false},"excerpt":{"rendered":"","protected":false},"author":72,"featured_media":0,"parent":224,"menu_order":0,"comment_status":"closed","ping_status":"closed","template":"","meta":{"_acf_changed":false,"footnotes":""},"class_list":["post-415","page","type-page","status-publish","hentry"],"acf":[],"yoast_head":"<!-- This site is optimized with the Yoast SEO plugin v27.0 - https:\/\/yoast.com\/product\/yoast-seo-wordpress\/ -->\n<title>Hallsberg - ABF \u00d6rebro l\u00e4n<\/title>\n<meta name=\"description\" content=\"Adressen till v\u00e5r lokal i Hallsberg \u00e4r V\u00e4stra Storgatan 11. H\u00e4r finns flera studierum och m\u00f6teslokaler i olika storlekar.\" \/>\n<meta name=\"robots\" content=\"index, follow, max-snippet:-1, max-image-preview:large, max-video-preview:-1\" \/>\n<link rel=\"canonical\" href=\"https:\/\/www.abf.se\/orebro-lan\/kontakt-och-lokaler\/vara-lokaler\/hallsberg\/\" \/>\n<meta property=\"og:locale\" content=\"sv_SE\" \/>\n<meta property=\"og:type\" content=\"article\" \/>\n<meta property=\"og:title\" content=\"Hallsberg - ABF \u00d6rebro l\u00e4n\" \/>\n<meta property=\"og:description\" content=\"Adressen till v\u00e5r lokal i Hallsberg \u00e4r V\u00e4stra Storgatan 11. H\u00e4r finns flera studierum och m\u00f6teslokaler i olika storlekar.\" \/>\n<meta property=\"og:url\" content=\"https:\/\/www.abf.se\/orebro-lan\/kontakt-och-lokaler\/vara-lokaler\/hallsberg\/\" \/>\n<meta property=\"og:site_name\" content=\"\u00d6rebro l\u00e4n\" \/>\n<meta property=\"article:modified_time\" content=\"2025-09-24T13:18:50+00:00\" \/>\n<meta property=\"og:image\" content=\"https:\/\/www.abf.se\/wp-content\/uploads\/sites\/63\/2024\/04\/Nyckeln-liggande-scaled.jpg\" \/>\n\t<meta property=\"og:image:width\" content=\"2560\" \/>\n\t<meta property=\"og:image:height\" content=\"1440\" \/>\n\t<meta property=\"og:image:type\" content=\"image\/jpeg\" \/>\n<meta name=\"twitter:card\" content=\"summary_large_image\" \/>\n<script type=\"application\/ld+json\" class=\"yoast-schema-graph\">{\"@context\":\"https:\/\/schema.org\",\"@graph\":[{\"@type\":\"WebPage\",\"@id\":\"https:\/\/www.abf.se\/orebro-lan\/kontakt-och-lokaler\/vara-lokaler\/hallsberg\/\",\"url\":\"https:\/\/www.abf.se\/orebro-lan\/kontakt-och-lokaler\/vara-lokaler\/hallsberg\/\",\"name\":\"Hallsberg - ABF \u00d6rebro l\u00e4n\",\"isPartOf\":{\"@id\":\"https:\/\/www.abf.se\/orebro-lan\/#website\"},\"datePublished\":\"2024-03-19T13:37:11+00:00\",\"dateModified\":\"2025-09-24T13:18:50+00:00\",\"description\":\"Adressen till v\u00e5r lokal i Hallsberg \u00e4r V\u00e4stra Storgatan 11. H\u00e4r finns flera studierum och m\u00f6teslokaler i olika storlekar.\",\"breadcrumb\":{\"@id\":\"https:\/\/www.abf.se\/orebro-lan\/kontakt-och-lokaler\/vara-lokaler\/hallsberg\/#breadcrumb\"},\"inLanguage\":\"sv-SE\",\"potentialAction\":[{\"@type\":\"ReadAction\",\"target\":[\"https:\/\/www.abf.se\/orebro-lan\/kontakt-och-lokaler\/vara-lokaler\/hallsberg\/\"]}]},{\"@type\":\"BreadcrumbList\",\"@id\":\"https:\/\/www.abf.se\/orebro-lan\/kontakt-och-lokaler\/vara-lokaler\/hallsberg\/#breadcrumb\",\"itemListElement\":[{\"@type\":\"ListItem\",\"position\":1,\"name\":\"Home\",\"item\":\"https:\/\/www.abf.se\/orebro-lan\/\"},{\"@type\":\"ListItem\",\"position\":2,\"name\":\"Kontakt och lokaler\",\"item\":\"https:\/\/www.abf.se\/orebro-lan\/kontakt-och-lokaler\/\"},{\"@type\":\"ListItem\",\"position\":3,\"name\":\"V\u00e5ra lokaler\",\"item\":\"https:\/\/www.abf.se\/orebro-lan\/kontakt-och-lokaler\/vara-lokaler\/\"},{\"@type\":\"ListItem\",\"position\":4,\"name\":\"Hallsberg\"}]},{\"@type\":\"WebSite\",\"@id\":\"https:\/\/www.abf.se\/orebro-lan\/#website\",\"url\":\"https:\/\/www.abf.se\/orebro-lan\/\",\"name\":\"\u00d6rebro l\u00e4n\",\"description\":\"\",\"potentialAction\":[{\"@type\":\"SearchAction\",\"target\":{\"@type\":\"EntryPoint\",\"urlTemplate\":\"https:\/\/www.abf.se\/orebro-lan\/?s={search_term_string}\"},\"query-input\":{\"@type\":\"PropertyValueSpecification\",\"valueRequired\":true,\"valueName\":\"search_term_string\"}}],\"inLanguage\":\"sv-SE\"}]}<\/script>\n<!-- \/ Yoast SEO plugin. -->","yoast_head_json":{"title":"Hallsberg - ABF \u00d6rebro l\u00e4n","description":"Adressen till v\u00e5r lokal i Hallsberg \u00e4r V\u00e4stra Storgatan 11. H\u00e4r finns flera studierum och m\u00f6teslokaler i olika storlekar.","robots":{"index":"index","follow":"follow","max-snippet":"max-snippet:-1","max-image-preview":"max-image-preview:large","max-video-preview":"max-video-preview:-1"},"canonical":"https:\/\/www.abf.se\/orebro-lan\/kontakt-och-lokaler\/vara-lokaler\/hallsberg\/","og_locale":"sv_SE","og_type":"article","og_title":"Hallsberg - ABF \u00d6rebro l\u00e4n","og_description":"Adressen till v\u00e5r lokal i Hallsberg \u00e4r V\u00e4stra Storgatan 11. H\u00e4r finns flera studierum och m\u00f6teslokaler i olika storlekar.","og_url":"https:\/\/www.abf.se\/orebro-lan\/kontakt-och-lokaler\/vara-lokaler\/hallsberg\/","og_site_name":"\u00d6rebro l\u00e4n","article_modified_time":"2025-09-24T13:18:50+00:00","og_image":[{"width":2560,"height":1440,"url":"https:\/\/www.abf.se\/wp-content\/uploads\/sites\/63\/2024\/04\/Nyckeln-liggande-scaled.jpg","type":"image\/jpeg"}],"twitter_card":"summary_large_image","schema":{"@context":"https:\/\/schema.org","@graph":[{"@type":"WebPage","@id":"https:\/\/www.abf.se\/orebro-lan\/kontakt-och-lokaler\/vara-lokaler\/hallsberg\/","url":"https:\/\/www.abf.se\/orebro-lan\/kontakt-och-lokaler\/vara-lokaler\/hallsberg\/","name":"Hallsberg - ABF \u00d6rebro l\u00e4n","isPartOf":{"@id":"https:\/\/www.abf.se\/orebro-lan\/#website"},"datePublished":"2024-03-19T13:37:11+00:00","dateModified":"2025-09-24T13:18:50+00:00","description":"Adressen till v\u00e5r lokal i Hallsberg \u00e4r V\u00e4stra Storgatan 11. H\u00e4r finns flera studierum och m\u00f6teslokaler i olika storlekar.","breadcrumb":{"@id":"https:\/\/www.abf.se\/orebro-lan\/kontakt-och-lokaler\/vara-lokaler\/hallsberg\/#breadcrumb"},"inLanguage":"sv-SE","potentialAction":[{"@type":"ReadAction","target":["https:\/\/www.abf.se\/orebro-lan\/kontakt-och-lokaler\/vara-lokaler\/hallsberg\/"]}]},{"@type":"BreadcrumbList","@id":"https:\/\/www.abf.se\/orebro-lan\/kontakt-och-lokaler\/vara-lokaler\/hallsberg\/#breadcrumb","itemListElement":[{"@type":"ListItem","position":1,"name":"Home","item":"https:\/\/www.abf.se\/orebro-lan\/"},{"@type":"ListItem","position":2,"name":"Kontakt och lokaler","item":"https:\/\/www.abf.se\/orebro-lan\/kontakt-och-lokaler\/"},{"@type":"ListItem","position":3,"name":"V\u00e5ra lokaler","item":"https:\/\/www.abf.se\/orebro-lan\/kontakt-och-lokaler\/vara-lokaler\/"},{"@type":"ListItem","position":4,"name":"Hallsberg"}]},{"@type":"WebSite","@id":"https:\/\/www.abf.se\/orebro-lan\/#website","url":"https:\/\/www.abf.se\/orebro-lan\/","name":"\u00d6rebro l\u00e4n","description":"","potentialAction":[{"@type":"SearchAction","target":{"@type":"EntryPoint","urlTemplate":"https:\/\/www.abf.se\/orebro-lan\/?s={search_term_string}"},"query-input":{"@type":"PropertyValueSpecification","valueRequired":true,"valueName":"search_term_string"}}],"inLanguage":"sv-SE"}]}},"_links":{"self":[{"href":"https:\/\/www.abf.se\/orebro-lan\/wp-json\/wp\/v2\/pages\/415","targetHints":{"allow":["GET"]}}],"collection":[{"href":"https:\/\/www.abf.se\/orebro-lan\/wp-json\/wp\/v2\/pages"}],"about":[{"href":"https:\/\/www.abf.se\/orebro-lan\/wp-json\/wp\/v2\/types\/page"}],"author":[{"embeddable":true,"href":"https:\/\/www.abf.se\/orebro-lan\/wp-json\/wp\/v2\/users\/72"}],"replies":[{"embeddable":true,"href":"https:\/\/www.abf.se\/orebro-lan\/wp-json\/wp\/v2\/comments?post=415"}],"version-history":[{"count":14,"href":"https:\/\/www.abf.se\/orebro-lan\/wp-json\/wp\/v2\/pages\/415\/revisions"}],"predecessor-version":[{"id":2000,"href":"https:\/\/www.abf.se\/orebro-lan\/wp-json\/wp\/v2\/pages\/415\/revisions\/2000"}],"up":[{"embeddable":true,"href":"https:\/\/www.abf.se\/orebro-lan\/wp-json\/wp\/v2\/pages\/224"}],"wp:attachment":[{"href":"https:\/\/www.abf.se\/orebro-lan\/wp-json\/wp\/v2\/media?parent=415"}],"curies":[{"name":"wp","href":"https:\/\/api.w.org\/{rel}","templated":true}]}}