{"id":712,"date":"2024-03-21T14:29:54","date_gmt":"2024-03-21T13:29:54","guid":{"rendered":"https:\/\/www.abf.se\/orebro-lan\/?page_id=712"},"modified":"2025-09-24T16:25:40","modified_gmt":"2025-09-24T14:25:40","slug":"bra-att-veta","status":"publish","type":"page","link":"https:\/\/www.abf.se\/orebro-lan\/var-verksamhet\/oppna-torget\/bra-att-veta\/","title":{"rendered":"Bra att veta"},"content":{"rendered":"<div\n    class=\"acf-hero-block container-lg no-padding mb-12 js-geolocation\"\n    data-block=\"hero-block\"\n    data-index=\"0\"\n>\n    <div class=\"h-[548px]  relative rounded-[32px] overflow-hidden flex bg-gray-light\">\n        <div class=\"relative z-10 mt-auto h-auto w-full md:h-full\">\n            <div class=\"flex w-full h-full flex-col flex-wrap justify-end w-full md:w-7\/12 lg:w-1\/2 md:justify-center\">\n                <div class=\"flex flex-col gap-3 md:gap-[18px] md:transparent pt-16 pb-36 md:py-8 px-4 w-full md:max-w-[620px] mx-auto px-8\">\n\n                    <h1 class=\"hero-heading hero-heading--red-text\"><span>Bra att veta<br \/>\r\ninnan din anm\u00e4lan<\/span><\/h1>\n\n                    \n                                    <\/div>\n            <\/div>\n        <\/div>\n\n                    <picture class=\"as-background-image mix-blend-multiply bg-black\/40\"><img decoding=\"async\" src=\"https:\/\/www.abf.se\/orebro-lan\/resized\/?url=https%3A%2F%2Fwww.abf.se%2Fwp-content%2Fuploads%2F2023%2F11%2FBokalskaren-liggande_IMGP.jpg&#038;fit=crop&#038;w=1440&#038;s=a90adb7c688638aa6daa54b56c8bbb11\" srcset=\"https:\/\/www.abf.se\/orebro-lan\/resized\/?url=https%3A%2F%2Fwww.abf.se%2Fwp-content%2Fuploads%2F2023%2F11%2FBokalskaren-liggande_IMGP.jpg&#038;fit=crop&#038;w=375&#038;h=540&#038;s=77df3578f3ad8b93ce281f8d6a02e68a 375w, https:\/\/www.abf.se\/orebro-lan\/resized\/?url=https%3A%2F%2Fwww.abf.se%2Fwp-content%2Fuploads%2F2023%2F11%2FBokalskaren-liggande_IMGP.jpg&#038;fit=crop&#038;w=447&#038;h=540&#038;s=efb3454378e6f485393929c581425758 447w, https:\/\/www.abf.se\/orebro-lan\/resized\/?url=https%3A%2F%2Fwww.abf.se%2Fwp-content%2Fuploads%2F2023%2F11%2FBokalskaren-liggande_IMGP.jpg&#038;fit=crop&#038;w=519&#038;h=540&#038;s=ae8a27fd3c9155df5be0b4e3c305fdee 519w, https:\/\/www.abf.se\/orebro-lan\/resized\/?url=https%3A%2F%2Fwww.abf.se%2Fwp-content%2Fuploads%2F2023%2F11%2FBokalskaren-liggande_IMGP.jpg&#038;fit=crop&#038;w=591&#038;h=540&#038;s=d079ab839e71c6460f1cdc934fed18f6 591w, https:\/\/www.abf.se\/orebro-lan\/resized\/?url=https%3A%2F%2Fwww.abf.se%2Fwp-content%2Fuploads%2F2023%2F11%2FBokalskaren-liggande_IMGP.jpg&#038;fit=crop&#038;w=663&#038;h=540&#038;s=c2a9d509a49315ee1c04fd0131654ca8 663w, https:\/\/www.abf.se\/orebro-lan\/resized\/?url=https%3A%2F%2Fwww.abf.se%2Fwp-content%2Fuploads%2F2023%2F11%2FBokalskaren-liggande_IMGP.jpg&#038;fit=crop&#038;w=750&#038;h=540&#038;s=c738b1b5ee2f014b756734be7f14c87c 750w, https:\/\/www.abf.se\/orebro-lan\/resized\/?url=https%3A%2F%2Fwww.abf.se%2Fwp-content%2Fuploads%2F2023%2F11%2FBokalskaren-liggande_IMGP.jpg&#038;fit=crop&#038;w=894&#038;h=540&#038;s=7b74b45fed7b4fddf4b0d397c9bff7fb 894w, https:\/\/www.abf.se\/orebro-lan\/resized\/?url=https%3A%2F%2Fwww.abf.se%2Fwp-content%2Fuploads%2F2023%2F11%2FBokalskaren-liggande_IMGP.jpg&#038;fit=crop&#038;w=1038&#038;h=540&#038;s=6b0803ee418fb92ff0c914b2793c4636 1038w, https:\/\/www.abf.se\/orebro-lan\/resized\/?url=https%3A%2F%2Fwww.abf.se%2Fwp-content%2Fuploads%2F2023%2F11%2FBokalskaren-liggande_IMGP.jpg&#038;fit=crop&#038;w=1182&#038;h=540&#038;s=c7f92ba0f6bf9849d35766359cbaaee9 1182w, https:\/\/www.abf.se\/orebro-lan\/resized\/?url=https%3A%2F%2Fwww.abf.se%2Fwp-content%2Fuploads%2F2023%2F11%2FBokalskaren-liggande_IMGP.jpg&#038;fit=crop&#038;w=1326&#038;h=540&#038;s=2a2afc808fe15be6d9e4ef873af8b2fe 1326w, https:\/\/www.abf.se\/orebro-lan\/resized\/?url=https%3A%2F%2Fwww.abf.se%2Fwp-content%2Fuploads%2F2023%2F11%2FBokalskaren-liggande_IMGP.jpg&#038;fit=crop&#038;w=1440&#038;h=540&#038;s=4d48cdf58295afec69f00939be214b1e 1440w\" alt=\"\" height=\"540\" width=\"1440\" sizes=\"(max-width: 1440px) calc(100vw - 32px), 1440px\" loading=\"eager\" fetchpriority=\"high\" aria-hidden=\"true\" role=\"presentation\" \/><\/picture>\n        \n\n            <\/div>\n\n    <\/div>\n\n<div\n    class=\"acf-article-text-block article-container my-12\"\n    data-block=\"article-text-block\"\n>\n    <div class=\"wysiwyg\">\n        <h3><span data-contrast=\"none\">Anm\u00e4lan<\/span><\/h3>\n<p><span data-contrast=\"none\">Anm\u00e4l dig via v\u00e5r hemsida, per telefon, via e-post eller genom ett personligt bes\u00f6k. Anm\u00e4lan \u00e4r bindande.<\/span><span data-ccp-props=\"{&quot;134233117&quot;:false,&quot;134233118&quot;:false,&quot;201341983&quot;:0,&quot;335557856&quot;:16777215,&quot;335559738&quot;:0,&quot;335559739&quot;:203,&quot;335559740&quot;:259}\">\u00a0\u00a0<\/span><span data-contrast=\"none\">Villkor f\u00f6r anm\u00e4lan och avanm\u00e4lan\u00a0hittar Du p\u00e5 v\u00e5r sida om\u00a0<a href=\"https:\/\/www.abf.se\/norr\/villkor-for-anmalan-cirklar-kurs-och-arrangemang\/\">allm\u00e4nna villkor<\/a>.<\/span><span data-ccp-props=\"{&quot;134233117&quot;:false,&quot;134233118&quot;:false,&quot;201341983&quot;:0,&quot;335557856&quot;:16777215,&quot;335559738&quot;:0,&quot;335559739&quot;:203,&quot;335559740&quot;:259}\">\u00a0<\/span><\/p>\n<h3><span data-contrast=\"none\">Cirkelstart<\/span><\/h3>\n<p><span data-contrast=\"none\">Cirklarna startar s\u00e5 snart vi har tillr\u00e4ckligt m\u00e5nga anm\u00e4lda deltagare. Kallelse med faktura kommer till dig tidigast tv\u00e5 veckor f\u00f6re start. Den skickas i f\u00f6rsta hand till den e-post du angett i anm\u00e4lan. Vill du hellre ha en pappersfaktura, kontakta oss s\u00e5 ordnar vi det.<\/span><span data-ccp-props=\"{&quot;134233117&quot;:false,&quot;134233118&quot;:false,&quot;201341983&quot;:0,&quot;335557856&quot;:16777215,&quot;335559738&quot;:0,&quot;335559739&quot;:203,&quot;335559740&quot;:259}\">\u00a0<\/span><\/p>\n<h3><span data-contrast=\"none\">Studietid\u00a0<\/span><\/h3>\n<p><span data-contrast=\"none\">Timmar som anges i programmet \u00e4r studietimmar. En studietimme = 45 minuter.<\/span><span data-ccp-props=\"{&quot;134233117&quot;:false,&quot;134233118&quot;:false,&quot;201341983&quot;:0,&quot;335557856&quot;:16777215,&quot;335559738&quot;:0,&quot;335559739&quot;:203,&quot;335559740&quot;:259}\">\u00a0<\/span><\/p>\n<h3>Delbetalning<\/h3>\n<p>Du har m\u00f6jlighet att delbetala upp till tre g\u00e5nger. Meddela oss detta n\u00e4r du anm\u00e4ler dig s\u00e5 l\u00e4gger vi upp det s\u00e5 det passar dig.<\/p>\n<h3><span data-contrast=\"none\">Rabatt<\/span><\/h3>\n<p><span data-contrast=\"none\">\u00c4r du medlem i n\u00e5got LO-fack \u00e4r det m\u00f6jligt att du f\u00e5r rabatt p\u00e5 deltagaravgiften. Tag kontakt med din fackliga organisation \u2013 det kan l\u00f6na sig.<\/span><span data-ccp-props=\"{&quot;134233117&quot;:false,&quot;134233118&quot;:false,&quot;201341983&quot;:0,&quot;335557856&quot;:16777215,&quot;335559738&quot;:0,&quot;335559739&quot;:203,&quot;335559740&quot;:259}\">\u00a0<\/span><\/p>\n<p><span data-contrast=\"none\">\u00c4r du medlem i n\u00e5gon funktionsvariations- eller pension\u00e4rsf\u00f6rening och vill vara med i studieverksamheten. Kontakta din funktionsvariations-\/pension\u00e4rsf\u00f6rening.<\/span><span data-ccp-props=\"{&quot;134233117&quot;:false,&quot;134233118&quot;:false,&quot;201341983&quot;:0,&quot;335557856&quot;:16777215,&quot;335559738&quot;:0,&quot;335559739&quot;:203,&quot;335559740&quot;:259}\">\u00a0<\/span><\/p>\n<h3><span data-contrast=\"none\">Studiematerial<\/span><\/h3>\n<p><span data-contrast=\"none\">Kostnaden f\u00f6r litteratur och material ing\u00e5r normalt ej i deltagaravgiften.<\/span><span data-ccp-props=\"{&quot;134233117&quot;:false,&quot;134233118&quot;:false,&quot;201341983&quot;:0,&quot;335557856&quot;:16777215,&quot;335559738&quot;:0,&quot;335559739&quot;:203,&quot;335559740&quot;:259}\">\u00a0<\/span><\/p>\n<h3><span data-contrast=\"none\">Olycksfallsf\u00f6rs\u00e4kring<\/span><\/h3>\n<p><span data-contrast=\"none\">Som deltagare \u00e4r du f\u00f6rs\u00e4krad till och fr\u00e5n samt under p\u00e5g\u00e5ende studiecirkel.<\/span><span data-ccp-props=\"{&quot;134233117&quot;:false,&quot;134233118&quot;:false,&quot;201341983&quot;:0,&quot;335557856&quot;:16777215,&quot;335559738&quot;:0,&quot;335559739&quot;:203,&quot;335559740&quot;:259}\">\u00a0<\/span><\/p>\n<h3><span data-contrast=\"none\">Personnummer<\/span><\/h3>\n<p><span data-contrast=\"none\">Personnummer \u00e4r en obligatorisk uppgift f\u00f6r v\u00e5r rapportering till Folkbildningsr\u00e5det. Vi m\u00e5ste d\u00e4rf\u00f6r ha personnummer p\u00e5 alla som deltar i v\u00e5r verksamhet.<\/span><span data-ccp-props=\"{&quot;134233117&quot;:false,&quot;134233118&quot;:false,&quot;201341983&quot;:0,&quot;335557856&quot;:16777215,&quot;335559738&quot;:0,&quot;335559739&quot;:203,&quot;335559740&quot;:259}\">\u00a0<\/span><\/p>\n\n    <\/div>\n<\/div>\n","protected":false},"excerpt":{"rendered":"","protected":false},"author":72,"featured_media":0,"parent":28,"menu_order":0,"comment_status":"closed","ping_status":"closed","template":"","meta":{"_acf_changed":false,"footnotes":""},"class_list":["post-712","page","type-page","status-publish","hentry"],"acf":[],"yoast_head":"<!-- This site is optimized with the Yoast SEO plugin v27.0 - https:\/\/yoast.com\/product\/yoast-seo-wordpress\/ -->\n<title>Bra att veta - ABF \u00d6rebro l\u00e4n<\/title>\n<meta name=\"description\" content=\"H\u00e4r hittar du information som \u00e4r bra att veta innan du anm\u00e4ler dig till en studiecirkel eller kurs hos oss.\" \/>\n<meta name=\"robots\" content=\"index, follow, max-snippet:-1, max-image-preview:large, max-video-preview:-1\" \/>\n<link rel=\"canonical\" href=\"https:\/\/www.abf.se\/orebro-lan\/var-verksamhet\/oppna-torget\/bra-att-veta\/\" \/>\n<meta property=\"og:locale\" content=\"sv_SE\" \/>\n<meta property=\"og:type\" content=\"article\" \/>\n<meta property=\"og:title\" content=\"Bra att veta - ABF \u00d6rebro l\u00e4n\" \/>\n<meta property=\"og:description\" content=\"H\u00e4r hittar du information som \u00e4r bra att veta innan du anm\u00e4ler dig till en studiecirkel eller kurs hos oss.\" \/>\n<meta property=\"og:url\" content=\"https:\/\/www.abf.se\/orebro-lan\/var-verksamhet\/oppna-torget\/bra-att-veta\/\" \/>\n<meta property=\"og:site_name\" content=\"\u00d6rebro l\u00e4n\" \/>\n<meta property=\"article:modified_time\" content=\"2025-09-24T14:25:40+00:00\" \/>\n<meta property=\"og:image\" content=\"https:\/\/www.abf.se\/wp-content\/uploads\/sites\/63\/2024\/04\/Nyckeln-liggande-scaled.jpg\" \/>\n\t<meta property=\"og:image:width\" content=\"2560\" \/>\n\t<meta property=\"og:image:height\" content=\"1440\" \/>\n\t<meta property=\"og:image:type\" content=\"image\/jpeg\" \/>\n<meta name=\"twitter:card\" content=\"summary_large_image\" \/>\n<script type=\"application\/ld+json\" class=\"yoast-schema-graph\">{\"@context\":\"https:\/\/schema.org\",\"@graph\":[{\"@type\":\"WebPage\",\"@id\":\"https:\/\/www.abf.se\/orebro-lan\/var-verksamhet\/oppna-torget\/bra-att-veta\/\",\"url\":\"https:\/\/www.abf.se\/orebro-lan\/var-verksamhet\/oppna-torget\/bra-att-veta\/\",\"name\":\"Bra att veta - ABF \u00d6rebro l\u00e4n\",\"isPartOf\":{\"@id\":\"https:\/\/www.abf.se\/orebro-lan\/#website\"},\"datePublished\":\"2024-03-21T13:29:54+00:00\",\"dateModified\":\"2025-09-24T14:25:40+00:00\",\"description\":\"H\u00e4r hittar du information som \u00e4r bra att veta innan du anm\u00e4ler dig till en studiecirkel eller kurs hos oss.\",\"breadcrumb\":{\"@id\":\"https:\/\/www.abf.se\/orebro-lan\/var-verksamhet\/oppna-torget\/bra-att-veta\/#breadcrumb\"},\"inLanguage\":\"sv-SE\",\"potentialAction\":[{\"@type\":\"ReadAction\",\"target\":[\"https:\/\/www.abf.se\/orebro-lan\/var-verksamhet\/oppna-torget\/bra-att-veta\/\"]}]},{\"@type\":\"BreadcrumbList\",\"@id\":\"https:\/\/www.abf.se\/orebro-lan\/var-verksamhet\/oppna-torget\/bra-att-veta\/#breadcrumb\",\"itemListElement\":[{\"@type\":\"ListItem\",\"position\":1,\"name\":\"Home\",\"item\":\"https:\/\/www.abf.se\/orebro-lan\/\"},{\"@type\":\"ListItem\",\"position\":2,\"name\":\"V\u00e5r verksamhet\",\"item\":\"https:\/\/www.abf.se\/orebro-lan\/var-verksamhet\/\"},{\"@type\":\"ListItem\",\"position\":3,\"name\":\"\u00d6ppna Torget\",\"item\":\"https:\/\/www.abf.se\/orebro-lan\/var-verksamhet\/oppna-torget\/\"},{\"@type\":\"ListItem\",\"position\":4,\"name\":\"Bra att veta\"}]},{\"@type\":\"WebSite\",\"@id\":\"https:\/\/www.abf.se\/orebro-lan\/#website\",\"url\":\"https:\/\/www.abf.se\/orebro-lan\/\",\"name\":\"\u00d6rebro l\u00e4n\",\"description\":\"\",\"potentialAction\":[{\"@type\":\"SearchAction\",\"target\":{\"@type\":\"EntryPoint\",\"urlTemplate\":\"https:\/\/www.abf.se\/orebro-lan\/?s={search_term_string}\"},\"query-input\":{\"@type\":\"PropertyValueSpecification\",\"valueRequired\":true,\"valueName\":\"search_term_string\"}}],\"inLanguage\":\"sv-SE\"}]}<\/script>\n<!-- \/ Yoast SEO plugin. -->","yoast_head_json":{"title":"Bra att veta - ABF \u00d6rebro l\u00e4n","description":"H\u00e4r hittar du information som \u00e4r bra att veta innan du anm\u00e4ler dig till en studiecirkel eller kurs hos oss.","robots":{"index":"index","follow":"follow","max-snippet":"max-snippet:-1","max-image-preview":"max-image-preview:large","max-video-preview":"max-video-preview:-1"},"canonical":"https:\/\/www.abf.se\/orebro-lan\/var-verksamhet\/oppna-torget\/bra-att-veta\/","og_locale":"sv_SE","og_type":"article","og_title":"Bra att veta - ABF \u00d6rebro l\u00e4n","og_description":"H\u00e4r hittar du information som \u00e4r bra att veta innan du anm\u00e4ler dig till en studiecirkel eller kurs hos oss.","og_url":"https:\/\/www.abf.se\/orebro-lan\/var-verksamhet\/oppna-torget\/bra-att-veta\/","og_site_name":"\u00d6rebro l\u00e4n","article_modified_time":"2025-09-24T14:25:40+00:00","og_image":[{"width":2560,"height":1440,"url":"https:\/\/www.abf.se\/wp-content\/uploads\/sites\/63\/2024\/04\/Nyckeln-liggande-scaled.jpg","type":"image\/jpeg"}],"twitter_card":"summary_large_image","schema":{"@context":"https:\/\/schema.org","@graph":[{"@type":"WebPage","@id":"https:\/\/www.abf.se\/orebro-lan\/var-verksamhet\/oppna-torget\/bra-att-veta\/","url":"https:\/\/www.abf.se\/orebro-lan\/var-verksamhet\/oppna-torget\/bra-att-veta\/","name":"Bra att veta - ABF \u00d6rebro l\u00e4n","isPartOf":{"@id":"https:\/\/www.abf.se\/orebro-lan\/#website"},"datePublished":"2024-03-21T13:29:54+00:00","dateModified":"2025-09-24T14:25:40+00:00","description":"H\u00e4r hittar du information som \u00e4r bra att veta innan du anm\u00e4ler dig till en studiecirkel eller kurs hos oss.","breadcrumb":{"@id":"https:\/\/www.abf.se\/orebro-lan\/var-verksamhet\/oppna-torget\/bra-att-veta\/#breadcrumb"},"inLanguage":"sv-SE","potentialAction":[{"@type":"ReadAction","target":["https:\/\/www.abf.se\/orebro-lan\/var-verksamhet\/oppna-torget\/bra-att-veta\/"]}]},{"@type":"BreadcrumbList","@id":"https:\/\/www.abf.se\/orebro-lan\/var-verksamhet\/oppna-torget\/bra-att-veta\/#breadcrumb","itemListElement":[{"@type":"ListItem","position":1,"name":"Home","item":"https:\/\/www.abf.se\/orebro-lan\/"},{"@type":"ListItem","position":2,"name":"V\u00e5r verksamhet","item":"https:\/\/www.abf.se\/orebro-lan\/var-verksamhet\/"},{"@type":"ListItem","position":3,"name":"\u00d6ppna Torget","item":"https:\/\/www.abf.se\/orebro-lan\/var-verksamhet\/oppna-torget\/"},{"@type":"ListItem","position":4,"name":"Bra att veta"}]},{"@type":"WebSite","@id":"https:\/\/www.abf.se\/orebro-lan\/#website","url":"https:\/\/www.abf.se\/orebro-lan\/","name":"\u00d6rebro l\u00e4n","description":"","potentialAction":[{"@type":"SearchAction","target":{"@type":"EntryPoint","urlTemplate":"https:\/\/www.abf.se\/orebro-lan\/?s={search_term_string}"},"query-input":{"@type":"PropertyValueSpecification","valueRequired":true,"valueName":"search_term_string"}}],"inLanguage":"sv-SE"}]}},"_links":{"self":[{"href":"https:\/\/www.abf.se\/orebro-lan\/wp-json\/wp\/v2\/pages\/712","targetHints":{"allow":["GET"]}}],"collection":[{"href":"https:\/\/www.abf.se\/orebro-lan\/wp-json\/wp\/v2\/pages"}],"about":[{"href":"https:\/\/www.abf.se\/orebro-lan\/wp-json\/wp\/v2\/types\/page"}],"author":[{"embeddable":true,"href":"https:\/\/www.abf.se\/orebro-lan\/wp-json\/wp\/v2\/users\/72"}],"replies":[{"embeddable":true,"href":"https:\/\/www.abf.se\/orebro-lan\/wp-json\/wp\/v2\/comments?post=712"}],"version-history":[{"count":4,"href":"https:\/\/www.abf.se\/orebro-lan\/wp-json\/wp\/v2\/pages\/712\/revisions"}],"predecessor-version":[{"id":717,"href":"https:\/\/www.abf.se\/orebro-lan\/wp-json\/wp\/v2\/pages\/712\/revisions\/717"}],"up":[{"embeddable":true,"href":"https:\/\/www.abf.se\/orebro-lan\/wp-json\/wp\/v2\/pages\/28"}],"wp:attachment":[{"href":"https:\/\/www.abf.se\/orebro-lan\/wp-json\/wp\/v2\/media?parent=712"}],"curies":[{"name":"wp","href":"https:\/\/api.w.org\/{rel}","templated":true}]}}