{"id":1311,"date":"2025-10-03T08:18:37","date_gmt":"2025-10-03T06:18:37","guid":{"rendered":"https:\/\/www.abf.se\/helsingborg\/?page_id=1311"},"modified":"2026-01-15T11:32:10","modified_gmt":"2026-01-15T10:32:10","slug":"bli-cirkelledare","status":"publish","type":"page","link":"https:\/\/www.abf.se\/oresund\/cirkelledare\/bli-cirkelledare\/","title":{"rendered":"Bli cirkelledare"},"content":{"rendered":"<div\n    class=\"acf-plain-heading-block container my-16\"\n    data-block=\"plain-heading-block\"\n>\n    <div class=\"max-w-[658px] mx-auto\">\n                <h1 class=\"hero-heading\"><span>Bli cirkelledare<br \/>\r\nhos ABF<\/span><\/h1>\n                            <p class=\"mt-8 body-xl text-black\">\n                Som cirkelledare \u00e4r du pedagog, inspirat\u00f6r och sammanh\u00e5llande kraft i studiecirkeln. ABF utbildar dig i ledarskap, kommunikation och pedagogik.\n            <\/p>\n            <\/div>\n<\/div>\n<div\n    class=\"acf-article-text-block article-container my-12\"\n    data-block=\"article-text-block\"\n>\n    <div class=\"wysiwyg\">\n        <p>F\u00f6r att komma ig\u00e5ng som cirkelledare hos ABF beh\u00f6ver du f\u00f6rst g\u00f6ra tv\u00e5 saker.<\/p>\n<ol>\n<li>F\u00e5 en introduktion till ABF genom att kontakta oss. <a href=\"https:\/\/www.abf.se\/oresund\/cirkelledare\/bli-cirkelledare\/intresseanmalan\/\">L\u00e4nk<\/a><\/li>\n<li>G\u00e5 grundl\u00e4ggande cirkelledarutbildning.<\/li>\n<\/ol>\n<p>Vi s\u00f6ker alltid nya cirkelledare! Ibland s\u00f6ker vi m\u00e4nniskor med specifika kompetenser inom allt fr\u00e5n spr\u00e5k till musikinstrument. Du som cirkelledare i dessa kurser f\u00e5r ofta ett arvode enligt \u00f6verrenskommelse. <a href=\"https:\/\/www.abf.se\/oresund\/cirkelledare\/sokes\/\">L\u00e4nk<\/a><\/p>\n<h3>Introduktion till ABF<\/h3>\n<p>En introduktion till ABF f\u00e5r du genom att kontakta oss s\u00e5 bokar vi in en kort introduktionstr\u00e4ff. H\u00e4r f\u00e5r du v\u00e5rt introduktionsmaterial och en f\u00f6rsta inblick i ABF, folkbildning och cirkelledarrollen. Om du redan f\u00e5tt en introduktion till ABF, kan du ist\u00e4llet anm\u00e4la dig direkt till grundutbildning f\u00f6r cirkelledare.<\/p>\n<h3>Grundl\u00e4ggande cirkelledarutbildning<\/h3>\n<p>Efter din introduktion kommer du bli inbjuden till v\u00e5r grundl\u00e4ggande cirkelledarutbildning. Utbildningen ger dig verktyg som du kommer att ha nytta av i m\u00e5nga sammanhang, som demokratiskt l\u00e4rande och pedagogik, att leda grupper och kommunikation. Du f\u00e5r ett kursintyg efter avslutad utbildning.<\/p>\n\n    <\/div>\n<\/div>\n<div\n        class=\"acf-article-video-block article-container-lg my-12 external-video\"\n        data-block=\"article-video-block\"\n    >\n                    <h2 class=\"heading-md mb-3 text-black\">V\u00e4lkommen som cirkelledare hos ABF!<\/h2>\n                \n                    <iframe loading=\"lazy\" title=\"V\u00e4lkommen som cirkelledare hos ABF\" width=\"500\" height=\"281\" src=\"https:\/\/www.youtube.com\/embed\/TycnGU63KnU?feature=oembed\" frameborder=\"0\" allow=\"accelerometer; autoplay; clipboard-write; encrypted-media; gyroscope; picture-in-picture; web-share\" referrerpolicy=\"strict-origin-when-cross-origin\" allowfullscreen><\/iframe>\n                            <\/div>\n<div class=\"my-8 container-lg acf-link-block\" data-block=\"link-block\" class=\"acf-link-block\" data-block=\"link-block\">\n    <div class=\"w-full bg-red  round-corners-lg px-4 md:px-8 py-11 md:py-16\">\n        <h2 class=\"heading-lg mb-7 text-center text-white\">\n            L\u00e4nkar\n        <\/h2>\n            <ul class=\"grid grid-cols-1 gap-x-4 gap-y-3 md:grid-cols-2\">\n                                                        <li>\n                        <a\n    class=\"large-button-link\"\n    href=\"https:\/\/www.abf.se\/oresund\/cirkelledare\/\"\n    target=\"\"\n>\n    <span class=\"flex-1\">Resurser f\u00f6r cirkelledare<\/span>\n\n    <figure\n        aria-hidden=\"true\"\n        class=\"w-5\"\n    >\n                    <svg width=\"20\" height=\"20\" viewBox=\"0 0 20 20\" fill=\"none\" class=\"SvgIconElement\">\n<path d=\"M4.16659 10L15.8333 10\" stroke=\"currentColor\"\/>\n<path d=\"M9.99992 4.1665L15.8333 9.99984L9.99992 15.8332\" stroke=\"currentColor\"\/>\n<\/svg>\n            <\/figure>\n<\/a>\n                    <\/li>\n                                                        <li>\n                        <a\n    class=\"large-button-link\"\n    href=\"https:\/\/arretjanst.abf.se\/\"\n    target=\"_blank\"\n>\n    <span class=\"flex-1\">Direkt till e-tj\u00e4nst f\u00f6r rapportering<\/span>\n\n    <figure\n        aria-hidden=\"true\"\n        class=\"w-5\"\n    >\n                    <svg width=\"20\" height=\"20\" viewBox=\"0 0 20 20\" fill=\"none\" class=\"SvgIconElement\">\n<path d=\"M4.16659 10L15.8333 10\" stroke=\"currentColor\"\/>\n<path d=\"M9.99992 4.1665L15.8333 9.99984L9.99992 15.8332\" stroke=\"currentColor\"\/>\n<\/svg>\n            <\/figure>\n<\/a>\n                    <\/li>\n                                                        <li>\n                        <a\n    class=\"large-button-link\"\n    href=\"https:\/\/www.abf.se\/oresund\/guide-for-rapportering\/\"\n    target=\"_blank\"\n>\n    <span class=\"flex-1\">Guide f\u00f6r rapportering<\/span>\n\n    <figure\n        aria-hidden=\"true\"\n        class=\"w-5\"\n    >\n                    <svg width=\"20\" height=\"20\" viewBox=\"0 0 20 20\" fill=\"none\" class=\"SvgIconElement\">\n<path d=\"M4.16659 10L15.8333 10\" stroke=\"currentColor\"\/>\n<path d=\"M9.99992 4.1665L15.8333 9.99984L9.99992 15.8332\" stroke=\"currentColor\"\/>\n<\/svg>\n            <\/figure>\n<\/a>\n                    <\/li>\n                                                        <li>\n                        <a\n    class=\"large-button-link\"\n    href=\"https:\/\/www.abf.se\/oresund\/cirkelledare\/intresseanmalan\/\"\n    target=\"\"\n>\n    <span class=\"flex-1\">Arrangera eller boka lokal<\/span>\n\n    <figure\n        aria-hidden=\"true\"\n        class=\"w-5\"\n    >\n                    <svg width=\"20\" height=\"20\" viewBox=\"0 0 20 20\" fill=\"none\" class=\"SvgIconElement\">\n<path d=\"M4.16659 10L15.8333 10\" stroke=\"currentColor\"\/>\n<path d=\"M9.99992 4.1665L15.8333 9.99984L9.99992 15.8332\" stroke=\"currentColor\"\/>\n<\/svg>\n            <\/figure>\n<\/a>\n                    <\/li>\n                            <\/ul>\n        <\/ul>\n    <\/div>\n<\/div>","protected":false},"excerpt":{"rendered":"","protected":false},"author":24,"featured_media":0,"parent":1333,"menu_order":0,"comment_status":"closed","ping_status":"closed","template":"","meta":{"_acf_changed":false,"footnotes":""},"class_list":["post-1311","page","type-page","status-publish","hentry"],"acf":[],"yoast_head":"<!-- This site is optimized with the Yoast SEO plugin v27.0 - https:\/\/yoast.com\/product\/yoast-seo-wordpress\/ -->\n<title>Bli cirkelledare - \u00d6resund<\/title>\n<meta name=\"robots\" content=\"index, follow, max-snippet:-1, max-image-preview:large, max-video-preview:-1\" \/>\n<link rel=\"canonical\" href=\"https:\/\/www.abf.se\/oresund\/cirkelledare\/bli-cirkelledare\/\" \/>\n<meta property=\"og:locale\" content=\"sv_SE\" \/>\n<meta property=\"og:type\" content=\"article\" \/>\n<meta property=\"og:title\" content=\"Bli cirkelledare - \u00d6resund\" \/>\n<meta property=\"og:url\" content=\"https:\/\/www.abf.se\/oresund\/cirkelledare\/bli-cirkelledare\/\" \/>\n<meta property=\"og:site_name\" content=\"\u00d6resund\" \/>\n<meta property=\"article:modified_time\" content=\"2026-01-15T10:32:10+00:00\" \/>\n<meta property=\"og:image\" content=\"https:\/\/www.abf.se\/wp-content\/uploads\/sites\/24\/2024\/04\/Nyckeln-liggande-scaled.jpg\" \/>\n\t<meta property=\"og:image:width\" content=\"2560\" \/>\n\t<meta property=\"og:image:height\" content=\"1440\" \/>\n\t<meta property=\"og:image:type\" content=\"image\/jpeg\" \/>\n<meta name=\"twitter:card\" content=\"summary_large_image\" \/>\n<script type=\"application\/ld+json\" class=\"yoast-schema-graph\">{\"@context\":\"https:\/\/schema.org\",\"@graph\":[{\"@type\":\"WebPage\",\"@id\":\"https:\/\/www.abf.se\/oresund\/cirkelledare\/bli-cirkelledare\/\",\"url\":\"https:\/\/www.abf.se\/oresund\/cirkelledare\/bli-cirkelledare\/\",\"name\":\"Bli cirkelledare - \u00d6resund\",\"isPartOf\":{\"@id\":\"https:\/\/www.abf.se\/oresund\/#website\"},\"datePublished\":\"2025-10-03T06:18:37+00:00\",\"dateModified\":\"2026-01-15T10:32:10+00:00\",\"breadcrumb\":{\"@id\":\"https:\/\/www.abf.se\/oresund\/cirkelledare\/bli-cirkelledare\/#breadcrumb\"},\"inLanguage\":\"sv-SE\",\"potentialAction\":[{\"@type\":\"ReadAction\",\"target\":[\"https:\/\/www.abf.se\/oresund\/cirkelledare\/bli-cirkelledare\/\"]}]},{\"@type\":\"BreadcrumbList\",\"@id\":\"https:\/\/www.abf.se\/oresund\/cirkelledare\/bli-cirkelledare\/#breadcrumb\",\"itemListElement\":[{\"@type\":\"ListItem\",\"position\":1,\"name\":\"Home\",\"item\":\"https:\/\/www.abf.se\/oresund\/\"},{\"@type\":\"ListItem\",\"position\":2,\"name\":\"Cirkelledare\",\"item\":\"https:\/\/www.abf.se\/oresund\/cirkelledare\/\"},{\"@type\":\"ListItem\",\"position\":3,\"name\":\"Bli cirkelledare\"}]},{\"@type\":\"WebSite\",\"@id\":\"https:\/\/www.abf.se\/oresund\/#website\",\"url\":\"https:\/\/www.abf.se\/oresund\/\",\"name\":\"\u00d6resund\",\"description\":\"\",\"potentialAction\":[{\"@type\":\"SearchAction\",\"target\":{\"@type\":\"EntryPoint\",\"urlTemplate\":\"https:\/\/www.abf.se\/oresund\/?s={search_term_string}\"},\"query-input\":{\"@type\":\"PropertyValueSpecification\",\"valueRequired\":true,\"valueName\":\"search_term_string\"}}],\"inLanguage\":\"sv-SE\"}]}<\/script>\n<!-- \/ Yoast SEO plugin. -->","yoast_head_json":{"title":"Bli cirkelledare - \u00d6resund","robots":{"index":"index","follow":"follow","max-snippet":"max-snippet:-1","max-image-preview":"max-image-preview:large","max-video-preview":"max-video-preview:-1"},"canonical":"https:\/\/www.abf.se\/oresund\/cirkelledare\/bli-cirkelledare\/","og_locale":"sv_SE","og_type":"article","og_title":"Bli cirkelledare - \u00d6resund","og_url":"https:\/\/www.abf.se\/oresund\/cirkelledare\/bli-cirkelledare\/","og_site_name":"\u00d6resund","article_modified_time":"2026-01-15T10:32:10+00:00","og_image":[{"width":2560,"height":1440,"url":"https:\/\/www.abf.se\/wp-content\/uploads\/sites\/24\/2024\/04\/Nyckeln-liggande-scaled.jpg","type":"image\/jpeg"}],"twitter_card":"summary_large_image","schema":{"@context":"https:\/\/schema.org","@graph":[{"@type":"WebPage","@id":"https:\/\/www.abf.se\/oresund\/cirkelledare\/bli-cirkelledare\/","url":"https:\/\/www.abf.se\/oresund\/cirkelledare\/bli-cirkelledare\/","name":"Bli cirkelledare - \u00d6resund","isPartOf":{"@id":"https:\/\/www.abf.se\/oresund\/#website"},"datePublished":"2025-10-03T06:18:37+00:00","dateModified":"2026-01-15T10:32:10+00:00","breadcrumb":{"@id":"https:\/\/www.abf.se\/oresund\/cirkelledare\/bli-cirkelledare\/#breadcrumb"},"inLanguage":"sv-SE","potentialAction":[{"@type":"ReadAction","target":["https:\/\/www.abf.se\/oresund\/cirkelledare\/bli-cirkelledare\/"]}]},{"@type":"BreadcrumbList","@id":"https:\/\/www.abf.se\/oresund\/cirkelledare\/bli-cirkelledare\/#breadcrumb","itemListElement":[{"@type":"ListItem","position":1,"name":"Home","item":"https:\/\/www.abf.se\/oresund\/"},{"@type":"ListItem","position":2,"name":"Cirkelledare","item":"https:\/\/www.abf.se\/oresund\/cirkelledare\/"},{"@type":"ListItem","position":3,"name":"Bli cirkelledare"}]},{"@type":"WebSite","@id":"https:\/\/www.abf.se\/oresund\/#website","url":"https:\/\/www.abf.se\/oresund\/","name":"\u00d6resund","description":"","potentialAction":[{"@type":"SearchAction","target":{"@type":"EntryPoint","urlTemplate":"https:\/\/www.abf.se\/oresund\/?s={search_term_string}"},"query-input":{"@type":"PropertyValueSpecification","valueRequired":true,"valueName":"search_term_string"}}],"inLanguage":"sv-SE"}]}},"_links":{"self":[{"href":"https:\/\/www.abf.se\/oresund\/wp-json\/wp\/v2\/pages\/1311","targetHints":{"allow":["GET"]}}],"collection":[{"href":"https:\/\/www.abf.se\/oresund\/wp-json\/wp\/v2\/pages"}],"about":[{"href":"https:\/\/www.abf.se\/oresund\/wp-json\/wp\/v2\/types\/page"}],"author":[{"embeddable":true,"href":"https:\/\/www.abf.se\/oresund\/wp-json\/wp\/v2\/users\/24"}],"replies":[{"embeddable":true,"href":"https:\/\/www.abf.se\/oresund\/wp-json\/wp\/v2\/comments?post=1311"}],"version-history":[{"count":20,"href":"https:\/\/www.abf.se\/oresund\/wp-json\/wp\/v2\/pages\/1311\/revisions"}],"predecessor-version":[{"id":2732,"href":"https:\/\/www.abf.se\/oresund\/wp-json\/wp\/v2\/pages\/1311\/revisions\/2732"}],"up":[{"embeddable":true,"href":"https:\/\/www.abf.se\/oresund\/wp-json\/wp\/v2\/pages\/1333"}],"wp:attachment":[{"href":"https:\/\/www.abf.se\/oresund\/wp-json\/wp\/v2\/media?parent=1311"}],"curies":[{"name":"wp","href":"https:\/\/api.w.org\/{rel}","templated":true}]}}