{"id":1313,"date":"2025-10-03T08:18:50","date_gmt":"2025-10-03T06:18:50","guid":{"rendered":"https:\/\/www.abf.se\/helsingborg\/?page_id=1313"},"modified":"2025-12-30T08:48:25","modified_gmt":"2025-12-30T07:48:25","slug":"guide-for-rapportering","status":"publish","type":"page","link":"https:\/\/www.abf.se\/oresund\/cirkelledare\/guide-for-rapportering\/","title":{"rendered":"Guide f\u00f6r rapportering"},"content":{"rendered":"<div\n    class=\"acf-hero-block container-lg no-padding mb-12 js-geolocation\"\n    data-block=\"hero-block\"\n    data-index=\"0\"\n>\n    <div class=\"h-[548px]  relative rounded-[32px] overflow-hidden flex bg-gray-light\">\n        <div class=\"relative z-10 mt-auto h-auto w-full md:h-full\">\n            <div class=\"flex w-full h-full flex-col flex-wrap justify-end w-full md:w-7\/12 lg:w-1\/2 md:justify-center\">\n                <div class=\"flex flex-col gap-3 md:gap-[18px] md:transparent pt-16 pb-36 md:py-8 px-4 w-full md:max-w-[620px] mx-auto px-8\">\n\n                    <h1 class=\"hero-heading\"><span>Guide f\u00f6r<br \/>\r\nrapportering<\/span><\/h1>\n\n                    \n                                    <\/div>\n            <\/div>\n        <\/div>\n\n                    <picture class=\"as-background-image mix-blend-multiply bg-black\/40\"><img decoding=\"async\" src=\"https:\/\/www.abf.se\/oresund\/resized\/?url=https%3A%2F%2Fwww.abf.se%2Fwp-content%2Fuploads%2F2023%2F11%2FAldre-kvinna-med-mobil-foto-Pexels-Anna-Shvets_IMGP.jpg&#038;fit=crop&#038;w=1440&#038;s=b47f344e31d74244bfb2cf8a7043fd65\" srcset=\"https:\/\/www.abf.se\/oresund\/resized\/?url=https%3A%2F%2Fwww.abf.se%2Fwp-content%2Fuploads%2F2023%2F11%2FAldre-kvinna-med-mobil-foto-Pexels-Anna-Shvets_IMGP.jpg&#038;fit=crop&#038;w=375&#038;h=540&#038;s=1020d217973206ec7d69813a5c313439 375w, https:\/\/www.abf.se\/oresund\/resized\/?url=https%3A%2F%2Fwww.abf.se%2Fwp-content%2Fuploads%2F2023%2F11%2FAldre-kvinna-med-mobil-foto-Pexels-Anna-Shvets_IMGP.jpg&#038;fit=crop&#038;w=447&#038;h=540&#038;s=cd267d615629ff870aef32b681e9cc2f 447w, https:\/\/www.abf.se\/oresund\/resized\/?url=https%3A%2F%2Fwww.abf.se%2Fwp-content%2Fuploads%2F2023%2F11%2FAldre-kvinna-med-mobil-foto-Pexels-Anna-Shvets_IMGP.jpg&#038;fit=crop&#038;w=519&#038;h=540&#038;s=ed700307cbe6fdfadb6c1416fdb25015 519w, https:\/\/www.abf.se\/oresund\/resized\/?url=https%3A%2F%2Fwww.abf.se%2Fwp-content%2Fuploads%2F2023%2F11%2FAldre-kvinna-med-mobil-foto-Pexels-Anna-Shvets_IMGP.jpg&#038;fit=crop&#038;w=591&#038;h=540&#038;s=512325340780f97ddd43548fed9a4c22 591w, https:\/\/www.abf.se\/oresund\/resized\/?url=https%3A%2F%2Fwww.abf.se%2Fwp-content%2Fuploads%2F2023%2F11%2FAldre-kvinna-med-mobil-foto-Pexels-Anna-Shvets_IMGP.jpg&#038;fit=crop&#038;w=663&#038;h=540&#038;s=964c004ef33d33aac9c037b83059a681 663w, https:\/\/www.abf.se\/oresund\/resized\/?url=https%3A%2F%2Fwww.abf.se%2Fwp-content%2Fuploads%2F2023%2F11%2FAldre-kvinna-med-mobil-foto-Pexels-Anna-Shvets_IMGP.jpg&#038;fit=crop&#038;w=750&#038;h=540&#038;s=aa5759aad5dc14ed16362fc9c67c97a9 750w, https:\/\/www.abf.se\/oresund\/resized\/?url=https%3A%2F%2Fwww.abf.se%2Fwp-content%2Fuploads%2F2023%2F11%2FAldre-kvinna-med-mobil-foto-Pexels-Anna-Shvets_IMGP.jpg&#038;fit=crop&#038;w=894&#038;h=540&#038;s=a6c6afda7dc9cf6ab12cdb58b801fdea 894w, https:\/\/www.abf.se\/oresund\/resized\/?url=https%3A%2F%2Fwww.abf.se%2Fwp-content%2Fuploads%2F2023%2F11%2FAldre-kvinna-med-mobil-foto-Pexels-Anna-Shvets_IMGP.jpg&#038;fit=crop&#038;w=1038&#038;h=540&#038;s=0a0e0b077b8ec23492cbcaa8a5583c8d 1038w, https:\/\/www.abf.se\/oresund\/resized\/?url=https%3A%2F%2Fwww.abf.se%2Fwp-content%2Fuploads%2F2023%2F11%2FAldre-kvinna-med-mobil-foto-Pexels-Anna-Shvets_IMGP.jpg&#038;fit=crop&#038;w=1182&#038;h=540&#038;s=3a31a33ffb8fb5ddbc8ac04934f8a37f 1182w, https:\/\/www.abf.se\/oresund\/resized\/?url=https%3A%2F%2Fwww.abf.se%2Fwp-content%2Fuploads%2F2023%2F11%2FAldre-kvinna-med-mobil-foto-Pexels-Anna-Shvets_IMGP.jpg&#038;fit=crop&#038;w=1326&#038;h=540&#038;s=b56b97c478e74aab54c2fd8c2bfbf601 1326w, https:\/\/www.abf.se\/oresund\/resized\/?url=https%3A%2F%2Fwww.abf.se%2Fwp-content%2Fuploads%2F2023%2F11%2FAldre-kvinna-med-mobil-foto-Pexels-Anna-Shvets_IMGP.jpg&#038;fit=crop&#038;w=1440&#038;h=540&#038;s=3af2bb9494ed3a2cc2353f828c527954 1440w\" alt=\"\" height=\"540\" width=\"1440\" sizes=\"(max-width: 1440px) calc(100vw - 32px), 1440px\" loading=\"eager\" fetchpriority=\"high\" aria-hidden=\"true\" role=\"presentation\" \/><\/picture>\n        \n\n            <\/div>\n\n    <\/div>\n\n<div\n    class=\"acf-article-text-block article-container my-12\"\n    data-block=\"article-text-block\"\n>\n    <div class=\"wysiwyg\">\n        <p>F\u00f6r att ta del av det som ABF kan st\u00f6tta er med rapporterar du era folkbildande aktiviteter till oss! Det \u00e4r genom att rapportera som ABF kan erbjuda gratis lokaler, resurser och pedagogiskt st\u00f6d. H\u00e4r nedan finns en guide f\u00f6r hur du registrerar n\u00e4rvaro och rapporterar in dina aktiviteter i v\u00e5r e-tj\u00e4nst.<\/p>\n\n    <\/div>\n<\/div>\n<div\n    class=\"acf-article-text-block article-container my-12\"\n    data-block=\"article-text-block\"\n>\n    <div class=\"wysiwyg\">\n        <h3>Inlogg: F\u00f6rsta g\u00e5ngen du anv\u00e4nder e-tj\u00e4nsten?<\/h3>\n<p>Om det \u00e4r f\u00f6rsta g\u00e5ngen du anv\u00e4nder e-tj\u00e4nsten f\u00e5r du ett mail med inloggningsuppgifter i samband med att ABF registrerat ditt arrangemang.<\/p>\n<p>Ditt anv\u00e4ndarnamn \u00e4r alltid ditt personnummer. Det automatiska l\u00f6senordet kan du byta n\u00e4r du loggat in genom att klicka p\u00e5 din profil i \u00f6vre h\u00f6gra h\u00f6rnet.<\/p>\n<h3>Manualer och hj\u00e4lp<\/h3>\n<p>Manualer f\u00f6r hur du anv\u00e4nder\u00a0<a href=\"http:\/\/arretjanst.abf.se\/\">arretjanst.abf.se<\/a> finns p\u00e5 webben n\u00e4r du loggat in. D\u00e4r hittar du b\u00e5de filmer och manualer i text. Klicka p\u00e5 \u201dHj\u00e4lp\u201d f\u00f6r att se videos.<\/p>\n<h3>Fr\u00e5gor<\/h3>\n<p>Har du fr\u00e5gor kring e-tj\u00e4nsten eller rapportering, kan du alltid <a href=\"https:\/\/www.abf.se\/oresund\/kontakt\/\">kontakta oss<\/a>.<\/p>\n\n    <\/div>\n<\/div>\n<div\n    class=\"acf-plain-heading-block container my-16\"\n    data-block=\"plain-heading-block\"\n>\n    <div class=\"max-w-[658px] mx-auto\">\n                <h1 class=\"hero-heading\"><span>G\u00f6r s\u00e5 h\u00e4r<\/span><\/h1>\n                            <p class=\"mt-8 body-xl text-black\">\n                H\u00e4r nedan f\u00f6ljer en snabb guide f\u00f6r hur du g\u00f6r f\u00f6r att rapportera in din folkbildande verksamhet. Mer utf\u00f6rliga guider f\u00f6r hur du anv\u00e4nder e-tj\u00e4nsten finns n\u00e4r du loggat in. D\u00e4r hittar du b\u00e5de filmer och manualer i text. Klicka p\u00e5 \u201dHj\u00e4lp\u201d f\u00f6r att se videos.\n            <\/p>\n            <\/div>\n<\/div>\n<div\n    class=\"acf-article-text-block article-container my-12\"\n    data-block=\"article-text-block\"\n>\n    <div class=\"wysiwyg\">\n        <h3>Studiecirkel (flera tr\u00e4ffar)<\/h3>\n<ol>\n<li>Anm\u00e4l din studiecirkel genom att i god f\u00f6rv\u00e4g <a href=\"https:\/\/www.abf.se\/oresund\/kontakt\/\">kontakta oss<\/a>\u00a0s\u00e5 vi b\u00e4ttre kan st\u00f6tta er i arbetet och tillsammans ta fram en arbetsplan.<\/li>\n<li>ABF registrerar din studiecirkel. Din cirkel l\u00e4ggs upp i e-tj\u00e4nsten <a href=\"http:\/\/arretjanst.abf.se\">arretjanst.abf.se.<\/a><\/li>\n<li>Efter varje tr\u00e4ff fyller du i hur m\u00e5nga studietimmar ni tr\u00e4ffades och vilka som deltog p\u00e5 <a href=\"http:\/\/arretjanst.abf.se\">arretjanst.abf.se.<\/a> T\u00e4nk p\u00e5 att fylla i direkt, senast 14 dagar efter tr\u00e4ffen.<\/li>\n<li>N\u00e4r alla tr\u00e4ffar \u00e4r klara klickar du p\u00e5 signera och signerar med Bank-ID.<\/li>\n<\/ol>\n<h3>Utbildning, workshop eller annan folkbildning<\/h3>\n<ol>\n<li>Anm\u00e4l ditt arrangemang genom att i god f\u00f6rv\u00e4g <a href=\"https:\/\/www.abf.se\/oresund\/kontakt\/\">kontakta oss<\/a>\u00a0s\u00e5 vi b\u00e4ttre kan st\u00f6tta er i arbetet.<\/li>\n<li>ABF registrerar ditt arrangemang. Ditt arrangemang l\u00e4ggs upp i e-tj\u00e4nsten <a href=\"http:\/\/arretjanst.abf.se\">arretjanst.abf.se.<\/a><\/li>\n<li>Fyll i vilka som deltog p\u00e5 <a href=\"http:\/\/arretjanst.abf.se\">arretjanst.abf.se.<\/a> T\u00e4nk p\u00e5 att fylla i direkt, senast 14 dagar efter tr\u00e4ffen.<\/li>\n<li>Klicka p\u00e5 signera, signera med Bank-ID.<\/li>\n<\/ol>\n<h3>Arrangemang\/f\u00f6rel\u00e4sning (inf\u00f6r publik)<\/h3>\n<ol>\n<li>Anm\u00e4l ditt arrangemang genom att i god f\u00f6rv\u00e4g <a href=\"https:\/\/www.abf.se\/oresund\/kontakt\/\">kontakta oss<\/a>\u00a0s\u00e5 vi b\u00e4ttre kan st\u00f6tta er i arbetet och hj\u00e4lpa er med marknadsf\u00f6ring.<\/li>\n<li>ABF registrerar ditt arrangemang. Ditt arrangemang l\u00e4ggs upp i e-tj\u00e4nsten <a href=\"http:\/\/arretjanst.abf.se\">arretjanst.abf.se.<\/a><\/li>\n<li>Fyll i antalet som deltog p\u00e5 <a href=\"http:\/\/arretjanst.abf.se\">arretjanst.abf.se.<\/a> T\u00e4nk p\u00e5 att fylla i direkt, senast 14 dagar efter arrangemanget.<\/li>\n<li>Klicka p\u00e5 signera, signera med Bank-ID.<\/li>\n<\/ol>\n\n    <\/div>\n<\/div>\n","protected":false},"excerpt":{"rendered":"","protected":false},"author":24,"featured_media":0,"parent":1333,"menu_order":0,"comment_status":"closed","ping_status":"closed","template":"","meta":{"_acf_changed":false,"footnotes":""},"class_list":["post-1313","page","type-page","status-publish","hentry"],"acf":[],"yoast_head":"<!-- This site is optimized with the Yoast SEO plugin v27.0 - https:\/\/yoast.com\/product\/yoast-seo-wordpress\/ -->\n<title>Guide f\u00f6r rapportering - \u00d6resund<\/title>\n<meta name=\"robots\" content=\"index, follow, max-snippet:-1, max-image-preview:large, max-video-preview:-1\" \/>\n<link rel=\"canonical\" href=\"https:\/\/www.abf.se\/oresund\/cirkelledare\/guide-for-rapportering\/\" \/>\n<meta property=\"og:locale\" content=\"sv_SE\" \/>\n<meta property=\"og:type\" content=\"article\" \/>\n<meta property=\"og:title\" content=\"Guide f\u00f6r rapportering - \u00d6resund\" \/>\n<meta property=\"og:url\" content=\"https:\/\/www.abf.se\/oresund\/cirkelledare\/guide-for-rapportering\/\" \/>\n<meta property=\"og:site_name\" content=\"\u00d6resund\" \/>\n<meta property=\"article:modified_time\" content=\"2025-12-30T07:48:25+00:00\" \/>\n<meta property=\"og:image\" content=\"https:\/\/www.abf.se\/wp-content\/uploads\/sites\/24\/2024\/04\/Nyckeln-liggande-scaled.jpg\" \/>\n\t<meta property=\"og:image:width\" content=\"2560\" \/>\n\t<meta property=\"og:image:height\" content=\"1440\" \/>\n\t<meta property=\"og:image:type\" content=\"image\/jpeg\" \/>\n<meta name=\"twitter:card\" content=\"summary_large_image\" \/>\n<script type=\"application\/ld+json\" class=\"yoast-schema-graph\">{\"@context\":\"https:\/\/schema.org\",\"@graph\":[{\"@type\":\"WebPage\",\"@id\":\"https:\/\/www.abf.se\/oresund\/cirkelledare\/guide-for-rapportering\/\",\"url\":\"https:\/\/www.abf.se\/oresund\/cirkelledare\/guide-for-rapportering\/\",\"name\":\"Guide f\u00f6r rapportering - \u00d6resund\",\"isPartOf\":{\"@id\":\"https:\/\/www.abf.se\/oresund\/#website\"},\"datePublished\":\"2025-10-03T06:18:50+00:00\",\"dateModified\":\"2025-12-30T07:48:25+00:00\",\"breadcrumb\":{\"@id\":\"https:\/\/www.abf.se\/oresund\/cirkelledare\/guide-for-rapportering\/#breadcrumb\"},\"inLanguage\":\"sv-SE\",\"potentialAction\":[{\"@type\":\"ReadAction\",\"target\":[\"https:\/\/www.abf.se\/oresund\/cirkelledare\/guide-for-rapportering\/\"]}]},{\"@type\":\"BreadcrumbList\",\"@id\":\"https:\/\/www.abf.se\/oresund\/cirkelledare\/guide-for-rapportering\/#breadcrumb\",\"itemListElement\":[{\"@type\":\"ListItem\",\"position\":1,\"name\":\"Home\",\"item\":\"https:\/\/www.abf.se\/oresund\/\"},{\"@type\":\"ListItem\",\"position\":2,\"name\":\"Cirkelledare\",\"item\":\"https:\/\/www.abf.se\/oresund\/cirkelledare\/\"},{\"@type\":\"ListItem\",\"position\":3,\"name\":\"Guide f\u00f6r rapportering\"}]},{\"@type\":\"WebSite\",\"@id\":\"https:\/\/www.abf.se\/oresund\/#website\",\"url\":\"https:\/\/www.abf.se\/oresund\/\",\"name\":\"\u00d6resund\",\"description\":\"\",\"potentialAction\":[{\"@type\":\"SearchAction\",\"target\":{\"@type\":\"EntryPoint\",\"urlTemplate\":\"https:\/\/www.abf.se\/oresund\/?s={search_term_string}\"},\"query-input\":{\"@type\":\"PropertyValueSpecification\",\"valueRequired\":true,\"valueName\":\"search_term_string\"}}],\"inLanguage\":\"sv-SE\"}]}<\/script>\n<!-- \/ Yoast SEO plugin. -->","yoast_head_json":{"title":"Guide f\u00f6r rapportering - \u00d6resund","robots":{"index":"index","follow":"follow","max-snippet":"max-snippet:-1","max-image-preview":"max-image-preview:large","max-video-preview":"max-video-preview:-1"},"canonical":"https:\/\/www.abf.se\/oresund\/cirkelledare\/guide-for-rapportering\/","og_locale":"sv_SE","og_type":"article","og_title":"Guide f\u00f6r rapportering - \u00d6resund","og_url":"https:\/\/www.abf.se\/oresund\/cirkelledare\/guide-for-rapportering\/","og_site_name":"\u00d6resund","article_modified_time":"2025-12-30T07:48:25+00:00","og_image":[{"width":2560,"height":1440,"url":"https:\/\/www.abf.se\/wp-content\/uploads\/sites\/24\/2024\/04\/Nyckeln-liggande-scaled.jpg","type":"image\/jpeg"}],"twitter_card":"summary_large_image","schema":{"@context":"https:\/\/schema.org","@graph":[{"@type":"WebPage","@id":"https:\/\/www.abf.se\/oresund\/cirkelledare\/guide-for-rapportering\/","url":"https:\/\/www.abf.se\/oresund\/cirkelledare\/guide-for-rapportering\/","name":"Guide f\u00f6r rapportering - \u00d6resund","isPartOf":{"@id":"https:\/\/www.abf.se\/oresund\/#website"},"datePublished":"2025-10-03T06:18:50+00:00","dateModified":"2025-12-30T07:48:25+00:00","breadcrumb":{"@id":"https:\/\/www.abf.se\/oresund\/cirkelledare\/guide-for-rapportering\/#breadcrumb"},"inLanguage":"sv-SE","potentialAction":[{"@type":"ReadAction","target":["https:\/\/www.abf.se\/oresund\/cirkelledare\/guide-for-rapportering\/"]}]},{"@type":"BreadcrumbList","@id":"https:\/\/www.abf.se\/oresund\/cirkelledare\/guide-for-rapportering\/#breadcrumb","itemListElement":[{"@type":"ListItem","position":1,"name":"Home","item":"https:\/\/www.abf.se\/oresund\/"},{"@type":"ListItem","position":2,"name":"Cirkelledare","item":"https:\/\/www.abf.se\/oresund\/cirkelledare\/"},{"@type":"ListItem","position":3,"name":"Guide f\u00f6r rapportering"}]},{"@type":"WebSite","@id":"https:\/\/www.abf.se\/oresund\/#website","url":"https:\/\/www.abf.se\/oresund\/","name":"\u00d6resund","description":"","potentialAction":[{"@type":"SearchAction","target":{"@type":"EntryPoint","urlTemplate":"https:\/\/www.abf.se\/oresund\/?s={search_term_string}"},"query-input":{"@type":"PropertyValueSpecification","valueRequired":true,"valueName":"search_term_string"}}],"inLanguage":"sv-SE"}]}},"_links":{"self":[{"href":"https:\/\/www.abf.se\/oresund\/wp-json\/wp\/v2\/pages\/1313","targetHints":{"allow":["GET"]}}],"collection":[{"href":"https:\/\/www.abf.se\/oresund\/wp-json\/wp\/v2\/pages"}],"about":[{"href":"https:\/\/www.abf.se\/oresund\/wp-json\/wp\/v2\/types\/page"}],"author":[{"embeddable":true,"href":"https:\/\/www.abf.se\/oresund\/wp-json\/wp\/v2\/users\/24"}],"replies":[{"embeddable":true,"href":"https:\/\/www.abf.se\/oresund\/wp-json\/wp\/v2\/comments?post=1313"}],"version-history":[{"count":5,"href":"https:\/\/www.abf.se\/oresund\/wp-json\/wp\/v2\/pages\/1313\/revisions"}],"predecessor-version":[{"id":2363,"href":"https:\/\/www.abf.se\/oresund\/wp-json\/wp\/v2\/pages\/1313\/revisions\/2363"}],"up":[{"embeddable":true,"href":"https:\/\/www.abf.se\/oresund\/wp-json\/wp\/v2\/pages\/1333"}],"wp:attachment":[{"href":"https:\/\/www.abf.se\/oresund\/wp-json\/wp\/v2\/media?parent=1313"}],"curies":[{"name":"wp","href":"https:\/\/api.w.org\/{rel}","templated":true}]}}