{"id":1317,"date":"2025-10-03T08:19:18","date_gmt":"2025-10-03T06:19:18","guid":{"rendered":"https:\/\/www.abf.se\/helsingborg\/?page_id=1317"},"modified":"2025-12-30T09:14:19","modified_gmt":"2025-12-30T08:14:19","slug":"samarbeta","status":"publish","type":"page","link":"https:\/\/www.abf.se\/oresund\/samarbeta\/","title":{"rendered":"Samarbeta som f\u00f6rening"},"content":{"rendered":"<div\n    class=\"acf-hero-block container-lg no-padding mb-12 js-geolocation\"\n    data-block=\"hero-block\"\n    data-index=\"0\"\n>\n    <div class=\"h-[548px]  relative rounded-[32px] overflow-hidden flex bg-gray-light\">\n        <div class=\"relative z-10 mt-auto h-auto w-full md:h-full\">\n            <div class=\"flex w-full h-full flex-col flex-wrap justify-end w-full md:w-7\/12 lg:w-1\/2 md:justify-center\">\n                <div class=\"flex flex-col gap-3 md:gap-[18px] md:transparent pt-16 pb-36 md:py-8 px-4 w-full md:max-w-[620px] mx-auto px-8\">\n\n                    <h1 class=\"hero-heading\"><span>Samarbeta som<br \/>\r\nf\u00f6rening med ABF<\/span><\/h1>\n\n                    \n                                    <\/div>\n            <\/div>\n        <\/div>\n\n                    <picture class=\"as-background-image mix-blend-multiply bg-black\/40\"><img decoding=\"async\" src=\"https:\/\/www.abf.se\/oresund\/resized\/?url=https%3A%2F%2Fwww.abf.se%2Fwp-content%2Fuploads%2F2024%2F04%2FABF_header_1805-5905.jpg&#038;fit=crop&#038;w=1440&#038;s=dd551447b6e68009b004ffa85ae9ae95\" srcset=\"https:\/\/www.abf.se\/oresund\/resized\/?url=https%3A%2F%2Fwww.abf.se%2Fwp-content%2Fuploads%2F2024%2F04%2FABF_header_1805-5905.jpg&#038;fit=crop&#038;w=375&#038;h=540&#038;s=004a5c3b1541153f7c8e0d7f04350f68 375w, https:\/\/www.abf.se\/oresund\/resized\/?url=https%3A%2F%2Fwww.abf.se%2Fwp-content%2Fuploads%2F2024%2F04%2FABF_header_1805-5905.jpg&#038;fit=crop&#038;w=447&#038;h=540&#038;s=72ca81e9823ee5f40e2a03fbf2d7a44c 447w, https:\/\/www.abf.se\/oresund\/resized\/?url=https%3A%2F%2Fwww.abf.se%2Fwp-content%2Fuploads%2F2024%2F04%2FABF_header_1805-5905.jpg&#038;fit=crop&#038;w=519&#038;h=540&#038;s=ff8741cbceaa432f944679ed2f72ec06 519w, https:\/\/www.abf.se\/oresund\/resized\/?url=https%3A%2F%2Fwww.abf.se%2Fwp-content%2Fuploads%2F2024%2F04%2FABF_header_1805-5905.jpg&#038;fit=crop&#038;w=591&#038;h=540&#038;s=abb98722f925298cb8473795b3e4c2fc 591w, https:\/\/www.abf.se\/oresund\/resized\/?url=https%3A%2F%2Fwww.abf.se%2Fwp-content%2Fuploads%2F2024%2F04%2FABF_header_1805-5905.jpg&#038;fit=crop&#038;w=663&#038;h=540&#038;s=dfe571776c5837b22317c8d287da76f0 663w, https:\/\/www.abf.se\/oresund\/resized\/?url=https%3A%2F%2Fwww.abf.se%2Fwp-content%2Fuploads%2F2024%2F04%2FABF_header_1805-5905.jpg&#038;fit=crop&#038;w=750&#038;h=540&#038;s=3b96274d05d460c2459381454dea7aff 750w, https:\/\/www.abf.se\/oresund\/resized\/?url=https%3A%2F%2Fwww.abf.se%2Fwp-content%2Fuploads%2F2024%2F04%2FABF_header_1805-5905.jpg&#038;fit=crop&#038;w=894&#038;h=540&#038;s=adaa2d53a94cd3a34cda8533052189a6 894w, https:\/\/www.abf.se\/oresund\/resized\/?url=https%3A%2F%2Fwww.abf.se%2Fwp-content%2Fuploads%2F2024%2F04%2FABF_header_1805-5905.jpg&#038;fit=crop&#038;w=1038&#038;h=540&#038;s=eee86289f5b41be43bde936ef7501f38 1038w, https:\/\/www.abf.se\/oresund\/resized\/?url=https%3A%2F%2Fwww.abf.se%2Fwp-content%2Fuploads%2F2024%2F04%2FABF_header_1805-5905.jpg&#038;fit=crop&#038;w=1182&#038;h=540&#038;s=8e07f2ffb2a77d947b7e469aa355eef8 1182w, https:\/\/www.abf.se\/oresund\/resized\/?url=https%3A%2F%2Fwww.abf.se%2Fwp-content%2Fuploads%2F2024%2F04%2FABF_header_1805-5905.jpg&#038;fit=crop&#038;w=1326&#038;h=540&#038;s=edeb8800ec55dc7365e5256e36b81eda 1326w, https:\/\/www.abf.se\/oresund\/resized\/?url=https%3A%2F%2Fwww.abf.se%2Fwp-content%2Fuploads%2F2024%2F04%2FABF_header_1805-5905.jpg&#038;fit=crop&#038;w=1440&#038;h=540&#038;s=ff4170af68c437a8da2d8ec18af8b53c 1440w\" alt=\"\" height=\"540\" width=\"1440\" sizes=\"(max-width: 1440px) calc(100vw - 32px), 1440px\" loading=\"eager\" fetchpriority=\"high\" aria-hidden=\"true\" role=\"presentation\" \/><\/picture>\n        \n\n            <\/div>\n\n    <\/div>\n\n<div\n    class=\"acf-article-text-block article-container my-12\"\n    data-block=\"article-text-block\"\n>\n    <div class=\"wysiwyg\">\n        <p>ABF \u00e4r f\u00f6reningarnas m\u00f6jligg\u00f6rare! Vi \u00e4r er resurs s\u00e5 att ni kan g\u00f6ra fantastisk folkbildning som kulturarrangemang, studiecirklar, workshops och andra arrangemang. L\u00e4r er tillsammans, bli organiserade och f\u00f6r\u00e4ndra samh\u00e4llet!<\/p>\n\n    <\/div>\n<\/div>\n<div\n    class=\"acf-article-cta-link-block article-container my-8\"\n    data-block=\"article-cta-link-block\"\n>\n<div>\n    <a class=\"inline-flex flex-row items-center gap-4 text-link underline text-red-dark\"\n        href=\"https:\/\/www.abf.se\/oresund\/kontakt\/\"\n            >\n        <span class=\"\">\n        Kontakta oss f\u00f6r att komma ig\u00e5ng!\n        <\/span>\n        <figure aria-hidden=\"true\" class=\"rounded-full bg-red-dark w-8 h-8 p-1 text-white\">\n            <svg width=\"20\" height=\"20\" viewBox=\"0 0 20 20\" fill=\"none\" class=\"SvgIconElement\">\n<path d=\"M4.16659 10L15.8333 10\" stroke=\"currentColor\"\/>\n<path d=\"M9.99992 4.1665L15.8333 9.99984L9.99992 15.8332\" stroke=\"currentColor\"\/>\n<\/svg>\n        <\/figure>\n    <\/a>\n<\/div>\n<\/div>\n<div\n    class=\"acf-text-image-block container my-12 md:my-15\"\n    data-block=\"text-image-block\"\n>\n    <div\n    class=\"flex flex-col items-center md:flex-row gap-8 md:gap-0 justify-between\">\n                        <div class=\"w-full md:w-1\/2 md:order-2\">\n            <picture><img decoding=\"async\" src=\"https:\/\/www.abf.se\/oresund\/resized\/?url=https%3A%2F%2Fwww.abf.se%2Fwp-content%2Fuploads%2F2023%2F11%2FImage.png&#038;fit=crop&#038;w=578&#038;s=46fe63d23cb399782247ba91cdb7ec46\" srcset=\"https:\/\/www.abf.se\/oresund\/resized\/?url=https%3A%2F%2Fwww.abf.se%2Fwp-content%2Fuploads%2F2023%2F11%2FImage.png&#038;fit=crop&#038;w=144&#038;h=126&#038;s=78dbf54ba121a466ab8c9ac54378ec6e 144w, https:\/\/www.abf.se\/oresund\/resized\/?url=https%3A%2F%2Fwww.abf.se%2Fwp-content%2Fuploads%2F2023%2F11%2FImage.png&#038;fit=crop&#038;w=240&#038;h=211&#038;s=b3d1033a766401e3b4c2552250f9a642 240w, https:\/\/www.abf.se\/oresund\/resized\/?url=https%3A%2F%2Fwww.abf.se%2Fwp-content%2Fuploads%2F2023%2F11%2FImage.png&#038;fit=crop&#038;w=288&#038;h=253&#038;s=63dfe34e1e9c4b554357374543406ff2 288w, https:\/\/www.abf.se\/oresund\/resized\/?url=https%3A%2F%2Fwww.abf.se%2Fwp-content%2Fuploads%2F2023%2F11%2FImage.png&#038;fit=crop&#038;w=336&#038;h=295&#038;s=699b7b81462a5db2d40d727f0919e72b 336w, https:\/\/www.abf.se\/oresund\/resized\/?url=https%3A%2F%2Fwww.abf.se%2Fwp-content%2Fuploads%2F2023%2F11%2FImage.png&#038;fit=crop&#038;w=432&#038;h=380&#038;s=c759a32d6a4177397a5c4134ea606901 432w, https:\/\/www.abf.se\/oresund\/resized\/?url=https%3A%2F%2Fwww.abf.se%2Fwp-content%2Fuploads%2F2023%2F11%2FImage.png&#038;fit=crop&#038;w=480&#038;h=422&#038;s=38bb72543c91b1657a6c48397f265669 480w, https:\/\/www.abf.se\/oresund\/resized\/?url=https%3A%2F%2Fwww.abf.se%2Fwp-content%2Fuploads%2F2023%2F11%2FImage.png&#038;fit=crop&#038;w=528&#038;h=464&#038;s=73b950ecfd5463405642b955ff58b235 528w, https:\/\/www.abf.se\/oresund\/resized\/?url=https%3A%2F%2Fwww.abf.se%2Fwp-content%2Fuploads%2F2023%2F11%2FImage.png&#038;fit=crop&#038;w=578&#038;h=509&#038;s=ff70472ae7769116bde5e26385c28bde 578w, https:\/\/www.abf.se\/oresund\/resized\/?url=https%3A%2F%2Fwww.abf.se%2Fwp-content%2Fuploads%2F2023%2F11%2FImage.png&#038;fit=crop&#038;w=672&#038;h=591&#038;s=5b97d17df0b23dd518aafb655236ffcc 672w, https:\/\/www.abf.se\/oresund\/resized\/?url=https%3A%2F%2Fwww.abf.se%2Fwp-content%2Fuploads%2F2023%2F11%2FImage.png&#038;fit=crop&#038;w=864&#038;h=760&#038;s=a7abac363146b4f8bac65d9142a585e1 864w, https:\/\/www.abf.se\/oresund\/resized\/?url=https%3A%2F%2Fwww.abf.se%2Fwp-content%2Fuploads%2F2023%2F11%2FImage.png&#038;fit=crop&#038;w=1056&#038;h=929&#038;s=c2cb04540b9a8eb2c4d686dd8117925f 1056w\" alt=\"glad kvinna med glas&ouml;gon mot en turkos bakgrund\" height=\"509\" width=\"578\" sizes=\"auto, (max-width: 768px) 100vw,\n                (max-width: 1280px) 50vw, 578px\" loading=\"lazy\" fetchpriority=\"low\" \/><\/picture>\n\n        <\/div>\n        \n        <div class=\"w-full md:w-1\/2 md:order-1\">\n        <div class=\"mx-auto md:max-w-[368px]\">\n            <h2 class=\"heading-lg\">Varf\u00f6r samarbeta med ABF?<\/h2>\n            <div class=\"mb-6 mt-4 wysiwyg\">\n                <ol>\n<li><strong>Bli en del av ett st\u00f6rre sammanhang:\u00a0<\/strong>Genom att anv\u00e4nda ABF \u00e4r ni del av en folkr\u00f6relse. Vi har en gemensam tro p\u00e5 att en annan v\u00e4rld \u00e4r m\u00f6jlig. Vi f\u00f6r\u00e4ndrar \u2013 tillsammans!<\/li>\n<li><strong>F\u00e5 ett socialt n\u00e4tverk:<\/strong>\u00a0ABF ing\u00e5r i ett stort och stabilt n\u00e4tverk av olika f\u00f6reningar. Ni hittar kraft hos och l\u00e4r er av varandra. ABF \u00e4r en m\u00f6tesplats d\u00e4r ni knyter kontakter och utbyter kunskap.<\/li>\n<li><strong>Anv\u00e4nd v\u00e5ra resurser:<\/strong>\u00a0ABF \u00e4r en kunnig organisatorisk och pedagogisk resurs. Vi har studiematerial, lokaler och teknisk utrustning.\u00a0Hit kommer ni f\u00f6r att l\u00e4ra er mer om allt fr\u00e5n pedagogik och cirkelledarskap till arrang\u00f6rskap och projekt.<\/li>\n<\/ol>\n\n            <\/div>\n                    <\/div>\n        <\/div>\n    <\/div>\n<\/div><ul\n    class=\"acf-article-accordion-block accordion-group grid gap-4 my-12 article-container\"\n    data-block=\"article-accordion-block \"\n    data-ui-accordion-group\n>\n\n            <li class=\"accordion\" data-ui-accordion data-ui-accordion-open=\"false\">\n        <h3>\n        <button data-ui-accordion-button class=\"accordion-toggle font-bold\" aria-expanded=\"false\" aria-controls=\"row-stodistyrelseochforeningsarbete-0\" id=\"stodistyrelseochforeningsarbete-0\">\n            St\u00f6d i styrelse- och f\u00f6reningsarbete\n            \n            <figure class=\"w-4.5 h-4.5\" aria-hidden=\"true\">\n            <svg width=\"20\" height=\"20\" viewBox=\"0 0 20 20\" fill=\"none\"\nclass=\"SvgIconElement\">\n<path d=\"M15.8333 7.16667L9.99992 13L4.16659 7.16667\" stroke=\"currentColor\"\/>\n<\/svg>\n            <\/figure>\n        <\/button>\n        \n                <\/h3>\n        <div class=\"accordion-content\">\n            <div id=\"row-stodistyrelseochforeningsarbete-0\" role=\"region\" class=\"accordion-content-wrap\" aria-labelledby=\"stodistyrelseochforeningsarbete-0\">\n                                            <div class=\"wysiwyg\">\n                    <p>Vi erbjuder st\u00f6d och utbildningar i demokratiarbete och f\u00f6reningsutveckling genom bland annat funktions- och styrelseutbildningar.<\/p>\n\n                <\/div>\n                                        <\/div>\n        <\/div>\n    <\/li>\n            <li class=\"accordion\" data-ui-accordion data-ui-accordion-open=\"false\">\n        <h3>\n        <button data-ui-accordion-button class=\"accordion-toggle font-bold\" aria-expanded=\"false\" aria-controls=\"row-pedagogisktstod-1\" id=\"pedagogisktstod-1\">\n            Pedagogiskt st\u00f6d\n            \n            <figure class=\"w-4.5 h-4.5\" aria-hidden=\"true\">\n            <svg width=\"20\" height=\"20\" viewBox=\"0 0 20 20\" fill=\"none\"\nclass=\"SvgIconElement\">\n<path d=\"M15.8333 7.16667L9.99992 13L4.16659 7.16667\" stroke=\"currentColor\"\/>\n<\/svg>\n            <\/figure>\n        <\/button>\n        \n                <\/h3>\n        <div class=\"accordion-content\">\n            <div id=\"row-pedagogisktstod-1\" role=\"region\" class=\"accordion-content-wrap\" aria-labelledby=\"pedagogisktstod-1\">\n                                            <div class=\"wysiwyg\">\n                    <p>Vi erbjuder pedagogiskt st\u00f6d vid planering av uppl\u00e4gg, arbetsplan och utbildningsinneh\u00e5ll.<\/p>\n\n                <\/div>\n                                        <\/div>\n        <\/div>\n    <\/li>\n            <li class=\"accordion\" data-ui-accordion data-ui-accordion-open=\"false\">\n        <h3>\n        <button data-ui-accordion-button class=\"accordion-toggle font-bold\" aria-expanded=\"false\" aria-controls=\"row-stodikommunikation-2\" id=\"stodikommunikation-2\">\n            St\u00f6d i kommunikation\n            \n            <figure class=\"w-4.5 h-4.5\" aria-hidden=\"true\">\n            <svg width=\"20\" height=\"20\" viewBox=\"0 0 20 20\" fill=\"none\"\nclass=\"SvgIconElement\">\n<path d=\"M15.8333 7.16667L9.99992 13L4.16659 7.16667\" stroke=\"currentColor\"\/>\n<\/svg>\n            <\/figure>\n        <\/button>\n        \n                <\/h3>\n        <div class=\"accordion-content\">\n            <div id=\"row-stodikommunikation-2\" role=\"region\" class=\"accordion-content-wrap\" aria-labelledby=\"stodikommunikation-2\">\n                                            <div class=\"wysiwyg\">\n                    <p>Vi hj\u00e4lper er att n\u00e5 ut med f\u00f6reningens verksamhet.<\/p>\n\n                <\/div>\n                                        <\/div>\n        <\/div>\n    <\/li>\n    <\/ul>\n<div\n    class=\"acf-text-image-block container my-12 md:my-15\"\n    data-block=\"text-image-block\"\n>\n    <div\n    class=\"flex flex-col items-center md:flex-row gap-8 md:gap-0 justify-between\">\n                        <div class=\"w-full md:w-1\/2 md:order-1\">\n            <picture><img decoding=\"async\" src=\"https:\/\/www.abf.se\/oresund\/resized\/?url=https%3A%2F%2Fwww.abf.se%2Fwp-content%2Fuploads%2F2025%2F05%2FTjej-med-bok.png&#038;fit=crop&#038;w=578&#038;s=dca587480e39f606f2b64ed2497ad392\" srcset=\"https:\/\/www.abf.se\/oresund\/resized\/?url=https%3A%2F%2Fwww.abf.se%2Fwp-content%2Fuploads%2F2025%2F05%2FTjej-med-bok.png&#038;fit=crop&#038;w=144&#038;h=126&#038;s=d04c8b60d84fbed20cf804dae9d94b25 144w, https:\/\/www.abf.se\/oresund\/resized\/?url=https%3A%2F%2Fwww.abf.se%2Fwp-content%2Fuploads%2F2025%2F05%2FTjej-med-bok.png&#038;fit=crop&#038;w=240&#038;h=211&#038;s=81fda87baf1a0b0891ff4041676ca1ff 240w, https:\/\/www.abf.se\/oresund\/resized\/?url=https%3A%2F%2Fwww.abf.se%2Fwp-content%2Fuploads%2F2025%2F05%2FTjej-med-bok.png&#038;fit=crop&#038;w=288&#038;h=253&#038;s=48913b0dd0cb94e4eae2422196f8f4ce 288w, https:\/\/www.abf.se\/oresund\/resized\/?url=https%3A%2F%2Fwww.abf.se%2Fwp-content%2Fuploads%2F2025%2F05%2FTjej-med-bok.png&#038;fit=crop&#038;w=336&#038;h=295&#038;s=bfacfa0847255e5a1ac3c96d9cb8538c 336w, https:\/\/www.abf.se\/oresund\/resized\/?url=https%3A%2F%2Fwww.abf.se%2Fwp-content%2Fuploads%2F2025%2F05%2FTjej-med-bok.png&#038;fit=crop&#038;w=432&#038;h=380&#038;s=b5d9338aeb94c864536677af9bd23c78 432w, https:\/\/www.abf.se\/oresund\/resized\/?url=https%3A%2F%2Fwww.abf.se%2Fwp-content%2Fuploads%2F2025%2F05%2FTjej-med-bok.png&#038;fit=crop&#038;w=480&#038;h=422&#038;s=d6780cdc7447b9ce60736609a5259fa3 480w, https:\/\/www.abf.se\/oresund\/resized\/?url=https%3A%2F%2Fwww.abf.se%2Fwp-content%2Fuploads%2F2025%2F05%2FTjej-med-bok.png&#038;fit=crop&#038;w=528&#038;h=464&#038;s=ac4c8064b5e2de85422fbcb0410c32a4 528w, https:\/\/www.abf.se\/oresund\/resized\/?url=https%3A%2F%2Fwww.abf.se%2Fwp-content%2Fuploads%2F2025%2F05%2FTjej-med-bok.png&#038;fit=crop&#038;w=578&#038;h=509&#038;s=3da102c2f325cfe1452bc8d27091cf2a 578w, https:\/\/www.abf.se\/oresund\/resized\/?url=https%3A%2F%2Fwww.abf.se%2Fwp-content%2Fuploads%2F2025%2F05%2FTjej-med-bok.png&#038;fit=crop&#038;w=672&#038;h=591&#038;s=a2cd2eed8ada1b0ea5b264d36b07ec7a 672w, https:\/\/www.abf.se\/oresund\/resized\/?url=https%3A%2F%2Fwww.abf.se%2Fwp-content%2Fuploads%2F2025%2F05%2FTjej-med-bok.png&#038;fit=crop&#038;w=864&#038;h=760&#038;s=50d68f79004dc8f972ee18a7505482df 864w, https:\/\/www.abf.se\/oresund\/resized\/?url=https%3A%2F%2Fwww.abf.se%2Fwp-content%2Fuploads%2F2025%2F05%2FTjej-med-bok.png&#038;fit=crop&#038;w=1056&#038;h=929&#038;s=98e5d31dd9d559806d1ba7a6ea0f236b 1056w\" alt=\"En glad tjej med en &ouml;ppen bok\" height=\"509\" width=\"578\" sizes=\"auto, (max-width: 768px) 100vw,\n                (max-width: 1280px) 50vw, 578px\" loading=\"lazy\" fetchpriority=\"low\" \/><\/picture>\n\n        <\/div>\n        \n        <div class=\"w-full md:w-1\/2 md:order-2\">\n        <div class=\"mx-auto md:max-w-[368px]\">\n            <h2 class=\"heading-lg\">Bli cirkelledare<\/h2>\n            <div class=\"mb-6 mt-4 wysiwyg\">\n                <p>Som cirkelledare \u00e4r du pedagog, inspirat\u00f6r och sammanh\u00e5llande kraft i studiecirkeln. ABF utbildar dig i ledarskap, kommunikation och pedagogik.<\/p>\n<ul>\n<li>Som cirkelledare beh\u00f6ver du inte ha mer kunskap om \u00e4mnet, utan din roll \u00e4r att h\u00e5lla ihop studiecirkeln.<\/li>\n<li>Ni l\u00e4r er tillsammans av varandras erfarenheter och kunskaper, samt av det studiematerial ni anv\u00e4nder.<\/li>\n<li>De flesta cirkelledare \u00e4r ideellt engagerade.<\/li>\n<li>Du som cirkelledare har kontakt med ABF och rapporterar era aktiviteter till oss.<\/li>\n<\/ul>\n\n            <\/div>\n                                            <a href='https:\/\/www.abf.se\/oresund\/cirkelledare\/bli-cirkelledare\/' class=\"default-button\" target=\"\">L\u00e4s mer<\/a>\n                    <\/div>\n        <\/div>\n    <\/div>\n<\/div><div\n    class=\"acf-quick-link-block bg-red py-12 md:py-20\"\n    data-block=\"quick-link-block\"\n>\n    <div class=\"container\">\n        \n        <div\n            class=\"px-5 content:px-0 grid grid-cols-1 gap-8 md:grid-cols-2\">\n            \n            <article\nclass=\"round-corners-sm p-6 relative group grid grid-rows-[subgrid] row-[span_3] gap-4 bg-white text-red\"\n>\n            <h3\n        class=\"heading-sm group-hover:underline text-red\">\n            <a href=\"https:\/\/www.abf.se\/oresund\/startsida\/om-abf\/\" class=\"expanded-hit-area\" target=\"\">\n                Om ABF\n            <\/a>\n        <\/h3>\n                <p class=\"body-md text-gray-text\">\n            ABF \u00e4r ett studief\u00f6rbund och en m\u00f6tesplats. Kom till oss f\u00f6r kreativitet, gemenskap och samh\u00e4llsf\u00f6r\u00e4ndring! Vi har r\u00f6tter i arbetarr\u00f6relsen och arbetar f\u00f6r att motverka klassamh\u00e4llet. Genom att organisera oss och l\u00e4ra av varandra, l\u00e4gger vi tillsammans grunden till en h\u00e5llbar framtid.\n        <\/p>\n        <figure\n    class=\"w-[38px] h-[38px] rounded-full p-2 group-hover:scale-110 transition-transform duration-300 self-end pointer-events-none bg-red text-white\">\n        <svg width=\"20\" height=\"20\" viewBox=\"0 0 20 20\" fill=\"none\" class=\"SvgIconElement\">\n<path d=\"M4.16659 10L15.8333 10\" stroke=\"currentColor\"\/>\n<path d=\"M9.99992 4.1665L15.8333 9.99984L9.99992 15.8332\" stroke=\"currentColor\"\/>\n<\/svg>\n    <\/figure>\n<\/article>            \n            <article\nclass=\"round-corners-sm p-6 relative group grid grid-rows-[subgrid] row-[span_3] gap-4 bg-white text-red\"\n>\n            <h3\n        class=\"heading-sm group-hover:underline text-red\">\n            <a href=\"https:\/\/www.abf.se\/oresund\/cirkelledare\/intresseanmalan\/\" class=\"expanded-hit-area\" target=\"\">\n                Arrangera eller boka lokal\n            <\/a>\n        <\/h3>\n                <p class=\"body-md text-gray-text\">\n            Vill ni rrangera en f\u00f6rel\u00e4sning, workshop eller n\u00e5got annat? G\u00f6r det tillsammans med ABF! Vi kan erbjuda gratis lokaler, resurser och pedagogiskt st\u00f6d genom att ni samverkar med oss. Du bokar lokal i samband med att du intresseanm\u00e4ler ditt arrangemang.\n        <\/p>\n        <figure\n    class=\"w-[38px] h-[38px] rounded-full p-2 group-hover:scale-110 transition-transform duration-300 self-end pointer-events-none bg-red text-white\">\n        <svg width=\"20\" height=\"20\" viewBox=\"0 0 20 20\" fill=\"none\" class=\"SvgIconElement\">\n<path d=\"M4.16659 10L15.8333 10\" stroke=\"currentColor\"\/>\n<path d=\"M9.99992 4.1665L15.8333 9.99984L9.99992 15.8332\" stroke=\"currentColor\"\/>\n<\/svg>\n    <\/figure>\n<\/article>                    <\/div>\n    <\/div>\n<\/div>\n","protected":false},"excerpt":{"rendered":"","protected":false},"author":24,"featured_media":0,"parent":0,"menu_order":0,"comment_status":"closed","ping_status":"closed","template":"","meta":{"_acf_changed":false,"footnotes":""},"class_list":["post-1317","page","type-page","status-publish","hentry"],"acf":[],"yoast_head":"<!-- This site is optimized with the Yoast SEO plugin v27.0 - https:\/\/yoast.com\/product\/yoast-seo-wordpress\/ -->\n<title>Samarbeta som f\u00f6rening - \u00d6resund<\/title>\n<meta name=\"robots\" content=\"index, follow, max-snippet:-1, max-image-preview:large, max-video-preview:-1\" \/>\n<link rel=\"canonical\" href=\"https:\/\/www.abf.se\/oresund\/samarbeta\/\" \/>\n<meta property=\"og:locale\" content=\"sv_SE\" \/>\n<meta property=\"og:type\" content=\"article\" \/>\n<meta property=\"og:title\" content=\"Samarbeta som f\u00f6rening - \u00d6resund\" \/>\n<meta property=\"og:url\" content=\"https:\/\/www.abf.se\/oresund\/samarbeta\/\" \/>\n<meta property=\"og:site_name\" content=\"\u00d6resund\" \/>\n<meta property=\"article:modified_time\" content=\"2025-12-30T08:14:19+00:00\" \/>\n<meta property=\"og:image\" content=\"https:\/\/www.abf.se\/wp-content\/uploads\/sites\/24\/2024\/04\/Nyckeln-liggande-scaled.jpg\" \/>\n\t<meta property=\"og:image:width\" content=\"2560\" \/>\n\t<meta property=\"og:image:height\" content=\"1440\" \/>\n\t<meta property=\"og:image:type\" content=\"image\/jpeg\" \/>\n<meta name=\"twitter:card\" content=\"summary_large_image\" \/>\n<script type=\"application\/ld+json\" class=\"yoast-schema-graph\">{\"@context\":\"https:\/\/schema.org\",\"@graph\":[{\"@type\":\"WebPage\",\"@id\":\"https:\/\/www.abf.se\/oresund\/samarbeta\/\",\"url\":\"https:\/\/www.abf.se\/oresund\/samarbeta\/\",\"name\":\"Samarbeta som f\u00f6rening - \u00d6resund\",\"isPartOf\":{\"@id\":\"https:\/\/www.abf.se\/oresund\/#website\"},\"datePublished\":\"2025-10-03T06:19:18+00:00\",\"dateModified\":\"2025-12-30T08:14:19+00:00\",\"breadcrumb\":{\"@id\":\"https:\/\/www.abf.se\/oresund\/samarbeta\/#breadcrumb\"},\"inLanguage\":\"sv-SE\",\"potentialAction\":[{\"@type\":\"ReadAction\",\"target\":[\"https:\/\/www.abf.se\/oresund\/samarbeta\/\"]}]},{\"@type\":\"BreadcrumbList\",\"@id\":\"https:\/\/www.abf.se\/oresund\/samarbeta\/#breadcrumb\",\"itemListElement\":[{\"@type\":\"ListItem\",\"position\":1,\"name\":\"Home\",\"item\":\"https:\/\/www.abf.se\/oresund\/\"},{\"@type\":\"ListItem\",\"position\":2,\"name\":\"Samarbeta som f\u00f6rening\"}]},{\"@type\":\"WebSite\",\"@id\":\"https:\/\/www.abf.se\/oresund\/#website\",\"url\":\"https:\/\/www.abf.se\/oresund\/\",\"name\":\"\u00d6resund\",\"description\":\"\",\"potentialAction\":[{\"@type\":\"SearchAction\",\"target\":{\"@type\":\"EntryPoint\",\"urlTemplate\":\"https:\/\/www.abf.se\/oresund\/?s={search_term_string}\"},\"query-input\":{\"@type\":\"PropertyValueSpecification\",\"valueRequired\":true,\"valueName\":\"search_term_string\"}}],\"inLanguage\":\"sv-SE\"}]}<\/script>\n<!-- \/ Yoast SEO plugin. -->","yoast_head_json":{"title":"Samarbeta som f\u00f6rening - \u00d6resund","robots":{"index":"index","follow":"follow","max-snippet":"max-snippet:-1","max-image-preview":"max-image-preview:large","max-video-preview":"max-video-preview:-1"},"canonical":"https:\/\/www.abf.se\/oresund\/samarbeta\/","og_locale":"sv_SE","og_type":"article","og_title":"Samarbeta som f\u00f6rening - \u00d6resund","og_url":"https:\/\/www.abf.se\/oresund\/samarbeta\/","og_site_name":"\u00d6resund","article_modified_time":"2025-12-30T08:14:19+00:00","og_image":[{"width":2560,"height":1440,"url":"https:\/\/www.abf.se\/wp-content\/uploads\/sites\/24\/2024\/04\/Nyckeln-liggande-scaled.jpg","type":"image\/jpeg"}],"twitter_card":"summary_large_image","schema":{"@context":"https:\/\/schema.org","@graph":[{"@type":"WebPage","@id":"https:\/\/www.abf.se\/oresund\/samarbeta\/","url":"https:\/\/www.abf.se\/oresund\/samarbeta\/","name":"Samarbeta som f\u00f6rening - \u00d6resund","isPartOf":{"@id":"https:\/\/www.abf.se\/oresund\/#website"},"datePublished":"2025-10-03T06:19:18+00:00","dateModified":"2025-12-30T08:14:19+00:00","breadcrumb":{"@id":"https:\/\/www.abf.se\/oresund\/samarbeta\/#breadcrumb"},"inLanguage":"sv-SE","potentialAction":[{"@type":"ReadAction","target":["https:\/\/www.abf.se\/oresund\/samarbeta\/"]}]},{"@type":"BreadcrumbList","@id":"https:\/\/www.abf.se\/oresund\/samarbeta\/#breadcrumb","itemListElement":[{"@type":"ListItem","position":1,"name":"Home","item":"https:\/\/www.abf.se\/oresund\/"},{"@type":"ListItem","position":2,"name":"Samarbeta som f\u00f6rening"}]},{"@type":"WebSite","@id":"https:\/\/www.abf.se\/oresund\/#website","url":"https:\/\/www.abf.se\/oresund\/","name":"\u00d6resund","description":"","potentialAction":[{"@type":"SearchAction","target":{"@type":"EntryPoint","urlTemplate":"https:\/\/www.abf.se\/oresund\/?s={search_term_string}"},"query-input":{"@type":"PropertyValueSpecification","valueRequired":true,"valueName":"search_term_string"}}],"inLanguage":"sv-SE"}]}},"_links":{"self":[{"href":"https:\/\/www.abf.se\/oresund\/wp-json\/wp\/v2\/pages\/1317","targetHints":{"allow":["GET"]}}],"collection":[{"href":"https:\/\/www.abf.se\/oresund\/wp-json\/wp\/v2\/pages"}],"about":[{"href":"https:\/\/www.abf.se\/oresund\/wp-json\/wp\/v2\/types\/page"}],"author":[{"embeddable":true,"href":"https:\/\/www.abf.se\/oresund\/wp-json\/wp\/v2\/users\/24"}],"replies":[{"embeddable":true,"href":"https:\/\/www.abf.se\/oresund\/wp-json\/wp\/v2\/comments?post=1317"}],"version-history":[{"count":9,"href":"https:\/\/www.abf.se\/oresund\/wp-json\/wp\/v2\/pages\/1317\/revisions"}],"predecessor-version":[{"id":2399,"href":"https:\/\/www.abf.se\/oresund\/wp-json\/wp\/v2\/pages\/1317\/revisions\/2399"}],"wp:attachment":[{"href":"https:\/\/www.abf.se\/oresund\/wp-json\/wp\/v2\/media?parent=1317"}],"curies":[{"name":"wp","href":"https:\/\/api.w.org\/{rel}","templated":true}]}}