{"id":1673,"date":"2025-10-08T14:07:25","date_gmt":"2025-10-08T12:07:25","guid":{"rendered":"https:\/\/www.abf.se\/helsingborg\/?page_id=1673"},"modified":"2026-03-31T15:37:08","modified_gmt":"2026-03-31T13:37:08","slug":"sokes","status":"publish","type":"page","link":"https:\/\/www.abf.se\/oresund\/cirkelledare\/sokes\/","title":{"rendered":"Cirkelledare s\u00f6kes"},"content":{"rendered":"<div\n    class=\"acf-plain-heading-block container my-16\"\n    data-block=\"plain-heading-block\"\n>\n    <div class=\"max-w-[658px] mx-auto\">\n                <h1 class=\"hero-heading\"><span>Cirkelledare<br \/>\r\ns\u00f6kes<\/span><\/h1>\n                            <p class=\"mt-8 body-xl text-black\">\n                Vi s\u00f6ker alltid cirkelledare till all typ av folkbildning! Men ibland s\u00f6ker vi personer med specifika kompetenser f\u00f6r att kunna arrangera kurser inom allt fr\u00e5n hantverk till spr\u00e5k.<br \/>\r\n<br \/>\r\nSom cirkelledare i dessa kurser f\u00e5r du ett arvode enligt \u00f6verrenskommelse. Fyll i formul\u00e4ret nedan och tryck skicka.\n            <\/p>\n            <\/div>\n<\/div>\n<div\n    class=\"acf-section-breaker-text my-8 container-lg\"\n    data-block=\"section-breaker-text\"\n>\n    <div class=\"round-corners-lg overflow-hidden pt-36 pb-8 px-5 md:p-16 relative grid grid-cols-1 md:grid-cols-2 lg:grid-cols-5 grid-flow-col-dense\">\n\n            <picture class=\"as-background-image\"><img decoding=\"async\" src=\"https:\/\/www.abf.se\/oresund\/resized\/?url=https%3A%2F%2Fwww.abf.se%2Fwp-content%2Fuploads%2F2024%2F04%2FSprakberget-liggande-scaled.jpg&#038;fit=crop&#038;w=1440&#038;s=eb93989ad6f3c8e504dbc197f68e206b\" srcset=\"https:\/\/www.abf.se\/oresund\/resized\/?url=https%3A%2F%2Fwww.abf.se%2Fwp-content%2Fuploads%2F2024%2F04%2FSprakberget-liggande-scaled.jpg&#038;fit=crop&#038;w=375&#038;h=540&#038;s=c742a5fd4e9e37e9b611200dc1bdbd44 375w, https:\/\/www.abf.se\/oresund\/resized\/?url=https%3A%2F%2Fwww.abf.se%2Fwp-content%2Fuploads%2F2024%2F04%2FSprakberget-liggande-scaled.jpg&#038;fit=crop&#038;w=499&#038;h=540&#038;s=c756ed2e0f96ed33cbfec337f9c57c1b 499w, https:\/\/www.abf.se\/oresund\/resized\/?url=https%3A%2F%2Fwww.abf.se%2Fwp-content%2Fuploads%2F2024%2F04%2FSprakberget-liggande-scaled.jpg&#038;fit=crop&#038;w=623&#038;h=540&#038;s=3e395d8a0ff8e5995e31faa644bc8bb4 623w, https:\/\/www.abf.se\/oresund\/resized\/?url=https%3A%2F%2Fwww.abf.se%2Fwp-content%2Fuploads%2F2024%2F04%2FSprakberget-liggande-scaled.jpg&#038;fit=crop&#038;w=747&#038;h=540&#038;s=1c07860cda30066ded913b3c86e239ac 747w, https:\/\/www.abf.se\/oresund\/resized\/?url=https%3A%2F%2Fwww.abf.se%2Fwp-content%2Fuploads%2F2024%2F04%2FSprakberget-liggande-scaled.jpg&#038;fit=crop&#038;w=750&#038;h=540&#038;s=e8d7abba767f5be80a960a7a2a22b6eb 750w, https:\/\/www.abf.se\/oresund\/resized\/?url=https%3A%2F%2Fwww.abf.se%2Fwp-content%2Fuploads%2F2024%2F04%2FSprakberget-liggande-scaled.jpg&#038;fit=crop&#038;w=871&#038;h=540&#038;s=4d0b2b27506894237bcc1187f184c749 871w, https:\/\/www.abf.se\/oresund\/resized\/?url=https%3A%2F%2Fwww.abf.se%2Fwp-content%2Fuploads%2F2024%2F04%2FSprakberget-liggande-scaled.jpg&#038;fit=crop&#038;w=995&#038;h=540&#038;s=43cc3c7b505d0e38241afe1ca96e3db1 995w, https:\/\/www.abf.se\/oresund\/resized\/?url=https%3A%2F%2Fwww.abf.se%2Fwp-content%2Fuploads%2F2024%2F04%2FSprakberget-liggande-scaled.jpg&#038;fit=crop&#038;w=998&#038;h=540&#038;s=621f694f23e31db4a33f6e42fac1a415 998w, https:\/\/www.abf.se\/oresund\/resized\/?url=https%3A%2F%2Fwww.abf.se%2Fwp-content%2Fuploads%2F2024%2F04%2FSprakberget-liggande-scaled.jpg&#038;fit=crop&#038;w=1119&#038;h=540&#038;s=b58beb8134c1284e40bf98dda73e36dc 1119w, https:\/\/www.abf.se\/oresund\/resized\/?url=https%3A%2F%2Fwww.abf.se%2Fwp-content%2Fuploads%2F2024%2F04%2FSprakberget-liggande-scaled.jpg&#038;fit=crop&#038;w=1243&#038;h=540&#038;s=ec68797a6ff2535222608fed2cb5f40b 1243w, https:\/\/www.abf.se\/oresund\/resized\/?url=https%3A%2F%2Fwww.abf.se%2Fwp-content%2Fuploads%2F2024%2F04%2FSprakberget-liggande-scaled.jpg&#038;fit=crop&#038;w=1246&#038;h=540&#038;s=2c9b76a1fd189109573f0fd1007d9c7e 1246w, https:\/\/www.abf.se\/oresund\/resized\/?url=https%3A%2F%2Fwww.abf.se%2Fwp-content%2Fuploads%2F2024%2F04%2FSprakberget-liggande-scaled.jpg&#038;fit=crop&#038;w=1367&#038;h=540&#038;s=9cb92968f111d9d0ff025844d2249fe4 1367w, https:\/\/www.abf.se\/oresund\/resized\/?url=https%3A%2F%2Fwww.abf.se%2Fwp-content%2Fuploads%2F2024%2F04%2FSprakberget-liggande-scaled.jpg&#038;fit=crop&#038;w=1440&#038;h=540&#038;s=359d4a6c4955beec3c4c2e9b6d150ecf 1440w, https:\/\/www.abf.se\/oresund\/resized\/?url=https%3A%2F%2Fwww.abf.se%2Fwp-content%2Fuploads%2F2024%2F04%2FSprakberget-liggande-scaled.jpg&#038;fit=crop&#038;w=1494&#038;h=540&#038;s=f8a002a14d4f32f36855a523003a2599 1494w, https:\/\/www.abf.se\/oresund\/resized\/?url=https%3A%2F%2Fwww.abf.se%2Fwp-content%2Fuploads%2F2024%2F04%2FSprakberget-liggande-scaled.jpg&#038;fit=crop&#038;w=1742&#038;h=540&#038;s=d484d115cdc8db3d7fa266b455b76d89 1742w, https:\/\/www.abf.se\/oresund\/resized\/?url=https%3A%2F%2Fwww.abf.se%2Fwp-content%2Fuploads%2F2024%2F04%2FSprakberget-liggande-scaled.jpg&#038;fit=crop&#038;w=1990&#038;h=540&#038;s=66545b6f131d157c71ea01aac5eeccf7 1990w, https:\/\/www.abf.se\/oresund\/resized\/?url=https%3A%2F%2Fwww.abf.se%2Fwp-content%2Fuploads%2F2024%2F04%2FSprakberget-liggande-scaled.jpg&#038;fit=crop&#038;w=2238&#038;h=540&#038;s=6a4298a204bfbc34af20b6854a3887ba 2238w, https:\/\/www.abf.se\/oresund\/resized\/?url=https%3A%2F%2Fwww.abf.se%2Fwp-content%2Fuploads%2F2024%2F04%2FSprakberget-liggande-scaled.jpg&#038;fit=crop&#038;w=2486&#038;h=540&#038;s=9f8e44f919ef8bd8a318300304c568b4 2486w, https:\/\/www.abf.se\/oresund\/resized\/?url=https%3A%2F%2Fwww.abf.se%2Fwp-content%2Fuploads%2F2024%2F04%2FSprakberget-liggande-scaled.jpg&#038;fit=crop&#038;w=2734&#038;h=540&#038;s=c01571568a2f92b1cdbb6b6f70564c8b 2734w\" alt=\"\" height=\"540\" width=\"1440\" sizes=\"auto, \n            (max-width: 1440px) calc(100vw - 32px), 1440px\" loading=\"lazy\" fetchpriority=\"low\" aria-hidden=\"true\" role=\"presentation\" \/><\/picture>\n                <div class=\"bg-white round-corners-sm px-10 py-11 col-span-1  relative z-10 col-span-3\">\n            <h2 class=\"heading-lg mb-4\">H\u00e5ll studiecirklar i spr\u00e5k<\/h2>\n            <div style=\"font-size: 1.25rem; color: black;\" class=\"body-xl wysiwyg\"><p>Just nu s\u00f6ker vi cirkelledare som kan h\u00e5lla i spr\u00e5kkurser i flera olika spr\u00e5k.<\/p>\n<\/div>\n                                            <a href='https:\/\/www.abf.se\/oresund\/cirkelledare\/sokes\/sprak\/' class=\"default-button mt-8\" target=\"\">L\u00e4s mer och anm\u00e4l dig<\/a>\n                    \n        <\/div>\n    <\/div>\n<\/div>\n<div\n    class=\"acf-section-breaker-text my-8 container-lg\"\n    data-block=\"section-breaker-text\"\n>\n    <div class=\"round-corners-lg overflow-hidden pt-36 pb-8 px-5 md:p-16 relative grid grid-cols-1 md:grid-cols-2 lg:grid-cols-5 grid-flow-col-dense\">\n\n            <picture class=\"as-background-image\"><img decoding=\"async\" src=\"https:\/\/www.abf.se\/oresund\/resized\/?url=https%3A%2F%2Fwww.abf.se%2Fwp-content%2Fuploads%2F2023%2F11%2FVerksamhetsledaren-liggande_IMGP.jpg&#038;fit=crop&#038;w=1440&#038;s=c4489d08d0b15443c4daa1d1a3cf23e1\" srcset=\"https:\/\/www.abf.se\/oresund\/resized\/?url=https%3A%2F%2Fwww.abf.se%2Fwp-content%2Fuploads%2F2023%2F11%2FVerksamhetsledaren-liggande_IMGP.jpg&#038;fit=crop&#038;w=375&#038;h=540&#038;s=a16a65318360dec7dfbfb57a60e453d7 375w, https:\/\/www.abf.se\/oresund\/resized\/?url=https%3A%2F%2Fwww.abf.se%2Fwp-content%2Fuploads%2F2023%2F11%2FVerksamhetsledaren-liggande_IMGP.jpg&#038;fit=crop&#038;w=499&#038;h=540&#038;s=aefd44fde8cae8afba21dadfbde72a49 499w, https:\/\/www.abf.se\/oresund\/resized\/?url=https%3A%2F%2Fwww.abf.se%2Fwp-content%2Fuploads%2F2023%2F11%2FVerksamhetsledaren-liggande_IMGP.jpg&#038;fit=crop&#038;w=623&#038;h=540&#038;s=ee8dcf1b00c919d8b6b7196d9e827272 623w, https:\/\/www.abf.se\/oresund\/resized\/?url=https%3A%2F%2Fwww.abf.se%2Fwp-content%2Fuploads%2F2023%2F11%2FVerksamhetsledaren-liggande_IMGP.jpg&#038;fit=crop&#038;w=747&#038;h=540&#038;s=f0be09ae567d453395cb8291cf31de64 747w, https:\/\/www.abf.se\/oresund\/resized\/?url=https%3A%2F%2Fwww.abf.se%2Fwp-content%2Fuploads%2F2023%2F11%2FVerksamhetsledaren-liggande_IMGP.jpg&#038;fit=crop&#038;w=750&#038;h=540&#038;s=621927eb0ad547cf19819134a00af3fb 750w, https:\/\/www.abf.se\/oresund\/resized\/?url=https%3A%2F%2Fwww.abf.se%2Fwp-content%2Fuploads%2F2023%2F11%2FVerksamhetsledaren-liggande_IMGP.jpg&#038;fit=crop&#038;w=871&#038;h=540&#038;s=db1623a6adc01c858d8ad8283bb49847 871w, https:\/\/www.abf.se\/oresund\/resized\/?url=https%3A%2F%2Fwww.abf.se%2Fwp-content%2Fuploads%2F2023%2F11%2FVerksamhetsledaren-liggande_IMGP.jpg&#038;fit=crop&#038;w=995&#038;h=540&#038;s=2bb01371b1356193fa8af29e46c36604 995w, https:\/\/www.abf.se\/oresund\/resized\/?url=https%3A%2F%2Fwww.abf.se%2Fwp-content%2Fuploads%2F2023%2F11%2FVerksamhetsledaren-liggande_IMGP.jpg&#038;fit=crop&#038;w=998&#038;h=540&#038;s=6202e0e0c05f6621193128312c968709 998w, https:\/\/www.abf.se\/oresund\/resized\/?url=https%3A%2F%2Fwww.abf.se%2Fwp-content%2Fuploads%2F2023%2F11%2FVerksamhetsledaren-liggande_IMGP.jpg&#038;fit=crop&#038;w=1119&#038;h=540&#038;s=b4cbef487ea7122acf300d58696213a9 1119w, https:\/\/www.abf.se\/oresund\/resized\/?url=https%3A%2F%2Fwww.abf.se%2Fwp-content%2Fuploads%2F2023%2F11%2FVerksamhetsledaren-liggande_IMGP.jpg&#038;fit=crop&#038;w=1243&#038;h=540&#038;s=1873858a80e2ad49fb0be5f1e1a8cd5e 1243w, https:\/\/www.abf.se\/oresund\/resized\/?url=https%3A%2F%2Fwww.abf.se%2Fwp-content%2Fuploads%2F2023%2F11%2FVerksamhetsledaren-liggande_IMGP.jpg&#038;fit=crop&#038;w=1246&#038;h=540&#038;s=0892152489de25e1877dd01a540ec79d 1246w, https:\/\/www.abf.se\/oresund\/resized\/?url=https%3A%2F%2Fwww.abf.se%2Fwp-content%2Fuploads%2F2023%2F11%2FVerksamhetsledaren-liggande_IMGP.jpg&#038;fit=crop&#038;w=1367&#038;h=540&#038;s=959e39d132a818fcce9b768f4d995daf 1367w, https:\/\/www.abf.se\/oresund\/resized\/?url=https%3A%2F%2Fwww.abf.se%2Fwp-content%2Fuploads%2F2023%2F11%2FVerksamhetsledaren-liggande_IMGP.jpg&#038;fit=crop&#038;w=1440&#038;h=540&#038;s=0db30864e064e04a601706cc8272fad0 1440w, https:\/\/www.abf.se\/oresund\/resized\/?url=https%3A%2F%2Fwww.abf.se%2Fwp-content%2Fuploads%2F2023%2F11%2FVerksamhetsledaren-liggande_IMGP.jpg&#038;fit=crop&#038;w=1494&#038;h=540&#038;s=bbb2e00565109933201fa4e045ca7143 1494w, https:\/\/www.abf.se\/oresund\/resized\/?url=https%3A%2F%2Fwww.abf.se%2Fwp-content%2Fuploads%2F2023%2F11%2FVerksamhetsledaren-liggande_IMGP.jpg&#038;fit=crop&#038;w=1742&#038;h=540&#038;s=0edd66af9aa6ee8312e3c26b798779f7 1742w, https:\/\/www.abf.se\/oresund\/resized\/?url=https%3A%2F%2Fwww.abf.se%2Fwp-content%2Fuploads%2F2023%2F11%2FVerksamhetsledaren-liggande_IMGP.jpg&#038;fit=crop&#038;w=1990&#038;h=540&#038;s=ced10a3d1d817fbd84330f9c488e8966 1990w, https:\/\/www.abf.se\/oresund\/resized\/?url=https%3A%2F%2Fwww.abf.se%2Fwp-content%2Fuploads%2F2023%2F11%2FVerksamhetsledaren-liggande_IMGP.jpg&#038;fit=crop&#038;w=2238&#038;h=540&#038;s=b9979b3299f954ed8f74e4360552a511 2238w, https:\/\/www.abf.se\/oresund\/resized\/?url=https%3A%2F%2Fwww.abf.se%2Fwp-content%2Fuploads%2F2023%2F11%2FVerksamhetsledaren-liggande_IMGP.jpg&#038;fit=crop&#038;w=2486&#038;h=540&#038;s=32df9b706b0e752351d2a6f891458db6 2486w, https:\/\/www.abf.se\/oresund\/resized\/?url=https%3A%2F%2Fwww.abf.se%2Fwp-content%2Fuploads%2F2023%2F11%2FVerksamhetsledaren-liggande_IMGP.jpg&#038;fit=crop&#038;w=2734&#038;h=540&#038;s=c01a517cb2da05741807eef1bd6d1383 2734w\" alt=\"\" height=\"540\" width=\"1440\" sizes=\"auto, \n            (max-width: 1440px) calc(100vw - 32px), 1440px\" loading=\"lazy\" fetchpriority=\"low\" aria-hidden=\"true\" role=\"presentation\" \/><\/picture>\n                <div class=\"bg-white round-corners-sm px-10 py-11 col-span-1  relative z-10 col-start-4 col-end-[-1]\">\n            <h2 class=\"heading-lg mb-4\">Vill du h\u00e5lla kurser i n\u00e5got helt annat?<\/h2>\n            <div style=\"font-size: 1.25rem; color: black;\" class=\"body-xl wysiwyg\"><p>Har du en egen id\u00e9 p\u00e5 vad f\u00f6r studiecirkel du vill arrangera? Tveka inte att anm\u00e4la ditt intresse!<\/p>\n<\/div>\n                                            <a href='https:\/\/www.abf.se\/oresund\/cirkelledare\/bli-cirkelledare\/intresseanmalan\/' class=\"default-button mt-8\" target=\"\">Jag vill bli cirkelledare<\/a>\n                    \n        <\/div>\n    <\/div>\n<\/div>\n","protected":false},"excerpt":{"rendered":"","protected":false},"author":24,"featured_media":0,"parent":1333,"menu_order":0,"comment_status":"closed","ping_status":"closed","template":"","meta":{"_acf_changed":false,"footnotes":""},"class_list":["post-1673","page","type-page","status-publish","hentry"],"acf":[],"yoast_head":"<!-- This site is optimized with the Yoast SEO plugin v27.0 - https:\/\/yoast.com\/product\/yoast-seo-wordpress\/ -->\n<title>Cirkelledare s\u00f6kes - \u00d6resund<\/title>\n<meta name=\"robots\" content=\"index, follow, max-snippet:-1, max-image-preview:large, max-video-preview:-1\" \/>\n<link rel=\"canonical\" href=\"https:\/\/www.abf.se\/oresund\/cirkelledare\/sokes\/\" \/>\n<meta property=\"og:locale\" content=\"sv_SE\" \/>\n<meta property=\"og:type\" content=\"article\" \/>\n<meta property=\"og:title\" content=\"Cirkelledare s\u00f6kes - \u00d6resund\" \/>\n<meta property=\"og:url\" content=\"https:\/\/www.abf.se\/oresund\/cirkelledare\/sokes\/\" \/>\n<meta property=\"og:site_name\" content=\"\u00d6resund\" \/>\n<meta property=\"article:modified_time\" content=\"2026-03-31T13:37:08+00:00\" \/>\n<meta property=\"og:image\" content=\"https:\/\/www.abf.se\/wp-content\/uploads\/sites\/24\/2024\/04\/Nyckeln-liggande-scaled.jpg\" \/>\n\t<meta property=\"og:image:width\" content=\"2560\" \/>\n\t<meta property=\"og:image:height\" content=\"1440\" \/>\n\t<meta property=\"og:image:type\" content=\"image\/jpeg\" \/>\n<meta name=\"twitter:card\" content=\"summary_large_image\" \/>\n<script type=\"application\/ld+json\" class=\"yoast-schema-graph\">{\"@context\":\"https:\/\/schema.org\",\"@graph\":[{\"@type\":\"WebPage\",\"@id\":\"https:\/\/www.abf.se\/oresund\/cirkelledare\/sokes\/\",\"url\":\"https:\/\/www.abf.se\/oresund\/cirkelledare\/sokes\/\",\"name\":\"Cirkelledare s\u00f6kes - \u00d6resund\",\"isPartOf\":{\"@id\":\"https:\/\/www.abf.se\/oresund\/#website\"},\"datePublished\":\"2025-10-08T12:07:25+00:00\",\"dateModified\":\"2026-03-31T13:37:08+00:00\",\"breadcrumb\":{\"@id\":\"https:\/\/www.abf.se\/oresund\/cirkelledare\/sokes\/#breadcrumb\"},\"inLanguage\":\"sv-SE\",\"potentialAction\":[{\"@type\":\"ReadAction\",\"target\":[\"https:\/\/www.abf.se\/oresund\/cirkelledare\/sokes\/\"]}]},{\"@type\":\"BreadcrumbList\",\"@id\":\"https:\/\/www.abf.se\/oresund\/cirkelledare\/sokes\/#breadcrumb\",\"itemListElement\":[{\"@type\":\"ListItem\",\"position\":1,\"name\":\"Home\",\"item\":\"https:\/\/www.abf.se\/oresund\/\"},{\"@type\":\"ListItem\",\"position\":2,\"name\":\"Cirkelledare\",\"item\":\"https:\/\/www.abf.se\/oresund\/cirkelledare\/\"},{\"@type\":\"ListItem\",\"position\":3,\"name\":\"Cirkelledare s\u00f6kes\"}]},{\"@type\":\"WebSite\",\"@id\":\"https:\/\/www.abf.se\/oresund\/#website\",\"url\":\"https:\/\/www.abf.se\/oresund\/\",\"name\":\"\u00d6resund\",\"description\":\"\",\"potentialAction\":[{\"@type\":\"SearchAction\",\"target\":{\"@type\":\"EntryPoint\",\"urlTemplate\":\"https:\/\/www.abf.se\/oresund\/?s={search_term_string}\"},\"query-input\":{\"@type\":\"PropertyValueSpecification\",\"valueRequired\":true,\"valueName\":\"search_term_string\"}}],\"inLanguage\":\"sv-SE\"}]}<\/script>\n<!-- \/ Yoast SEO plugin. -->","yoast_head_json":{"title":"Cirkelledare s\u00f6kes - \u00d6resund","robots":{"index":"index","follow":"follow","max-snippet":"max-snippet:-1","max-image-preview":"max-image-preview:large","max-video-preview":"max-video-preview:-1"},"canonical":"https:\/\/www.abf.se\/oresund\/cirkelledare\/sokes\/","og_locale":"sv_SE","og_type":"article","og_title":"Cirkelledare s\u00f6kes - \u00d6resund","og_url":"https:\/\/www.abf.se\/oresund\/cirkelledare\/sokes\/","og_site_name":"\u00d6resund","article_modified_time":"2026-03-31T13:37:08+00:00","og_image":[{"width":2560,"height":1440,"url":"https:\/\/www.abf.se\/wp-content\/uploads\/sites\/24\/2024\/04\/Nyckeln-liggande-scaled.jpg","type":"image\/jpeg"}],"twitter_card":"summary_large_image","schema":{"@context":"https:\/\/schema.org","@graph":[{"@type":"WebPage","@id":"https:\/\/www.abf.se\/oresund\/cirkelledare\/sokes\/","url":"https:\/\/www.abf.se\/oresund\/cirkelledare\/sokes\/","name":"Cirkelledare s\u00f6kes - \u00d6resund","isPartOf":{"@id":"https:\/\/www.abf.se\/oresund\/#website"},"datePublished":"2025-10-08T12:07:25+00:00","dateModified":"2026-03-31T13:37:08+00:00","breadcrumb":{"@id":"https:\/\/www.abf.se\/oresund\/cirkelledare\/sokes\/#breadcrumb"},"inLanguage":"sv-SE","potentialAction":[{"@type":"ReadAction","target":["https:\/\/www.abf.se\/oresund\/cirkelledare\/sokes\/"]}]},{"@type":"BreadcrumbList","@id":"https:\/\/www.abf.se\/oresund\/cirkelledare\/sokes\/#breadcrumb","itemListElement":[{"@type":"ListItem","position":1,"name":"Home","item":"https:\/\/www.abf.se\/oresund\/"},{"@type":"ListItem","position":2,"name":"Cirkelledare","item":"https:\/\/www.abf.se\/oresund\/cirkelledare\/"},{"@type":"ListItem","position":3,"name":"Cirkelledare s\u00f6kes"}]},{"@type":"WebSite","@id":"https:\/\/www.abf.se\/oresund\/#website","url":"https:\/\/www.abf.se\/oresund\/","name":"\u00d6resund","description":"","potentialAction":[{"@type":"SearchAction","target":{"@type":"EntryPoint","urlTemplate":"https:\/\/www.abf.se\/oresund\/?s={search_term_string}"},"query-input":{"@type":"PropertyValueSpecification","valueRequired":true,"valueName":"search_term_string"}}],"inLanguage":"sv-SE"}]}},"_links":{"self":[{"href":"https:\/\/www.abf.se\/oresund\/wp-json\/wp\/v2\/pages\/1673","targetHints":{"allow":["GET"]}}],"collection":[{"href":"https:\/\/www.abf.se\/oresund\/wp-json\/wp\/v2\/pages"}],"about":[{"href":"https:\/\/www.abf.se\/oresund\/wp-json\/wp\/v2\/types\/page"}],"author":[{"embeddable":true,"href":"https:\/\/www.abf.se\/oresund\/wp-json\/wp\/v2\/users\/24"}],"replies":[{"embeddable":true,"href":"https:\/\/www.abf.se\/oresund\/wp-json\/wp\/v2\/comments?post=1673"}],"version-history":[{"count":14,"href":"https:\/\/www.abf.se\/oresund\/wp-json\/wp\/v2\/pages\/1673\/revisions"}],"predecessor-version":[{"id":3059,"href":"https:\/\/www.abf.se\/oresund\/wp-json\/wp\/v2\/pages\/1673\/revisions\/3059"}],"up":[{"embeddable":true,"href":"https:\/\/www.abf.se\/oresund\/wp-json\/wp\/v2\/pages\/1333"}],"wp:attachment":[{"href":"https:\/\/www.abf.se\/oresund\/wp-json\/wp\/v2\/media?parent=1673"}],"curies":[{"name":"wp","href":"https:\/\/api.w.org\/{rel}","templated":true}]}}