{"id":1731,"date":"2025-10-10T11:48:32","date_gmt":"2025-10-10T09:48:32","guid":{"rendered":"https:\/\/www.abf.se\/helsingborg\/?page_id=1731"},"modified":"2026-01-30T11:32:21","modified_gmt":"2026-01-30T10:32:21","slug":"aterbruk","status":"publish","type":"page","link":"https:\/\/www.abf.se\/oresund\/kurser\/hantverk\/aterbruk\/","title":{"rendered":"\u00c5terbruk"},"content":{"rendered":"<div\n    class=\"acf-hero-block container-lg no-padding mb-12 js-geolocation\"\n    data-block=\"hero-block\"\n    data-index=\"0\"\n>\n    <div class=\"h-[548px]  relative rounded-[32px] overflow-hidden flex bg-gray-light\">\n        <div class=\"relative z-10 mt-auto h-auto w-full md:h-full\">\n            <div class=\"flex w-full h-full flex-col flex-wrap justify-end w-full md:w-7\/12 lg:w-1\/2 md:justify-center\">\n                <div class=\"flex flex-col gap-3 md:gap-[18px] md:transparent pt-16 pb-36 md:py-8 px-4 w-full md:max-w-[620px] mx-auto px-8\">\n\n                    <h1 class=\"hero-heading hero-heading--red-text\"><span>Kurser i<br \/>\r\n\u00e5tebruk<\/span><\/h1>\n\n                    \n                                    <\/div>\n            <\/div>\n        <\/div>\n\n                    <picture class=\"as-background-image mix-blend-multiply bg-black\/40\"><img decoding=\"async\" src=\"https:\/\/www.abf.se\/oresund\/resized\/?url=https%3A%2F%2Fwww.abf.se%2Fwp-content%2Fuploads%2Fsites%2F24%2F2024%2F10%2Faterbruk02.jpg&#038;fit=crop&#038;w=1440&#038;s=bd8a41696b7c438511ab0ec0d58b8359\" srcset=\"https:\/\/www.abf.se\/oresund\/resized\/?url=https%3A%2F%2Fwww.abf.se%2Fwp-content%2Fuploads%2Fsites%2F24%2F2024%2F10%2Faterbruk02.jpg&#038;fit=crop&#038;w=375&#038;h=540&#038;s=2818a2c9a6610a6b89840b4d57f2dc5f 375w, https:\/\/www.abf.se\/oresund\/resized\/?url=https%3A%2F%2Fwww.abf.se%2Fwp-content%2Fuploads%2Fsites%2F24%2F2024%2F10%2Faterbruk02.jpg&#038;fit=crop&#038;w=447&#038;h=540&#038;s=3a016298dc6700053c58aa650c08226b 447w, https:\/\/www.abf.se\/oresund\/resized\/?url=https%3A%2F%2Fwww.abf.se%2Fwp-content%2Fuploads%2Fsites%2F24%2F2024%2F10%2Faterbruk02.jpg&#038;fit=crop&#038;w=519&#038;h=540&#038;s=9f18bc3eb7cb0ea271dc47bae8e18ab4 519w, https:\/\/www.abf.se\/oresund\/resized\/?url=https%3A%2F%2Fwww.abf.se%2Fwp-content%2Fuploads%2Fsites%2F24%2F2024%2F10%2Faterbruk02.jpg&#038;fit=crop&#038;w=591&#038;h=540&#038;s=416878319b63510e623d0eb58fb3af44 591w, https:\/\/www.abf.se\/oresund\/resized\/?url=https%3A%2F%2Fwww.abf.se%2Fwp-content%2Fuploads%2Fsites%2F24%2F2024%2F10%2Faterbruk02.jpg&#038;fit=crop&#038;w=663&#038;h=540&#038;s=b8b12fc35378eccce7282a2dfa5140db 663w, https:\/\/www.abf.se\/oresund\/resized\/?url=https%3A%2F%2Fwww.abf.se%2Fwp-content%2Fuploads%2Fsites%2F24%2F2024%2F10%2Faterbruk02.jpg&#038;fit=crop&#038;w=750&#038;h=540&#038;s=274fd03f7eca0eb63958e1eb6805cd83 750w, https:\/\/www.abf.se\/oresund\/resized\/?url=https%3A%2F%2Fwww.abf.se%2Fwp-content%2Fuploads%2Fsites%2F24%2F2024%2F10%2Faterbruk02.jpg&#038;fit=crop&#038;w=894&#038;h=540&#038;s=f0764246d498f6cc00544c7080788d90 894w, https:\/\/www.abf.se\/oresund\/resized\/?url=https%3A%2F%2Fwww.abf.se%2Fwp-content%2Fuploads%2Fsites%2F24%2F2024%2F10%2Faterbruk02.jpg&#038;fit=crop&#038;w=1038&#038;h=540&#038;s=c585cc327731dae253b0e28563a4095e 1038w, https:\/\/www.abf.se\/oresund\/resized\/?url=https%3A%2F%2Fwww.abf.se%2Fwp-content%2Fuploads%2Fsites%2F24%2F2024%2F10%2Faterbruk02.jpg&#038;fit=crop&#038;w=1182&#038;h=540&#038;s=ba3754b851bc3101f302fcefb6f6e0bd 1182w, https:\/\/www.abf.se\/oresund\/resized\/?url=https%3A%2F%2Fwww.abf.se%2Fwp-content%2Fuploads%2Fsites%2F24%2F2024%2F10%2Faterbruk02.jpg&#038;fit=crop&#038;w=1326&#038;h=540&#038;s=6776998da63c1618edd8b81858fc03f3 1326w, https:\/\/www.abf.se\/oresund\/resized\/?url=https%3A%2F%2Fwww.abf.se%2Fwp-content%2Fuploads%2Fsites%2F24%2F2024%2F10%2Faterbruk02.jpg&#038;fit=crop&#038;w=1440&#038;h=540&#038;s=6ba97ba562a748be7307732de0e48492 1440w\" alt=\"\" height=\"540\" width=\"1440\" sizes=\"(max-width: 1440px) calc(100vw - 32px), 1440px\" loading=\"eager\" fetchpriority=\"high\" aria-hidden=\"true\" role=\"presentation\" \/><\/picture>\n        \n\n            <\/div>\n\n    <\/div>\n\n<div\n    class=\"acf-article-text-block article-container my-12\"\n    data-block=\"article-text-block\"\n>\n    <div class=\"wysiwyg\">\n        <p>Tycker du att det \u00e4r roligt att skapa i tyg? \u00c4r h\u00e5llbarhet viktigt f\u00f6r dig? Har du ett par byxor, en kl\u00e4nning, eller en handv\u00e4ska du inte anv\u00e4nder?<\/p>\n<p>L\u00e4r dig \u00e5terbruka dem till andra saker! Ett par jeans kan bli en tygkasse, en skjorta kan bli en kl\u00e4nning! Bara fantasin s\u00e4tter gr\u00e4nser.<\/p>\n\n    <\/div>\n<\/div>\n<form id=\"CourseSearch\" action=\"https:\/\/www.abf.se\/oresund\/kurs-sok\/\" hx-boost=\"true\" hx-target=\"#search-results\" hx-replace-url=\"false\" hx-headers='{\"HX-Action\": \"render_search\"}'>\n    \n            <div class=\"container mb-8\">\n            <div id=\"search-results\">\n                <div class=\"mb-6\">\n    \n    <div class=\"flex flex-col gap-4 md:gap-0 md:flex-row\">\n        <div class=\"inline-flex justify-between md:justify-start items-start gap-2\">\n            <input type=\"hidden\" id=\"type\" name=\"type\" value=\"course\">\n            <a href=\"\/oresund\/wp-json\/wp\/v2\/pages\/1731?type=course&#038;city%5B0%5D=131\" class=\"py-3 px-[26px] rounded-3xl border border-red-dark font-medium text-white bg-red-dark\" href=\"\">Kurser (0)<\/a>\n            <a href=\"\/oresund\/wp-json\/wp\/v2\/pages\/1731?type=event&#038;city%5B0%5D=131\" class=\"py-3 px-[26px] rounded-3xl border border-red-dark font-medium text-red-dark bg-white\" href=\"\">Evenemang (0)<\/a>\n        <\/div>\n        <div class=\"inline-flex items-center align-center justify-end self-center ml-auto gap-7\">\n            <input type=\"hidden\" name=\"lat\" value=\"\" disabled>\n            <input type=\"hidden\" name=\"lon\" value=\"\" disabled>\n            <div>\n                <select name=\"sort\" class=\"InputField-minimal-select\" data-sort-dropdown aria-label=\"V\u00e4lj sortering f\u00f6r resultaten\">\n                    <option value=\"\"  selected  disabled>Sortera efter<\/option>\n                                            <option value=\"date\" >Startdatum<\/option>\n                                            <option value=\"date_desc\" >Senast startdatum<\/option>\n                                            <option value=\"relevance\" >Relevans<\/option>\n                                            <option value=\"name\" >Alfabetisk ordning<\/option>\n                                            <option value=\"price\" >Pris l\u00e5gt &#8211; h\u00f6gt<\/option>\n                                            <option value=\"price_desc\" >Pris h\u00f6gt &#8211; l\u00e5gt<\/option>\n                                            <option value=\"geo\" >N\u00e4ra mig<\/option>\n                                    <\/select>\n            <\/div>\n\n                        <div class=\"hidden md:flex flex-row items-center gap-2\">\n                <a href=\"\/oresund\/wp-json\/wp\/v2\/pages\/1731?type=course&amp;city%5B0%5D=131&amp;display=grid\" class=\"[&#038;_svg]:fill-red-dark\">\n                    <span class=\"sr-only\">\n                        Visa resultaten i ett rutn\u00e4t\n                    <\/span>\n                    <svg width=\"18\" height=\"18\" viewBox=\"0 0 18 18\" fill=\"none\" xmlns=\"http:\/\/www.w3.org\/2000\/svg\">\n<rect x=\"11\" width=\"7\" height=\"7\" rx=\"2\" fill=\"\"\/>\n<rect width=\"7\" height=\"7\" rx=\"2\" fill=\"\"\/>\n<rect x=\"11\" y=\"11\" width=\"7\" height=\"7\" rx=\"2\" fill=\"\"\/>\n<rect y=\"11\" width=\"7\" height=\"7\" rx=\"2\" fill=\"\"\/>\n<\/svg>\n<\/a>\n                <a href=\"\/oresund\/wp-json\/wp\/v2\/pages\/1731?type=course&amp;city%5B0%5D=131&amp;display=list\" class=\"[&#038;_svg]:stroke-gray\">\n                    <span class=\"sr-only\">\n                        Visa resultaten som en lista\n                    <\/span>\n                    <svg width=\"32\" height=\"32\" viewBox=\"0 0 32 32\" fill=\"none\" xmlns=\"http:\/\/www.w3.org\/2000\/svg\">\n<path d=\"M12 8.5H27\" stroke-width=\"3\" stroke-linecap=\"round\" stroke-linejoin=\"round\"\/>\n<path d=\"M12 16H26.9992\" stroke-width=\"3\" stroke-linecap=\"round\" stroke-linejoin=\"round\"\/>\n<path d=\"M12 23.5H26.9992\" stroke-width=\"3\" stroke-linecap=\"round\" stroke-linejoin=\"round\"\/>\n<path d=\"M5 8.5H7\" stroke-width=\"3\" stroke-linecap=\"round\" stroke-linejoin=\"round\"\/>\n<path d=\"M5 16H6.99923\" stroke-width=\"3\" stroke-linecap=\"round\" stroke-linejoin=\"round\"\/>\n<path d=\"M5 23.5H6.99923\" stroke-width=\"3\" stroke-linecap=\"round\" stroke-linejoin=\"round\"\/>\n<\/svg>\n<\/a>\n            <\/div>\n        <\/div>\n    <\/div>\n<\/div>\n<div>\n    <div hx-boost=\"false\">\n        <div class=\"grid grid-cols-1 gap-x-4 gap-y-8 sm:grid-cols-2 md:grid-cols-3 mb-8\">\n    <\/div>\n    <\/div>\n\n    <\/div>\n            <\/div>\n        <\/div>\n    <\/form><div\n    class=\"acf-quick-link-block bg-red py-12 md:py-20\"\n    data-block=\"quick-link-block\"\n>\n    <div class=\"container\">\n        \n        <div\n            class=\"px-5 content:px-0 grid grid-cols-1 gap-8\">\n            \n            <article\nclass=\"round-corners-sm p-6 relative group grid grid-rows-[subgrid] row-[span_3] gap-4 bg-white text-red\"\n>\n            <h3\n        class=\"heading-sm group-hover:underline text-red\">\n            <a href=\"https:\/\/www.abf.se\/oresund\/fackliga-rabatter\/\" class=\"expanded-hit-area\" target=\"_blank\">\n                Fackliga rabatter\n            <\/a>\n        <\/h3>\n                <p class=\"body-md text-gray-text\">\n            Vissa fackf\u00f6rbund har som medlemsf\u00f6rm\u00e5n att ge sina medlemmar v\u00e4rdecheckar och rabatter f\u00f6r att g\u00e5 avgiftsbelagd folkbildande verksamhet.\n        <\/p>\n        <figure\n    class=\"w-[38px] h-[38px] rounded-full p-2 group-hover:scale-110 transition-transform duration-300 self-end pointer-events-none bg-red text-white\">\n        <svg width=\"20\" height=\"20\" viewBox=\"0 0 20 20\" fill=\"none\" class=\"SvgIconElement\">\n<path d=\"M4.16659 10L15.8333 10\" stroke=\"currentColor\"\/>\n<path d=\"M9.99992 4.1665L15.8333 9.99984L9.99992 15.8332\" stroke=\"currentColor\"\/>\n<\/svg>\n    <\/figure>\n<\/article>                    <\/div>\n    <\/div>\n<\/div>\n<div\n    class=\"acf-article-text-block article-container my-12\"\n    data-block=\"article-text-block\"\n>\n    <div class=\"wysiwyg\">\n        \n    <\/div>\n<\/div>\n<div\n    class=\"acf-article-cta-link-block article-container my-8\"\n    data-block=\"article-cta-link-block\"\n>\n<div>\n    <a class=\"inline-flex flex-row items-center gap-4 text-link underline text-red-dark\"\n        href=\"https:\/\/www.abf.se\/oresund\/kurser\/\"\n            >\n        <span class=\"\">\n        Alla v\u00e5ra kurser och studiecirklar\n        <\/span>\n        <figure aria-hidden=\"true\" class=\"rounded-full bg-red-dark w-8 h-8 p-1 text-white\">\n            <svg width=\"20\" height=\"20\" viewBox=\"0 0 20 20\" fill=\"none\" class=\"SvgIconElement\">\n<path d=\"M4.16659 10L15.8333 10\" stroke=\"currentColor\"\/>\n<path d=\"M9.99992 4.1665L15.8333 9.99984L9.99992 15.8332\" stroke=\"currentColor\"\/>\n<\/svg>\n        <\/figure>\n    <\/a>\n<\/div>\n<\/div>\n","protected":false},"excerpt":{"rendered":"","protected":false},"author":24,"featured_media":0,"parent":1267,"menu_order":0,"comment_status":"closed","ping_status":"closed","template":"","meta":{"_acf_changed":false,"footnotes":""},"class_list":["post-1731","page","type-page","status-publish","hentry"],"acf":[],"yoast_head":"<!-- This site is optimized with the Yoast SEO plugin v27.0 - https:\/\/yoast.com\/product\/yoast-seo-wordpress\/ -->\n<title>\u00c5terbruk - \u00d6resund<\/title>\n<meta name=\"robots\" content=\"index, follow, max-snippet:-1, max-image-preview:large, max-video-preview:-1\" \/>\n<link rel=\"canonical\" href=\"https:\/\/www.abf.se\/oresund\/kurser\/hantverk\/aterbruk\/\" \/>\n<meta property=\"og:locale\" content=\"sv_SE\" \/>\n<meta property=\"og:type\" content=\"article\" \/>\n<meta property=\"og:title\" content=\"\u00c5terbruk - \u00d6resund\" \/>\n<meta property=\"og:url\" content=\"https:\/\/www.abf.se\/oresund\/kurser\/hantverk\/aterbruk\/\" \/>\n<meta property=\"og:site_name\" content=\"\u00d6resund\" \/>\n<meta property=\"article:modified_time\" content=\"2026-01-30T10:32:21+00:00\" \/>\n<meta property=\"og:image\" content=\"https:\/\/www.abf.se\/wp-content\/uploads\/sites\/24\/2024\/04\/Nyckeln-liggande-scaled.jpg\" \/>\n\t<meta property=\"og:image:width\" content=\"2560\" \/>\n\t<meta property=\"og:image:height\" content=\"1440\" \/>\n\t<meta property=\"og:image:type\" content=\"image\/jpeg\" \/>\n<meta name=\"twitter:card\" content=\"summary_large_image\" \/>\n<script type=\"application\/ld+json\" class=\"yoast-schema-graph\">{\"@context\":\"https:\/\/schema.org\",\"@graph\":[{\"@type\":\"WebPage\",\"@id\":\"https:\/\/www.abf.se\/oresund\/kurser\/hantverk\/aterbruk\/\",\"url\":\"https:\/\/www.abf.se\/oresund\/kurser\/hantverk\/aterbruk\/\",\"name\":\"\u00c5terbruk - \u00d6resund\",\"isPartOf\":{\"@id\":\"https:\/\/www.abf.se\/oresund\/#website\"},\"datePublished\":\"2025-10-10T09:48:32+00:00\",\"dateModified\":\"2026-01-30T10:32:21+00:00\",\"breadcrumb\":{\"@id\":\"https:\/\/www.abf.se\/oresund\/kurser\/hantverk\/aterbruk\/#breadcrumb\"},\"inLanguage\":\"sv-SE\",\"potentialAction\":[{\"@type\":\"ReadAction\",\"target\":[\"https:\/\/www.abf.se\/oresund\/kurser\/hantverk\/aterbruk\/\"]}]},{\"@type\":\"BreadcrumbList\",\"@id\":\"https:\/\/www.abf.se\/oresund\/kurser\/hantverk\/aterbruk\/#breadcrumb\",\"itemListElement\":[{\"@type\":\"ListItem\",\"position\":1,\"name\":\"Home\",\"item\":\"https:\/\/www.abf.se\/oresund\/\"},{\"@type\":\"ListItem\",\"position\":2,\"name\":\"Kurser\",\"item\":\"https:\/\/www.abf.se\/oresund\/kurser\/\"},{\"@type\":\"ListItem\",\"position\":3,\"name\":\"Hantverk\",\"item\":\"https:\/\/www.abf.se\/oresund\/kurser\/hantverk\/\"},{\"@type\":\"ListItem\",\"position\":4,\"name\":\"\u00c5terbruk\"}]},{\"@type\":\"WebSite\",\"@id\":\"https:\/\/www.abf.se\/oresund\/#website\",\"url\":\"https:\/\/www.abf.se\/oresund\/\",\"name\":\"\u00d6resund\",\"description\":\"\",\"potentialAction\":[{\"@type\":\"SearchAction\",\"target\":{\"@type\":\"EntryPoint\",\"urlTemplate\":\"https:\/\/www.abf.se\/oresund\/?s={search_term_string}\"},\"query-input\":{\"@type\":\"PropertyValueSpecification\",\"valueRequired\":true,\"valueName\":\"search_term_string\"}}],\"inLanguage\":\"sv-SE\"}]}<\/script>\n<!-- \/ Yoast SEO plugin. -->","yoast_head_json":{"title":"\u00c5terbruk - \u00d6resund","robots":{"index":"index","follow":"follow","max-snippet":"max-snippet:-1","max-image-preview":"max-image-preview:large","max-video-preview":"max-video-preview:-1"},"canonical":"https:\/\/www.abf.se\/oresund\/kurser\/hantverk\/aterbruk\/","og_locale":"sv_SE","og_type":"article","og_title":"\u00c5terbruk - \u00d6resund","og_url":"https:\/\/www.abf.se\/oresund\/kurser\/hantverk\/aterbruk\/","og_site_name":"\u00d6resund","article_modified_time":"2026-01-30T10:32:21+00:00","og_image":[{"width":2560,"height":1440,"url":"https:\/\/www.abf.se\/wp-content\/uploads\/sites\/24\/2024\/04\/Nyckeln-liggande-scaled.jpg","type":"image\/jpeg"}],"twitter_card":"summary_large_image","schema":{"@context":"https:\/\/schema.org","@graph":[{"@type":"WebPage","@id":"https:\/\/www.abf.se\/oresund\/kurser\/hantverk\/aterbruk\/","url":"https:\/\/www.abf.se\/oresund\/kurser\/hantverk\/aterbruk\/","name":"\u00c5terbruk - \u00d6resund","isPartOf":{"@id":"https:\/\/www.abf.se\/oresund\/#website"},"datePublished":"2025-10-10T09:48:32+00:00","dateModified":"2026-01-30T10:32:21+00:00","breadcrumb":{"@id":"https:\/\/www.abf.se\/oresund\/kurser\/hantverk\/aterbruk\/#breadcrumb"},"inLanguage":"sv-SE","potentialAction":[{"@type":"ReadAction","target":["https:\/\/www.abf.se\/oresund\/kurser\/hantverk\/aterbruk\/"]}]},{"@type":"BreadcrumbList","@id":"https:\/\/www.abf.se\/oresund\/kurser\/hantverk\/aterbruk\/#breadcrumb","itemListElement":[{"@type":"ListItem","position":1,"name":"Home","item":"https:\/\/www.abf.se\/oresund\/"},{"@type":"ListItem","position":2,"name":"Kurser","item":"https:\/\/www.abf.se\/oresund\/kurser\/"},{"@type":"ListItem","position":3,"name":"Hantverk","item":"https:\/\/www.abf.se\/oresund\/kurser\/hantverk\/"},{"@type":"ListItem","position":4,"name":"\u00c5terbruk"}]},{"@type":"WebSite","@id":"https:\/\/www.abf.se\/oresund\/#website","url":"https:\/\/www.abf.se\/oresund\/","name":"\u00d6resund","description":"","potentialAction":[{"@type":"SearchAction","target":{"@type":"EntryPoint","urlTemplate":"https:\/\/www.abf.se\/oresund\/?s={search_term_string}"},"query-input":{"@type":"PropertyValueSpecification","valueRequired":true,"valueName":"search_term_string"}}],"inLanguage":"sv-SE"}]}},"_links":{"self":[{"href":"https:\/\/www.abf.se\/oresund\/wp-json\/wp\/v2\/pages\/1731","targetHints":{"allow":["GET"]}}],"collection":[{"href":"https:\/\/www.abf.se\/oresund\/wp-json\/wp\/v2\/pages"}],"about":[{"href":"https:\/\/www.abf.se\/oresund\/wp-json\/wp\/v2\/types\/page"}],"author":[{"embeddable":true,"href":"https:\/\/www.abf.se\/oresund\/wp-json\/wp\/v2\/users\/24"}],"replies":[{"embeddable":true,"href":"https:\/\/www.abf.se\/oresund\/wp-json\/wp\/v2\/comments?post=1731"}],"version-history":[{"count":13,"href":"https:\/\/www.abf.se\/oresund\/wp-json\/wp\/v2\/pages\/1731\/revisions"}],"predecessor-version":[{"id":2838,"href":"https:\/\/www.abf.se\/oresund\/wp-json\/wp\/v2\/pages\/1731\/revisions\/2838"}],"up":[{"embeddable":true,"href":"https:\/\/www.abf.se\/oresund\/wp-json\/wp\/v2\/pages\/1267"}],"wp:attachment":[{"href":"https:\/\/www.abf.se\/oresund\/wp-json\/wp\/v2\/media?parent=1731"}],"curies":[{"name":"wp","href":"https:\/\/api.w.org\/{rel}","templated":true}]}}