{"id":1862,"date":"2025-10-22T10:37:11","date_gmt":"2025-10-22T08:37:11","guid":{"rendered":"https:\/\/www.abf.se\/helsingborg\/?page_id=1862"},"modified":"2025-12-30T14:48:14","modified_gmt":"2025-12-30T13:48:14","slug":"teater","status":"publish","type":"page","link":"https:\/\/www.abf.se\/oresund\/evenemang\/teater\/","title":{"rendered":"Teater"},"content":{"rendered":"<div\n    class=\"acf-hero-block container-lg no-padding mb-12 js-geolocation\"\n    data-block=\"hero-block\"\n    data-index=\"0\"\n>\n    <div class=\"h-[548px]  relative rounded-[32px] overflow-hidden flex bg-gray-light\">\n        <div class=\"relative z-10 mt-auto h-auto w-full md:h-full\">\n            <div class=\"flex w-full h-full flex-col flex-wrap justify-end w-full md:w-7\/12 lg:w-1\/2 md:justify-center\">\n                <div class=\"flex flex-col gap-3 md:gap-[18px] md:transparent pt-16 pb-36 md:py-8 px-4 w-full md:max-w-[620px] mx-auto px-8\">\n\n                    <h1 class=\"hero-heading\"><span>Teater<\/span><\/h1>\n\n                    \n                                    <\/div>\n            <\/div>\n        <\/div>\n\n                    <picture class=\"as-background-image mix-blend-multiply bg-black\/40\"><img decoding=\"async\" src=\"https:\/\/www.abf.se\/oresund\/resized\/?url=https%3A%2F%2Fwww.abf.se%2Fwp-content%2Fuploads%2F2025%2F03%2Ftheatre-2206583_1280.jpg&#038;fit=crop&#038;w=1440&#038;s=0eaebd6e5c3e4a297ebec9dbd95ed9e3\" srcset=\"https:\/\/www.abf.se\/oresund\/resized\/?url=https%3A%2F%2Fwww.abf.se%2Fwp-content%2Fuploads%2F2025%2F03%2Ftheatre-2206583_1280.jpg&#038;fit=crop&#038;w=375&#038;h=540&#038;s=3dafd53998c1779046df8e4b768cfe06 375w, https:\/\/www.abf.se\/oresund\/resized\/?url=https%3A%2F%2Fwww.abf.se%2Fwp-content%2Fuploads%2F2025%2F03%2Ftheatre-2206583_1280.jpg&#038;fit=crop&#038;w=447&#038;h=540&#038;s=0084ce4a92939ef1399bed7c503b5875 447w, https:\/\/www.abf.se\/oresund\/resized\/?url=https%3A%2F%2Fwww.abf.se%2Fwp-content%2Fuploads%2F2025%2F03%2Ftheatre-2206583_1280.jpg&#038;fit=crop&#038;w=519&#038;h=540&#038;s=43a2c7a1255a7d9ef3ae7682c4a30586 519w, https:\/\/www.abf.se\/oresund\/resized\/?url=https%3A%2F%2Fwww.abf.se%2Fwp-content%2Fuploads%2F2025%2F03%2Ftheatre-2206583_1280.jpg&#038;fit=crop&#038;w=591&#038;h=540&#038;s=e9bedb068a6653c94da6d2a7c7455544 591w, https:\/\/www.abf.se\/oresund\/resized\/?url=https%3A%2F%2Fwww.abf.se%2Fwp-content%2Fuploads%2F2025%2F03%2Ftheatre-2206583_1280.jpg&#038;fit=crop&#038;w=663&#038;h=540&#038;s=f0bdfcbf3cb17c778e65820f22242a8a 663w, https:\/\/www.abf.se\/oresund\/resized\/?url=https%3A%2F%2Fwww.abf.se%2Fwp-content%2Fuploads%2F2025%2F03%2Ftheatre-2206583_1280.jpg&#038;fit=crop&#038;w=750&#038;h=540&#038;s=8af5edc1d8d9fe821a805d62c17f0d8a 750w, https:\/\/www.abf.se\/oresund\/resized\/?url=https%3A%2F%2Fwww.abf.se%2Fwp-content%2Fuploads%2F2025%2F03%2Ftheatre-2206583_1280.jpg&#038;fit=crop&#038;w=894&#038;h=540&#038;s=b5e8439f34181897f6629b2b34a870ec 894w, https:\/\/www.abf.se\/oresund\/resized\/?url=https%3A%2F%2Fwww.abf.se%2Fwp-content%2Fuploads%2F2025%2F03%2Ftheatre-2206583_1280.jpg&#038;fit=crop&#038;w=1038&#038;h=540&#038;s=2131ce7463ed81eafc19743e8241d313 1038w, https:\/\/www.abf.se\/oresund\/resized\/?url=https%3A%2F%2Fwww.abf.se%2Fwp-content%2Fuploads%2F2025%2F03%2Ftheatre-2206583_1280.jpg&#038;fit=crop&#038;w=1182&#038;h=540&#038;s=7ad518f7f085b3a2677b972afbcd2f98 1182w, https:\/\/www.abf.se\/oresund\/resized\/?url=https%3A%2F%2Fwww.abf.se%2Fwp-content%2Fuploads%2F2025%2F03%2Ftheatre-2206583_1280.jpg&#038;fit=crop&#038;w=1326&#038;h=540&#038;s=ea61313b69bc0b075adccf9e1f659c44 1326w, https:\/\/www.abf.se\/oresund\/resized\/?url=https%3A%2F%2Fwww.abf.se%2Fwp-content%2Fuploads%2F2025%2F03%2Ftheatre-2206583_1280.jpg&#038;fit=crop&#038;w=1440&#038;h=540&#038;s=7c4f1515a4bc386ebabb9803ed347b68 1440w\" alt=\"\" height=\"540\" width=\"1440\" sizes=\"(max-width: 1440px) calc(100vw - 32px), 1440px\" loading=\"eager\" fetchpriority=\"high\" aria-hidden=\"true\" role=\"presentation\" \/><\/picture>\n        \n\n            <\/div>\n\n    <\/div>\n\n<div\n    class=\"acf-article-text-block article-container my-12\"\n    data-block=\"article-text-block\"\n>\n    <div class=\"wysiwyg\">\n        <p>De flesta av v\u00e5ra teaterf\u00f6rest\u00e4llningar \u00e4r kostnadsfria, men vissa kr\u00e4ver f\u00f6ranm\u00e4lan.<\/p>\n\n    <\/div>\n<\/div>\n<form id=\"CourseSearch\" action=\"https:\/\/www.abf.se\/oresund\/kurs-sok\/\" hx-boost=\"true\" hx-target=\"#search-results\" hx-replace-url=\"false\" hx-headers='{\"HX-Action\": \"render_search\"}'>\n    \n            <div class=\"container mb-8\">\n            <div id=\"search-results\">\n                <div class=\"mb-6\">\n    \n    <div class=\"flex flex-col gap-4 md:gap-0 md:flex-row\">\n        <div class=\"inline-flex justify-between md:justify-start items-start gap-2\">\n            <input type=\"hidden\" id=\"type\" name=\"type\" value=\"course\">\n            <a href=\"\/oresund\/wp-json\/wp\/v2\/pages\/1862?type=course\" class=\"py-3 px-[26px] rounded-3xl border border-red-dark font-medium text-white bg-red-dark\" href=\"\">Kurser (2)<\/a>\n            <a href=\"\/oresund\/wp-json\/wp\/v2\/pages\/1862?type=event\" class=\"py-3 px-[26px] rounded-3xl border border-red-dark font-medium text-red-dark bg-white\" href=\"\">Evenemang (1)<\/a>\n        <\/div>\n        <div class=\"inline-flex items-center align-center justify-end self-center ml-auto gap-7\">\n            <input type=\"hidden\" name=\"lat\" value=\"\" disabled>\n            <input type=\"hidden\" name=\"lon\" value=\"\" disabled>\n            <div>\n                <select name=\"sort\" class=\"InputField-minimal-select\" data-sort-dropdown aria-label=\"V\u00e4lj sortering f\u00f6r resultaten\">\n                    <option value=\"\"  selected  disabled>Sortera efter<\/option>\n                                            <option value=\"date\" >Startdatum<\/option>\n                                            <option value=\"date_desc\" >Senast startdatum<\/option>\n                                            <option value=\"relevance\" >Relevans<\/option>\n                                            <option value=\"name\" >Alfabetisk ordning<\/option>\n                                            <option value=\"price\" >Pris l\u00e5gt &#8211; h\u00f6gt<\/option>\n                                            <option value=\"price_desc\" >Pris h\u00f6gt &#8211; l\u00e5gt<\/option>\n                                            <option value=\"geo\" >N\u00e4ra mig<\/option>\n                                    <\/select>\n            <\/div>\n\n                        <div class=\"hidden md:flex flex-row items-center gap-2\">\n                <a href=\"\/oresund\/wp-json\/wp\/v2\/pages\/1862?type%5B0%5D=event&amp;display=grid\" class=\"[&#038;_svg]:fill-red-dark\">\n                    <span class=\"sr-only\">\n                        Visa resultaten i ett rutn\u00e4t\n                    <\/span>\n                    <svg width=\"18\" height=\"18\" viewBox=\"0 0 18 18\" fill=\"none\" xmlns=\"http:\/\/www.w3.org\/2000\/svg\">\n<rect x=\"11\" width=\"7\" height=\"7\" rx=\"2\" fill=\"\"\/>\n<rect width=\"7\" height=\"7\" rx=\"2\" fill=\"\"\/>\n<rect x=\"11\" y=\"11\" width=\"7\" height=\"7\" rx=\"2\" fill=\"\"\/>\n<rect y=\"11\" width=\"7\" height=\"7\" rx=\"2\" fill=\"\"\/>\n<\/svg>\n<\/a>\n                <a href=\"\/oresund\/wp-json\/wp\/v2\/pages\/1862?type%5B0%5D=event&amp;display=list\" class=\"[&#038;_svg]:stroke-gray\">\n                    <span class=\"sr-only\">\n                        Visa resultaten som en lista\n                    <\/span>\n                    <svg width=\"32\" height=\"32\" viewBox=\"0 0 32 32\" fill=\"none\" xmlns=\"http:\/\/www.w3.org\/2000\/svg\">\n<path d=\"M12 8.5H27\" stroke-width=\"3\" stroke-linecap=\"round\" stroke-linejoin=\"round\"\/>\n<path d=\"M12 16H26.9992\" stroke-width=\"3\" stroke-linecap=\"round\" stroke-linejoin=\"round\"\/>\n<path d=\"M12 23.5H26.9992\" stroke-width=\"3\" stroke-linecap=\"round\" stroke-linejoin=\"round\"\/>\n<path d=\"M5 8.5H7\" stroke-width=\"3\" stroke-linecap=\"round\" stroke-linejoin=\"round\"\/>\n<path d=\"M5 16H6.99923\" stroke-width=\"3\" stroke-linecap=\"round\" stroke-linejoin=\"round\"\/>\n<path d=\"M5 23.5H6.99923\" stroke-width=\"3\" stroke-linecap=\"round\" stroke-linejoin=\"round\"\/>\n<\/svg>\n<\/a>\n            <\/div>\n        <\/div>\n    <\/div>\n<\/div>\n<div>\n    <div hx-boost=\"false\">\n        <div class=\"grid grid-cols-1 gap-x-4 gap-y-8 sm:grid-cols-2 md:grid-cols-3 mb-8\">\n            \n        <article class=\"CourseCard realtive group\">\n    \n    <div class=\"CourseCard-container\">\n                    <figure class=\"CourseCard-image\">\n                                <picture><img decoding=\"async\" src=\"https:\/\/www.abf.se\/oresund\/resized\/?url=https%3A%2F%2Fwww.abf.se%2Fwp-content%2Fuploads%2Fsites%2F24%2F2026%2F03%2FQueerasPunk.jpg&#038;fit=crop&#038;w=368&#038;s=16d0ea1543aa52e0b49cd73cb7b41124\" srcset=\"https:\/\/www.abf.se\/oresund\/resized\/?url=https%3A%2F%2Fwww.abf.se%2Fwp-content%2Fuploads%2Fsites%2F24%2F2026%2F03%2FQueerasPunk.jpg&#038;fit=crop&#038;w=48&#038;h=180&#038;s=ac7235ea9708b72e4e8450d88d8b3756 48w, https:\/\/www.abf.se\/oresund\/resized\/?url=https%3A%2F%2Fwww.abf.se%2Fwp-content%2Fuploads%2Fsites%2F24%2F2026%2F03%2FQueerasPunk.jpg&#038;fit=crop&#038;w=72&#038;h=180&#038;s=e07c84b2e5fc25ed38bec69c94556bca 72w, https:\/\/www.abf.se\/oresund\/resized\/?url=https%3A%2F%2Fwww.abf.se%2Fwp-content%2Fuploads%2Fsites%2F24%2F2026%2F03%2FQueerasPunk.jpg&#038;fit=crop&#038;w=96&#038;h=180&#038;s=2ecc66b06935d7024e9eeb65cc39cef9 96w, https:\/\/www.abf.se\/oresund\/resized\/?url=https%3A%2F%2Fwww.abf.se%2Fwp-content%2Fuploads%2Fsites%2F24%2F2026%2F03%2FQueerasPunk.jpg&#038;fit=crop&#038;w=120&#038;h=180&#038;s=910ace7a13486a7a2ea1af34d5a8e130 120w, https:\/\/www.abf.se\/oresund\/resized\/?url=https%3A%2F%2Fwww.abf.se%2Fwp-content%2Fuploads%2Fsites%2F24%2F2026%2F03%2FQueerasPunk.jpg&#038;fit=crop&#038;w=144&#038;h=180&#038;s=7e6d63b0a8896979688177857a4c9ab2 144w, https:\/\/www.abf.se\/oresund\/resized\/?url=https%3A%2F%2Fwww.abf.se%2Fwp-content%2Fuploads%2Fsites%2F24%2F2026%2F03%2FQueerasPunk.jpg&#038;fit=crop&#038;w=168&#038;h=180&#038;s=6c90d82b3f04b2f4eb0e894fb2775ce8 168w, https:\/\/www.abf.se\/oresund\/resized\/?url=https%3A%2F%2Fwww.abf.se%2Fwp-content%2Fuploads%2Fsites%2F24%2F2026%2F03%2FQueerasPunk.jpg&#038;fit=crop&#038;w=192&#038;h=180&#038;s=2054ceb331817e0ee7bd902b0649a8d7 192w, https:\/\/www.abf.se\/oresund\/resized\/?url=https%3A%2F%2Fwww.abf.se%2Fwp-content%2Fuploads%2Fsites%2F24%2F2026%2F03%2FQueerasPunk.jpg&#038;fit=crop&#038;w=216&#038;h=180&#038;s=1435f7b0b910a7649b200b349538f3f9 216w, https:\/\/www.abf.se\/oresund\/resized\/?url=https%3A%2F%2Fwww.abf.se%2Fwp-content%2Fuploads%2Fsites%2F24%2F2026%2F03%2FQueerasPunk.jpg&#038;fit=crop&#038;w=240&#038;h=180&#038;s=1c38262cbea8dd3d87f1b0cb191b47fd 240w, https:\/\/www.abf.se\/oresund\/resized\/?url=https%3A%2F%2Fwww.abf.se%2Fwp-content%2Fuploads%2Fsites%2F24%2F2026%2F03%2FQueerasPunk.jpg&#038;fit=crop&#038;w=264&#038;h=180&#038;s=6c4d89728bbc49c81a44d355e92024d7 264w, https:\/\/www.abf.se\/oresund\/resized\/?url=https%3A%2F%2Fwww.abf.se%2Fwp-content%2Fuploads%2Fsites%2F24%2F2026%2F03%2FQueerasPunk.jpg&#038;fit=crop&#038;w=288&#038;h=180&#038;s=3b847cb2734eee0a6848fb1666eb1abf 288w, https:\/\/www.abf.se\/oresund\/resized\/?url=https%3A%2F%2Fwww.abf.se%2Fwp-content%2Fuploads%2Fsites%2F24%2F2026%2F03%2FQueerasPunk.jpg&#038;fit=crop&#038;w=312&#038;h=180&#038;s=7661bdd373cca884529fa1ae0831154e 312w, https:\/\/www.abf.se\/oresund\/resized\/?url=https%3A%2F%2Fwww.abf.se%2Fwp-content%2Fuploads%2Fsites%2F24%2F2026%2F03%2FQueerasPunk.jpg&#038;fit=crop&#038;w=336&#038;h=180&#038;s=1acc6475a22a2b7a4e21ccec89b1d97c 336w, https:\/\/www.abf.se\/oresund\/resized\/?url=https%3A%2F%2Fwww.abf.se%2Fwp-content%2Fuploads%2Fsites%2F24%2F2026%2F03%2FQueerasPunk.jpg&#038;fit=crop&#038;w=360&#038;h=180&#038;s=c2369e9dc34f59bce19f599a00cebc43 360w, https:\/\/www.abf.se\/oresund\/resized\/?url=https%3A%2F%2Fwww.abf.se%2Fwp-content%2Fuploads%2Fsites%2F24%2F2026%2F03%2FQueerasPunk.jpg&#038;fit=crop&#038;w=368&#038;h=180&#038;s=ef174063a9eef262451852df44a3d1ab 368w, https:\/\/www.abf.se\/oresund\/resized\/?url=https%3A%2F%2Fwww.abf.se%2Fwp-content%2Fuploads%2Fsites%2F24%2F2026%2F03%2FQueerasPunk.jpg&#038;fit=crop&#038;w=384&#038;h=180&#038;s=d2680ce2f4e5cf692545b080dafd12c0 384w, https:\/\/www.abf.se\/oresund\/resized\/?url=https%3A%2F%2Fwww.abf.se%2Fwp-content%2Fuploads%2Fsites%2F24%2F2026%2F03%2FQueerasPunk.jpg&#038;fit=crop&#038;w=432&#038;h=180&#038;s=d818f312a0fcafc9ce9d34f8c40b42b9 432w, https:\/\/www.abf.se\/oresund\/resized\/?url=https%3A%2F%2Fwww.abf.se%2Fwp-content%2Fuploads%2Fsites%2F24%2F2026%2F03%2FQueerasPunk.jpg&#038;fit=crop&#038;w=480&#038;h=180&#038;s=ba92612bf4f6bc359eb39e8c2178e5bb 480w, https:\/\/www.abf.se\/oresund\/resized\/?url=https%3A%2F%2Fwww.abf.se%2Fwp-content%2Fuploads%2Fsites%2F24%2F2026%2F03%2FQueerasPunk.jpg&#038;fit=crop&#038;w=528&#038;h=180&#038;s=0c9fad3cfd9468fbbc03c4c8bc91802f 528w, https:\/\/www.abf.se\/oresund\/resized\/?url=https%3A%2F%2Fwww.abf.se%2Fwp-content%2Fuploads%2Fsites%2F24%2F2026%2F03%2FQueerasPunk.jpg&#038;fit=crop&#038;w=576&#038;h=180&#038;s=432c5c78df32e8e1231a2ca1f493f3e4 576w, https:\/\/www.abf.se\/oresund\/resized\/?url=https%3A%2F%2Fwww.abf.se%2Fwp-content%2Fuploads%2Fsites%2F24%2F2026%2F03%2FQueerasPunk.jpg&#038;fit=crop&#038;w=624&#038;h=180&#038;s=8b1bf20fe053981d4de292a9469ed5bb 624w, https:\/\/www.abf.se\/oresund\/resized\/?url=https%3A%2F%2Fwww.abf.se%2Fwp-content%2Fuploads%2Fsites%2F24%2F2026%2F03%2FQueerasPunk.jpg&#038;fit=crop&#038;w=672&#038;h=180&#038;s=7fb3de479cfc9855fb5b4d62a3f141f3 672w, https:\/\/www.abf.se\/oresund\/resized\/?url=https%3A%2F%2Fwww.abf.se%2Fwp-content%2Fuploads%2Fsites%2F24%2F2026%2F03%2FQueerasPunk.jpg&#038;fit=crop&#038;w=720&#038;h=180&#038;s=181fc8b846e835ee03736cf6d30f3e00 720w\" alt=\"\" height=\"180\" width=\"368\" sizes=\"auto, (max-width: 768px) 368px, (max-width: 1156px) 33vw, 368px\" loading=\"lazy\" fetchpriority=\"low\" \/><\/picture>\n            <\/figure>\n                <header class=\"CourseCard-header\">\n                        <h3 class=\"CourseCard-title\">\n                                    Dokument\u00e4rfilm: Queer as Punk &#8211; Doc Lounge Landskrona\n                            <\/h3>\n        <\/header>\n        <div class=\"CourseCard-details\">\n            <ul>\n                                    <li class=\"CourseCard-location\">\n                        <p>\n                            Plats: <strong>Landskrona Foto<br\/>Kavallerigatan 4 Landskrona<\/strong>\n                        <\/p>\n                    <\/li>\n                                                \n                                    <li class=\"CourseCard-date\">\n                        <p>\n                            Start:\n                            <time datetime=\"2026-04-09\">\n                                <strong>\n                                    9 april 2026\n                                <\/strong>\n                            <\/time>\n                        <\/p>\n                    <\/li>\n                                                    <li class=\"CourseCard-date\">\n                        <p>\n                            Tid:\n                            <strong>\n                                                                                                        <span class=\"sr-only\">\n                                        P\u00e5g\u00e5r mellan\n                                    <\/span>\n                                    <time datetime=\"19.00\">\n                                        19.00\n                                    <\/time>\n                                                                                                                                        <span aria-hidden=\"true\">&#8211;<\/span>\n                                    <span class=\"sr-only\">och<\/span>\n                                    <time datetime=\"20.30\">\n                                        20.30\n                                    <\/time>\n                                                            <\/strong>\n                        <\/p>\n                    <\/li>\n                                <li class=\"CourseCard-price\">\n                    <p>\n                        Pris: <strong>Gratis<\/strong>\n                    <\/p>\n                <\/li>\n            <\/ul>\n        <\/div>\n                <footer class=\"CourseCard-footer\">\n            <a\n                class=\"align-center text-red-dark group block flex items-center justify-end gap-2\"\n                href=\"https:\/\/www.abf.se\/oresund\/kurs\/dokumentarfilm-queer-as-punk-3917672\/\"\n            >\n                <span class=\"underline group-hover:no-underline expanded-hit-area\">L\u00e4s mer <\/span>\n                <span\n                    class=\"bg-red-dark flex h-[38px] w-[38px] origin-center items-center justify-center rounded-full transition-transform duration-300 group-hover:scale-105\"\n                >\n                    <figure\n                        aria-hidden=\"true\"\n                        class=\"h-6 w-6 text-white\"\n                    >\n                                                    <svg width=\"20\" height=\"20\" viewBox=\"0 0 20 20\" fill=\"none\" class=\"SvgIconElement\">\n<path d=\"M4.16659 10L15.8333 10\" stroke=\"currentColor\"\/>\n<path d=\"M9.99992 4.1665L15.8333 9.99984L9.99992 15.8332\" stroke=\"currentColor\"\/>\n<\/svg>\n                                            <\/figure>\n                <\/span>\n            <\/a>\n        <\/footer>\n            <\/div>\n<\/article>\n    <\/div>\n    <\/div>\n\n    <\/div>\n            <\/div>\n        <\/div>\n    <\/form><div\n    class=\"acf-quick-link-block bg-red py-12 md:py-20\"\n    data-block=\"quick-link-block\"\n>\n    <div class=\"container\">\n        \n        <div\n            class=\"px-5 content:px-0 grid grid-cols-1 gap-8 md:grid-cols-2\">\n            \n            <article\nclass=\"round-corners-sm p-6 relative group grid grid-rows-[subgrid] row-[span_3] gap-4 bg-white text-red\"\n>\n            <h3\n        class=\"heading-sm group-hover:underline text-red\">\n            <a href=\"https:\/\/www.abf.se\/oresund\/evenemang\/\" class=\"expanded-hit-area\" target=\"\">\n                Alla v\u00e5ra evenemang\n            <\/a>\n        <\/h3>\n                <p class=\"body-md text-gray-text\">\n            Hos oss hittar du ett brett utbud av evenemang, stora som sm\u00e5. Vi ordnar f\u00f6rel\u00e4sningar, samtal, konserter, filmvisningar, kulturkv\u00e4llar och mycket mer.\n        <\/p>\n        <figure\n    class=\"w-[38px] h-[38px] rounded-full p-2 group-hover:scale-110 transition-transform duration-300 self-end pointer-events-none bg-red text-white\">\n        <svg width=\"20\" height=\"20\" viewBox=\"0 0 20 20\" fill=\"none\" class=\"SvgIconElement\">\n<path d=\"M4.16659 10L15.8333 10\" stroke=\"currentColor\"\/>\n<path d=\"M9.99992 4.1665L15.8333 9.99984L9.99992 15.8332\" stroke=\"currentColor\"\/>\n<\/svg>\n    <\/figure>\n<\/article>            \n            <article\nclass=\"round-corners-sm p-6 relative group grid grid-rows-[subgrid] row-[span_3] gap-4 bg-white text-red\"\n>\n            <h3\n        class=\"heading-sm group-hover:underline text-red\">\n            <a href=\"https:\/\/www.abf.se\/oresund\/kurser\/\" class=\"expanded-hit-area\" target=\"\">\n                Alla v\u00e5ra kurser och studiecirklar\n            <\/a>\n        <\/h3>\n                <p class=\"body-md text-gray-text\">\n            Hos oss hittar du ett brett utbud av kurser och studiecirklar, f\u00f6r b\u00e5de nyb\u00f6rjare och erfarna. Vi l\u00e4r oss tillsammans genom samtal, praktiska \u00f6vningar och gemenskap \u2013 inom allt fr\u00e5n spr\u00e5k och samh\u00e4lle till hantverk, musik och skapande.\n        <\/p>\n        <figure\n    class=\"w-[38px] h-[38px] rounded-full p-2 group-hover:scale-110 transition-transform duration-300 self-end pointer-events-none bg-red text-white\">\n        <svg width=\"20\" height=\"20\" viewBox=\"0 0 20 20\" fill=\"none\" class=\"SvgIconElement\">\n<path d=\"M4.16659 10L15.8333 10\" stroke=\"currentColor\"\/>\n<path d=\"M9.99992 4.1665L15.8333 9.99984L9.99992 15.8332\" stroke=\"currentColor\"\/>\n<\/svg>\n    <\/figure>\n<\/article>                    <\/div>\n    <\/div>\n<\/div>\n","protected":false},"excerpt":{"rendered":"","protected":false},"author":24,"featured_media":0,"parent":1848,"menu_order":0,"comment_status":"closed","ping_status":"closed","template":"","meta":{"_acf_changed":false,"footnotes":""},"class_list":["post-1862","page","type-page","status-publish","hentry"],"acf":[],"yoast_head":"<!-- This site is optimized with the Yoast SEO plugin v27.0 - https:\/\/yoast.com\/product\/yoast-seo-wordpress\/ -->\n<title>Teater - \u00d6resund<\/title>\n<meta name=\"robots\" content=\"index, follow, max-snippet:-1, max-image-preview:large, max-video-preview:-1\" \/>\n<link rel=\"canonical\" href=\"https:\/\/www.abf.se\/oresund\/evenemang\/teater\/\" \/>\n<meta property=\"og:locale\" content=\"sv_SE\" \/>\n<meta property=\"og:type\" content=\"article\" \/>\n<meta property=\"og:title\" content=\"Teater - \u00d6resund\" \/>\n<meta property=\"og:url\" content=\"https:\/\/www.abf.se\/oresund\/evenemang\/teater\/\" \/>\n<meta property=\"og:site_name\" content=\"\u00d6resund\" \/>\n<meta property=\"article:modified_time\" content=\"2025-12-30T13:48:14+00:00\" \/>\n<meta property=\"og:image\" content=\"https:\/\/www.abf.se\/wp-content\/uploads\/sites\/24\/2024\/04\/Nyckeln-liggande-scaled.jpg\" \/>\n\t<meta property=\"og:image:width\" content=\"2560\" \/>\n\t<meta property=\"og:image:height\" content=\"1440\" \/>\n\t<meta property=\"og:image:type\" content=\"image\/jpeg\" \/>\n<meta name=\"twitter:card\" content=\"summary_large_image\" \/>\n<script type=\"application\/ld+json\" class=\"yoast-schema-graph\">{\"@context\":\"https:\/\/schema.org\",\"@graph\":[{\"@type\":\"WebPage\",\"@id\":\"https:\/\/www.abf.se\/oresund\/evenemang\/teater\/\",\"url\":\"https:\/\/www.abf.se\/oresund\/evenemang\/teater\/\",\"name\":\"Teater - \u00d6resund\",\"isPartOf\":{\"@id\":\"https:\/\/www.abf.se\/oresund\/#website\"},\"datePublished\":\"2025-10-22T08:37:11+00:00\",\"dateModified\":\"2025-12-30T13:48:14+00:00\",\"breadcrumb\":{\"@id\":\"https:\/\/www.abf.se\/oresund\/evenemang\/teater\/#breadcrumb\"},\"inLanguage\":\"sv-SE\",\"potentialAction\":[{\"@type\":\"ReadAction\",\"target\":[\"https:\/\/www.abf.se\/oresund\/evenemang\/teater\/\"]}]},{\"@type\":\"BreadcrumbList\",\"@id\":\"https:\/\/www.abf.se\/oresund\/evenemang\/teater\/#breadcrumb\",\"itemListElement\":[{\"@type\":\"ListItem\",\"position\":1,\"name\":\"Home\",\"item\":\"https:\/\/www.abf.se\/oresund\/\"},{\"@type\":\"ListItem\",\"position\":2,\"name\":\"Evenemang\",\"item\":\"https:\/\/www.abf.se\/oresund\/evenemang\/\"},{\"@type\":\"ListItem\",\"position\":3,\"name\":\"Teater\"}]},{\"@type\":\"WebSite\",\"@id\":\"https:\/\/www.abf.se\/oresund\/#website\",\"url\":\"https:\/\/www.abf.se\/oresund\/\",\"name\":\"\u00d6resund\",\"description\":\"\",\"potentialAction\":[{\"@type\":\"SearchAction\",\"target\":{\"@type\":\"EntryPoint\",\"urlTemplate\":\"https:\/\/www.abf.se\/oresund\/?s={search_term_string}\"},\"query-input\":{\"@type\":\"PropertyValueSpecification\",\"valueRequired\":true,\"valueName\":\"search_term_string\"}}],\"inLanguage\":\"sv-SE\"}]}<\/script>\n<!-- \/ Yoast SEO plugin. -->","yoast_head_json":{"title":"Teater - \u00d6resund","robots":{"index":"index","follow":"follow","max-snippet":"max-snippet:-1","max-image-preview":"max-image-preview:large","max-video-preview":"max-video-preview:-1"},"canonical":"https:\/\/www.abf.se\/oresund\/evenemang\/teater\/","og_locale":"sv_SE","og_type":"article","og_title":"Teater - \u00d6resund","og_url":"https:\/\/www.abf.se\/oresund\/evenemang\/teater\/","og_site_name":"\u00d6resund","article_modified_time":"2025-12-30T13:48:14+00:00","og_image":[{"width":2560,"height":1440,"url":"https:\/\/www.abf.se\/wp-content\/uploads\/sites\/24\/2024\/04\/Nyckeln-liggande-scaled.jpg","type":"image\/jpeg"}],"twitter_card":"summary_large_image","schema":{"@context":"https:\/\/schema.org","@graph":[{"@type":"WebPage","@id":"https:\/\/www.abf.se\/oresund\/evenemang\/teater\/","url":"https:\/\/www.abf.se\/oresund\/evenemang\/teater\/","name":"Teater - \u00d6resund","isPartOf":{"@id":"https:\/\/www.abf.se\/oresund\/#website"},"datePublished":"2025-10-22T08:37:11+00:00","dateModified":"2025-12-30T13:48:14+00:00","breadcrumb":{"@id":"https:\/\/www.abf.se\/oresund\/evenemang\/teater\/#breadcrumb"},"inLanguage":"sv-SE","potentialAction":[{"@type":"ReadAction","target":["https:\/\/www.abf.se\/oresund\/evenemang\/teater\/"]}]},{"@type":"BreadcrumbList","@id":"https:\/\/www.abf.se\/oresund\/evenemang\/teater\/#breadcrumb","itemListElement":[{"@type":"ListItem","position":1,"name":"Home","item":"https:\/\/www.abf.se\/oresund\/"},{"@type":"ListItem","position":2,"name":"Evenemang","item":"https:\/\/www.abf.se\/oresund\/evenemang\/"},{"@type":"ListItem","position":3,"name":"Teater"}]},{"@type":"WebSite","@id":"https:\/\/www.abf.se\/oresund\/#website","url":"https:\/\/www.abf.se\/oresund\/","name":"\u00d6resund","description":"","potentialAction":[{"@type":"SearchAction","target":{"@type":"EntryPoint","urlTemplate":"https:\/\/www.abf.se\/oresund\/?s={search_term_string}"},"query-input":{"@type":"PropertyValueSpecification","valueRequired":true,"valueName":"search_term_string"}}],"inLanguage":"sv-SE"}]}},"_links":{"self":[{"href":"https:\/\/www.abf.se\/oresund\/wp-json\/wp\/v2\/pages\/1862","targetHints":{"allow":["GET"]}}],"collection":[{"href":"https:\/\/www.abf.se\/oresund\/wp-json\/wp\/v2\/pages"}],"about":[{"href":"https:\/\/www.abf.se\/oresund\/wp-json\/wp\/v2\/types\/page"}],"author":[{"embeddable":true,"href":"https:\/\/www.abf.se\/oresund\/wp-json\/wp\/v2\/users\/24"}],"replies":[{"embeddable":true,"href":"https:\/\/www.abf.se\/oresund\/wp-json\/wp\/v2\/comments?post=1862"}],"version-history":[{"count":13,"href":"https:\/\/www.abf.se\/oresund\/wp-json\/wp\/v2\/pages\/1862\/revisions"}],"predecessor-version":[{"id":2370,"href":"https:\/\/www.abf.se\/oresund\/wp-json\/wp\/v2\/pages\/1862\/revisions\/2370"}],"up":[{"embeddable":true,"href":"https:\/\/www.abf.se\/oresund\/wp-json\/wp\/v2\/pages\/1848"}],"wp:attachment":[{"href":"https:\/\/www.abf.se\/oresund\/wp-json\/wp\/v2\/media?parent=1862"}],"curies":[{"name":"wp","href":"https:\/\/api.w.org\/{rel}","templated":true}]}}