{"id":2189,"date":"2025-12-09T11:41:09","date_gmt":"2025-12-09T10:41:09","guid":{"rendered":"https:\/\/www.abf.se\/helsingborg\/?page_id=2189"},"modified":"2026-01-14T13:00:41","modified_gmt":"2026-01-14T12:00:41","slug":"akvarell-hoganas","status":"publish","type":"page","link":"https:\/\/www.abf.se\/oresund\/kurser\/konst\/akvarell\/akvarell-hoganas\/","title":{"rendered":"Akvarell H\u00f6gan\u00e4s"},"content":{"rendered":"<div\n    class=\"acf-hero-block container-lg no-padding mb-12 js-geolocation\"\n    data-block=\"hero-block\"\n    data-index=\"0\"\n>\n    <div class=\"h-[548px]  relative rounded-[32px] overflow-hidden flex bg-gray-light\">\n        <div class=\"relative z-10 mt-auto h-auto w-full md:h-full\">\n            <div class=\"flex w-full h-full flex-col flex-wrap justify-end w-full md:w-7\/12 lg:w-1\/2 md:justify-center\">\n                <div class=\"flex flex-col gap-3 md:gap-[18px] md:transparent pt-16 pb-36 md:py-8 px-4 w-full md:max-w-[620px] mx-auto px-8\">\n\n                    <h1 class=\"hero-heading hero-heading--red-text\"><span>Akvarell<br \/>\r\ni H\u00f6gan\u00e4s<\/span><\/h1>\n\n                    \n                                    <\/div>\n            <\/div>\n        <\/div>\n\n                    <picture class=\"as-background-image mix-blend-multiply bg-black\/40\"><img decoding=\"async\" src=\"https:\/\/www.abf.se\/oresund\/resized\/?url=https%3A%2F%2Fwww.abf.se%2Fwp-content%2Fuploads%2Fsites%2F24%2F2025%2F12%2FAkvarell.jpg&#038;fit=crop&#038;w=1440&#038;s=c84748c506cbf754aefb3da4a89dd583\" srcset=\"https:\/\/www.abf.se\/oresund\/resized\/?url=https%3A%2F%2Fwww.abf.se%2Fwp-content%2Fuploads%2Fsites%2F24%2F2025%2F12%2FAkvarell.jpg&#038;fit=crop&#038;w=375&#038;h=540&#038;s=82302dd2d3020ba24d7305cd2ca5e987 375w, https:\/\/www.abf.se\/oresund\/resized\/?url=https%3A%2F%2Fwww.abf.se%2Fwp-content%2Fuploads%2Fsites%2F24%2F2025%2F12%2FAkvarell.jpg&#038;fit=crop&#038;w=447&#038;h=540&#038;s=6c1f19b383b87829eef64d7bf37d569d 447w, https:\/\/www.abf.se\/oresund\/resized\/?url=https%3A%2F%2Fwww.abf.se%2Fwp-content%2Fuploads%2Fsites%2F24%2F2025%2F12%2FAkvarell.jpg&#038;fit=crop&#038;w=519&#038;h=540&#038;s=4ff8a8709736370f9406250385800a60 519w, https:\/\/www.abf.se\/oresund\/resized\/?url=https%3A%2F%2Fwww.abf.se%2Fwp-content%2Fuploads%2Fsites%2F24%2F2025%2F12%2FAkvarell.jpg&#038;fit=crop&#038;w=591&#038;h=540&#038;s=7bc209d0069c245bbc70d88a04b2f766 591w, https:\/\/www.abf.se\/oresund\/resized\/?url=https%3A%2F%2Fwww.abf.se%2Fwp-content%2Fuploads%2Fsites%2F24%2F2025%2F12%2FAkvarell.jpg&#038;fit=crop&#038;w=663&#038;h=540&#038;s=0a319a0d097576b245e8c85a6b924084 663w, https:\/\/www.abf.se\/oresund\/resized\/?url=https%3A%2F%2Fwww.abf.se%2Fwp-content%2Fuploads%2Fsites%2F24%2F2025%2F12%2FAkvarell.jpg&#038;fit=crop&#038;w=750&#038;h=540&#038;s=e597d770c680e7ac8b4ca9c91ee02c7a 750w, https:\/\/www.abf.se\/oresund\/resized\/?url=https%3A%2F%2Fwww.abf.se%2Fwp-content%2Fuploads%2Fsites%2F24%2F2025%2F12%2FAkvarell.jpg&#038;fit=crop&#038;w=894&#038;h=540&#038;s=cf7904e09a731bd17fabe6421fbca3f1 894w, https:\/\/www.abf.se\/oresund\/resized\/?url=https%3A%2F%2Fwww.abf.se%2Fwp-content%2Fuploads%2Fsites%2F24%2F2025%2F12%2FAkvarell.jpg&#038;fit=crop&#038;w=1038&#038;h=540&#038;s=c56b8f8d700626bda063ac616f15f7ef 1038w, https:\/\/www.abf.se\/oresund\/resized\/?url=https%3A%2F%2Fwww.abf.se%2Fwp-content%2Fuploads%2Fsites%2F24%2F2025%2F12%2FAkvarell.jpg&#038;fit=crop&#038;w=1182&#038;h=540&#038;s=3311e083b7254b46adf576bd91486c00 1182w, https:\/\/www.abf.se\/oresund\/resized\/?url=https%3A%2F%2Fwww.abf.se%2Fwp-content%2Fuploads%2Fsites%2F24%2F2025%2F12%2FAkvarell.jpg&#038;fit=crop&#038;w=1326&#038;h=540&#038;s=a6b36d6d03715762bcbc843ab1f46fb4 1326w, https:\/\/www.abf.se\/oresund\/resized\/?url=https%3A%2F%2Fwww.abf.se%2Fwp-content%2Fuploads%2Fsites%2F24%2F2025%2F12%2FAkvarell.jpg&#038;fit=crop&#038;w=1440&#038;h=540&#038;s=41aec1cc4b985e703d82b51b073d11e8 1440w\" alt=\"\" height=\"540\" width=\"1440\" sizes=\"(max-width: 1440px) calc(100vw - 32px), 1440px\" loading=\"eager\" fetchpriority=\"high\" aria-hidden=\"true\" role=\"presentation\" \/><\/picture>\n        \n\n            <\/div>\n\n    <\/div>\n\n<div\n    class=\"acf-text-image-block container my-12 md:my-15\"\n    data-block=\"text-image-block\"\n>\n    <div\n    class=\"flex flex-col items-center md:flex-row gap-8 md:gap-0 justify-between\">\n                        <div class=\"w-full md:w-1\/2 md:order-2\">\n            <picture><img decoding=\"async\" src=\"https:\/\/www.abf.se\/oresund\/resized\/?url=https%3A%2F%2Fwww.abf.se%2Fwp-content%2Fuploads%2Fsites%2F24%2F2025%2F12%2FEva_Magnusson.webp&#038;fit=crop&#038;w=578&#038;s=3a421b993a9065f4bdb55048d5c9989a\" srcset=\"https:\/\/www.abf.se\/oresund\/resized\/?url=https%3A%2F%2Fwww.abf.se%2Fwp-content%2Fuploads%2Fsites%2F24%2F2025%2F12%2FEva_Magnusson.webp&#038;fit=crop&#038;w=144&#038;h=126&#038;s=74b9d48315a78ca5471def3191cb889e 144w, https:\/\/www.abf.se\/oresund\/resized\/?url=https%3A%2F%2Fwww.abf.se%2Fwp-content%2Fuploads%2Fsites%2F24%2F2025%2F12%2FEva_Magnusson.webp&#038;fit=crop&#038;w=240&#038;h=211&#038;s=48907a4c990051ee16fb88c2c71f0bf9 240w, https:\/\/www.abf.se\/oresund\/resized\/?url=https%3A%2F%2Fwww.abf.se%2Fwp-content%2Fuploads%2Fsites%2F24%2F2025%2F12%2FEva_Magnusson.webp&#038;fit=crop&#038;w=288&#038;h=253&#038;s=fd7701f924432bf2a62edeebb7dbd16a 288w, https:\/\/www.abf.se\/oresund\/resized\/?url=https%3A%2F%2Fwww.abf.se%2Fwp-content%2Fuploads%2Fsites%2F24%2F2025%2F12%2FEva_Magnusson.webp&#038;fit=crop&#038;w=336&#038;h=295&#038;s=f5f586763956e6772807351f1ae2d78f 336w, https:\/\/www.abf.se\/oresund\/resized\/?url=https%3A%2F%2Fwww.abf.se%2Fwp-content%2Fuploads%2Fsites%2F24%2F2025%2F12%2FEva_Magnusson.webp&#038;fit=crop&#038;w=432&#038;h=380&#038;s=5a1164fc13be421a9db67f63d23a117d 432w, https:\/\/www.abf.se\/oresund\/resized\/?url=https%3A%2F%2Fwww.abf.se%2Fwp-content%2Fuploads%2Fsites%2F24%2F2025%2F12%2FEva_Magnusson.webp&#038;fit=crop&#038;w=480&#038;h=422&#038;s=2c0f07ab857c17f054eafc4d8b61de80 480w, https:\/\/www.abf.se\/oresund\/resized\/?url=https%3A%2F%2Fwww.abf.se%2Fwp-content%2Fuploads%2Fsites%2F24%2F2025%2F12%2FEva_Magnusson.webp&#038;fit=crop&#038;w=528&#038;h=464&#038;s=ddc92680829f9270c8062674f4238011 528w, https:\/\/www.abf.se\/oresund\/resized\/?url=https%3A%2F%2Fwww.abf.se%2Fwp-content%2Fuploads%2Fsites%2F24%2F2025%2F12%2FEva_Magnusson.webp&#038;fit=crop&#038;w=578&#038;h=509&#038;s=118de04bd8f6b45adb5afbf3a51826d4 578w, https:\/\/www.abf.se\/oresund\/resized\/?url=https%3A%2F%2Fwww.abf.se%2Fwp-content%2Fuploads%2Fsites%2F24%2F2025%2F12%2FEva_Magnusson.webp&#038;fit=crop&#038;w=672&#038;h=591&#038;s=1a290d82559dee8455b544fbca2b60cc 672w, https:\/\/www.abf.se\/oresund\/resized\/?url=https%3A%2F%2Fwww.abf.se%2Fwp-content%2Fuploads%2Fsites%2F24%2F2025%2F12%2FEva_Magnusson.webp&#038;fit=crop&#038;w=864&#038;h=760&#038;s=0305c0ad81800857cf4417eef6bfea08 864w, https:\/\/www.abf.se\/oresund\/resized\/?url=https%3A%2F%2Fwww.abf.se%2Fwp-content%2Fuploads%2Fsites%2F24%2F2025%2F12%2FEva_Magnusson.webp&#038;fit=crop&#038;w=1056&#038;h=929&#038;s=c98ec81736fb9ce8b49da0c416ecf3b2 1056w\" alt=\"\" height=\"509\" width=\"578\" sizes=\"auto, (max-width: 768px) 100vw,\n                (max-width: 1280px) 50vw, 578px\" loading=\"lazy\" fetchpriority=\"low\" \/><\/picture>\n\n        <\/div>\n        \n        <div class=\"w-full md:w-1\/2 md:order-1\">\n        <div class=\"mx-auto md:max-w-[368px]\">\n            <h2 class=\"heading-lg\"><\/h2>\n            <div class=\"mb-6 mt-4 wysiwyg\">\n                <p>Akvarell \u00e4r en vattenf\u00e4rg som \u00e4r roligt att arbeta med och ger stora m\u00f6jligheter till eget uttryck. V\u00e5ra kurser passar b\u00e5de f\u00f6r nyb\u00f6rjare och erfarna.<\/p>\n<p>Kurserna h\u00e5lls av Eva Magnusson, konstn\u00e4r och cirkelledare med m\u00e5ng\u00e5rig erfarenhet av att h\u00e5lla kurser i olika typer av m\u00e5leri.<\/p>\n<p>Kurserna har olika inneh\u00e5ll men utg\u00e5r ifr\u00e5n samma grunder, och h\u00e5lls i regel under en heldag per kurs. Du som \u00e4r nyb\u00f6rjare kan g\u00e5 alla kurser, men vi rekommenderar s\u00e4rskilt att du g\u00e5r n\u00e5gon av v\u00e5ra nyb\u00f6rjarkurser, eller den korta kursen <em>Vi som inte kan m\u00e5la<\/em>\u00a0som specifikt riktar sig till dig som vill f\u00f6rb\u00e4ttra ditt sj\u00e4lvf\u00f6rtroende med penseln!<\/p>\n\n            <\/div>\n                    <\/div>\n        <\/div>\n    <\/div>\n<\/div><form id=\"CourseSearch\" action=\"https:\/\/www.abf.se\/oresund\/kurs-sok\/\" hx-boost=\"true\" hx-target=\"#search-results\" hx-replace-url=\"false\" hx-headers='{\"HX-Action\": \"render_search\"}'>\n    \n            <div class=\"container mb-8\">\n            <div id=\"search-results\">\n                <div class=\"mb-6\">\n    \n    <div class=\"flex flex-col gap-4 md:gap-0 md:flex-row\">\n        <div class=\"inline-flex justify-between md:justify-start items-start gap-2\">\n            <input type=\"hidden\" id=\"type\" name=\"type\" value=\"course\">\n            <a href=\"\/oresund\/wp-json\/wp\/v2\/pages\/2189?type=course&#038;city%5B0%5D=132&#038;category%5B0%5D=7\" class=\"py-3 px-[26px] rounded-3xl border border-red-dark font-medium text-white bg-red-dark\" href=\"\">Kurser (0)<\/a>\n            <a href=\"\/oresund\/wp-json\/wp\/v2\/pages\/2189?type=event&#038;city%5B0%5D=132&#038;category%5B0%5D=7\" class=\"py-3 px-[26px] rounded-3xl border border-red-dark font-medium text-red-dark bg-white\" href=\"\">Evenemang (0)<\/a>\n        <\/div>\n        <div class=\"inline-flex items-center align-center justify-end self-center ml-auto gap-7\">\n            <input type=\"hidden\" name=\"lat\" value=\"\" disabled>\n            <input type=\"hidden\" name=\"lon\" value=\"\" disabled>\n            <div>\n                <select name=\"sort\" class=\"InputField-minimal-select\" data-sort-dropdown aria-label=\"V\u00e4lj sortering f\u00f6r resultaten\">\n                    <option value=\"\"  selected  disabled>Sortera efter<\/option>\n                                            <option value=\"date\" >Startdatum<\/option>\n                                            <option value=\"date_desc\" >Senast startdatum<\/option>\n                                            <option value=\"relevance\" >Relevans<\/option>\n                                            <option value=\"name\" >Alfabetisk ordning<\/option>\n                                            <option value=\"price\" >Pris l\u00e5gt &#8211; h\u00f6gt<\/option>\n                                            <option value=\"price_desc\" >Pris h\u00f6gt &#8211; l\u00e5gt<\/option>\n                                            <option value=\"geo\" >N\u00e4ra mig<\/option>\n                                    <\/select>\n            <\/div>\n\n                        <div class=\"hidden md:flex flex-row items-center gap-2\">\n                <a href=\"\/oresund\/wp-json\/wp\/v2\/pages\/2189?type%5B0%5D=course&amp;city%5B0%5D=132&amp;category%5B0%5D=7&amp;display=grid\" class=\"[&#038;_svg]:fill-red-dark\">\n                    <span class=\"sr-only\">\n                        Visa resultaten i ett rutn\u00e4t\n                    <\/span>\n                    <svg width=\"18\" height=\"18\" viewBox=\"0 0 18 18\" fill=\"none\" xmlns=\"http:\/\/www.w3.org\/2000\/svg\">\n<rect x=\"11\" width=\"7\" height=\"7\" rx=\"2\" fill=\"\"\/>\n<rect width=\"7\" height=\"7\" rx=\"2\" fill=\"\"\/>\n<rect x=\"11\" y=\"11\" width=\"7\" height=\"7\" rx=\"2\" fill=\"\"\/>\n<rect y=\"11\" width=\"7\" height=\"7\" rx=\"2\" fill=\"\"\/>\n<\/svg>\n<\/a>\n                <a href=\"\/oresund\/wp-json\/wp\/v2\/pages\/2189?type%5B0%5D=course&amp;city%5B0%5D=132&amp;category%5B0%5D=7&amp;display=list\" class=\"[&#038;_svg]:stroke-gray\">\n                    <span class=\"sr-only\">\n                        Visa resultaten som en lista\n                    <\/span>\n                    <svg width=\"32\" height=\"32\" viewBox=\"0 0 32 32\" fill=\"none\" xmlns=\"http:\/\/www.w3.org\/2000\/svg\">\n<path d=\"M12 8.5H27\" stroke-width=\"3\" stroke-linecap=\"round\" stroke-linejoin=\"round\"\/>\n<path d=\"M12 16H26.9992\" stroke-width=\"3\" stroke-linecap=\"round\" stroke-linejoin=\"round\"\/>\n<path d=\"M12 23.5H26.9992\" stroke-width=\"3\" stroke-linecap=\"round\" stroke-linejoin=\"round\"\/>\n<path d=\"M5 8.5H7\" stroke-width=\"3\" stroke-linecap=\"round\" stroke-linejoin=\"round\"\/>\n<path d=\"M5 16H6.99923\" stroke-width=\"3\" stroke-linecap=\"round\" stroke-linejoin=\"round\"\/>\n<path d=\"M5 23.5H6.99923\" stroke-width=\"3\" stroke-linecap=\"round\" stroke-linejoin=\"round\"\/>\n<\/svg>\n<\/a>\n            <\/div>\n        <\/div>\n    <\/div>\n<\/div>\n<div>\n    <div hx-boost=\"false\">\n        <div class=\"grid grid-cols-1 gap-x-4 gap-y-8 sm:grid-cols-2 md:grid-cols-3 mb-8\">\n    <\/div>\n    <\/div>\n\n    <\/div>\n            <\/div>\n        <\/div>\n    <\/form><div class=\"my-8 container-lg acf-link-block\" data-block=\"link-block\" class=\"acf-link-block\" data-block=\"link-block\">\n    <div class=\"w-full bg-red  round-corners-lg px-4 md:px-8 py-11 md:py-16\">\n        <h2 class=\"heading-lg mb-7 text-center text-white\">\n            Akvarellkurser n\u00e4ra dig\n        <\/h2>\n            <ul class=\"grid grid-cols-1 gap-x-4 gap-y-3 md:grid-cols-2\">\n                                                        <li>\n                        <a\n    class=\"large-button-link\"\n    href=\"https:\/\/www.abf.se\/oresund\/kurser\/konst\/akvarell\/akvarell-astorp\/\"\n    target=\"\"\n>\n    <span class=\"flex-1\">\u00c5storp<\/span>\n\n    <figure\n        aria-hidden=\"true\"\n        class=\"w-5\"\n    >\n                    <svg width=\"20\" height=\"20\" viewBox=\"0 0 20 20\" fill=\"none\" class=\"SvgIconElement\">\n<path d=\"M4.16659 10L15.8333 10\" stroke=\"currentColor\"\/>\n<path d=\"M9.99992 4.1665L15.8333 9.99984L9.99992 15.8332\" stroke=\"currentColor\"\/>\n<\/svg>\n            <\/figure>\n<\/a>\n                    <\/li>\n                                                        <li>\n                        <a\n    class=\"large-button-link\"\n    href=\"https:\/\/www.abf.se\/oresund\/kurser\/konst\/akvarell\/akvarell-angelholm\/\"\n    target=\"\"\n>\n    <span class=\"flex-1\">\u00c4ngelholm<\/span>\n\n    <figure\n        aria-hidden=\"true\"\n        class=\"w-5\"\n    >\n                    <svg width=\"20\" height=\"20\" viewBox=\"0 0 20 20\" fill=\"none\" class=\"SvgIconElement\">\n<path d=\"M4.16659 10L15.8333 10\" stroke=\"currentColor\"\/>\n<path d=\"M9.99992 4.1665L15.8333 9.99984L9.99992 15.8332\" stroke=\"currentColor\"\/>\n<\/svg>\n            <\/figure>\n<\/a>\n                    <\/li>\n                            <\/ul>\n        <\/ul>\n    <\/div>\n<\/div><div\n    class=\"acf-section-breaker-text my-8 container-lg\"\n    data-block=\"section-breaker-text\"\n>\n    <div class=\"round-corners-lg overflow-hidden pt-36 pb-8 px-5 md:p-16 relative grid grid-cols-1 md:grid-cols-2 lg:grid-cols-5 grid-flow-col-dense\">\n\n            <picture class=\"as-background-image\"><img decoding=\"async\" src=\"https:\/\/www.abf.se\/oresund\/resized\/?url=https%3A%2F%2Fwww.abf.se%2Fwp-content%2Fuploads%2F2023%2F11%2FKonstnaren-liggande_IMGP.jpg&#038;fit=crop&#038;w=1440&#038;s=73461dd66725d2dcd0883cd4f3b2929d\" srcset=\"https:\/\/www.abf.se\/oresund\/resized\/?url=https%3A%2F%2Fwww.abf.se%2Fwp-content%2Fuploads%2F2023%2F11%2FKonstnaren-liggande_IMGP.jpg&#038;fit=crop&#038;w=375&#038;h=540&#038;s=acdd43a50f7f054a7ebfca7e963d95d7 375w, https:\/\/www.abf.se\/oresund\/resized\/?url=https%3A%2F%2Fwww.abf.se%2Fwp-content%2Fuploads%2F2023%2F11%2FKonstnaren-liggande_IMGP.jpg&#038;fit=crop&#038;w=499&#038;h=540&#038;s=f5c81368431f91ed23fa833ba5f66a56 499w, https:\/\/www.abf.se\/oresund\/resized\/?url=https%3A%2F%2Fwww.abf.se%2Fwp-content%2Fuploads%2F2023%2F11%2FKonstnaren-liggande_IMGP.jpg&#038;fit=crop&#038;w=623&#038;h=540&#038;s=d844fdfa28eb2d2060b2667854602518 623w, https:\/\/www.abf.se\/oresund\/resized\/?url=https%3A%2F%2Fwww.abf.se%2Fwp-content%2Fuploads%2F2023%2F11%2FKonstnaren-liggande_IMGP.jpg&#038;fit=crop&#038;w=747&#038;h=540&#038;s=2baeb9c8f6c0b74d146000b732002cd1 747w, https:\/\/www.abf.se\/oresund\/resized\/?url=https%3A%2F%2Fwww.abf.se%2Fwp-content%2Fuploads%2F2023%2F11%2FKonstnaren-liggande_IMGP.jpg&#038;fit=crop&#038;w=750&#038;h=540&#038;s=372a3fd54bd294479204aaa6e008eb10 750w, https:\/\/www.abf.se\/oresund\/resized\/?url=https%3A%2F%2Fwww.abf.se%2Fwp-content%2Fuploads%2F2023%2F11%2FKonstnaren-liggande_IMGP.jpg&#038;fit=crop&#038;w=871&#038;h=540&#038;s=6c5a401d7377867c558addee2926017a 871w, https:\/\/www.abf.se\/oresund\/resized\/?url=https%3A%2F%2Fwww.abf.se%2Fwp-content%2Fuploads%2F2023%2F11%2FKonstnaren-liggande_IMGP.jpg&#038;fit=crop&#038;w=995&#038;h=540&#038;s=f30d383a48f00536a6e96884dc700573 995w, https:\/\/www.abf.se\/oresund\/resized\/?url=https%3A%2F%2Fwww.abf.se%2Fwp-content%2Fuploads%2F2023%2F11%2FKonstnaren-liggande_IMGP.jpg&#038;fit=crop&#038;w=998&#038;h=540&#038;s=4b2c2c47b5d0b51663ea691d9b4cc540 998w, https:\/\/www.abf.se\/oresund\/resized\/?url=https%3A%2F%2Fwww.abf.se%2Fwp-content%2Fuploads%2F2023%2F11%2FKonstnaren-liggande_IMGP.jpg&#038;fit=crop&#038;w=1119&#038;h=540&#038;s=18ffe4729ac4087cc710047640b29e0a 1119w, https:\/\/www.abf.se\/oresund\/resized\/?url=https%3A%2F%2Fwww.abf.se%2Fwp-content%2Fuploads%2F2023%2F11%2FKonstnaren-liggande_IMGP.jpg&#038;fit=crop&#038;w=1243&#038;h=540&#038;s=7e150f36ad68f01f47fcae8ef97d7581 1243w, https:\/\/www.abf.se\/oresund\/resized\/?url=https%3A%2F%2Fwww.abf.se%2Fwp-content%2Fuploads%2F2023%2F11%2FKonstnaren-liggande_IMGP.jpg&#038;fit=crop&#038;w=1246&#038;h=540&#038;s=08c31f7738b2021067d7116e606ae9bb 1246w, https:\/\/www.abf.se\/oresund\/resized\/?url=https%3A%2F%2Fwww.abf.se%2Fwp-content%2Fuploads%2F2023%2F11%2FKonstnaren-liggande_IMGP.jpg&#038;fit=crop&#038;w=1367&#038;h=540&#038;s=64b14cafb6c16a5fe88dbffa3777e4f8 1367w, https:\/\/www.abf.se\/oresund\/resized\/?url=https%3A%2F%2Fwww.abf.se%2Fwp-content%2Fuploads%2F2023%2F11%2FKonstnaren-liggande_IMGP.jpg&#038;fit=crop&#038;w=1440&#038;h=540&#038;s=57e2c827bc0edf447704c0e6bd0fe3a4 1440w, https:\/\/www.abf.se\/oresund\/resized\/?url=https%3A%2F%2Fwww.abf.se%2Fwp-content%2Fuploads%2F2023%2F11%2FKonstnaren-liggande_IMGP.jpg&#038;fit=crop&#038;w=1494&#038;h=540&#038;s=39e841825d9f1f09cb1e5331849cd382 1494w, https:\/\/www.abf.se\/oresund\/resized\/?url=https%3A%2F%2Fwww.abf.se%2Fwp-content%2Fuploads%2F2023%2F11%2FKonstnaren-liggande_IMGP.jpg&#038;fit=crop&#038;w=1742&#038;h=540&#038;s=8c5953ce99022bf690dd7e77ed35d576 1742w, https:\/\/www.abf.se\/oresund\/resized\/?url=https%3A%2F%2Fwww.abf.se%2Fwp-content%2Fuploads%2F2023%2F11%2FKonstnaren-liggande_IMGP.jpg&#038;fit=crop&#038;w=1990&#038;h=540&#038;s=3951f1cc64630a1add6402be0e7188e8 1990w, https:\/\/www.abf.se\/oresund\/resized\/?url=https%3A%2F%2Fwww.abf.se%2Fwp-content%2Fuploads%2F2023%2F11%2FKonstnaren-liggande_IMGP.jpg&#038;fit=crop&#038;w=2238&#038;h=540&#038;s=bbba3fdb9629c3b2ff3418716406b0a5 2238w, https:\/\/www.abf.se\/oresund\/resized\/?url=https%3A%2F%2Fwww.abf.se%2Fwp-content%2Fuploads%2F2023%2F11%2FKonstnaren-liggande_IMGP.jpg&#038;fit=crop&#038;w=2486&#038;h=540&#038;s=7732a617f7be2dcccdb79dd131c482b2 2486w, https:\/\/www.abf.se\/oresund\/resized\/?url=https%3A%2F%2Fwww.abf.se%2Fwp-content%2Fuploads%2F2023%2F11%2FKonstnaren-liggande_IMGP.jpg&#038;fit=crop&#038;w=2734&#038;h=540&#038;s=e3f1048c5994dcfaf1f23bd93b77f2a0 2734w\" alt=\"\" height=\"540\" width=\"1440\" sizes=\"auto, \n            (max-width: 1440px) calc(100vw - 32px), 1440px\" loading=\"lazy\" fetchpriority=\"low\" aria-hidden=\"true\" role=\"presentation\" \/><\/picture>\n                <div class=\"bg-white round-corners-sm px-10 py-11 col-span-1  relative z-10 col-start-4 col-end-[-1]\">\n            <h2 class=\"heading-lg mb-4\">Kurser i konst, m\u00e5leri, teckning<\/h2>\n            <div style=\"font-size: 1.25rem; color: black;\" class=\"body-xl wysiwyg\"><p>L\u00e4r dig m\u00e5la, teckna och designa. Skapa allt fr\u00e5n personliga konstverk och uttrycksfulla bilder till kreativa projekt f\u00f6r hemmet eller n\u00e5got helt eget.<\/p>\n<\/div>\n                                            <a href='https:\/\/www.abf.se\/oresund\/kurser\/konst\/' class=\"default-button mt-8\" target=\"\">L\u00e4s mer<\/a>\n                    \n        <\/div>\n    <\/div>\n<\/div>\n","protected":false},"excerpt":{"rendered":"","protected":false},"author":24,"featured_media":0,"parent":2174,"menu_order":0,"comment_status":"closed","ping_status":"closed","template":"","meta":{"_acf_changed":false,"footnotes":""},"class_list":["post-2189","page","type-page","status-publish","hentry"],"acf":[],"yoast_head":"<!-- This site is optimized with the Yoast SEO plugin v27.0 - https:\/\/yoast.com\/product\/yoast-seo-wordpress\/ -->\n<title>Akvarell H\u00f6gan\u00e4s - \u00d6resund<\/title>\n<meta name=\"robots\" content=\"index, follow, max-snippet:-1, max-image-preview:large, max-video-preview:-1\" \/>\n<link rel=\"canonical\" href=\"https:\/\/www.abf.se\/oresund\/kurser\/konst\/akvarell\/akvarell-hoganas\/\" \/>\n<meta property=\"og:locale\" content=\"sv_SE\" \/>\n<meta property=\"og:type\" content=\"article\" \/>\n<meta property=\"og:title\" content=\"Akvarell H\u00f6gan\u00e4s - \u00d6resund\" \/>\n<meta property=\"og:url\" content=\"https:\/\/www.abf.se\/oresund\/kurser\/konst\/akvarell\/akvarell-hoganas\/\" \/>\n<meta property=\"og:site_name\" content=\"\u00d6resund\" \/>\n<meta property=\"article:modified_time\" content=\"2026-01-14T12:00:41+00:00\" \/>\n<meta property=\"og:image\" content=\"https:\/\/www.abf.se\/wp-content\/uploads\/sites\/24\/2024\/04\/Nyckeln-liggande-scaled.jpg\" \/>\n\t<meta property=\"og:image:width\" content=\"2560\" \/>\n\t<meta property=\"og:image:height\" content=\"1440\" \/>\n\t<meta property=\"og:image:type\" content=\"image\/jpeg\" \/>\n<meta name=\"twitter:card\" content=\"summary_large_image\" \/>\n<script type=\"application\/ld+json\" class=\"yoast-schema-graph\">{\"@context\":\"https:\/\/schema.org\",\"@graph\":[{\"@type\":\"WebPage\",\"@id\":\"https:\/\/www.abf.se\/oresund\/kurser\/konst\/akvarell\/akvarell-hoganas\/\",\"url\":\"https:\/\/www.abf.se\/oresund\/kurser\/konst\/akvarell\/akvarell-hoganas\/\",\"name\":\"Akvarell H\u00f6gan\u00e4s - \u00d6resund\",\"isPartOf\":{\"@id\":\"https:\/\/www.abf.se\/oresund\/#website\"},\"datePublished\":\"2025-12-09T10:41:09+00:00\",\"dateModified\":\"2026-01-14T12:00:41+00:00\",\"breadcrumb\":{\"@id\":\"https:\/\/www.abf.se\/oresund\/kurser\/konst\/akvarell\/akvarell-hoganas\/#breadcrumb\"},\"inLanguage\":\"sv-SE\",\"potentialAction\":[{\"@type\":\"ReadAction\",\"target\":[\"https:\/\/www.abf.se\/oresund\/kurser\/konst\/akvarell\/akvarell-hoganas\/\"]}]},{\"@type\":\"BreadcrumbList\",\"@id\":\"https:\/\/www.abf.se\/oresund\/kurser\/konst\/akvarell\/akvarell-hoganas\/#breadcrumb\",\"itemListElement\":[{\"@type\":\"ListItem\",\"position\":1,\"name\":\"Home\",\"item\":\"https:\/\/www.abf.se\/oresund\/\"},{\"@type\":\"ListItem\",\"position\":2,\"name\":\"Kurser\",\"item\":\"https:\/\/www.abf.se\/oresund\/kurser\/\"},{\"@type\":\"ListItem\",\"position\":3,\"name\":\"Konst, m\u00e5leri, teckning\",\"item\":\"https:\/\/www.abf.se\/oresund\/kurser\/konst\/\"},{\"@type\":\"ListItem\",\"position\":4,\"name\":\"Akvarell\",\"item\":\"https:\/\/www.abf.se\/oresund\/kurser\/konst\/akvarell\/\"},{\"@type\":\"ListItem\",\"position\":5,\"name\":\"Akvarell H\u00f6gan\u00e4s\"}]},{\"@type\":\"WebSite\",\"@id\":\"https:\/\/www.abf.se\/oresund\/#website\",\"url\":\"https:\/\/www.abf.se\/oresund\/\",\"name\":\"\u00d6resund\",\"description\":\"\",\"potentialAction\":[{\"@type\":\"SearchAction\",\"target\":{\"@type\":\"EntryPoint\",\"urlTemplate\":\"https:\/\/www.abf.se\/oresund\/?s={search_term_string}\"},\"query-input\":{\"@type\":\"PropertyValueSpecification\",\"valueRequired\":true,\"valueName\":\"search_term_string\"}}],\"inLanguage\":\"sv-SE\"}]}<\/script>\n<!-- \/ Yoast SEO plugin. -->","yoast_head_json":{"title":"Akvarell H\u00f6gan\u00e4s - \u00d6resund","robots":{"index":"index","follow":"follow","max-snippet":"max-snippet:-1","max-image-preview":"max-image-preview:large","max-video-preview":"max-video-preview:-1"},"canonical":"https:\/\/www.abf.se\/oresund\/kurser\/konst\/akvarell\/akvarell-hoganas\/","og_locale":"sv_SE","og_type":"article","og_title":"Akvarell H\u00f6gan\u00e4s - \u00d6resund","og_url":"https:\/\/www.abf.se\/oresund\/kurser\/konst\/akvarell\/akvarell-hoganas\/","og_site_name":"\u00d6resund","article_modified_time":"2026-01-14T12:00:41+00:00","og_image":[{"width":2560,"height":1440,"url":"https:\/\/www.abf.se\/wp-content\/uploads\/sites\/24\/2024\/04\/Nyckeln-liggande-scaled.jpg","type":"image\/jpeg"}],"twitter_card":"summary_large_image","schema":{"@context":"https:\/\/schema.org","@graph":[{"@type":"WebPage","@id":"https:\/\/www.abf.se\/oresund\/kurser\/konst\/akvarell\/akvarell-hoganas\/","url":"https:\/\/www.abf.se\/oresund\/kurser\/konst\/akvarell\/akvarell-hoganas\/","name":"Akvarell H\u00f6gan\u00e4s - \u00d6resund","isPartOf":{"@id":"https:\/\/www.abf.se\/oresund\/#website"},"datePublished":"2025-12-09T10:41:09+00:00","dateModified":"2026-01-14T12:00:41+00:00","breadcrumb":{"@id":"https:\/\/www.abf.se\/oresund\/kurser\/konst\/akvarell\/akvarell-hoganas\/#breadcrumb"},"inLanguage":"sv-SE","potentialAction":[{"@type":"ReadAction","target":["https:\/\/www.abf.se\/oresund\/kurser\/konst\/akvarell\/akvarell-hoganas\/"]}]},{"@type":"BreadcrumbList","@id":"https:\/\/www.abf.se\/oresund\/kurser\/konst\/akvarell\/akvarell-hoganas\/#breadcrumb","itemListElement":[{"@type":"ListItem","position":1,"name":"Home","item":"https:\/\/www.abf.se\/oresund\/"},{"@type":"ListItem","position":2,"name":"Kurser","item":"https:\/\/www.abf.se\/oresund\/kurser\/"},{"@type":"ListItem","position":3,"name":"Konst, m\u00e5leri, teckning","item":"https:\/\/www.abf.se\/oresund\/kurser\/konst\/"},{"@type":"ListItem","position":4,"name":"Akvarell","item":"https:\/\/www.abf.se\/oresund\/kurser\/konst\/akvarell\/"},{"@type":"ListItem","position":5,"name":"Akvarell H\u00f6gan\u00e4s"}]},{"@type":"WebSite","@id":"https:\/\/www.abf.se\/oresund\/#website","url":"https:\/\/www.abf.se\/oresund\/","name":"\u00d6resund","description":"","potentialAction":[{"@type":"SearchAction","target":{"@type":"EntryPoint","urlTemplate":"https:\/\/www.abf.se\/oresund\/?s={search_term_string}"},"query-input":{"@type":"PropertyValueSpecification","valueRequired":true,"valueName":"search_term_string"}}],"inLanguage":"sv-SE"}]}},"_links":{"self":[{"href":"https:\/\/www.abf.se\/oresund\/wp-json\/wp\/v2\/pages\/2189","targetHints":{"allow":["GET"]}}],"collection":[{"href":"https:\/\/www.abf.se\/oresund\/wp-json\/wp\/v2\/pages"}],"about":[{"href":"https:\/\/www.abf.se\/oresund\/wp-json\/wp\/v2\/types\/page"}],"author":[{"embeddable":true,"href":"https:\/\/www.abf.se\/oresund\/wp-json\/wp\/v2\/users\/24"}],"replies":[{"embeddable":true,"href":"https:\/\/www.abf.se\/oresund\/wp-json\/wp\/v2\/comments?post=2189"}],"version-history":[{"count":17,"href":"https:\/\/www.abf.se\/oresund\/wp-json\/wp\/v2\/pages\/2189\/revisions"}],"predecessor-version":[{"id":2566,"href":"https:\/\/www.abf.se\/oresund\/wp-json\/wp\/v2\/pages\/2189\/revisions\/2566"}],"up":[{"embeddable":true,"href":"https:\/\/www.abf.se\/oresund\/wp-json\/wp\/v2\/pages\/2174"}],"wp:attachment":[{"href":"https:\/\/www.abf.se\/oresund\/wp-json\/wp\/v2\/media?parent=2189"}],"curies":[{"name":"wp","href":"https:\/\/api.w.org\/{rel}","templated":true}]}}