{"id":2259,"date":"2025-12-18T10:53:55","date_gmt":"2025-12-18T09:53:55","guid":{"rendered":"https:\/\/www.abf.se\/helsingborg\/?page_id=2259"},"modified":"2025-12-18T11:27:20","modified_gmt":"2025-12-18T10:27:20","slug":"takk","status":"publish","type":"page","link":"https:\/\/www.abf.se\/oresund\/kurser\/takk\/","title":{"rendered":"TAKK"},"content":{"rendered":"<div\n    class=\"acf-hero-block container-lg no-padding mb-12 js-geolocation\"\n    data-block=\"hero-block\"\n    data-index=\"0\"\n>\n    <div class=\"h-[548px]  relative rounded-[32px] overflow-hidden flex bg-gray-light\">\n        <div class=\"relative z-10 mt-auto h-auto w-full md:h-full\">\n            <div class=\"flex w-full h-full flex-col flex-wrap justify-end w-full md:w-7\/12 lg:w-1\/2 md:justify-center\">\n                <div class=\"flex flex-col gap-3 md:gap-[18px] md:transparent pt-16 pb-36 md:py-8 px-4 w-full md:max-w-[620px] mx-auto px-8\">\n\n                    <h1 class=\"hero-heading hero-heading--red-text\"><span>Teckenkommunikation<br \/>\r\n(TAKK)<\/span><\/h1>\n\n                    \n                                    <\/div>\n            <\/div>\n        <\/div>\n\n                    <picture class=\"as-background-image mix-blend-multiply bg-black\/40\"><img decoding=\"async\" src=\"https:\/\/www.abf.se\/oresund\/resized\/?url=https%3A%2F%2Fwww.abf.se%2Fwp-content%2Fuploads%2Fsites%2F24%2F2025%2F12%2FTAKK.jpg&#038;fit=crop&#038;w=1440&#038;s=4e9252f557a823e14efda42fc2d38667\" srcset=\"https:\/\/www.abf.se\/oresund\/resized\/?url=https%3A%2F%2Fwww.abf.se%2Fwp-content%2Fuploads%2Fsites%2F24%2F2025%2F12%2FTAKK.jpg&#038;fit=crop&#038;w=375&#038;h=540&#038;s=cdb0240fa775a03b10ba176ac8d4956c 375w, https:\/\/www.abf.se\/oresund\/resized\/?url=https%3A%2F%2Fwww.abf.se%2Fwp-content%2Fuploads%2Fsites%2F24%2F2025%2F12%2FTAKK.jpg&#038;fit=crop&#038;w=447&#038;h=540&#038;s=d41e9fe10b9cb6dda1e6085b65cb5a40 447w, https:\/\/www.abf.se\/oresund\/resized\/?url=https%3A%2F%2Fwww.abf.se%2Fwp-content%2Fuploads%2Fsites%2F24%2F2025%2F12%2FTAKK.jpg&#038;fit=crop&#038;w=519&#038;h=540&#038;s=57c1160b68f9686cfe8eff9f407b4424 519w, https:\/\/www.abf.se\/oresund\/resized\/?url=https%3A%2F%2Fwww.abf.se%2Fwp-content%2Fuploads%2Fsites%2F24%2F2025%2F12%2FTAKK.jpg&#038;fit=crop&#038;w=591&#038;h=540&#038;s=0693677e8d57e4892d5a209207faca38 591w, https:\/\/www.abf.se\/oresund\/resized\/?url=https%3A%2F%2Fwww.abf.se%2Fwp-content%2Fuploads%2Fsites%2F24%2F2025%2F12%2FTAKK.jpg&#038;fit=crop&#038;w=663&#038;h=540&#038;s=fae4d597e37c04ceffec6a5dc064de1b 663w, https:\/\/www.abf.se\/oresund\/resized\/?url=https%3A%2F%2Fwww.abf.se%2Fwp-content%2Fuploads%2Fsites%2F24%2F2025%2F12%2FTAKK.jpg&#038;fit=crop&#038;w=750&#038;h=540&#038;s=0dc495787ec4587922521a7b2ce3c07e 750w, https:\/\/www.abf.se\/oresund\/resized\/?url=https%3A%2F%2Fwww.abf.se%2Fwp-content%2Fuploads%2Fsites%2F24%2F2025%2F12%2FTAKK.jpg&#038;fit=crop&#038;w=894&#038;h=540&#038;s=acd8d818cb57c6a4a43030c6aa1083e7 894w, https:\/\/www.abf.se\/oresund\/resized\/?url=https%3A%2F%2Fwww.abf.se%2Fwp-content%2Fuploads%2Fsites%2F24%2F2025%2F12%2FTAKK.jpg&#038;fit=crop&#038;w=1038&#038;h=540&#038;s=ccf5974968f275f9d47ea526224720bb 1038w, https:\/\/www.abf.se\/oresund\/resized\/?url=https%3A%2F%2Fwww.abf.se%2Fwp-content%2Fuploads%2Fsites%2F24%2F2025%2F12%2FTAKK.jpg&#038;fit=crop&#038;w=1182&#038;h=540&#038;s=1079bc20d179fbd9771ca4d684b0663a 1182w, https:\/\/www.abf.se\/oresund\/resized\/?url=https%3A%2F%2Fwww.abf.se%2Fwp-content%2Fuploads%2Fsites%2F24%2F2025%2F12%2FTAKK.jpg&#038;fit=crop&#038;w=1326&#038;h=540&#038;s=3fc7d7ff7a8ae7304a862204d2b1a2a0 1326w, https:\/\/www.abf.se\/oresund\/resized\/?url=https%3A%2F%2Fwww.abf.se%2Fwp-content%2Fuploads%2Fsites%2F24%2F2025%2F12%2FTAKK.jpg&#038;fit=crop&#038;w=1440&#038;h=540&#038;s=b0c9d453d881e9053ac883c6ab4f83cc 1440w\" alt=\"\" height=\"540\" width=\"1440\" sizes=\"(max-width: 1440px) calc(100vw - 32px), 1440px\" loading=\"eager\" fetchpriority=\"high\" aria-hidden=\"true\" role=\"presentation\" \/><\/picture>\n        \n\n            <\/div>\n\n    <\/div>\n\n<div\n    class=\"acf-article-text-block article-container my-12\"\n    data-block=\"article-text-block\"\n>\n    <div class=\"wysiwyg\">\n        <p class=\"p1\">F\u00f6r v\u00e5rdnadshavare och andra som m\u00f6ter sm\u00e5 barn i vardagen. Vill du st\u00e4rka kommunikationen och barnets spr\u00e5kutveckling fr\u00e5n tidig \u00e5lder? V\u00e4lkommen till en workshop i TAKK \u2013 Tecken som Alternativ och Kompletterande Kommunikation.<\/p>\n\n    <\/div>\n<\/div>\n<div\n    class=\"acf-article-facts-block article-container  my-8 \"\n    data-block=\"article-facts-block\"\n>\n<div class=\"bg-teal-light border border-teal p-8 rounded-corners-sm\">\n<header>\n        <h2 class=\"heading-md text-teal-dark mb-3\">\n            Om ledaren\n        <\/h2>\n    <\/header>\n    <div class=\"wysiwyg\">\n        <p class=\"p1\">Jenny Holm\u00e9n \u00e4r f\u00f6rskoll\u00e4rare med \u00f6ver 15 \u00e5rs erfarenhet av att arbeta med TAKK. Hon har h\u00e5llit flertalet kurser i \u00e4mnet och bygger dem p\u00e5 forskning, praktik och m\u00e4ngder av erfarenhet i b\u00e5de yrkeslivet och privat.<\/p>\n\n    <\/div>\n<\/div>\n\n<\/div>\n<div\n    class=\"acf-article-text-block article-container my-12\"\n    data-block=\"article-text-block\"\n>\n    <div class=\"wysiwyg\">\n        <p class=\"p1\">Workshopen riktar sig till dig som \u00e4r v\u00e5rdnadshavare, men ocks\u00e5 till dig som m\u00f6ter sm\u00e5 barn i ditt arbete, till exempel inom BVC, \u00f6ppen f\u00f6rskola, babycaf\u00e9, bibliotek eller f\u00f6rskola.<\/p>\n\n    <\/div>\n<\/div>\n<form id=\"CourseSearch\" action=\"https:\/\/www.abf.se\/oresund\/kurs-sok\/\" hx-boost=\"true\" hx-target=\"#search-results\" hx-replace-url=\"false\" hx-headers='{\"HX-Action\": \"render_search\"}'>\n    \n            <div class=\"container mb-8\">\n            <div id=\"search-results\">\n                <div class=\"mb-6\">\n    \n    <div class=\"flex flex-col gap-4 md:gap-0 md:flex-row\">\n        <div class=\"inline-flex justify-between md:justify-start items-start gap-2\">\n            <input type=\"hidden\" id=\"type\" name=\"type\" value=\"course\">\n            <a href=\"\/oresund\/wp-json\/wp\/v2\/pages\/2259?type=course&#038;city%5B0%5D=110&#038;city%5B1%5D=114&#038;city%5B2%5D=131\" class=\"py-3 px-[26px] rounded-3xl border border-red-dark font-medium text-white bg-red-dark\" href=\"\">Kurser (1)<\/a>\n            <a href=\"\/oresund\/wp-json\/wp\/v2\/pages\/2259?type=event&#038;city%5B0%5D=110&#038;city%5B1%5D=114&#038;city%5B2%5D=131\" class=\"py-3 px-[26px] rounded-3xl border border-red-dark font-medium text-red-dark bg-white\" href=\"\">Evenemang (0)<\/a>\n        <\/div>\n        <div class=\"inline-flex items-center align-center justify-end self-center ml-auto gap-7\">\n            <input type=\"hidden\" name=\"lat\" value=\"\" disabled>\n            <input type=\"hidden\" name=\"lon\" value=\"\" disabled>\n            <div>\n                <select name=\"sort\" class=\"InputField-minimal-select\" data-sort-dropdown aria-label=\"V\u00e4lj sortering f\u00f6r resultaten\">\n                    <option value=\"\"  selected  disabled>Sortera efter<\/option>\n                                            <option value=\"date\" >Startdatum<\/option>\n                                            <option value=\"date_desc\" >Senast startdatum<\/option>\n                                            <option value=\"relevance\" >Relevans<\/option>\n                                            <option value=\"name\" >Alfabetisk ordning<\/option>\n                                            <option value=\"price\" >Pris l\u00e5gt &#8211; h\u00f6gt<\/option>\n                                            <option value=\"price_desc\" >Pris h\u00f6gt &#8211; l\u00e5gt<\/option>\n                                            <option value=\"geo\" >N\u00e4ra mig<\/option>\n                                    <\/select>\n            <\/div>\n\n                        <div class=\"hidden md:flex flex-row items-center gap-2\">\n                <a href=\"\/oresund\/wp-json\/wp\/v2\/pages\/2259?type=course&amp;city%5B0%5D=110&amp;city%5B1%5D=114&amp;city%5B2%5D=131&amp;display=grid\" class=\"[&#038;_svg]:fill-red-dark\">\n                    <span class=\"sr-only\">\n                        Visa resultaten i ett rutn\u00e4t\n                    <\/span>\n                    <svg width=\"18\" height=\"18\" viewBox=\"0 0 18 18\" fill=\"none\" xmlns=\"http:\/\/www.w3.org\/2000\/svg\">\n<rect x=\"11\" width=\"7\" height=\"7\" rx=\"2\" fill=\"\"\/>\n<rect width=\"7\" height=\"7\" rx=\"2\" fill=\"\"\/>\n<rect x=\"11\" y=\"11\" width=\"7\" height=\"7\" rx=\"2\" fill=\"\"\/>\n<rect y=\"11\" width=\"7\" height=\"7\" rx=\"2\" fill=\"\"\/>\n<\/svg>\n<\/a>\n                <a href=\"\/oresund\/wp-json\/wp\/v2\/pages\/2259?type=course&amp;city%5B0%5D=110&amp;city%5B1%5D=114&amp;city%5B2%5D=131&amp;display=list\" class=\"[&#038;_svg]:stroke-gray\">\n                    <span class=\"sr-only\">\n                        Visa resultaten som en lista\n                    <\/span>\n                    <svg width=\"32\" height=\"32\" viewBox=\"0 0 32 32\" fill=\"none\" xmlns=\"http:\/\/www.w3.org\/2000\/svg\">\n<path d=\"M12 8.5H27\" stroke-width=\"3\" stroke-linecap=\"round\" stroke-linejoin=\"round\"\/>\n<path d=\"M12 16H26.9992\" stroke-width=\"3\" stroke-linecap=\"round\" stroke-linejoin=\"round\"\/>\n<path d=\"M12 23.5H26.9992\" stroke-width=\"3\" stroke-linecap=\"round\" stroke-linejoin=\"round\"\/>\n<path d=\"M5 8.5H7\" stroke-width=\"3\" stroke-linecap=\"round\" stroke-linejoin=\"round\"\/>\n<path d=\"M5 16H6.99923\" stroke-width=\"3\" stroke-linecap=\"round\" stroke-linejoin=\"round\"\/>\n<path d=\"M5 23.5H6.99923\" stroke-width=\"3\" stroke-linecap=\"round\" stroke-linejoin=\"round\"\/>\n<\/svg>\n<\/a>\n            <\/div>\n        <\/div>\n    <\/div>\n<\/div>\n<div>\n    <div hx-boost=\"false\">\n        <div class=\"grid grid-cols-1 gap-x-4 gap-y-8 sm:grid-cols-2 md:grid-cols-3 mb-8\">\n            \n        <article class=\"CourseCard realtive group\">\n    \n    <div class=\"CourseCard-container\">\n                    <figure class=\"CourseCard-image\">\n                                <picture><img decoding=\"async\" src=\"https:\/\/www.abf.se\/oresund\/resized\/?url=https%3A%2F%2Fwww.abf.se%2Fwp-content%2Fuploads%2Fsites%2F36%2F2025%2F04%2FTAKK.jpg&#038;fit=crop&#038;w=368&#038;s=09d204aaf99209f268d86ad2138c7b34\" srcset=\"https:\/\/www.abf.se\/oresund\/resized\/?url=https%3A%2F%2Fwww.abf.se%2Fwp-content%2Fuploads%2Fsites%2F36%2F2025%2F04%2FTAKK.jpg&#038;fit=crop&#038;w=48&#038;h=180&#038;s=1405df3db68934a69f52bb992387a22c 48w, https:\/\/www.abf.se\/oresund\/resized\/?url=https%3A%2F%2Fwww.abf.se%2Fwp-content%2Fuploads%2Fsites%2F36%2F2025%2F04%2FTAKK.jpg&#038;fit=crop&#038;w=72&#038;h=180&#038;s=1473aea4319b88d32ed4468c33d010d5 72w, https:\/\/www.abf.se\/oresund\/resized\/?url=https%3A%2F%2Fwww.abf.se%2Fwp-content%2Fuploads%2Fsites%2F36%2F2025%2F04%2FTAKK.jpg&#038;fit=crop&#038;w=96&#038;h=180&#038;s=dd0efcf48ad91af0722d5596e76fb74d 96w, https:\/\/www.abf.se\/oresund\/resized\/?url=https%3A%2F%2Fwww.abf.se%2Fwp-content%2Fuploads%2Fsites%2F36%2F2025%2F04%2FTAKK.jpg&#038;fit=crop&#038;w=120&#038;h=180&#038;s=6f91ba04d7cc5495ee3ee442994d424d 120w, https:\/\/www.abf.se\/oresund\/resized\/?url=https%3A%2F%2Fwww.abf.se%2Fwp-content%2Fuploads%2Fsites%2F36%2F2025%2F04%2FTAKK.jpg&#038;fit=crop&#038;w=144&#038;h=180&#038;s=571f430836860c2754da92668e35e426 144w, https:\/\/www.abf.se\/oresund\/resized\/?url=https%3A%2F%2Fwww.abf.se%2Fwp-content%2Fuploads%2Fsites%2F36%2F2025%2F04%2FTAKK.jpg&#038;fit=crop&#038;w=168&#038;h=180&#038;s=cadd808e82c8a1aa0244e28ffa26984f 168w, https:\/\/www.abf.se\/oresund\/resized\/?url=https%3A%2F%2Fwww.abf.se%2Fwp-content%2Fuploads%2Fsites%2F36%2F2025%2F04%2FTAKK.jpg&#038;fit=crop&#038;w=192&#038;h=180&#038;s=38197e46886fba1a3d578f809aa463de 192w, https:\/\/www.abf.se\/oresund\/resized\/?url=https%3A%2F%2Fwww.abf.se%2Fwp-content%2Fuploads%2Fsites%2F36%2F2025%2F04%2FTAKK.jpg&#038;fit=crop&#038;w=216&#038;h=180&#038;s=46fb580b70b635ce64479fe999a92087 216w, https:\/\/www.abf.se\/oresund\/resized\/?url=https%3A%2F%2Fwww.abf.se%2Fwp-content%2Fuploads%2Fsites%2F36%2F2025%2F04%2FTAKK.jpg&#038;fit=crop&#038;w=240&#038;h=180&#038;s=0e1db60d76202fa4d7078807cbca5351 240w, https:\/\/www.abf.se\/oresund\/resized\/?url=https%3A%2F%2Fwww.abf.se%2Fwp-content%2Fuploads%2Fsites%2F36%2F2025%2F04%2FTAKK.jpg&#038;fit=crop&#038;w=264&#038;h=180&#038;s=9d1b35702ae6028c788f4738001e591b 264w, https:\/\/www.abf.se\/oresund\/resized\/?url=https%3A%2F%2Fwww.abf.se%2Fwp-content%2Fuploads%2Fsites%2F36%2F2025%2F04%2FTAKK.jpg&#038;fit=crop&#038;w=288&#038;h=180&#038;s=a049ccbb1e84df3588e70c1a9bd372e6 288w, https:\/\/www.abf.se\/oresund\/resized\/?url=https%3A%2F%2Fwww.abf.se%2Fwp-content%2Fuploads%2Fsites%2F36%2F2025%2F04%2FTAKK.jpg&#038;fit=crop&#038;w=312&#038;h=180&#038;s=7da8a07b45803c71cb6205e74f036fb0 312w, https:\/\/www.abf.se\/oresund\/resized\/?url=https%3A%2F%2Fwww.abf.se%2Fwp-content%2Fuploads%2Fsites%2F36%2F2025%2F04%2FTAKK.jpg&#038;fit=crop&#038;w=336&#038;h=180&#038;s=465889165385b52189d2e214b6cb7f81 336w, https:\/\/www.abf.se\/oresund\/resized\/?url=https%3A%2F%2Fwww.abf.se%2Fwp-content%2Fuploads%2Fsites%2F36%2F2025%2F04%2FTAKK.jpg&#038;fit=crop&#038;w=360&#038;h=180&#038;s=56a5ca5554c56ebb76b8803d37038e4b 360w, https:\/\/www.abf.se\/oresund\/resized\/?url=https%3A%2F%2Fwww.abf.se%2Fwp-content%2Fuploads%2Fsites%2F36%2F2025%2F04%2FTAKK.jpg&#038;fit=crop&#038;w=368&#038;h=180&#038;s=361d75910e9d80c0793a0752a51555f7 368w, https:\/\/www.abf.se\/oresund\/resized\/?url=https%3A%2F%2Fwww.abf.se%2Fwp-content%2Fuploads%2Fsites%2F36%2F2025%2F04%2FTAKK.jpg&#038;fit=crop&#038;w=384&#038;h=180&#038;s=9e99d854e39c9001870c3fec0b747f80 384w, https:\/\/www.abf.se\/oresund\/resized\/?url=https%3A%2F%2Fwww.abf.se%2Fwp-content%2Fuploads%2Fsites%2F36%2F2025%2F04%2FTAKK.jpg&#038;fit=crop&#038;w=432&#038;h=180&#038;s=5d7416d4403a2d1ca0484ff228c5da19 432w, https:\/\/www.abf.se\/oresund\/resized\/?url=https%3A%2F%2Fwww.abf.se%2Fwp-content%2Fuploads%2Fsites%2F36%2F2025%2F04%2FTAKK.jpg&#038;fit=crop&#038;w=480&#038;h=180&#038;s=f2d9ba2d56395cf5a8b6a671f98c961c 480w, https:\/\/www.abf.se\/oresund\/resized\/?url=https%3A%2F%2Fwww.abf.se%2Fwp-content%2Fuploads%2Fsites%2F36%2F2025%2F04%2FTAKK.jpg&#038;fit=crop&#038;w=528&#038;h=180&#038;s=01ab5667b1410f613f3bee6006c1d990 528w, https:\/\/www.abf.se\/oresund\/resized\/?url=https%3A%2F%2Fwww.abf.se%2Fwp-content%2Fuploads%2Fsites%2F36%2F2025%2F04%2FTAKK.jpg&#038;fit=crop&#038;w=576&#038;h=180&#038;s=fa82e54df39a66425fe8203b1996c4fc 576w, https:\/\/www.abf.se\/oresund\/resized\/?url=https%3A%2F%2Fwww.abf.se%2Fwp-content%2Fuploads%2Fsites%2F36%2F2025%2F04%2FTAKK.jpg&#038;fit=crop&#038;w=624&#038;h=180&#038;s=3bac26381b4591e4592df84fdd4c0247 624w, https:\/\/www.abf.se\/oresund\/resized\/?url=https%3A%2F%2Fwww.abf.se%2Fwp-content%2Fuploads%2Fsites%2F36%2F2025%2F04%2FTAKK.jpg&#038;fit=crop&#038;w=672&#038;h=180&#038;s=0d59b7d7eb6d9a773dda19c01a41fb46 672w, https:\/\/www.abf.se\/oresund\/resized\/?url=https%3A%2F%2Fwww.abf.se%2Fwp-content%2Fuploads%2Fsites%2F36%2F2025%2F04%2FTAKK.jpg&#038;fit=crop&#038;w=720&#038;h=180&#038;s=3ac972dbd2cd6b215e4034db564c563d 720w\" alt=\"\" height=\"180\" width=\"368\" sizes=\"auto, (max-width: 768px) 368px, (max-width: 1156px) 33vw, 368px\" loading=\"lazy\" fetchpriority=\"low\" \/><\/picture>\n            <\/figure>\n                <header class=\"CourseCard-header\">\n                        <h3 class=\"CourseCard-title\">\n                                    Forts\u00e4ttning -Teckenkommunikation (TAKK)\u2013 f\u00f6r v\u00e5rdnadshavare och andra som m\u00f6ter sm\u00e5 barn i vardagen\n                            <\/h3>\n        <\/header>\n        <div class=\"CourseCard-details\">\n            <ul>\n                                    <li class=\"CourseCard-location\">\n                        <p>\n                            Plats: <strong>ABF i \u00c4ngelholm <br\/>Verkstadsgatan 4 (ing\u00e5ng mot Tord\u00f6nsgatan) \u00c4ngelholm<\/strong>\n                        <\/p>\n                    <\/li>\n                                                    <li class=\"CourseCard-gatherings\">\n                        <p>\n                            Antal tr\u00e4ffar: <strong>1<\/strong>\n                        <\/p>\n                    <\/li>\n                                \n                                    <li class=\"CourseCard-date\">\n                        <p>\n                            Start:\n                            <time datetime=\"2026-04-14\">\n                                <strong>\n                                    14 april 2026\n                                <\/strong>\n                            <\/time>\n                        <\/p>\n                    <\/li>\n                                                    <li class=\"CourseCard-date\">\n                        <p>\n                            Tid:\n                            <strong>\n                                                                                                        <span class=\"sr-only\">\n                                        P\u00e5g\u00e5r mellan\n                                    <\/span>\n                                    <time datetime=\"18.00\">\n                                        18.00\n                                    <\/time>\n                                                                                                                                        <span aria-hidden=\"true\">&#8211;<\/span>\n                                    <span class=\"sr-only\">och<\/span>\n                                    <time datetime=\"20.30\">\n                                        20.30\n                                    <\/time>\n                                                            <\/strong>\n                        <\/p>\n                    <\/li>\n                                <li class=\"CourseCard-price\">\n                    <p>\n                        Pris: <strong>240:-<\/strong>\n                    <\/p>\n                <\/li>\n            <\/ul>\n        <\/div>\n                <footer class=\"CourseCard-footer\">\n            <a\n                class=\"align-center text-red-dark group block flex items-center justify-end gap-2\"\n                href=\"https:\/\/www.abf.se\/oresund\/kurs\/takk-workshop-fortsattning-angelholm-vt-2026-3897593\/\"\n            >\n                <span class=\"underline group-hover:no-underline expanded-hit-area\">L\u00e4s mer och anm\u00e4l dig<\/span>\n                <span\n                    class=\"bg-red-dark flex h-[38px] w-[38px] origin-center items-center justify-center rounded-full transition-transform duration-300 group-hover:scale-105\"\n                >\n                    <figure\n                        aria-hidden=\"true\"\n                        class=\"h-6 w-6 text-white\"\n                    >\n                                                    <svg width=\"20\" height=\"20\" viewBox=\"0 0 20 20\" fill=\"none\" class=\"SvgIconElement\">\n<path d=\"M4.16659 10L15.8333 10\" stroke=\"currentColor\"\/>\n<path d=\"M9.99992 4.1665L15.8333 9.99984L9.99992 15.8332\" stroke=\"currentColor\"\/>\n<\/svg>\n                                            <\/figure>\n                <\/span>\n            <\/a>\n        <\/footer>\n            <\/div>\n<\/article>\n    <\/div>\n    <\/div>\n\n    <\/div>\n            <\/div>\n        <\/div>\n    <\/form><div\n    class=\"acf-quick-link-block bg-red py-12 md:py-20\"\n    data-block=\"quick-link-block\"\n>\n    <div class=\"container\">\n        \n        <div\n            class=\"px-5 content:px-0 grid grid-cols-1 gap-8\">\n            \n            <article\nclass=\"round-corners-sm p-6 relative group grid grid-rows-[subgrid] row-[span_3] gap-4 bg-white text-red\"\n>\n            <h3\n        class=\"heading-sm group-hover:underline text-red\">\n            <a href=\"https:\/\/www.abf.se\/oresund\/fackliga-rabatter\/\" class=\"expanded-hit-area\" target=\"_blank\">\n                Fackliga rabatter\n            <\/a>\n        <\/h3>\n                <p class=\"body-md text-gray-text\">\n            Vissa fackf\u00f6rbund har som medlemsf\u00f6rm\u00e5n att ge sina medlemmar v\u00e4rdecheckar och rabatter f\u00f6r att g\u00e5 avgiftsbelagd folkbildande verksamhet.\n        <\/p>\n        <figure\n    class=\"w-[38px] h-[38px] rounded-full p-2 group-hover:scale-110 transition-transform duration-300 self-end pointer-events-none bg-red text-white\">\n        <svg width=\"20\" height=\"20\" viewBox=\"0 0 20 20\" fill=\"none\" class=\"SvgIconElement\">\n<path d=\"M4.16659 10L15.8333 10\" stroke=\"currentColor\"\/>\n<path d=\"M9.99992 4.1665L15.8333 9.99984L9.99992 15.8332\" stroke=\"currentColor\"\/>\n<\/svg>\n    <\/figure>\n<\/article>                    <\/div>\n    <\/div>\n<\/div>\n","protected":false},"excerpt":{"rendered":"","protected":false},"author":24,"featured_media":0,"parent":1238,"menu_order":0,"comment_status":"closed","ping_status":"closed","template":"","meta":{"_acf_changed":false,"footnotes":""},"class_list":["post-2259","page","type-page","status-publish","hentry"],"acf":[],"yoast_head":"<!-- This site is optimized with the Yoast SEO plugin v27.0 - https:\/\/yoast.com\/product\/yoast-seo-wordpress\/ -->\n<title>TAKK - \u00d6resund<\/title>\n<meta name=\"robots\" content=\"index, follow, max-snippet:-1, max-image-preview:large, max-video-preview:-1\" \/>\n<link rel=\"canonical\" href=\"https:\/\/www.abf.se\/oresund\/kurser\/takk\/\" \/>\n<meta property=\"og:locale\" content=\"sv_SE\" \/>\n<meta property=\"og:type\" content=\"article\" \/>\n<meta property=\"og:title\" content=\"TAKK - \u00d6resund\" \/>\n<meta property=\"og:url\" content=\"https:\/\/www.abf.se\/oresund\/kurser\/takk\/\" \/>\n<meta property=\"og:site_name\" content=\"\u00d6resund\" \/>\n<meta property=\"article:modified_time\" content=\"2025-12-18T10:27:20+00:00\" \/>\n<meta property=\"og:image\" content=\"https:\/\/www.abf.se\/wp-content\/uploads\/sites\/24\/2024\/04\/Nyckeln-liggande-scaled.jpg\" \/>\n\t<meta property=\"og:image:width\" content=\"2560\" \/>\n\t<meta property=\"og:image:height\" content=\"1440\" \/>\n\t<meta property=\"og:image:type\" content=\"image\/jpeg\" \/>\n<meta name=\"twitter:card\" content=\"summary_large_image\" \/>\n<script type=\"application\/ld+json\" class=\"yoast-schema-graph\">{\"@context\":\"https:\/\/schema.org\",\"@graph\":[{\"@type\":\"WebPage\",\"@id\":\"https:\/\/www.abf.se\/oresund\/kurser\/takk\/\",\"url\":\"https:\/\/www.abf.se\/oresund\/kurser\/takk\/\",\"name\":\"TAKK - \u00d6resund\",\"isPartOf\":{\"@id\":\"https:\/\/www.abf.se\/oresund\/#website\"},\"datePublished\":\"2025-12-18T09:53:55+00:00\",\"dateModified\":\"2025-12-18T10:27:20+00:00\",\"breadcrumb\":{\"@id\":\"https:\/\/www.abf.se\/oresund\/kurser\/takk\/#breadcrumb\"},\"inLanguage\":\"sv-SE\",\"potentialAction\":[{\"@type\":\"ReadAction\",\"target\":[\"https:\/\/www.abf.se\/oresund\/kurser\/takk\/\"]}]},{\"@type\":\"BreadcrumbList\",\"@id\":\"https:\/\/www.abf.se\/oresund\/kurser\/takk\/#breadcrumb\",\"itemListElement\":[{\"@type\":\"ListItem\",\"position\":1,\"name\":\"Home\",\"item\":\"https:\/\/www.abf.se\/oresund\/\"},{\"@type\":\"ListItem\",\"position\":2,\"name\":\"Kurser\",\"item\":\"https:\/\/www.abf.se\/oresund\/kurser\/\"},{\"@type\":\"ListItem\",\"position\":3,\"name\":\"TAKK\"}]},{\"@type\":\"WebSite\",\"@id\":\"https:\/\/www.abf.se\/oresund\/#website\",\"url\":\"https:\/\/www.abf.se\/oresund\/\",\"name\":\"\u00d6resund\",\"description\":\"\",\"potentialAction\":[{\"@type\":\"SearchAction\",\"target\":{\"@type\":\"EntryPoint\",\"urlTemplate\":\"https:\/\/www.abf.se\/oresund\/?s={search_term_string}\"},\"query-input\":{\"@type\":\"PropertyValueSpecification\",\"valueRequired\":true,\"valueName\":\"search_term_string\"}}],\"inLanguage\":\"sv-SE\"}]}<\/script>\n<!-- \/ Yoast SEO plugin. -->","yoast_head_json":{"title":"TAKK - \u00d6resund","robots":{"index":"index","follow":"follow","max-snippet":"max-snippet:-1","max-image-preview":"max-image-preview:large","max-video-preview":"max-video-preview:-1"},"canonical":"https:\/\/www.abf.se\/oresund\/kurser\/takk\/","og_locale":"sv_SE","og_type":"article","og_title":"TAKK - \u00d6resund","og_url":"https:\/\/www.abf.se\/oresund\/kurser\/takk\/","og_site_name":"\u00d6resund","article_modified_time":"2025-12-18T10:27:20+00:00","og_image":[{"width":2560,"height":1440,"url":"https:\/\/www.abf.se\/wp-content\/uploads\/sites\/24\/2024\/04\/Nyckeln-liggande-scaled.jpg","type":"image\/jpeg"}],"twitter_card":"summary_large_image","schema":{"@context":"https:\/\/schema.org","@graph":[{"@type":"WebPage","@id":"https:\/\/www.abf.se\/oresund\/kurser\/takk\/","url":"https:\/\/www.abf.se\/oresund\/kurser\/takk\/","name":"TAKK - \u00d6resund","isPartOf":{"@id":"https:\/\/www.abf.se\/oresund\/#website"},"datePublished":"2025-12-18T09:53:55+00:00","dateModified":"2025-12-18T10:27:20+00:00","breadcrumb":{"@id":"https:\/\/www.abf.se\/oresund\/kurser\/takk\/#breadcrumb"},"inLanguage":"sv-SE","potentialAction":[{"@type":"ReadAction","target":["https:\/\/www.abf.se\/oresund\/kurser\/takk\/"]}]},{"@type":"BreadcrumbList","@id":"https:\/\/www.abf.se\/oresund\/kurser\/takk\/#breadcrumb","itemListElement":[{"@type":"ListItem","position":1,"name":"Home","item":"https:\/\/www.abf.se\/oresund\/"},{"@type":"ListItem","position":2,"name":"Kurser","item":"https:\/\/www.abf.se\/oresund\/kurser\/"},{"@type":"ListItem","position":3,"name":"TAKK"}]},{"@type":"WebSite","@id":"https:\/\/www.abf.se\/oresund\/#website","url":"https:\/\/www.abf.se\/oresund\/","name":"\u00d6resund","description":"","potentialAction":[{"@type":"SearchAction","target":{"@type":"EntryPoint","urlTemplate":"https:\/\/www.abf.se\/oresund\/?s={search_term_string}"},"query-input":{"@type":"PropertyValueSpecification","valueRequired":true,"valueName":"search_term_string"}}],"inLanguage":"sv-SE"}]}},"_links":{"self":[{"href":"https:\/\/www.abf.se\/oresund\/wp-json\/wp\/v2\/pages\/2259","targetHints":{"allow":["GET"]}}],"collection":[{"href":"https:\/\/www.abf.se\/oresund\/wp-json\/wp\/v2\/pages"}],"about":[{"href":"https:\/\/www.abf.se\/oresund\/wp-json\/wp\/v2\/types\/page"}],"author":[{"embeddable":true,"href":"https:\/\/www.abf.se\/oresund\/wp-json\/wp\/v2\/users\/24"}],"replies":[{"embeddable":true,"href":"https:\/\/www.abf.se\/oresund\/wp-json\/wp\/v2\/comments?post=2259"}],"version-history":[{"count":3,"href":"https:\/\/www.abf.se\/oresund\/wp-json\/wp\/v2\/pages\/2259\/revisions"}],"predecessor-version":[{"id":2262,"href":"https:\/\/www.abf.se\/oresund\/wp-json\/wp\/v2\/pages\/2259\/revisions\/2262"}],"up":[{"embeddable":true,"href":"https:\/\/www.abf.se\/oresund\/wp-json\/wp\/v2\/pages\/1238"}],"wp:attachment":[{"href":"https:\/\/www.abf.se\/oresund\/wp-json\/wp\/v2\/media?parent=2259"}],"curies":[{"name":"wp","href":"https:\/\/api.w.org\/{rel}","templated":true}]}}