{"id":2934,"date":"2026-03-06T14:54:15","date_gmt":"2026-03-06T13:54:15","guid":{"rendered":"https:\/\/www.abf.se\/oresund\/?page_id=2934"},"modified":"2026-03-25T13:54:46","modified_gmt":"2026-03-25T12:54:46","slug":"nanny-dagen","status":"publish","type":"page","link":"https:\/\/www.abf.se\/oresund\/evenemang\/nanny-dagen\/","title":{"rendered":"Nanny-dagen"},"content":{"rendered":"<div\n    class=\"acf-plain-heading-block container my-16\"\n    data-block=\"plain-heading-block\"\n>\n    <div class=\"max-w-[658px] mx-auto\">\n                <h1 class=\"hero-heading\"><span>Nanny-dagen<\/span><\/h1>\n                            <p class=\"mt-8 body-xl text-black\">\n                10 april 1940 gick f\u00f6rskoll\u00e4raren och radikala pionj\u00e4ren Nanny Palmkvist bort. Med anledning av det arrangerar vi b\u00e5de f\u00f6rel\u00e4sning och stadsvandring om hennes livsverk i Helsingborg.\n            <\/p>\n            <\/div>\n<\/div>\n<div\n    class=\"acf-article-image-block mb-12 article-container-lg\"\n    data-block=\"article-image-block\"\n>\n<div class=\"\">\n\n        <figure>\n        \n            <picture class=\"round-corners-lg w-full\"><img decoding=\"async\" src=\"https:\/\/www.abf.se\/oresund\/resized\/?url=https%3A%2F%2Fwww.abf.se%2Fwp-content%2Fuploads%2Fsites%2F24%2F2026%2F03%2FNannydagen-scaled.jpg&#038;fit=contain&#038;w=788&#038;s=5688a8c793529cab55d35b69b8c68582\" srcset=\"https:\/\/www.abf.se\/oresund\/resized\/?url=https%3A%2F%2Fwww.abf.se%2Fwp-content%2Fuploads%2Fsites%2F24%2F2026%2F03%2FNannydagen-scaled.jpg&#038;fit=contain&#038;w=375&#038;h=187&#038;s=d908b349399219af4762d400c25b00a7 375w, https:\/\/www.abf.se\/oresund\/resized\/?url=https%3A%2F%2Fwww.abf.se%2Fwp-content%2Fuploads%2Fsites%2F24%2F2026%2F03%2FNannydagen-scaled.jpg&#038;fit=contain&#038;w=447&#038;h=223&#038;s=8485c84cdd294c321826a134624dbb55 447w, https:\/\/www.abf.se\/oresund\/resized\/?url=https%3A%2F%2Fwww.abf.se%2Fwp-content%2Fuploads%2Fsites%2F24%2F2026%2F03%2FNannydagen-scaled.jpg&#038;fit=contain&#038;w=519&#038;h=259&#038;s=9be0865ddf9fd6a142fc1a68b764940c 519w, https:\/\/www.abf.se\/oresund\/resized\/?url=https%3A%2F%2Fwww.abf.se%2Fwp-content%2Fuploads%2Fsites%2F24%2F2026%2F03%2FNannydagen-scaled.jpg&#038;fit=contain&#038;w=591&#038;h=295&#038;s=9606727b85e35fcb8183b39b70948d8d 591w, https:\/\/www.abf.se\/oresund\/resized\/?url=https%3A%2F%2Fwww.abf.se%2Fwp-content%2Fuploads%2Fsites%2F24%2F2026%2F03%2FNannydagen-scaled.jpg&#038;fit=contain&#038;w=663&#038;h=331&#038;s=5647a0ed4cb7992a09bf190148d41bc9 663w, https:\/\/www.abf.se\/oresund\/resized\/?url=https%3A%2F%2Fwww.abf.se%2Fwp-content%2Fuploads%2Fsites%2F24%2F2026%2F03%2FNannydagen-scaled.jpg&#038;fit=contain&#038;w=735&#038;h=367&#038;s=3700034be4dcf857d3e6c667126c6f9c 735w, https:\/\/www.abf.se\/oresund\/resized\/?url=https%3A%2F%2Fwww.abf.se%2Fwp-content%2Fuploads%2Fsites%2F24%2F2026%2F03%2FNannydagen-scaled.jpg&#038;fit=contain&#038;w=750&#038;h=375&#038;s=cd234db4f65c379308e547423c1e57a3 750w, https:\/\/www.abf.se\/oresund\/resized\/?url=https%3A%2F%2Fwww.abf.se%2Fwp-content%2Fuploads%2Fsites%2F24%2F2026%2F03%2FNannydagen-scaled.jpg&#038;fit=contain&#038;w=788&#038;s=5688a8c793529cab55d35b69b8c68582 788w, https:\/\/www.abf.se\/oresund\/resized\/?url=https%3A%2F%2Fwww.abf.se%2Fwp-content%2Fuploads%2Fsites%2F24%2F2026%2F03%2FNannydagen-scaled.jpg&#038;fit=contain&#038;w=894&#038;h=447&#038;s=8c06400cf04927039fc93051971eec4f 894w, https:\/\/www.abf.se\/oresund\/resized\/?url=https%3A%2F%2Fwww.abf.se%2Fwp-content%2Fuploads%2Fsites%2F24%2F2026%2F03%2FNannydagen-scaled.jpg&#038;fit=contain&#038;w=1038&#038;h=519&#038;s=25332fc135cb05602db9f0b9f3036330 1038w, https:\/\/www.abf.se\/oresund\/resized\/?url=https%3A%2F%2Fwww.abf.se%2Fwp-content%2Fuploads%2Fsites%2F24%2F2026%2F03%2FNannydagen-scaled.jpg&#038;fit=contain&#038;w=1182&#038;h=591&#038;s=c3dfde07ca3f143a793c10a8f0aeed4b 1182w, https:\/\/www.abf.se\/oresund\/resized\/?url=https%3A%2F%2Fwww.abf.se%2Fwp-content%2Fuploads%2Fsites%2F24%2F2026%2F03%2FNannydagen-scaled.jpg&#038;fit=contain&#038;w=1326&#038;h=663&#038;s=5b60ac2173e1f151986acc67f3a3355b 1326w, https:\/\/www.abf.se\/oresund\/resized\/?url=https%3A%2F%2Fwww.abf.se%2Fwp-content%2Fuploads%2Fsites%2F24%2F2026%2F03%2FNannydagen-scaled.jpg&#038;fit=contain&#038;w=1470&#038;h=735&#038;s=7fdb9b17249f5fef1fba20746585b023 1470w\" alt=\"Kollage med olika bilder p&aring; Nanny Palmkvist\" height=\"394\" width=\"788\" sizes=\"auto, (max-width: 768px) calc(100vw - 40px), 788px\" loading=\"lazy\" fetchpriority=\"low\" class=\"round-corners-lg w-full\" \/><\/picture>\n                        <\/figure>\n        <\/div>\n\n<\/div>\n<div\n    class=\"acf-article-text-block article-container my-12\"\n    data-block=\"article-text-block\"\n>\n    <div class=\"wysiwyg\">\n        <p>Nanny Palmkvist (1862-1940) var banbrytande inom sitt yrke som folkskoll\u00e4rarinna i Helsingborg men var ocks\u00e5 brett engagerad i fr\u00e5gor som kvinnors r\u00e4tt att r\u00f6sta, fred, djurr\u00e4tt och andra sociala r\u00e4ttighetsfr\u00e5gor.<\/p>\n\n    <\/div>\n<\/div>\n<div\n    class=\"acf-quick-link-block bg-red py-12 md:py-20\"\n    data-block=\"quick-link-block\"\n>\n    <div class=\"container\">\n                    <h2 class=\"heading-lg mb-7 text-center text-white\">\n                L\u00e4s mer och anm\u00e4l dig\n            <\/h2>\n        \n        <div\n            class=\"px-5 content:px-0 grid grid-cols-1 gap-8 md:grid-cols-2\">\n            \n            <article\nclass=\"round-corners-sm p-6 relative group grid grid-rows-[subgrid] row-[span_3] gap-4 bg-white text-red\"\n>\n            <h3\n        class=\"heading-sm group-hover:underline text-red\">\n            <a href=\"https:\/\/www.abf.se\/oresund\/kurs\/stadsvandring-i-nanny-palmkvists-fotspar-i-helsingborg-3919911\/\" class=\"expanded-hit-area\" target=\"\">\n                Stadsvandring\n            <\/a>\n        <\/h3>\n                <p class=\"body-md text-gray-text\">\n            Fredag 10 april klockan 12:00 &#8211; 13:30, samling vid statyn &quot;Nannys skog&quot; p\u00e5 M\u00e4ster Palms plats.\n        <\/p>\n        <figure\n    class=\"w-[38px] h-[38px] rounded-full p-2 group-hover:scale-110 transition-transform duration-300 self-end pointer-events-none bg-red text-white\">\n        <svg width=\"20\" height=\"20\" viewBox=\"0 0 20 20\" fill=\"none\" class=\"SvgIconElement\">\n<path d=\"M4.16659 10L15.8333 10\" stroke=\"currentColor\"\/>\n<path d=\"M9.99992 4.1665L15.8333 9.99984L9.99992 15.8332\" stroke=\"currentColor\"\/>\n<\/svg>\n    <\/figure>\n<\/article>            \n            <article\nclass=\"round-corners-sm p-6 relative group grid grid-rows-[subgrid] row-[span_3] gap-4 bg-white text-red\"\n>\n            <h3\n        class=\"heading-sm group-hover:underline text-red\">\n            <a href=\"https:\/\/www.abf.se\/oresund\/kurs\/forelasning-om-nanny-palmkvist-i-helsingborg-3916225\/\" class=\"expanded-hit-area\" target=\"\">\n                F\u00f6rel\u00e4sning\n            <\/a>\n        <\/h3>\n                <p class=\"body-md text-gray-text\">\n            Fredag 10 april klockan 15:00 &#8211; 16:00 p\u00e5 ABF i Helsingborg, S\u00f6dergatan 15.\n        <\/p>\n        <figure\n    class=\"w-[38px] h-[38px] rounded-full p-2 group-hover:scale-110 transition-transform duration-300 self-end pointer-events-none bg-red text-white\">\n        <svg width=\"20\" height=\"20\" viewBox=\"0 0 20 20\" fill=\"none\" class=\"SvgIconElement\">\n<path d=\"M4.16659 10L15.8333 10\" stroke=\"currentColor\"\/>\n<path d=\"M9.99992 4.1665L15.8333 9.99984L9.99992 15.8332\" stroke=\"currentColor\"\/>\n<\/svg>\n    <\/figure>\n<\/article>                    <\/div>\n    <\/div>\n<\/div>\n<div\n    class=\"acf-section-breaker-text my-8 container-lg\"\n    data-block=\"section-breaker-text\"\n>\n    <div class=\"round-corners-lg overflow-hidden pt-36 pb-8 px-5 md:p-16 relative grid grid-cols-1 md:grid-cols-2 lg:grid-cols-5 grid-flow-col-dense\">\n\n            <picture class=\"as-background-image\"><img decoding=\"async\" src=\"https:\/\/www.abf.se\/oresund\/resized\/?url=https%3A%2F%2Fwww.abf.se%2Fwp-content%2Fuploads%2F2025%2F03%2FKommunikation.jpg&#038;fit=crop&#038;w=1440&#038;s=a05b67b3defa0411479f08aea57f60e0\" srcset=\"https:\/\/www.abf.se\/oresund\/resized\/?url=https%3A%2F%2Fwww.abf.se%2Fwp-content%2Fuploads%2F2025%2F03%2FKommunikation.jpg&#038;fit=crop&#038;w=375&#038;h=540&#038;s=e6d323d8bb9fa602111b55b615e9cdcd 375w, https:\/\/www.abf.se\/oresund\/resized\/?url=https%3A%2F%2Fwww.abf.se%2Fwp-content%2Fuploads%2F2025%2F03%2FKommunikation.jpg&#038;fit=crop&#038;w=499&#038;h=540&#038;s=d93e801f2caf58257e96c1144671d37e 499w, https:\/\/www.abf.se\/oresund\/resized\/?url=https%3A%2F%2Fwww.abf.se%2Fwp-content%2Fuploads%2F2025%2F03%2FKommunikation.jpg&#038;fit=crop&#038;w=623&#038;h=540&#038;s=8d4c43afe999ef436fec3b81210a3027 623w, https:\/\/www.abf.se\/oresund\/resized\/?url=https%3A%2F%2Fwww.abf.se%2Fwp-content%2Fuploads%2F2025%2F03%2FKommunikation.jpg&#038;fit=crop&#038;w=747&#038;h=540&#038;s=ee016b8a6f877bd491abc17262893778 747w, https:\/\/www.abf.se\/oresund\/resized\/?url=https%3A%2F%2Fwww.abf.se%2Fwp-content%2Fuploads%2F2025%2F03%2FKommunikation.jpg&#038;fit=crop&#038;w=750&#038;h=540&#038;s=404d089df710806f0e730bd55ed231b6 750w, https:\/\/www.abf.se\/oresund\/resized\/?url=https%3A%2F%2Fwww.abf.se%2Fwp-content%2Fuploads%2F2025%2F03%2FKommunikation.jpg&#038;fit=crop&#038;w=871&#038;h=540&#038;s=b0a57817e357fe72505e3352f0e68896 871w, https:\/\/www.abf.se\/oresund\/resized\/?url=https%3A%2F%2Fwww.abf.se%2Fwp-content%2Fuploads%2F2025%2F03%2FKommunikation.jpg&#038;fit=crop&#038;w=995&#038;h=540&#038;s=921931d167cabc780f1f6477f86d4c51 995w, https:\/\/www.abf.se\/oresund\/resized\/?url=https%3A%2F%2Fwww.abf.se%2Fwp-content%2Fuploads%2F2025%2F03%2FKommunikation.jpg&#038;fit=crop&#038;w=998&#038;h=540&#038;s=de3b2b4297792930e3876ae5bee1bae8 998w, https:\/\/www.abf.se\/oresund\/resized\/?url=https%3A%2F%2Fwww.abf.se%2Fwp-content%2Fuploads%2F2025%2F03%2FKommunikation.jpg&#038;fit=crop&#038;w=1119&#038;h=540&#038;s=86a0269c57716f28f32d64321d0e154d 1119w, https:\/\/www.abf.se\/oresund\/resized\/?url=https%3A%2F%2Fwww.abf.se%2Fwp-content%2Fuploads%2F2025%2F03%2FKommunikation.jpg&#038;fit=crop&#038;w=1243&#038;h=540&#038;s=9b9e2096cb779578ecca39e474473b65 1243w, https:\/\/www.abf.se\/oresund\/resized\/?url=https%3A%2F%2Fwww.abf.se%2Fwp-content%2Fuploads%2F2025%2F03%2FKommunikation.jpg&#038;fit=crop&#038;w=1246&#038;h=540&#038;s=622fcc6f44618daeab872c4c585b4b8f 1246w, https:\/\/www.abf.se\/oresund\/resized\/?url=https%3A%2F%2Fwww.abf.se%2Fwp-content%2Fuploads%2F2025%2F03%2FKommunikation.jpg&#038;fit=crop&#038;w=1367&#038;h=540&#038;s=f2cad7a9ab81ec742b50b05789c7cf64 1367w, https:\/\/www.abf.se\/oresund\/resized\/?url=https%3A%2F%2Fwww.abf.se%2Fwp-content%2Fuploads%2F2025%2F03%2FKommunikation.jpg&#038;fit=crop&#038;w=1440&#038;h=540&#038;s=cde65573b1ac7d393857c2795d8e0324 1440w, https:\/\/www.abf.se\/oresund\/resized\/?url=https%3A%2F%2Fwww.abf.se%2Fwp-content%2Fuploads%2F2025%2F03%2FKommunikation.jpg&#038;fit=crop&#038;w=1494&#038;h=540&#038;s=d0b10fd7cdae3d1f44a45075f6beee7a 1494w, https:\/\/www.abf.se\/oresund\/resized\/?url=https%3A%2F%2Fwww.abf.se%2Fwp-content%2Fuploads%2F2025%2F03%2FKommunikation.jpg&#038;fit=crop&#038;w=1742&#038;h=540&#038;s=b1cb0663bfa2983acbf22b7daf19cc1e 1742w, https:\/\/www.abf.se\/oresund\/resized\/?url=https%3A%2F%2Fwww.abf.se%2Fwp-content%2Fuploads%2F2025%2F03%2FKommunikation.jpg&#038;fit=crop&#038;w=1990&#038;h=540&#038;s=ea1b7b8309a957aec7833a44d0e84edc 1990w, https:\/\/www.abf.se\/oresund\/resized\/?url=https%3A%2F%2Fwww.abf.se%2Fwp-content%2Fuploads%2F2025%2F03%2FKommunikation.jpg&#038;fit=crop&#038;w=2238&#038;h=540&#038;s=33ef684d50b038e37166dd04beaf87f4 2238w, https:\/\/www.abf.se\/oresund\/resized\/?url=https%3A%2F%2Fwww.abf.se%2Fwp-content%2Fuploads%2F2025%2F03%2FKommunikation.jpg&#038;fit=crop&#038;w=2486&#038;h=540&#038;s=6e584aeb73b6fdde4a1166c73ecf44a6 2486w, https:\/\/www.abf.se\/oresund\/resized\/?url=https%3A%2F%2Fwww.abf.se%2Fwp-content%2Fuploads%2F2025%2F03%2FKommunikation.jpg&#038;fit=crop&#038;w=2734&#038;h=540&#038;s=e02c95cedd063c8dfa44562a812e7895 2734w\" alt=\"\" height=\"540\" width=\"1440\" sizes=\"auto, \n            (max-width: 1440px) calc(100vw - 32px), 1440px\" loading=\"lazy\" fetchpriority=\"low\" aria-hidden=\"true\" role=\"presentation\" \/><\/picture>\n                <div class=\"bg-white round-corners-sm px-10 py-11 col-span-1  relative z-10 col-span-3\">\n            <h2 class=\"heading-lg mb-4\">ABF \u00d6resunds nyhetsbrev<\/h2>\n            <div style=\"font-size: 1.25rem; color: black;\" class=\"body-xl wysiwyg\"><p>V\u00e5rt nyhetsbrev kommer en g\u00e5ng i m\u00e5naden med tips, inspiration och folkbildande aktiviteter!<\/p>\n<\/div>\n                                            <a href='https:\/\/3aa613c0.sibforms.com\/serve\/MUIFAADFjGsRQRWcJ6VkmuVJwEtF0LAO63SDUEWLe6KEtc7MW_GUpExhUZq_OpVTmlri1XfFls7mcGmpHISBhirAhHtRx0Haw2DHZqRy72feBrDvdU-NKCuUTWNdeBzVsYKSlYV6G7aFGWOLncvOfd5ZUIqSmNxZb9Hur_EDXXcqAHxLTmyqnKzD7-ApiLk2mFttTAjTCZGP4cX72A==' class=\"default-button mt-8\" target=\"_blank\">Prenumerera p\u00e5 v\u00e5rt nyhetsbrev<\/a>\n                    \n        <\/div>\n    <\/div>\n<\/div>\n","protected":false},"excerpt":{"rendered":"","protected":false},"author":24,"featured_media":0,"parent":1848,"menu_order":0,"comment_status":"closed","ping_status":"closed","template":"","meta":{"_acf_changed":false,"footnotes":""},"class_list":["post-2934","page","type-page","status-publish","hentry"],"acf":[],"yoast_head":"<!-- This site is optimized with the Yoast SEO plugin v27.0 - https:\/\/yoast.com\/product\/yoast-seo-wordpress\/ -->\n<title>Nanny Palmkvist 10 april<\/title>\n<meta name=\"description\" content=\"F\u00f6rel\u00e4sning och stadsvandring i Helsingborg till minnet av Nanny Palmkvist.\" \/>\n<meta name=\"robots\" content=\"index, follow, max-snippet:-1, max-image-preview:large, max-video-preview:-1\" \/>\n<link rel=\"canonical\" href=\"https:\/\/www.abf.se\/oresund\/evenemang\/nanny-dagen\/\" \/>\n<meta property=\"og:locale\" content=\"sv_SE\" \/>\n<meta property=\"og:type\" content=\"article\" \/>\n<meta property=\"og:title\" content=\"F\u00f6rel\u00e4sning och stadsvandring\" \/>\n<meta property=\"og:description\" content=\"10 april 1940 gick f\u00f6rskoll\u00e4raren och radikala pionj\u00e4ren Nanny Palmkvist bort. Med anledning av det arrangerar vi b\u00e5de f\u00f6rel\u00e4sning och stadsvandring om hennes livsverk i Helsingborg.\" \/>\n<meta property=\"og:url\" content=\"https:\/\/www.abf.se\/oresund\/evenemang\/nanny-dagen\/\" \/>\n<meta property=\"og:site_name\" content=\"\u00d6resund\" \/>\n<meta property=\"article:modified_time\" content=\"2026-03-25T12:54:46+00:00\" \/>\n<meta property=\"og:image\" content=\"https:\/\/www.abf.se\/wp-content\/uploads\/sites\/24\/2026\/03\/Nannydagen-scaled.jpg\" \/>\n\t<meta property=\"og:image:width\" content=\"2560\" \/>\n\t<meta property=\"og:image:height\" content=\"1280\" \/>\n\t<meta property=\"og:image:type\" content=\"image\/jpeg\" \/>\n<meta name=\"twitter:card\" content=\"summary_large_image\" \/>\n<script type=\"application\/ld+json\" class=\"yoast-schema-graph\">{\"@context\":\"https:\/\/schema.org\",\"@graph\":[{\"@type\":\"WebPage\",\"@id\":\"https:\/\/www.abf.se\/oresund\/evenemang\/nanny-dagen\/\",\"url\":\"https:\/\/www.abf.se\/oresund\/evenemang\/nanny-dagen\/\",\"name\":\"Nanny Palmkvist 10 april\",\"isPartOf\":{\"@id\":\"https:\/\/www.abf.se\/oresund\/#website\"},\"datePublished\":\"2026-03-06T13:54:15+00:00\",\"dateModified\":\"2026-03-25T12:54:46+00:00\",\"description\":\"F\u00f6rel\u00e4sning och stadsvandring i Helsingborg till minnet av Nanny Palmkvist.\",\"breadcrumb\":{\"@id\":\"https:\/\/www.abf.se\/oresund\/evenemang\/nanny-dagen\/#breadcrumb\"},\"inLanguage\":\"sv-SE\",\"potentialAction\":[{\"@type\":\"ReadAction\",\"target\":[\"https:\/\/www.abf.se\/oresund\/evenemang\/nanny-dagen\/\"]}]},{\"@type\":\"BreadcrumbList\",\"@id\":\"https:\/\/www.abf.se\/oresund\/evenemang\/nanny-dagen\/#breadcrumb\",\"itemListElement\":[{\"@type\":\"ListItem\",\"position\":1,\"name\":\"Home\",\"item\":\"https:\/\/www.abf.se\/oresund\/\"},{\"@type\":\"ListItem\",\"position\":2,\"name\":\"Evenemang\",\"item\":\"https:\/\/www.abf.se\/oresund\/evenemang\/\"},{\"@type\":\"ListItem\",\"position\":3,\"name\":\"Nanny-dagen\"}]},{\"@type\":\"WebSite\",\"@id\":\"https:\/\/www.abf.se\/oresund\/#website\",\"url\":\"https:\/\/www.abf.se\/oresund\/\",\"name\":\"\u00d6resund\",\"description\":\"\",\"potentialAction\":[{\"@type\":\"SearchAction\",\"target\":{\"@type\":\"EntryPoint\",\"urlTemplate\":\"https:\/\/www.abf.se\/oresund\/?s={search_term_string}\"},\"query-input\":{\"@type\":\"PropertyValueSpecification\",\"valueRequired\":true,\"valueName\":\"search_term_string\"}}],\"inLanguage\":\"sv-SE\"}]}<\/script>\n<!-- \/ Yoast SEO plugin. -->","yoast_head_json":{"title":"Nanny Palmkvist 10 april","description":"F\u00f6rel\u00e4sning och stadsvandring i Helsingborg till minnet av Nanny Palmkvist.","robots":{"index":"index","follow":"follow","max-snippet":"max-snippet:-1","max-image-preview":"max-image-preview:large","max-video-preview":"max-video-preview:-1"},"canonical":"https:\/\/www.abf.se\/oresund\/evenemang\/nanny-dagen\/","og_locale":"sv_SE","og_type":"article","og_title":"F\u00f6rel\u00e4sning och stadsvandring","og_description":"10 april 1940 gick f\u00f6rskoll\u00e4raren och radikala pionj\u00e4ren Nanny Palmkvist bort. Med anledning av det arrangerar vi b\u00e5de f\u00f6rel\u00e4sning och stadsvandring om hennes livsverk i Helsingborg.","og_url":"https:\/\/www.abf.se\/oresund\/evenemang\/nanny-dagen\/","og_site_name":"\u00d6resund","article_modified_time":"2026-03-25T12:54:46+00:00","og_image":[{"width":2560,"height":1280,"url":"https:\/\/www.abf.se\/wp-content\/uploads\/sites\/24\/2026\/03\/Nannydagen-scaled.jpg","type":"image\/jpeg"}],"twitter_card":"summary_large_image","schema":{"@context":"https:\/\/schema.org","@graph":[{"@type":"WebPage","@id":"https:\/\/www.abf.se\/oresund\/evenemang\/nanny-dagen\/","url":"https:\/\/www.abf.se\/oresund\/evenemang\/nanny-dagen\/","name":"Nanny Palmkvist 10 april","isPartOf":{"@id":"https:\/\/www.abf.se\/oresund\/#website"},"datePublished":"2026-03-06T13:54:15+00:00","dateModified":"2026-03-25T12:54:46+00:00","description":"F\u00f6rel\u00e4sning och stadsvandring i Helsingborg till minnet av Nanny Palmkvist.","breadcrumb":{"@id":"https:\/\/www.abf.se\/oresund\/evenemang\/nanny-dagen\/#breadcrumb"},"inLanguage":"sv-SE","potentialAction":[{"@type":"ReadAction","target":["https:\/\/www.abf.se\/oresund\/evenemang\/nanny-dagen\/"]}]},{"@type":"BreadcrumbList","@id":"https:\/\/www.abf.se\/oresund\/evenemang\/nanny-dagen\/#breadcrumb","itemListElement":[{"@type":"ListItem","position":1,"name":"Home","item":"https:\/\/www.abf.se\/oresund\/"},{"@type":"ListItem","position":2,"name":"Evenemang","item":"https:\/\/www.abf.se\/oresund\/evenemang\/"},{"@type":"ListItem","position":3,"name":"Nanny-dagen"}]},{"@type":"WebSite","@id":"https:\/\/www.abf.se\/oresund\/#website","url":"https:\/\/www.abf.se\/oresund\/","name":"\u00d6resund","description":"","potentialAction":[{"@type":"SearchAction","target":{"@type":"EntryPoint","urlTemplate":"https:\/\/www.abf.se\/oresund\/?s={search_term_string}"},"query-input":{"@type":"PropertyValueSpecification","valueRequired":true,"valueName":"search_term_string"}}],"inLanguage":"sv-SE"}]}},"_links":{"self":[{"href":"https:\/\/www.abf.se\/oresund\/wp-json\/wp\/v2\/pages\/2934","targetHints":{"allow":["GET"]}}],"collection":[{"href":"https:\/\/www.abf.se\/oresund\/wp-json\/wp\/v2\/pages"}],"about":[{"href":"https:\/\/www.abf.se\/oresund\/wp-json\/wp\/v2\/types\/page"}],"author":[{"embeddable":true,"href":"https:\/\/www.abf.se\/oresund\/wp-json\/wp\/v2\/users\/24"}],"replies":[{"embeddable":true,"href":"https:\/\/www.abf.se\/oresund\/wp-json\/wp\/v2\/comments?post=2934"}],"version-history":[{"count":8,"href":"https:\/\/www.abf.se\/oresund\/wp-json\/wp\/v2\/pages\/2934\/revisions"}],"predecessor-version":[{"id":3023,"href":"https:\/\/www.abf.se\/oresund\/wp-json\/wp\/v2\/pages\/2934\/revisions\/3023"}],"up":[{"embeddable":true,"href":"https:\/\/www.abf.se\/oresund\/wp-json\/wp\/v2\/pages\/1848"}],"wp:attachment":[{"href":"https:\/\/www.abf.se\/oresund\/wp-json\/wp\/v2\/media?parent=2934"}],"curies":[{"name":"wp","href":"https:\/\/api.w.org\/{rel}","templated":true}]}}