{"id":6,"date":"2024-04-17T11:18:23","date_gmt":"2024-04-17T09:18:23","guid":{"rendered":"https:\/\/www.abf.se\/helsingborg\/?page_id=6"},"modified":"2024-04-17T11:21:01","modified_gmt":"2024-04-17T09:21:01","slug":"villkor-for-anmalan-cirklar-kurs-och-arrangemang","status":"publish","type":"page","link":"https:\/\/www.abf.se\/oresund\/villkor-for-anmalan-cirklar-kurs-och-arrangemang\/","title":{"rendered":"Villkor f\u00f6r anm\u00e4lan cirklar, kurs och arrangemang"},"content":{"rendered":"<div class=\"container-lg mb-6\">\n    <div class=\"md:pl-6 flex flex-row gap-1 items-center mt-6 body-m flex-wrap gap-y-2\">\n<span class=\"flex flex-row gap items-center gap-x-1\">\n         <a class=\"label-sm md:label-md text-red-dark font-[350] underline\" href=\"https:\/\/www.abf.se\/oresund\/\"\n        >\n        Hem\n    <\/a>\n\n<\/span>\n<span class=\"flex flex-row gap items-center gap-x-1\">\n         <svg width=\"14\" height=\"15\" viewBox=\"0 0 14 15\" fill=\"none\" xmlns=\"http:\/\/www.w3.org\/2000\/svg\">\n<g id=\"fi:arrow-up\">\n<path id=\"Vector\" d=\"M5.01823 3.41669L9.10156 7.50002L5.01823 11.5834\" stroke=\"#909090\"\/>\n<\/g>\n<\/svg>\n\n        <a class=\"label-sm md:label-md text-red-dark font-[350] font-medium\" href=\"\"\n         aria-current=\"page\" >\n        Villkor f\u00f6r anm\u00e4lan cirklar, kurs och arrangemang\n    <\/a>\n\n<\/span>\n<\/div><\/div>\n<div\n    class=\"acf-hero-block container-lg no-padding mb-12 js-geolocation\"\n    data-block=\"hero-block\"\n    data-index=\"0\"\n>\n    <div class=\"h-[548px]  relative rounded-[32px] overflow-hidden flex bg-gray-light\">\n        <div class=\"relative z-10 mt-auto h-auto w-full md:h-full\">\n            <div class=\"flex w-full h-full flex-col flex-wrap justify-end w-full md:w-7\/12 lg:w-1\/2 md:justify-center\">\n                <div class=\"flex flex-col gap-3 md:gap-[18px] md:transparent pt-16 pb-36 md:py-8 px-4 w-full md:max-w-[620px] mx-auto px-8\">\n\n                    <h1 class=\"hero-heading\"><span>Villkor f\u00f6r anm\u00e4lan cirklar, kurs och arrangemang<\/span><\/h1>\n\n                    \n                                    <\/div>\n            <\/div>\n        <\/div>\n\n        \n\n                    <figure class=\"absolute bottom-0  md:w-1\/2 transform right-0 translate-x-10 md:translate-x-32\">\n                <img decoding=\"async\"\n                    alt=\"\"\n                    aria-hidden=\"true\"\n                    class=\"h-auto w-full\"\n                    role=\"presentation\"\n                    src=\"\/assets\/images\/two_circles_bottom.svg\"\n                >\n            <\/figure>\n            <\/div>\n\n    <\/div>\n\n\n\n<div\n    class=\"acf-plain-heading-block container my-16\"\n    data-block=\"plain-heading-block\"\n>\n    <div class=\"max-w-[658px] mx-auto\">\n                            <p class=\"mt-8 body-xl text-black\">\n                Villkor f\u00f6r anm\u00e4lning och avanm\u00e4lning av kurser, studiecirklar och evenemang\n            <\/p>\n            <\/div>\n<\/div>\n\n\n<div\n    class=\"acf-article-text-block article-container my-12\"\n    data-block=\"article-text-block\"\n>\n    <div class=\"wysiwyg\">\n        <h2>Allm\u00e4nna villkor f\u00f6r kurs hos ABF<\/h2>\n<p>Nedanst\u00e5ende allm\u00e4nna villkor g\u00e4ller f\u00f6r din anm\u00e4lan till och deltagande i en kurs, utbildning, studiecirkel eller evenemang (nedan kallat \u201dkurs\u201d) hos ABF (\u201dF\u00f6rbundet\u201d).<\/p>\n<p>En studiecirkel, utbildning och kurs \u00e4r en grupp som tr\u00e4ffas regelbundet f\u00f6r att l\u00e4ra sig n\u00e5got tillsammans. Till exempel studera engelska, diskutera milj\u00f6fr\u00e5gor eller spela gitarr.<\/p>\n<p>Evenemang \u00e4r en st\u00f6rre tillst\u00e4llning eller event som till skillnad fr\u00e5n l\u00f6pande verksamhet arrangeras kortvarigt. Det kan vara seminarier, f\u00f6rel\u00e4sningar, festival, konserter<\/p>\n<p>Notera att s\u00e4rskilda regler och villkor kan g\u00e4lla f\u00f6r exempelvis seminarier, diplomutbildningar, l\u00e4ngre utbildningar och examina. S\u00e5dana s\u00e4rskilda regler framg\u00e5r av den kursspecifika information som vi l\u00e4mnar i samband med din anm\u00e4lan samt p\u00e5 v\u00e5r hemsida <a href=\"https:\/\/abf.se\">www.abf.se <\/a>och g\u00e4ller d\u00e4r s\u00e5 tydligt anges ist\u00e4llet f\u00f6r dessa allm\u00e4nna villkor.<\/p>\n<h2>1. Kursdeltagare under 18 \u00e5r<\/h2>\n<p>Om den som ska g\u00e5 en kurs \u00e4r under 18 \u00e5r m\u00e5ste en f\u00f6r\u00e4lder eller f\u00f6rmyndare anm\u00e4la den under\u00e5rige. F\u00f6r\u00e4ldern eller f\u00f6rmyndaren blir d\u00e5 avtalspart med oss och den under\u00e5rige anges som den som deltar i kursen och nyttjar F\u00f6rbundets tj\u00e4nster. Bekr\u00e4ftelse, faktura och kursspecifik information skickas till den f\u00f6r\u00e4lder eller f\u00f6rmyndare som gjort anm\u00e4lan och kursspecifik information samt bekr\u00e4ftelse skickas \u00e4ven direkt till den under\u00e5rige.<\/p>\n<h2>2. Kursspecifik information och kursansvarig<\/h2>\n<p>Uppgifter om det lokala ABF som \u00e4r ansvarig f\u00f6r kursen, beskrivning av den aktuella kursen, kursavgifter, eventuella tillkommande avgifter eller kostnader, betalningsvillkor och eventuella s\u00e4rskilda villkor framg\u00e5r p\u00e5 v\u00e5r hemsida <a href=\"https:\/\/abf.se\">www.abf.se<\/a> samt av den kursspecifika information du f\u00e5r del av i samband med din anm\u00e4lan eller tillsammans med din kallelse.<\/p>\n<h2>3. Bekr\u00e4ftelse<\/h2>\n<p>Vid anm\u00e4lan, och om det finns plats p\u00e5 kursen, f\u00e5r du en bekr\u00e4ftelse via e-post och p\u00e5 webbplatsen. Om arrangemanget ej \u00e4nnu \u00e4r startklart kommer du att bli anm\u00e4ld som reserv. Du kommer d\u00e5 att f\u00e5 bekr\u00e4ftelse vid ett senare tillf\u00e4lle via post, e-post eller sms. N\u00e4r du har f\u00e5tt bekr\u00e4ftelsen har bindande avtal om kurs ing\u00e5tts och i samband med detta b\u00f6rjar \u00e5ngerr\u00e4tten enligt nedan att l\u00f6pa.<\/p>\n<h2>4. Kursstart, kursspecifik information och kallelse<\/h2>\n<p><strong>4.1<\/strong> I god tid innan kursen startar f\u00e5r du en skriftlig kallelse med uppgifter om datum n\u00e4r kursen startar, tider f\u00f6r respektive kurstillf\u00e4lle samt adress till kurslokalen. Kallelsen skickas per e-post eller vanlig post enligt vad som framg\u00e5r i punkt 12 nedan.<\/p>\n<p><strong>4.2<\/strong> Om inte annat framg\u00e5r av den kursspecifika informationen eller av din bekr\u00e4ftelse skickas \u00e4ven en faktura tillsammans med kallelsen. Har du redan betalat p\u00e5 annat s\u00e4tt, f\u00e5r du ingen faktura.<\/p>\n<h2>5. Kursavgift och betalning<\/h2>\n<p><strong>5.1<\/strong> Kursavgiften anges p\u00e5 <a href=\"https:\/\/abf.se\">www.abf.se<\/a> och i bekr\u00e4ftelsen.<\/p>\n<p><strong>5.2<\/strong> Du kan v\u00e4lja att betala kursavgiften med konto- eller kreditkort direkt via hemsidan. Betalning av kursavgiften ska annars ske i enlighet med faktura som skickas ut samtidigt som kallelsen.<\/p>\n<p><strong>5.3<\/strong> Om inte annat framg\u00e5r av fakturan ska betalning ske inom trettio (30) dagar fr\u00e5n att du f\u00e5r del av fakturan. Vid utebliven eller f\u00f6rsenad betalning kan det utg\u00e5 en p\u00e5minnelseavgift och vi har r\u00e4tt till dr\u00f6jsm\u00e5lsr\u00e4nta enligt g\u00e4llande lag.<\/p>\n<h2>6. Inst\u00e4lld kurs eller \u00e4ndrade tider<\/h2>\n<p>Om vi tvingas st\u00e4lla in en kurs f\u00f6re kursstart har du alltid r\u00e4tt att \u00e5terf\u00e5 den kursavgiften som du har betalt. Detsamma g\u00e4ller om vi tvingas \u00e4ndra tidpunkterna f\u00f6r kurstillf\u00e4llena p\u00e5 ett s\u00e4tt som medf\u00f6r att du inte kan delta p\u00e5 kursen. ABF f\u00f6rbeh\u00e5ller sig r\u00e4tten att st\u00e4lla in en kurs som f\u00e5r f\u00f6r f\u00e5 anm\u00e4lda kursdeltagare.<\/p>\n<h2>7. \u00c5ngerr\u00e4tt enligt lagen om distansavtal och avtal utanf\u00f6r aff\u00e4rslokaler, 2005:59 (\u201dDaL\u201d)<\/h2>\n<p><strong>7.1<\/strong> Du har m\u00f6jlighet att \u00e5ngra din kursanm\u00e4lan inom 14 dagar fr\u00e5n dag d\u00e5 du f\u00e5tt din bekr\u00e4ftelse (\u00e5ngerfristen).<\/p>\n<p><strong>7.2<\/strong> Om du \u00e5ngrar dig under \u00e5ngerfristen kommer vi att \u00e5terbetala den kursavgift som vi har mottagit fr\u00e5n dig. Eventuellt obetald del av kursavgiften kommer att krediteras (om faktura skickats eller om betalning skett med kort via hemsidan) alternativt inte faktureras (om faktura inte skickats), med undantag f\u00f6r eventuellt redan fullgjorda delar av kursen.<\/p>\n<p><strong>7.3<\/strong> Om kursen startar under \u00e5ngerfristen l\u00e4mnar du genom att acceptera dessa villkor samtycke till att kursen startar under \u00e5ngerfristen och att din \u00e5ngerr\u00e4tt inte omfattar kurs som fullg\u00f6rs under \u00e5ngerfristen. Ditt samtycke inneb\u00e4r ocks\u00e5 att du beg\u00e4r att kursen ska starta under \u00e5ngerfristen. Vi har d\u00e4rmed r\u00e4tt att beh\u00e5lla en proportionell andel av deltagaravgiften som motsvarar genomf\u00f6rda delar av kursen om du utnyttjar din \u00e5ngerr\u00e4tt innan kursen \u00e4r fullgjord.<\/p>\n<p><strong>7.4<\/strong> Vid kursbokning p\u00e5 plats i v\u00e5r lokal g\u00e4ller inte din \u00e5ngerr\u00e4tt enligt denna punkt.<\/p>\n<p><strong>7.5<\/strong> Om du vill utnyttja din \u00e5ngerr\u00e4tt m\u00e5ste du meddela oss detta p\u00e5 ett klart och tydligt s\u00e4tt innan \u00e5ngerfristen l\u00f6per ut. Du kan l\u00e4mna s\u00e5dant meddelande genom att anv\u00e4nda <a href=\"http:\/\/publikationer.konsumentverket.se\/kontrakt-och-mallar\/angerblankett\" target=\"_blank\" rel=\"noopener\">Konsumentverkets standardformul\u00e4r<\/a> eller genom att kontakta oss direkt (se nedan punkt 12 om \u201dKontaktuppgifter\u201d).<\/p>\n<p><strong>7.6<\/strong> Om \u00e5ngerr\u00e4tten utnyttjas kommer \u00e4ven andra avtal som du har tecknat och som har samband med kursen att \u00e5terg\u00e5 automatiskt och utan kostnad. Detta g\u00e4ller t.ex. kredit- eller delbetalningsavtal som F\u00f6rbundet erbjuder i samarbete med Payex. Du har sj\u00e4lv ansvar f\u00f6r att informera s\u00e5dana andra f\u00f6retag om att \u00e5ngerr\u00e4tten utnyttjats och att det anknytande avtalet d\u00e4rmed inte g\u00e4ller l\u00e4ngre.<\/p>\n<p><strong>7.7<\/strong> \u00c5ngerr\u00e4tten g\u00e4ller inte f\u00f6r fritidsaktiviteter och kulturevenemang s\u00e5som konserter, f\u00f6rel\u00e4sningar eller liknande som \u00e4ger rum en viss best\u00e4md dag eller under en viss period och d\u00e4r vi skulle drabbas oproportionerligt h\u00e5rt ekonomiskt av att till\u00e4mpa \u00e5ngerr\u00e4tt. N\u00e4r \u00e5ngerr\u00e4tten inte g\u00e4ller anges detta s\u00e4rskilt i v\u00e5r information om aktiviteten<\/p>\n<h2>8. \u00c5tertagande av anm\u00e4lan efter \u00e5ngerfristen<\/h2>\n<p><strong>8.1<\/strong> Efter att \u00e5ngerfristen l\u00f6pt ut kan du inte l\u00e4ngre utnyttja din \u00e5ngerr\u00e4tt.<\/p>\n<p><strong>8.2<\/strong> Med varaktigt studiehinder<\/p>\n<p>Om sk\u00e4let till att du \u00e5tertar din anm\u00e4lan eller avbryter en p\u00e5b\u00f6rjad kurs \u00e4r varaktigt studiehinder, s\u00e5som egen eller n\u00e4rst\u00e5endes sjukdom styrkt med l\u00e4karintyg, brand i det egna hemmet eller annan j\u00e4mf\u00f6rbar anledning som du inte kunnat f\u00f6rutse betalar vi tillbaka deltagaravgiften f\u00f6r \u00e4nnu inte utnyttjade delar av kursen. Normalt \u00e5terbetalas inte kostnader f\u00f6r studiematerial.<\/p>\n<p><strong>8.3<\/strong> Utan varaktigt studiehinder<\/p>\n<p>Om du \u00e5tertar din anm\u00e4lan efter att \u00e5ngerr\u00e4tten f\u00f6rfallit utan att varaktigt studiehinder f\u00f6religger kan vi ta ut en administrationsavgift motsvarande de kostnader vi inte kan undvika till f\u00f6ljd av din avanm\u00e4lan och om kursen har p\u00e5b\u00f6rjats \u00e4r du normalt skyldig att betala hela avgiften.<\/p>\n<p>Om du \u00e5tertar din anm\u00e4lan senast 7 dagar f\u00f6re start kan du f\u00e5 betala en administrationsavgift p\u00e5 upp till 10 % av avgiften, dock l\u00e4gst 100 kr. Om du \u00e5tertar anm\u00e4lan senare \u00e4n 7 dagar f\u00f6re start \u00e4r administrationsavgiften h\u00f6gst halva deltagaravgiften. Om du avbryter en p\u00e5b\u00f6rjad kurs \u00e4r du normalt skyldig att betala hela deltagaravgiften.<\/p>\n<p>Undantag fr\u00e5n ovanst\u00e5ende kan g\u00f6ras utifr\u00e5n varje enskilt fall och om vi t.ex. kan fylla din plats med en annan deltagare beh\u00f6ver du normalt inte betala n\u00e5got f\u00f6rutom en administrationsavgift om 100 kr. Vi str\u00e4var alltid efter att i s\u00e5 stor utstr\u00e4ckning som m\u00f6jligt begr\u00e4nsa v\u00e5ra kostnader vid avanm\u00e4lningar och f\u00f6rs\u00f6ker p\u00e5 s\u00e5 s\u00e4tt minimera den avgift som vi har r\u00e4tt att beg\u00e4ra av dig enligt ovan.<\/p>\n<p><strong>8.4<\/strong> Avanm\u00e4lan av kursen sker genom att kontakta oss, se nedan under punkt 12 om \u201dKontaktuppgifter\u201d.<\/p>\n<h2>9. Annan fr\u00e5nvaro<\/h2>\n<p>Om du uteblir fr\u00e5n n\u00e5got kurstillf\u00e4lle av annan anledning \u00e4n de som ovan angivits, \u00e4r detta kurstillf\u00e4lle f\u00f6rbrukat. Du kan s\u00e5ledes inte kostnadsfritt ta igen det tillf\u00e4llet senare under kursen eller f\u00e5 ekonomisk kompensation f\u00f6r det tillf\u00e4lle d\u00e5 du var fr\u00e5nvarande.<\/p>\n<h2>10. Studietid och studiematerial<\/h2>\n<p><strong>10.1<\/strong> Av v\u00e5r kursspecifika information och av din bekr\u00e4ftelse framg\u00e5r under vilken tid varje kurs p\u00e5g\u00e5r och hur m\u00e5nga kurstillf\u00e4llen kursen omfattar. Kursens l\u00e4ngd kan anges i antalet studietimmar, och om s\u00e5 \u00e4r fallet \u00e4r varje studietimme 45 minuter.<\/p>\n<p><strong>10.2<\/strong> Vilket studiematerial och vilken kurslitteratur som kr\u00e4vs framg\u00e5r av v\u00e5r kursspecifika information och av din bekr\u00e4ftelse. Kostnaden f\u00f6r studiematerial och kurslitteratur ing\u00e5r normalt inte i kursavgiften.<\/p>\n<h2>11. Reklamation<\/h2>\n<p><strong>11.1<\/strong> Om du anser att kursen inte uppfyller vad som utlovats kan du reklamera kursen genom att v\u00e4nda dig till din lokala avdelning, se nedan under \u201dKontaktuppgifter\u201d. Vid reklamation till\u00e4mpar F\u00f6rbundet de regler om fel i tj\u00e4nst som finns i konsumenttj\u00e4nstlagen, 1985:716 (KTjL).<\/p>\n<p><strong>11.2<\/strong> Om vi inte kommer \u00f6verens kan du v\u00e4nda dig till Allm\u00e4nna Reklamationsn\u00e4mnden (ARN) via <a href=\"https:\/\/arn.se\">www.arn.se<\/a> eller per post till: Allm\u00e4nna reklamationsn\u00e4mnden, Box 174, 101 23 Stockholm. Vi kommer att f\u00f6lja ARN:s beslut.<\/p>\n<p><strong>11.3<\/strong> Du kan l\u00e4sa mer om dina r\u00e4ttigheter p\u00e5 Konsumentverkets webbplats <a href=\"https:\/\/konsumentverket.se\">www.konsumentverket.se<\/a>.<\/p>\n<h2>12. Kontaktuppgifter, information och meddelanden<\/h2>\n<p><strong>12.1<\/strong> Kontaktuppgifter till <a href=\"https:\/\/www.abf.se\/om-abf\/kontakt\/\">ditt lokala ABF hittar du h\u00e4r.<\/a> Dit v\u00e4nder du dig om du har n\u00e5gra fr\u00e5gor, eventuella klagom\u00e5l eller om du vill \u00e5ngra eller avbest\u00e4lla din kursanm\u00e4lan.<\/p>\n<p><strong>12.2<\/strong> F\u00f6rbundet skickar information och meddelanden till dig via e-post, sms och post till de uppgifter du anger n\u00e4r du anm\u00e4ler dig till ett arrangemang hos oss. I vissa fall kan dessa uppdateras via Statens personadressregister, SPAR. Om dina kontaktuppgifter \u00e4ndras b\u00f6r du informera oss om det.<\/p>\n<h2>13. Olycksfallsf\u00f6rs\u00e4kring<\/h2>\n<p>Som deltagare \u00e4r du f\u00f6rs\u00e4krad f\u00f6r olycksfall p\u00e5 v\u00e4g till och fr\u00e5n samt under p\u00e5g\u00e5ende kurs.<\/p>\n<h2>14. \u00c4ndringar av Allm\u00e4nna villkor<\/h2>\n<p>ABF har r\u00e4tt att \u00e4ndra dessa Allm\u00e4nna villkor.<\/p>\n<h2>15. \u00d6verl\u00e5telse av avtalet<\/h2>\n<p>Du f\u00e5r inte helt eller delvis \u00f6verl\u00e5ta eller pants\u00e4tta dina r\u00e4ttigheter och\/eller skyldigheter enligt avtalet utan F\u00f6rbundets skriftliga godk\u00e4nnande. Detta inneb\u00e4r t.ex. att du inte kan s\u00e4lja eller ge bort din kursplats till n\u00e5gon annan utan v\u00e5rt godk\u00e4nnande.<\/p>\n<h2>16. Upphovsr\u00e4tt och marknadsf\u00f6ring<\/h2>\n<p><strong>16.1<\/strong> En hel del av det som kursdeltagare skapar under kursen, s\u00e5som texter och konstn\u00e4rligt material, ensam eller tillsammans med andra, omfattas av upphovsr\u00e4tt. Varje kursdeltagare erh\u00e5ller upphovsr\u00e4tt till det som denne skapat.<\/p>\n<p><strong>16.2<\/strong> Genom att ing\u00e5 avtalet uppl\u00e5ter du till F\u00f6rbundet en evig r\u00e4tt att, utan s\u00e4rskild ers\u00e4ttning, anv\u00e4nda upphovsr\u00e4ttsligt skyddat material som tillh\u00f6r dig i marknadsf\u00f6rings- och informationssammanhang oavsett media eller format.<\/p>\n<h2>17. Tvist<\/h2>\n<p>Uppst\u00e5r tvist om avtalet mellan dig och F\u00f6rbundet ska parterna i f\u00f6rsta hand f\u00f6rs\u00f6ka komma \u00f6verens. Kan vi inte enas ska tvisten pr\u00f6vas av allm\u00e4n domstol med tingsr\u00e4tten som f\u00f6rsta instans.<\/p>\n<p>&nbsp;<\/p>\n\n    <\/div>\n<\/div>\n","protected":false},"excerpt":{"rendered":"","protected":false},"author":4,"featured_media":0,"parent":0,"menu_order":0,"comment_status":"closed","ping_status":"closed","template":"","meta":{"_acf_changed":false,"footnotes":""},"class_list":["post-6","page","type-page","status-publish","hentry"],"acf":[],"yoast_head":"<!-- This site is optimized with the Yoast SEO plugin v27.0 - https:\/\/yoast.com\/product\/yoast-seo-wordpress\/ -->\n<title>Villkor f\u00f6r anm\u00e4lan cirklar, kurs och arrangemang - \u00d6resund<\/title>\n<meta name=\"robots\" content=\"index, follow, max-snippet:-1, max-image-preview:large, max-video-preview:-1\" \/>\n<link rel=\"canonical\" href=\"https:\/\/www.abf.se\/oresund\/villkor-for-anmalan-cirklar-kurs-och-arrangemang\/\" \/>\n<meta property=\"og:locale\" content=\"sv_SE\" \/>\n<meta property=\"og:type\" content=\"article\" \/>\n<meta property=\"og:title\" content=\"Villkor f\u00f6r anm\u00e4lan cirklar, kurs och arrangemang - \u00d6resund\" \/>\n<meta property=\"og:url\" content=\"https:\/\/www.abf.se\/oresund\/villkor-for-anmalan-cirklar-kurs-och-arrangemang\/\" \/>\n<meta property=\"og:site_name\" content=\"\u00d6resund\" \/>\n<meta property=\"article:modified_time\" content=\"2024-04-17T09:21:01+00:00\" \/>\n<meta property=\"og:image\" content=\"https:\/\/www.abf.se\/wp-content\/uploads\/sites\/24\/2024\/04\/Nyckeln-liggande-scaled.jpg\" \/>\n\t<meta property=\"og:image:width\" content=\"2560\" \/>\n\t<meta property=\"og:image:height\" content=\"1440\" \/>\n\t<meta property=\"og:image:type\" content=\"image\/jpeg\" \/>\n<meta name=\"twitter:card\" content=\"summary_large_image\" \/>\n<script type=\"application\/ld+json\" class=\"yoast-schema-graph\">{\"@context\":\"https:\/\/schema.org\",\"@graph\":[{\"@type\":\"WebPage\",\"@id\":\"https:\/\/www.abf.se\/oresund\/villkor-for-anmalan-cirklar-kurs-och-arrangemang\/\",\"url\":\"https:\/\/www.abf.se\/oresund\/villkor-for-anmalan-cirklar-kurs-och-arrangemang\/\",\"name\":\"Villkor f\u00f6r anm\u00e4lan cirklar, kurs och arrangemang - \u00d6resund\",\"isPartOf\":{\"@id\":\"https:\/\/www.abf.se\/oresund\/#website\"},\"datePublished\":\"2024-04-17T09:18:23+00:00\",\"dateModified\":\"2024-04-17T09:21:01+00:00\",\"breadcrumb\":{\"@id\":\"https:\/\/www.abf.se\/oresund\/villkor-for-anmalan-cirklar-kurs-och-arrangemang\/#breadcrumb\"},\"inLanguage\":\"sv-SE\",\"potentialAction\":[{\"@type\":\"ReadAction\",\"target\":[\"https:\/\/www.abf.se\/oresund\/villkor-for-anmalan-cirklar-kurs-och-arrangemang\/\"]}]},{\"@type\":\"BreadcrumbList\",\"@id\":\"https:\/\/www.abf.se\/oresund\/villkor-for-anmalan-cirklar-kurs-och-arrangemang\/#breadcrumb\",\"itemListElement\":[{\"@type\":\"ListItem\",\"position\":1,\"name\":\"Home\",\"item\":\"https:\/\/www.abf.se\/oresund\/\"},{\"@type\":\"ListItem\",\"position\":2,\"name\":\"Villkor f\u00f6r anm\u00e4lan cirklar, kurs och arrangemang\"}]},{\"@type\":\"WebSite\",\"@id\":\"https:\/\/www.abf.se\/oresund\/#website\",\"url\":\"https:\/\/www.abf.se\/oresund\/\",\"name\":\"\u00d6resund\",\"description\":\"\",\"potentialAction\":[{\"@type\":\"SearchAction\",\"target\":{\"@type\":\"EntryPoint\",\"urlTemplate\":\"https:\/\/www.abf.se\/oresund\/?s={search_term_string}\"},\"query-input\":{\"@type\":\"PropertyValueSpecification\",\"valueRequired\":true,\"valueName\":\"search_term_string\"}}],\"inLanguage\":\"sv-SE\"}]}<\/script>\n<!-- \/ Yoast SEO plugin. -->","yoast_head_json":{"title":"Villkor f\u00f6r anm\u00e4lan cirklar, kurs och arrangemang - \u00d6resund","robots":{"index":"index","follow":"follow","max-snippet":"max-snippet:-1","max-image-preview":"max-image-preview:large","max-video-preview":"max-video-preview:-1"},"canonical":"https:\/\/www.abf.se\/oresund\/villkor-for-anmalan-cirklar-kurs-och-arrangemang\/","og_locale":"sv_SE","og_type":"article","og_title":"Villkor f\u00f6r anm\u00e4lan cirklar, kurs och arrangemang - \u00d6resund","og_url":"https:\/\/www.abf.se\/oresund\/villkor-for-anmalan-cirklar-kurs-och-arrangemang\/","og_site_name":"\u00d6resund","article_modified_time":"2024-04-17T09:21:01+00:00","og_image":[{"width":2560,"height":1440,"url":"https:\/\/www.abf.se\/wp-content\/uploads\/sites\/24\/2024\/04\/Nyckeln-liggande-scaled.jpg","type":"image\/jpeg"}],"twitter_card":"summary_large_image","schema":{"@context":"https:\/\/schema.org","@graph":[{"@type":"WebPage","@id":"https:\/\/www.abf.se\/oresund\/villkor-for-anmalan-cirklar-kurs-och-arrangemang\/","url":"https:\/\/www.abf.se\/oresund\/villkor-for-anmalan-cirklar-kurs-och-arrangemang\/","name":"Villkor f\u00f6r anm\u00e4lan cirklar, kurs och arrangemang - \u00d6resund","isPartOf":{"@id":"https:\/\/www.abf.se\/oresund\/#website"},"datePublished":"2024-04-17T09:18:23+00:00","dateModified":"2024-04-17T09:21:01+00:00","breadcrumb":{"@id":"https:\/\/www.abf.se\/oresund\/villkor-for-anmalan-cirklar-kurs-och-arrangemang\/#breadcrumb"},"inLanguage":"sv-SE","potentialAction":[{"@type":"ReadAction","target":["https:\/\/www.abf.se\/oresund\/villkor-for-anmalan-cirklar-kurs-och-arrangemang\/"]}]},{"@type":"BreadcrumbList","@id":"https:\/\/www.abf.se\/oresund\/villkor-for-anmalan-cirklar-kurs-och-arrangemang\/#breadcrumb","itemListElement":[{"@type":"ListItem","position":1,"name":"Home","item":"https:\/\/www.abf.se\/oresund\/"},{"@type":"ListItem","position":2,"name":"Villkor f\u00f6r anm\u00e4lan cirklar, kurs och arrangemang"}]},{"@type":"WebSite","@id":"https:\/\/www.abf.se\/oresund\/#website","url":"https:\/\/www.abf.se\/oresund\/","name":"\u00d6resund","description":"","potentialAction":[{"@type":"SearchAction","target":{"@type":"EntryPoint","urlTemplate":"https:\/\/www.abf.se\/oresund\/?s={search_term_string}"},"query-input":{"@type":"PropertyValueSpecification","valueRequired":true,"valueName":"search_term_string"}}],"inLanguage":"sv-SE"}]}},"_links":{"self":[{"href":"https:\/\/www.abf.se\/oresund\/wp-json\/wp\/v2\/pages\/6","targetHints":{"allow":["GET"]}}],"collection":[{"href":"https:\/\/www.abf.se\/oresund\/wp-json\/wp\/v2\/pages"}],"about":[{"href":"https:\/\/www.abf.se\/oresund\/wp-json\/wp\/v2\/types\/page"}],"author":[{"embeddable":true,"href":"https:\/\/www.abf.se\/oresund\/wp-json\/wp\/v2\/users\/4"}],"replies":[{"embeddable":true,"href":"https:\/\/www.abf.se\/oresund\/wp-json\/wp\/v2\/comments?post=6"}],"version-history":[{"count":16,"href":"https:\/\/www.abf.se\/oresund\/wp-json\/wp\/v2\/pages\/6\/revisions"}],"predecessor-version":[{"id":539,"href":"https:\/\/www.abf.se\/oresund\/wp-json\/wp\/v2\/pages\/6\/revisions\/539"}],"wp:attachment":[{"href":"https:\/\/www.abf.se\/oresund\/wp-json\/wp\/v2\/media?parent=6"}],"curies":[{"name":"wp","href":"https:\/\/api.w.org\/{rel}","templated":true}]}}