{"id":609,"date":"2024-04-23T13:46:54","date_gmt":"2024-04-23T11:46:54","guid":{"rendered":"https:\/\/www.abf.se\/helsingborg\/?page_id=609"},"modified":"2025-12-30T09:24:01","modified_gmt":"2025-12-30T08:24:01","slug":"rapportera-narvaro","status":"publish","type":"page","link":"https:\/\/www.abf.se\/oresund\/cirkelledare\/rapportera-narvaro\/","title":{"rendered":"Rapportera n\u00e4rvaro"},"content":{"rendered":"<div\n    class=\"acf-plain-heading-block container my-16\"\n    data-block=\"plain-heading-block\"\n>\n    <div class=\"max-w-[658px] mx-auto\">\n                <h1 class=\"hero-heading\"><span>Rapportera n\u00e4rvaro<\/span><\/h1>\n                            <p class=\"mt-8 body-xl text-black\">\n                Det \u00e4r viktigt att du rapporterar! N\u00e4r du leder en studiecirkel eller en kurs hos ABF ska du rapportera n\u00e4rvaro f\u00f6r dig och dina cirkeldeltagare.\n            <\/p>\n            <\/div>\n<\/div>\n\n\n<div\n    class=\"acf-article-cta-link-block article-container my-8\"\n    data-block=\"article-cta-link-block\"\n>\n<div>\n    <a class=\"inline-flex flex-row items-center gap-4 text-link underline text-red-dark\"\n        href=\"https:\/\/arretjanst.abf.se\/\"\n                target=\"_blank\"\n            >\n        <span class=\"\">\n        Rapportera h\u00e4r!\n        <\/span>\n        <figure aria-hidden=\"true\" class=\"rounded-full bg-red-dark w-8 h-8 p-1 text-white\">\n            <svg width=\"20\" height=\"20\" viewBox=\"0 0 20 20\" fill=\"none\" class=\"SvgIconElement\">\n<path d=\"M4.16659 10L15.8333 10\" stroke=\"currentColor\"\/>\n<path d=\"M9.99992 4.1665L15.8333 9.99984L9.99992 15.8332\" stroke=\"currentColor\"\/>\n<\/svg>\n        <\/figure>\n    <\/a>\n<\/div>\n<\/div>\n\n\n<div\n    class=\"acf-article-cta-link-block article-container my-8\"\n    data-block=\"article-cta-link-block\"\n>\n<div>\n    <a class=\"inline-flex flex-row items-center gap-4 text-link underline text-red-dark\"\n        href=\"https:\/\/www.abf.se\/wp-content\/uploads\/2024\/03\/abfs-e-tjanst-kort-lathund.pdf\"\n                target=\"_blank\"\n            >\n        <span class=\"\">\n        Manual f\u00f6r rapportering (PDF)\n        <\/span>\n        <figure aria-hidden=\"true\" class=\"rounded-full bg-red-dark w-8 h-8 p-1 text-white\">\n            <svg width=\"20\" height=\"20\" viewBox=\"0 0 20 20\" fill=\"none\" class=\"SvgIconElement\">\n<path d=\"M4.16659 10L15.8333 10\" stroke=\"currentColor\"\/>\n<path d=\"M9.99992 4.1665L15.8333 9.99984L9.99992 15.8332\" stroke=\"currentColor\"\/>\n<\/svg>\n        <\/figure>\n    <\/a>\n<\/div>\n<\/div>\n\n\n<div\n    class=\"acf-article-text-block article-container my-12\"\n    data-block=\"article-text-block\"\n>\n    <div class=\"wysiwyg\">\n        <p><iframe loading=\"lazy\" title=\"Jacke Sj\u00f6din anv\u00e4nder e tjansten\" width=\"500\" height=\"281\" src=\"https:\/\/www.youtube.com\/embed\/S0aUnSA3k50?feature=oembed\" frameborder=\"0\" allow=\"accelerometer; autoplay; clipboard-write; encrypted-media; gyroscope; picture-in-picture; web-share\" referrerpolicy=\"strict-origin-when-cross-origin\" allowfullscreen><\/iframe><\/p>\n\n    <\/div>\n<\/div>\n\n\n<div\n    class=\"acf-article-text-block article-container my-12\"\n    data-block=\"article-text-block\"\n>\n    <div class=\"wysiwyg\">\n        <h2>Rapportera n\u00e4rvaro till ABF<\/h2>\n<p>Du f\u00e5r en <a href=\"https:\/\/arretjanst.abf.se\/\" target=\"_blank\" rel=\"noopener\">digital n\u00e4rvarolista<\/a>, s\u00e5 kallad e-lista av ABF. Du har den enkelt med dig i din mobiltelefon, dator eller surfplatta.<\/p>\n<h3>S\u00e5 h\u00e4r g\u00f6r du:<\/h3>\n<ul>\n<li>Du g\u00e5r in p\u00e5 din <a href=\"https:\/\/arretjanst.abf.se\/\" target=\"_blank\" rel=\"noopener\">digitala n\u00e4rvarolista<\/a>.<\/li>\n<li>P\u00e5 den digitala n\u00e4rvarolistan markerar du deltagarnas n\u00e4rvaro efter varje tr\u00e4ff. Efter avslutad cirkel ska listan signeras.<\/li>\n<li>F\u00f6rsta g\u00e5ngen du \u00f6ppnar ett arrangemang f\u00e5r du upp ett f\u00f6nster med villkor som ska godk\u00e4nnas.<\/li>\n<li>F\u00e5r du l\u00f6n fr\u00e5n ABF f\u00f6r att du leder cirkeln f\u00e5r du ocks\u00e5 upp dina anst\u00e4llningsvillkor<\/li>\n<li>Om du beh\u00f6ver en <a href=\"https:\/\/www.abf.se\/wp-content\/uploads\/2024\/03\/abfs-e-tjanst-kort-lathund.pdf\" target=\"_blank\" rel=\"noopener\">manual finns den tillg\u00e4nglig h\u00e4r!<\/a> (PDF)<\/li>\n<\/ul>\n\n    <\/div>\n<\/div>\n<div\n    class=\"acf-article-cta-link-block article-container my-8\"\n    data-block=\"article-cta-link-block\"\n>\n<div>\n    <a class=\"inline-flex flex-row items-center gap-4 text-link underline text-red-dark\"\n        href=\"https:\/\/www.abf.se\/oresund\/bli-cirkelledare-2\/\"\n            >\n        <span class=\"\">\n         Tillbaka till sidor f\u00f6r cirkelledare\n        <\/span>\n        <figure aria-hidden=\"true\" class=\"rounded-full bg-red-dark w-8 h-8 p-1 text-white\">\n            <svg width=\"20\" height=\"20\" viewBox=\"0 0 20 20\" fill=\"none\" class=\"SvgIconElement\">\n<path d=\"M4.16659 10L15.8333 10\" stroke=\"currentColor\"\/>\n<path d=\"M9.99992 4.1665L15.8333 9.99984L9.99992 15.8332\" stroke=\"currentColor\"\/>\n<\/svg>\n        <\/figure>\n    <\/a>\n<\/div>\n<\/div>\n","protected":false},"excerpt":{"rendered":"","protected":false},"author":13,"featured_media":0,"parent":1333,"menu_order":0,"comment_status":"closed","ping_status":"closed","template":"","meta":{"_acf_changed":false,"footnotes":""},"class_list":["post-609","page","type-page","status-publish","hentry"],"acf":[],"yoast_head":"<!-- This site is optimized with the Yoast SEO plugin v27.0 - https:\/\/yoast.com\/product\/yoast-seo-wordpress\/ -->\n<title>Rapportera n\u00e4rvaro - \u00d6resund<\/title>\n<meta name=\"robots\" content=\"index, follow, max-snippet:-1, max-image-preview:large, max-video-preview:-1\" \/>\n<link rel=\"canonical\" href=\"https:\/\/www.abf.se\/oresund\/cirkelledare\/rapportera-narvaro\/\" \/>\n<meta property=\"og:locale\" content=\"sv_SE\" \/>\n<meta property=\"og:type\" content=\"article\" \/>\n<meta property=\"og:title\" content=\"Rapportera n\u00e4rvaro - \u00d6resund\" \/>\n<meta property=\"og:url\" content=\"https:\/\/www.abf.se\/oresund\/cirkelledare\/rapportera-narvaro\/\" \/>\n<meta property=\"og:site_name\" content=\"\u00d6resund\" \/>\n<meta property=\"article:modified_time\" content=\"2025-12-30T08:24:01+00:00\" \/>\n<meta property=\"og:image\" content=\"https:\/\/www.abf.se\/wp-content\/uploads\/sites\/24\/2024\/04\/Nyckeln-liggande-scaled.jpg\" \/>\n\t<meta property=\"og:image:width\" content=\"2560\" \/>\n\t<meta property=\"og:image:height\" content=\"1440\" \/>\n\t<meta property=\"og:image:type\" content=\"image\/jpeg\" \/>\n<meta name=\"twitter:card\" content=\"summary_large_image\" \/>\n<script type=\"application\/ld+json\" class=\"yoast-schema-graph\">{\"@context\":\"https:\/\/schema.org\",\"@graph\":[{\"@type\":\"WebPage\",\"@id\":\"https:\/\/www.abf.se\/oresund\/cirkelledare\/rapportera-narvaro\/\",\"url\":\"https:\/\/www.abf.se\/oresund\/cirkelledare\/rapportera-narvaro\/\",\"name\":\"Rapportera n\u00e4rvaro - \u00d6resund\",\"isPartOf\":{\"@id\":\"https:\/\/www.abf.se\/oresund\/#website\"},\"datePublished\":\"2024-04-23T11:46:54+00:00\",\"dateModified\":\"2025-12-30T08:24:01+00:00\",\"breadcrumb\":{\"@id\":\"https:\/\/www.abf.se\/oresund\/cirkelledare\/rapportera-narvaro\/#breadcrumb\"},\"inLanguage\":\"sv-SE\",\"potentialAction\":[{\"@type\":\"ReadAction\",\"target\":[\"https:\/\/www.abf.se\/oresund\/cirkelledare\/rapportera-narvaro\/\"]}]},{\"@type\":\"BreadcrumbList\",\"@id\":\"https:\/\/www.abf.se\/oresund\/cirkelledare\/rapportera-narvaro\/#breadcrumb\",\"itemListElement\":[{\"@type\":\"ListItem\",\"position\":1,\"name\":\"Home\",\"item\":\"https:\/\/www.abf.se\/oresund\/\"},{\"@type\":\"ListItem\",\"position\":2,\"name\":\"Cirkelledare\",\"item\":\"https:\/\/www.abf.se\/oresund\/cirkelledare\/\"},{\"@type\":\"ListItem\",\"position\":3,\"name\":\"Rapportera n\u00e4rvaro\"}]},{\"@type\":\"WebSite\",\"@id\":\"https:\/\/www.abf.se\/oresund\/#website\",\"url\":\"https:\/\/www.abf.se\/oresund\/\",\"name\":\"\u00d6resund\",\"description\":\"\",\"potentialAction\":[{\"@type\":\"SearchAction\",\"target\":{\"@type\":\"EntryPoint\",\"urlTemplate\":\"https:\/\/www.abf.se\/oresund\/?s={search_term_string}\"},\"query-input\":{\"@type\":\"PropertyValueSpecification\",\"valueRequired\":true,\"valueName\":\"search_term_string\"}}],\"inLanguage\":\"sv-SE\"}]}<\/script>\n<!-- \/ Yoast SEO plugin. -->","yoast_head_json":{"title":"Rapportera n\u00e4rvaro - \u00d6resund","robots":{"index":"index","follow":"follow","max-snippet":"max-snippet:-1","max-image-preview":"max-image-preview:large","max-video-preview":"max-video-preview:-1"},"canonical":"https:\/\/www.abf.se\/oresund\/cirkelledare\/rapportera-narvaro\/","og_locale":"sv_SE","og_type":"article","og_title":"Rapportera n\u00e4rvaro - \u00d6resund","og_url":"https:\/\/www.abf.se\/oresund\/cirkelledare\/rapportera-narvaro\/","og_site_name":"\u00d6resund","article_modified_time":"2025-12-30T08:24:01+00:00","og_image":[{"width":2560,"height":1440,"url":"https:\/\/www.abf.se\/wp-content\/uploads\/sites\/24\/2024\/04\/Nyckeln-liggande-scaled.jpg","type":"image\/jpeg"}],"twitter_card":"summary_large_image","schema":{"@context":"https:\/\/schema.org","@graph":[{"@type":"WebPage","@id":"https:\/\/www.abf.se\/oresund\/cirkelledare\/rapportera-narvaro\/","url":"https:\/\/www.abf.se\/oresund\/cirkelledare\/rapportera-narvaro\/","name":"Rapportera n\u00e4rvaro - \u00d6resund","isPartOf":{"@id":"https:\/\/www.abf.se\/oresund\/#website"},"datePublished":"2024-04-23T11:46:54+00:00","dateModified":"2025-12-30T08:24:01+00:00","breadcrumb":{"@id":"https:\/\/www.abf.se\/oresund\/cirkelledare\/rapportera-narvaro\/#breadcrumb"},"inLanguage":"sv-SE","potentialAction":[{"@type":"ReadAction","target":["https:\/\/www.abf.se\/oresund\/cirkelledare\/rapportera-narvaro\/"]}]},{"@type":"BreadcrumbList","@id":"https:\/\/www.abf.se\/oresund\/cirkelledare\/rapportera-narvaro\/#breadcrumb","itemListElement":[{"@type":"ListItem","position":1,"name":"Home","item":"https:\/\/www.abf.se\/oresund\/"},{"@type":"ListItem","position":2,"name":"Cirkelledare","item":"https:\/\/www.abf.se\/oresund\/cirkelledare\/"},{"@type":"ListItem","position":3,"name":"Rapportera n\u00e4rvaro"}]},{"@type":"WebSite","@id":"https:\/\/www.abf.se\/oresund\/#website","url":"https:\/\/www.abf.se\/oresund\/","name":"\u00d6resund","description":"","potentialAction":[{"@type":"SearchAction","target":{"@type":"EntryPoint","urlTemplate":"https:\/\/www.abf.se\/oresund\/?s={search_term_string}"},"query-input":{"@type":"PropertyValueSpecification","valueRequired":true,"valueName":"search_term_string"}}],"inLanguage":"sv-SE"}]}},"_links":{"self":[{"href":"https:\/\/www.abf.se\/oresund\/wp-json\/wp\/v2\/pages\/609","targetHints":{"allow":["GET"]}}],"collection":[{"href":"https:\/\/www.abf.se\/oresund\/wp-json\/wp\/v2\/pages"}],"about":[{"href":"https:\/\/www.abf.se\/oresund\/wp-json\/wp\/v2\/types\/page"}],"author":[{"embeddable":true,"href":"https:\/\/www.abf.se\/oresund\/wp-json\/wp\/v2\/users\/13"}],"replies":[{"embeddable":true,"href":"https:\/\/www.abf.se\/oresund\/wp-json\/wp\/v2\/comments?post=609"}],"version-history":[{"count":11,"href":"https:\/\/www.abf.se\/oresund\/wp-json\/wp\/v2\/pages\/609\/revisions"}],"predecessor-version":[{"id":2418,"href":"https:\/\/www.abf.se\/oresund\/wp-json\/wp\/v2\/pages\/609\/revisions\/2418"}],"up":[{"embeddable":true,"href":"https:\/\/www.abf.se\/oresund\/wp-json\/wp\/v2\/pages\/1333"}],"wp:attachment":[{"href":"https:\/\/www.abf.se\/oresund\/wp-json\/wp\/v2\/media?parent=609"}],"curies":[{"name":"wp","href":"https:\/\/api.w.org\/{rel}","templated":true}]}}