{"id":1023,"date":"2024-05-08T08:35:49","date_gmt":"2024-05-08T06:35:49","guid":{"rendered":"https:\/\/www.abf.se\/ostergotland\/?page_id=1023"},"modified":"2024-05-08T10:45:38","modified_gmt":"2024-05-08T08:45:38","slug":"samarbeta-med-oss","status":"publish","type":"page","link":"https:\/\/www.abf.se\/ostergotland\/samarbeta-med-oss\/","title":{"rendered":"Samarbeta med oss"},"content":{"rendered":"<div\n    class=\"acf-hero-block container-lg no-padding mb-12 js-geolocation\"\n    data-block=\"hero-block\"\n    data-index=\"0\"\n>\n    <div class=\"h-[548px]  relative rounded-[32px] overflow-hidden flex bg-gray-light\">\n        <div class=\"relative z-10 mt-auto h-auto w-full md:h-full\">\n            <div class=\"flex w-full h-full flex-col flex-wrap justify-end w-full md:w-7\/12 lg:w-1\/2 md:justify-center\">\n                <div class=\"flex flex-col gap-3 md:gap-[18px] md:transparent pt-16 pb-36 md:py-8 px-4 w-full md:max-w-[620px] mx-auto px-8\">\n\n                    <h1 class=\"hero-heading hero-heading--red-text\"><span>Samarbeta med ABF   \u00d6sterg\u00f6tland<\/span><\/h1>\n\n                    \n                                    <\/div>\n            <\/div>\n        <\/div>\n\n                    <picture class=\"as-background-image mix-blend-multiply bg-black\/40\"><img decoding=\"async\" src=\"https:\/\/www.abf.se\/ostergotland\/resized\/?url=https%3A%2F%2Fwww.abf.se%2Fwp-content%2Fuploads%2F2023%2F11%2FABF-cirkel-utomhus_foto-Richard-Hammarskiold_IMGP.jpg&#038;fit=crop&#038;w=1440&#038;s=a52514dbc24b6c7f6188dc9f678da899\" srcset=\"https:\/\/www.abf.se\/ostergotland\/resized\/?url=https%3A%2F%2Fwww.abf.se%2Fwp-content%2Fuploads%2F2023%2F11%2FABF-cirkel-utomhus_foto-Richard-Hammarskiold_IMGP.jpg&#038;fit=crop&#038;w=375&#038;h=540&#038;s=b0d7a4db13e49530c259a6d8ef867d08 375w, https:\/\/www.abf.se\/ostergotland\/resized\/?url=https%3A%2F%2Fwww.abf.se%2Fwp-content%2Fuploads%2F2023%2F11%2FABF-cirkel-utomhus_foto-Richard-Hammarskiold_IMGP.jpg&#038;fit=crop&#038;w=447&#038;h=540&#038;s=fc3ad1ff9a3d32ee02fcbbf3a8688054 447w, https:\/\/www.abf.se\/ostergotland\/resized\/?url=https%3A%2F%2Fwww.abf.se%2Fwp-content%2Fuploads%2F2023%2F11%2FABF-cirkel-utomhus_foto-Richard-Hammarskiold_IMGP.jpg&#038;fit=crop&#038;w=519&#038;h=540&#038;s=de9f95b51fa33057b43ecff72dded707 519w, https:\/\/www.abf.se\/ostergotland\/resized\/?url=https%3A%2F%2Fwww.abf.se%2Fwp-content%2Fuploads%2F2023%2F11%2FABF-cirkel-utomhus_foto-Richard-Hammarskiold_IMGP.jpg&#038;fit=crop&#038;w=591&#038;h=540&#038;s=91c39fd8ac967af9fb87d558b76fac5a 591w, https:\/\/www.abf.se\/ostergotland\/resized\/?url=https%3A%2F%2Fwww.abf.se%2Fwp-content%2Fuploads%2F2023%2F11%2FABF-cirkel-utomhus_foto-Richard-Hammarskiold_IMGP.jpg&#038;fit=crop&#038;w=663&#038;h=540&#038;s=f28ff2a455f04b762ada299982cec808 663w, https:\/\/www.abf.se\/ostergotland\/resized\/?url=https%3A%2F%2Fwww.abf.se%2Fwp-content%2Fuploads%2F2023%2F11%2FABF-cirkel-utomhus_foto-Richard-Hammarskiold_IMGP.jpg&#038;fit=crop&#038;w=750&#038;h=540&#038;s=3717b25efd34a648b02c1fc63538b0a2 750w, https:\/\/www.abf.se\/ostergotland\/resized\/?url=https%3A%2F%2Fwww.abf.se%2Fwp-content%2Fuploads%2F2023%2F11%2FABF-cirkel-utomhus_foto-Richard-Hammarskiold_IMGP.jpg&#038;fit=crop&#038;w=894&#038;h=540&#038;s=01aee1e33aee666621f215b95c36a95d 894w, https:\/\/www.abf.se\/ostergotland\/resized\/?url=https%3A%2F%2Fwww.abf.se%2Fwp-content%2Fuploads%2F2023%2F11%2FABF-cirkel-utomhus_foto-Richard-Hammarskiold_IMGP.jpg&#038;fit=crop&#038;w=1038&#038;h=540&#038;s=bf52325644ebe54a177596603f0e03c9 1038w, https:\/\/www.abf.se\/ostergotland\/resized\/?url=https%3A%2F%2Fwww.abf.se%2Fwp-content%2Fuploads%2F2023%2F11%2FABF-cirkel-utomhus_foto-Richard-Hammarskiold_IMGP.jpg&#038;fit=crop&#038;w=1182&#038;h=540&#038;s=cd08e34d511d5d4471d14601d6e203e4 1182w, https:\/\/www.abf.se\/ostergotland\/resized\/?url=https%3A%2F%2Fwww.abf.se%2Fwp-content%2Fuploads%2F2023%2F11%2FABF-cirkel-utomhus_foto-Richard-Hammarskiold_IMGP.jpg&#038;fit=crop&#038;w=1326&#038;h=540&#038;s=700d5deb7747ae326d703e6f9994d1b8 1326w, https:\/\/www.abf.se\/ostergotland\/resized\/?url=https%3A%2F%2Fwww.abf.se%2Fwp-content%2Fuploads%2F2023%2F11%2FABF-cirkel-utomhus_foto-Richard-Hammarskiold_IMGP.jpg&#038;fit=crop&#038;w=1440&#038;h=540&#038;s=921ad0c882e980e23c251f7061134356 1440w\" alt=\"\" height=\"540\" width=\"1440\" sizes=\"(max-width: 1440px) calc(100vw - 32px), 1440px\" loading=\"eager\" fetchpriority=\"high\" aria-hidden=\"true\" role=\"presentation\" \/><\/picture>\n        \n\n            <\/div>\n\n    <\/div>\n\n<div\n    class=\"acf-text-image-block container my-12 md:my-15\"\n    data-block=\"text-image-block\"\n>\n    <div\n    class=\"flex flex-col items-center md:flex-row gap-8 md:gap-0 justify-between\">\n                        <div class=\"w-full md:w-1\/2 md:order-2\">\n            <picture><img decoding=\"async\" src=\"https:\/\/www.abf.se\/ostergotland\/resized\/?url=https%3A%2F%2Fwww.abf.se%2Fwp-content%2Fuploads%2Fsites%2F64%2F2024%2F05%2Fnorrkoping-gammal-1.jpg&#038;fit=crop&#038;w=578&#038;s=08d131aee5e9732b86ad7825d9311f8f\" srcset=\"https:\/\/www.abf.se\/ostergotland\/resized\/?url=https%3A%2F%2Fwww.abf.se%2Fwp-content%2Fuploads%2Fsites%2F64%2F2024%2F05%2Fnorrkoping-gammal-1.jpg&#038;fit=crop&#038;w=144&#038;h=126&#038;s=c63324835986d55b610b528a9cee33fd 144w, https:\/\/www.abf.se\/ostergotland\/resized\/?url=https%3A%2F%2Fwww.abf.se%2Fwp-content%2Fuploads%2Fsites%2F64%2F2024%2F05%2Fnorrkoping-gammal-1.jpg&#038;fit=crop&#038;w=240&#038;h=211&#038;s=8eb37571fa5c43b25e88e7d425ef6d0a 240w, https:\/\/www.abf.se\/ostergotland\/resized\/?url=https%3A%2F%2Fwww.abf.se%2Fwp-content%2Fuploads%2Fsites%2F64%2F2024%2F05%2Fnorrkoping-gammal-1.jpg&#038;fit=crop&#038;w=288&#038;h=253&#038;s=fe9b044cb28f82114283b224149dedeb 288w, https:\/\/www.abf.se\/ostergotland\/resized\/?url=https%3A%2F%2Fwww.abf.se%2Fwp-content%2Fuploads%2Fsites%2F64%2F2024%2F05%2Fnorrkoping-gammal-1.jpg&#038;fit=crop&#038;w=336&#038;h=295&#038;s=27e23b53f7415c8e51e883e63371ee44 336w, https:\/\/www.abf.se\/ostergotland\/resized\/?url=https%3A%2F%2Fwww.abf.se%2Fwp-content%2Fuploads%2Fsites%2F64%2F2024%2F05%2Fnorrkoping-gammal-1.jpg&#038;fit=crop&#038;w=432&#038;h=380&#038;s=7214dda9421c4c2437b144ef12783398 432w, https:\/\/www.abf.se\/ostergotland\/resized\/?url=https%3A%2F%2Fwww.abf.se%2Fwp-content%2Fuploads%2Fsites%2F64%2F2024%2F05%2Fnorrkoping-gammal-1.jpg&#038;fit=crop&#038;w=480&#038;h=422&#038;s=8ee962adabaaf5817de1c64c6b2f9c82 480w, https:\/\/www.abf.se\/ostergotland\/resized\/?url=https%3A%2F%2Fwww.abf.se%2Fwp-content%2Fuploads%2Fsites%2F64%2F2024%2F05%2Fnorrkoping-gammal-1.jpg&#038;fit=crop&#038;w=528&#038;h=464&#038;s=28c02cc794088ea1815f7e5693714b9b 528w, https:\/\/www.abf.se\/ostergotland\/resized\/?url=https%3A%2F%2Fwww.abf.se%2Fwp-content%2Fuploads%2Fsites%2F64%2F2024%2F05%2Fnorrkoping-gammal-1.jpg&#038;fit=crop&#038;w=578&#038;h=509&#038;s=ab81af97472ded632c040fb9d5d38f5d 578w, https:\/\/www.abf.se\/ostergotland\/resized\/?url=https%3A%2F%2Fwww.abf.se%2Fwp-content%2Fuploads%2Fsites%2F64%2F2024%2F05%2Fnorrkoping-gammal-1.jpg&#038;fit=crop&#038;w=672&#038;h=591&#038;s=127c92e03fade911003666c08f3bc27f 672w, https:\/\/www.abf.se\/ostergotland\/resized\/?url=https%3A%2F%2Fwww.abf.se%2Fwp-content%2Fuploads%2Fsites%2F64%2F2024%2F05%2Fnorrkoping-gammal-1.jpg&#038;fit=crop&#038;w=864&#038;h=760&#038;s=69b7e63e97a4e5acb03e3e38a2cab6b4 864w, https:\/\/www.abf.se\/ostergotland\/resized\/?url=https%3A%2F%2Fwww.abf.se%2Fwp-content%2Fuploads%2Fsites%2F64%2F2024%2F05%2Fnorrkoping-gammal-1.jpg&#038;fit=crop&#038;w=1056&#038;h=929&#038;s=c50b24cdd877fc8538e584fcafffbf5f 1056w\" alt=\"\" height=\"509\" width=\"578\" sizes=\"auto, (max-width: 768px) 100vw,\n                (max-width: 1280px) 50vw, 578px\" loading=\"lazy\" fetchpriority=\"low\" \/><\/picture>\n\n        <\/div>\n        \n        <div class=\"w-full md:w-1\/2 md:order-1\">\n        <div class=\"mx-auto md:max-w-[368px]\">\n            <h2 class=\"heading-lg\">F\u00f6rening i samarbete med ABF<\/h2>\n            <div class=\"mb-6 mt-4 wysiwyg\">\n                <div class=\"acf-article-text-block article-container my-12\" data-block=\"article-text-block\">\n<div class=\"wysiwyg\">\n<p style=\"text-align: left\">M\u00e5nga f\u00f6reningar erbjuder studiecirklar och f\u00f6rel\u00e4sningar till sina medlemmar. Vi kan hj\u00e4lpa till med kostnadsfria cirkelledarutbildningar, tips om studiematerial och andra fr\u00e5gor som dyker upp n\u00e4r f\u00f6reningens medlemmar vill l\u00e4ra sig mer. Ibland kan vi \u00e4ven hj\u00e4lpa till med vissa kostnader. Ta kontakt med oss. P\u00e5 m\u00f6tet kan du:<\/p>\n<ul>\n<li>Presentera din id\u00e9 med studierna och f\u00e5 hj\u00e4lp med att utveckla den<\/li>\n<li>F\u00e5 veta hur du kan planera, genomf\u00f6ra och rapportera era studiecirklar, annan folkbildningsverksamhet och kulturarrangemang<\/li>\n<li>Ta reda p\u00e5 vilka utbildningar ABF \u00d6sterg\u00f6tland har f\u00f6r cirkelledare och f\u00f6rtroendevalda<\/li>\n<li>F\u00e5 information om studiematerial och ta reda p\u00e5 hur man g\u00f6r en arbetsplan<\/li>\n<\/ul>\n<\/div>\n<\/div>\n<div class=\"acf-article-text-block article-container my-12\" data-block=\"article-text-block\">\n<div class=\"wysiwyg\">\n<div class=\"mb-6 mt-4 wysiwyg\"><\/div>\n<\/div>\n<\/div>\n\n            <\/div>\n                                            <a href='mailto:info.ostergotland@abf.se' class=\"default-button\" target=\"\">Maila oss<\/a>\n                    <\/div>\n        <\/div>\n    <\/div>\n<\/div><div\n    class=\"acf-text-image-block container my-12 md:my-15\"\n    data-block=\"text-image-block\"\n>\n    <div\n    class=\"flex flex-col items-center md:flex-row gap-8 md:gap-0 justify-between\">\n                        <div class=\"w-full md:w-1\/2 md:order-1\">\n            <picture><img decoding=\"async\" src=\"https:\/\/www.abf.se\/ostergotland\/resized\/?url=https%3A%2F%2Fwww.abf.se%2Fwp-content%2Fuploads%2F2023%2F11%2Fcare-for-u-2_foto-istock_IMGP.jpg&#038;fit=crop&#038;w=578&#038;s=2a10bfbdc6fb2653052a61c758b31cd2\" srcset=\"https:\/\/www.abf.se\/ostergotland\/resized\/?url=https%3A%2F%2Fwww.abf.se%2Fwp-content%2Fuploads%2F2023%2F11%2Fcare-for-u-2_foto-istock_IMGP.jpg&#038;fit=crop&#038;w=144&#038;h=126&#038;s=9ef0a022694c364ec1bf680f495dd8c9 144w, https:\/\/www.abf.se\/ostergotland\/resized\/?url=https%3A%2F%2Fwww.abf.se%2Fwp-content%2Fuploads%2F2023%2F11%2Fcare-for-u-2_foto-istock_IMGP.jpg&#038;fit=crop&#038;w=240&#038;h=211&#038;s=ea5b4835a1e0aace8614b3a4d18e8b7e 240w, https:\/\/www.abf.se\/ostergotland\/resized\/?url=https%3A%2F%2Fwww.abf.se%2Fwp-content%2Fuploads%2F2023%2F11%2Fcare-for-u-2_foto-istock_IMGP.jpg&#038;fit=crop&#038;w=288&#038;h=253&#038;s=5fbd40ed4db127d539bcdf9d3bc83fdd 288w, https:\/\/www.abf.se\/ostergotland\/resized\/?url=https%3A%2F%2Fwww.abf.se%2Fwp-content%2Fuploads%2F2023%2F11%2Fcare-for-u-2_foto-istock_IMGP.jpg&#038;fit=crop&#038;w=336&#038;h=295&#038;s=b9aea65fd77528f26c5550da80d4f504 336w, https:\/\/www.abf.se\/ostergotland\/resized\/?url=https%3A%2F%2Fwww.abf.se%2Fwp-content%2Fuploads%2F2023%2F11%2Fcare-for-u-2_foto-istock_IMGP.jpg&#038;fit=crop&#038;w=432&#038;h=380&#038;s=fe985e2a1dbe202d4b761b78d942bfef 432w, https:\/\/www.abf.se\/ostergotland\/resized\/?url=https%3A%2F%2Fwww.abf.se%2Fwp-content%2Fuploads%2F2023%2F11%2Fcare-for-u-2_foto-istock_IMGP.jpg&#038;fit=crop&#038;w=480&#038;h=422&#038;s=cd77e68fc7d96e205d7dd3d4d3ce91c2 480w, https:\/\/www.abf.se\/ostergotland\/resized\/?url=https%3A%2F%2Fwww.abf.se%2Fwp-content%2Fuploads%2F2023%2F11%2Fcare-for-u-2_foto-istock_IMGP.jpg&#038;fit=crop&#038;w=528&#038;h=464&#038;s=7eff6a7bc5fb489705223925d129be6d 528w, https:\/\/www.abf.se\/ostergotland\/resized\/?url=https%3A%2F%2Fwww.abf.se%2Fwp-content%2Fuploads%2F2023%2F11%2Fcare-for-u-2_foto-istock_IMGP.jpg&#038;fit=crop&#038;w=578&#038;h=509&#038;s=3420a9ccf84c72e3f754ba5ed6f0134c 578w, https:\/\/www.abf.se\/ostergotland\/resized\/?url=https%3A%2F%2Fwww.abf.se%2Fwp-content%2Fuploads%2F2023%2F11%2Fcare-for-u-2_foto-istock_IMGP.jpg&#038;fit=crop&#038;w=672&#038;h=591&#038;s=127d0bfe12b08b884f6fff3a8991edad 672w, https:\/\/www.abf.se\/ostergotland\/resized\/?url=https%3A%2F%2Fwww.abf.se%2Fwp-content%2Fuploads%2F2023%2F11%2Fcare-for-u-2_foto-istock_IMGP.jpg&#038;fit=crop&#038;w=864&#038;h=760&#038;s=f1006c67d0cc9a8c2eafc538bf28e2f4 864w, https:\/\/www.abf.se\/ostergotland\/resized\/?url=https%3A%2F%2Fwww.abf.se%2Fwp-content%2Fuploads%2F2023%2F11%2Fcare-for-u-2_foto-istock_IMGP.jpg&#038;fit=crop&#038;w=1056&#038;h=929&#038;s=fbf49961643b4e5be072b3c01010c0bf 1056w\" alt=\"Aff&auml;rskvinna som ler under ett m&ouml;te p&aring; kontoret. Glad kvinnlig professionell tittar p&aring; manlig kollega och ler.\" height=\"509\" width=\"578\" sizes=\"auto, (max-width: 768px) 100vw,\n                (max-width: 1280px) 50vw, 578px\" loading=\"lazy\" fetchpriority=\"low\" \/><\/picture>\n\n        <\/div>\n        \n        <div class=\"w-full md:w-1\/2 md:order-2\">\n        <div class=\"mx-auto md:max-w-[368px]\">\n            <h2 class=\"heading-lg\"><\/h2>\n            <div class=\"mb-6 mt-4 wysiwyg\">\n                <h3>Medlemskap eller samarbetsavtal?<\/h3>\n<p>En organisation som blir medlem i ABF \u00d6sterg\u00f6tland har r\u00f6str\u00e4tt p\u00e5 \u00e5rs- och halv\u00e5rsm\u00f6tet och kan nominera till ABF-styrelsen.<\/p>\n<p>Ett alternativ \u00e4r att teckna samarbetsavtal d\u00e5 f\u00e5r man hj\u00e4lp och st\u00f6d med studier och kultur men har inget formellt inflytande p\u00e5 ABF:s representantskapsm\u00f6ten. Din f\u00f6renings kontaktperson hj\u00e4lper er att teckna ett samarbetsavtal om det \u00e4r aktuellt.<\/p>\n<h3 class=\"heading-lg\">Medlemskap i ABF \u00d6sterg\u00f6tland<\/h3>\n<p>N\u00e4r man ans\u00f6kt om att bli medlem hos ABF \u00d6sterg\u00f6tland ombeds man skicka in f\u00f6reningens stadgar och verksamhetsber\u00e4ttelse som fungerar som underlag f\u00f6r handl\u00e4ggningen av \u00e4rendet. ABF \u00d6sterg\u00f6tland utreder om den ans\u00f6kande uppfyller medlemskriterierna och l\u00e4gger d\u00e4refter f\u00f6rslag till styrelsen om att bevilja medlemskap f\u00f6r organisationen.<\/p>\n\n            <\/div>\n                    <\/div>\n        <\/div>\n    <\/div>\n<\/div>","protected":false},"excerpt":{"rendered":"","protected":false},"author":29,"featured_media":0,"parent":0,"menu_order":0,"comment_status":"closed","ping_status":"closed","template":"","meta":{"_acf_changed":false,"footnotes":""},"class_list":["post-1023","page","type-page","status-publish","hentry"],"acf":[],"yoast_head":"<!-- This site is optimized with the Yoast SEO plugin v27.0 - https:\/\/yoast.com\/product\/yoast-seo-wordpress\/ -->\n<title>Samarbeta med oss - \u00d6sterg\u00f6tland<\/title>\n<meta name=\"robots\" content=\"index, follow, max-snippet:-1, max-image-preview:large, max-video-preview:-1\" \/>\n<link rel=\"canonical\" href=\"https:\/\/www.abf.se\/ostergotland\/samarbeta-med-oss\/\" \/>\n<meta property=\"og:locale\" content=\"sv_SE\" \/>\n<meta property=\"og:type\" content=\"article\" \/>\n<meta property=\"og:title\" content=\"Samarbeta med oss - \u00d6sterg\u00f6tland\" \/>\n<meta property=\"og:url\" content=\"https:\/\/www.abf.se\/ostergotland\/samarbeta-med-oss\/\" \/>\n<meta property=\"og:site_name\" content=\"\u00d6sterg\u00f6tland\" \/>\n<meta property=\"article:modified_time\" content=\"2024-05-08T08:45:38+00:00\" \/>\n<meta property=\"og:image\" content=\"https:\/\/www.abf.se\/wp-content\/uploads\/sites\/64\/2024\/04\/Nyckeln-liggande-scaled.jpg\" \/>\n\t<meta property=\"og:image:width\" content=\"2560\" \/>\n\t<meta property=\"og:image:height\" content=\"1440\" \/>\n\t<meta property=\"og:image:type\" content=\"image\/jpeg\" \/>\n<meta name=\"twitter:card\" content=\"summary_large_image\" \/>\n<script type=\"application\/ld+json\" class=\"yoast-schema-graph\">{\"@context\":\"https:\/\/schema.org\",\"@graph\":[{\"@type\":\"WebPage\",\"@id\":\"https:\/\/www.abf.se\/ostergotland\/samarbeta-med-oss\/\",\"url\":\"https:\/\/www.abf.se\/ostergotland\/samarbeta-med-oss\/\",\"name\":\"Samarbeta med oss - \u00d6sterg\u00f6tland\",\"isPartOf\":{\"@id\":\"https:\/\/www.abf.se\/ostergotland\/#website\"},\"datePublished\":\"2024-05-08T06:35:49+00:00\",\"dateModified\":\"2024-05-08T08:45:38+00:00\",\"breadcrumb\":{\"@id\":\"https:\/\/www.abf.se\/ostergotland\/samarbeta-med-oss\/#breadcrumb\"},\"inLanguage\":\"sv-SE\",\"potentialAction\":[{\"@type\":\"ReadAction\",\"target\":[\"https:\/\/www.abf.se\/ostergotland\/samarbeta-med-oss\/\"]}]},{\"@type\":\"BreadcrumbList\",\"@id\":\"https:\/\/www.abf.se\/ostergotland\/samarbeta-med-oss\/#breadcrumb\",\"itemListElement\":[{\"@type\":\"ListItem\",\"position\":1,\"name\":\"Home\",\"item\":\"https:\/\/www.abf.se\/ostergotland\/\"},{\"@type\":\"ListItem\",\"position\":2,\"name\":\"Samarbeta med oss\"}]},{\"@type\":\"WebSite\",\"@id\":\"https:\/\/www.abf.se\/ostergotland\/#website\",\"url\":\"https:\/\/www.abf.se\/ostergotland\/\",\"name\":\"\u00d6sterg\u00f6tland\",\"description\":\"\",\"potentialAction\":[{\"@type\":\"SearchAction\",\"target\":{\"@type\":\"EntryPoint\",\"urlTemplate\":\"https:\/\/www.abf.se\/ostergotland\/?s={search_term_string}\"},\"query-input\":{\"@type\":\"PropertyValueSpecification\",\"valueRequired\":true,\"valueName\":\"search_term_string\"}}],\"inLanguage\":\"sv-SE\"}]}<\/script>\n<!-- \/ Yoast SEO plugin. -->","yoast_head_json":{"title":"Samarbeta med oss - \u00d6sterg\u00f6tland","robots":{"index":"index","follow":"follow","max-snippet":"max-snippet:-1","max-image-preview":"max-image-preview:large","max-video-preview":"max-video-preview:-1"},"canonical":"https:\/\/www.abf.se\/ostergotland\/samarbeta-med-oss\/","og_locale":"sv_SE","og_type":"article","og_title":"Samarbeta med oss - \u00d6sterg\u00f6tland","og_url":"https:\/\/www.abf.se\/ostergotland\/samarbeta-med-oss\/","og_site_name":"\u00d6sterg\u00f6tland","article_modified_time":"2024-05-08T08:45:38+00:00","og_image":[{"width":2560,"height":1440,"url":"https:\/\/www.abf.se\/wp-content\/uploads\/sites\/64\/2024\/04\/Nyckeln-liggande-scaled.jpg","type":"image\/jpeg"}],"twitter_card":"summary_large_image","schema":{"@context":"https:\/\/schema.org","@graph":[{"@type":"WebPage","@id":"https:\/\/www.abf.se\/ostergotland\/samarbeta-med-oss\/","url":"https:\/\/www.abf.se\/ostergotland\/samarbeta-med-oss\/","name":"Samarbeta med oss - \u00d6sterg\u00f6tland","isPartOf":{"@id":"https:\/\/www.abf.se\/ostergotland\/#website"},"datePublished":"2024-05-08T06:35:49+00:00","dateModified":"2024-05-08T08:45:38+00:00","breadcrumb":{"@id":"https:\/\/www.abf.se\/ostergotland\/samarbeta-med-oss\/#breadcrumb"},"inLanguage":"sv-SE","potentialAction":[{"@type":"ReadAction","target":["https:\/\/www.abf.se\/ostergotland\/samarbeta-med-oss\/"]}]},{"@type":"BreadcrumbList","@id":"https:\/\/www.abf.se\/ostergotland\/samarbeta-med-oss\/#breadcrumb","itemListElement":[{"@type":"ListItem","position":1,"name":"Home","item":"https:\/\/www.abf.se\/ostergotland\/"},{"@type":"ListItem","position":2,"name":"Samarbeta med oss"}]},{"@type":"WebSite","@id":"https:\/\/www.abf.se\/ostergotland\/#website","url":"https:\/\/www.abf.se\/ostergotland\/","name":"\u00d6sterg\u00f6tland","description":"","potentialAction":[{"@type":"SearchAction","target":{"@type":"EntryPoint","urlTemplate":"https:\/\/www.abf.se\/ostergotland\/?s={search_term_string}"},"query-input":{"@type":"PropertyValueSpecification","valueRequired":true,"valueName":"search_term_string"}}],"inLanguage":"sv-SE"}]}},"_links":{"self":[{"href":"https:\/\/www.abf.se\/ostergotland\/wp-json\/wp\/v2\/pages\/1023","targetHints":{"allow":["GET"]}}],"collection":[{"href":"https:\/\/www.abf.se\/ostergotland\/wp-json\/wp\/v2\/pages"}],"about":[{"href":"https:\/\/www.abf.se\/ostergotland\/wp-json\/wp\/v2\/types\/page"}],"author":[{"embeddable":true,"href":"https:\/\/www.abf.se\/ostergotland\/wp-json\/wp\/v2\/users\/29"}],"replies":[{"embeddable":true,"href":"https:\/\/www.abf.se\/ostergotland\/wp-json\/wp\/v2\/comments?post=1023"}],"version-history":[{"count":26,"href":"https:\/\/www.abf.se\/ostergotland\/wp-json\/wp\/v2\/pages\/1023\/revisions"}],"predecessor-version":[{"id":1084,"href":"https:\/\/www.abf.se\/ostergotland\/wp-json\/wp\/v2\/pages\/1023\/revisions\/1084"}],"wp:attachment":[{"href":"https:\/\/www.abf.se\/ostergotland\/wp-json\/wp\/v2\/media?parent=1023"}],"curies":[{"name":"wp","href":"https:\/\/api.w.org\/{rel}","templated":true}]}}