{"id":1110,"date":"2024-08-05T10:43:12","date_gmt":"2024-08-05T08:43:12","guid":{"rendered":"https:\/\/www.abf.se\/ostergotland\/?page_id=1110"},"modified":"2024-08-05T13:52:45","modified_gmt":"2024-08-05T11:52:45","slug":"narcon","status":"publish","type":"page","link":"https:\/\/www.abf.se\/ostergotland\/narcon\/","title":{"rendered":"N\u00e4rCon"},"content":{"rendered":"<div\n    class=\"acf-text-image-block container my-12 md:my-15\"\n    data-block=\"text-image-block\"\n>\n    <div\n    class=\"flex flex-col items-center md:flex-row gap-8 md:gap-0 justify-between\">\n                        <div class=\"w-full md:w-1\/2 md:order-2\">\n            <picture><img decoding=\"async\" src=\"https:\/\/www.abf.se\/ostergotland\/resized\/?url=https%3A%2F%2Fwww.abf.se%2Fwp-content%2Fuploads%2Fsites%2F64%2F2024%2F08%2FNarCon-panda.jpg&#038;fit=crop&#038;w=578&#038;s=f0e61c84f79843fa266451e6396ce266\" srcset=\"https:\/\/www.abf.se\/ostergotland\/resized\/?url=https%3A%2F%2Fwww.abf.se%2Fwp-content%2Fuploads%2Fsites%2F64%2F2024%2F08%2FNarCon-panda.jpg&#038;fit=crop&#038;w=144&#038;h=126&#038;s=557050c21ddd5c013a1fba0517bb4041 144w, https:\/\/www.abf.se\/ostergotland\/resized\/?url=https%3A%2F%2Fwww.abf.se%2Fwp-content%2Fuploads%2Fsites%2F64%2F2024%2F08%2FNarCon-panda.jpg&#038;fit=crop&#038;w=240&#038;h=211&#038;s=2d1b8e54b7535fe1eda65623536570dd 240w, https:\/\/www.abf.se\/ostergotland\/resized\/?url=https%3A%2F%2Fwww.abf.se%2Fwp-content%2Fuploads%2Fsites%2F64%2F2024%2F08%2FNarCon-panda.jpg&#038;fit=crop&#038;w=288&#038;h=253&#038;s=d8d02e200ad3ee3ceab016ccf24d8297 288w, https:\/\/www.abf.se\/ostergotland\/resized\/?url=https%3A%2F%2Fwww.abf.se%2Fwp-content%2Fuploads%2Fsites%2F64%2F2024%2F08%2FNarCon-panda.jpg&#038;fit=crop&#038;w=336&#038;h=295&#038;s=b73ff25e337cdc6b1372effa74b2e658 336w, https:\/\/www.abf.se\/ostergotland\/resized\/?url=https%3A%2F%2Fwww.abf.se%2Fwp-content%2Fuploads%2Fsites%2F64%2F2024%2F08%2FNarCon-panda.jpg&#038;fit=crop&#038;w=432&#038;h=380&#038;s=8efd24813a86f5169f7f42d715432e5f 432w, https:\/\/www.abf.se\/ostergotland\/resized\/?url=https%3A%2F%2Fwww.abf.se%2Fwp-content%2Fuploads%2Fsites%2F64%2F2024%2F08%2FNarCon-panda.jpg&#038;fit=crop&#038;w=480&#038;h=422&#038;s=123f33b4e8d68a84dd330c9cc7be4068 480w, https:\/\/www.abf.se\/ostergotland\/resized\/?url=https%3A%2F%2Fwww.abf.se%2Fwp-content%2Fuploads%2Fsites%2F64%2F2024%2F08%2FNarCon-panda.jpg&#038;fit=crop&#038;w=528&#038;h=464&#038;s=5dad28e3792683df9cd2bd943407e0e3 528w, https:\/\/www.abf.se\/ostergotland\/resized\/?url=https%3A%2F%2Fwww.abf.se%2Fwp-content%2Fuploads%2Fsites%2F64%2F2024%2F08%2FNarCon-panda.jpg&#038;fit=crop&#038;w=578&#038;h=509&#038;s=4bfc397d91535d7a4573a48ec9501966 578w, https:\/\/www.abf.se\/ostergotland\/resized\/?url=https%3A%2F%2Fwww.abf.se%2Fwp-content%2Fuploads%2Fsites%2F64%2F2024%2F08%2FNarCon-panda.jpg&#038;fit=crop&#038;w=672&#038;h=591&#038;s=83821ab2c39ae05b9ff332f2816312a0 672w, https:\/\/www.abf.se\/ostergotland\/resized\/?url=https%3A%2F%2Fwww.abf.se%2Fwp-content%2Fuploads%2Fsites%2F64%2F2024%2F08%2FNarCon-panda.jpg&#038;fit=crop&#038;w=864&#038;h=760&#038;s=4ae6d16796d39b8177a9568dc8a725c8 864w, https:\/\/www.abf.se\/ostergotland\/resized\/?url=https%3A%2F%2Fwww.abf.se%2Fwp-content%2Fuploads%2Fsites%2F64%2F2024%2F08%2FNarCon-panda.jpg&#038;fit=crop&#038;w=1056&#038;h=929&#038;s=7408b9eaf2cc20ced412ed530fa2e295 1056w\" alt=\"\" height=\"509\" width=\"578\" sizes=\"auto, (max-width: 768px) 100vw,\n                (max-width: 1280px) 50vw, 578px\" loading=\"lazy\" fetchpriority=\"low\" \/><\/picture>\n\n        <\/div>\n        \n        <div class=\"w-full md:w-1\/2 md:order-1\">\n        <div class=\"mx-auto md:max-w-[368px]\">\n            <h2 class=\"heading-lg\">N\u00e4rCon<\/h2>\n            <div class=\"mb-6 mt-4 wysiwyg\">\n                <p><span data-contrast=\"auto\">N\u00e4rCon startade som en ideell f\u00f6rening och anordnar \u00e5rligen minst tre spel- och cosplayfestivaler i Link\u00f6ping. ABF och N\u00e4rCon har samarbetat sedan 2015.<\/span><span data-ccp-props=\"{&quot;134233117&quot;:false,&quot;134233118&quot;:false,&quot;201341983&quot;:0,&quot;335559738&quot;:0,&quot;335559739&quot;:300,&quot;335559740&quot;:259}\">\u00a0<\/span><\/p>\n<p><span data-contrast=\"none\">P\u00e5 festivalerna samlas n\u00f6rdar fr\u00e5n hela Sverige f\u00f6r att tr\u00e4ffa likasinnade, spela spel och se shower med dans, musik och teater. M\u00e5nga av bes\u00f6karna \u00e4r ocks\u00e5 en del av kulturarrangemangen \u2013 som dansare, i teaterf\u00f6rest\u00e4llningar och shower, med kostymer de sj\u00e4lva skapat och som utst\u00e4llare i artist-alley med serier, teckningar och konsthantverk. N\u00e4rCon \u00e4r den st\u00f6rsta arenan f\u00f6r n\u00f6rdkultur i Norden och folkbildningen \u00e4r en viktig del av den kulturen.<\/span><\/p>\n<p><b><span data-contrast=\"none\">Allt som sker p\u00e5 N\u00e4rCon \u00e4r inte folkbildning <\/span><\/b><br \/>\n<span data-contrast=\"none\">I N\u00e4rCons egen app kan bes\u00f6kare hitta hundratals programpunkter, fullst\u00e4ndigt schema och all t\u00e4nkbar information om konventet. En stor del av verksamheten \u00e4r spel \u2013 br\u00e4dspel, rollspel, datorspel och arkadspel med mera. ABF tycker att det \u00e4r roligt med spel, turneringar och t\u00e4vlingar men det \u00e4r inget vi rapporterar som folkbildande verksamhet.\u00a0<\/span><span data-ccp-props=\"{&quot;134233117&quot;:false,&quot;134233118&quot;:false,&quot;201341983&quot;:0,&quot;335557856&quot;:16777215,&quot;335559738&quot;:0,&quot;335559739&quot;:203,&quot;335559740&quot;:259}\">\u00a0<\/span><\/p>\n<h3>N\u00e4rCon sommar 2024<\/h3>\n<p>Link\u00f6pings universitet 25-27 juli<\/p>\n<p><span data-contrast=\"none\">I N\u00e4rCons app hittar du fullst\u00e4ndigt schema. Ladda ner appen gratis h\u00e4r:<\/span><br \/>\n<a href=\"https:\/\/www.narcon.se\/appen\"><span data-contrast=\"none\">https:\/\/www.narcon.se\/appen<\/span><\/a><span data-ccp-props=\"{&quot;134233117&quot;:false,&quot;134233118&quot;:false,&quot;201341983&quot;:0,&quot;335557856&quot;:16777215,&quot;335559738&quot;:0,&quot;335559739&quot;:203,&quot;335559740&quot;:259}\">\u00a0<\/span><\/p>\n<p><a href=\"https:\/\/www.abf.se\/wp-content\/uploads\/sites\/64\/2024\/08\/NarCon-sommar-2024.pdf\"><span data-contrast=\"none\">H\u00e4r hittar du samtliga arrangemang som N\u00e4rCon g\u00f6r tillsammans med ABF \u00d6sterg\u00f6tland p\u00e5 N\u00e4rCon sommar 2024.<\/span><\/a><\/p>\n\n            <\/div>\n                                            <a href='https:\/\/www.abf.se\/wp-content\/uploads\/sites\/64\/2024\/08\/NarCon-sommar-2024.pdf' class=\"default-button\" target=\"\">Arrangemang p\u00e5 N\u00e4rCon<\/a>\n                    <\/div>\n        <\/div>\n    <\/div>\n<\/div>","protected":false},"excerpt":{"rendered":"","protected":false},"author":29,"featured_media":0,"parent":0,"menu_order":0,"comment_status":"closed","ping_status":"closed","template":"","meta":{"_acf_changed":false,"footnotes":""},"class_list":["post-1110","page","type-page","status-publish","hentry"],"acf":[],"yoast_head":"<!-- This site is optimized with the Yoast SEO plugin v27.0 - https:\/\/yoast.com\/product\/yoast-seo-wordpress\/ -->\n<title>N\u00e4rCon - \u00d6sterg\u00f6tland<\/title>\n<meta name=\"robots\" content=\"index, follow, max-snippet:-1, max-image-preview:large, max-video-preview:-1\" \/>\n<link rel=\"canonical\" href=\"https:\/\/www.abf.se\/ostergotland\/narcon\/\" \/>\n<meta property=\"og:locale\" content=\"sv_SE\" \/>\n<meta property=\"og:type\" content=\"article\" \/>\n<meta property=\"og:title\" content=\"N\u00e4rCon - \u00d6sterg\u00f6tland\" \/>\n<meta property=\"og:url\" content=\"https:\/\/www.abf.se\/ostergotland\/narcon\/\" \/>\n<meta property=\"og:site_name\" content=\"\u00d6sterg\u00f6tland\" \/>\n<meta property=\"article:modified_time\" content=\"2024-08-05T11:52:45+00:00\" \/>\n<meta property=\"og:image\" content=\"https:\/\/www.abf.se\/wp-content\/uploads\/sites\/64\/2024\/04\/Nyckeln-liggande-scaled.jpg\" \/>\n\t<meta property=\"og:image:width\" content=\"2560\" \/>\n\t<meta property=\"og:image:height\" content=\"1440\" \/>\n\t<meta property=\"og:image:type\" content=\"image\/jpeg\" \/>\n<meta name=\"twitter:card\" content=\"summary_large_image\" \/>\n<script type=\"application\/ld+json\" class=\"yoast-schema-graph\">{\"@context\":\"https:\/\/schema.org\",\"@graph\":[{\"@type\":\"WebPage\",\"@id\":\"https:\/\/www.abf.se\/ostergotland\/narcon\/\",\"url\":\"https:\/\/www.abf.se\/ostergotland\/narcon\/\",\"name\":\"N\u00e4rCon - \u00d6sterg\u00f6tland\",\"isPartOf\":{\"@id\":\"https:\/\/www.abf.se\/ostergotland\/#website\"},\"datePublished\":\"2024-08-05T08:43:12+00:00\",\"dateModified\":\"2024-08-05T11:52:45+00:00\",\"breadcrumb\":{\"@id\":\"https:\/\/www.abf.se\/ostergotland\/narcon\/#breadcrumb\"},\"inLanguage\":\"sv-SE\",\"potentialAction\":[{\"@type\":\"ReadAction\",\"target\":[\"https:\/\/www.abf.se\/ostergotland\/narcon\/\"]}]},{\"@type\":\"BreadcrumbList\",\"@id\":\"https:\/\/www.abf.se\/ostergotland\/narcon\/#breadcrumb\",\"itemListElement\":[{\"@type\":\"ListItem\",\"position\":1,\"name\":\"Home\",\"item\":\"https:\/\/www.abf.se\/ostergotland\/\"},{\"@type\":\"ListItem\",\"position\":2,\"name\":\"N\u00e4rCon\"}]},{\"@type\":\"WebSite\",\"@id\":\"https:\/\/www.abf.se\/ostergotland\/#website\",\"url\":\"https:\/\/www.abf.se\/ostergotland\/\",\"name\":\"\u00d6sterg\u00f6tland\",\"description\":\"\",\"potentialAction\":[{\"@type\":\"SearchAction\",\"target\":{\"@type\":\"EntryPoint\",\"urlTemplate\":\"https:\/\/www.abf.se\/ostergotland\/?s={search_term_string}\"},\"query-input\":{\"@type\":\"PropertyValueSpecification\",\"valueRequired\":true,\"valueName\":\"search_term_string\"}}],\"inLanguage\":\"sv-SE\"}]}<\/script>\n<!-- \/ Yoast SEO plugin. -->","yoast_head_json":{"title":"N\u00e4rCon - \u00d6sterg\u00f6tland","robots":{"index":"index","follow":"follow","max-snippet":"max-snippet:-1","max-image-preview":"max-image-preview:large","max-video-preview":"max-video-preview:-1"},"canonical":"https:\/\/www.abf.se\/ostergotland\/narcon\/","og_locale":"sv_SE","og_type":"article","og_title":"N\u00e4rCon - \u00d6sterg\u00f6tland","og_url":"https:\/\/www.abf.se\/ostergotland\/narcon\/","og_site_name":"\u00d6sterg\u00f6tland","article_modified_time":"2024-08-05T11:52:45+00:00","og_image":[{"width":2560,"height":1440,"url":"https:\/\/www.abf.se\/wp-content\/uploads\/sites\/64\/2024\/04\/Nyckeln-liggande-scaled.jpg","type":"image\/jpeg"}],"twitter_card":"summary_large_image","schema":{"@context":"https:\/\/schema.org","@graph":[{"@type":"WebPage","@id":"https:\/\/www.abf.se\/ostergotland\/narcon\/","url":"https:\/\/www.abf.se\/ostergotland\/narcon\/","name":"N\u00e4rCon - \u00d6sterg\u00f6tland","isPartOf":{"@id":"https:\/\/www.abf.se\/ostergotland\/#website"},"datePublished":"2024-08-05T08:43:12+00:00","dateModified":"2024-08-05T11:52:45+00:00","breadcrumb":{"@id":"https:\/\/www.abf.se\/ostergotland\/narcon\/#breadcrumb"},"inLanguage":"sv-SE","potentialAction":[{"@type":"ReadAction","target":["https:\/\/www.abf.se\/ostergotland\/narcon\/"]}]},{"@type":"BreadcrumbList","@id":"https:\/\/www.abf.se\/ostergotland\/narcon\/#breadcrumb","itemListElement":[{"@type":"ListItem","position":1,"name":"Home","item":"https:\/\/www.abf.se\/ostergotland\/"},{"@type":"ListItem","position":2,"name":"N\u00e4rCon"}]},{"@type":"WebSite","@id":"https:\/\/www.abf.se\/ostergotland\/#website","url":"https:\/\/www.abf.se\/ostergotland\/","name":"\u00d6sterg\u00f6tland","description":"","potentialAction":[{"@type":"SearchAction","target":{"@type":"EntryPoint","urlTemplate":"https:\/\/www.abf.se\/ostergotland\/?s={search_term_string}"},"query-input":{"@type":"PropertyValueSpecification","valueRequired":true,"valueName":"search_term_string"}}],"inLanguage":"sv-SE"}]}},"_links":{"self":[{"href":"https:\/\/www.abf.se\/ostergotland\/wp-json\/wp\/v2\/pages\/1110","targetHints":{"allow":["GET"]}}],"collection":[{"href":"https:\/\/www.abf.se\/ostergotland\/wp-json\/wp\/v2\/pages"}],"about":[{"href":"https:\/\/www.abf.se\/ostergotland\/wp-json\/wp\/v2\/types\/page"}],"author":[{"embeddable":true,"href":"https:\/\/www.abf.se\/ostergotland\/wp-json\/wp\/v2\/users\/29"}],"replies":[{"embeddable":true,"href":"https:\/\/www.abf.se\/ostergotland\/wp-json\/wp\/v2\/comments?post=1110"}],"version-history":[{"count":9,"href":"https:\/\/www.abf.se\/ostergotland\/wp-json\/wp\/v2\/pages\/1110\/revisions"}],"predecessor-version":[{"id":1122,"href":"https:\/\/www.abf.se\/ostergotland\/wp-json\/wp\/v2\/pages\/1110\/revisions\/1122"}],"wp:attachment":[{"href":"https:\/\/www.abf.se\/ostergotland\/wp-json\/wp\/v2\/media?parent=1110"}],"curies":[{"name":"wp","href":"https:\/\/api.w.org\/{rel}","templated":true}]}}