{"id":1125,"date":"2024-08-07T11:24:51","date_gmt":"2024-08-07T09:24:51","guid":{"rendered":"https:\/\/www.abf.se\/ostergotland\/?page_id=1125"},"modified":"2025-06-24T10:38:01","modified_gmt":"2025-06-24T08:38:01","slug":"folkan-bio-gusum","status":"publish","type":"page","link":"https:\/\/www.abf.se\/ostergotland\/folkan-bio-gusum\/","title":{"rendered":"Folkan Bio Gusum"},"content":{"rendered":"<div\n    class=\"acf-text-image-block container my-12 md:my-15\"\n    data-block=\"text-image-block\"\n>\n    <div\n    class=\"flex flex-col items-center md:flex-row gap-8 md:gap-0 justify-between\">\n                        <div class=\"w-full md:w-1\/2 md:order-2\">\n            <picture><img decoding=\"async\" src=\"https:\/\/www.abf.se\/ostergotland\/resized\/?url=https%3A%2F%2Fwww.abf.se%2Fwp-content%2Fuploads%2Fsites%2F64%2F2024%2F08%2Fpexels-jibarofoto-2774556-scaled.jpg&#038;fit=crop&#038;w=578&#038;s=0c61e8df225dfc08d27f557f2e75b477\" srcset=\"https:\/\/www.abf.se\/ostergotland\/resized\/?url=https%3A%2F%2Fwww.abf.se%2Fwp-content%2Fuploads%2Fsites%2F64%2F2024%2F08%2Fpexels-jibarofoto-2774556-scaled.jpg&#038;fit=crop&#038;w=144&#038;h=126&#038;s=bdee126463900798284261f8f79ff5ec 144w, https:\/\/www.abf.se\/ostergotland\/resized\/?url=https%3A%2F%2Fwww.abf.se%2Fwp-content%2Fuploads%2Fsites%2F64%2F2024%2F08%2Fpexels-jibarofoto-2774556-scaled.jpg&#038;fit=crop&#038;w=240&#038;h=211&#038;s=dc1cefeec22b09d7aff531a0cb1a19a1 240w, https:\/\/www.abf.se\/ostergotland\/resized\/?url=https%3A%2F%2Fwww.abf.se%2Fwp-content%2Fuploads%2Fsites%2F64%2F2024%2F08%2Fpexels-jibarofoto-2774556-scaled.jpg&#038;fit=crop&#038;w=288&#038;h=253&#038;s=5033c7a866c1695919546ab6a2c5f6dc 288w, https:\/\/www.abf.se\/ostergotland\/resized\/?url=https%3A%2F%2Fwww.abf.se%2Fwp-content%2Fuploads%2Fsites%2F64%2F2024%2F08%2Fpexels-jibarofoto-2774556-scaled.jpg&#038;fit=crop&#038;w=336&#038;h=295&#038;s=d47fb0f0127af122093e90b54049b419 336w, https:\/\/www.abf.se\/ostergotland\/resized\/?url=https%3A%2F%2Fwww.abf.se%2Fwp-content%2Fuploads%2Fsites%2F64%2F2024%2F08%2Fpexels-jibarofoto-2774556-scaled.jpg&#038;fit=crop&#038;w=432&#038;h=380&#038;s=3cc36914a0252edbc747206e9e69eafb 432w, https:\/\/www.abf.se\/ostergotland\/resized\/?url=https%3A%2F%2Fwww.abf.se%2Fwp-content%2Fuploads%2Fsites%2F64%2F2024%2F08%2Fpexels-jibarofoto-2774556-scaled.jpg&#038;fit=crop&#038;w=480&#038;h=422&#038;s=91f08304d9c05705056986a3677ea889 480w, https:\/\/www.abf.se\/ostergotland\/resized\/?url=https%3A%2F%2Fwww.abf.se%2Fwp-content%2Fuploads%2Fsites%2F64%2F2024%2F08%2Fpexels-jibarofoto-2774556-scaled.jpg&#038;fit=crop&#038;w=528&#038;h=464&#038;s=f60ce6aecb84d7eace2a7b6c1b6a6779 528w, https:\/\/www.abf.se\/ostergotland\/resized\/?url=https%3A%2F%2Fwww.abf.se%2Fwp-content%2Fuploads%2Fsites%2F64%2F2024%2F08%2Fpexels-jibarofoto-2774556-scaled.jpg&#038;fit=crop&#038;w=578&#038;h=509&#038;s=07aac3c822352a9bffa2168ad4ee6592 578w, https:\/\/www.abf.se\/ostergotland\/resized\/?url=https%3A%2F%2Fwww.abf.se%2Fwp-content%2Fuploads%2Fsites%2F64%2F2024%2F08%2Fpexels-jibarofoto-2774556-scaled.jpg&#038;fit=crop&#038;w=672&#038;h=591&#038;s=cef801eb857e940c74ef2653d15944bf 672w, https:\/\/www.abf.se\/ostergotland\/resized\/?url=https%3A%2F%2Fwww.abf.se%2Fwp-content%2Fuploads%2Fsites%2F64%2F2024%2F08%2Fpexels-jibarofoto-2774556-scaled.jpg&#038;fit=crop&#038;w=864&#038;h=760&#038;s=b66b0dfd9496bb033599a22986d21fb6 864w, https:\/\/www.abf.se\/ostergotland\/resized\/?url=https%3A%2F%2Fwww.abf.se%2Fwp-content%2Fuploads%2Fsites%2F64%2F2024%2F08%2Fpexels-jibarofoto-2774556-scaled.jpg&#038;fit=crop&#038;w=1056&#038;h=929&#038;s=5d722928dd4b49f827e8d774bebb723e 1056w\" alt=\"Bio publik\" height=\"509\" width=\"578\" sizes=\"auto, (max-width: 768px) 100vw,\n                (max-width: 1280px) 50vw, 578px\" loading=\"lazy\" fetchpriority=\"low\" \/><\/picture>\n\n        <\/div>\n        \n        <div class=\"w-full md:w-1\/2 md:order-1\">\n        <div class=\"mx-auto md:max-w-[368px]\">\n            <h2 class=\"heading-lg\">Folkan Bio Gusum<\/h2>\n            <div class=\"mb-6 mt-4 wysiwyg\">\n                <p><span data-contrast=\"none\">Folkan Bio Gusum ligger i Valdermarsvik och \u00e4r ett kulturcentrum f\u00f6r ung som gammal. D\u00e4r kan man dr\u00f6mma sig bort i fantasinsv\u00e4rld, p\u00e5 film, opera, konserter b\u00e5de live och inspelade, art on screen (konstprogram och museefilmer).<\/span><br \/>\n<span data-ccp-props=\"{&quot;134233117&quot;:false,&quot;134233118&quot;:false,&quot;201341983&quot;:0,&quot;335557856&quot;:16449535,&quot;335559738&quot;:0,&quot;335559739&quot;:300,&quot;335559740&quot;:259}\">\u00a0<\/span><\/p>\n<h3><span data-contrast=\"none\">Folkan Bio Gusum \u00e4r Gusums Folkets Hus<\/span><span data-ccp-props=\"{&quot;134233117&quot;:false,&quot;134233118&quot;:false,&quot;201341983&quot;:0,&quot;335557856&quot;:16449535,&quot;335559738&quot;:0,&quot;335559739&quot;:300,&quot;335559740&quot;:259}\">\u00a0<\/span><\/h3>\n<p><span data-contrast=\"none\">Folkan Bio Gusum \u00e4r en Folkets Hus och Parker-biograf. Folkets Hus och Parker finns \u00f6ver hela landet och har tillsammans n\u00e4rmare 500 lokala m\u00f6tesplatser.<\/span><br \/>\n<span data-contrast=\"none\">\u201cBland oss samlas Folkets Hus, folkparker, biografer och liknande lokala arrang\u00f6rer sedan \u00f6ver 100 \u00e5r tillbaka och tillsammans lockar vi \u00e5rligen miljontals bes\u00f6kare i hela landet.\u201d st\u00e5r det p\u00e5 Folkets Hus och Parkers hemsida.\u00a0<\/span><span data-ccp-props=\"{&quot;134233117&quot;:false,&quot;134233118&quot;:false,&quot;201341983&quot;:0,&quot;335557856&quot;:16449535,&quot;335559738&quot;:0,&quot;335559739&quot;:300,&quot;335559740&quot;:259}\">\u00a0<\/span><\/p>\n<p><span data-contrast=\"none\">Folkan Bio Gusum \u00e4r medlemsorganisation i studief\u00f6rbundet ABF, detta betyder att vi samverkar och arbetar tillsammans med aktiviteter och olika arrangemang. Folkan Bio Gusum rapporterar verksamhet till ABF \u00d6sterg\u00f6tland.<\/span><\/p>\n<p><span data-contrast=\"auto\">Det \u00e4r viktigt f\u00f6r ABF att samarbeta med Folkan Bio Gusum f\u00f6r att m\u00f6jligg\u00f6ra att filmer som inte visas p\u00e5 kommersiella biografer kan visas d\u00e4r.\u00a0<\/span><span data-ccp-props=\"{&quot;134233117&quot;:false,&quot;134233118&quot;:false,&quot;201341983&quot;:0,&quot;335557856&quot;:16449535,&quot;335559738&quot;:0,&quot;335559739&quot;:300,&quot;335559740&quot;:259}\">\u00a0<\/span><\/p>\n<p><a href=\"https:\/\/www.folkanbiogusum.se\"><span data-contrast=\"auto\">H\u00e4r kan du bes\u00f6ka Folkan Bio Gusum och boka biljett.<\/span><\/a><span data-ccp-props=\"{&quot;134233117&quot;:false,&quot;134233118&quot;:false,&quot;201341983&quot;:0,&quot;335557856&quot;:16449535,&quot;335559738&quot;:0,&quot;335559739&quot;:300,&quot;335559740&quot;:259}\">\u00a0<\/span><\/p>\n<p><span data-contrast=\"auto\">H\u00e4r kan du l\u00e4sa mer om Folkets Hus och Parker.<\/span><span data-ccp-props=\"{&quot;134233117&quot;:false,&quot;134233118&quot;:false,&quot;201341983&quot;:0,&quot;335557856&quot;:16449535,&quot;335559738&quot;:0,&quot;335559739&quot;:300,&quot;335559740&quot;:259}\">\u00a0<\/span><\/p>\n<p><a href=\"https:\/\/www.abf.se\/wp-content\/uploads\/sites\/64\/2024\/09\/Folkan-Bio-Gusum-september-oktober-2024.pdf\"><span data-contrast=\"auto\">H\u00e4r kan du se alla filmvisningar\/opera\/konserter som Folkan Bio Gusum rapporterar till ABF \u00d6sterg\u00f6tland under v\u00e5ren 2025.<\/span><\/a><\/p>\n<p><span data-ccp-props=\"{&quot;201341983&quot;:0,&quot;335559739&quot;:160,&quot;335559740&quot;:259}\">\u00a0<\/span><\/p>\n\n            <\/div>\n                                            <a href='https:\/\/www.folkanbiogusum.se' class=\"default-button\" target=\"\">Folkan Bio Gusum<\/a>\n                    <\/div>\n        <\/div>\n    <\/div>\n<\/div>","protected":false},"excerpt":{"rendered":"","protected":false},"author":29,"featured_media":0,"parent":0,"menu_order":0,"comment_status":"closed","ping_status":"closed","template":"","meta":{"_acf_changed":false,"footnotes":""},"class_list":["post-1125","page","type-page","status-publish","hentry"],"acf":[],"yoast_head":"<!-- This site is optimized with the Yoast SEO plugin v27.0 - https:\/\/yoast.com\/product\/yoast-seo-wordpress\/ -->\n<title>Folkan Bio Gusum - \u00d6sterg\u00f6tland<\/title>\n<meta name=\"robots\" content=\"index, follow, max-snippet:-1, max-image-preview:large, max-video-preview:-1\" \/>\n<link rel=\"canonical\" href=\"https:\/\/www.abf.se\/ostergotland\/folkan-bio-gusum\/\" \/>\n<meta property=\"og:locale\" content=\"sv_SE\" \/>\n<meta property=\"og:type\" content=\"article\" \/>\n<meta property=\"og:title\" content=\"Folkan Bio Gusum - \u00d6sterg\u00f6tland\" \/>\n<meta property=\"og:url\" content=\"https:\/\/www.abf.se\/ostergotland\/folkan-bio-gusum\/\" \/>\n<meta property=\"og:site_name\" content=\"\u00d6sterg\u00f6tland\" \/>\n<meta property=\"article:modified_time\" content=\"2025-06-24T08:38:01+00:00\" \/>\n<meta property=\"og:image\" content=\"https:\/\/www.abf.se\/wp-content\/uploads\/sites\/64\/2024\/04\/Nyckeln-liggande-scaled.jpg\" \/>\n\t<meta property=\"og:image:width\" content=\"2560\" \/>\n\t<meta property=\"og:image:height\" content=\"1440\" \/>\n\t<meta property=\"og:image:type\" content=\"image\/jpeg\" \/>\n<meta name=\"twitter:card\" content=\"summary_large_image\" \/>\n<script type=\"application\/ld+json\" class=\"yoast-schema-graph\">{\"@context\":\"https:\/\/schema.org\",\"@graph\":[{\"@type\":\"WebPage\",\"@id\":\"https:\/\/www.abf.se\/ostergotland\/folkan-bio-gusum\/\",\"url\":\"https:\/\/www.abf.se\/ostergotland\/folkan-bio-gusum\/\",\"name\":\"Folkan Bio Gusum - \u00d6sterg\u00f6tland\",\"isPartOf\":{\"@id\":\"https:\/\/www.abf.se\/ostergotland\/#website\"},\"datePublished\":\"2024-08-07T09:24:51+00:00\",\"dateModified\":\"2025-06-24T08:38:01+00:00\",\"breadcrumb\":{\"@id\":\"https:\/\/www.abf.se\/ostergotland\/folkan-bio-gusum\/#breadcrumb\"},\"inLanguage\":\"sv-SE\",\"potentialAction\":[{\"@type\":\"ReadAction\",\"target\":[\"https:\/\/www.abf.se\/ostergotland\/folkan-bio-gusum\/\"]}]},{\"@type\":\"BreadcrumbList\",\"@id\":\"https:\/\/www.abf.se\/ostergotland\/folkan-bio-gusum\/#breadcrumb\",\"itemListElement\":[{\"@type\":\"ListItem\",\"position\":1,\"name\":\"Home\",\"item\":\"https:\/\/www.abf.se\/ostergotland\/\"},{\"@type\":\"ListItem\",\"position\":2,\"name\":\"Folkan Bio Gusum\"}]},{\"@type\":\"WebSite\",\"@id\":\"https:\/\/www.abf.se\/ostergotland\/#website\",\"url\":\"https:\/\/www.abf.se\/ostergotland\/\",\"name\":\"\u00d6sterg\u00f6tland\",\"description\":\"\",\"potentialAction\":[{\"@type\":\"SearchAction\",\"target\":{\"@type\":\"EntryPoint\",\"urlTemplate\":\"https:\/\/www.abf.se\/ostergotland\/?s={search_term_string}\"},\"query-input\":{\"@type\":\"PropertyValueSpecification\",\"valueRequired\":true,\"valueName\":\"search_term_string\"}}],\"inLanguage\":\"sv-SE\"}]}<\/script>\n<!-- \/ Yoast SEO plugin. -->","yoast_head_json":{"title":"Folkan Bio Gusum - \u00d6sterg\u00f6tland","robots":{"index":"index","follow":"follow","max-snippet":"max-snippet:-1","max-image-preview":"max-image-preview:large","max-video-preview":"max-video-preview:-1"},"canonical":"https:\/\/www.abf.se\/ostergotland\/folkan-bio-gusum\/","og_locale":"sv_SE","og_type":"article","og_title":"Folkan Bio Gusum - \u00d6sterg\u00f6tland","og_url":"https:\/\/www.abf.se\/ostergotland\/folkan-bio-gusum\/","og_site_name":"\u00d6sterg\u00f6tland","article_modified_time":"2025-06-24T08:38:01+00:00","og_image":[{"width":2560,"height":1440,"url":"https:\/\/www.abf.se\/wp-content\/uploads\/sites\/64\/2024\/04\/Nyckeln-liggande-scaled.jpg","type":"image\/jpeg"}],"twitter_card":"summary_large_image","schema":{"@context":"https:\/\/schema.org","@graph":[{"@type":"WebPage","@id":"https:\/\/www.abf.se\/ostergotland\/folkan-bio-gusum\/","url":"https:\/\/www.abf.se\/ostergotland\/folkan-bio-gusum\/","name":"Folkan Bio Gusum - \u00d6sterg\u00f6tland","isPartOf":{"@id":"https:\/\/www.abf.se\/ostergotland\/#website"},"datePublished":"2024-08-07T09:24:51+00:00","dateModified":"2025-06-24T08:38:01+00:00","breadcrumb":{"@id":"https:\/\/www.abf.se\/ostergotland\/folkan-bio-gusum\/#breadcrumb"},"inLanguage":"sv-SE","potentialAction":[{"@type":"ReadAction","target":["https:\/\/www.abf.se\/ostergotland\/folkan-bio-gusum\/"]}]},{"@type":"BreadcrumbList","@id":"https:\/\/www.abf.se\/ostergotland\/folkan-bio-gusum\/#breadcrumb","itemListElement":[{"@type":"ListItem","position":1,"name":"Home","item":"https:\/\/www.abf.se\/ostergotland\/"},{"@type":"ListItem","position":2,"name":"Folkan Bio Gusum"}]},{"@type":"WebSite","@id":"https:\/\/www.abf.se\/ostergotland\/#website","url":"https:\/\/www.abf.se\/ostergotland\/","name":"\u00d6sterg\u00f6tland","description":"","potentialAction":[{"@type":"SearchAction","target":{"@type":"EntryPoint","urlTemplate":"https:\/\/www.abf.se\/ostergotland\/?s={search_term_string}"},"query-input":{"@type":"PropertyValueSpecification","valueRequired":true,"valueName":"search_term_string"}}],"inLanguage":"sv-SE"}]}},"_links":{"self":[{"href":"https:\/\/www.abf.se\/ostergotland\/wp-json\/wp\/v2\/pages\/1125","targetHints":{"allow":["GET"]}}],"collection":[{"href":"https:\/\/www.abf.se\/ostergotland\/wp-json\/wp\/v2\/pages"}],"about":[{"href":"https:\/\/www.abf.se\/ostergotland\/wp-json\/wp\/v2\/types\/page"}],"author":[{"embeddable":true,"href":"https:\/\/www.abf.se\/ostergotland\/wp-json\/wp\/v2\/users\/29"}],"replies":[{"embeddable":true,"href":"https:\/\/www.abf.se\/ostergotland\/wp-json\/wp\/v2\/comments?post=1125"}],"version-history":[{"count":4,"href":"https:\/\/www.abf.se\/ostergotland\/wp-json\/wp\/v2\/pages\/1125\/revisions"}],"predecessor-version":[{"id":1830,"href":"https:\/\/www.abf.se\/ostergotland\/wp-json\/wp\/v2\/pages\/1125\/revisions\/1830"}],"wp:attachment":[{"href":"https:\/\/www.abf.se\/ostergotland\/wp-json\/wp\/v2\/media?parent=1125"}],"curies":[{"name":"wp","href":"https:\/\/api.w.org\/{rel}","templated":true}]}}