{"id":1215,"date":"2024-08-29T16:00:11","date_gmt":"2024-08-29T14:00:11","guid":{"rendered":"https:\/\/www.abf.se\/ostergotland\/?page_id=1215"},"modified":"2026-05-13T09:46:22","modified_gmt":"2026-05-13T07:46:22","slug":"kulturkatalog","status":"publish","type":"page","link":"https:\/\/www.abf.se\/ostergotland\/kulturkatalog\/","title":{"rendered":"Kulturkatalog"},"content":{"rendered":"<div\n    class=\"acf-text-image-block container my-12 md:my-15\"\n    data-block=\"text-image-block\"\n>\n    <div\n    class=\"flex flex-col items-center md:flex-row gap-8 md:gap-0 justify-between\">\n                        <div class=\"w-full md:w-1\/2 md:order-2\">\n            <picture><img decoding=\"async\" src=\"https:\/\/www.abf.se\/ostergotland\/resized\/?url=https%3A%2F%2Fwww.abf.se%2Fwp-content%2Fuploads%2Fsites%2F64%2F2024%2F08%2FNamnlos-design-7.jpg&#038;fit=crop&#038;w=578&#038;s=2972dc3641a6df02a05eb694c67c0720\" srcset=\"https:\/\/www.abf.se\/ostergotland\/resized\/?url=https%3A%2F%2Fwww.abf.se%2Fwp-content%2Fuploads%2Fsites%2F64%2F2024%2F08%2FNamnlos-design-7.jpg&#038;fit=crop&#038;w=144&#038;h=126&#038;s=f22f333d77946322c1ccedc7a1d9360e 144w, https:\/\/www.abf.se\/ostergotland\/resized\/?url=https%3A%2F%2Fwww.abf.se%2Fwp-content%2Fuploads%2Fsites%2F64%2F2024%2F08%2FNamnlos-design-7.jpg&#038;fit=crop&#038;w=240&#038;h=211&#038;s=89e66310cdad3181c4716abe07ff80de 240w, https:\/\/www.abf.se\/ostergotland\/resized\/?url=https%3A%2F%2Fwww.abf.se%2Fwp-content%2Fuploads%2Fsites%2F64%2F2024%2F08%2FNamnlos-design-7.jpg&#038;fit=crop&#038;w=288&#038;h=253&#038;s=f236c12ebbcf37ee5571e2eb0098bccd 288w, https:\/\/www.abf.se\/ostergotland\/resized\/?url=https%3A%2F%2Fwww.abf.se%2Fwp-content%2Fuploads%2Fsites%2F64%2F2024%2F08%2FNamnlos-design-7.jpg&#038;fit=crop&#038;w=336&#038;h=295&#038;s=a30e750b8c728e0db7ed3767b9d178a9 336w, https:\/\/www.abf.se\/ostergotland\/resized\/?url=https%3A%2F%2Fwww.abf.se%2Fwp-content%2Fuploads%2Fsites%2F64%2F2024%2F08%2FNamnlos-design-7.jpg&#038;fit=crop&#038;w=432&#038;h=380&#038;s=242ca6c63cb5a91dcb90541038fa37d0 432w, https:\/\/www.abf.se\/ostergotland\/resized\/?url=https%3A%2F%2Fwww.abf.se%2Fwp-content%2Fuploads%2Fsites%2F64%2F2024%2F08%2FNamnlos-design-7.jpg&#038;fit=crop&#038;w=480&#038;h=422&#038;s=120ad39e3a57c48f8f9433cdcbfbea3f 480w, https:\/\/www.abf.se\/ostergotland\/resized\/?url=https%3A%2F%2Fwww.abf.se%2Fwp-content%2Fuploads%2Fsites%2F64%2F2024%2F08%2FNamnlos-design-7.jpg&#038;fit=crop&#038;w=528&#038;h=464&#038;s=322d5f5ea532123fa53f7f13b03aa2dc 528w, https:\/\/www.abf.se\/ostergotland\/resized\/?url=https%3A%2F%2Fwww.abf.se%2Fwp-content%2Fuploads%2Fsites%2F64%2F2024%2F08%2FNamnlos-design-7.jpg&#038;fit=crop&#038;w=578&#038;h=509&#038;s=6219a05bb2204235b4b41f074b3eb801 578w, https:\/\/www.abf.se\/ostergotland\/resized\/?url=https%3A%2F%2Fwww.abf.se%2Fwp-content%2Fuploads%2Fsites%2F64%2F2024%2F08%2FNamnlos-design-7.jpg&#038;fit=crop&#038;w=672&#038;h=591&#038;s=1f2a614b27ad47c1fc2a2e775f2f626b 672w, https:\/\/www.abf.se\/ostergotland\/resized\/?url=https%3A%2F%2Fwww.abf.se%2Fwp-content%2Fuploads%2Fsites%2F64%2F2024%2F08%2FNamnlos-design-7.jpg&#038;fit=crop&#038;w=864&#038;h=760&#038;s=d91682d0566006defd648486dd682dbd 864w, https:\/\/www.abf.se\/ostergotland\/resized\/?url=https%3A%2F%2Fwww.abf.se%2Fwp-content%2Fuploads%2Fsites%2F64%2F2024%2F08%2FNamnlos-design-7.jpg&#038;fit=crop&#038;w=1056&#038;h=929&#038;s=ac9982aae3c655bdb72be3aaf97ffcb1 1056w\" alt=\"\" height=\"509\" width=\"578\" sizes=\"auto, (max-width: 768px) 100vw,\n                (max-width: 1280px) 50vw, 578px\" loading=\"lazy\" fetchpriority=\"low\" \/><\/picture>\n\n        <\/div>\n        \n        <div class=\"w-full md:w-1\/2 md:order-1\">\n        <div class=\"mx-auto md:max-w-[368px]\">\n            <h2 class=\"heading-lg\">Kulturkatalog<\/h2>\n            <div class=\"mb-6 mt-4 wysiwyg\">\n                <p>ABF \u00d6sterg\u00f6tlands kulturkatalog erbjuder en samling av musiker, f\u00f6rel\u00e4sare, f\u00f6rfattare och andra kulturarbetare som \u00e4r tillg\u00e4ngliga f\u00f6r bokning till kulturarrangemang och f\u00f6reningstr\u00e4ffar. H\u00e4r finns en variation av program och aktiviteter som kan passa olika intressen och behov, fr\u00e5n musikframtr\u00e4danden till f\u00f6rel\u00e4sningar och f\u00f6rfattarsamtal. Katalogen \u00e4r en resurs f\u00f6r att hitta r\u00e4tt kulturut\u00f6vare till just ditt evenemang. Katalogen uppdateras l\u00f6pande.<\/p>\n<p>\u00c4r du artist, f\u00f6rel\u00e4sare eller f\u00f6rfattare och vill vara i med i katalogen, v\u00e4nligen mejla info.ostergotland@abf.se eller h\u00f6r till din kontaktperson p\u00e5 ABF \u00d6sterg\u00f6tland.<\/p>\n\n            <\/div>\n                                            <a href='https:\/\/www.abf.se\/wp-content\/uploads\/sites\/64\/2026\/05\/Kulturkatalaog-6.pdf' class=\"default-button\" target=\"\">Kulturkatalog<\/a>\n                    <\/div>\n        <\/div>\n    <\/div>\n<\/div>","protected":false},"excerpt":{"rendered":"","protected":false},"author":29,"featured_media":0,"parent":0,"menu_order":0,"comment_status":"closed","ping_status":"closed","template":"","meta":{"_acf_changed":false,"footnotes":""},"class_list":["post-1215","page","type-page","status-publish","hentry"],"acf":[],"yoast_head":"<!-- This site is optimized with the Yoast SEO plugin v27.0 - https:\/\/yoast.com\/product\/yoast-seo-wordpress\/ -->\n<title>Kulturkatalog - \u00d6sterg\u00f6tland<\/title>\n<meta name=\"robots\" content=\"index, follow, max-snippet:-1, max-image-preview:large, max-video-preview:-1\" \/>\n<link rel=\"canonical\" href=\"https:\/\/www.abf.se\/ostergotland\/kulturkatalog\/\" \/>\n<meta property=\"og:locale\" content=\"sv_SE\" \/>\n<meta property=\"og:type\" content=\"article\" \/>\n<meta property=\"og:title\" content=\"Kulturkatalog - \u00d6sterg\u00f6tland\" \/>\n<meta property=\"og:url\" content=\"https:\/\/www.abf.se\/ostergotland\/kulturkatalog\/\" \/>\n<meta property=\"og:site_name\" content=\"\u00d6sterg\u00f6tland\" \/>\n<meta property=\"article:modified_time\" content=\"2026-05-13T07:46:22+00:00\" \/>\n<meta property=\"og:image\" content=\"https:\/\/www.abf.se\/wp-content\/uploads\/sites\/64\/2024\/04\/Nyckeln-liggande-scaled.jpg\" \/>\n\t<meta property=\"og:image:width\" content=\"2560\" \/>\n\t<meta property=\"og:image:height\" content=\"1440\" \/>\n\t<meta property=\"og:image:type\" content=\"image\/jpeg\" \/>\n<meta name=\"twitter:card\" content=\"summary_large_image\" \/>\n<script type=\"application\/ld+json\" class=\"yoast-schema-graph\">{\"@context\":\"https:\/\/schema.org\",\"@graph\":[{\"@type\":\"WebPage\",\"@id\":\"https:\/\/www.abf.se\/ostergotland\/kulturkatalog\/\",\"url\":\"https:\/\/www.abf.se\/ostergotland\/kulturkatalog\/\",\"name\":\"Kulturkatalog - \u00d6sterg\u00f6tland\",\"isPartOf\":{\"@id\":\"https:\/\/www.abf.se\/ostergotland\/#website\"},\"datePublished\":\"2024-08-29T14:00:11+00:00\",\"dateModified\":\"2026-05-13T07:46:22+00:00\",\"breadcrumb\":{\"@id\":\"https:\/\/www.abf.se\/ostergotland\/kulturkatalog\/#breadcrumb\"},\"inLanguage\":\"sv-SE\",\"potentialAction\":[{\"@type\":\"ReadAction\",\"target\":[\"https:\/\/www.abf.se\/ostergotland\/kulturkatalog\/\"]}]},{\"@type\":\"BreadcrumbList\",\"@id\":\"https:\/\/www.abf.se\/ostergotland\/kulturkatalog\/#breadcrumb\",\"itemListElement\":[{\"@type\":\"ListItem\",\"position\":1,\"name\":\"Home\",\"item\":\"https:\/\/www.abf.se\/ostergotland\/\"},{\"@type\":\"ListItem\",\"position\":2,\"name\":\"Kulturkatalog\"}]},{\"@type\":\"WebSite\",\"@id\":\"https:\/\/www.abf.se\/ostergotland\/#website\",\"url\":\"https:\/\/www.abf.se\/ostergotland\/\",\"name\":\"\u00d6sterg\u00f6tland\",\"description\":\"\",\"potentialAction\":[{\"@type\":\"SearchAction\",\"target\":{\"@type\":\"EntryPoint\",\"urlTemplate\":\"https:\/\/www.abf.se\/ostergotland\/?s={search_term_string}\"},\"query-input\":{\"@type\":\"PropertyValueSpecification\",\"valueRequired\":true,\"valueName\":\"search_term_string\"}}],\"inLanguage\":\"sv-SE\"}]}<\/script>\n<!-- \/ Yoast SEO plugin. -->","yoast_head_json":{"title":"Kulturkatalog - \u00d6sterg\u00f6tland","robots":{"index":"index","follow":"follow","max-snippet":"max-snippet:-1","max-image-preview":"max-image-preview:large","max-video-preview":"max-video-preview:-1"},"canonical":"https:\/\/www.abf.se\/ostergotland\/kulturkatalog\/","og_locale":"sv_SE","og_type":"article","og_title":"Kulturkatalog - \u00d6sterg\u00f6tland","og_url":"https:\/\/www.abf.se\/ostergotland\/kulturkatalog\/","og_site_name":"\u00d6sterg\u00f6tland","article_modified_time":"2026-05-13T07:46:22+00:00","og_image":[{"width":2560,"height":1440,"url":"https:\/\/www.abf.se\/wp-content\/uploads\/sites\/64\/2024\/04\/Nyckeln-liggande-scaled.jpg","type":"image\/jpeg"}],"twitter_card":"summary_large_image","schema":{"@context":"https:\/\/schema.org","@graph":[{"@type":"WebPage","@id":"https:\/\/www.abf.se\/ostergotland\/kulturkatalog\/","url":"https:\/\/www.abf.se\/ostergotland\/kulturkatalog\/","name":"Kulturkatalog - \u00d6sterg\u00f6tland","isPartOf":{"@id":"https:\/\/www.abf.se\/ostergotland\/#website"},"datePublished":"2024-08-29T14:00:11+00:00","dateModified":"2026-05-13T07:46:22+00:00","breadcrumb":{"@id":"https:\/\/www.abf.se\/ostergotland\/kulturkatalog\/#breadcrumb"},"inLanguage":"sv-SE","potentialAction":[{"@type":"ReadAction","target":["https:\/\/www.abf.se\/ostergotland\/kulturkatalog\/"]}]},{"@type":"BreadcrumbList","@id":"https:\/\/www.abf.se\/ostergotland\/kulturkatalog\/#breadcrumb","itemListElement":[{"@type":"ListItem","position":1,"name":"Home","item":"https:\/\/www.abf.se\/ostergotland\/"},{"@type":"ListItem","position":2,"name":"Kulturkatalog"}]},{"@type":"WebSite","@id":"https:\/\/www.abf.se\/ostergotland\/#website","url":"https:\/\/www.abf.se\/ostergotland\/","name":"\u00d6sterg\u00f6tland","description":"","potentialAction":[{"@type":"SearchAction","target":{"@type":"EntryPoint","urlTemplate":"https:\/\/www.abf.se\/ostergotland\/?s={search_term_string}"},"query-input":{"@type":"PropertyValueSpecification","valueRequired":true,"valueName":"search_term_string"}}],"inLanguage":"sv-SE"}]}},"_links":{"self":[{"href":"https:\/\/www.abf.se\/ostergotland\/wp-json\/wp\/v2\/pages\/1215","targetHints":{"allow":["GET"]}}],"collection":[{"href":"https:\/\/www.abf.se\/ostergotland\/wp-json\/wp\/v2\/pages"}],"about":[{"href":"https:\/\/www.abf.se\/ostergotland\/wp-json\/wp\/v2\/types\/page"}],"author":[{"embeddable":true,"href":"https:\/\/www.abf.se\/ostergotland\/wp-json\/wp\/v2\/users\/29"}],"replies":[{"embeddable":true,"href":"https:\/\/www.abf.se\/ostergotland\/wp-json\/wp\/v2\/comments?post=1215"}],"version-history":[{"count":9,"href":"https:\/\/www.abf.se\/ostergotland\/wp-json\/wp\/v2\/pages\/1215\/revisions"}],"predecessor-version":[{"id":2109,"href":"https:\/\/www.abf.se\/ostergotland\/wp-json\/wp\/v2\/pages\/1215\/revisions\/2109"}],"wp:attachment":[{"href":"https:\/\/www.abf.se\/ostergotland\/wp-json\/wp\/v2\/media?parent=1215"}],"curies":[{"name":"wp","href":"https:\/\/api.w.org\/{rel}","templated":true}]}}