{"id":203,"date":"2024-03-18T13:32:55","date_gmt":"2024-03-18T12:32:55","guid":{"rendered":"https:\/\/www.abf.se\/ostergotland\/?page_id=203"},"modified":"2026-01-19T09:35:55","modified_gmt":"2026-01-19T08:35:55","slug":"mjolby","status":"publish","type":"page","link":"https:\/\/www.abf.se\/ostergotland\/kontakta-oss\/mjolby\/","title":{"rendered":"Mj\u00f6lby"},"content":{"rendered":"<div\n    class=\"acf-hero-block container-lg no-padding mb-12 js-geolocation\"\n    data-block=\"hero-block\"\n    data-index=\"0\"\n>\n    <div class=\"h-[548px]  relative rounded-[32px] overflow-hidden flex bg-gray-light\">\n        <div class=\"relative z-10 mt-auto h-auto w-full md:h-full\">\n            <div class=\"flex w-full h-full flex-col flex-wrap justify-end w-full md:w-7\/12 lg:w-1\/2 md:justify-center\">\n                <div class=\"flex flex-col gap-3 md:gap-[18px] md:transparent pt-16 pb-36 md:py-8 px-4 w-full md:max-w-[620px] mx-auto px-8\">\n\n                    <h1 class=\"hero-heading hero-heading--red-text\"><span>Mj\u00f6lby<\/span><\/h1>\n\n                    \n                                    <\/div>\n            <\/div>\n        <\/div>\n\n                    <picture class=\"as-background-image mix-blend-multiply bg-black\/40\"><img decoding=\"async\" src=\"https:\/\/www.abf.se\/ostergotland\/resized\/?url=https%3A%2F%2Fwww.abf.se%2Fwp-content%2Fuploads%2Fsites%2F64%2F2024%2F04%2Fmjolby.jpg&#038;fit=crop&#038;w=1440&#038;s=891854b1d2cb90bf9e24a7b19a965b8a\" srcset=\"https:\/\/www.abf.se\/ostergotland\/resized\/?url=https%3A%2F%2Fwww.abf.se%2Fwp-content%2Fuploads%2Fsites%2F64%2F2024%2F04%2Fmjolby.jpg&#038;fit=crop&#038;w=375&#038;h=540&#038;s=3189074ce85e396f3616c52e3c4d4c84 375w, https:\/\/www.abf.se\/ostergotland\/resized\/?url=https%3A%2F%2Fwww.abf.se%2Fwp-content%2Fuploads%2Fsites%2F64%2F2024%2F04%2Fmjolby.jpg&#038;fit=crop&#038;w=447&#038;h=540&#038;s=46eb32f15907050151180417f9c2f43b 447w, https:\/\/www.abf.se\/ostergotland\/resized\/?url=https%3A%2F%2Fwww.abf.se%2Fwp-content%2Fuploads%2Fsites%2F64%2F2024%2F04%2Fmjolby.jpg&#038;fit=crop&#038;w=519&#038;h=540&#038;s=f76cce8dacfac55278a401d4e2048bec 519w, https:\/\/www.abf.se\/ostergotland\/resized\/?url=https%3A%2F%2Fwww.abf.se%2Fwp-content%2Fuploads%2Fsites%2F64%2F2024%2F04%2Fmjolby.jpg&#038;fit=crop&#038;w=591&#038;h=540&#038;s=631390647781821295aca283bbf87dc6 591w, https:\/\/www.abf.se\/ostergotland\/resized\/?url=https%3A%2F%2Fwww.abf.se%2Fwp-content%2Fuploads%2Fsites%2F64%2F2024%2F04%2Fmjolby.jpg&#038;fit=crop&#038;w=663&#038;h=540&#038;s=bb31c77128e939babc7d7a3a08f64d15 663w, https:\/\/www.abf.se\/ostergotland\/resized\/?url=https%3A%2F%2Fwww.abf.se%2Fwp-content%2Fuploads%2Fsites%2F64%2F2024%2F04%2Fmjolby.jpg&#038;fit=crop&#038;w=750&#038;h=540&#038;s=996407dfbb2fa1b3546194c3c7806ffa 750w, https:\/\/www.abf.se\/ostergotland\/resized\/?url=https%3A%2F%2Fwww.abf.se%2Fwp-content%2Fuploads%2Fsites%2F64%2F2024%2F04%2Fmjolby.jpg&#038;fit=crop&#038;w=894&#038;h=540&#038;s=4f566a5307297fea127b5601a396213c 894w, https:\/\/www.abf.se\/ostergotland\/resized\/?url=https%3A%2F%2Fwww.abf.se%2Fwp-content%2Fuploads%2Fsites%2F64%2F2024%2F04%2Fmjolby.jpg&#038;fit=crop&#038;w=1038&#038;h=540&#038;s=4d77dea9cef0bdfa9a2aca3c97fbf115 1038w, https:\/\/www.abf.se\/ostergotland\/resized\/?url=https%3A%2F%2Fwww.abf.se%2Fwp-content%2Fuploads%2Fsites%2F64%2F2024%2F04%2Fmjolby.jpg&#038;fit=crop&#038;w=1182&#038;h=540&#038;s=c356451b88895580890e62ebcd1c25fe 1182w, https:\/\/www.abf.se\/ostergotland\/resized\/?url=https%3A%2F%2Fwww.abf.se%2Fwp-content%2Fuploads%2Fsites%2F64%2F2024%2F04%2Fmjolby.jpg&#038;fit=crop&#038;w=1326&#038;h=540&#038;s=00e0f69427f8a872a29ce241378678b1 1326w, https:\/\/www.abf.se\/ostergotland\/resized\/?url=https%3A%2F%2Fwww.abf.se%2Fwp-content%2Fuploads%2Fsites%2F64%2F2024%2F04%2Fmjolby.jpg&#038;fit=crop&#038;w=1440&#038;h=540&#038;s=37359076276cf8f08771ff40a9aea7f7 1440w\" alt=\"\" height=\"540\" width=\"1440\" sizes=\"(max-width: 1440px) calc(100vw - 32px), 1440px\" loading=\"eager\" fetchpriority=\"high\" aria-hidden=\"true\" role=\"presentation\" \/><\/picture>\n        \n\n            <\/div>\n\n    <\/div>\n\n<div\n    class=\"acf-article-text-block article-container my-12\"\n    data-block=\"article-text-block\"\n>\n    <div class=\"wysiwyg\">\n        <p>I Mj\u00f6lby har vi verksamhetslokaler p\u00e5 Kanikegatan 15, 59541 Mj\u00f6lby<\/p>\n\n    <\/div>\n<\/div>\n<ul\n    class=\"acf-article-accordion-block accordion-group grid gap-4 my-12 article-container--wide\"\n    data-block=\"article-accordion-block \"\n    data-ui-accordion-group\n>\n\n            <li class=\"accordion\" data-ui-accordion data-ui-accordion-open=\"false\">\n        <h3>\n        <button data-ui-accordion-button class=\"accordion-toggle font-bold\" aria-expanded=\"false\" aria-controls=\"row-personalimjolby-0\" id=\"personalimjolby-0\">\n            Personal i Mj\u00f6lby\n            \n            <figure class=\"w-4.5 h-4.5\" aria-hidden=\"true\">\n            <svg width=\"20\" height=\"20\" viewBox=\"0 0 20 20\" fill=\"none\"\nclass=\"SvgIconElement\">\n<path d=\"M15.8333 7.16667L9.99992 13L4.16659 7.16667\" stroke=\"currentColor\"\/>\n<\/svg>\n            <\/figure>\n        <\/button>\n        \n                <\/h3>\n        <div class=\"accordion-content\">\n            <div id=\"row-personalimjolby-0\" role=\"region\" class=\"accordion-content-wrap\" aria-labelledby=\"personalimjolby-0\">\n                                                <div class=\"grid md:grid-cols-3 gap-y-10 mt-10\">\n                        \n                                                        <div class=\"contact flex flex-col gap-3\">\n                                <div class=\"md:max-w-[160px]\">\n                                    \n                                <\/div>\n                                <div class=\"\">\n                                    <h4 class=\"heading-lg\">Martin Isotalo<\/h4>\n                                    <p class=\"body-md\">Verksamhetsutvecklare<\/p>\n                                                                    <\/div>\n                                                                <div class=\"flex gap flex-col label-md gap-1\">\n                                                                        <div class=\"flex gap-3\">\n                                        <svg width=\"20\" height=\"20\" viewBox=\"0 0 20 20\" fill=\"none\" xmlns=\"http:\/\/www.w3.org\/2000\/svg\">\n<path d=\"M16.625 17.5C14.8333 17.5 13.0868 17.1007 11.3854 16.3021C9.68403 15.5035 8.17708 14.4479 6.86458 13.1354C5.55208 11.8229 4.49653 10.316 3.69792 8.61458C2.89931 6.91319 2.5 5.16667 2.5 3.375C2.5 3.125 2.58333 2.91667 2.75 2.75C2.91667 2.58333 3.125 2.5 3.375 2.5H6.75C6.94444 2.5 7.11806 2.5625 7.27083 2.6875C7.42361 2.8125 7.51389 2.97222 7.54167 3.16667L8.08333 6.08333C8.11111 6.27778 8.10764 6.45486 8.07292 6.61458C8.03819 6.77431 7.95833 6.91667 7.83333 7.04167L5.8125 9.08333C6.39583 10.0833 7.12847 11.0208 8.01042 11.8958C8.89236 12.7708 9.86111 13.5278 10.9167 14.1667L12.875 12.2083C13 12.0833 13.1632 11.9896 13.3646 11.9271C13.566 11.8646 13.7639 11.8472 13.9583 11.875L16.8333 12.4583C17.0278 12.5 17.1875 12.5938 17.3125 12.7396C17.4375 12.8854 17.5 13.0556 17.5 13.25V16.625C17.5 16.875 17.4167 17.0833 17.25 17.25C17.0833 17.4167 16.875 17.5 16.625 17.5ZM5.02083 7.5L6.39583 6.125L6.04167 4.16667H4.1875C4.25694 4.73611 4.35417 5.29861 4.47917 5.85417C4.60417 6.40972 4.78472 6.95833 5.02083 7.5ZM15.8333 15.7917V13.9583L13.875 13.5625L12.4792 14.9583C13.0208 15.1944 13.5729 15.3819 14.1354 15.5208C14.6979 15.6597 15.2639 15.75 15.8333 15.7917Z\" fill=\"black\"\/>\n<\/svg>\n                                        <p>\n                                                                                                                               <a href=\"callto:013 - 24 25 04\">013 &#8211; 24 25 04<\/a>\n                                                                                                                                     <\/p>\n                                    <\/div>\n                                                                                                            <div class=\"flex gap-3\">\n                                        <svg width=\"20\" height=\"20\" viewBox=\"0 0 20 20\" fill=\"none\" xmlns=\"http:\/\/www.w3.org\/2000\/svg\">\n<path d=\"M3.33366 16.6666C2.87533 16.6666 2.48296 16.5035 2.15658 16.1771C1.83019 15.8507 1.66699 15.4583 1.66699 15V4.99998C1.66699 4.54165 1.83019 4.14929 2.15658 3.8229C2.48296 3.49651 2.87533 3.33331 3.33366 3.33331H16.667C17.1253 3.33331 17.5177 3.49651 17.8441 3.8229C18.1705 4.14929 18.3337 4.54165 18.3337 4.99998V15C18.3337 15.4583 18.1705 15.8507 17.8441 16.1771C17.5177 16.5035 17.1253 16.6666 16.667 16.6666H3.33366ZM16.667 6.66665L10.4378 10.5625C10.3684 10.6041 10.2955 10.6354 10.2191 10.6562C10.1427 10.6771 10.0698 10.6875 10.0003 10.6875C9.93088 10.6875 9.85797 10.6771 9.78158 10.6562C9.70519 10.6354 9.63227 10.6041 9.56283 10.5625L3.33366 6.66665V15H16.667V6.66665ZM10.0003 9.16665L16.667 4.99998H3.33366L10.0003 9.16665ZM3.33366 6.87498V5.64581V5.66665V5.65623V6.87498Z\" fill=\"black\"\/>\n<\/svg>\n                                        <p><a href=\"mailto:martin.isotalo@abf.se\">martin.isotalo@abf.se<\/a><\/p>\n                                    <\/div>\n                                                                    <\/div>\n                                                            <\/div>\n                                            <\/div>\n                                        <\/div>\n        <\/div>\n    <\/li>\n    <\/ul>\n","protected":false},"excerpt":{"rendered":"","protected":false},"author":29,"featured_media":0,"parent":278,"menu_order":0,"comment_status":"closed","ping_status":"closed","template":"","meta":{"_acf_changed":false,"footnotes":""},"class_list":["post-203","page","type-page","status-publish","hentry"],"acf":[],"yoast_head":"<!-- This site is optimized with the Yoast SEO plugin v27.0 - https:\/\/yoast.com\/product\/yoast-seo-wordpress\/ -->\n<title>Mj\u00f6lby - \u00d6sterg\u00f6tland<\/title>\n<meta name=\"robots\" content=\"index, follow, max-snippet:-1, max-image-preview:large, max-video-preview:-1\" \/>\n<link rel=\"canonical\" href=\"https:\/\/www.abf.se\/ostergotland\/kontakta-oss\/mjolby\/\" \/>\n<meta property=\"og:locale\" content=\"sv_SE\" \/>\n<meta property=\"og:type\" content=\"article\" \/>\n<meta property=\"og:title\" content=\"Mj\u00f6lby - \u00d6sterg\u00f6tland\" \/>\n<meta property=\"og:url\" content=\"https:\/\/www.abf.se\/ostergotland\/kontakta-oss\/mjolby\/\" \/>\n<meta property=\"og:site_name\" content=\"\u00d6sterg\u00f6tland\" \/>\n<meta property=\"article:modified_time\" content=\"2026-01-19T08:35:55+00:00\" \/>\n<meta property=\"og:image\" content=\"https:\/\/www.abf.se\/wp-content\/uploads\/sites\/64\/2024\/04\/Nyckeln-liggande-scaled.jpg\" \/>\n\t<meta property=\"og:image:width\" content=\"2560\" \/>\n\t<meta property=\"og:image:height\" content=\"1440\" \/>\n\t<meta property=\"og:image:type\" content=\"image\/jpeg\" \/>\n<meta name=\"twitter:card\" content=\"summary_large_image\" \/>\n<script type=\"application\/ld+json\" class=\"yoast-schema-graph\">{\"@context\":\"https:\/\/schema.org\",\"@graph\":[{\"@type\":\"WebPage\",\"@id\":\"https:\/\/www.abf.se\/ostergotland\/kontakta-oss\/mjolby\/\",\"url\":\"https:\/\/www.abf.se\/ostergotland\/kontakta-oss\/mjolby\/\",\"name\":\"Mj\u00f6lby - \u00d6sterg\u00f6tland\",\"isPartOf\":{\"@id\":\"https:\/\/www.abf.se\/ostergotland\/#website\"},\"datePublished\":\"2024-03-18T12:32:55+00:00\",\"dateModified\":\"2026-01-19T08:35:55+00:00\",\"breadcrumb\":{\"@id\":\"https:\/\/www.abf.se\/ostergotland\/kontakta-oss\/mjolby\/#breadcrumb\"},\"inLanguage\":\"sv-SE\",\"potentialAction\":[{\"@type\":\"ReadAction\",\"target\":[\"https:\/\/www.abf.se\/ostergotland\/kontakta-oss\/mjolby\/\"]}]},{\"@type\":\"BreadcrumbList\",\"@id\":\"https:\/\/www.abf.se\/ostergotland\/kontakta-oss\/mjolby\/#breadcrumb\",\"itemListElement\":[{\"@type\":\"ListItem\",\"position\":1,\"name\":\"Home\",\"item\":\"https:\/\/www.abf.se\/ostergotland\/\"},{\"@type\":\"ListItem\",\"position\":2,\"name\":\"Kontakta oss\",\"item\":\"https:\/\/www.abf.se\/ostergotland\/kontakta-oss\/\"},{\"@type\":\"ListItem\",\"position\":3,\"name\":\"Mj\u00f6lby\"}]},{\"@type\":\"WebSite\",\"@id\":\"https:\/\/www.abf.se\/ostergotland\/#website\",\"url\":\"https:\/\/www.abf.se\/ostergotland\/\",\"name\":\"\u00d6sterg\u00f6tland\",\"description\":\"\",\"potentialAction\":[{\"@type\":\"SearchAction\",\"target\":{\"@type\":\"EntryPoint\",\"urlTemplate\":\"https:\/\/www.abf.se\/ostergotland\/?s={search_term_string}\"},\"query-input\":{\"@type\":\"PropertyValueSpecification\",\"valueRequired\":true,\"valueName\":\"search_term_string\"}}],\"inLanguage\":\"sv-SE\"}]}<\/script>\n<!-- \/ Yoast SEO plugin. -->","yoast_head_json":{"title":"Mj\u00f6lby - \u00d6sterg\u00f6tland","robots":{"index":"index","follow":"follow","max-snippet":"max-snippet:-1","max-image-preview":"max-image-preview:large","max-video-preview":"max-video-preview:-1"},"canonical":"https:\/\/www.abf.se\/ostergotland\/kontakta-oss\/mjolby\/","og_locale":"sv_SE","og_type":"article","og_title":"Mj\u00f6lby - \u00d6sterg\u00f6tland","og_url":"https:\/\/www.abf.se\/ostergotland\/kontakta-oss\/mjolby\/","og_site_name":"\u00d6sterg\u00f6tland","article_modified_time":"2026-01-19T08:35:55+00:00","og_image":[{"width":2560,"height":1440,"url":"https:\/\/www.abf.se\/wp-content\/uploads\/sites\/64\/2024\/04\/Nyckeln-liggande-scaled.jpg","type":"image\/jpeg"}],"twitter_card":"summary_large_image","schema":{"@context":"https:\/\/schema.org","@graph":[{"@type":"WebPage","@id":"https:\/\/www.abf.se\/ostergotland\/kontakta-oss\/mjolby\/","url":"https:\/\/www.abf.se\/ostergotland\/kontakta-oss\/mjolby\/","name":"Mj\u00f6lby - \u00d6sterg\u00f6tland","isPartOf":{"@id":"https:\/\/www.abf.se\/ostergotland\/#website"},"datePublished":"2024-03-18T12:32:55+00:00","dateModified":"2026-01-19T08:35:55+00:00","breadcrumb":{"@id":"https:\/\/www.abf.se\/ostergotland\/kontakta-oss\/mjolby\/#breadcrumb"},"inLanguage":"sv-SE","potentialAction":[{"@type":"ReadAction","target":["https:\/\/www.abf.se\/ostergotland\/kontakta-oss\/mjolby\/"]}]},{"@type":"BreadcrumbList","@id":"https:\/\/www.abf.se\/ostergotland\/kontakta-oss\/mjolby\/#breadcrumb","itemListElement":[{"@type":"ListItem","position":1,"name":"Home","item":"https:\/\/www.abf.se\/ostergotland\/"},{"@type":"ListItem","position":2,"name":"Kontakta oss","item":"https:\/\/www.abf.se\/ostergotland\/kontakta-oss\/"},{"@type":"ListItem","position":3,"name":"Mj\u00f6lby"}]},{"@type":"WebSite","@id":"https:\/\/www.abf.se\/ostergotland\/#website","url":"https:\/\/www.abf.se\/ostergotland\/","name":"\u00d6sterg\u00f6tland","description":"","potentialAction":[{"@type":"SearchAction","target":{"@type":"EntryPoint","urlTemplate":"https:\/\/www.abf.se\/ostergotland\/?s={search_term_string}"},"query-input":{"@type":"PropertyValueSpecification","valueRequired":true,"valueName":"search_term_string"}}],"inLanguage":"sv-SE"}]}},"_links":{"self":[{"href":"https:\/\/www.abf.se\/ostergotland\/wp-json\/wp\/v2\/pages\/203","targetHints":{"allow":["GET"]}}],"collection":[{"href":"https:\/\/www.abf.se\/ostergotland\/wp-json\/wp\/v2\/pages"}],"about":[{"href":"https:\/\/www.abf.se\/ostergotland\/wp-json\/wp\/v2\/types\/page"}],"author":[{"embeddable":true,"href":"https:\/\/www.abf.se\/ostergotland\/wp-json\/wp\/v2\/users\/29"}],"replies":[{"embeddable":true,"href":"https:\/\/www.abf.se\/ostergotland\/wp-json\/wp\/v2\/comments?post=203"}],"version-history":[{"count":9,"href":"https:\/\/www.abf.se\/ostergotland\/wp-json\/wp\/v2\/pages\/203\/revisions"}],"predecessor-version":[{"id":1962,"href":"https:\/\/www.abf.se\/ostergotland\/wp-json\/wp\/v2\/pages\/203\/revisions\/1962"}],"up":[{"embeddable":true,"href":"https:\/\/www.abf.se\/ostergotland\/wp-json\/wp\/v2\/pages\/278"}],"wp:attachment":[{"href":"https:\/\/www.abf.se\/ostergotland\/wp-json\/wp\/v2\/media?parent=203"}],"curies":[{"name":"wp","href":"https:\/\/api.w.org\/{rel}","templated":true}]}}