{"id":294,"date":"2024-04-02T14:51:58","date_gmt":"2024-04-02T12:51:58","guid":{"rendered":"https:\/\/www.abf.se\/ostergotland\/?page_id=294"},"modified":"2025-06-09T10:10:01","modified_gmt":"2025-06-09T08:10:01","slug":"e-lista-2","status":"publish","type":"page","link":"https:\/\/www.abf.se\/ostergotland\/e-lista-2\/","title":{"rendered":"E-lista"},"content":{"rendered":"<div\n    class=\"acf-hero-block container-lg no-padding mb-12 js-geolocation\"\n    data-block=\"hero-block\"\n    data-index=\"0\"\n>\n    <div class=\"h-[548px]  relative rounded-[32px] overflow-hidden flex bg-gray-light\">\n        <div class=\"relative z-10 mt-auto h-auto w-full md:h-full\">\n            <div class=\"flex w-full h-full flex-col flex-wrap justify-end w-full md:w-7\/12 lg:w-1\/2 md:justify-center\">\n                <div class=\"flex flex-col gap-3 md:gap-[18px] md:transparent pt-16 pb-36 md:py-8 px-4 w-full md:max-w-[620px] mx-auto px-8\">\n\n                    <h1 class=\"hero-heading hero-heading--red-text\"><span>E-lista<\/span><\/h1>\n\n                                            <p class=\"mt-4 max-w-[48ch] text-white\">\n                            H\u00e4r finns manualer och filmer som visar hur man g\u00f6r i v\u00e5r e-tj\u00e4nst.\n                        <\/p>\n                    \n                                    <\/div>\n            <\/div>\n        <\/div>\n\n                    <picture class=\"as-background-image mix-blend-multiply bg-black\/40\"><img decoding=\"async\" src=\"https:\/\/www.abf.se\/ostergotland\/resized\/?url=https%3A%2F%2Fwww.abf.se%2Fwp-content%2Fuploads%2F2024%2F04%2FData-IT-Mobil-05.jpg&#038;fit=crop&#038;w=1440&#038;s=8530e56a15e321b2adad5291572e7e5b\" srcset=\"https:\/\/www.abf.se\/ostergotland\/resized\/?url=https%3A%2F%2Fwww.abf.se%2Fwp-content%2Fuploads%2F2024%2F04%2FData-IT-Mobil-05.jpg&#038;fit=crop&#038;w=375&#038;h=540&#038;s=ee4c8e8482a5954beeb3a3c157e7069e 375w, https:\/\/www.abf.se\/ostergotland\/resized\/?url=https%3A%2F%2Fwww.abf.se%2Fwp-content%2Fuploads%2F2024%2F04%2FData-IT-Mobil-05.jpg&#038;fit=crop&#038;w=447&#038;h=540&#038;s=32bf36ba1206993aeb60062ca2169a30 447w, https:\/\/www.abf.se\/ostergotland\/resized\/?url=https%3A%2F%2Fwww.abf.se%2Fwp-content%2Fuploads%2F2024%2F04%2FData-IT-Mobil-05.jpg&#038;fit=crop&#038;w=519&#038;h=540&#038;s=9aec795d387bc758ef9bfd2c7b822966 519w, https:\/\/www.abf.se\/ostergotland\/resized\/?url=https%3A%2F%2Fwww.abf.se%2Fwp-content%2Fuploads%2F2024%2F04%2FData-IT-Mobil-05.jpg&#038;fit=crop&#038;w=591&#038;h=540&#038;s=ade40ce466529fac21479ed72cad2365 591w, https:\/\/www.abf.se\/ostergotland\/resized\/?url=https%3A%2F%2Fwww.abf.se%2Fwp-content%2Fuploads%2F2024%2F04%2FData-IT-Mobil-05.jpg&#038;fit=crop&#038;w=663&#038;h=540&#038;s=8eaf67165c2545b8009d9525fa45590a 663w, https:\/\/www.abf.se\/ostergotland\/resized\/?url=https%3A%2F%2Fwww.abf.se%2Fwp-content%2Fuploads%2F2024%2F04%2FData-IT-Mobil-05.jpg&#038;fit=crop&#038;w=750&#038;h=540&#038;s=a8157b2393c92a528a520734c4e767e3 750w, https:\/\/www.abf.se\/ostergotland\/resized\/?url=https%3A%2F%2Fwww.abf.se%2Fwp-content%2Fuploads%2F2024%2F04%2FData-IT-Mobil-05.jpg&#038;fit=crop&#038;w=894&#038;h=540&#038;s=bbffec76a930afbc6a76d7e436c16ee8 894w, https:\/\/www.abf.se\/ostergotland\/resized\/?url=https%3A%2F%2Fwww.abf.se%2Fwp-content%2Fuploads%2F2024%2F04%2FData-IT-Mobil-05.jpg&#038;fit=crop&#038;w=1038&#038;h=540&#038;s=6278ef77fcc17526cf8956b900afc344 1038w, https:\/\/www.abf.se\/ostergotland\/resized\/?url=https%3A%2F%2Fwww.abf.se%2Fwp-content%2Fuploads%2F2024%2F04%2FData-IT-Mobil-05.jpg&#038;fit=crop&#038;w=1182&#038;h=540&#038;s=0f7dcd625a2a0faf2c1e3917c6bd72ed 1182w, https:\/\/www.abf.se\/ostergotland\/resized\/?url=https%3A%2F%2Fwww.abf.se%2Fwp-content%2Fuploads%2F2024%2F04%2FData-IT-Mobil-05.jpg&#038;fit=crop&#038;w=1326&#038;h=540&#038;s=1be679f7682c772557f932c026e33f45 1326w, https:\/\/www.abf.se\/ostergotland\/resized\/?url=https%3A%2F%2Fwww.abf.se%2Fwp-content%2Fuploads%2F2024%2F04%2FData-IT-Mobil-05.jpg&#038;fit=crop&#038;w=1440&#038;h=540&#038;s=b3d2c054091a7dbb7c89115078c1b94c 1440w\" alt=\"\" height=\"540\" width=\"1440\" sizes=\"(max-width: 1440px) calc(100vw - 32px), 1440px\" loading=\"eager\" fetchpriority=\"high\" aria-hidden=\"true\" role=\"presentation\" \/><\/picture>\n        \n\n            <\/div>\n\n    <\/div>\n\n<div\n    class=\"acf-text-image-block container my-12 md:my-15\"\n    data-block=\"text-image-block\"\n>\n    <div\n    class=\"flex flex-col items-center md:flex-row gap-8 md:gap-0 justify-between\">\n                        <div class=\"w-full md:w-1\/2 md:order-2\">\n            <picture><img decoding=\"async\" src=\"https:\/\/www.abf.se\/ostergotland\/resized\/?url=https%3A%2F%2Fwww.abf.se%2Fwp-content%2Fuploads%2Fsites%2F64%2F2024%2F04%2FRubrik-1.png&#038;fit=crop&#038;w=578&#038;s=33d323ac9e86665ed43b73d9ea920ef2\" srcset=\"https:\/\/www.abf.se\/ostergotland\/resized\/?url=https%3A%2F%2Fwww.abf.se%2Fwp-content%2Fuploads%2Fsites%2F64%2F2024%2F04%2FRubrik-1.png&#038;fit=crop&#038;w=144&#038;h=126&#038;s=84e0a49d07b4fe38ac5a151e7c08e5e3 144w, https:\/\/www.abf.se\/ostergotland\/resized\/?url=https%3A%2F%2Fwww.abf.se%2Fwp-content%2Fuploads%2Fsites%2F64%2F2024%2F04%2FRubrik-1.png&#038;fit=crop&#038;w=240&#038;h=211&#038;s=b8cb2ebdfab01953b69e3dc13cb57c62 240w, https:\/\/www.abf.se\/ostergotland\/resized\/?url=https%3A%2F%2Fwww.abf.se%2Fwp-content%2Fuploads%2Fsites%2F64%2F2024%2F04%2FRubrik-1.png&#038;fit=crop&#038;w=288&#038;h=253&#038;s=a69c0f4aa983716d7e00eb6be476286b 288w, https:\/\/www.abf.se\/ostergotland\/resized\/?url=https%3A%2F%2Fwww.abf.se%2Fwp-content%2Fuploads%2Fsites%2F64%2F2024%2F04%2FRubrik-1.png&#038;fit=crop&#038;w=336&#038;h=295&#038;s=74c750446dc01ef5485229ea3f3dbbf7 336w, https:\/\/www.abf.se\/ostergotland\/resized\/?url=https%3A%2F%2Fwww.abf.se%2Fwp-content%2Fuploads%2Fsites%2F64%2F2024%2F04%2FRubrik-1.png&#038;fit=crop&#038;w=432&#038;h=380&#038;s=c27552d52713d0ed72e94d19f6437f88 432w, https:\/\/www.abf.se\/ostergotland\/resized\/?url=https%3A%2F%2Fwww.abf.se%2Fwp-content%2Fuploads%2Fsites%2F64%2F2024%2F04%2FRubrik-1.png&#038;fit=crop&#038;w=480&#038;h=422&#038;s=7d47babf0d6f104280d599ecb05cac21 480w, https:\/\/www.abf.se\/ostergotland\/resized\/?url=https%3A%2F%2Fwww.abf.se%2Fwp-content%2Fuploads%2Fsites%2F64%2F2024%2F04%2FRubrik-1.png&#038;fit=crop&#038;w=528&#038;h=464&#038;s=19719353ee4a28554d16694503b13217 528w, https:\/\/www.abf.se\/ostergotland\/resized\/?url=https%3A%2F%2Fwww.abf.se%2Fwp-content%2Fuploads%2Fsites%2F64%2F2024%2F04%2FRubrik-1.png&#038;fit=crop&#038;w=578&#038;h=509&#038;s=09da26ad9339fab5ec64471016d7369c 578w, https:\/\/www.abf.se\/ostergotland\/resized\/?url=https%3A%2F%2Fwww.abf.se%2Fwp-content%2Fuploads%2Fsites%2F64%2F2024%2F04%2FRubrik-1.png&#038;fit=crop&#038;w=672&#038;h=591&#038;s=3e82dedd169692e790e77bce92806b99 672w, https:\/\/www.abf.se\/ostergotland\/resized\/?url=https%3A%2F%2Fwww.abf.se%2Fwp-content%2Fuploads%2Fsites%2F64%2F2024%2F04%2FRubrik-1.png&#038;fit=crop&#038;w=864&#038;h=760&#038;s=26b6527f681fcad5c32b27916e16a43d 864w, https:\/\/www.abf.se\/ostergotland\/resized\/?url=https%3A%2F%2Fwww.abf.se%2Fwp-content%2Fuploads%2Fsites%2F64%2F2024%2F04%2FRubrik-1.png&#038;fit=crop&#038;w=1056&#038;h=929&#038;s=cf9ef03164035d9ecacfcd9faa04435f 1056w\" alt=\"\" height=\"509\" width=\"578\" sizes=\"auto, (max-width: 768px) 100vw,\n                (max-width: 1280px) 50vw, 578px\" loading=\"lazy\" fetchpriority=\"low\" \/><\/picture>\n\n        <\/div>\n        \n        <div class=\"w-full md:w-1\/2 md:order-1\">\n        <div class=\"mx-auto md:max-w-[368px]\">\n            <h2 class=\"heading-lg\">E-lista<\/h2>\n            <div class=\"mb-6 mt-4 wysiwyg\">\n                <p>Du kan anv\u00e4nda din telefon, surfplatta eller dator f\u00f6r att rapportera. F\u00f6r att kunna anv\u00e4nda denna enkla och smidiga tj\u00e4nst beh\u00f6ver du ha en mejladress och ett bank-id. Vi hj\u00e4lper dig komma ig\u00e5ng.<\/p>\n<p>Logga in p\u00e5 v\u00e5r e-tj\u00e4nst &#8211; <a href=\"https:\/\/arretjanst.abf.se\/\">ABF e-tj\u00e4nst<\/a><br \/>\n<a href=\"https:\/\/www.abf.se\/wp-content\/uploads\/sites\/64\/2025\/05\/Narvaro-rapportering-Studiecirkel.pdf\">H\u00e4r finns en nedladdningbar manual<\/a>.<\/p>\n<p>Var inte r\u00e4dd f\u00f6r att g\u00f6ra fel! Vi p\u00e5 ABF g\u00f6r alltid en sista handl\u00e4ggning innan rapporten skickas vidare till folkbildningsr\u00e5det. Har du fr\u00e5gor? Kontakta oss!<\/p>\n<p>Korta manualer<\/p>\n<p><a href=\"https:\/\/www.abf.se\/wp-content\/uploads\/sites\/64\/2025\/06\/Ta-bort-sammankomst.pdf\">Ta bort en sammankost via din Iphone.<\/a><\/p>\n\n            <\/div>\n                    <\/div>\n        <\/div>\n    <\/div>\n<\/div><div\n        class=\"acf-article-video-block article-container-lg my-12 external-video\"\n        data-block=\"article-video-block\"\n    >\n                    <h2 class=\"heading-md mb-3 text-black\">V\u00e4lkommen till e-tj\u00e4nst!<\/h2>\n                            <p class=\"body-md text-gray-text my-2\">I den h\u00e4r filmen g\u00e5r vi igenom e-tj\u00e4nstens startsida och hur du navigerar.<\/p>\n        \n                    <iframe loading=\"lazy\" title=\"V\u00e4lkommen till E-tj\u00e4nsten\" src=\"https:\/\/player.vimeo.com\/video\/610537367?dnt=1&amp;app_id=122963\" width=\"500\" height=\"281\" frameborder=\"0\" allow=\"autoplay; fullscreen; picture-in-picture; clipboard-write; encrypted-media\"><\/iframe>\n                            <\/div>\n<div\n        class=\"acf-article-video-block article-container-lg my-12 external-video\"\n        data-block=\"article-video-block\"\n    >\n                    <h2 class=\"heading-md mb-3 text-black\">Registrera n\u00e4rvaro<\/h2>\n                            <p class=\"body-md text-gray-text my-2\">I den h\u00e4r filmen visar vi hur du registrerar n\u00e4rvaro p\u00e5 en sammankomst i en studiecirkel.<br \/>\r\n<\/p>\n        \n                    <iframe loading=\"lazy\" title=\"Registrera n\u00e4rvaro\" src=\"https:\/\/player.vimeo.com\/video\/610565602?dnt=1&amp;app_id=122963\" width=\"500\" height=\"281\" frameborder=\"0\" allow=\"autoplay; fullscreen; picture-in-picture; clipboard-write; encrypted-media\"><\/iframe>\n                            <\/div>\n<div\n        class=\"acf-article-video-block article-container-lg my-12 external-video\"\n        data-block=\"article-video-block\"\n    >\n                    <h2 class=\"heading-md mb-3 text-black\">\u00c4ndra sammankomst<\/h2>\n                            <p class=\"body-md text-gray-text my-2\">H\u00e4r visas hur du \u00e4ndrar tider, deltagare och annat p\u00e5 dina sammankomster.<\/p>\n        \n                    <iframe loading=\"lazy\" title=\"\u00c4ndra sammankomst\" src=\"https:\/\/player.vimeo.com\/video\/625473831?dnt=1&amp;app_id=122963\" width=\"500\" height=\"281\" frameborder=\"0\" allow=\"autoplay; fullscreen; picture-in-picture; clipboard-write; encrypted-media\"><\/iframe>\n                            <\/div>\n<div\n        class=\"acf-article-video-block article-container-lg my-12 external-video\"\n        data-block=\"article-video-block\"\n    >\n                    <h2 class=\"heading-md mb-3 text-black\">Signera e-listan<\/h2>\n                            <p class=\"body-md text-gray-text my-2\">Slutligen visas hur du signerar E-listan.<\/p>\n        \n                    <iframe loading=\"lazy\" title=\"V\u00e4lkommen till E-tj\u00e4nsten\" src=\"https:\/\/player.vimeo.com\/video\/610537367?dnt=1&amp;app_id=122963\" width=\"500\" height=\"281\" frameborder=\"0\" allow=\"autoplay; fullscreen; picture-in-picture; clipboard-write; encrypted-media\"><\/iframe>\n                            <\/div>\n<div\n    class=\"acf-article-text-block article-container my-12\"\n    data-block=\"article-text-block\"\n>\n    <div class=\"wysiwyg\">\n        <p>Fler filmer med som visar hur man hanterar n\u00e4rvarolistan p\u00e5 v\u00e5r e-tj\u00e4nst hittar du h\u00e4r p\u00e5 Studief\u00f6rbundens Vimeo-kanal.<a href=\"https:\/\/vimeo.com\/studieforbunden\"> https:\/\/vimeo.com\/studieforbunden<\/a><\/p>\n<p>D\u00e4r finns ocks\u00e5 alla filmer p\u00e5 engelska.<\/p>\n\n    <\/div>\n<\/div>\n","protected":false},"excerpt":{"rendered":"","protected":false},"author":29,"featured_media":0,"parent":0,"menu_order":0,"comment_status":"closed","ping_status":"closed","template":"","meta":{"_acf_changed":false,"footnotes":""},"class_list":["post-294","page","type-page","status-publish","hentry"],"acf":[],"yoast_head":"<!-- This site is optimized with the Yoast SEO plugin v27.0 - https:\/\/yoast.com\/product\/yoast-seo-wordpress\/ -->\n<title>E-lista - \u00d6sterg\u00f6tland<\/title>\n<meta name=\"robots\" content=\"index, follow, max-snippet:-1, max-image-preview:large, max-video-preview:-1\" \/>\n<link rel=\"canonical\" href=\"https:\/\/www.abf.se\/ostergotland\/e-lista-2\/\" \/>\n<meta property=\"og:locale\" content=\"sv_SE\" \/>\n<meta property=\"og:type\" content=\"article\" \/>\n<meta property=\"og:title\" content=\"E-lista - \u00d6sterg\u00f6tland\" \/>\n<meta property=\"og:url\" content=\"https:\/\/www.abf.se\/ostergotland\/e-lista-2\/\" \/>\n<meta property=\"og:site_name\" content=\"\u00d6sterg\u00f6tland\" \/>\n<meta property=\"article:modified_time\" content=\"2025-06-09T08:10:01+00:00\" \/>\n<meta property=\"og:image\" content=\"https:\/\/www.abf.se\/wp-content\/uploads\/sites\/64\/2024\/04\/Nyckeln-liggande-scaled.jpg\" \/>\n\t<meta property=\"og:image:width\" content=\"2560\" \/>\n\t<meta property=\"og:image:height\" content=\"1440\" \/>\n\t<meta property=\"og:image:type\" content=\"image\/jpeg\" \/>\n<meta name=\"twitter:card\" content=\"summary_large_image\" \/>\n<script type=\"application\/ld+json\" class=\"yoast-schema-graph\">{\"@context\":\"https:\/\/schema.org\",\"@graph\":[{\"@type\":\"WebPage\",\"@id\":\"https:\/\/www.abf.se\/ostergotland\/e-lista-2\/\",\"url\":\"https:\/\/www.abf.se\/ostergotland\/e-lista-2\/\",\"name\":\"E-lista - \u00d6sterg\u00f6tland\",\"isPartOf\":{\"@id\":\"https:\/\/www.abf.se\/ostergotland\/#website\"},\"datePublished\":\"2024-04-02T12:51:58+00:00\",\"dateModified\":\"2025-06-09T08:10:01+00:00\",\"breadcrumb\":{\"@id\":\"https:\/\/www.abf.se\/ostergotland\/e-lista-2\/#breadcrumb\"},\"inLanguage\":\"sv-SE\",\"potentialAction\":[{\"@type\":\"ReadAction\",\"target\":[\"https:\/\/www.abf.se\/ostergotland\/e-lista-2\/\"]}]},{\"@type\":\"BreadcrumbList\",\"@id\":\"https:\/\/www.abf.se\/ostergotland\/e-lista-2\/#breadcrumb\",\"itemListElement\":[{\"@type\":\"ListItem\",\"position\":1,\"name\":\"Home\",\"item\":\"https:\/\/www.abf.se\/ostergotland\/\"},{\"@type\":\"ListItem\",\"position\":2,\"name\":\"E-lista\"}]},{\"@type\":\"WebSite\",\"@id\":\"https:\/\/www.abf.se\/ostergotland\/#website\",\"url\":\"https:\/\/www.abf.se\/ostergotland\/\",\"name\":\"\u00d6sterg\u00f6tland\",\"description\":\"\",\"potentialAction\":[{\"@type\":\"SearchAction\",\"target\":{\"@type\":\"EntryPoint\",\"urlTemplate\":\"https:\/\/www.abf.se\/ostergotland\/?s={search_term_string}\"},\"query-input\":{\"@type\":\"PropertyValueSpecification\",\"valueRequired\":true,\"valueName\":\"search_term_string\"}}],\"inLanguage\":\"sv-SE\"}]}<\/script>\n<!-- \/ Yoast SEO plugin. -->","yoast_head_json":{"title":"E-lista - \u00d6sterg\u00f6tland","robots":{"index":"index","follow":"follow","max-snippet":"max-snippet:-1","max-image-preview":"max-image-preview:large","max-video-preview":"max-video-preview:-1"},"canonical":"https:\/\/www.abf.se\/ostergotland\/e-lista-2\/","og_locale":"sv_SE","og_type":"article","og_title":"E-lista - \u00d6sterg\u00f6tland","og_url":"https:\/\/www.abf.se\/ostergotland\/e-lista-2\/","og_site_name":"\u00d6sterg\u00f6tland","article_modified_time":"2025-06-09T08:10:01+00:00","og_image":[{"width":2560,"height":1440,"url":"https:\/\/www.abf.se\/wp-content\/uploads\/sites\/64\/2024\/04\/Nyckeln-liggande-scaled.jpg","type":"image\/jpeg"}],"twitter_card":"summary_large_image","schema":{"@context":"https:\/\/schema.org","@graph":[{"@type":"WebPage","@id":"https:\/\/www.abf.se\/ostergotland\/e-lista-2\/","url":"https:\/\/www.abf.se\/ostergotland\/e-lista-2\/","name":"E-lista - \u00d6sterg\u00f6tland","isPartOf":{"@id":"https:\/\/www.abf.se\/ostergotland\/#website"},"datePublished":"2024-04-02T12:51:58+00:00","dateModified":"2025-06-09T08:10:01+00:00","breadcrumb":{"@id":"https:\/\/www.abf.se\/ostergotland\/e-lista-2\/#breadcrumb"},"inLanguage":"sv-SE","potentialAction":[{"@type":"ReadAction","target":["https:\/\/www.abf.se\/ostergotland\/e-lista-2\/"]}]},{"@type":"BreadcrumbList","@id":"https:\/\/www.abf.se\/ostergotland\/e-lista-2\/#breadcrumb","itemListElement":[{"@type":"ListItem","position":1,"name":"Home","item":"https:\/\/www.abf.se\/ostergotland\/"},{"@type":"ListItem","position":2,"name":"E-lista"}]},{"@type":"WebSite","@id":"https:\/\/www.abf.se\/ostergotland\/#website","url":"https:\/\/www.abf.se\/ostergotland\/","name":"\u00d6sterg\u00f6tland","description":"","potentialAction":[{"@type":"SearchAction","target":{"@type":"EntryPoint","urlTemplate":"https:\/\/www.abf.se\/ostergotland\/?s={search_term_string}"},"query-input":{"@type":"PropertyValueSpecification","valueRequired":true,"valueName":"search_term_string"}}],"inLanguage":"sv-SE"}]}},"_links":{"self":[{"href":"https:\/\/www.abf.se\/ostergotland\/wp-json\/wp\/v2\/pages\/294","targetHints":{"allow":["GET"]}}],"collection":[{"href":"https:\/\/www.abf.se\/ostergotland\/wp-json\/wp\/v2\/pages"}],"about":[{"href":"https:\/\/www.abf.se\/ostergotland\/wp-json\/wp\/v2\/types\/page"}],"author":[{"embeddable":true,"href":"https:\/\/www.abf.se\/ostergotland\/wp-json\/wp\/v2\/users\/29"}],"replies":[{"embeddable":true,"href":"https:\/\/www.abf.se\/ostergotland\/wp-json\/wp\/v2\/comments?post=294"}],"version-history":[{"count":21,"href":"https:\/\/www.abf.se\/ostergotland\/wp-json\/wp\/v2\/pages\/294\/revisions"}],"predecessor-version":[{"id":1814,"href":"https:\/\/www.abf.se\/ostergotland\/wp-json\/wp\/v2\/pages\/294\/revisions\/1814"}],"wp:attachment":[{"href":"https:\/\/www.abf.se\/ostergotland\/wp-json\/wp\/v2\/media?parent=294"}],"curies":[{"name":"wp","href":"https:\/\/api.w.org\/{rel}","templated":true}]}}