{"id":649,"date":"2024-04-19T12:03:28","date_gmt":"2024-04-19T10:03:28","guid":{"rendered":"https:\/\/www.abf.se\/ostergotland\/?page_id=649"},"modified":"2024-04-22T16:20:29","modified_gmt":"2024-04-22T14:20:29","slug":"fackliga-studier","status":"publish","type":"page","link":"https:\/\/www.abf.se\/ostergotland\/var-verksamhet\/fackliga-studier\/","title":{"rendered":"Fackliga studier"},"content":{"rendered":"<div\n    class=\"acf-hero-block container-lg no-padding mb-12 js-geolocation\"\n    data-block=\"hero-block\"\n    data-index=\"0\"\n>\n    <div class=\"h-[548px]  relative rounded-[32px] overflow-hidden flex bg-gray-light\">\n        <div class=\"relative z-10 mt-auto h-auto w-full md:h-full\">\n            <div class=\"flex w-full h-full flex-col flex-wrap justify-end w-full md:w-7\/12 lg:w-1\/2 md:justify-center\">\n                <div class=\"flex flex-col gap-3 md:gap-[18px] md:transparent pt-16 pb-36 md:py-8 px-4 w-full md:max-w-[620px] mx-auto px-8\">\n\n                    <h1 class=\"hero-heading hero-heading--red-text\"><span>Tv\u00e4rfackliga utbildningar<\/span><\/h1>\n\n                    \n                                    <\/div>\n            <\/div>\n        <\/div>\n\n                    <picture class=\"as-background-image mix-blend-multiply bg-black\/40\"><img decoding=\"async\" src=\"https:\/\/www.abf.se\/ostergotland\/resized\/?url=https%3A%2F%2Fwww.abf.se%2Fwp-content%2Fuploads%2F2024%2F04%2FSamhalle-Politik-Fackligt-01.jpg&#038;fit=crop&#038;w=1440&#038;s=dc79ef60cc933c926d45da32b60507f7\" srcset=\"https:\/\/www.abf.se\/ostergotland\/resized\/?url=https%3A%2F%2Fwww.abf.se%2Fwp-content%2Fuploads%2F2024%2F04%2FSamhalle-Politik-Fackligt-01.jpg&#038;fit=crop&#038;w=375&#038;h=540&#038;s=8787921626f266bd6f3167be84bc9b54 375w, https:\/\/www.abf.se\/ostergotland\/resized\/?url=https%3A%2F%2Fwww.abf.se%2Fwp-content%2Fuploads%2F2024%2F04%2FSamhalle-Politik-Fackligt-01.jpg&#038;fit=crop&#038;w=447&#038;h=540&#038;s=149eefd2e4687f72ec95d069ea82926a 447w, https:\/\/www.abf.se\/ostergotland\/resized\/?url=https%3A%2F%2Fwww.abf.se%2Fwp-content%2Fuploads%2F2024%2F04%2FSamhalle-Politik-Fackligt-01.jpg&#038;fit=crop&#038;w=519&#038;h=540&#038;s=d4c9d5e9224f2ea6971a381f427e934f 519w, https:\/\/www.abf.se\/ostergotland\/resized\/?url=https%3A%2F%2Fwww.abf.se%2Fwp-content%2Fuploads%2F2024%2F04%2FSamhalle-Politik-Fackligt-01.jpg&#038;fit=crop&#038;w=591&#038;h=540&#038;s=73ae63015b00122016111098004b03c8 591w, https:\/\/www.abf.se\/ostergotland\/resized\/?url=https%3A%2F%2Fwww.abf.se%2Fwp-content%2Fuploads%2F2024%2F04%2FSamhalle-Politik-Fackligt-01.jpg&#038;fit=crop&#038;w=663&#038;h=540&#038;s=f044b60ecf5c1e481418c1949cfed72a 663w, https:\/\/www.abf.se\/ostergotland\/resized\/?url=https%3A%2F%2Fwww.abf.se%2Fwp-content%2Fuploads%2F2024%2F04%2FSamhalle-Politik-Fackligt-01.jpg&#038;fit=crop&#038;w=750&#038;h=540&#038;s=d4d3712be41669e721f7cbba9cced7a8 750w, https:\/\/www.abf.se\/ostergotland\/resized\/?url=https%3A%2F%2Fwww.abf.se%2Fwp-content%2Fuploads%2F2024%2F04%2FSamhalle-Politik-Fackligt-01.jpg&#038;fit=crop&#038;w=894&#038;h=540&#038;s=8ca03e83d7f6aab9f4fb1589eaafd47e 894w, https:\/\/www.abf.se\/ostergotland\/resized\/?url=https%3A%2F%2Fwww.abf.se%2Fwp-content%2Fuploads%2F2024%2F04%2FSamhalle-Politik-Fackligt-01.jpg&#038;fit=crop&#038;w=1038&#038;h=540&#038;s=969e274ad2e60095be51a062d11eb440 1038w, https:\/\/www.abf.se\/ostergotland\/resized\/?url=https%3A%2F%2Fwww.abf.se%2Fwp-content%2Fuploads%2F2024%2F04%2FSamhalle-Politik-Fackligt-01.jpg&#038;fit=crop&#038;w=1182&#038;h=540&#038;s=f3a2571c9552d5ad75e49d261939bf18 1182w, https:\/\/www.abf.se\/ostergotland\/resized\/?url=https%3A%2F%2Fwww.abf.se%2Fwp-content%2Fuploads%2F2024%2F04%2FSamhalle-Politik-Fackligt-01.jpg&#038;fit=crop&#038;w=1326&#038;h=540&#038;s=2e42e8cc05cdd759ffb6587149f1533a 1326w, https:\/\/www.abf.se\/ostergotland\/resized\/?url=https%3A%2F%2Fwww.abf.se%2Fwp-content%2Fuploads%2F2024%2F04%2FSamhalle-Politik-Fackligt-01.jpg&#038;fit=crop&#038;w=1440&#038;h=540&#038;s=dad44a4517201b0fefb83c1cbe8743e6 1440w\" alt=\"\" height=\"540\" width=\"1440\" sizes=\"(max-width: 1440px) calc(100vw - 32px), 1440px\" loading=\"eager\" fetchpriority=\"high\" aria-hidden=\"true\" role=\"presentation\" \/><\/picture>\n        \n\n            <\/div>\n\n    <\/div>\n\n<div\n    class=\"acf-text-image-block container my-12 md:my-15\"\n    data-block=\"text-image-block\"\n>\n    <div\n    class=\"flex flex-col items-center md:flex-row gap-8 md:gap-0 justify-between\">\n                        <div class=\"w-full md:w-1\/2 md:order-2\">\n            <picture><img decoding=\"async\" src=\"https:\/\/www.abf.se\/ostergotland\/resized\/?url=https%3A%2F%2Fwww.abf.se%2Fwp-content%2Fuploads%2F2024%2F04%2FABF_header_1805-5905.jpg&#038;fit=crop&#038;w=578&#038;s=40c9513ef08211569d705ce5359e86f0\" srcset=\"https:\/\/www.abf.se\/ostergotland\/resized\/?url=https%3A%2F%2Fwww.abf.se%2Fwp-content%2Fuploads%2F2024%2F04%2FABF_header_1805-5905.jpg&#038;fit=crop&#038;w=144&#038;h=126&#038;s=986137301eb39814f6b5682edbec204b 144w, https:\/\/www.abf.se\/ostergotland\/resized\/?url=https%3A%2F%2Fwww.abf.se%2Fwp-content%2Fuploads%2F2024%2F04%2FABF_header_1805-5905.jpg&#038;fit=crop&#038;w=240&#038;h=211&#038;s=79e69fad2601322630d310e47917db5e 240w, https:\/\/www.abf.se\/ostergotland\/resized\/?url=https%3A%2F%2Fwww.abf.se%2Fwp-content%2Fuploads%2F2024%2F04%2FABF_header_1805-5905.jpg&#038;fit=crop&#038;w=288&#038;h=253&#038;s=80ed5aa89ac156667005ce9d82c26574 288w, https:\/\/www.abf.se\/ostergotland\/resized\/?url=https%3A%2F%2Fwww.abf.se%2Fwp-content%2Fuploads%2F2024%2F04%2FABF_header_1805-5905.jpg&#038;fit=crop&#038;w=336&#038;h=295&#038;s=c1ee53235b8aaee626495ac43ec7cec1 336w, https:\/\/www.abf.se\/ostergotland\/resized\/?url=https%3A%2F%2Fwww.abf.se%2Fwp-content%2Fuploads%2F2024%2F04%2FABF_header_1805-5905.jpg&#038;fit=crop&#038;w=432&#038;h=380&#038;s=4827f1275d2e338f75dde44e6f30caea 432w, https:\/\/www.abf.se\/ostergotland\/resized\/?url=https%3A%2F%2Fwww.abf.se%2Fwp-content%2Fuploads%2F2024%2F04%2FABF_header_1805-5905.jpg&#038;fit=crop&#038;w=480&#038;h=422&#038;s=e4b538e26d575a8924eb7d04e69392d4 480w, https:\/\/www.abf.se\/ostergotland\/resized\/?url=https%3A%2F%2Fwww.abf.se%2Fwp-content%2Fuploads%2F2024%2F04%2FABF_header_1805-5905.jpg&#038;fit=crop&#038;w=528&#038;h=464&#038;s=38ba94369741fbfdcf87af0444f92d03 528w, https:\/\/www.abf.se\/ostergotland\/resized\/?url=https%3A%2F%2Fwww.abf.se%2Fwp-content%2Fuploads%2F2024%2F04%2FABF_header_1805-5905.jpg&#038;fit=crop&#038;w=578&#038;h=509&#038;s=26376e647971aa430abb3da2700675e7 578w, https:\/\/www.abf.se\/ostergotland\/resized\/?url=https%3A%2F%2Fwww.abf.se%2Fwp-content%2Fuploads%2F2024%2F04%2FABF_header_1805-5905.jpg&#038;fit=crop&#038;w=672&#038;h=591&#038;s=e23282cdc620e76d9991744f9b256fe0 672w, https:\/\/www.abf.se\/ostergotland\/resized\/?url=https%3A%2F%2Fwww.abf.se%2Fwp-content%2Fuploads%2F2024%2F04%2FABF_header_1805-5905.jpg&#038;fit=crop&#038;w=864&#038;h=760&#038;s=36ece1167483d79338da14756bad3919 864w, https:\/\/www.abf.se\/ostergotland\/resized\/?url=https%3A%2F%2Fwww.abf.se%2Fwp-content%2Fuploads%2F2024%2F04%2FABF_header_1805-5905.jpg&#038;fit=crop&#038;w=1056&#038;h=929&#038;s=8b841530c7552d12d7f6f485145047ed 1056w\" alt=\"fyra personer sitt vid bord m&ouml;blerat som skolsittning, alla l&auml;ser ur samma bok\" height=\"509\" width=\"578\" sizes=\"auto, (max-width: 768px) 100vw,\n                (max-width: 1280px) 50vw, 578px\" loading=\"lazy\" fetchpriority=\"low\" \/><\/picture>\n\n        <\/div>\n        \n        <div class=\"w-full md:w-1\/2 md:order-1\">\n        <div class=\"mx-auto md:max-w-[368px]\">\n            <h2 class=\"heading-lg\">Tv\u00e4rfackliga utbildningar<\/h2>\n            <div class=\"mb-6 mt-4 wysiwyg\">\n                <p class=\"article-preamble\">Ta steget och utbilda dig fackligt \u2013 oavsett om du \u00e4r f\u00f6rtroendevald eller vanlig medlem s\u00e5 finns det en kurs f\u00f6r dig.<\/p>\n<div>V\u00e5ra tv\u00e4rfackliga utbildningar anordnas i samverkan med LO-distriktet Mellansverige och riktar sig till dig som \u00e4r medlem i ett LO-anslutet fackf\u00f6rbund.<\/div>\n<div class=\"article-body\" data-enhancer=\"articleBody\">\n<p>Kurskatalog &#8211; <a href=\"https:\/\/mellansverige.lo.se\/home\/lo\/res.nsf\/vRes\/lo_distriktet_i_mellansverige_1707728530745_tvarfackliga_studier_mellansverige_2024_webb_pdf\/$File\/Tv\u00e4rfackliga%20studier%20Mellansverige%202024_webb.pdf\">Tv\u00e4rfackliga utbildningar 2024<\/a><\/p>\n<p>Kurskatalog &#8211; <a href=\"https:\/\/mellansverige.lo.se\/home\/lo\/res.nsf\/vRes\/lo_distriktet_i_mellansverige_1707728530745_ungfolder_2024_1_pdf\/$File\/Ungfolder%202024%20(1).pdf\">Ungverksamhet 2024<\/a><\/p>\n<p>Anm\u00e4lan g\u00f6rs p\u00e5 LO:s hemsida\u00a0<a href=\"https:\/\/www.lo.se\/start\/verksamhet\/facklig_utbildning\/fackliga_utbildningar_for_dig\">Fackliga utbildningar f\u00f6r dig<\/a><\/p>\n<\/div>\n\n            <\/div>\n                    <\/div>\n        <\/div>\n    <\/div>\n<\/div>","protected":false},"excerpt":{"rendered":"","protected":false},"author":29,"featured_media":0,"parent":675,"menu_order":0,"comment_status":"closed","ping_status":"closed","template":"","meta":{"_acf_changed":false,"footnotes":""},"class_list":["post-649","page","type-page","status-publish","hentry"],"acf":[],"yoast_head":"<!-- This site is optimized with the Yoast SEO plugin v27.0 - https:\/\/yoast.com\/product\/yoast-seo-wordpress\/ -->\n<title>Fackliga studier - \u00d6sterg\u00f6tland<\/title>\n<meta name=\"robots\" content=\"index, follow, max-snippet:-1, max-image-preview:large, max-video-preview:-1\" \/>\n<link rel=\"canonical\" href=\"https:\/\/www.abf.se\/ostergotland\/var-verksamhet\/fackliga-studier\/\" \/>\n<meta property=\"og:locale\" content=\"sv_SE\" \/>\n<meta property=\"og:type\" content=\"article\" \/>\n<meta property=\"og:title\" content=\"Fackliga studier - \u00d6sterg\u00f6tland\" \/>\n<meta property=\"og:url\" content=\"https:\/\/www.abf.se\/ostergotland\/var-verksamhet\/fackliga-studier\/\" \/>\n<meta property=\"og:site_name\" content=\"\u00d6sterg\u00f6tland\" \/>\n<meta property=\"article:modified_time\" content=\"2024-04-22T14:20:29+00:00\" \/>\n<meta property=\"og:image\" content=\"https:\/\/www.abf.se\/wp-content\/uploads\/sites\/64\/2024\/04\/Nyckeln-liggande-scaled.jpg\" \/>\n\t<meta property=\"og:image:width\" content=\"2560\" \/>\n\t<meta property=\"og:image:height\" content=\"1440\" \/>\n\t<meta property=\"og:image:type\" content=\"image\/jpeg\" \/>\n<meta name=\"twitter:card\" content=\"summary_large_image\" \/>\n<script type=\"application\/ld+json\" class=\"yoast-schema-graph\">{\"@context\":\"https:\/\/schema.org\",\"@graph\":[{\"@type\":\"WebPage\",\"@id\":\"https:\/\/www.abf.se\/ostergotland\/var-verksamhet\/fackliga-studier\/\",\"url\":\"https:\/\/www.abf.se\/ostergotland\/var-verksamhet\/fackliga-studier\/\",\"name\":\"Fackliga studier - \u00d6sterg\u00f6tland\",\"isPartOf\":{\"@id\":\"https:\/\/www.abf.se\/ostergotland\/#website\"},\"datePublished\":\"2024-04-19T10:03:28+00:00\",\"dateModified\":\"2024-04-22T14:20:29+00:00\",\"breadcrumb\":{\"@id\":\"https:\/\/www.abf.se\/ostergotland\/var-verksamhet\/fackliga-studier\/#breadcrumb\"},\"inLanguage\":\"sv-SE\",\"potentialAction\":[{\"@type\":\"ReadAction\",\"target\":[\"https:\/\/www.abf.se\/ostergotland\/var-verksamhet\/fackliga-studier\/\"]}]},{\"@type\":\"BreadcrumbList\",\"@id\":\"https:\/\/www.abf.se\/ostergotland\/var-verksamhet\/fackliga-studier\/#breadcrumb\",\"itemListElement\":[{\"@type\":\"ListItem\",\"position\":1,\"name\":\"Home\",\"item\":\"https:\/\/www.abf.se\/ostergotland\/\"},{\"@type\":\"ListItem\",\"position\":2,\"name\":\"V\u00e5r verksamhet\",\"item\":\"https:\/\/www.abf.se\/ostergotland\/var-verksamhet\/\"},{\"@type\":\"ListItem\",\"position\":3,\"name\":\"Fackliga studier\"}]},{\"@type\":\"WebSite\",\"@id\":\"https:\/\/www.abf.se\/ostergotland\/#website\",\"url\":\"https:\/\/www.abf.se\/ostergotland\/\",\"name\":\"\u00d6sterg\u00f6tland\",\"description\":\"\",\"potentialAction\":[{\"@type\":\"SearchAction\",\"target\":{\"@type\":\"EntryPoint\",\"urlTemplate\":\"https:\/\/www.abf.se\/ostergotland\/?s={search_term_string}\"},\"query-input\":{\"@type\":\"PropertyValueSpecification\",\"valueRequired\":true,\"valueName\":\"search_term_string\"}}],\"inLanguage\":\"sv-SE\"}]}<\/script>\n<!-- \/ Yoast SEO plugin. -->","yoast_head_json":{"title":"Fackliga studier - \u00d6sterg\u00f6tland","robots":{"index":"index","follow":"follow","max-snippet":"max-snippet:-1","max-image-preview":"max-image-preview:large","max-video-preview":"max-video-preview:-1"},"canonical":"https:\/\/www.abf.se\/ostergotland\/var-verksamhet\/fackliga-studier\/","og_locale":"sv_SE","og_type":"article","og_title":"Fackliga studier - \u00d6sterg\u00f6tland","og_url":"https:\/\/www.abf.se\/ostergotland\/var-verksamhet\/fackliga-studier\/","og_site_name":"\u00d6sterg\u00f6tland","article_modified_time":"2024-04-22T14:20:29+00:00","og_image":[{"width":2560,"height":1440,"url":"https:\/\/www.abf.se\/wp-content\/uploads\/sites\/64\/2024\/04\/Nyckeln-liggande-scaled.jpg","type":"image\/jpeg"}],"twitter_card":"summary_large_image","schema":{"@context":"https:\/\/schema.org","@graph":[{"@type":"WebPage","@id":"https:\/\/www.abf.se\/ostergotland\/var-verksamhet\/fackliga-studier\/","url":"https:\/\/www.abf.se\/ostergotland\/var-verksamhet\/fackliga-studier\/","name":"Fackliga studier - \u00d6sterg\u00f6tland","isPartOf":{"@id":"https:\/\/www.abf.se\/ostergotland\/#website"},"datePublished":"2024-04-19T10:03:28+00:00","dateModified":"2024-04-22T14:20:29+00:00","breadcrumb":{"@id":"https:\/\/www.abf.se\/ostergotland\/var-verksamhet\/fackliga-studier\/#breadcrumb"},"inLanguage":"sv-SE","potentialAction":[{"@type":"ReadAction","target":["https:\/\/www.abf.se\/ostergotland\/var-verksamhet\/fackliga-studier\/"]}]},{"@type":"BreadcrumbList","@id":"https:\/\/www.abf.se\/ostergotland\/var-verksamhet\/fackliga-studier\/#breadcrumb","itemListElement":[{"@type":"ListItem","position":1,"name":"Home","item":"https:\/\/www.abf.se\/ostergotland\/"},{"@type":"ListItem","position":2,"name":"V\u00e5r verksamhet","item":"https:\/\/www.abf.se\/ostergotland\/var-verksamhet\/"},{"@type":"ListItem","position":3,"name":"Fackliga studier"}]},{"@type":"WebSite","@id":"https:\/\/www.abf.se\/ostergotland\/#website","url":"https:\/\/www.abf.se\/ostergotland\/","name":"\u00d6sterg\u00f6tland","description":"","potentialAction":[{"@type":"SearchAction","target":{"@type":"EntryPoint","urlTemplate":"https:\/\/www.abf.se\/ostergotland\/?s={search_term_string}"},"query-input":{"@type":"PropertyValueSpecification","valueRequired":true,"valueName":"search_term_string"}}],"inLanguage":"sv-SE"}]}},"_links":{"self":[{"href":"https:\/\/www.abf.se\/ostergotland\/wp-json\/wp\/v2\/pages\/649","targetHints":{"allow":["GET"]}}],"collection":[{"href":"https:\/\/www.abf.se\/ostergotland\/wp-json\/wp\/v2\/pages"}],"about":[{"href":"https:\/\/www.abf.se\/ostergotland\/wp-json\/wp\/v2\/types\/page"}],"author":[{"embeddable":true,"href":"https:\/\/www.abf.se\/ostergotland\/wp-json\/wp\/v2\/users\/29"}],"replies":[{"embeddable":true,"href":"https:\/\/www.abf.se\/ostergotland\/wp-json\/wp\/v2\/comments?post=649"}],"version-history":[{"count":4,"href":"https:\/\/www.abf.se\/ostergotland\/wp-json\/wp\/v2\/pages\/649\/revisions"}],"predecessor-version":[{"id":688,"href":"https:\/\/www.abf.se\/ostergotland\/wp-json\/wp\/v2\/pages\/649\/revisions\/688"}],"up":[{"embeddable":true,"href":"https:\/\/www.abf.se\/ostergotland\/wp-json\/wp\/v2\/pages\/675"}],"wp:attachment":[{"href":"https:\/\/www.abf.se\/ostergotland\/wp-json\/wp\/v2\/media?parent=649"}],"curies":[{"name":"wp","href":"https:\/\/api.w.org\/{rel}","templated":true}]}}