{"id":652,"date":"2024-04-19T12:08:46","date_gmt":"2024-04-19T10:08:46","guid":{"rendered":"https:\/\/www.abf.se\/ostergotland\/?page_id=652"},"modified":"2024-04-22T16:20:14","modified_gmt":"2024-04-22T14:20:14","slug":"foreningsutbildningar","status":"publish","type":"page","link":"https:\/\/www.abf.se\/ostergotland\/var-verksamhet\/foreningsutbildningar\/","title":{"rendered":"F\u00f6reningsutbildningar"},"content":{"rendered":"<div\n    class=\"acf-hero-block container-lg no-padding mb-12 js-geolocation\"\n    data-block=\"hero-block\"\n    data-index=\"0\"\n>\n    <div class=\"h-[548px]  relative rounded-[32px] overflow-hidden flex bg-gray-light\">\n        <div class=\"relative z-10 mt-auto h-auto w-full md:h-full\">\n            <div class=\"flex w-full h-full flex-col flex-wrap justify-end w-full md:w-7\/12 lg:w-1\/2 md:justify-center\">\n                <div class=\"flex flex-col gap-3 md:gap-[18px] md:transparent pt-16 pb-36 md:py-8 px-4 w-full md:max-w-[620px] mx-auto px-8\">\n\n                    <h1 class=\"hero-heading hero-heading--red-text\"><span>F\u00f6reningsutbildningar<\/span><\/h1>\n\n                                            <p class=\"mt-4 max-w-[48ch] text-white\">\n                            Tillsammans med ABFs handledarlag erbjuder vi grundl\u00e4ggande f\u00f6reningsutbildningar och utbildningar f\u00f6r v\u00e5ra cirkelledare.\n                        <\/p>\n                    \n                                    <\/div>\n            <\/div>\n        <\/div>\n\n                    <picture class=\"as-background-image mix-blend-multiply bg-black\/40\"><img decoding=\"async\" src=\"https:\/\/www.abf.se\/ostergotland\/resized\/?url=https%3A%2F%2Fwww.abf.se%2Fwp-content%2Fuploads%2F2024%2F04%2Fekonomi-foretag2.jpg&#038;fit=crop&#038;w=1440&#038;s=0ac111b197ee91141582e109b928efab\" srcset=\"https:\/\/www.abf.se\/ostergotland\/resized\/?url=https%3A%2F%2Fwww.abf.se%2Fwp-content%2Fuploads%2F2024%2F04%2Fekonomi-foretag2.jpg&#038;fit=crop&#038;w=375&#038;h=540&#038;s=4baacd2ab145725d28fcd190de43989a 375w, https:\/\/www.abf.se\/ostergotland\/resized\/?url=https%3A%2F%2Fwww.abf.se%2Fwp-content%2Fuploads%2F2024%2F04%2Fekonomi-foretag2.jpg&#038;fit=crop&#038;w=447&#038;h=540&#038;s=63997dfdc5ce04ab3fc8e7ccc6e4c631 447w, https:\/\/www.abf.se\/ostergotland\/resized\/?url=https%3A%2F%2Fwww.abf.se%2Fwp-content%2Fuploads%2F2024%2F04%2Fekonomi-foretag2.jpg&#038;fit=crop&#038;w=519&#038;h=540&#038;s=a36c513a99516da3eada4c70e877b802 519w, https:\/\/www.abf.se\/ostergotland\/resized\/?url=https%3A%2F%2Fwww.abf.se%2Fwp-content%2Fuploads%2F2024%2F04%2Fekonomi-foretag2.jpg&#038;fit=crop&#038;w=591&#038;h=540&#038;s=062ecee68cf5788956508ced1d0a2cc3 591w, https:\/\/www.abf.se\/ostergotland\/resized\/?url=https%3A%2F%2Fwww.abf.se%2Fwp-content%2Fuploads%2F2024%2F04%2Fekonomi-foretag2.jpg&#038;fit=crop&#038;w=663&#038;h=540&#038;s=97f5068f6293b046340d504ba6b31590 663w, https:\/\/www.abf.se\/ostergotland\/resized\/?url=https%3A%2F%2Fwww.abf.se%2Fwp-content%2Fuploads%2F2024%2F04%2Fekonomi-foretag2.jpg&#038;fit=crop&#038;w=750&#038;h=540&#038;s=4283ea4a3e36ebdd5f11f43be353fe21 750w, https:\/\/www.abf.se\/ostergotland\/resized\/?url=https%3A%2F%2Fwww.abf.se%2Fwp-content%2Fuploads%2F2024%2F04%2Fekonomi-foretag2.jpg&#038;fit=crop&#038;w=894&#038;h=540&#038;s=4d81d5a10f22b35d75b8bd2d5ed3bbdb 894w, https:\/\/www.abf.se\/ostergotland\/resized\/?url=https%3A%2F%2Fwww.abf.se%2Fwp-content%2Fuploads%2F2024%2F04%2Fekonomi-foretag2.jpg&#038;fit=crop&#038;w=1038&#038;h=540&#038;s=455068c1333bf046296b7178deb70703 1038w, https:\/\/www.abf.se\/ostergotland\/resized\/?url=https%3A%2F%2Fwww.abf.se%2Fwp-content%2Fuploads%2F2024%2F04%2Fekonomi-foretag2.jpg&#038;fit=crop&#038;w=1182&#038;h=540&#038;s=719470fc6cde9f5e338f44f37d22f6af 1182w, https:\/\/www.abf.se\/ostergotland\/resized\/?url=https%3A%2F%2Fwww.abf.se%2Fwp-content%2Fuploads%2F2024%2F04%2Fekonomi-foretag2.jpg&#038;fit=crop&#038;w=1326&#038;h=540&#038;s=f75abc44711923ccd22e6f7fb924a71f 1326w, https:\/\/www.abf.se\/ostergotland\/resized\/?url=https%3A%2F%2Fwww.abf.se%2Fwp-content%2Fuploads%2F2024%2F04%2Fekonomi-foretag2.jpg&#038;fit=crop&#038;w=1440&#038;h=540&#038;s=afe53b7d4767c572a65342d206bcdebd 1440w\" alt=\"\" height=\"540\" width=\"1440\" sizes=\"(max-width: 1440px) calc(100vw - 32px), 1440px\" loading=\"eager\" fetchpriority=\"high\" aria-hidden=\"true\" role=\"presentation\" \/><\/picture>\n        \n\n            <\/div>\n\n    <\/div>\n\n<div\n    class=\"acf-text-image-block container my-12 md:my-15\"\n    data-block=\"text-image-block\"\n>\n    <div\n    class=\"flex flex-col items-center md:flex-row gap-8 md:gap-0 justify-between\">\n                        <div class=\"w-full md:w-1\/2 md:order-2\">\n            <picture><img decoding=\"async\" src=\"https:\/\/www.abf.se\/ostergotland\/resized\/?url=https%3A%2F%2Fwww.abf.se%2Fwp-content%2Fuploads%2F2023%2F11%2FGemenskap-foto-Pexels_IMGP.jpg&#038;fit=crop&#038;w=578&#038;s=9435c564c750dfa392f8f3a61028908d\" srcset=\"https:\/\/www.abf.se\/ostergotland\/resized\/?url=https%3A%2F%2Fwww.abf.se%2Fwp-content%2Fuploads%2F2023%2F11%2FGemenskap-foto-Pexels_IMGP.jpg&#038;fit=crop&#038;w=144&#038;h=126&#038;s=e6e7db6ece8e23c78f8c226350b6d522 144w, https:\/\/www.abf.se\/ostergotland\/resized\/?url=https%3A%2F%2Fwww.abf.se%2Fwp-content%2Fuploads%2F2023%2F11%2FGemenskap-foto-Pexels_IMGP.jpg&#038;fit=crop&#038;w=240&#038;h=211&#038;s=985bc13eb73243d718c804d448e8cffd 240w, https:\/\/www.abf.se\/ostergotland\/resized\/?url=https%3A%2F%2Fwww.abf.se%2Fwp-content%2Fuploads%2F2023%2F11%2FGemenskap-foto-Pexels_IMGP.jpg&#038;fit=crop&#038;w=288&#038;h=253&#038;s=dc084d2ff842bcdcf1f47add4eb66ce1 288w, https:\/\/www.abf.se\/ostergotland\/resized\/?url=https%3A%2F%2Fwww.abf.se%2Fwp-content%2Fuploads%2F2023%2F11%2FGemenskap-foto-Pexels_IMGP.jpg&#038;fit=crop&#038;w=336&#038;h=295&#038;s=2489efd561907bfda73ace38d172b41d 336w, https:\/\/www.abf.se\/ostergotland\/resized\/?url=https%3A%2F%2Fwww.abf.se%2Fwp-content%2Fuploads%2F2023%2F11%2FGemenskap-foto-Pexels_IMGP.jpg&#038;fit=crop&#038;w=432&#038;h=380&#038;s=3fd06e08d0567dd68d5e4838da85fa4f 432w, https:\/\/www.abf.se\/ostergotland\/resized\/?url=https%3A%2F%2Fwww.abf.se%2Fwp-content%2Fuploads%2F2023%2F11%2FGemenskap-foto-Pexels_IMGP.jpg&#038;fit=crop&#038;w=480&#038;h=422&#038;s=9cda416fcb6aaddcb4b7a25755ebcb77 480w, https:\/\/www.abf.se\/ostergotland\/resized\/?url=https%3A%2F%2Fwww.abf.se%2Fwp-content%2Fuploads%2F2023%2F11%2FGemenskap-foto-Pexels_IMGP.jpg&#038;fit=crop&#038;w=528&#038;h=464&#038;s=5b7d604d6e1b3f4a5c7fe5cc14c61429 528w, https:\/\/www.abf.se\/ostergotland\/resized\/?url=https%3A%2F%2Fwww.abf.se%2Fwp-content%2Fuploads%2F2023%2F11%2FGemenskap-foto-Pexels_IMGP.jpg&#038;fit=crop&#038;w=578&#038;h=509&#038;s=64c45b098e2d90d134361ad62c36ac28 578w, https:\/\/www.abf.se\/ostergotland\/resized\/?url=https%3A%2F%2Fwww.abf.se%2Fwp-content%2Fuploads%2F2023%2F11%2FGemenskap-foto-Pexels_IMGP.jpg&#038;fit=crop&#038;w=672&#038;h=591&#038;s=830bd9f23e3a7de6e31d80362803daaf 672w, https:\/\/www.abf.se\/ostergotland\/resized\/?url=https%3A%2F%2Fwww.abf.se%2Fwp-content%2Fuploads%2F2023%2F11%2FGemenskap-foto-Pexels_IMGP.jpg&#038;fit=crop&#038;w=864&#038;h=760&#038;s=fd8ea5e7b7841b32ba879db958098f5a 864w, https:\/\/www.abf.se\/ostergotland\/resized\/?url=https%3A%2F%2Fwww.abf.se%2Fwp-content%2Fuploads%2F2023%2F11%2FGemenskap-foto-Pexels_IMGP.jpg&#038;fit=crop&#038;w=1056&#038;h=929&#038;s=40bef7c9ee7dda470c4f8a44ebe4ab80 1056w\" alt=\"f&aring;gelperspektiv p&aring; en grupp m&auml;nniskor som alla str&auml;cker in handen i en cirkel\" height=\"509\" width=\"578\" sizes=\"auto, (max-width: 768px) 100vw,\n                (max-width: 1280px) 50vw, 578px\" loading=\"lazy\" fetchpriority=\"low\" \/><\/picture>\n\n        <\/div>\n        \n        <div class=\"w-full md:w-1\/2 md:order-1\">\n        <div class=\"mx-auto md:max-w-[368px]\">\n            <h2 class=\"heading-lg\">F\u00f6reningsutbildningar<\/h2>\n            <div class=\"mb-6 mt-4 wysiwyg\">\n                <p class=\"article-preamble\">\u00a0ABF arrangerar regelbundet funktionsutbildningar, till exempel ordf\u00f6randeutbildning, sekreterarutbildning mm. Kurserna passar alla f\u00f6reningsaktiva som har eller planerar att ta ett styrelse\/revisorsuppdrag f\u00f6r sin f\u00f6rening.<\/p>\n<p class=\"article-preamble\">Utbildningarna \u00e4r kostnadsfria f\u00f6r ABF \u00d6sterg\u00f6tlands medlems- och samarbetsorganisationer. Det utg\u00e5r ingen reseers\u00e4ttning eller f\u00f6rlorad arbetsf\u00f6rtj\u00e4nst. Samtliga utbildningar g\u00e5r att anm\u00e4la sig till direkt p\u00e5 respektive utbildning. Sista anm\u00e4lningsdag \u00e4r 14 dagar f\u00f6re respektive utbildningsdatum.<\/p>\n<div class=\"article-body\" data-enhancer=\"articleBody\">\n<p><a href=\"https:\/\/www.abf.se\/wp-content\/uploads\/sites\/64\/2024\/04\/forenings-och-cirkelledarutbildningar-2024.pdf\">Program f\u00f6r v\u00e5ren 2024.<\/a><\/p>\n<p>Tillsammans med ABFs handledarlag erbjuder vi grundl\u00e4ggande f\u00f6reningsutbildningar och utbildningar f\u00f6r v\u00e5ra cirkelledare.<\/p>\n<\/div>\n\n            <\/div>\n                    <\/div>\n        <\/div>\n    <\/div>\n<\/div>","protected":false},"excerpt":{"rendered":"","protected":false},"author":29,"featured_media":0,"parent":675,"menu_order":0,"comment_status":"closed","ping_status":"closed","template":"","meta":{"_acf_changed":false,"footnotes":""},"class_list":["post-652","page","type-page","status-publish","hentry"],"acf":[],"yoast_head":"<!-- This site is optimized with the Yoast SEO plugin v27.0 - https:\/\/yoast.com\/product\/yoast-seo-wordpress\/ -->\n<title>F\u00f6reningsutbildningar - \u00d6sterg\u00f6tland<\/title>\n<meta name=\"robots\" content=\"index, follow, max-snippet:-1, max-image-preview:large, max-video-preview:-1\" \/>\n<link rel=\"canonical\" href=\"https:\/\/www.abf.se\/ostergotland\/var-verksamhet\/foreningsutbildningar\/\" \/>\n<meta property=\"og:locale\" content=\"sv_SE\" \/>\n<meta property=\"og:type\" content=\"article\" \/>\n<meta property=\"og:title\" content=\"F\u00f6reningsutbildningar - \u00d6sterg\u00f6tland\" \/>\n<meta property=\"og:url\" content=\"https:\/\/www.abf.se\/ostergotland\/var-verksamhet\/foreningsutbildningar\/\" \/>\n<meta property=\"og:site_name\" content=\"\u00d6sterg\u00f6tland\" \/>\n<meta property=\"article:modified_time\" content=\"2024-04-22T14:20:14+00:00\" \/>\n<meta property=\"og:image\" content=\"https:\/\/www.abf.se\/wp-content\/uploads\/sites\/64\/2024\/04\/Nyckeln-liggande-scaled.jpg\" \/>\n\t<meta property=\"og:image:width\" content=\"2560\" \/>\n\t<meta property=\"og:image:height\" content=\"1440\" \/>\n\t<meta property=\"og:image:type\" content=\"image\/jpeg\" \/>\n<meta name=\"twitter:card\" content=\"summary_large_image\" \/>\n<script type=\"application\/ld+json\" class=\"yoast-schema-graph\">{\"@context\":\"https:\/\/schema.org\",\"@graph\":[{\"@type\":\"WebPage\",\"@id\":\"https:\/\/www.abf.se\/ostergotland\/var-verksamhet\/foreningsutbildningar\/\",\"url\":\"https:\/\/www.abf.se\/ostergotland\/var-verksamhet\/foreningsutbildningar\/\",\"name\":\"F\u00f6reningsutbildningar - \u00d6sterg\u00f6tland\",\"isPartOf\":{\"@id\":\"https:\/\/www.abf.se\/ostergotland\/#website\"},\"datePublished\":\"2024-04-19T10:08:46+00:00\",\"dateModified\":\"2024-04-22T14:20:14+00:00\",\"breadcrumb\":{\"@id\":\"https:\/\/www.abf.se\/ostergotland\/var-verksamhet\/foreningsutbildningar\/#breadcrumb\"},\"inLanguage\":\"sv-SE\",\"potentialAction\":[{\"@type\":\"ReadAction\",\"target\":[\"https:\/\/www.abf.se\/ostergotland\/var-verksamhet\/foreningsutbildningar\/\"]}]},{\"@type\":\"BreadcrumbList\",\"@id\":\"https:\/\/www.abf.se\/ostergotland\/var-verksamhet\/foreningsutbildningar\/#breadcrumb\",\"itemListElement\":[{\"@type\":\"ListItem\",\"position\":1,\"name\":\"Home\",\"item\":\"https:\/\/www.abf.se\/ostergotland\/\"},{\"@type\":\"ListItem\",\"position\":2,\"name\":\"V\u00e5r verksamhet\",\"item\":\"https:\/\/www.abf.se\/ostergotland\/var-verksamhet\/\"},{\"@type\":\"ListItem\",\"position\":3,\"name\":\"F\u00f6reningsutbildningar\"}]},{\"@type\":\"WebSite\",\"@id\":\"https:\/\/www.abf.se\/ostergotland\/#website\",\"url\":\"https:\/\/www.abf.se\/ostergotland\/\",\"name\":\"\u00d6sterg\u00f6tland\",\"description\":\"\",\"potentialAction\":[{\"@type\":\"SearchAction\",\"target\":{\"@type\":\"EntryPoint\",\"urlTemplate\":\"https:\/\/www.abf.se\/ostergotland\/?s={search_term_string}\"},\"query-input\":{\"@type\":\"PropertyValueSpecification\",\"valueRequired\":true,\"valueName\":\"search_term_string\"}}],\"inLanguage\":\"sv-SE\"}]}<\/script>\n<!-- \/ Yoast SEO plugin. -->","yoast_head_json":{"title":"F\u00f6reningsutbildningar - \u00d6sterg\u00f6tland","robots":{"index":"index","follow":"follow","max-snippet":"max-snippet:-1","max-image-preview":"max-image-preview:large","max-video-preview":"max-video-preview:-1"},"canonical":"https:\/\/www.abf.se\/ostergotland\/var-verksamhet\/foreningsutbildningar\/","og_locale":"sv_SE","og_type":"article","og_title":"F\u00f6reningsutbildningar - \u00d6sterg\u00f6tland","og_url":"https:\/\/www.abf.se\/ostergotland\/var-verksamhet\/foreningsutbildningar\/","og_site_name":"\u00d6sterg\u00f6tland","article_modified_time":"2024-04-22T14:20:14+00:00","og_image":[{"width":2560,"height":1440,"url":"https:\/\/www.abf.se\/wp-content\/uploads\/sites\/64\/2024\/04\/Nyckeln-liggande-scaled.jpg","type":"image\/jpeg"}],"twitter_card":"summary_large_image","schema":{"@context":"https:\/\/schema.org","@graph":[{"@type":"WebPage","@id":"https:\/\/www.abf.se\/ostergotland\/var-verksamhet\/foreningsutbildningar\/","url":"https:\/\/www.abf.se\/ostergotland\/var-verksamhet\/foreningsutbildningar\/","name":"F\u00f6reningsutbildningar - \u00d6sterg\u00f6tland","isPartOf":{"@id":"https:\/\/www.abf.se\/ostergotland\/#website"},"datePublished":"2024-04-19T10:08:46+00:00","dateModified":"2024-04-22T14:20:14+00:00","breadcrumb":{"@id":"https:\/\/www.abf.se\/ostergotland\/var-verksamhet\/foreningsutbildningar\/#breadcrumb"},"inLanguage":"sv-SE","potentialAction":[{"@type":"ReadAction","target":["https:\/\/www.abf.se\/ostergotland\/var-verksamhet\/foreningsutbildningar\/"]}]},{"@type":"BreadcrumbList","@id":"https:\/\/www.abf.se\/ostergotland\/var-verksamhet\/foreningsutbildningar\/#breadcrumb","itemListElement":[{"@type":"ListItem","position":1,"name":"Home","item":"https:\/\/www.abf.se\/ostergotland\/"},{"@type":"ListItem","position":2,"name":"V\u00e5r verksamhet","item":"https:\/\/www.abf.se\/ostergotland\/var-verksamhet\/"},{"@type":"ListItem","position":3,"name":"F\u00f6reningsutbildningar"}]},{"@type":"WebSite","@id":"https:\/\/www.abf.se\/ostergotland\/#website","url":"https:\/\/www.abf.se\/ostergotland\/","name":"\u00d6sterg\u00f6tland","description":"","potentialAction":[{"@type":"SearchAction","target":{"@type":"EntryPoint","urlTemplate":"https:\/\/www.abf.se\/ostergotland\/?s={search_term_string}"},"query-input":{"@type":"PropertyValueSpecification","valueRequired":true,"valueName":"search_term_string"}}],"inLanguage":"sv-SE"}]}},"_links":{"self":[{"href":"https:\/\/www.abf.se\/ostergotland\/wp-json\/wp\/v2\/pages\/652","targetHints":{"allow":["GET"]}}],"collection":[{"href":"https:\/\/www.abf.se\/ostergotland\/wp-json\/wp\/v2\/pages"}],"about":[{"href":"https:\/\/www.abf.se\/ostergotland\/wp-json\/wp\/v2\/types\/page"}],"author":[{"embeddable":true,"href":"https:\/\/www.abf.se\/ostergotland\/wp-json\/wp\/v2\/users\/29"}],"replies":[{"embeddable":true,"href":"https:\/\/www.abf.se\/ostergotland\/wp-json\/wp\/v2\/comments?post=652"}],"version-history":[{"count":7,"href":"https:\/\/www.abf.se\/ostergotland\/wp-json\/wp\/v2\/pages\/652\/revisions"}],"predecessor-version":[{"id":664,"href":"https:\/\/www.abf.se\/ostergotland\/wp-json\/wp\/v2\/pages\/652\/revisions\/664"}],"up":[{"embeddable":true,"href":"https:\/\/www.abf.se\/ostergotland\/wp-json\/wp\/v2\/pages\/675"}],"wp:attachment":[{"href":"https:\/\/www.abf.se\/ostergotland\/wp-json\/wp\/v2\/media?parent=652"}],"curies":[{"name":"wp","href":"https:\/\/api.w.org\/{rel}","templated":true}]}}