{"id":798,"date":"2024-04-22T15:39:56","date_gmt":"2024-04-22T13:39:56","guid":{"rendered":"https:\/\/www.abf.se\/ostergotland\/?page_id=798"},"modified":"2024-04-22T15:52:24","modified_gmt":"2024-04-22T13:52:24","slug":"cirkelledare-2","status":"publish","type":"page","link":"https:\/\/www.abf.se\/ostergotland\/cirkelledare-2\/","title":{"rendered":"Cirkelledare"},"content":{"rendered":"<div\n    class=\"acf-hero-block container-lg no-padding mb-12 js-geolocation\"\n    data-block=\"hero-block\"\n    data-index=\"0\"\n>\n    <div class=\"h-[548px]  relative rounded-[32px] overflow-hidden flex bg-gray-light\">\n        <div class=\"relative z-10 mt-auto h-auto w-full md:h-full\">\n            <div class=\"flex w-full h-full flex-col flex-wrap justify-end w-full md:w-7\/12 lg:w-1\/2 md:justify-center\">\n                <div class=\"flex flex-col gap-3 md:gap-[18px] md:transparent pt-16 pb-36 md:py-8 px-4 w-full md:max-w-[620px] mx-auto px-8\">\n\n                    <h1 class=\"hero-heading hero-heading--red-text\"><span>Cirkelledare hos ABF \u00d6sterg\u00f6tland<\/span><\/h1>\n\n                                            <p class=\"mt-4 max-w-[48ch] text-white\">\n                            \u00c4r du cirkelledare hos ABF eller funderar du p\u00e5 att bli?\n                        <\/p>\n                    \n                                    <\/div>\n            <\/div>\n        <\/div>\n\n                    <picture class=\"as-background-image mix-blend-multiply bg-black\/40\"><img decoding=\"async\" src=\"https:\/\/www.abf.se\/ostergotland\/resized\/?url=https%3A%2F%2Fwww.abf.se%2Fwp-content%2Fuploads%2F2023%2F11%2FKonstnaren-liggande_IMGP.jpg&#038;fit=crop&#038;w=1440&#038;s=73461dd66725d2dcd0883cd4f3b2929d\" srcset=\"https:\/\/www.abf.se\/ostergotland\/resized\/?url=https%3A%2F%2Fwww.abf.se%2Fwp-content%2Fuploads%2F2023%2F11%2FKonstnaren-liggande_IMGP.jpg&#038;fit=crop&#038;w=375&#038;h=540&#038;s=acdd43a50f7f054a7ebfca7e963d95d7 375w, https:\/\/www.abf.se\/ostergotland\/resized\/?url=https%3A%2F%2Fwww.abf.se%2Fwp-content%2Fuploads%2F2023%2F11%2FKonstnaren-liggande_IMGP.jpg&#038;fit=crop&#038;w=447&#038;h=540&#038;s=7a235b4dada2a29efaca84d538bb8d9c 447w, https:\/\/www.abf.se\/ostergotland\/resized\/?url=https%3A%2F%2Fwww.abf.se%2Fwp-content%2Fuploads%2F2023%2F11%2FKonstnaren-liggande_IMGP.jpg&#038;fit=crop&#038;w=519&#038;h=540&#038;s=7757466a907a0598d2d977268259a152 519w, https:\/\/www.abf.se\/ostergotland\/resized\/?url=https%3A%2F%2Fwww.abf.se%2Fwp-content%2Fuploads%2F2023%2F11%2FKonstnaren-liggande_IMGP.jpg&#038;fit=crop&#038;w=591&#038;h=540&#038;s=f2d60f4f529843d2b89c080d391cc764 591w, https:\/\/www.abf.se\/ostergotland\/resized\/?url=https%3A%2F%2Fwww.abf.se%2Fwp-content%2Fuploads%2F2023%2F11%2FKonstnaren-liggande_IMGP.jpg&#038;fit=crop&#038;w=663&#038;h=540&#038;s=327176ecf64ad154b2ab3a5071838722 663w, https:\/\/www.abf.se\/ostergotland\/resized\/?url=https%3A%2F%2Fwww.abf.se%2Fwp-content%2Fuploads%2F2023%2F11%2FKonstnaren-liggande_IMGP.jpg&#038;fit=crop&#038;w=750&#038;h=540&#038;s=372a3fd54bd294479204aaa6e008eb10 750w, https:\/\/www.abf.se\/ostergotland\/resized\/?url=https%3A%2F%2Fwww.abf.se%2Fwp-content%2Fuploads%2F2023%2F11%2FKonstnaren-liggande_IMGP.jpg&#038;fit=crop&#038;w=894&#038;h=540&#038;s=36c5b11aaf57e5dc3d5ffaea910a3191 894w, https:\/\/www.abf.se\/ostergotland\/resized\/?url=https%3A%2F%2Fwww.abf.se%2Fwp-content%2Fuploads%2F2023%2F11%2FKonstnaren-liggande_IMGP.jpg&#038;fit=crop&#038;w=1038&#038;h=540&#038;s=0dcb1b9bec61d04876dcd3d808dcad12 1038w, https:\/\/www.abf.se\/ostergotland\/resized\/?url=https%3A%2F%2Fwww.abf.se%2Fwp-content%2Fuploads%2F2023%2F11%2FKonstnaren-liggande_IMGP.jpg&#038;fit=crop&#038;w=1182&#038;h=540&#038;s=b6afdc62ed2b8bcedc1d8836c6a80a56 1182w, https:\/\/www.abf.se\/ostergotland\/resized\/?url=https%3A%2F%2Fwww.abf.se%2Fwp-content%2Fuploads%2F2023%2F11%2FKonstnaren-liggande_IMGP.jpg&#038;fit=crop&#038;w=1326&#038;h=540&#038;s=66b23ed510992eed029041a057446b46 1326w, https:\/\/www.abf.se\/ostergotland\/resized\/?url=https%3A%2F%2Fwww.abf.se%2Fwp-content%2Fuploads%2F2023%2F11%2FKonstnaren-liggande_IMGP.jpg&#038;fit=crop&#038;w=1440&#038;h=540&#038;s=57e2c827bc0edf447704c0e6bd0fe3a4 1440w\" alt=\"\" height=\"540\" width=\"1440\" sizes=\"(max-width: 1440px) calc(100vw - 32px), 1440px\" loading=\"eager\" fetchpriority=\"high\" aria-hidden=\"true\" role=\"presentation\" \/><\/picture>\n        \n\n            <\/div>\n\n    <\/div>\n\n<div\n    class=\"acf-section-breaker-text my-8 container-lg\"\n    data-block=\"section-breaker-text\"\n>\n    <div class=\"round-corners-lg overflow-hidden pt-36 pb-8 px-5 md:p-16 relative grid grid-cols-1 md:grid-cols-2 lg:grid-cols-5 grid-flow-col-dense\">\n\n            <picture class=\"as-background-image\"><img decoding=\"async\" src=\"https:\/\/www.abf.se\/ostergotland\/resized\/?url=https%3A%2F%2Fwww.abf.se%2Fwp-content%2Fuploads%2F2023%2F11%2FABF-cirkel-utomhus_foto-Richard-Hammarskiold_IMGP.jpg&#038;fit=crop&#038;w=1440&#038;s=a52514dbc24b6c7f6188dc9f678da899\" srcset=\"https:\/\/www.abf.se\/ostergotland\/resized\/?url=https%3A%2F%2Fwww.abf.se%2Fwp-content%2Fuploads%2F2023%2F11%2FABF-cirkel-utomhus_foto-Richard-Hammarskiold_IMGP.jpg&#038;fit=crop&#038;w=375&#038;h=540&#038;s=b0d7a4db13e49530c259a6d8ef867d08 375w, https:\/\/www.abf.se\/ostergotland\/resized\/?url=https%3A%2F%2Fwww.abf.se%2Fwp-content%2Fuploads%2F2023%2F11%2FABF-cirkel-utomhus_foto-Richard-Hammarskiold_IMGP.jpg&#038;fit=crop&#038;w=499&#038;h=540&#038;s=c94b27b162e06920f40a5f4c95461ad8 499w, https:\/\/www.abf.se\/ostergotland\/resized\/?url=https%3A%2F%2Fwww.abf.se%2Fwp-content%2Fuploads%2F2023%2F11%2FABF-cirkel-utomhus_foto-Richard-Hammarskiold_IMGP.jpg&#038;fit=crop&#038;w=623&#038;h=540&#038;s=a4d9888c90fa5a9735fc73bc9c780cd5 623w, https:\/\/www.abf.se\/ostergotland\/resized\/?url=https%3A%2F%2Fwww.abf.se%2Fwp-content%2Fuploads%2F2023%2F11%2FABF-cirkel-utomhus_foto-Richard-Hammarskiold_IMGP.jpg&#038;fit=crop&#038;w=747&#038;h=540&#038;s=0807ac2662aa35421dc93afae8a3c6b1 747w, https:\/\/www.abf.se\/ostergotland\/resized\/?url=https%3A%2F%2Fwww.abf.se%2Fwp-content%2Fuploads%2F2023%2F11%2FABF-cirkel-utomhus_foto-Richard-Hammarskiold_IMGP.jpg&#038;fit=crop&#038;w=750&#038;h=540&#038;s=3717b25efd34a648b02c1fc63538b0a2 750w, https:\/\/www.abf.se\/ostergotland\/resized\/?url=https%3A%2F%2Fwww.abf.se%2Fwp-content%2Fuploads%2F2023%2F11%2FABF-cirkel-utomhus_foto-Richard-Hammarskiold_IMGP.jpg&#038;fit=crop&#038;w=871&#038;h=540&#038;s=e97487d64e6096e1867118a18b6657f4 871w, https:\/\/www.abf.se\/ostergotland\/resized\/?url=https%3A%2F%2Fwww.abf.se%2Fwp-content%2Fuploads%2F2023%2F11%2FABF-cirkel-utomhus_foto-Richard-Hammarskiold_IMGP.jpg&#038;fit=crop&#038;w=995&#038;h=540&#038;s=41211fb521f19c17eb81487ee209816b 995w, https:\/\/www.abf.se\/ostergotland\/resized\/?url=https%3A%2F%2Fwww.abf.se%2Fwp-content%2Fuploads%2F2023%2F11%2FABF-cirkel-utomhus_foto-Richard-Hammarskiold_IMGP.jpg&#038;fit=crop&#038;w=998&#038;h=540&#038;s=ab1ea1c677c121c54affdfe2cf1c1fc3 998w, https:\/\/www.abf.se\/ostergotland\/resized\/?url=https%3A%2F%2Fwww.abf.se%2Fwp-content%2Fuploads%2F2023%2F11%2FABF-cirkel-utomhus_foto-Richard-Hammarskiold_IMGP.jpg&#038;fit=crop&#038;w=1119&#038;h=540&#038;s=a3511f4ca6f8292993e4ebd264a01ef3 1119w, https:\/\/www.abf.se\/ostergotland\/resized\/?url=https%3A%2F%2Fwww.abf.se%2Fwp-content%2Fuploads%2F2023%2F11%2FABF-cirkel-utomhus_foto-Richard-Hammarskiold_IMGP.jpg&#038;fit=crop&#038;w=1243&#038;h=540&#038;s=98cd25b850cd6352fcbffdb4c7fdb1af 1243w, https:\/\/www.abf.se\/ostergotland\/resized\/?url=https%3A%2F%2Fwww.abf.se%2Fwp-content%2Fuploads%2F2023%2F11%2FABF-cirkel-utomhus_foto-Richard-Hammarskiold_IMGP.jpg&#038;fit=crop&#038;w=1246&#038;h=540&#038;s=08d84968ecbc12063ce3dadc1e14316d 1246w, https:\/\/www.abf.se\/ostergotland\/resized\/?url=https%3A%2F%2Fwww.abf.se%2Fwp-content%2Fuploads%2F2023%2F11%2FABF-cirkel-utomhus_foto-Richard-Hammarskiold_IMGP.jpg&#038;fit=crop&#038;w=1367&#038;h=540&#038;s=4bab150bfc1292716fabb1b277f6ba69 1367w, https:\/\/www.abf.se\/ostergotland\/resized\/?url=https%3A%2F%2Fwww.abf.se%2Fwp-content%2Fuploads%2F2023%2F11%2FABF-cirkel-utomhus_foto-Richard-Hammarskiold_IMGP.jpg&#038;fit=crop&#038;w=1440&#038;h=540&#038;s=921ad0c882e980e23c251f7061134356 1440w, https:\/\/www.abf.se\/ostergotland\/resized\/?url=https%3A%2F%2Fwww.abf.se%2Fwp-content%2Fuploads%2F2023%2F11%2FABF-cirkel-utomhus_foto-Richard-Hammarskiold_IMGP.jpg&#038;fit=crop&#038;w=1494&#038;h=540&#038;s=32c8f4f37e44e0608b70acb3ae3e8f76 1494w, https:\/\/www.abf.se\/ostergotland\/resized\/?url=https%3A%2F%2Fwww.abf.se%2Fwp-content%2Fuploads%2F2023%2F11%2FABF-cirkel-utomhus_foto-Richard-Hammarskiold_IMGP.jpg&#038;fit=crop&#038;w=1742&#038;h=540&#038;s=9907eb18c6b163d417a9c9d29f3f15e1 1742w, https:\/\/www.abf.se\/ostergotland\/resized\/?url=https%3A%2F%2Fwww.abf.se%2Fwp-content%2Fuploads%2F2023%2F11%2FABF-cirkel-utomhus_foto-Richard-Hammarskiold_IMGP.jpg&#038;fit=crop&#038;w=1990&#038;h=540&#038;s=473d3bb7308174197ca9e43521759ef8 1990w, https:\/\/www.abf.se\/ostergotland\/resized\/?url=https%3A%2F%2Fwww.abf.se%2Fwp-content%2Fuploads%2F2023%2F11%2FABF-cirkel-utomhus_foto-Richard-Hammarskiold_IMGP.jpg&#038;fit=crop&#038;w=2238&#038;h=540&#038;s=eec5c9903565507e580c7c92f597d2ff 2238w, https:\/\/www.abf.se\/ostergotland\/resized\/?url=https%3A%2F%2Fwww.abf.se%2Fwp-content%2Fuploads%2F2023%2F11%2FABF-cirkel-utomhus_foto-Richard-Hammarskiold_IMGP.jpg&#038;fit=crop&#038;w=2486&#038;h=540&#038;s=0e105e5e7ea3bb3c3052203d4b7574fe 2486w, https:\/\/www.abf.se\/ostergotland\/resized\/?url=https%3A%2F%2Fwww.abf.se%2Fwp-content%2Fuploads%2F2023%2F11%2FABF-cirkel-utomhus_foto-Richard-Hammarskiold_IMGP.jpg&#038;fit=crop&#038;w=2734&#038;h=540&#038;s=717d5eaef46cd54bffedd48202a99484 2734w\" alt=\"\" height=\"540\" width=\"1440\" sizes=\"auto, \n            (max-width: 1440px) calc(100vw - 32px), 1440px\" loading=\"lazy\" fetchpriority=\"low\" aria-hidden=\"true\" role=\"presentation\" \/><\/picture>\n                <div class=\"bg-white round-corners-sm px-10 py-11 col-span-1  relative z-10 col-start-4 col-end-[-1]\">\n            <h2 class=\"heading-lg mb-4\">Jag \u00e4r cirkelledare<\/h2>\n            <div style=\"font-size: 1.25rem; color: black;\" class=\"body-xl wysiwyg\"><p>H\u00e4r finns samlad information f\u00f6r dig som \u00e4r cirkelledare. <\/p>\n<\/div>\n                                            <a href='https:\/\/www.abf.se\/ostergotland\/cirkelledare\/' class=\"default-button mt-8\" target=\"\">Jag \u00e4r cirkelledare<\/a>\n                    \n        <\/div>\n    <\/div>\n<\/div>\n<div\n    class=\"acf-section-breaker-text my-8 container-lg\"\n    data-block=\"section-breaker-text\"\n>\n    <div class=\"round-corners-lg overflow-hidden pt-36 pb-8 px-5 md:p-16 relative grid grid-cols-1 md:grid-cols-2 lg:grid-cols-5 grid-flow-col-dense\">\n\n            <picture class=\"as-background-image\"><img decoding=\"async\" src=\"https:\/\/www.abf.se\/ostergotland\/resized\/?url=https%3A%2F%2Fwww.abf.se%2Fwp-content%2Fuploads%2F2024%2F04%2FABF_header_1805-6552.jpg&#038;fit=crop&#038;w=1440&#038;s=9f38c36556bcec367fe9b228e7ec26a8\" srcset=\"https:\/\/www.abf.se\/ostergotland\/resized\/?url=https%3A%2F%2Fwww.abf.se%2Fwp-content%2Fuploads%2F2024%2F04%2FABF_header_1805-6552.jpg&#038;fit=crop&#038;w=375&#038;h=540&#038;s=bd9d3caa0e0302a2fa681befe49b1d6a 375w, https:\/\/www.abf.se\/ostergotland\/resized\/?url=https%3A%2F%2Fwww.abf.se%2Fwp-content%2Fuploads%2F2024%2F04%2FABF_header_1805-6552.jpg&#038;fit=crop&#038;w=499&#038;h=540&#038;s=7cac3350a5c3a78cae67bf3eba698695 499w, https:\/\/www.abf.se\/ostergotland\/resized\/?url=https%3A%2F%2Fwww.abf.se%2Fwp-content%2Fuploads%2F2024%2F04%2FABF_header_1805-6552.jpg&#038;fit=crop&#038;w=623&#038;h=540&#038;s=ab66ac7f5ec744cf4e153ec07ef06eba 623w, https:\/\/www.abf.se\/ostergotland\/resized\/?url=https%3A%2F%2Fwww.abf.se%2Fwp-content%2Fuploads%2F2024%2F04%2FABF_header_1805-6552.jpg&#038;fit=crop&#038;w=747&#038;h=540&#038;s=d8e664a7b2275cb4881991d2e9249536 747w, https:\/\/www.abf.se\/ostergotland\/resized\/?url=https%3A%2F%2Fwww.abf.se%2Fwp-content%2Fuploads%2F2024%2F04%2FABF_header_1805-6552.jpg&#038;fit=crop&#038;w=750&#038;h=540&#038;s=23668110d76dd8c9c253b8cdcabab8b0 750w, https:\/\/www.abf.se\/ostergotland\/resized\/?url=https%3A%2F%2Fwww.abf.se%2Fwp-content%2Fuploads%2F2024%2F04%2FABF_header_1805-6552.jpg&#038;fit=crop&#038;w=871&#038;h=540&#038;s=f455fafa506ef05092610b1b926859f3 871w, https:\/\/www.abf.se\/ostergotland\/resized\/?url=https%3A%2F%2Fwww.abf.se%2Fwp-content%2Fuploads%2F2024%2F04%2FABF_header_1805-6552.jpg&#038;fit=crop&#038;w=995&#038;h=540&#038;s=1599e72563496ef121c4d66a5d9be07a 995w, https:\/\/www.abf.se\/ostergotland\/resized\/?url=https%3A%2F%2Fwww.abf.se%2Fwp-content%2Fuploads%2F2024%2F04%2FABF_header_1805-6552.jpg&#038;fit=crop&#038;w=998&#038;h=540&#038;s=b947fb2643a168dc4fcdf68a8950ba5d 998w, https:\/\/www.abf.se\/ostergotland\/resized\/?url=https%3A%2F%2Fwww.abf.se%2Fwp-content%2Fuploads%2F2024%2F04%2FABF_header_1805-6552.jpg&#038;fit=crop&#038;w=1119&#038;h=540&#038;s=034e5fb578a5662d309fb7338bee4e67 1119w, https:\/\/www.abf.se\/ostergotland\/resized\/?url=https%3A%2F%2Fwww.abf.se%2Fwp-content%2Fuploads%2F2024%2F04%2FABF_header_1805-6552.jpg&#038;fit=crop&#038;w=1243&#038;h=540&#038;s=dc7840a8dc7a0364053adc3cfe4571f5 1243w, https:\/\/www.abf.se\/ostergotland\/resized\/?url=https%3A%2F%2Fwww.abf.se%2Fwp-content%2Fuploads%2F2024%2F04%2FABF_header_1805-6552.jpg&#038;fit=crop&#038;w=1246&#038;h=540&#038;s=b181022aaeb44b898b9c4fd2f1ccba08 1246w, https:\/\/www.abf.se\/ostergotland\/resized\/?url=https%3A%2F%2Fwww.abf.se%2Fwp-content%2Fuploads%2F2024%2F04%2FABF_header_1805-6552.jpg&#038;fit=crop&#038;w=1367&#038;h=540&#038;s=6ece4f6640b4886595519c4de46a78b3 1367w, https:\/\/www.abf.se\/ostergotland\/resized\/?url=https%3A%2F%2Fwww.abf.se%2Fwp-content%2Fuploads%2F2024%2F04%2FABF_header_1805-6552.jpg&#038;fit=crop&#038;w=1440&#038;h=540&#038;s=715cd6100c94858659cf761495499d8d 1440w, https:\/\/www.abf.se\/ostergotland\/resized\/?url=https%3A%2F%2Fwww.abf.se%2Fwp-content%2Fuploads%2F2024%2F04%2FABF_header_1805-6552.jpg&#038;fit=crop&#038;w=1494&#038;h=540&#038;s=1fadfc55129fab456bc78849c3142821 1494w, https:\/\/www.abf.se\/ostergotland\/resized\/?url=https%3A%2F%2Fwww.abf.se%2Fwp-content%2Fuploads%2F2024%2F04%2FABF_header_1805-6552.jpg&#038;fit=crop&#038;w=1742&#038;h=540&#038;s=5b97ca39f5e4a37e1f17b1ba93fa8f9e 1742w, https:\/\/www.abf.se\/ostergotland\/resized\/?url=https%3A%2F%2Fwww.abf.se%2Fwp-content%2Fuploads%2F2024%2F04%2FABF_header_1805-6552.jpg&#038;fit=crop&#038;w=1990&#038;h=540&#038;s=ee38bcac7284bd7b2377c6168561cdef 1990w, https:\/\/www.abf.se\/ostergotland\/resized\/?url=https%3A%2F%2Fwww.abf.se%2Fwp-content%2Fuploads%2F2024%2F04%2FABF_header_1805-6552.jpg&#038;fit=crop&#038;w=2238&#038;h=540&#038;s=4fd2b19acbfe76da0e0b196baff529bb 2238w, https:\/\/www.abf.se\/ostergotland\/resized\/?url=https%3A%2F%2Fwww.abf.se%2Fwp-content%2Fuploads%2F2024%2F04%2FABF_header_1805-6552.jpg&#038;fit=crop&#038;w=2486&#038;h=540&#038;s=9645b2ef3e39d489acdbf1726c975969 2486w, https:\/\/www.abf.se\/ostergotland\/resized\/?url=https%3A%2F%2Fwww.abf.se%2Fwp-content%2Fuploads%2F2024%2F04%2FABF_header_1805-6552.jpg&#038;fit=crop&#038;w=2734&#038;h=540&#038;s=46a6b08afd894a3ba3bf44c86679fdcd 2734w\" alt=\"\" height=\"540\" width=\"1440\" sizes=\"auto, \n            (max-width: 1440px) calc(100vw - 32px), 1440px\" loading=\"lazy\" fetchpriority=\"low\" aria-hidden=\"true\" role=\"presentation\" \/><\/picture>\n                <div class=\"bg-white round-corners-sm px-10 py-11 col-span-1  relative z-10 col-span-3\">\n            <h2 class=\"heading-lg mb-4\">Jag vill bli cirkelledare<\/h2>\n            <div style=\"font-size: 1.25rem; color: black;\" class=\"body-xl wysiwyg\"><p>H\u00e4r finns information f\u00f6r dig som \u00e4r nyfiken p\u00e5 cirkelledarerollen och vad det inneb\u00e4r. <\/p>\n<\/div>\n                                            <a href='https:\/\/www.abf.se\/ostergotland\/bli-cirkelledare\/' class=\"default-button mt-8\" target=\"\">Bli cirkelledare<\/a>\n                    \n        <\/div>\n    <\/div>\n<\/div>\n","protected":false},"excerpt":{"rendered":"","protected":false},"author":29,"featured_media":0,"parent":0,"menu_order":0,"comment_status":"closed","ping_status":"closed","template":"","meta":{"_acf_changed":false,"footnotes":""},"class_list":["post-798","page","type-page","status-publish","hentry"],"acf":[],"yoast_head":"<!-- This site is optimized with the Yoast SEO plugin v27.0 - https:\/\/yoast.com\/product\/yoast-seo-wordpress\/ -->\n<title>Cirkelledare - \u00d6sterg\u00f6tland<\/title>\n<meta name=\"robots\" content=\"index, follow, max-snippet:-1, max-image-preview:large, max-video-preview:-1\" \/>\n<link rel=\"canonical\" href=\"https:\/\/www.abf.se\/ostergotland\/cirkelledare-2\/\" \/>\n<meta property=\"og:locale\" content=\"sv_SE\" \/>\n<meta property=\"og:type\" content=\"article\" \/>\n<meta property=\"og:title\" content=\"Cirkelledare - \u00d6sterg\u00f6tland\" \/>\n<meta property=\"og:url\" content=\"https:\/\/www.abf.se\/ostergotland\/cirkelledare-2\/\" \/>\n<meta property=\"og:site_name\" content=\"\u00d6sterg\u00f6tland\" \/>\n<meta property=\"article:modified_time\" content=\"2024-04-22T13:52:24+00:00\" \/>\n<meta property=\"og:image\" content=\"https:\/\/www.abf.se\/wp-content\/uploads\/sites\/64\/2024\/04\/Nyckeln-liggande-scaled.jpg\" \/>\n\t<meta property=\"og:image:width\" content=\"2560\" \/>\n\t<meta property=\"og:image:height\" content=\"1440\" \/>\n\t<meta property=\"og:image:type\" content=\"image\/jpeg\" \/>\n<meta name=\"twitter:card\" content=\"summary_large_image\" \/>\n<script type=\"application\/ld+json\" class=\"yoast-schema-graph\">{\"@context\":\"https:\/\/schema.org\",\"@graph\":[{\"@type\":\"WebPage\",\"@id\":\"https:\/\/www.abf.se\/ostergotland\/cirkelledare-2\/\",\"url\":\"https:\/\/www.abf.se\/ostergotland\/cirkelledare-2\/\",\"name\":\"Cirkelledare - \u00d6sterg\u00f6tland\",\"isPartOf\":{\"@id\":\"https:\/\/www.abf.se\/ostergotland\/#website\"},\"datePublished\":\"2024-04-22T13:39:56+00:00\",\"dateModified\":\"2024-04-22T13:52:24+00:00\",\"breadcrumb\":{\"@id\":\"https:\/\/www.abf.se\/ostergotland\/cirkelledare-2\/#breadcrumb\"},\"inLanguage\":\"sv-SE\",\"potentialAction\":[{\"@type\":\"ReadAction\",\"target\":[\"https:\/\/www.abf.se\/ostergotland\/cirkelledare-2\/\"]}]},{\"@type\":\"BreadcrumbList\",\"@id\":\"https:\/\/www.abf.se\/ostergotland\/cirkelledare-2\/#breadcrumb\",\"itemListElement\":[{\"@type\":\"ListItem\",\"position\":1,\"name\":\"Home\",\"item\":\"https:\/\/www.abf.se\/ostergotland\/\"},{\"@type\":\"ListItem\",\"position\":2,\"name\":\"Cirkelledare\"}]},{\"@type\":\"WebSite\",\"@id\":\"https:\/\/www.abf.se\/ostergotland\/#website\",\"url\":\"https:\/\/www.abf.se\/ostergotland\/\",\"name\":\"\u00d6sterg\u00f6tland\",\"description\":\"\",\"potentialAction\":[{\"@type\":\"SearchAction\",\"target\":{\"@type\":\"EntryPoint\",\"urlTemplate\":\"https:\/\/www.abf.se\/ostergotland\/?s={search_term_string}\"},\"query-input\":{\"@type\":\"PropertyValueSpecification\",\"valueRequired\":true,\"valueName\":\"search_term_string\"}}],\"inLanguage\":\"sv-SE\"}]}<\/script>\n<!-- \/ Yoast SEO plugin. -->","yoast_head_json":{"title":"Cirkelledare - \u00d6sterg\u00f6tland","robots":{"index":"index","follow":"follow","max-snippet":"max-snippet:-1","max-image-preview":"max-image-preview:large","max-video-preview":"max-video-preview:-1"},"canonical":"https:\/\/www.abf.se\/ostergotland\/cirkelledare-2\/","og_locale":"sv_SE","og_type":"article","og_title":"Cirkelledare - \u00d6sterg\u00f6tland","og_url":"https:\/\/www.abf.se\/ostergotland\/cirkelledare-2\/","og_site_name":"\u00d6sterg\u00f6tland","article_modified_time":"2024-04-22T13:52:24+00:00","og_image":[{"width":2560,"height":1440,"url":"https:\/\/www.abf.se\/wp-content\/uploads\/sites\/64\/2024\/04\/Nyckeln-liggande-scaled.jpg","type":"image\/jpeg"}],"twitter_card":"summary_large_image","schema":{"@context":"https:\/\/schema.org","@graph":[{"@type":"WebPage","@id":"https:\/\/www.abf.se\/ostergotland\/cirkelledare-2\/","url":"https:\/\/www.abf.se\/ostergotland\/cirkelledare-2\/","name":"Cirkelledare - \u00d6sterg\u00f6tland","isPartOf":{"@id":"https:\/\/www.abf.se\/ostergotland\/#website"},"datePublished":"2024-04-22T13:39:56+00:00","dateModified":"2024-04-22T13:52:24+00:00","breadcrumb":{"@id":"https:\/\/www.abf.se\/ostergotland\/cirkelledare-2\/#breadcrumb"},"inLanguage":"sv-SE","potentialAction":[{"@type":"ReadAction","target":["https:\/\/www.abf.se\/ostergotland\/cirkelledare-2\/"]}]},{"@type":"BreadcrumbList","@id":"https:\/\/www.abf.se\/ostergotland\/cirkelledare-2\/#breadcrumb","itemListElement":[{"@type":"ListItem","position":1,"name":"Home","item":"https:\/\/www.abf.se\/ostergotland\/"},{"@type":"ListItem","position":2,"name":"Cirkelledare"}]},{"@type":"WebSite","@id":"https:\/\/www.abf.se\/ostergotland\/#website","url":"https:\/\/www.abf.se\/ostergotland\/","name":"\u00d6sterg\u00f6tland","description":"","potentialAction":[{"@type":"SearchAction","target":{"@type":"EntryPoint","urlTemplate":"https:\/\/www.abf.se\/ostergotland\/?s={search_term_string}"},"query-input":{"@type":"PropertyValueSpecification","valueRequired":true,"valueName":"search_term_string"}}],"inLanguage":"sv-SE"}]}},"_links":{"self":[{"href":"https:\/\/www.abf.se\/ostergotland\/wp-json\/wp\/v2\/pages\/798","targetHints":{"allow":["GET"]}}],"collection":[{"href":"https:\/\/www.abf.se\/ostergotland\/wp-json\/wp\/v2\/pages"}],"about":[{"href":"https:\/\/www.abf.se\/ostergotland\/wp-json\/wp\/v2\/types\/page"}],"author":[{"embeddable":true,"href":"https:\/\/www.abf.se\/ostergotland\/wp-json\/wp\/v2\/users\/29"}],"replies":[{"embeddable":true,"href":"https:\/\/www.abf.se\/ostergotland\/wp-json\/wp\/v2\/comments?post=798"}],"version-history":[{"count":4,"href":"https:\/\/www.abf.se\/ostergotland\/wp-json\/wp\/v2\/pages\/798\/revisions"}],"predecessor-version":[{"id":805,"href":"https:\/\/www.abf.se\/ostergotland\/wp-json\/wp\/v2\/pages\/798\/revisions\/805"}],"wp:attachment":[{"href":"https:\/\/www.abf.se\/ostergotland\/wp-json\/wp\/v2\/media?parent=798"}],"curies":[{"name":"wp","href":"https:\/\/api.w.org\/{rel}","templated":true}]}}