{"id":955,"date":"2024-04-24T13:07:11","date_gmt":"2024-04-24T11:07:11","guid":{"rendered":"https:\/\/www.abf.se\/ostergotland\/?page_id=955"},"modified":"2024-04-24T14:02:28","modified_gmt":"2024-04-24T12:02:28","slug":"nyhetsbrev","status":"publish","type":"page","link":"https:\/\/www.abf.se\/ostergotland\/om-abf-ostergotland\/nyhetsbrev\/","title":{"rendered":"Nyhetsbrev"},"content":{"rendered":"<div\n    class=\"acf-hero-block container-lg no-padding mb-12 js-geolocation\"\n    data-block=\"hero-block\"\n    data-index=\"0\"\n>\n    <div class=\"h-[548px]  relative rounded-[32px] overflow-hidden flex bg-gray-light\">\n        <div class=\"relative z-10 mt-auto h-auto w-full md:h-full\">\n            <div class=\"flex w-full h-full flex-col flex-wrap justify-end w-full md:w-7\/12 lg:w-1\/2 md:justify-center\">\n                <div class=\"flex flex-col gap-3 md:gap-[18px] md:transparent pt-16 pb-36 md:py-8 px-4 w-full md:max-w-[620px] mx-auto px-8\">\n\n                    <h1 class=\"hero-heading\"><span>Nyhetsbrev<\/span><\/h1>\n\n                    \n                                    <\/div>\n            <\/div>\n        <\/div>\n\n                    <picture class=\"as-background-image mix-blend-multiply bg-black\/40\"><img decoding=\"async\" src=\"https:\/\/www.abf.se\/ostergotland\/resized\/?url=https%3A%2F%2Fwww.abf.se%2Fwp-content%2Fuploads%2Fsites%2F64%2F2024%2F04%2Fglatt-folk-roll-up-scaled.jpg&#038;fit=crop&#038;w=1440&#038;s=05c2b7d5c2847d9552438de629238cdd\" srcset=\"https:\/\/www.abf.se\/ostergotland\/resized\/?url=https%3A%2F%2Fwww.abf.se%2Fwp-content%2Fuploads%2Fsites%2F64%2F2024%2F04%2Fglatt-folk-roll-up-scaled.jpg&#038;fit=crop&#038;w=375&#038;h=540&#038;s=c1355916b476ea8c5724953652da9365 375w, https:\/\/www.abf.se\/ostergotland\/resized\/?url=https%3A%2F%2Fwww.abf.se%2Fwp-content%2Fuploads%2Fsites%2F64%2F2024%2F04%2Fglatt-folk-roll-up-scaled.jpg&#038;fit=crop&#038;w=447&#038;h=540&#038;s=1ecc6d08bdf13a52600237b9d51251a2 447w, https:\/\/www.abf.se\/ostergotland\/resized\/?url=https%3A%2F%2Fwww.abf.se%2Fwp-content%2Fuploads%2Fsites%2F64%2F2024%2F04%2Fglatt-folk-roll-up-scaled.jpg&#038;fit=crop&#038;w=519&#038;h=540&#038;s=5b0b14d661ec267788ea1d58228bc9c1 519w, https:\/\/www.abf.se\/ostergotland\/resized\/?url=https%3A%2F%2Fwww.abf.se%2Fwp-content%2Fuploads%2Fsites%2F64%2F2024%2F04%2Fglatt-folk-roll-up-scaled.jpg&#038;fit=crop&#038;w=591&#038;h=540&#038;s=41a914f6bbf64ad3d8f8a59cc3b6e7ef 591w, https:\/\/www.abf.se\/ostergotland\/resized\/?url=https%3A%2F%2Fwww.abf.se%2Fwp-content%2Fuploads%2Fsites%2F64%2F2024%2F04%2Fglatt-folk-roll-up-scaled.jpg&#038;fit=crop&#038;w=663&#038;h=540&#038;s=3e73fc389f889a468b7d460697dcc953 663w, https:\/\/www.abf.se\/ostergotland\/resized\/?url=https%3A%2F%2Fwww.abf.se%2Fwp-content%2Fuploads%2Fsites%2F64%2F2024%2F04%2Fglatt-folk-roll-up-scaled.jpg&#038;fit=crop&#038;w=750&#038;h=540&#038;s=585c83f043a3bbf1fef93655af077689 750w, https:\/\/www.abf.se\/ostergotland\/resized\/?url=https%3A%2F%2Fwww.abf.se%2Fwp-content%2Fuploads%2Fsites%2F64%2F2024%2F04%2Fglatt-folk-roll-up-scaled.jpg&#038;fit=crop&#038;w=894&#038;h=540&#038;s=6e7c952ed7f0a7bc87ee5af4d6c11fc5 894w, https:\/\/www.abf.se\/ostergotland\/resized\/?url=https%3A%2F%2Fwww.abf.se%2Fwp-content%2Fuploads%2Fsites%2F64%2F2024%2F04%2Fglatt-folk-roll-up-scaled.jpg&#038;fit=crop&#038;w=1038&#038;h=540&#038;s=551409408510f5c65f884feeabc41612 1038w, https:\/\/www.abf.se\/ostergotland\/resized\/?url=https%3A%2F%2Fwww.abf.se%2Fwp-content%2Fuploads%2Fsites%2F64%2F2024%2F04%2Fglatt-folk-roll-up-scaled.jpg&#038;fit=crop&#038;w=1182&#038;h=540&#038;s=a8df2668e90aa29134498c7092d525af 1182w, https:\/\/www.abf.se\/ostergotland\/resized\/?url=https%3A%2F%2Fwww.abf.se%2Fwp-content%2Fuploads%2Fsites%2F64%2F2024%2F04%2Fglatt-folk-roll-up-scaled.jpg&#038;fit=crop&#038;w=1326&#038;h=540&#038;s=fe8239ddc2ae3d4308e253437467b3ac 1326w, https:\/\/www.abf.se\/ostergotland\/resized\/?url=https%3A%2F%2Fwww.abf.se%2Fwp-content%2Fuploads%2Fsites%2F64%2F2024%2F04%2Fglatt-folk-roll-up-scaled.jpg&#038;fit=crop&#038;w=1440&#038;h=540&#038;s=3a2ff84ab7236dac526d64863269a776 1440w\" alt=\"\" height=\"540\" width=\"1440\" sizes=\"(max-width: 1440px) calc(100vw - 32px), 1440px\" loading=\"eager\" fetchpriority=\"high\" aria-hidden=\"true\" role=\"presentation\" \/><\/picture>\n        \n\n                    <figure class=\"absolute bottom-0  md:w-1\/2 transform right-0 translate-x-10 md:translate-x-32\">\n                <img decoding=\"async\"\n                    alt=\"\"\n                    aria-hidden=\"true\"\n                    class=\"h-auto w-full\"\n                    role=\"presentation\"\n                    src=\"\/assets\/images\/two_circles_bottom.svg\"\n                >\n            <\/figure>\n            <\/div>\n\n    <\/div>\n\n<div\n    class=\"acf-article-text-block article-container my-12\"\n    data-block=\"article-text-block\"\n>\n    <div class=\"wysiwyg\">\n        <p>I v\u00e5rt nyhetsbrev tipsar vi om verksamhet i hela l\u00e4net. Nyhetsbrevet skickas ut ca 3 g\u00e5nger per halv\u00e5r.<\/p>\n<p>Klicka p\u00e5 l\u00e4nken, fyll i din e-postadress och namn s\u00e5 sk\u00f6ter vi resten!<\/p>\n<p><a href=\"https:\/\/abfostergotland.us8.list-manage.com\/subscribe?u=aa5e09bc5563149e528e8790e&amp;amp;id=0d7376be7a\" target=\"_blank\" rel=\"noopener\">Prenumererar!<\/a><\/p>\n\n    <\/div>\n<\/div>\n","protected":false},"excerpt":{"rendered":"","protected":false},"author":29,"featured_media":0,"parent":711,"menu_order":0,"comment_status":"closed","ping_status":"closed","template":"","meta":{"_acf_changed":false,"footnotes":""},"class_list":["post-955","page","type-page","status-publish","hentry"],"acf":[],"yoast_head":"<!-- This site is optimized with the Yoast SEO plugin v27.0 - https:\/\/yoast.com\/product\/yoast-seo-wordpress\/ -->\n<title>Nyhetsbrev - \u00d6sterg\u00f6tland<\/title>\n<meta name=\"robots\" content=\"index, follow, max-snippet:-1, max-image-preview:large, max-video-preview:-1\" \/>\n<link rel=\"canonical\" href=\"https:\/\/www.abf.se\/ostergotland\/om-abf-ostergotland\/nyhetsbrev\/\" \/>\n<meta property=\"og:locale\" content=\"sv_SE\" \/>\n<meta property=\"og:type\" content=\"article\" \/>\n<meta property=\"og:title\" content=\"Nyhetsbrev - \u00d6sterg\u00f6tland\" \/>\n<meta property=\"og:url\" content=\"https:\/\/www.abf.se\/ostergotland\/om-abf-ostergotland\/nyhetsbrev\/\" \/>\n<meta property=\"og:site_name\" content=\"\u00d6sterg\u00f6tland\" \/>\n<meta property=\"article:modified_time\" content=\"2024-04-24T12:02:28+00:00\" \/>\n<meta property=\"og:image\" content=\"https:\/\/www.abf.se\/wp-content\/uploads\/sites\/64\/2024\/04\/Nyckeln-liggande-scaled.jpg\" \/>\n\t<meta property=\"og:image:width\" content=\"2560\" \/>\n\t<meta property=\"og:image:height\" content=\"1440\" \/>\n\t<meta property=\"og:image:type\" content=\"image\/jpeg\" \/>\n<meta name=\"twitter:card\" content=\"summary_large_image\" \/>\n<script type=\"application\/ld+json\" class=\"yoast-schema-graph\">{\"@context\":\"https:\/\/schema.org\",\"@graph\":[{\"@type\":\"WebPage\",\"@id\":\"https:\/\/www.abf.se\/ostergotland\/om-abf-ostergotland\/nyhetsbrev\/\",\"url\":\"https:\/\/www.abf.se\/ostergotland\/om-abf-ostergotland\/nyhetsbrev\/\",\"name\":\"Nyhetsbrev - \u00d6sterg\u00f6tland\",\"isPartOf\":{\"@id\":\"https:\/\/www.abf.se\/ostergotland\/#website\"},\"datePublished\":\"2024-04-24T11:07:11+00:00\",\"dateModified\":\"2024-04-24T12:02:28+00:00\",\"breadcrumb\":{\"@id\":\"https:\/\/www.abf.se\/ostergotland\/om-abf-ostergotland\/nyhetsbrev\/#breadcrumb\"},\"inLanguage\":\"sv-SE\",\"potentialAction\":[{\"@type\":\"ReadAction\",\"target\":[\"https:\/\/www.abf.se\/ostergotland\/om-abf-ostergotland\/nyhetsbrev\/\"]}]},{\"@type\":\"BreadcrumbList\",\"@id\":\"https:\/\/www.abf.se\/ostergotland\/om-abf-ostergotland\/nyhetsbrev\/#breadcrumb\",\"itemListElement\":[{\"@type\":\"ListItem\",\"position\":1,\"name\":\"Home\",\"item\":\"https:\/\/www.abf.se\/ostergotland\/\"},{\"@type\":\"ListItem\",\"position\":2,\"name\":\"Om ABF \u00d6sterg\u00f6tland\",\"item\":\"https:\/\/www.abf.se\/ostergotland\/om-abf-ostergotland\/\"},{\"@type\":\"ListItem\",\"position\":3,\"name\":\"Nyhetsbrev\"}]},{\"@type\":\"WebSite\",\"@id\":\"https:\/\/www.abf.se\/ostergotland\/#website\",\"url\":\"https:\/\/www.abf.se\/ostergotland\/\",\"name\":\"\u00d6sterg\u00f6tland\",\"description\":\"\",\"potentialAction\":[{\"@type\":\"SearchAction\",\"target\":{\"@type\":\"EntryPoint\",\"urlTemplate\":\"https:\/\/www.abf.se\/ostergotland\/?s={search_term_string}\"},\"query-input\":{\"@type\":\"PropertyValueSpecification\",\"valueRequired\":true,\"valueName\":\"search_term_string\"}}],\"inLanguage\":\"sv-SE\"}]}<\/script>\n<!-- \/ Yoast SEO plugin. -->","yoast_head_json":{"title":"Nyhetsbrev - \u00d6sterg\u00f6tland","robots":{"index":"index","follow":"follow","max-snippet":"max-snippet:-1","max-image-preview":"max-image-preview:large","max-video-preview":"max-video-preview:-1"},"canonical":"https:\/\/www.abf.se\/ostergotland\/om-abf-ostergotland\/nyhetsbrev\/","og_locale":"sv_SE","og_type":"article","og_title":"Nyhetsbrev - \u00d6sterg\u00f6tland","og_url":"https:\/\/www.abf.se\/ostergotland\/om-abf-ostergotland\/nyhetsbrev\/","og_site_name":"\u00d6sterg\u00f6tland","article_modified_time":"2024-04-24T12:02:28+00:00","og_image":[{"width":2560,"height":1440,"url":"https:\/\/www.abf.se\/wp-content\/uploads\/sites\/64\/2024\/04\/Nyckeln-liggande-scaled.jpg","type":"image\/jpeg"}],"twitter_card":"summary_large_image","schema":{"@context":"https:\/\/schema.org","@graph":[{"@type":"WebPage","@id":"https:\/\/www.abf.se\/ostergotland\/om-abf-ostergotland\/nyhetsbrev\/","url":"https:\/\/www.abf.se\/ostergotland\/om-abf-ostergotland\/nyhetsbrev\/","name":"Nyhetsbrev - \u00d6sterg\u00f6tland","isPartOf":{"@id":"https:\/\/www.abf.se\/ostergotland\/#website"},"datePublished":"2024-04-24T11:07:11+00:00","dateModified":"2024-04-24T12:02:28+00:00","breadcrumb":{"@id":"https:\/\/www.abf.se\/ostergotland\/om-abf-ostergotland\/nyhetsbrev\/#breadcrumb"},"inLanguage":"sv-SE","potentialAction":[{"@type":"ReadAction","target":["https:\/\/www.abf.se\/ostergotland\/om-abf-ostergotland\/nyhetsbrev\/"]}]},{"@type":"BreadcrumbList","@id":"https:\/\/www.abf.se\/ostergotland\/om-abf-ostergotland\/nyhetsbrev\/#breadcrumb","itemListElement":[{"@type":"ListItem","position":1,"name":"Home","item":"https:\/\/www.abf.se\/ostergotland\/"},{"@type":"ListItem","position":2,"name":"Om ABF \u00d6sterg\u00f6tland","item":"https:\/\/www.abf.se\/ostergotland\/om-abf-ostergotland\/"},{"@type":"ListItem","position":3,"name":"Nyhetsbrev"}]},{"@type":"WebSite","@id":"https:\/\/www.abf.se\/ostergotland\/#website","url":"https:\/\/www.abf.se\/ostergotland\/","name":"\u00d6sterg\u00f6tland","description":"","potentialAction":[{"@type":"SearchAction","target":{"@type":"EntryPoint","urlTemplate":"https:\/\/www.abf.se\/ostergotland\/?s={search_term_string}"},"query-input":{"@type":"PropertyValueSpecification","valueRequired":true,"valueName":"search_term_string"}}],"inLanguage":"sv-SE"}]}},"_links":{"self":[{"href":"https:\/\/www.abf.se\/ostergotland\/wp-json\/wp\/v2\/pages\/955","targetHints":{"allow":["GET"]}}],"collection":[{"href":"https:\/\/www.abf.se\/ostergotland\/wp-json\/wp\/v2\/pages"}],"about":[{"href":"https:\/\/www.abf.se\/ostergotland\/wp-json\/wp\/v2\/types\/page"}],"author":[{"embeddable":true,"href":"https:\/\/www.abf.se\/ostergotland\/wp-json\/wp\/v2\/users\/29"}],"replies":[{"embeddable":true,"href":"https:\/\/www.abf.se\/ostergotland\/wp-json\/wp\/v2\/comments?post=955"}],"version-history":[{"count":5,"href":"https:\/\/www.abf.se\/ostergotland\/wp-json\/wp\/v2\/pages\/955\/revisions"}],"predecessor-version":[{"id":963,"href":"https:\/\/www.abf.se\/ostergotland\/wp-json\/wp\/v2\/pages\/955\/revisions\/963"}],"up":[{"embeddable":true,"href":"https:\/\/www.abf.se\/ostergotland\/wp-json\/wp\/v2\/pages\/711"}],"wp:attachment":[{"href":"https:\/\/www.abf.se\/ostergotland\/wp-json\/wp\/v2\/media?parent=955"}],"curies":[{"name":"wp","href":"https:\/\/api.w.org\/{rel}","templated":true}]}}