{"id":986,"date":"2024-05-03T09:51:11","date_gmt":"2024-05-03T07:51:11","guid":{"rendered":"https:\/\/www.abf.se\/ostergotland\/?page_id=986"},"modified":"2024-10-15T13:37:16","modified_gmt":"2024-10-15T11:37:16","slug":"kulturarrangemang","status":"publish","type":"page","link":"https:\/\/www.abf.se\/ostergotland\/kulturarrangemang\/","title":{"rendered":"Kulturarrangemang"},"content":{"rendered":"<div\n    class=\"acf-hero-block container-lg no-padding mb-12 js-geolocation\"\n    data-block=\"hero-block\"\n    data-index=\"0\"\n>\n    <div class=\"h-[548px]  relative rounded-[32px] overflow-hidden flex bg-gray-light\">\n        <div class=\"relative z-10 mt-auto h-auto w-full md:h-full\">\n            <div class=\"flex w-full h-full flex-col flex-wrap justify-end w-full md:w-7\/12 lg:w-1\/2 md:justify-center\">\n                <div class=\"flex flex-col gap-3 md:gap-[18px] md:transparent pt-16 pb-36 md:py-8 px-4 w-full md:max-w-[620px] mx-auto px-8\">\n\n                    <h1 class=\"hero-heading hero-heading--red-text\"><span>Kulturarrangemang<\/span><\/h1>\n\n                    \n                                    <\/div>\n            <\/div>\n        <\/div>\n\n                    <picture class=\"as-background-image mix-blend-multiply bg-black\/40\"><img decoding=\"async\" src=\"https:\/\/www.abf.se\/ostergotland\/resized\/?url=https%3A%2F%2Fwww.abf.se%2Fwp-content%2Fuploads%2F2023%2F11%2FKreativitet-liggande_IMGP.jpg&#038;fit=crop&#038;w=1440&#038;s=8305f3a8f83aae27d765e51fd1213eef\" srcset=\"https:\/\/www.abf.se\/ostergotland\/resized\/?url=https%3A%2F%2Fwww.abf.se%2Fwp-content%2Fuploads%2F2023%2F11%2FKreativitet-liggande_IMGP.jpg&#038;fit=crop&#038;w=375&#038;h=540&#038;s=bc1501d0d85851e7fcba9334ca3d5f2d 375w, https:\/\/www.abf.se\/ostergotland\/resized\/?url=https%3A%2F%2Fwww.abf.se%2Fwp-content%2Fuploads%2F2023%2F11%2FKreativitet-liggande_IMGP.jpg&#038;fit=crop&#038;w=447&#038;h=540&#038;s=06433099a5d74dcdb37dec30a7061d81 447w, https:\/\/www.abf.se\/ostergotland\/resized\/?url=https%3A%2F%2Fwww.abf.se%2Fwp-content%2Fuploads%2F2023%2F11%2FKreativitet-liggande_IMGP.jpg&#038;fit=crop&#038;w=519&#038;h=540&#038;s=e26ec6568431106617ec42f51972498e 519w, https:\/\/www.abf.se\/ostergotland\/resized\/?url=https%3A%2F%2Fwww.abf.se%2Fwp-content%2Fuploads%2F2023%2F11%2FKreativitet-liggande_IMGP.jpg&#038;fit=crop&#038;w=591&#038;h=540&#038;s=67905d8e6887da85e9ecc38a39ad0cc5 591w, https:\/\/www.abf.se\/ostergotland\/resized\/?url=https%3A%2F%2Fwww.abf.se%2Fwp-content%2Fuploads%2F2023%2F11%2FKreativitet-liggande_IMGP.jpg&#038;fit=crop&#038;w=663&#038;h=540&#038;s=ccf4a6e8c27a1cb0d7667fe132d2d886 663w, https:\/\/www.abf.se\/ostergotland\/resized\/?url=https%3A%2F%2Fwww.abf.se%2Fwp-content%2Fuploads%2F2023%2F11%2FKreativitet-liggande_IMGP.jpg&#038;fit=crop&#038;w=750&#038;h=540&#038;s=d44428e9eaccea48c7d0a07b8fc04bda 750w, https:\/\/www.abf.se\/ostergotland\/resized\/?url=https%3A%2F%2Fwww.abf.se%2Fwp-content%2Fuploads%2F2023%2F11%2FKreativitet-liggande_IMGP.jpg&#038;fit=crop&#038;w=894&#038;h=540&#038;s=8f55165d7b671e1113a748678855bd46 894w, https:\/\/www.abf.se\/ostergotland\/resized\/?url=https%3A%2F%2Fwww.abf.se%2Fwp-content%2Fuploads%2F2023%2F11%2FKreativitet-liggande_IMGP.jpg&#038;fit=crop&#038;w=1038&#038;h=540&#038;s=224bf539788db9cb6fd277eaf6925046 1038w, https:\/\/www.abf.se\/ostergotland\/resized\/?url=https%3A%2F%2Fwww.abf.se%2Fwp-content%2Fuploads%2F2023%2F11%2FKreativitet-liggande_IMGP.jpg&#038;fit=crop&#038;w=1182&#038;h=540&#038;s=575555a97d5b455a9721a1eac8019c39 1182w, https:\/\/www.abf.se\/ostergotland\/resized\/?url=https%3A%2F%2Fwww.abf.se%2Fwp-content%2Fuploads%2F2023%2F11%2FKreativitet-liggande_IMGP.jpg&#038;fit=crop&#038;w=1326&#038;h=540&#038;s=c49185cc4b36c97832832e3c08f7a165 1326w, https:\/\/www.abf.se\/ostergotland\/resized\/?url=https%3A%2F%2Fwww.abf.se%2Fwp-content%2Fuploads%2F2023%2F11%2FKreativitet-liggande_IMGP.jpg&#038;fit=crop&#038;w=1440&#038;h=540&#038;s=f4c0d4a6d6790019a60b4d0dda0dea6f 1440w\" alt=\"\" height=\"540\" width=\"1440\" sizes=\"(max-width: 1440px) calc(100vw - 32px), 1440px\" loading=\"eager\" fetchpriority=\"high\" aria-hidden=\"true\" role=\"presentation\" \/><\/picture>\n        \n\n            <\/div>\n\n    <\/div>\n\n<div\n    class=\"acf-text-image-block container my-12 md:my-15\"\n    data-block=\"text-image-block\"\n>\n    <div\n    class=\"flex flex-col items-center md:flex-row gap-8 md:gap-0 justify-between\">\n                        <div class=\"w-full md:w-1\/2 md:order-2\">\n            <picture><img decoding=\"async\" src=\"https:\/\/www.abf.se\/ostergotland\/resized\/?url=https%3A%2F%2Fwww.abf.se%2Fwp-content%2Fuploads%2Fsites%2F64%2F2024%2F05%2Fdans3.jpg&#038;fit=crop&#038;w=578&#038;s=c3a0d02e8ed6c5f685421dcedd6fc8a6\" srcset=\"https:\/\/www.abf.se\/ostergotland\/resized\/?url=https%3A%2F%2Fwww.abf.se%2Fwp-content%2Fuploads%2Fsites%2F64%2F2024%2F05%2Fdans3.jpg&#038;fit=crop&#038;w=144&#038;h=126&#038;s=ea2f1b164a522fef008fc9ff9ccaf9de 144w, https:\/\/www.abf.se\/ostergotland\/resized\/?url=https%3A%2F%2Fwww.abf.se%2Fwp-content%2Fuploads%2Fsites%2F64%2F2024%2F05%2Fdans3.jpg&#038;fit=crop&#038;w=240&#038;h=211&#038;s=1240c9ba58dc1ebbf8152956affa257f 240w, https:\/\/www.abf.se\/ostergotland\/resized\/?url=https%3A%2F%2Fwww.abf.se%2Fwp-content%2Fuploads%2Fsites%2F64%2F2024%2F05%2Fdans3.jpg&#038;fit=crop&#038;w=288&#038;h=253&#038;s=0ab9695947bb07187c50cb19ed41b680 288w, https:\/\/www.abf.se\/ostergotland\/resized\/?url=https%3A%2F%2Fwww.abf.se%2Fwp-content%2Fuploads%2Fsites%2F64%2F2024%2F05%2Fdans3.jpg&#038;fit=crop&#038;w=336&#038;h=295&#038;s=da73764b212b88d57eb92cac2da6cf09 336w, https:\/\/www.abf.se\/ostergotland\/resized\/?url=https%3A%2F%2Fwww.abf.se%2Fwp-content%2Fuploads%2Fsites%2F64%2F2024%2F05%2Fdans3.jpg&#038;fit=crop&#038;w=432&#038;h=380&#038;s=887c4b6f87a80a096c58b125a2fbe0be 432w, https:\/\/www.abf.se\/ostergotland\/resized\/?url=https%3A%2F%2Fwww.abf.se%2Fwp-content%2Fuploads%2Fsites%2F64%2F2024%2F05%2Fdans3.jpg&#038;fit=crop&#038;w=480&#038;h=422&#038;s=92a19450944b232fabc133e01f046882 480w, https:\/\/www.abf.se\/ostergotland\/resized\/?url=https%3A%2F%2Fwww.abf.se%2Fwp-content%2Fuploads%2Fsites%2F64%2F2024%2F05%2Fdans3.jpg&#038;fit=crop&#038;w=528&#038;h=464&#038;s=ce7681d93f02b817044aed807144c0e4 528w, https:\/\/www.abf.se\/ostergotland\/resized\/?url=https%3A%2F%2Fwww.abf.se%2Fwp-content%2Fuploads%2Fsites%2F64%2F2024%2F05%2Fdans3.jpg&#038;fit=crop&#038;w=578&#038;h=509&#038;s=47127d7dbcbc99441580673ef4f5def8 578w, https:\/\/www.abf.se\/ostergotland\/resized\/?url=https%3A%2F%2Fwww.abf.se%2Fwp-content%2Fuploads%2Fsites%2F64%2F2024%2F05%2Fdans3.jpg&#038;fit=crop&#038;w=672&#038;h=591&#038;s=72b0526cb80e6b3bab984b736caecc82 672w, https:\/\/www.abf.se\/ostergotland\/resized\/?url=https%3A%2F%2Fwww.abf.se%2Fwp-content%2Fuploads%2Fsites%2F64%2F2024%2F05%2Fdans3.jpg&#038;fit=crop&#038;w=864&#038;h=760&#038;s=9f79e967dbc33c300fb613deee7be7b0 864w, https:\/\/www.abf.se\/ostergotland\/resized\/?url=https%3A%2F%2Fwww.abf.se%2Fwp-content%2Fuploads%2Fsites%2F64%2F2024%2F05%2Fdans3.jpg&#038;fit=crop&#038;w=1056&#038;h=929&#038;s=bd36d259985d52dd946c52caac62900d 1056w\" alt=\"\" height=\"509\" width=\"578\" sizes=\"auto, (max-width: 768px) 100vw,\n                (max-width: 1280px) 50vw, 578px\" loading=\"lazy\" fetchpriority=\"low\" \/><\/picture>\n\n        <\/div>\n        \n        <div class=\"w-full md:w-1\/2 md:order-1\">\n        <div class=\"mx-auto md:max-w-[368px]\">\n            <h2 class=\"heading-lg\">Kulturarrangemang<\/h2>\n            <div class=\"mb-6 mt-4 wysiwyg\">\n                <p><span class=\"TextRun SCXW92724387 BCX0\" lang=\"SV-SE\" xml:lang=\"SV-SE\" data-contrast=\"auto\"><span class=\"NormalTextRun SCXW92724387 BCX0\">ABFs<\/span><span class=\"NormalTextRun SCXW92724387 BCX0\"> kulturverksamhet ger f\u00f6ruts\u00e4ttningar f\u00f6r dig som kulturskapare och akt\u00f6r samt f\u00f6r dig som vill ta del av det redan skapade. Upplevelser och eget skapande ger m\u00e4nniskor m\u00f6jligheter att f\u00f6rst\u00e5 sig sj\u00e4lva och andra. V\u00e5rt m\u00e5l \u00e4r att verka inkluderande &#8211; kultur \u00e4r f\u00f6r alla, samt g\u00f6ra kulturen mer tillg\u00e4nglig och j\u00e4mlik.<\/span><\/span><span class=\"EOP SCXW92724387 BCX0\" data-ccp-props=\"{&quot;134233117&quot;:false,&quot;134233118&quot;:false,&quot;335559738&quot;:0,&quot;335559739&quot;:300}\">\u00a0<\/span><\/p>\n<p><span data-contrast=\"none\">I alla publika arrangemang, det vi kallar kulturarrangemang, som f\u00f6rel\u00e4sningar, konserter, utst\u00e4llningar, teater, panelsamtal och s\u00e5 vidare <\/span><span data-contrast=\"none\">ska det utannonseras i f\u00f6rv\u00e4g och framg\u00e5 att ABF \u00e4r medarrang\u00f6r.<\/span><span data-contrast=\"none\"> Det \u00e4r ett krav fr\u00e5n Folkbildningsr\u00e5det f\u00f6r den verksamhet vi rapporterar. Marknadsf\u00f6r man arrangemanget med affisch eller en hemsida l\u00e4gger man till v\u00e5r logotyp. \u00c4r det t.ex. ett evenemang man delar p\u00e5 Facebook skriver man att det \u00e4r tillsammans med ABF. <\/span><\/p>\n\n            <\/div>\n                                            <a href='https:\/\/www.abf.se\/wp-content\/uploads\/sites\/64\/2024\/08\/Kulturkatalaog-4.pdf' class=\"default-button\" target=\"_blank\">Ta en titt i v\u00e5r kulturkatalog!<\/a>\n                    <\/div>\n        <\/div>\n    <\/div>\n<\/div><div\n    class=\"acf-plain-heading-block container my-16\"\n    data-block=\"plain-heading-block\"\n>\n    <div class=\"max-w-[658px] mx-auto\">\n                <h1 class=\"hero-heading\"><span>Rapportera kulturarrangemang<\/span><\/h1>\n                            <p class=\"mt-8 body-xl text-black\">\n                F\u00f6r att kunna rapportera in kulturarrangemang till ABF \u00d6sterg\u00f6tland kr\u00e4vs f\u00f6ljande  <br \/>\r\n<br \/>\r\n1. Att ni redan innan arrangemanget \u00e4r \u00f6verens med ABF att ni ska rapportera det.  <br \/>\r\n<br \/>\r\n2. Att ni skickar en anm\u00e4lan om kulturprogram till den verksamhetsledaren ni har kontakt med p\u00e5 ABF \u00d6sterg\u00f6tland. Rubrik, tid, plats och person- och kontaktuppgifter f\u00f6r kontaktperson (rapporteringsansvarig) och artist och ev. fler uppgifter.  <br \/>\r\n<br \/>\r\n3. Att ni i er marknadsf\u00f6ring f\u00f6r arrangemanget visar att ABF \u00e4r en samarbetspart (t.ex. genom att ha med v\u00e5r logotyp p\u00e5 en affisch eller hemsida). Ni m\u00e5ste skicka en l\u00e4nk, sk\u00e4rmdump eller flyers till oss.  <br \/>\r\n<br \/>\r\n4. Arrangemanget \u00e4r \u00f6ppet f\u00f6r alla.  <br \/>\r\n <br \/>\r\n5. Kulturprogrammet ska h\u00e5lla p\u00e5 i minst 30 minuter. <br \/>\r\n<br \/>\r\n6. ABF l\u00e4gger sig inte i inneh\u00e5llet i ert arrangemang, mer \u00e4n att det ska vara i linje med ABFs v\u00e4rdegrund. L\u00e4s om ABFs v\u00e4rdegrund h\u00e4r i l\u00e4nken nedan. <br \/>\r\n <br \/>\r\nF\u00f6r att kunna rapportera flera arrangemang under samma tillst\u00e4llning, t.ex. en festival, finns det n\u00e5gra f\u00e5 f\u00f6rh\u00e5llningsregler.  <br \/>\r\n<br \/>\r\n1. F\u00f6r de arrangemang som sker i samma fysiska lokal m\u00e5ste det finnas en paus p\u00e5 minst 30 min f\u00f6r att det ska r\u00e4knas som enskilda arrangemang. Ett filmpass med flera filmer i f\u00f6ljd rapporteras allts\u00e5 som ett arrangemang \u00e4ven om det \u00e4r flera filmer som visas under passet.  <br \/>\r\n<br \/>\r\n2. Om tv\u00e5 arrangemang (t.ex. filmvisningar) avl\u00f6ser varandra men inte sker i samma lokal s\u00e5 beh\u00f6vs det inte finnas en paus p\u00e5 30 min. T.ex. om man visar en film i en salong och d\u00e4refter har en konsert i foaj\u00e9n. Tanken \u00e4r att det ska kunna infinna sig en ny publik p\u00e5 varje arrangemang.  <br \/>\r\n<br \/>\r\nAnsvarig kontaktperson verifierar kulturarrangemanget genom att fylla i digital n\u00e4rvarorapport och signera med Bank-ID.  <br \/>\r\n<br \/>\r\nF\u00f6r att kunna rapportera ett kulturarrangemang s\u00e5 m\u00e5ste det finns en ABF-representant n\u00e4rvarande. D\u00e5 det \u00e4r fysiskt om\u00f6jligt f\u00f6r ABFs personal att hinna med att medverka p\u00e5 alla arrangemang s\u00e5 ska man utse en kontaktperson. Denne ska kunna g\u00e5 i god f\u00f6r att arrangemanget har genomf\u00f6rts genom att fylla i och signerar en digital n\u00e4rvarorapport. I n\u00e4rvarorapporten anges antal medverkande (p\u00e5 scen, i panelen etc) och publikantal (totalt antal varav antal kvinnor f\u00f6r sig). L\u00e4nk och inloggningsuppgifter till den digitala n\u00e4rvarorapporten skickas i anslutning till arrangemanget till kontaktpersonens e-postadress. Rapporten ska fyllas i och signeras i samband med arrangemanget. <br \/>\r\n <br \/>\r\nBlankett f\u00f6r att anm\u00e4la ett kulturarrangemang hittar du i l\u00e4nken nedan. Fyll i och mejla till din kontaktperson p\u00e5 ABF.  \n            <\/p>\n            <\/div>\n<\/div>\n<div class=\"my-8 container-lg acf-link-block\" data-block=\"link-block\" class=\"acf-link-block\" data-block=\"link-block\">\n    <div class=\"w-full bg-red  round-corners-lg px-4 md:px-8 py-11 md:py-16\">\n        <h2 class=\"heading-lg mb-7 text-center text-white\">\n            \n        <\/h2>\n            <ul class=\"grid grid-cols-1 gap-x-4 gap-y-3 md:grid-cols-2\">\n                                                        <li>\n                        <a\n    class=\"large-button-link\"\n    href=\"https:\/\/www.abf.se\/wp-content\/uploads\/sites\/64\/2024\/05\/Kultur-Anmalningsblankett-1.pdf\"\n    target=\"\"\n>\n    <span class=\"flex-1\">Anm\u00e4l kulturarrangemang<\/span>\n\n    <figure\n        aria-hidden=\"true\"\n        class=\"w-5\"\n    >\n                    <svg width=\"20\" height=\"20\" viewBox=\"0 0 20 20\" fill=\"none\" class=\"SvgIconElement\">\n<path d=\"M4.16659 10L15.8333 10\" stroke=\"currentColor\"\/>\n<path d=\"M9.99992 4.1665L15.8333 9.99984L9.99992 15.8332\" stroke=\"currentColor\"\/>\n<\/svg>\n            <\/figure>\n<\/a>\n                    <\/li>\n                                                        <li>\n                        <a\n    class=\"large-button-link\"\n    href=\"https:\/\/www.abf.se\/om-abf\/\"\n    target=\"_blank\"\n>\n    <span class=\"flex-1\">ABFs v\u00e4rdegrund<\/span>\n\n    <figure\n        aria-hidden=\"true\"\n        class=\"w-5\"\n    >\n                    <svg width=\"20\" height=\"20\" viewBox=\"0 0 20 20\" fill=\"none\" class=\"SvgIconElement\">\n<path d=\"M4.16659 10L15.8333 10\" stroke=\"currentColor\"\/>\n<path d=\"M9.99992 4.1665L15.8333 9.99984L9.99992 15.8332\" stroke=\"currentColor\"\/>\n<\/svg>\n            <\/figure>\n<\/a>\n                    <\/li>\n                            <\/ul>\n        <\/ul>\n    <\/div>\n<\/div><div class=\"my-8 container-lg acf-link-block\" data-block=\"link-block\" class=\"acf-link-block\" data-block=\"link-block\">\n    <div class=\"w-full bg-red  round-corners-lg px-4 md:px-8 py-11 md:py-16\">\n        <h2 class=\"heading-lg mb-7 text-center text-white\">\n            Kultursamarbeten\n        <\/h2>\n            <ul class=\"grid grid-cols-1 gap-x-4 gap-y-3 md:grid-cols-2\">\n                                                        <li>\n                        <a\n    class=\"large-button-link\"\n    href=\"https:\/\/www.abf.se\/ostergotland\/folkan-bio-gusum\/\"\n    target=\"\"\n>\n    <span class=\"flex-1\">Folkan Bio Gusum<\/span>\n\n    <figure\n        aria-hidden=\"true\"\n        class=\"w-5\"\n    >\n                    <svg width=\"20\" height=\"20\" viewBox=\"0 0 20 20\" fill=\"none\" class=\"SvgIconElement\">\n<path d=\"M4.16659 10L15.8333 10\" stroke=\"currentColor\"\/>\n<path d=\"M9.99992 4.1665L15.8333 9.99984L9.99992 15.8332\" stroke=\"currentColor\"\/>\n<\/svg>\n            <\/figure>\n<\/a>\n                    <\/li>\n                                                        <li>\n                        <a\n    class=\"large-button-link\"\n    href=\"https:\/\/www.abf.se\/ostergotland\/resurspoolen-i-linkoping\/\"\n    target=\"\"\n>\n    <span class=\"flex-1\">Resurspoolen i Link\u00f6ping<\/span>\n\n    <figure\n        aria-hidden=\"true\"\n        class=\"w-5\"\n    >\n                    <svg width=\"20\" height=\"20\" viewBox=\"0 0 20 20\" fill=\"none\" class=\"SvgIconElement\">\n<path d=\"M4.16659 10L15.8333 10\" stroke=\"currentColor\"\/>\n<path d=\"M9.99992 4.1665L15.8333 9.99984L9.99992 15.8332\" stroke=\"currentColor\"\/>\n<\/svg>\n            <\/figure>\n<\/a>\n                    <\/li>\n                                                        <li>\n                        <a\n    class=\"large-button-link\"\n    href=\"https:\/\/www.abf.se\/ostergotland\/narcon\/\"\n    target=\"\"\n>\n    <span class=\"flex-1\">N\u00e4rCon<\/span>\n\n    <figure\n        aria-hidden=\"true\"\n        class=\"w-5\"\n    >\n                    <svg width=\"20\" height=\"20\" viewBox=\"0 0 20 20\" fill=\"none\" class=\"SvgIconElement\">\n<path d=\"M4.16659 10L15.8333 10\" stroke=\"currentColor\"\/>\n<path d=\"M9.99992 4.1665L15.8333 9.99984L9.99992 15.8332\" stroke=\"currentColor\"\/>\n<\/svg>\n            <\/figure>\n<\/a>\n                    <\/li>\n                            <\/ul>\n        <\/ul>\n    <\/div>\n<\/div>","protected":false},"excerpt":{"rendered":"","protected":false},"author":29,"featured_media":0,"parent":0,"menu_order":0,"comment_status":"closed","ping_status":"closed","template":"","meta":{"_acf_changed":false,"footnotes":""},"class_list":["post-986","page","type-page","status-publish","hentry"],"acf":[],"yoast_head":"<!-- This site is optimized with the Yoast SEO plugin v27.0 - https:\/\/yoast.com\/product\/yoast-seo-wordpress\/ -->\n<title>Kulturarrangemang - \u00d6sterg\u00f6tland<\/title>\n<meta name=\"robots\" content=\"index, follow, max-snippet:-1, max-image-preview:large, max-video-preview:-1\" \/>\n<link rel=\"canonical\" href=\"https:\/\/www.abf.se\/ostergotland\/kulturarrangemang\/\" \/>\n<meta property=\"og:locale\" content=\"sv_SE\" \/>\n<meta property=\"og:type\" content=\"article\" \/>\n<meta property=\"og:title\" content=\"Kulturarrangemang - \u00d6sterg\u00f6tland\" \/>\n<meta property=\"og:url\" content=\"https:\/\/www.abf.se\/ostergotland\/kulturarrangemang\/\" \/>\n<meta property=\"og:site_name\" content=\"\u00d6sterg\u00f6tland\" \/>\n<meta property=\"article:modified_time\" content=\"2024-10-15T11:37:16+00:00\" \/>\n<meta property=\"og:image\" content=\"https:\/\/www.abf.se\/wp-content\/uploads\/sites\/64\/2024\/04\/Nyckeln-liggande-scaled.jpg\" \/>\n\t<meta property=\"og:image:width\" content=\"2560\" \/>\n\t<meta property=\"og:image:height\" content=\"1440\" \/>\n\t<meta property=\"og:image:type\" content=\"image\/jpeg\" \/>\n<meta name=\"twitter:card\" content=\"summary_large_image\" \/>\n<script type=\"application\/ld+json\" class=\"yoast-schema-graph\">{\"@context\":\"https:\/\/schema.org\",\"@graph\":[{\"@type\":\"WebPage\",\"@id\":\"https:\/\/www.abf.se\/ostergotland\/kulturarrangemang\/\",\"url\":\"https:\/\/www.abf.se\/ostergotland\/kulturarrangemang\/\",\"name\":\"Kulturarrangemang - \u00d6sterg\u00f6tland\",\"isPartOf\":{\"@id\":\"https:\/\/www.abf.se\/ostergotland\/#website\"},\"datePublished\":\"2024-05-03T07:51:11+00:00\",\"dateModified\":\"2024-10-15T11:37:16+00:00\",\"breadcrumb\":{\"@id\":\"https:\/\/www.abf.se\/ostergotland\/kulturarrangemang\/#breadcrumb\"},\"inLanguage\":\"sv-SE\",\"potentialAction\":[{\"@type\":\"ReadAction\",\"target\":[\"https:\/\/www.abf.se\/ostergotland\/kulturarrangemang\/\"]}]},{\"@type\":\"BreadcrumbList\",\"@id\":\"https:\/\/www.abf.se\/ostergotland\/kulturarrangemang\/#breadcrumb\",\"itemListElement\":[{\"@type\":\"ListItem\",\"position\":1,\"name\":\"Home\",\"item\":\"https:\/\/www.abf.se\/ostergotland\/\"},{\"@type\":\"ListItem\",\"position\":2,\"name\":\"Kulturarrangemang\"}]},{\"@type\":\"WebSite\",\"@id\":\"https:\/\/www.abf.se\/ostergotland\/#website\",\"url\":\"https:\/\/www.abf.se\/ostergotland\/\",\"name\":\"\u00d6sterg\u00f6tland\",\"description\":\"\",\"potentialAction\":[{\"@type\":\"SearchAction\",\"target\":{\"@type\":\"EntryPoint\",\"urlTemplate\":\"https:\/\/www.abf.se\/ostergotland\/?s={search_term_string}\"},\"query-input\":{\"@type\":\"PropertyValueSpecification\",\"valueRequired\":true,\"valueName\":\"search_term_string\"}}],\"inLanguage\":\"sv-SE\"}]}<\/script>\n<!-- \/ Yoast SEO plugin. -->","yoast_head_json":{"title":"Kulturarrangemang - \u00d6sterg\u00f6tland","robots":{"index":"index","follow":"follow","max-snippet":"max-snippet:-1","max-image-preview":"max-image-preview:large","max-video-preview":"max-video-preview:-1"},"canonical":"https:\/\/www.abf.se\/ostergotland\/kulturarrangemang\/","og_locale":"sv_SE","og_type":"article","og_title":"Kulturarrangemang - \u00d6sterg\u00f6tland","og_url":"https:\/\/www.abf.se\/ostergotland\/kulturarrangemang\/","og_site_name":"\u00d6sterg\u00f6tland","article_modified_time":"2024-10-15T11:37:16+00:00","og_image":[{"width":2560,"height":1440,"url":"https:\/\/www.abf.se\/wp-content\/uploads\/sites\/64\/2024\/04\/Nyckeln-liggande-scaled.jpg","type":"image\/jpeg"}],"twitter_card":"summary_large_image","schema":{"@context":"https:\/\/schema.org","@graph":[{"@type":"WebPage","@id":"https:\/\/www.abf.se\/ostergotland\/kulturarrangemang\/","url":"https:\/\/www.abf.se\/ostergotland\/kulturarrangemang\/","name":"Kulturarrangemang - \u00d6sterg\u00f6tland","isPartOf":{"@id":"https:\/\/www.abf.se\/ostergotland\/#website"},"datePublished":"2024-05-03T07:51:11+00:00","dateModified":"2024-10-15T11:37:16+00:00","breadcrumb":{"@id":"https:\/\/www.abf.se\/ostergotland\/kulturarrangemang\/#breadcrumb"},"inLanguage":"sv-SE","potentialAction":[{"@type":"ReadAction","target":["https:\/\/www.abf.se\/ostergotland\/kulturarrangemang\/"]}]},{"@type":"BreadcrumbList","@id":"https:\/\/www.abf.se\/ostergotland\/kulturarrangemang\/#breadcrumb","itemListElement":[{"@type":"ListItem","position":1,"name":"Home","item":"https:\/\/www.abf.se\/ostergotland\/"},{"@type":"ListItem","position":2,"name":"Kulturarrangemang"}]},{"@type":"WebSite","@id":"https:\/\/www.abf.se\/ostergotland\/#website","url":"https:\/\/www.abf.se\/ostergotland\/","name":"\u00d6sterg\u00f6tland","description":"","potentialAction":[{"@type":"SearchAction","target":{"@type":"EntryPoint","urlTemplate":"https:\/\/www.abf.se\/ostergotland\/?s={search_term_string}"},"query-input":{"@type":"PropertyValueSpecification","valueRequired":true,"valueName":"search_term_string"}}],"inLanguage":"sv-SE"}]}},"_links":{"self":[{"href":"https:\/\/www.abf.se\/ostergotland\/wp-json\/wp\/v2\/pages\/986","targetHints":{"allow":["GET"]}}],"collection":[{"href":"https:\/\/www.abf.se\/ostergotland\/wp-json\/wp\/v2\/pages"}],"about":[{"href":"https:\/\/www.abf.se\/ostergotland\/wp-json\/wp\/v2\/types\/page"}],"author":[{"embeddable":true,"href":"https:\/\/www.abf.se\/ostergotland\/wp-json\/wp\/v2\/users\/29"}],"replies":[{"embeddable":true,"href":"https:\/\/www.abf.se\/ostergotland\/wp-json\/wp\/v2\/comments?post=986"}],"version-history":[{"count":21,"href":"https:\/\/www.abf.se\/ostergotland\/wp-json\/wp\/v2\/pages\/986\/revisions"}],"predecessor-version":[{"id":1424,"href":"https:\/\/www.abf.se\/ostergotland\/wp-json\/wp\/v2\/pages\/986\/revisions\/1424"}],"wp:attachment":[{"href":"https:\/\/www.abf.se\/ostergotland\/wp-json\/wp\/v2\/media?parent=986"}],"curies":[{"name":"wp","href":"https:\/\/api.w.org\/{rel}","templated":true}]}}