{"id":206,"date":"2024-04-04T14:24:04","date_gmt":"2024-04-04T12:24:04","guid":{"rendered":"https:\/\/www.abf.se\/skane-nordost\/?page_id=206"},"modified":"2026-03-26T08:30:07","modified_gmt":"2026-03-26T07:30:07","slug":"replokaler","status":"publish","type":"page","link":"https:\/\/www.abf.se\/ostra-skane\/kontakt-personal-abf-ostra-skane\/replokaler\/","title":{"rendered":"Replokaler"},"content":{"rendered":"<div\n    class=\"acf-hero-block container-lg no-padding mb-12 js-geolocation\"\n    data-block=\"hero-block\"\n    data-index=\"0\"\n>\n    <div class=\"h-[548px]  relative rounded-[32px] overflow-hidden flex bg-gray-light\">\n        <div class=\"relative z-10 mt-auto h-auto w-full md:h-full\">\n            <div class=\"flex w-full h-full flex-col flex-wrap justify-end w-full md:w-7\/12 lg:w-1\/2 md:justify-center\">\n                <div class=\"flex flex-col gap-3 md:gap-[18px] md:transparent pt-16 pb-36 md:py-8 px-4 w-full md:max-w-[620px] mx-auto px-8\">\n\n                    <h1 class=\"hero-heading hero-heading--red-text\"><span>Replokaler<\/span><\/h1>\n\n                    \n                                    <\/div>\n            <\/div>\n        <\/div>\n\n                    <picture class=\"as-background-image mix-blend-multiply bg-black\/40\"><img decoding=\"async\" src=\"https:\/\/www.abf.se\/ostra-skane\/resized\/?url=https%3A%2F%2Fwww.abf.se%2Fwp-content%2Fuploads%2F2023%2F11%2FKreativitet-liggande_IMGP.jpg&#038;fit=crop&#038;w=1440&#038;s=8305f3a8f83aae27d765e51fd1213eef\" srcset=\"https:\/\/www.abf.se\/ostra-skane\/resized\/?url=https%3A%2F%2Fwww.abf.se%2Fwp-content%2Fuploads%2F2023%2F11%2FKreativitet-liggande_IMGP.jpg&#038;fit=crop&#038;w=375&#038;h=540&#038;s=bc1501d0d85851e7fcba9334ca3d5f2d 375w, https:\/\/www.abf.se\/ostra-skane\/resized\/?url=https%3A%2F%2Fwww.abf.se%2Fwp-content%2Fuploads%2F2023%2F11%2FKreativitet-liggande_IMGP.jpg&#038;fit=crop&#038;w=447&#038;h=540&#038;s=06433099a5d74dcdb37dec30a7061d81 447w, https:\/\/www.abf.se\/ostra-skane\/resized\/?url=https%3A%2F%2Fwww.abf.se%2Fwp-content%2Fuploads%2F2023%2F11%2FKreativitet-liggande_IMGP.jpg&#038;fit=crop&#038;w=519&#038;h=540&#038;s=e26ec6568431106617ec42f51972498e 519w, https:\/\/www.abf.se\/ostra-skane\/resized\/?url=https%3A%2F%2Fwww.abf.se%2Fwp-content%2Fuploads%2F2023%2F11%2FKreativitet-liggande_IMGP.jpg&#038;fit=crop&#038;w=591&#038;h=540&#038;s=67905d8e6887da85e9ecc38a39ad0cc5 591w, https:\/\/www.abf.se\/ostra-skane\/resized\/?url=https%3A%2F%2Fwww.abf.se%2Fwp-content%2Fuploads%2F2023%2F11%2FKreativitet-liggande_IMGP.jpg&#038;fit=crop&#038;w=663&#038;h=540&#038;s=ccf4a6e8c27a1cb0d7667fe132d2d886 663w, https:\/\/www.abf.se\/ostra-skane\/resized\/?url=https%3A%2F%2Fwww.abf.se%2Fwp-content%2Fuploads%2F2023%2F11%2FKreativitet-liggande_IMGP.jpg&#038;fit=crop&#038;w=750&#038;h=540&#038;s=d44428e9eaccea48c7d0a07b8fc04bda 750w, https:\/\/www.abf.se\/ostra-skane\/resized\/?url=https%3A%2F%2Fwww.abf.se%2Fwp-content%2Fuploads%2F2023%2F11%2FKreativitet-liggande_IMGP.jpg&#038;fit=crop&#038;w=894&#038;h=540&#038;s=8f55165d7b671e1113a748678855bd46 894w, https:\/\/www.abf.se\/ostra-skane\/resized\/?url=https%3A%2F%2Fwww.abf.se%2Fwp-content%2Fuploads%2F2023%2F11%2FKreativitet-liggande_IMGP.jpg&#038;fit=crop&#038;w=1038&#038;h=540&#038;s=224bf539788db9cb6fd277eaf6925046 1038w, https:\/\/www.abf.se\/ostra-skane\/resized\/?url=https%3A%2F%2Fwww.abf.se%2Fwp-content%2Fuploads%2F2023%2F11%2FKreativitet-liggande_IMGP.jpg&#038;fit=crop&#038;w=1182&#038;h=540&#038;s=575555a97d5b455a9721a1eac8019c39 1182w, https:\/\/www.abf.se\/ostra-skane\/resized\/?url=https%3A%2F%2Fwww.abf.se%2Fwp-content%2Fuploads%2F2023%2F11%2FKreativitet-liggande_IMGP.jpg&#038;fit=crop&#038;w=1326&#038;h=540&#038;s=c49185cc4b36c97832832e3c08f7a165 1326w, https:\/\/www.abf.se\/ostra-skane\/resized\/?url=https%3A%2F%2Fwww.abf.se%2Fwp-content%2Fuploads%2F2023%2F11%2FKreativitet-liggande_IMGP.jpg&#038;fit=crop&#038;w=1440&#038;h=540&#038;s=f4c0d4a6d6790019a60b4d0dda0dea6f 1440w\" alt=\"\" height=\"540\" width=\"1440\" sizes=\"(max-width: 1440px) calc(100vw - 32px), 1440px\" loading=\"eager\" fetchpriority=\"high\" aria-hidden=\"true\" role=\"presentation\" \/><\/picture>\n        \n\n            <\/div>\n\n    <\/div>\n\n<div\n    class=\"acf-section-breaker-text my-8 container-lg\"\n    data-block=\"section-breaker-text\"\n>\n    <div class=\"round-corners-lg overflow-hidden pt-36 pb-8 px-5 md:p-16 relative grid grid-cols-1 md:grid-cols-2 lg:grid-cols-5 grid-flow-col-dense\">\n\n            <picture class=\"as-background-image\"><img decoding=\"async\" src=\"https:\/\/www.abf.se\/ostra-skane\/resized\/?url=https%3A%2F%2Fwww.abf.se%2Fwp-content%2Fuploads%2F2024%2F04%2Fsang-och-musik-Foto-Freepik.jpg&#038;fit=crop&#038;w=1440&#038;s=f97a34b0459e1c5fe28d01e35c46b275\" srcset=\"https:\/\/www.abf.se\/ostra-skane\/resized\/?url=https%3A%2F%2Fwww.abf.se%2Fwp-content%2Fuploads%2F2024%2F04%2Fsang-och-musik-Foto-Freepik.jpg&#038;fit=crop&#038;w=375&#038;h=540&#038;s=15ac997539b32aa66b79b0ea37dda4ec 375w, https:\/\/www.abf.se\/ostra-skane\/resized\/?url=https%3A%2F%2Fwww.abf.se%2Fwp-content%2Fuploads%2F2024%2F04%2Fsang-och-musik-Foto-Freepik.jpg&#038;fit=crop&#038;w=499&#038;h=540&#038;s=4d9afe1aed1f3db4856effaed1a64f68 499w, https:\/\/www.abf.se\/ostra-skane\/resized\/?url=https%3A%2F%2Fwww.abf.se%2Fwp-content%2Fuploads%2F2024%2F04%2Fsang-och-musik-Foto-Freepik.jpg&#038;fit=crop&#038;w=623&#038;h=540&#038;s=e24f1f80544623c3db800f200d54f7f8 623w, https:\/\/www.abf.se\/ostra-skane\/resized\/?url=https%3A%2F%2Fwww.abf.se%2Fwp-content%2Fuploads%2F2024%2F04%2Fsang-och-musik-Foto-Freepik.jpg&#038;fit=crop&#038;w=747&#038;h=540&#038;s=582ec2155a60deb3f6f7159f5015f0e3 747w, https:\/\/www.abf.se\/ostra-skane\/resized\/?url=https%3A%2F%2Fwww.abf.se%2Fwp-content%2Fuploads%2F2024%2F04%2Fsang-och-musik-Foto-Freepik.jpg&#038;fit=crop&#038;w=750&#038;h=540&#038;s=f4102291b7f3194b2fd87065e2b63cc6 750w, https:\/\/www.abf.se\/ostra-skane\/resized\/?url=https%3A%2F%2Fwww.abf.se%2Fwp-content%2Fuploads%2F2024%2F04%2Fsang-och-musik-Foto-Freepik.jpg&#038;fit=crop&#038;w=871&#038;h=540&#038;s=9e71d2a41a859d8000731371f2268ad1 871w, https:\/\/www.abf.se\/ostra-skane\/resized\/?url=https%3A%2F%2Fwww.abf.se%2Fwp-content%2Fuploads%2F2024%2F04%2Fsang-och-musik-Foto-Freepik.jpg&#038;fit=crop&#038;w=995&#038;h=540&#038;s=10f99640590cb1199e00fd40ca1687d6 995w, https:\/\/www.abf.se\/ostra-skane\/resized\/?url=https%3A%2F%2Fwww.abf.se%2Fwp-content%2Fuploads%2F2024%2F04%2Fsang-och-musik-Foto-Freepik.jpg&#038;fit=crop&#038;w=998&#038;h=540&#038;s=5cce9b8bfac9e5cda68dda3efa2f6939 998w, https:\/\/www.abf.se\/ostra-skane\/resized\/?url=https%3A%2F%2Fwww.abf.se%2Fwp-content%2Fuploads%2F2024%2F04%2Fsang-och-musik-Foto-Freepik.jpg&#038;fit=crop&#038;w=1119&#038;h=540&#038;s=3deabf143b88eaf9cccfda1c248be7dd 1119w, https:\/\/www.abf.se\/ostra-skane\/resized\/?url=https%3A%2F%2Fwww.abf.se%2Fwp-content%2Fuploads%2F2024%2F04%2Fsang-och-musik-Foto-Freepik.jpg&#038;fit=crop&#038;w=1243&#038;h=540&#038;s=8ea00055790f670c5131a38d827108ce 1243w, https:\/\/www.abf.se\/ostra-skane\/resized\/?url=https%3A%2F%2Fwww.abf.se%2Fwp-content%2Fuploads%2F2024%2F04%2Fsang-och-musik-Foto-Freepik.jpg&#038;fit=crop&#038;w=1246&#038;h=540&#038;s=8be7ca99cbfa4621f5118e9e4e05ca95 1246w, https:\/\/www.abf.se\/ostra-skane\/resized\/?url=https%3A%2F%2Fwww.abf.se%2Fwp-content%2Fuploads%2F2024%2F04%2Fsang-och-musik-Foto-Freepik.jpg&#038;fit=crop&#038;w=1367&#038;h=540&#038;s=45b960c3da727adbb2216368d13c767f 1367w, https:\/\/www.abf.se\/ostra-skane\/resized\/?url=https%3A%2F%2Fwww.abf.se%2Fwp-content%2Fuploads%2F2024%2F04%2Fsang-och-musik-Foto-Freepik.jpg&#038;fit=crop&#038;w=1440&#038;h=540&#038;s=bfb73ebf936b28612a044f3e90ee7557 1440w, https:\/\/www.abf.se\/ostra-skane\/resized\/?url=https%3A%2F%2Fwww.abf.se%2Fwp-content%2Fuploads%2F2024%2F04%2Fsang-och-musik-Foto-Freepik.jpg&#038;fit=crop&#038;w=1494&#038;h=540&#038;s=1d9466ad2b952200baf70a40c431a0ff 1494w, https:\/\/www.abf.se\/ostra-skane\/resized\/?url=https%3A%2F%2Fwww.abf.se%2Fwp-content%2Fuploads%2F2024%2F04%2Fsang-och-musik-Foto-Freepik.jpg&#038;fit=crop&#038;w=1742&#038;h=540&#038;s=4f7f014e507e5a5aec9c67698b8b9b28 1742w, https:\/\/www.abf.se\/ostra-skane\/resized\/?url=https%3A%2F%2Fwww.abf.se%2Fwp-content%2Fuploads%2F2024%2F04%2Fsang-och-musik-Foto-Freepik.jpg&#038;fit=crop&#038;w=1990&#038;h=540&#038;s=55ef070fab4a865f3d93b4b7998c0fd2 1990w, https:\/\/www.abf.se\/ostra-skane\/resized\/?url=https%3A%2F%2Fwww.abf.se%2Fwp-content%2Fuploads%2F2024%2F04%2Fsang-och-musik-Foto-Freepik.jpg&#038;fit=crop&#038;w=2238&#038;h=540&#038;s=6929fbfd38f18d5d9e55d00d48046fe3 2238w, https:\/\/www.abf.se\/ostra-skane\/resized\/?url=https%3A%2F%2Fwww.abf.se%2Fwp-content%2Fuploads%2F2024%2F04%2Fsang-och-musik-Foto-Freepik.jpg&#038;fit=crop&#038;w=2486&#038;h=540&#038;s=e234ea16b4ccc9525ae3a22ddcbd558a 2486w, https:\/\/www.abf.se\/ostra-skane\/resized\/?url=https%3A%2F%2Fwww.abf.se%2Fwp-content%2Fuploads%2F2024%2F04%2Fsang-och-musik-Foto-Freepik.jpg&#038;fit=crop&#038;w=2734&#038;h=540&#038;s=952417236d36d90823acdcc60070cc55 2734w\" alt=\"\" height=\"540\" width=\"1440\" sizes=\"auto, \n            (max-width: 1440px) calc(100vw - 32px), 1440px\" loading=\"lazy\" fetchpriority=\"low\" aria-hidden=\"true\" role=\"presentation\" \/><\/picture>\n                <div class=\"bg-white round-corners-sm px-10 py-11 col-span-1  relative z-10 col-start-4 col-end-[-1]\">\n            <h2 class=\"heading-lg mb-4\"><\/h2>\n            <div style=\"font-size: 1.25rem; color: black;\" class=\"body-xl wysiwyg\"><p>Har ni ett band? Vill ni starta ett band? Saknar ni replokal? Eller vill ni helt enkelt repa i schysta lokaler? Genom ABF f\u00e5r du m\u00f6jligheten till alltihop!<\/p>\n<\/div>\n                    \n        <\/div>\n    <\/div>\n<\/div>\n<div\n    class=\"acf-article-text-block article-container my-12\"\n    data-block=\"article-text-block\"\n>\n    <div class=\"wysiwyg\">\n        <h3><strong>Perstorp<\/strong><\/h3>\n<p>I Perstorp finns det 5 replokaler i ABF-huset. H\u00e4r finns ocks\u00e5 en studio f\u00f6r inspelning, men \u00e4ven Rockskola f\u00f6r dig som aldrig spela i band f\u00f6rut. H\u00e4r finns ocks\u00e5 en danslokal.<\/p>\n<p>Kontakta\u00a0Anders Berling\u00a00708-13 16 12\u00a0<a href=\"mailto:anders.berling@abf.se\">anders.berling@abf.se<\/a><\/p>\n<p>&nbsp;<\/p>\n<h3><strong>Kristianstad<\/strong><\/h3>\n<p>I Kristianstad finns det 8 replokaler. Mindre k\u00f6k med kylsk\u00e5p, mikro och vattenkokare.<\/p>\n<p>Kostnad f\u00f6r replokalerna \u00e4r 1500 kr\/m\u00e5nad.<\/p>\n<p>Kontakta Pi Belsander 0708-49 04 05 <a href=\"mailto:emma.blomberg@abf.se\">pi.belsander@abf.se<\/a><\/p>\n<p>&nbsp;<\/p>\n<h3><strong>H\u00e4ssleholm<\/strong><\/h3>\n<p>I H\u00e4ssleholm ligger en ABF-lokal p\u00e5 P2-omr\u00e5det, 5 nybyggda replokaler finns.<\/p>\n<p>Kontakta Anders Berling 0708-13 16 12\u00a0<a href=\"mailto:anders.berling@abf.se\">anders.berling@abf.se<\/a><\/p>\n\n    <\/div>\n<\/div>\n<div class=\"my-8 container-lg acf-link-block\" data-block=\"link-block\" class=\"acf-link-block\" data-block=\"link-block\">\n    <div class=\"w-full bg-red  round-corners-lg px-4 md:px-8 py-11 md:py-16\">\n        <h2 class=\"heading-lg mb-7 text-center text-white\">\n            Har du ett band kan det vara en bra id\u00e9 att\u00a0starta en studiecirkel! Skicka in en\u00a0blankett\u00a0eller tag kontakt med oss s\u00e5 hj\u00e4lper vid dig!\n        <\/h2>\n            <ul class=\"grid grid-cols-1 gap-x-4 gap-y-3 md:grid-cols-2\">\n                                                        <li>\n                        <a\n    class=\"large-button-link\"\n    href=\"https:\/\/www.abf.se\/wp-content\/uploads\/sites\/45\/2024\/03\/Cirkelplanering_blankett-20230413-ifyllbar-PDF.pdf\"\n    target=\"_blank\"\n>\n    <span class=\"flex-1\">Blankett starta studiecirkel<\/span>\n\n    <figure\n        aria-hidden=\"true\"\n        class=\"w-5\"\n    >\n                    <svg width=\"20\" height=\"20\" viewBox=\"0 0 20 20\" fill=\"none\" class=\"SvgIconElement\">\n<path d=\"M4.16659 10L15.8333 10\" stroke=\"currentColor\"\/>\n<path d=\"M9.99992 4.1665L15.8333 9.99984L9.99992 15.8332\" stroke=\"currentColor\"\/>\n<\/svg>\n            <\/figure>\n<\/a>\n                    <\/li>\n                                                        <li>\n                        <a\n    class=\"large-button-link\"\n    href=\"https:\/\/www.abf.se\/ostra-skane\/kontakt-personal-abf-ostra-skane\/\"\n    target=\"_blank\"\n>\n    <span class=\"flex-1\">Kontakt ABF \u00d6stra Sk\u00e5ne<\/span>\n\n    <figure\n        aria-hidden=\"true\"\n        class=\"w-5\"\n    >\n                    <svg width=\"20\" height=\"20\" viewBox=\"0 0 20 20\" fill=\"none\" class=\"SvgIconElement\">\n<path d=\"M4.16659 10L15.8333 10\" stroke=\"currentColor\"\/>\n<path d=\"M9.99992 4.1665L15.8333 9.99984L9.99992 15.8332\" stroke=\"currentColor\"\/>\n<\/svg>\n            <\/figure>\n<\/a>\n                    <\/li>\n                            <\/ul>\n        <\/ul>\n    <\/div>\n<\/div><div\n    class=\"acf-section-breaker-text my-8 container-lg\"\n    data-block=\"section-breaker-text\"\n>\n    <div class=\"round-corners-lg overflow-hidden pt-36 pb-8 px-5 md:p-16 relative grid grid-cols-1 md:grid-cols-2 lg:grid-cols-5 grid-flow-col-dense\">\n\n            <picture class=\"as-background-image\"><img decoding=\"async\" src=\"https:\/\/www.abf.se\/ostra-skane\/resized\/?url=https%3A%2F%2Fwww.abf.se%2Fwp-content%2Fuploads%2F2025%2F06%2FABF_bildbank-7.jpg&#038;fit=crop&#038;w=1440&#038;s=4ae96c4f6011746abd944a9207b13275\" srcset=\"https:\/\/www.abf.se\/ostra-skane\/resized\/?url=https%3A%2F%2Fwww.abf.se%2Fwp-content%2Fuploads%2F2025%2F06%2FABF_bildbank-7.jpg&#038;fit=crop&#038;w=375&#038;h=540&#038;s=459d3d4b22df3286ac594642c4087659 375w, https:\/\/www.abf.se\/ostra-skane\/resized\/?url=https%3A%2F%2Fwww.abf.se%2Fwp-content%2Fuploads%2F2025%2F06%2FABF_bildbank-7.jpg&#038;fit=crop&#038;w=499&#038;h=540&#038;s=36456ea7eebc7b4d4e0e6c2ffd1366e4 499w, https:\/\/www.abf.se\/ostra-skane\/resized\/?url=https%3A%2F%2Fwww.abf.se%2Fwp-content%2Fuploads%2F2025%2F06%2FABF_bildbank-7.jpg&#038;fit=crop&#038;w=623&#038;h=540&#038;s=1228e3c4218db25c59b1e9fafe9635a6 623w, https:\/\/www.abf.se\/ostra-skane\/resized\/?url=https%3A%2F%2Fwww.abf.se%2Fwp-content%2Fuploads%2F2025%2F06%2FABF_bildbank-7.jpg&#038;fit=crop&#038;w=747&#038;h=540&#038;s=8572694e8f94a2ce18addd61ede0967e 747w, https:\/\/www.abf.se\/ostra-skane\/resized\/?url=https%3A%2F%2Fwww.abf.se%2Fwp-content%2Fuploads%2F2025%2F06%2FABF_bildbank-7.jpg&#038;fit=crop&#038;w=750&#038;h=540&#038;s=1549647c3c2d6d62edea819984c3757b 750w, https:\/\/www.abf.se\/ostra-skane\/resized\/?url=https%3A%2F%2Fwww.abf.se%2Fwp-content%2Fuploads%2F2025%2F06%2FABF_bildbank-7.jpg&#038;fit=crop&#038;w=871&#038;h=540&#038;s=8f43fdeba9a4d31a0d6aba3f0fbd653d 871w, https:\/\/www.abf.se\/ostra-skane\/resized\/?url=https%3A%2F%2Fwww.abf.se%2Fwp-content%2Fuploads%2F2025%2F06%2FABF_bildbank-7.jpg&#038;fit=crop&#038;w=995&#038;h=540&#038;s=f588fd9d4f025d74145b1e3137d20df9 995w, https:\/\/www.abf.se\/ostra-skane\/resized\/?url=https%3A%2F%2Fwww.abf.se%2Fwp-content%2Fuploads%2F2025%2F06%2FABF_bildbank-7.jpg&#038;fit=crop&#038;w=998&#038;h=540&#038;s=5444f351b52d0ea1eb537a591e6b8e24 998w, https:\/\/www.abf.se\/ostra-skane\/resized\/?url=https%3A%2F%2Fwww.abf.se%2Fwp-content%2Fuploads%2F2025%2F06%2FABF_bildbank-7.jpg&#038;fit=crop&#038;w=1119&#038;h=540&#038;s=36730385296c169aaba4c8b930e251b9 1119w, https:\/\/www.abf.se\/ostra-skane\/resized\/?url=https%3A%2F%2Fwww.abf.se%2Fwp-content%2Fuploads%2F2025%2F06%2FABF_bildbank-7.jpg&#038;fit=crop&#038;w=1243&#038;h=540&#038;s=ad901418e603150d0447aba4c13d2836 1243w, https:\/\/www.abf.se\/ostra-skane\/resized\/?url=https%3A%2F%2Fwww.abf.se%2Fwp-content%2Fuploads%2F2025%2F06%2FABF_bildbank-7.jpg&#038;fit=crop&#038;w=1246&#038;h=540&#038;s=96372e77d17a0eb12bd944146bb87fce 1246w, https:\/\/www.abf.se\/ostra-skane\/resized\/?url=https%3A%2F%2Fwww.abf.se%2Fwp-content%2Fuploads%2F2025%2F06%2FABF_bildbank-7.jpg&#038;fit=crop&#038;w=1367&#038;h=540&#038;s=a2d945f1741140739cb04093a5c1c2df 1367w, https:\/\/www.abf.se\/ostra-skane\/resized\/?url=https%3A%2F%2Fwww.abf.se%2Fwp-content%2Fuploads%2F2025%2F06%2FABF_bildbank-7.jpg&#038;fit=crop&#038;w=1440&#038;h=540&#038;s=18e787a0aa93010285ad40a8db5bdc7c 1440w, https:\/\/www.abf.se\/ostra-skane\/resized\/?url=https%3A%2F%2Fwww.abf.se%2Fwp-content%2Fuploads%2F2025%2F06%2FABF_bildbank-7.jpg&#038;fit=crop&#038;w=1494&#038;h=540&#038;s=526143f52e1b5106c715fe70caa4191a 1494w, https:\/\/www.abf.se\/ostra-skane\/resized\/?url=https%3A%2F%2Fwww.abf.se%2Fwp-content%2Fuploads%2F2025%2F06%2FABF_bildbank-7.jpg&#038;fit=crop&#038;w=1742&#038;h=540&#038;s=de0207819cd24836d897cfe57054d407 1742w, https:\/\/www.abf.se\/ostra-skane\/resized\/?url=https%3A%2F%2Fwww.abf.se%2Fwp-content%2Fuploads%2F2025%2F06%2FABF_bildbank-7.jpg&#038;fit=crop&#038;w=1990&#038;h=540&#038;s=0cbb6c746f42d69ece7a0a66ce062a82 1990w, https:\/\/www.abf.se\/ostra-skane\/resized\/?url=https%3A%2F%2Fwww.abf.se%2Fwp-content%2Fuploads%2F2025%2F06%2FABF_bildbank-7.jpg&#038;fit=crop&#038;w=2238&#038;h=540&#038;s=9602193c71cef9884a3407d687b8fd04 2238w, https:\/\/www.abf.se\/ostra-skane\/resized\/?url=https%3A%2F%2Fwww.abf.se%2Fwp-content%2Fuploads%2F2025%2F06%2FABF_bildbank-7.jpg&#038;fit=crop&#038;w=2486&#038;h=540&#038;s=b6998d3c10bb2908bae43bb51e8658fd 2486w, https:\/\/www.abf.se\/ostra-skane\/resized\/?url=https%3A%2F%2Fwww.abf.se%2Fwp-content%2Fuploads%2F2025%2F06%2FABF_bildbank-7.jpg&#038;fit=crop&#038;w=2734&#038;h=540&#038;s=16a372849a75e89093982313cdc033ff 2734w\" alt=\"\" height=\"540\" width=\"1440\" sizes=\"auto, \n            (max-width: 1440px) calc(100vw - 32px), 1440px\" loading=\"lazy\" fetchpriority=\"low\" aria-hidden=\"true\" role=\"presentation\" \/><\/picture>\n                <div class=\"bg-white round-corners-sm px-10 py-11 col-span-1  relative z-10 col-start-4 col-end-[-1]\">\n            <h2 class=\"heading-lg mb-4\">Musikverkstan<\/h2>\n            <div style=\"font-size: 1.25rem; color: black;\" class=\"body-xl wysiwyg\"><p>Musikverkstan \u00e4r ABFs digitala portal f\u00f6r dig som har en musikstudiecirkel hos ABF eller \u00e4r nyfiken p\u00e5 att starta en. H\u00e4r finns tips och tricks som du kan anv\u00e4nda dig av i studiecirkel, oavsett vilket m\u00e5l du har med ditt musikprojekt!<\/p>\n<\/div>\n                                            <a href='https:\/\/www.abf.se\/musikverkstan\/' class=\"default-button mt-8\" target=\"_blank\">L\u00e4s mer<\/a>\n                    \n        <\/div>\n    <\/div>\n<\/div>\n","protected":false},"excerpt":{"rendered":"","protected":false},"author":17,"featured_media":0,"parent":60,"menu_order":0,"comment_status":"closed","ping_status":"closed","template":"","meta":{"_acf_changed":false,"footnotes":""},"class_list":["post-206","page","type-page","status-publish","hentry"],"acf":[],"yoast_head":"<!-- This site is optimized with the Yoast SEO plugin v27.0 - https:\/\/yoast.com\/product\/yoast-seo-wordpress\/ -->\n<title>Replokaler - \u00d6stra Sk\u00e5ne<\/title>\n<meta name=\"robots\" content=\"index, follow, max-snippet:-1, max-image-preview:large, max-video-preview:-1\" \/>\n<link rel=\"canonical\" href=\"https:\/\/www.abf.se\/ostra-skane\/kontakt-personal-abf-ostra-skane\/replokaler\/\" \/>\n<meta property=\"og:locale\" content=\"sv_SE\" \/>\n<meta property=\"og:type\" content=\"article\" \/>\n<meta property=\"og:title\" content=\"Replokaler - \u00d6stra Sk\u00e5ne\" \/>\n<meta property=\"og:url\" content=\"https:\/\/www.abf.se\/ostra-skane\/kontakt-personal-abf-ostra-skane\/replokaler\/\" \/>\n<meta property=\"og:site_name\" content=\"\u00d6stra Sk\u00e5ne\" \/>\n<meta property=\"article:modified_time\" content=\"2026-03-26T07:30:07+00:00\" \/>\n<meta property=\"og:image\" content=\"https:\/\/www.abf.se\/wp-content\/uploads\/sites\/45\/2024\/04\/Nyckeln-liggande-scaled.jpg\" \/>\n\t<meta property=\"og:image:width\" content=\"2560\" \/>\n\t<meta property=\"og:image:height\" content=\"1440\" \/>\n\t<meta property=\"og:image:type\" content=\"image\/jpeg\" \/>\n<meta name=\"twitter:card\" content=\"summary_large_image\" \/>\n<script type=\"application\/ld+json\" class=\"yoast-schema-graph\">{\"@context\":\"https:\/\/schema.org\",\"@graph\":[{\"@type\":\"WebPage\",\"@id\":\"https:\/\/www.abf.se\/ostra-skane\/kontakt-personal-abf-ostra-skane\/replokaler\/\",\"url\":\"https:\/\/www.abf.se\/ostra-skane\/kontakt-personal-abf-ostra-skane\/replokaler\/\",\"name\":\"Replokaler - \u00d6stra Sk\u00e5ne\",\"isPartOf\":{\"@id\":\"https:\/\/www.abf.se\/ostra-skane\/#website\"},\"datePublished\":\"2024-04-04T12:24:04+00:00\",\"dateModified\":\"2026-03-26T07:30:07+00:00\",\"breadcrumb\":{\"@id\":\"https:\/\/www.abf.se\/ostra-skane\/kontakt-personal-abf-ostra-skane\/replokaler\/#breadcrumb\"},\"inLanguage\":\"sv-SE\",\"potentialAction\":[{\"@type\":\"ReadAction\",\"target\":[\"https:\/\/www.abf.se\/ostra-skane\/kontakt-personal-abf-ostra-skane\/replokaler\/\"]}]},{\"@type\":\"BreadcrumbList\",\"@id\":\"https:\/\/www.abf.se\/ostra-skane\/kontakt-personal-abf-ostra-skane\/replokaler\/#breadcrumb\",\"itemListElement\":[{\"@type\":\"ListItem\",\"position\":1,\"name\":\"Home\",\"item\":\"https:\/\/www.abf.se\/ostra-skane\/\"},{\"@type\":\"ListItem\",\"position\":2,\"name\":\"Kontakt ABF \u00d6stra Sk\u00e5ne\",\"item\":\"https:\/\/www.abf.se\/ostra-skane\/kontakt-personal-abf-ostra-skane\/\"},{\"@type\":\"ListItem\",\"position\":3,\"name\":\"Replokaler\"}]},{\"@type\":\"WebSite\",\"@id\":\"https:\/\/www.abf.se\/ostra-skane\/#website\",\"url\":\"https:\/\/www.abf.se\/ostra-skane\/\",\"name\":\"\u00d6stra Sk\u00e5ne\",\"description\":\"\",\"potentialAction\":[{\"@type\":\"SearchAction\",\"target\":{\"@type\":\"EntryPoint\",\"urlTemplate\":\"https:\/\/www.abf.se\/ostra-skane\/?s={search_term_string}\"},\"query-input\":{\"@type\":\"PropertyValueSpecification\",\"valueRequired\":true,\"valueName\":\"search_term_string\"}}],\"inLanguage\":\"sv-SE\"}]}<\/script>\n<!-- \/ Yoast SEO plugin. -->","yoast_head_json":{"title":"Replokaler - \u00d6stra Sk\u00e5ne","robots":{"index":"index","follow":"follow","max-snippet":"max-snippet:-1","max-image-preview":"max-image-preview:large","max-video-preview":"max-video-preview:-1"},"canonical":"https:\/\/www.abf.se\/ostra-skane\/kontakt-personal-abf-ostra-skane\/replokaler\/","og_locale":"sv_SE","og_type":"article","og_title":"Replokaler - \u00d6stra Sk\u00e5ne","og_url":"https:\/\/www.abf.se\/ostra-skane\/kontakt-personal-abf-ostra-skane\/replokaler\/","og_site_name":"\u00d6stra Sk\u00e5ne","article_modified_time":"2026-03-26T07:30:07+00:00","og_image":[{"width":2560,"height":1440,"url":"https:\/\/www.abf.se\/wp-content\/uploads\/sites\/45\/2024\/04\/Nyckeln-liggande-scaled.jpg","type":"image\/jpeg"}],"twitter_card":"summary_large_image","schema":{"@context":"https:\/\/schema.org","@graph":[{"@type":"WebPage","@id":"https:\/\/www.abf.se\/ostra-skane\/kontakt-personal-abf-ostra-skane\/replokaler\/","url":"https:\/\/www.abf.se\/ostra-skane\/kontakt-personal-abf-ostra-skane\/replokaler\/","name":"Replokaler - \u00d6stra Sk\u00e5ne","isPartOf":{"@id":"https:\/\/www.abf.se\/ostra-skane\/#website"},"datePublished":"2024-04-04T12:24:04+00:00","dateModified":"2026-03-26T07:30:07+00:00","breadcrumb":{"@id":"https:\/\/www.abf.se\/ostra-skane\/kontakt-personal-abf-ostra-skane\/replokaler\/#breadcrumb"},"inLanguage":"sv-SE","potentialAction":[{"@type":"ReadAction","target":["https:\/\/www.abf.se\/ostra-skane\/kontakt-personal-abf-ostra-skane\/replokaler\/"]}]},{"@type":"BreadcrumbList","@id":"https:\/\/www.abf.se\/ostra-skane\/kontakt-personal-abf-ostra-skane\/replokaler\/#breadcrumb","itemListElement":[{"@type":"ListItem","position":1,"name":"Home","item":"https:\/\/www.abf.se\/ostra-skane\/"},{"@type":"ListItem","position":2,"name":"Kontakt ABF \u00d6stra Sk\u00e5ne","item":"https:\/\/www.abf.se\/ostra-skane\/kontakt-personal-abf-ostra-skane\/"},{"@type":"ListItem","position":3,"name":"Replokaler"}]},{"@type":"WebSite","@id":"https:\/\/www.abf.se\/ostra-skane\/#website","url":"https:\/\/www.abf.se\/ostra-skane\/","name":"\u00d6stra Sk\u00e5ne","description":"","potentialAction":[{"@type":"SearchAction","target":{"@type":"EntryPoint","urlTemplate":"https:\/\/www.abf.se\/ostra-skane\/?s={search_term_string}"},"query-input":{"@type":"PropertyValueSpecification","valueRequired":true,"valueName":"search_term_string"}}],"inLanguage":"sv-SE"}]}},"_links":{"self":[{"href":"https:\/\/www.abf.se\/ostra-skane\/wp-json\/wp\/v2\/pages\/206","targetHints":{"allow":["GET"]}}],"collection":[{"href":"https:\/\/www.abf.se\/ostra-skane\/wp-json\/wp\/v2\/pages"}],"about":[{"href":"https:\/\/www.abf.se\/ostra-skane\/wp-json\/wp\/v2\/types\/page"}],"author":[{"embeddable":true,"href":"https:\/\/www.abf.se\/ostra-skane\/wp-json\/wp\/v2\/users\/17"}],"replies":[{"embeddable":true,"href":"https:\/\/www.abf.se\/ostra-skane\/wp-json\/wp\/v2\/comments?post=206"}],"version-history":[{"count":19,"href":"https:\/\/www.abf.se\/ostra-skane\/wp-json\/wp\/v2\/pages\/206\/revisions"}],"predecessor-version":[{"id":1187,"href":"https:\/\/www.abf.se\/ostra-skane\/wp-json\/wp\/v2\/pages\/206\/revisions\/1187"}],"up":[{"embeddable":true,"href":"https:\/\/www.abf.se\/ostra-skane\/wp-json\/wp\/v2\/pages\/60"}],"wp:attachment":[{"href":"https:\/\/www.abf.se\/ostra-skane\/wp-json\/wp\/v2\/media?parent=206"}],"curies":[{"name":"wp","href":"https:\/\/api.w.org\/{rel}","templated":true}]}}