{"id":261,"date":"2024-04-25T15:58:27","date_gmt":"2024-04-25T13:58:27","guid":{"rendered":"https:\/\/www.abf.se\/skane-nordost\/?page_id=261"},"modified":"2025-09-10T11:51:25","modified_gmt":"2025-09-10T09:51:25","slug":"logotyper","status":"publish","type":"page","link":"https:\/\/www.abf.se\/ostra-skane\/logotyper\/","title":{"rendered":"Logotyper"},"content":{"rendered":"<div\n    class=\"acf-plain-heading-block container my-16\"\n    data-block=\"plain-heading-block\"\n>\n    <div class=\"max-w-[658px] mx-auto\">\n                <h1 class=\"hero-heading\"><span>Logotyper<\/span><\/h1>\n                            <p class=\"mt-8 body-xl text-black\">\n                H\u00e4r finner du v\u00e5ra aktuella logotyper samt info om deras anv\u00e4ndning. \n            <\/p>\n            <\/div>\n<\/div>\n<div\n    class=\"acf-text-image-block container my-12 md:my-15\"\n    data-block=\"text-image-block\"\n>\n    <div\n    class=\"flex flex-col items-center md:flex-row gap-8 md:gap-0 justify-between\">\n                        <div class=\"w-full md:w-1\/2 md:order-2\">\n            <picture><img decoding=\"async\" src=\"https:\/\/www.abf.se\/ostra-skane\/resized\/?url=https%3A%2F%2Fwww.abf.se%2Fwp-content%2Fuploads%2Fsites%2F45%2F2025%2F09%2FLogotyp-Text-och-Bild-web-bild-enligt-matt-682x601px.png&#038;fit=crop&#038;w=578&#038;s=25d9d03292805e731386fe1b3190dc12\" srcset=\"https:\/\/www.abf.se\/ostra-skane\/resized\/?url=https%3A%2F%2Fwww.abf.se%2Fwp-content%2Fuploads%2Fsites%2F45%2F2025%2F09%2FLogotyp-Text-och-Bild-web-bild-enligt-matt-682x601px.png&#038;fit=crop&#038;w=144&#038;h=126&#038;s=bab36786a378f6ad1f2b5b0b79d47c04 144w, https:\/\/www.abf.se\/ostra-skane\/resized\/?url=https%3A%2F%2Fwww.abf.se%2Fwp-content%2Fuploads%2Fsites%2F45%2F2025%2F09%2FLogotyp-Text-och-Bild-web-bild-enligt-matt-682x601px.png&#038;fit=crop&#038;w=240&#038;h=211&#038;s=0d3b9f8d15cd20aea19db00ffb90e101 240w, https:\/\/www.abf.se\/ostra-skane\/resized\/?url=https%3A%2F%2Fwww.abf.se%2Fwp-content%2Fuploads%2Fsites%2F45%2F2025%2F09%2FLogotyp-Text-och-Bild-web-bild-enligt-matt-682x601px.png&#038;fit=crop&#038;w=288&#038;h=253&#038;s=387989de3ad107bf8602f04bf8c43f83 288w, https:\/\/www.abf.se\/ostra-skane\/resized\/?url=https%3A%2F%2Fwww.abf.se%2Fwp-content%2Fuploads%2Fsites%2F45%2F2025%2F09%2FLogotyp-Text-och-Bild-web-bild-enligt-matt-682x601px.png&#038;fit=crop&#038;w=336&#038;h=295&#038;s=740c50a553ef08197c751f5842a03b6e 336w, https:\/\/www.abf.se\/ostra-skane\/resized\/?url=https%3A%2F%2Fwww.abf.se%2Fwp-content%2Fuploads%2Fsites%2F45%2F2025%2F09%2FLogotyp-Text-och-Bild-web-bild-enligt-matt-682x601px.png&#038;fit=crop&#038;w=432&#038;h=380&#038;s=e3524045f2fcea074b541b6d16f8fce5 432w, https:\/\/www.abf.se\/ostra-skane\/resized\/?url=https%3A%2F%2Fwww.abf.se%2Fwp-content%2Fuploads%2Fsites%2F45%2F2025%2F09%2FLogotyp-Text-och-Bild-web-bild-enligt-matt-682x601px.png&#038;fit=crop&#038;w=480&#038;h=422&#038;s=276aa2f5f5e74327611c8b5124b8624e 480w, https:\/\/www.abf.se\/ostra-skane\/resized\/?url=https%3A%2F%2Fwww.abf.se%2Fwp-content%2Fuploads%2Fsites%2F45%2F2025%2F09%2FLogotyp-Text-och-Bild-web-bild-enligt-matt-682x601px.png&#038;fit=crop&#038;w=528&#038;h=464&#038;s=154c13b7b8b5eb367a9504f05ceb100a 528w, https:\/\/www.abf.se\/ostra-skane\/resized\/?url=https%3A%2F%2Fwww.abf.se%2Fwp-content%2Fuploads%2Fsites%2F45%2F2025%2F09%2FLogotyp-Text-och-Bild-web-bild-enligt-matt-682x601px.png&#038;fit=crop&#038;w=578&#038;h=509&#038;s=f80f98a0840c23bc8193d04f074fa561 578w, https:\/\/www.abf.se\/ostra-skane\/resized\/?url=https%3A%2F%2Fwww.abf.se%2Fwp-content%2Fuploads%2Fsites%2F45%2F2025%2F09%2FLogotyp-Text-och-Bild-web-bild-enligt-matt-682x601px.png&#038;fit=crop&#038;w=672&#038;h=591&#038;s=848c27fc5f1a1a64bf2575a5c9e48b44 672w, https:\/\/www.abf.se\/ostra-skane\/resized\/?url=https%3A%2F%2Fwww.abf.se%2Fwp-content%2Fuploads%2Fsites%2F45%2F2025%2F09%2FLogotyp-Text-och-Bild-web-bild-enligt-matt-682x601px.png&#038;fit=crop&#038;w=864&#038;h=760&#038;s=2e84d1989f23753f228f81d019aee200 864w, https:\/\/www.abf.se\/ostra-skane\/resized\/?url=https%3A%2F%2Fwww.abf.se%2Fwp-content%2Fuploads%2Fsites%2F45%2F2025%2F09%2FLogotyp-Text-och-Bild-web-bild-enligt-matt-682x601px.png&#038;fit=crop&#038;w=1056&#038;h=929&#038;s=eafc8442827cf0063616baa49cf69523 1056w\" alt=\"\" height=\"509\" width=\"578\" sizes=\"auto, (max-width: 768px) 100vw,\n                (max-width: 1280px) 50vw, 578px\" loading=\"lazy\" fetchpriority=\"low\" \/><\/picture>\n\n        <\/div>\n        \n        <div class=\"w-full md:w-1\/2 md:order-1\">\n        <div class=\"mx-auto md:max-w-[368px]\">\n            <h2 class=\"heading-lg\">ABFs logotyp<\/h2>\n            <div class=\"mb-6 mt-4 wysiwyg\">\n                <p>ABFs logotyp best\u00e5r av vit text (ABF) i en vit cirkel p\u00e5 en st\u00f6rre r\u00f6d cirkel. Logotypen kan placeras i alla h\u00f6rn med viss marginal till kanten, det vill s\u00e4ga inte helt kant i kant\/utfallande.<\/p>\n\n            <\/div>\n                                            <a href='https:\/\/www.abf.se\/wp-content\/uploads\/sites\/45\/2025\/09\/ABF_logo_rund.png' class=\"default-button\" target=\"_blank\">Klicka h\u00e4r f\u00f6r ABFs logotyp<\/a>\n                    <\/div>\n        <\/div>\n    <\/div>\n<\/div><div\n    class=\"acf-text-image-block container my-12 md:my-15\"\n    data-block=\"text-image-block\"\n>\n    <div\n    class=\"flex flex-col items-center md:flex-row gap-8 md:gap-0 justify-between\">\n                        <div class=\"w-full md:w-1\/2 md:order-2\">\n            <picture><img decoding=\"async\" src=\"https:\/\/www.abf.se\/ostra-skane\/resized\/?url=https%3A%2F%2Fwww.abf.se%2Fwp-content%2Fuploads%2Fsites%2F45%2F2025%2F09%2FSvart-logotyp-Text-och-Bild-web-bild-enligt-matt-682x601px.png&#038;fit=crop&#038;w=578&#038;s=2b07598cfbb724ee2f27f18d18b63dcb\" srcset=\"https:\/\/www.abf.se\/ostra-skane\/resized\/?url=https%3A%2F%2Fwww.abf.se%2Fwp-content%2Fuploads%2Fsites%2F45%2F2025%2F09%2FSvart-logotyp-Text-och-Bild-web-bild-enligt-matt-682x601px.png&#038;fit=crop&#038;w=144&#038;h=126&#038;s=95fe95024561aaa69f65b5d062182d0b 144w, https:\/\/www.abf.se\/ostra-skane\/resized\/?url=https%3A%2F%2Fwww.abf.se%2Fwp-content%2Fuploads%2Fsites%2F45%2F2025%2F09%2FSvart-logotyp-Text-och-Bild-web-bild-enligt-matt-682x601px.png&#038;fit=crop&#038;w=240&#038;h=211&#038;s=bb5b96074be2bd87c7e1c5479d648748 240w, https:\/\/www.abf.se\/ostra-skane\/resized\/?url=https%3A%2F%2Fwww.abf.se%2Fwp-content%2Fuploads%2Fsites%2F45%2F2025%2F09%2FSvart-logotyp-Text-och-Bild-web-bild-enligt-matt-682x601px.png&#038;fit=crop&#038;w=288&#038;h=253&#038;s=1d5412b5892b432e04fb5f4379551c4f 288w, https:\/\/www.abf.se\/ostra-skane\/resized\/?url=https%3A%2F%2Fwww.abf.se%2Fwp-content%2Fuploads%2Fsites%2F45%2F2025%2F09%2FSvart-logotyp-Text-och-Bild-web-bild-enligt-matt-682x601px.png&#038;fit=crop&#038;w=336&#038;h=295&#038;s=475b1edf3f34f97982e10177dd91e2fe 336w, https:\/\/www.abf.se\/ostra-skane\/resized\/?url=https%3A%2F%2Fwww.abf.se%2Fwp-content%2Fuploads%2Fsites%2F45%2F2025%2F09%2FSvart-logotyp-Text-och-Bild-web-bild-enligt-matt-682x601px.png&#038;fit=crop&#038;w=432&#038;h=380&#038;s=f9a6004bddf117ce1a4a14ae33b21f29 432w, https:\/\/www.abf.se\/ostra-skane\/resized\/?url=https%3A%2F%2Fwww.abf.se%2Fwp-content%2Fuploads%2Fsites%2F45%2F2025%2F09%2FSvart-logotyp-Text-och-Bild-web-bild-enligt-matt-682x601px.png&#038;fit=crop&#038;w=480&#038;h=422&#038;s=77edd243ce65989da3809e52c34016b5 480w, https:\/\/www.abf.se\/ostra-skane\/resized\/?url=https%3A%2F%2Fwww.abf.se%2Fwp-content%2Fuploads%2Fsites%2F45%2F2025%2F09%2FSvart-logotyp-Text-och-Bild-web-bild-enligt-matt-682x601px.png&#038;fit=crop&#038;w=528&#038;h=464&#038;s=8c3f412df8104dff40c85443c37d8439 528w, https:\/\/www.abf.se\/ostra-skane\/resized\/?url=https%3A%2F%2Fwww.abf.se%2Fwp-content%2Fuploads%2Fsites%2F45%2F2025%2F09%2FSvart-logotyp-Text-och-Bild-web-bild-enligt-matt-682x601px.png&#038;fit=crop&#038;w=578&#038;h=509&#038;s=660b9af7e1654f6af46af4b4bb4a49d0 578w, https:\/\/www.abf.se\/ostra-skane\/resized\/?url=https%3A%2F%2Fwww.abf.se%2Fwp-content%2Fuploads%2Fsites%2F45%2F2025%2F09%2FSvart-logotyp-Text-och-Bild-web-bild-enligt-matt-682x601px.png&#038;fit=crop&#038;w=672&#038;h=591&#038;s=554851ea40aac63bda4a01efc48c2372 672w, https:\/\/www.abf.se\/ostra-skane\/resized\/?url=https%3A%2F%2Fwww.abf.se%2Fwp-content%2Fuploads%2Fsites%2F45%2F2025%2F09%2FSvart-logotyp-Text-och-Bild-web-bild-enligt-matt-682x601px.png&#038;fit=crop&#038;w=864&#038;h=760&#038;s=d73e218dad9034ccca3fb9c6b2892ee8 864w, https:\/\/www.abf.se\/ostra-skane\/resized\/?url=https%3A%2F%2Fwww.abf.se%2Fwp-content%2Fuploads%2Fsites%2F45%2F2025%2F09%2FSvart-logotyp-Text-och-Bild-web-bild-enligt-matt-682x601px.png&#038;fit=crop&#038;w=1056&#038;h=929&#038;s=6aea1f316c53ac2a1f8e59110876004f 1056w\" alt=\"\" height=\"509\" width=\"578\" sizes=\"auto, (max-width: 768px) 100vw,\n                (max-width: 1280px) 50vw, 578px\" loading=\"lazy\" fetchpriority=\"low\" \/><\/picture>\n\n        <\/div>\n        \n        <div class=\"w-full md:w-1\/2 md:order-1\">\n        <div class=\"mx-auto md:max-w-[368px]\">\n            <h2 class=\"heading-lg\">Logotyp f\u00f6r samarbeten med andra<\/h2>\n            <div class=\"mb-6 mt-4 wysiwyg\">\n                <p>Den svartvita logotypen anv\u00e4nds\u00a0<strong>endast<\/strong>\u00a0n\u00e4r ABFs r\u00f6da logotyp inte g\u00e5r att anv\u00e4nda i samarbete med andra.<\/p>\n<p>Det kan vara vid samarbete med annan organisation som i sin marknadsf\u00f6ring bara kan\/f\u00e5r anv\u00e4nda logotyper utan f\u00e4rg.<\/p>\n<p class=\"noSpacingAbove noSpacingBelow\" data-text-type=\"noSpacing\"><strong>OBS! Den h\u00e4r logotypen \u00e4r bara till f\u00f6r anv\u00e4ndning i samarbeten, i \u00f6vrigt ska den ABFs r\u00f6da logotyp alltid anv\u00e4ndas.<\/strong><\/p>\n\n            <\/div>\n                                            <a href='https:\/\/www.abf.se\/wp-content\/uploads\/sites\/45\/2025\/09\/ABF_logo_rund_svart.png' class=\"default-button\" target=\"_blank\">Klicka h\u00e4r f\u00f6r svart-vit logotyp<\/a>\n                    <\/div>\n        <\/div>\n    <\/div>\n<\/div><div class=\"my-8 container-lg acf-file-link-block\" data-block=\"file-link-block\" class=\"acf-file-link-block\" data-block=\"file-link-block\">\n    <div class=\"w-full bg-red  round-corners-lg px-4 md:px-8 py-11 md:py-16\">\n        <h2 class=\"heading-lg mb-7 text-center text-white\">\n            Klicka h\u00e4r f\u00f6r direkt nedladdning av logotyperna \n        <\/h2>\n            <ul class=\"grid grid-cols-1 gap-x-4 gap-y-3 md:grid-cols-2\">\n                                            <li>\n\n                    <a\n    class=\"large-button-link\"\n    href=\"https:\/\/www.abf.se\/wp-content\/uploads\/sites\/45\/2025\/09\/ABF_logo_rund.png\"\n    download=\"ABF_logo_rund.png\"\n>\n    <span class=\"flex-1\"><span class=\"flex flex-row items-baseline gap-2\">\n                                                            <figure\n                                    aria-hidden=\"true\"\n                                    class=\"w-4 self-center\"\n                                >\n                                    <svg width=\"91\" height=\"91\" viewBox=\"0 0 91 91\" fill=\"none\" class=\"SvgIconElement\">\n<path d=\"M73.9052 14.2139H17.0557C12.3462 14.2139 8.52832 18.0317 8.52832 22.7413V68.2209C8.52832 72.9304 12.3462 76.7483 17.0557 76.7483H73.9052C78.6148 76.7483 82.4327 72.9304 82.4327 68.2209V22.7413C82.4327 18.0317 78.6148 14.2139 73.9052 14.2139Z\" stroke=\"currentColor\" stroke-width=\"5.68495\" stroke-linejoin=\"round\"\/>\n<path d=\"M59.6928 36.9534C62.8325 36.9534 65.3777 34.4082 65.3777 31.2684C65.3777 28.1287 62.8325 25.5835 59.6928 25.5835C56.5531 25.5835 54.0078 28.1287 54.0078 31.2684C54.0078 34.4082 56.5531 36.9534 59.6928 36.9534Z\" stroke=\"currentColor\" stroke-width=\"5.68495\" stroke-miterlimit=\"10\"\/>\n<path d=\"M54.0079 59.6561L37.9017 43.5802C36.8769 42.5555 35.4993 41.961 34.0507 41.918C32.6021 41.8751 31.1918 42.387 30.108 43.3492L8.52832 62.5359\" stroke=\"currentColor\" stroke-width=\"5.68495\" stroke-linecap=\"round\" stroke-linejoin=\"round\"\/>\n<path d=\"M39.7954 76.7485L61.7073 54.8366C62.7094 53.8325 64.0507 53.2393 65.4678 53.1736C66.8848 53.1079 68.2753 53.5743 69.366 54.4813L82.4325 65.3786\" stroke=\"currentColor\" stroke-width=\"5.68495\" stroke-linecap=\"round\" stroke-linejoin=\"round\"\/>\n<\/svg>\n        \n                                <\/figure>\n                            \n                            <span class=\"mr-2 flex-1\">\n                                ABFs logotyp\n                                                                    <span class=\"label-md ml-1\">\n                                        (png, 89,16 Kb)\n                                    <\/span>\n                                                            <\/span>\n\n\n                        <\/span><\/span>\n\n    <figure\n        aria-hidden=\"true\"\n        class=\"w-5\"\n    >\n                    <svg width=\"20\" height=\"20\" viewBox=\"0 0 20 20\" fill=\"none\"\nclass=\"SvgIconElement\">\n<path d=\"M10 3V11.5\" stroke=\"currentColor\"\/>\n<path d=\"M6.5 8.5L10 12L13.5 8.5\" stroke=\"currentColor\"\/>\n<path d=\"M2.5 10.5V17H17.5V10.5\" stroke=\"currentColor\"\/>\n<\/svg>\n            <\/figure>\n<\/a>\n                <\/li>\n                                            <li>\n\n                    <a\n    class=\"large-button-link\"\n    href=\"https:\/\/www.abf.se\/wp-content\/uploads\/sites\/45\/2025\/09\/ABF_logo_rund_svart.png\"\n    download=\"ABF_logo_rund_svart.png\"\n>\n    <span class=\"flex-1\"><span class=\"flex flex-row items-baseline gap-2\">\n                                                            <figure\n                                    aria-hidden=\"true\"\n                                    class=\"w-4 self-center\"\n                                >\n                                    <svg width=\"91\" height=\"91\" viewBox=\"0 0 91 91\" fill=\"none\" class=\"SvgIconElement\">\n<path d=\"M73.9052 14.2139H17.0557C12.3462 14.2139 8.52832 18.0317 8.52832 22.7413V68.2209C8.52832 72.9304 12.3462 76.7483 17.0557 76.7483H73.9052C78.6148 76.7483 82.4327 72.9304 82.4327 68.2209V22.7413C82.4327 18.0317 78.6148 14.2139 73.9052 14.2139Z\" stroke=\"currentColor\" stroke-width=\"5.68495\" stroke-linejoin=\"round\"\/>\n<path d=\"M59.6928 36.9534C62.8325 36.9534 65.3777 34.4082 65.3777 31.2684C65.3777 28.1287 62.8325 25.5835 59.6928 25.5835C56.5531 25.5835 54.0078 28.1287 54.0078 31.2684C54.0078 34.4082 56.5531 36.9534 59.6928 36.9534Z\" stroke=\"currentColor\" stroke-width=\"5.68495\" stroke-miterlimit=\"10\"\/>\n<path d=\"M54.0079 59.6561L37.9017 43.5802C36.8769 42.5555 35.4993 41.961 34.0507 41.918C32.6021 41.8751 31.1918 42.387 30.108 43.3492L8.52832 62.5359\" stroke=\"currentColor\" stroke-width=\"5.68495\" stroke-linecap=\"round\" stroke-linejoin=\"round\"\/>\n<path d=\"M39.7954 76.7485L61.7073 54.8366C62.7094 53.8325 64.0507 53.2393 65.4678 53.1736C66.8848 53.1079 68.2753 53.5743 69.366 54.4813L82.4325 65.3786\" stroke=\"currentColor\" stroke-width=\"5.68495\" stroke-linecap=\"round\" stroke-linejoin=\"round\"\/>\n<\/svg>\n        \n                                <\/figure>\n                            \n                            <span class=\"mr-2 flex-1\">\n                                Logotyp f\u00f6r samarbeten med andra\n                                                                    <span class=\"label-md ml-1\">\n                                        (png, 91,61 Kb)\n                                    <\/span>\n                                                            <\/span>\n\n\n                        <\/span><\/span>\n\n    <figure\n        aria-hidden=\"true\"\n        class=\"w-5\"\n    >\n                    <svg width=\"20\" height=\"20\" viewBox=\"0 0 20 20\" fill=\"none\"\nclass=\"SvgIconElement\">\n<path d=\"M10 3V11.5\" stroke=\"currentColor\"\/>\n<path d=\"M6.5 8.5L10 12L13.5 8.5\" stroke=\"currentColor\"\/>\n<path d=\"M2.5 10.5V17H17.5V10.5\" stroke=\"currentColor\"\/>\n<\/svg>\n            <\/figure>\n<\/a>\n                <\/li>\n                    <\/ul>\n        <\/ul>\n    <\/div>\n<\/div>","protected":false},"excerpt":{"rendered":"","protected":false},"author":17,"featured_media":0,"parent":0,"menu_order":0,"comment_status":"closed","ping_status":"closed","template":"","meta":{"_acf_changed":false,"footnotes":""},"class_list":["post-261","page","type-page","status-publish","hentry"],"acf":[],"yoast_head":"<!-- This site is optimized with the Yoast SEO plugin v27.0 - https:\/\/yoast.com\/product\/yoast-seo-wordpress\/ -->\n<title>Logotyper - \u00d6stra Sk\u00e5ne<\/title>\n<meta name=\"robots\" content=\"index, follow, max-snippet:-1, max-image-preview:large, max-video-preview:-1\" \/>\n<link rel=\"canonical\" href=\"https:\/\/www.abf.se\/ostra-skane\/logotyper\/\" \/>\n<meta property=\"og:locale\" content=\"sv_SE\" \/>\n<meta property=\"og:type\" content=\"article\" \/>\n<meta property=\"og:title\" content=\"Logotyper - \u00d6stra Sk\u00e5ne\" \/>\n<meta property=\"og:url\" content=\"https:\/\/www.abf.se\/ostra-skane\/logotyper\/\" \/>\n<meta property=\"og:site_name\" content=\"\u00d6stra Sk\u00e5ne\" \/>\n<meta property=\"article:modified_time\" content=\"2025-09-10T09:51:25+00:00\" \/>\n<meta property=\"og:image\" content=\"https:\/\/www.abf.se\/wp-content\/uploads\/sites\/45\/2024\/04\/Nyckeln-liggande-scaled.jpg\" \/>\n\t<meta property=\"og:image:width\" content=\"2560\" \/>\n\t<meta property=\"og:image:height\" content=\"1440\" \/>\n\t<meta property=\"og:image:type\" content=\"image\/jpeg\" \/>\n<meta name=\"twitter:card\" content=\"summary_large_image\" \/>\n<script type=\"application\/ld+json\" class=\"yoast-schema-graph\">{\"@context\":\"https:\/\/schema.org\",\"@graph\":[{\"@type\":\"WebPage\",\"@id\":\"https:\/\/www.abf.se\/ostra-skane\/logotyper\/\",\"url\":\"https:\/\/www.abf.se\/ostra-skane\/logotyper\/\",\"name\":\"Logotyper - \u00d6stra Sk\u00e5ne\",\"isPartOf\":{\"@id\":\"https:\/\/www.abf.se\/ostra-skane\/#website\"},\"datePublished\":\"2024-04-25T13:58:27+00:00\",\"dateModified\":\"2025-09-10T09:51:25+00:00\",\"breadcrumb\":{\"@id\":\"https:\/\/www.abf.se\/ostra-skane\/logotyper\/#breadcrumb\"},\"inLanguage\":\"sv-SE\",\"potentialAction\":[{\"@type\":\"ReadAction\",\"target\":[\"https:\/\/www.abf.se\/ostra-skane\/logotyper\/\"]}]},{\"@type\":\"BreadcrumbList\",\"@id\":\"https:\/\/www.abf.se\/ostra-skane\/logotyper\/#breadcrumb\",\"itemListElement\":[{\"@type\":\"ListItem\",\"position\":1,\"name\":\"Home\",\"item\":\"https:\/\/www.abf.se\/ostra-skane\/\"},{\"@type\":\"ListItem\",\"position\":2,\"name\":\"Logotyper\"}]},{\"@type\":\"WebSite\",\"@id\":\"https:\/\/www.abf.se\/ostra-skane\/#website\",\"url\":\"https:\/\/www.abf.se\/ostra-skane\/\",\"name\":\"\u00d6stra Sk\u00e5ne\",\"description\":\"\",\"potentialAction\":[{\"@type\":\"SearchAction\",\"target\":{\"@type\":\"EntryPoint\",\"urlTemplate\":\"https:\/\/www.abf.se\/ostra-skane\/?s={search_term_string}\"},\"query-input\":{\"@type\":\"PropertyValueSpecification\",\"valueRequired\":true,\"valueName\":\"search_term_string\"}}],\"inLanguage\":\"sv-SE\"}]}<\/script>\n<!-- \/ Yoast SEO plugin. -->","yoast_head_json":{"title":"Logotyper - \u00d6stra Sk\u00e5ne","robots":{"index":"index","follow":"follow","max-snippet":"max-snippet:-1","max-image-preview":"max-image-preview:large","max-video-preview":"max-video-preview:-1"},"canonical":"https:\/\/www.abf.se\/ostra-skane\/logotyper\/","og_locale":"sv_SE","og_type":"article","og_title":"Logotyper - \u00d6stra Sk\u00e5ne","og_url":"https:\/\/www.abf.se\/ostra-skane\/logotyper\/","og_site_name":"\u00d6stra Sk\u00e5ne","article_modified_time":"2025-09-10T09:51:25+00:00","og_image":[{"width":2560,"height":1440,"url":"https:\/\/www.abf.se\/wp-content\/uploads\/sites\/45\/2024\/04\/Nyckeln-liggande-scaled.jpg","type":"image\/jpeg"}],"twitter_card":"summary_large_image","schema":{"@context":"https:\/\/schema.org","@graph":[{"@type":"WebPage","@id":"https:\/\/www.abf.se\/ostra-skane\/logotyper\/","url":"https:\/\/www.abf.se\/ostra-skane\/logotyper\/","name":"Logotyper - \u00d6stra Sk\u00e5ne","isPartOf":{"@id":"https:\/\/www.abf.se\/ostra-skane\/#website"},"datePublished":"2024-04-25T13:58:27+00:00","dateModified":"2025-09-10T09:51:25+00:00","breadcrumb":{"@id":"https:\/\/www.abf.se\/ostra-skane\/logotyper\/#breadcrumb"},"inLanguage":"sv-SE","potentialAction":[{"@type":"ReadAction","target":["https:\/\/www.abf.se\/ostra-skane\/logotyper\/"]}]},{"@type":"BreadcrumbList","@id":"https:\/\/www.abf.se\/ostra-skane\/logotyper\/#breadcrumb","itemListElement":[{"@type":"ListItem","position":1,"name":"Home","item":"https:\/\/www.abf.se\/ostra-skane\/"},{"@type":"ListItem","position":2,"name":"Logotyper"}]},{"@type":"WebSite","@id":"https:\/\/www.abf.se\/ostra-skane\/#website","url":"https:\/\/www.abf.se\/ostra-skane\/","name":"\u00d6stra Sk\u00e5ne","description":"","potentialAction":[{"@type":"SearchAction","target":{"@type":"EntryPoint","urlTemplate":"https:\/\/www.abf.se\/ostra-skane\/?s={search_term_string}"},"query-input":{"@type":"PropertyValueSpecification","valueRequired":true,"valueName":"search_term_string"}}],"inLanguage":"sv-SE"}]}},"_links":{"self":[{"href":"https:\/\/www.abf.se\/ostra-skane\/wp-json\/wp\/v2\/pages\/261","targetHints":{"allow":["GET"]}}],"collection":[{"href":"https:\/\/www.abf.se\/ostra-skane\/wp-json\/wp\/v2\/pages"}],"about":[{"href":"https:\/\/www.abf.se\/ostra-skane\/wp-json\/wp\/v2\/types\/page"}],"author":[{"embeddable":true,"href":"https:\/\/www.abf.se\/ostra-skane\/wp-json\/wp\/v2\/users\/17"}],"replies":[{"embeddable":true,"href":"https:\/\/www.abf.se\/ostra-skane\/wp-json\/wp\/v2\/comments?post=261"}],"version-history":[{"count":23,"href":"https:\/\/www.abf.se\/ostra-skane\/wp-json\/wp\/v2\/pages\/261\/revisions"}],"predecessor-version":[{"id":941,"href":"https:\/\/www.abf.se\/ostra-skane\/wp-json\/wp\/v2\/pages\/261\/revisions\/941"}],"wp:attachment":[{"href":"https:\/\/www.abf.se\/ostra-skane\/wp-json\/wp\/v2\/media?parent=261"}],"curies":[{"name":"wp","href":"https:\/\/api.w.org\/{rel}","templated":true}]}}