{"id":6,"date":"2024-03-20T12:41:54","date_gmt":"2024-03-20T11:41:54","guid":{"rendered":"https:\/\/www.abf.se\/skane-nordost\/?page_id=6"},"modified":"2025-05-14T12:27:17","modified_gmt":"2025-05-14T10:27:17","slug":"villkor-for-anmalan-cirklar-kurs-och-arrangemang","status":"publish","type":"page","link":"https:\/\/www.abf.se\/ostra-skane\/villkor-for-anmalan-cirklar-kurs-och-arrangemang\/","title":{"rendered":"Anm\u00e4lningsvillkor deltagande cirklar, kurs och arrangemang"},"content":{"rendered":"<div\n    class=\"acf-hero-block container-lg no-padding mb-12 js-geolocation\"\n    data-block=\"hero-block\"\n    data-index=\"0\"\n>\n    <div class=\"h-[548px]  relative rounded-[32px] overflow-hidden flex bg-gray-light\">\n        <div class=\"relative z-10 mt-auto h-auto w-full md:h-full\">\n            <div class=\"flex w-full h-full flex-col flex-wrap justify-end w-full md:w-7\/12 lg:w-1\/2 md:justify-center\">\n                <div class=\"flex flex-col gap-3 md:gap-[18px] md:transparent pt-16 pb-36 md:py-8 px-4 w-full md:max-w-[620px] mx-auto px-8\">\n\n                    <h1 class=\"hero-heading hero-heading--red-text\"><span>Anm\u00e4lningsvillkor f\u00f6r deltagare &#8211; cirklar, kurs och arrangemang<\/span><\/h1>\n\n                    \n                                    <\/div>\n            <\/div>\n        <\/div>\n\n                    <picture class=\"as-background-image mix-blend-multiply bg-black\/40\"><img decoding=\"async\" src=\"https:\/\/www.abf.se\/ostra-skane\/resized\/?url=https%3A%2F%2Fwww.abf.se%2Fwp-content%2Fuploads%2F2023%2F11%2FKreativitet-liggande_IMGP.jpg&#038;fit=crop&#038;w=1440&#038;s=8305f3a8f83aae27d765e51fd1213eef\" srcset=\"https:\/\/www.abf.se\/ostra-skane\/resized\/?url=https%3A%2F%2Fwww.abf.se%2Fwp-content%2Fuploads%2F2023%2F11%2FKreativitet-liggande_IMGP.jpg&#038;fit=crop&#038;w=375&#038;h=540&#038;s=bc1501d0d85851e7fcba9334ca3d5f2d 375w, https:\/\/www.abf.se\/ostra-skane\/resized\/?url=https%3A%2F%2Fwww.abf.se%2Fwp-content%2Fuploads%2F2023%2F11%2FKreativitet-liggande_IMGP.jpg&#038;fit=crop&#038;w=447&#038;h=540&#038;s=06433099a5d74dcdb37dec30a7061d81 447w, https:\/\/www.abf.se\/ostra-skane\/resized\/?url=https%3A%2F%2Fwww.abf.se%2Fwp-content%2Fuploads%2F2023%2F11%2FKreativitet-liggande_IMGP.jpg&#038;fit=crop&#038;w=519&#038;h=540&#038;s=e26ec6568431106617ec42f51972498e 519w, https:\/\/www.abf.se\/ostra-skane\/resized\/?url=https%3A%2F%2Fwww.abf.se%2Fwp-content%2Fuploads%2F2023%2F11%2FKreativitet-liggande_IMGP.jpg&#038;fit=crop&#038;w=591&#038;h=540&#038;s=67905d8e6887da85e9ecc38a39ad0cc5 591w, https:\/\/www.abf.se\/ostra-skane\/resized\/?url=https%3A%2F%2Fwww.abf.se%2Fwp-content%2Fuploads%2F2023%2F11%2FKreativitet-liggande_IMGP.jpg&#038;fit=crop&#038;w=663&#038;h=540&#038;s=ccf4a6e8c27a1cb0d7667fe132d2d886 663w, https:\/\/www.abf.se\/ostra-skane\/resized\/?url=https%3A%2F%2Fwww.abf.se%2Fwp-content%2Fuploads%2F2023%2F11%2FKreativitet-liggande_IMGP.jpg&#038;fit=crop&#038;w=750&#038;h=540&#038;s=d44428e9eaccea48c7d0a07b8fc04bda 750w, https:\/\/www.abf.se\/ostra-skane\/resized\/?url=https%3A%2F%2Fwww.abf.se%2Fwp-content%2Fuploads%2F2023%2F11%2FKreativitet-liggande_IMGP.jpg&#038;fit=crop&#038;w=894&#038;h=540&#038;s=8f55165d7b671e1113a748678855bd46 894w, https:\/\/www.abf.se\/ostra-skane\/resized\/?url=https%3A%2F%2Fwww.abf.se%2Fwp-content%2Fuploads%2F2023%2F11%2FKreativitet-liggande_IMGP.jpg&#038;fit=crop&#038;w=1038&#038;h=540&#038;s=224bf539788db9cb6fd277eaf6925046 1038w, https:\/\/www.abf.se\/ostra-skane\/resized\/?url=https%3A%2F%2Fwww.abf.se%2Fwp-content%2Fuploads%2F2023%2F11%2FKreativitet-liggande_IMGP.jpg&#038;fit=crop&#038;w=1182&#038;h=540&#038;s=575555a97d5b455a9721a1eac8019c39 1182w, https:\/\/www.abf.se\/ostra-skane\/resized\/?url=https%3A%2F%2Fwww.abf.se%2Fwp-content%2Fuploads%2F2023%2F11%2FKreativitet-liggande_IMGP.jpg&#038;fit=crop&#038;w=1326&#038;h=540&#038;s=c49185cc4b36c97832832e3c08f7a165 1326w, https:\/\/www.abf.se\/ostra-skane\/resized\/?url=https%3A%2F%2Fwww.abf.se%2Fwp-content%2Fuploads%2F2023%2F11%2FKreativitet-liggande_IMGP.jpg&#038;fit=crop&#038;w=1440&#038;h=540&#038;s=f4c0d4a6d6790019a60b4d0dda0dea6f 1440w\" alt=\"\" height=\"540\" width=\"1440\" sizes=\"(max-width: 1440px) calc(100vw - 32px), 1440px\" loading=\"eager\" fetchpriority=\"high\" aria-hidden=\"true\" role=\"presentation\" \/><\/picture>\n        \n\n            <\/div>\n\n    <\/div>\n\n<div\n    class=\"acf-article-text-block article-container my-12\"\n    data-block=\"article-text-block\"\n>\n    <div class=\"wysiwyg\">\n        <h2>Bra att veta om du anm\u00e4lt dig till kurs\/studiecirkel\/kulturprogram<\/h2>\n<p>Vi utg\u00e5r fr\u00e5n ABFs regler och villkor vid anm\u00e4lan till kurs\/studiecirkel\/kulturprogram:<\/p>\n<p><a href=\"https:\/\/www.abf.se\/villkor-for-anmalan-cirklar-kurs-och-arrangemang\/\">Villkor f\u00f6r anm\u00e4lan cirklar, kurs och arrangemang &#8211; ABF<\/a><\/p>\n<p>ABF Sk\u00e5ne Nordost f\u00f6rbeh\u00e5ller sig r\u00e4tten att skjuta fram eller st\u00e4lla in en kurs om antalet deltagare \u00e4r f\u00f6r f\u00e5 till kursstart.<\/p>\n<p><strong>Avanm\u00e4lan<\/strong>: Du har r\u00e4tt (enligt \u00e5ngerfristen) att inom 14 dagar \u00e5ngra din anm\u00e4lan fr\u00e5n att du f\u00e5tt din bekr\u00e4ftelse (f\u00e5s direkt via mail vid webanm\u00e4lan). Avanm\u00e4lan ska d\u00e5 tydligt framg\u00e5 till oss p\u00e5 ABF Sk\u00e5ne Nordost (mail eller telefon: <a href=\"https:\/\/www.abf.se\/skane-nordost\/kontakt-personal-abf-skane-nordost\/\">Kontakt<\/a>)<\/p>\n<p>Om avanm\u00e4lan sker mindre \u00e4n 7 dagar fr\u00e5n kursstart kan du komma att bli delvis eller fullt skyldig att betala kursavgiften. Detta \u00e4r som oftast beroende p\u00e5 om det finns eller inte finns reserver som kan ta din plats p\u00e5 kursen.<\/p>\n\n    <\/div>\n<\/div>\n","protected":false},"excerpt":{"rendered":"","protected":false},"author":4,"featured_media":0,"parent":0,"menu_order":0,"comment_status":"closed","ping_status":"closed","template":"","meta":{"_acf_changed":false,"footnotes":""},"class_list":["post-6","page","type-page","status-publish","hentry"],"acf":[],"yoast_head":"<!-- This site is optimized with the Yoast SEO plugin v27.0 - https:\/\/yoast.com\/product\/yoast-seo-wordpress\/ -->\n<title>Anm\u00e4lningsvillkor deltagande cirklar, kurs och arrangemang - \u00d6stra Sk\u00e5ne<\/title>\n<meta name=\"robots\" content=\"index, follow, max-snippet:-1, max-image-preview:large, max-video-preview:-1\" \/>\n<link rel=\"canonical\" href=\"https:\/\/www.abf.se\/ostra-skane\/villkor-for-anmalan-cirklar-kurs-och-arrangemang\/\" \/>\n<meta property=\"og:locale\" content=\"sv_SE\" \/>\n<meta property=\"og:type\" content=\"article\" \/>\n<meta property=\"og:title\" content=\"Anm\u00e4lningsvillkor deltagande cirklar, kurs och arrangemang - \u00d6stra Sk\u00e5ne\" \/>\n<meta property=\"og:url\" content=\"https:\/\/www.abf.se\/ostra-skane\/villkor-for-anmalan-cirklar-kurs-och-arrangemang\/\" \/>\n<meta property=\"og:site_name\" content=\"\u00d6stra Sk\u00e5ne\" \/>\n<meta property=\"article:modified_time\" content=\"2025-05-14T10:27:17+00:00\" \/>\n<meta property=\"og:image\" content=\"https:\/\/www.abf.se\/wp-content\/uploads\/sites\/45\/2024\/04\/Nyckeln-liggande-scaled.jpg\" \/>\n\t<meta property=\"og:image:width\" content=\"2560\" \/>\n\t<meta property=\"og:image:height\" content=\"1440\" \/>\n\t<meta property=\"og:image:type\" content=\"image\/jpeg\" \/>\n<meta name=\"twitter:card\" content=\"summary_large_image\" \/>\n<script type=\"application\/ld+json\" class=\"yoast-schema-graph\">{\"@context\":\"https:\/\/schema.org\",\"@graph\":[{\"@type\":\"WebPage\",\"@id\":\"https:\/\/www.abf.se\/ostra-skane\/villkor-for-anmalan-cirklar-kurs-och-arrangemang\/\",\"url\":\"https:\/\/www.abf.se\/ostra-skane\/villkor-for-anmalan-cirklar-kurs-och-arrangemang\/\",\"name\":\"Anm\u00e4lningsvillkor deltagande cirklar, kurs och arrangemang - \u00d6stra Sk\u00e5ne\",\"isPartOf\":{\"@id\":\"https:\/\/www.abf.se\/ostra-skane\/#website\"},\"datePublished\":\"2024-03-20T11:41:54+00:00\",\"dateModified\":\"2025-05-14T10:27:17+00:00\",\"breadcrumb\":{\"@id\":\"https:\/\/www.abf.se\/ostra-skane\/villkor-for-anmalan-cirklar-kurs-och-arrangemang\/#breadcrumb\"},\"inLanguage\":\"sv-SE\",\"potentialAction\":[{\"@type\":\"ReadAction\",\"target\":[\"https:\/\/www.abf.se\/ostra-skane\/villkor-for-anmalan-cirklar-kurs-och-arrangemang\/\"]}]},{\"@type\":\"BreadcrumbList\",\"@id\":\"https:\/\/www.abf.se\/ostra-skane\/villkor-for-anmalan-cirklar-kurs-och-arrangemang\/#breadcrumb\",\"itemListElement\":[{\"@type\":\"ListItem\",\"position\":1,\"name\":\"Home\",\"item\":\"https:\/\/www.abf.se\/ostra-skane\/\"},{\"@type\":\"ListItem\",\"position\":2,\"name\":\"Anm\u00e4lningsvillkor deltagande cirklar, kurs och arrangemang\"}]},{\"@type\":\"WebSite\",\"@id\":\"https:\/\/www.abf.se\/ostra-skane\/#website\",\"url\":\"https:\/\/www.abf.se\/ostra-skane\/\",\"name\":\"\u00d6stra Sk\u00e5ne\",\"description\":\"\",\"potentialAction\":[{\"@type\":\"SearchAction\",\"target\":{\"@type\":\"EntryPoint\",\"urlTemplate\":\"https:\/\/www.abf.se\/ostra-skane\/?s={search_term_string}\"},\"query-input\":{\"@type\":\"PropertyValueSpecification\",\"valueRequired\":true,\"valueName\":\"search_term_string\"}}],\"inLanguage\":\"sv-SE\"}]}<\/script>\n<!-- \/ Yoast SEO plugin. -->","yoast_head_json":{"title":"Anm\u00e4lningsvillkor deltagande cirklar, kurs och arrangemang - \u00d6stra Sk\u00e5ne","robots":{"index":"index","follow":"follow","max-snippet":"max-snippet:-1","max-image-preview":"max-image-preview:large","max-video-preview":"max-video-preview:-1"},"canonical":"https:\/\/www.abf.se\/ostra-skane\/villkor-for-anmalan-cirklar-kurs-och-arrangemang\/","og_locale":"sv_SE","og_type":"article","og_title":"Anm\u00e4lningsvillkor deltagande cirklar, kurs och arrangemang - \u00d6stra Sk\u00e5ne","og_url":"https:\/\/www.abf.se\/ostra-skane\/villkor-for-anmalan-cirklar-kurs-och-arrangemang\/","og_site_name":"\u00d6stra Sk\u00e5ne","article_modified_time":"2025-05-14T10:27:17+00:00","og_image":[{"width":2560,"height":1440,"url":"https:\/\/www.abf.se\/wp-content\/uploads\/sites\/45\/2024\/04\/Nyckeln-liggande-scaled.jpg","type":"image\/jpeg"}],"twitter_card":"summary_large_image","schema":{"@context":"https:\/\/schema.org","@graph":[{"@type":"WebPage","@id":"https:\/\/www.abf.se\/ostra-skane\/villkor-for-anmalan-cirklar-kurs-och-arrangemang\/","url":"https:\/\/www.abf.se\/ostra-skane\/villkor-for-anmalan-cirklar-kurs-och-arrangemang\/","name":"Anm\u00e4lningsvillkor deltagande cirklar, kurs och arrangemang - \u00d6stra Sk\u00e5ne","isPartOf":{"@id":"https:\/\/www.abf.se\/ostra-skane\/#website"},"datePublished":"2024-03-20T11:41:54+00:00","dateModified":"2025-05-14T10:27:17+00:00","breadcrumb":{"@id":"https:\/\/www.abf.se\/ostra-skane\/villkor-for-anmalan-cirklar-kurs-och-arrangemang\/#breadcrumb"},"inLanguage":"sv-SE","potentialAction":[{"@type":"ReadAction","target":["https:\/\/www.abf.se\/ostra-skane\/villkor-for-anmalan-cirklar-kurs-och-arrangemang\/"]}]},{"@type":"BreadcrumbList","@id":"https:\/\/www.abf.se\/ostra-skane\/villkor-for-anmalan-cirklar-kurs-och-arrangemang\/#breadcrumb","itemListElement":[{"@type":"ListItem","position":1,"name":"Home","item":"https:\/\/www.abf.se\/ostra-skane\/"},{"@type":"ListItem","position":2,"name":"Anm\u00e4lningsvillkor deltagande cirklar, kurs och arrangemang"}]},{"@type":"WebSite","@id":"https:\/\/www.abf.se\/ostra-skane\/#website","url":"https:\/\/www.abf.se\/ostra-skane\/","name":"\u00d6stra Sk\u00e5ne","description":"","potentialAction":[{"@type":"SearchAction","target":{"@type":"EntryPoint","urlTemplate":"https:\/\/www.abf.se\/ostra-skane\/?s={search_term_string}"},"query-input":{"@type":"PropertyValueSpecification","valueRequired":true,"valueName":"search_term_string"}}],"inLanguage":"sv-SE"}]}},"_links":{"self":[{"href":"https:\/\/www.abf.se\/ostra-skane\/wp-json\/wp\/v2\/pages\/6","targetHints":{"allow":["GET"]}}],"collection":[{"href":"https:\/\/www.abf.se\/ostra-skane\/wp-json\/wp\/v2\/pages"}],"about":[{"href":"https:\/\/www.abf.se\/ostra-skane\/wp-json\/wp\/v2\/types\/page"}],"author":[{"embeddable":true,"href":"https:\/\/www.abf.se\/ostra-skane\/wp-json\/wp\/v2\/users\/4"}],"replies":[{"embeddable":true,"href":"https:\/\/www.abf.se\/ostra-skane\/wp-json\/wp\/v2\/comments?post=6"}],"version-history":[{"count":21,"href":"https:\/\/www.abf.se\/ostra-skane\/wp-json\/wp\/v2\/pages\/6\/revisions"}],"predecessor-version":[{"id":867,"href":"https:\/\/www.abf.se\/ostra-skane\/wp-json\/wp\/v2\/pages\/6\/revisions\/867"}],"wp:attachment":[{"href":"https:\/\/www.abf.se\/ostra-skane\/wp-json\/wp\/v2\/media?parent=6"}],"curies":[{"name":"wp","href":"https:\/\/api.w.org\/{rel}","templated":true}]}}