{"id":842,"date":"2025-05-14T12:05:42","date_gmt":"2025-05-14T10:05:42","guid":{"rendered":"https:\/\/www.abf.se\/skane-nordost\/?page_id=842"},"modified":"2026-01-09T13:56:46","modified_gmt":"2026-01-09T12:56:46","slug":"guide-for-rapportering","status":"publish","type":"page","link":"https:\/\/www.abf.se\/ostra-skane\/guide-for-rapportering\/","title":{"rendered":"Guide f\u00f6r rapportering"},"content":{"rendered":"<div\n    class=\"acf-hero-block container-lg no-padding mb-12 js-geolocation\"\n    data-block=\"hero-block\"\n    data-index=\"0\"\n>\n    <div class=\"h-[548px]  relative rounded-[32px] overflow-hidden flex bg-gray-light\">\n        <div class=\"relative z-10 mt-auto h-auto w-full md:h-full\">\n            <div class=\"flex w-full h-full flex-col flex-wrap justify-end w-full md:w-7\/12 lg:w-1\/2 md:justify-center\">\n                <div class=\"flex flex-col gap-3 md:gap-[18px] md:transparent pt-16 pb-36 md:py-8 px-4 w-full md:max-w-[620px] mx-auto px-8\">\n\n                    <h1 class=\"hero-heading\"><span>Guide f\u00f6r rapportering<\/span><\/h1>\n\n                    \n                                    <\/div>\n            <\/div>\n        <\/div>\n\n                    <picture class=\"as-background-image mix-blend-multiply bg-black\/40\"><img decoding=\"async\" src=\"https:\/\/www.abf.se\/ostra-skane\/resized\/?url=https%3A%2F%2Fwww.abf.se%2Fwp-content%2Fuploads%2F2024%2F04%2FData-IT-Mobil-05.jpg&#038;fit=crop&#038;w=1440&#038;s=8530e56a15e321b2adad5291572e7e5b\" srcset=\"https:\/\/www.abf.se\/ostra-skane\/resized\/?url=https%3A%2F%2Fwww.abf.se%2Fwp-content%2Fuploads%2F2024%2F04%2FData-IT-Mobil-05.jpg&#038;fit=crop&#038;w=375&#038;h=540&#038;s=ee4c8e8482a5954beeb3a3c157e7069e 375w, https:\/\/www.abf.se\/ostra-skane\/resized\/?url=https%3A%2F%2Fwww.abf.se%2Fwp-content%2Fuploads%2F2024%2F04%2FData-IT-Mobil-05.jpg&#038;fit=crop&#038;w=447&#038;h=540&#038;s=32bf36ba1206993aeb60062ca2169a30 447w, https:\/\/www.abf.se\/ostra-skane\/resized\/?url=https%3A%2F%2Fwww.abf.se%2Fwp-content%2Fuploads%2F2024%2F04%2FData-IT-Mobil-05.jpg&#038;fit=crop&#038;w=519&#038;h=540&#038;s=9aec795d387bc758ef9bfd2c7b822966 519w, https:\/\/www.abf.se\/ostra-skane\/resized\/?url=https%3A%2F%2Fwww.abf.se%2Fwp-content%2Fuploads%2F2024%2F04%2FData-IT-Mobil-05.jpg&#038;fit=crop&#038;w=591&#038;h=540&#038;s=ade40ce466529fac21479ed72cad2365 591w, https:\/\/www.abf.se\/ostra-skane\/resized\/?url=https%3A%2F%2Fwww.abf.se%2Fwp-content%2Fuploads%2F2024%2F04%2FData-IT-Mobil-05.jpg&#038;fit=crop&#038;w=663&#038;h=540&#038;s=8eaf67165c2545b8009d9525fa45590a 663w, https:\/\/www.abf.se\/ostra-skane\/resized\/?url=https%3A%2F%2Fwww.abf.se%2Fwp-content%2Fuploads%2F2024%2F04%2FData-IT-Mobil-05.jpg&#038;fit=crop&#038;w=750&#038;h=540&#038;s=a8157b2393c92a528a520734c4e767e3 750w, https:\/\/www.abf.se\/ostra-skane\/resized\/?url=https%3A%2F%2Fwww.abf.se%2Fwp-content%2Fuploads%2F2024%2F04%2FData-IT-Mobil-05.jpg&#038;fit=crop&#038;w=894&#038;h=540&#038;s=bbffec76a930afbc6a76d7e436c16ee8 894w, https:\/\/www.abf.se\/ostra-skane\/resized\/?url=https%3A%2F%2Fwww.abf.se%2Fwp-content%2Fuploads%2F2024%2F04%2FData-IT-Mobil-05.jpg&#038;fit=crop&#038;w=1038&#038;h=540&#038;s=6278ef77fcc17526cf8956b900afc344 1038w, https:\/\/www.abf.se\/ostra-skane\/resized\/?url=https%3A%2F%2Fwww.abf.se%2Fwp-content%2Fuploads%2F2024%2F04%2FData-IT-Mobil-05.jpg&#038;fit=crop&#038;w=1182&#038;h=540&#038;s=0f7dcd625a2a0faf2c1e3917c6bd72ed 1182w, https:\/\/www.abf.se\/ostra-skane\/resized\/?url=https%3A%2F%2Fwww.abf.se%2Fwp-content%2Fuploads%2F2024%2F04%2FData-IT-Mobil-05.jpg&#038;fit=crop&#038;w=1326&#038;h=540&#038;s=1be679f7682c772557f932c026e33f45 1326w, https:\/\/www.abf.se\/ostra-skane\/resized\/?url=https%3A%2F%2Fwww.abf.se%2Fwp-content%2Fuploads%2F2024%2F04%2FData-IT-Mobil-05.jpg&#038;fit=crop&#038;w=1440&#038;h=540&#038;s=b3d2c054091a7dbb7c89115078c1b94c 1440w\" alt=\"\" height=\"540\" width=\"1440\" sizes=\"(max-width: 1440px) calc(100vw - 32px), 1440px\" loading=\"eager\" fetchpriority=\"high\" aria-hidden=\"true\" role=\"presentation\" \/><\/picture>\n        \n\n            <\/div>\n\n    <\/div>\n\n<div\n    class=\"acf-plain-heading-block container my-16\"\n    data-block=\"plain-heading-block\"\n>\n    <div class=\"max-w-[658px] mx-auto\">\n                            <p class=\"mt-8 body-xl text-black\">\n                F\u00f6r att ta del av det som ABF kan st\u00f6tta er med rapporterar du era folkbildande aktiviteter till oss! Det \u00e4r genom att rapportera som ABF kan erbjuda gratis lokaler, resurser och pedagogiskt st\u00f6d. H\u00e4r nedan finns en guide f\u00f6r hur du registrerar n\u00e4rvaro och rapporterar in dina aktiviteter i v\u00e5r e-tj\u00e4nst.\n            <\/p>\n            <\/div>\n<\/div>\n<div\n    class=\"acf-text-image-block container bg-gray-light py-12 md:py-15\"\n    data-block=\"text-image-block\"\n>\n    <div\n    class=\"flex flex-col items-center md:flex-row gap-8 md:gap-0 justify-between\">\n                        <div class=\"w-full md:w-1\/2 md:order-2\">\n            <picture><img decoding=\"async\" src=\"https:\/\/www.abf.se\/ostra-skane\/resized\/?url=https%3A%2F%2Fwww.abf.se%2Fwp-content%2Fuploads%2F2024%2F04%2FUnga-kvinnor-med-mobil-Foto-Shingi-Rice_unsplash-scaled.jpg&#038;fit=crop&#038;w=578&#038;s=257cc4365023da02358a823f4774f471\" srcset=\"https:\/\/www.abf.se\/ostra-skane\/resized\/?url=https%3A%2F%2Fwww.abf.se%2Fwp-content%2Fuploads%2F2024%2F04%2FUnga-kvinnor-med-mobil-Foto-Shingi-Rice_unsplash-scaled.jpg&#038;fit=crop&#038;w=144&#038;h=126&#038;s=a7c959e14d314ffaccc8c33069320afb 144w, https:\/\/www.abf.se\/ostra-skane\/resized\/?url=https%3A%2F%2Fwww.abf.se%2Fwp-content%2Fuploads%2F2024%2F04%2FUnga-kvinnor-med-mobil-Foto-Shingi-Rice_unsplash-scaled.jpg&#038;fit=crop&#038;w=240&#038;h=211&#038;s=f6ca5c662ef907a97d6c87a710ab8bfe 240w, https:\/\/www.abf.se\/ostra-skane\/resized\/?url=https%3A%2F%2Fwww.abf.se%2Fwp-content%2Fuploads%2F2024%2F04%2FUnga-kvinnor-med-mobil-Foto-Shingi-Rice_unsplash-scaled.jpg&#038;fit=crop&#038;w=288&#038;h=253&#038;s=3478a0e4bce7572b4616daa159169312 288w, https:\/\/www.abf.se\/ostra-skane\/resized\/?url=https%3A%2F%2Fwww.abf.se%2Fwp-content%2Fuploads%2F2024%2F04%2FUnga-kvinnor-med-mobil-Foto-Shingi-Rice_unsplash-scaled.jpg&#038;fit=crop&#038;w=336&#038;h=295&#038;s=4a61f684c10098e931a4f1ec0ca8b57b 336w, https:\/\/www.abf.se\/ostra-skane\/resized\/?url=https%3A%2F%2Fwww.abf.se%2Fwp-content%2Fuploads%2F2024%2F04%2FUnga-kvinnor-med-mobil-Foto-Shingi-Rice_unsplash-scaled.jpg&#038;fit=crop&#038;w=432&#038;h=380&#038;s=2749f2604180003b552bcd687b06e7c7 432w, https:\/\/www.abf.se\/ostra-skane\/resized\/?url=https%3A%2F%2Fwww.abf.se%2Fwp-content%2Fuploads%2F2024%2F04%2FUnga-kvinnor-med-mobil-Foto-Shingi-Rice_unsplash-scaled.jpg&#038;fit=crop&#038;w=480&#038;h=422&#038;s=f044dcbcb402bc9194c01d233a92113c 480w, https:\/\/www.abf.se\/ostra-skane\/resized\/?url=https%3A%2F%2Fwww.abf.se%2Fwp-content%2Fuploads%2F2024%2F04%2FUnga-kvinnor-med-mobil-Foto-Shingi-Rice_unsplash-scaled.jpg&#038;fit=crop&#038;w=528&#038;h=464&#038;s=607007dd5539a44d692f54f8b13a042e 528w, https:\/\/www.abf.se\/ostra-skane\/resized\/?url=https%3A%2F%2Fwww.abf.se%2Fwp-content%2Fuploads%2F2024%2F04%2FUnga-kvinnor-med-mobil-Foto-Shingi-Rice_unsplash-scaled.jpg&#038;fit=crop&#038;w=578&#038;h=509&#038;s=ec65ceb188f7cbd48390e317b49c3f27 578w, https:\/\/www.abf.se\/ostra-skane\/resized\/?url=https%3A%2F%2Fwww.abf.se%2Fwp-content%2Fuploads%2F2024%2F04%2FUnga-kvinnor-med-mobil-Foto-Shingi-Rice_unsplash-scaled.jpg&#038;fit=crop&#038;w=672&#038;h=591&#038;s=16f11bf0cb06578e554b415bfa65d7bf 672w, https:\/\/www.abf.se\/ostra-skane\/resized\/?url=https%3A%2F%2Fwww.abf.se%2Fwp-content%2Fuploads%2F2024%2F04%2FUnga-kvinnor-med-mobil-Foto-Shingi-Rice_unsplash-scaled.jpg&#038;fit=crop&#038;w=864&#038;h=760&#038;s=91eedd2347eae7d803bf3bfd15691153 864w, https:\/\/www.abf.se\/ostra-skane\/resized\/?url=https%3A%2F%2Fwww.abf.se%2Fwp-content%2Fuploads%2F2024%2F04%2FUnga-kvinnor-med-mobil-Foto-Shingi-Rice_unsplash-scaled.jpg&#038;fit=crop&#038;w=1056&#038;h=929&#038;s=f2658e565fdcb3842af2b0875ed215c5 1056w\" alt=\"tv&aring; tjejer sitter t&auml;tt ihop och skrattar och tittar p&aring; en mobil tillsammans\" height=\"509\" width=\"578\" sizes=\"auto, (max-width: 768px) 100vw,\n                (max-width: 1280px) 50vw, 578px\" loading=\"lazy\" fetchpriority=\"low\" \/><\/picture>\n\n        <\/div>\n        \n        <div class=\"w-full md:w-1\/2 md:order-1\">\n        <div class=\"mx-auto md:max-w-[368px]\">\n            <h2 class=\"heading-lg\"><\/h2>\n            <div class=\"mb-6 mt-4 wysiwyg\">\n                <h2>Inlogg: F\u00f6rsta g\u00e5ngen du anv\u00e4nder e-tj\u00e4nsten?<\/h2>\n<p>Om det \u00e4r f\u00f6rsta g\u00e5ngen du anv\u00e4nder e-tj\u00e4nsten f\u00e5r du ett mail med inloggningsuppgifter i samband med att ABF registrerat ditt arrangemang.<\/p>\n<p>Ditt anv\u00e4ndarnamn \u00e4r alltid ditt personnummer. Det automatiska l\u00f6senordet kan du byta n\u00e4r du loggat in genom att klicka p\u00e5 din profil i \u00f6vre h\u00f6gra h\u00f6rnet.<\/p>\n<h2>Manualer och hj\u00e4lp<\/h2>\n<p>Manualer f\u00f6r hur du anv\u00e4nder\u00a0<a href=\"http:\/\/arretjanst.abf.se\/\">arretjanst.abf.se<\/a>\u00a0finns p\u00e5 webben n\u00e4r du loggat in. D\u00e4r hittar du b\u00e5de filmer och manualer i text. Klicka p\u00e5 \u201dHj\u00e4lp\u201d f\u00f6r att se videos.<\/p>\n<h2>L\u00e4gg e-tj\u00e4nsten som app i mobilen<\/h2>\n<ol>\n<li>\u00d6ppna din webbl\u00e4sare.<\/li>\n<li>Klicka p\u00e5 Dela-knappen.<\/li>\n<li>V\u00e4lj \u201dL\u00e4gg till p\u00e5 hemsk\u00e4rmen\u201d.<\/li>\n<li>Nu ligger e-tj\u00e4nsten som en app p\u00e5 din hemsk\u00e4rm.<\/li>\n<\/ol>\n<h2>Fr\u00e5gor<\/h2>\n<p>Har du fr\u00e5gor kring e-tj\u00e4nsten eller rapportering, kan du alltid maila\u00a0<a href=\"mailto:info.malmo@abf.se\">info.ostraskane@abf.se<\/a> alternativt ringa oss p\u00e5 0451-490 10. Du finner ocks\u00e5 alla v\u00e5ra kontaktuppgifter h\u00e4r: <a href=\"https:\/\/www.abf.se\/ostra-skane\/kontakt-personal-abf-ostra-skane\/\" target=\"_blank\" rel=\"noopener\">Kontakt ABF \u00d6stra Sk\u00e5ne<\/a><\/p>\n\n            <\/div>\n                    <\/div>\n        <\/div>\n    <\/div>\n<\/div><div\n    class=\"acf-plain-heading-block container my-16\"\n    data-block=\"plain-heading-block\"\n>\n    <div class=\"max-w-[658px] mx-auto\">\n                <h1 class=\"hero-heading\"><span>G\u00f6r s\u00e5 h\u00e4r<\/span><\/h1>\n                    <\/div>\n<\/div>\n<div\n    class=\"acf-article-text-block article-container my-12\"\n    data-block=\"article-text-block\"\n>\n    <div class=\"wysiwyg\">\n        <div>\n<div class=\"block textblock\">\n<div class=\"article-body\">\n<h2>Studiecirkel (flera tr\u00e4ffar)<\/h2>\n<\/div>\n<\/div>\n<\/div>\n<div class=\"article-body\" data-enhancer=\"articleBody\">\n<ol>\n<li><strong>F\u00f6re:<\/strong> Anm\u00e4l studiecirkeln p\u00e5 <a href=\"https:\/\/www.abf.se\/skane-nordost\/anmal\/\" target=\"_blank\" rel=\"noopener\">https:\/\/www.abf.se\/ostra-skane\/anmal\/<\/a><\/li>\n<li>ABF registrerar din studiecirkel, din cirkel l\u00e4ggs upp i e-tj\u00e4nsten\u00a0<a href=\"http:\/\/arretjanst.abf.se\/\">arretjanst.abf.se<\/a>.<\/li>\n<li><strong>Efter en tr\u00e4ff:<\/strong>\u00a0Efter varje tr\u00e4ff fyller du i hur m\u00e5nga studietimmar ni tr\u00e4ffades och vilka som deltog\u00a0p\u00e5\u00a0<a href=\"http:\/\/arretjanst.abf.se\/\">arretjanst.abf.se<\/a>. T\u00e4nk p\u00e5 att fylla i direkt, senast 14 dagar efter tr\u00e4ffen.<\/li>\n<li><strong>Efter alla tr\u00e4ffar:\u00a0<\/strong>N\u00e4r alla tr\u00e4ffar \u00e4r klara klickar du p\u00e5 signera och signerar med Bank-ID.<\/li>\n<\/ol>\n<h2>Utbildning eller workshop<\/h2>\n<ol>\n<li><strong>F\u00f6re:<\/strong> Anm\u00e4l workshopen p\u00e5 <a href=\"https:\/\/www.abf.se\/skane-nordost\/anmal\/\" target=\"_blank\" rel=\"noopener\">https:\/\/www.abf.se\/ostra-skane\/anmal\/<\/a><\/li>\n<li>ABF registrerar din workshop. Din workshop l\u00e4ggs upp i\u00a0e-tj\u00e4nsten\u00a0<a href=\"http:\/\/arretjanst.abf.se\/\">arretjanst.abf.se<\/a>.<\/li>\n<li><strong>Efter:<\/strong>\u00a0Fyll i vilka som deltog p\u00e5\u00a0<a href=\"http:\/\/arretjanst.abf.se\/\">arretjanst.abf.se<\/a>.\u00a0T\u00e4nk p\u00e5 att fylla i direkt, senast 14 dagar efter tr\u00e4ffen.<\/li>\n<li>Klicka p\u00e5 signera, signera med Bank-ID.<\/li>\n<\/ol>\n<h2>Arrangemang\/f\u00f6rel\u00e4sning (inf\u00f6r publik)<\/h2>\n<ol>\n<li><strong>F\u00f6re:<\/strong> Anm\u00e4l arrangemanget p\u00e5 <a href=\"https:\/\/www.abf.se\/skane-nordost\/anmal\/\" target=\"_blank\" rel=\"noopener\">https:\/\/www.abf.se\/ostra-skane\/anmal\/<\/a><\/li>\n<li>ABF registrerar ditt arrangemang. Ditt arrangemang l\u00e4ggs upp i e-tj\u00e4nsten\u00a0<a href=\"http:\/\/arretjanst.abf.se\/\">arretjanst.abf.se<\/a>.<\/li>\n<li><strong>Efter:<\/strong>\u00a0Fyll i antalet som deltog\u00a0p\u00e5\u00a0<a href=\"http:\/\/arretjanst.abf.se\/\">arretjanst.abf.se<\/a>.\u00a0T\u00e4nk p\u00e5 att fylla i direkt, senast 14 dagar efter arrangemanget.<\/li>\n<li>Klicka p\u00e5 signera, signera med Bank-ID.<\/li>\n<\/ol>\n<\/div>\n\n    <\/div>\n<\/div>\n<div\n    class=\"acf-text-image-block container bg-gray-light py-12 md:py-15\"\n    data-block=\"text-image-block\"\n>\n    <div\n    class=\"flex flex-col items-center md:flex-row gap-8 md:gap-0 justify-between\">\n                        <div class=\"w-full md:w-1\/2 md:order-1\">\n            <picture><img decoding=\"async\" src=\"https:\/\/www.abf.se\/ostra-skane\/resized\/?url=https%3A%2F%2Fwww.abf.se%2Fwp-content%2Fuploads%2F2023%2F11%2FGemenskap-foto-Pexels_IMGP.jpg&#038;fit=crop&#038;w=578&#038;s=9435c564c750dfa392f8f3a61028908d\" srcset=\"https:\/\/www.abf.se\/ostra-skane\/resized\/?url=https%3A%2F%2Fwww.abf.se%2Fwp-content%2Fuploads%2F2023%2F11%2FGemenskap-foto-Pexels_IMGP.jpg&#038;fit=crop&#038;w=144&#038;h=126&#038;s=e6e7db6ece8e23c78f8c226350b6d522 144w, https:\/\/www.abf.se\/ostra-skane\/resized\/?url=https%3A%2F%2Fwww.abf.se%2Fwp-content%2Fuploads%2F2023%2F11%2FGemenskap-foto-Pexels_IMGP.jpg&#038;fit=crop&#038;w=240&#038;h=211&#038;s=985bc13eb73243d718c804d448e8cffd 240w, https:\/\/www.abf.se\/ostra-skane\/resized\/?url=https%3A%2F%2Fwww.abf.se%2Fwp-content%2Fuploads%2F2023%2F11%2FGemenskap-foto-Pexels_IMGP.jpg&#038;fit=crop&#038;w=288&#038;h=253&#038;s=dc084d2ff842bcdcf1f47add4eb66ce1 288w, https:\/\/www.abf.se\/ostra-skane\/resized\/?url=https%3A%2F%2Fwww.abf.se%2Fwp-content%2Fuploads%2F2023%2F11%2FGemenskap-foto-Pexels_IMGP.jpg&#038;fit=crop&#038;w=336&#038;h=295&#038;s=2489efd561907bfda73ace38d172b41d 336w, https:\/\/www.abf.se\/ostra-skane\/resized\/?url=https%3A%2F%2Fwww.abf.se%2Fwp-content%2Fuploads%2F2023%2F11%2FGemenskap-foto-Pexels_IMGP.jpg&#038;fit=crop&#038;w=432&#038;h=380&#038;s=3fd06e08d0567dd68d5e4838da85fa4f 432w, https:\/\/www.abf.se\/ostra-skane\/resized\/?url=https%3A%2F%2Fwww.abf.se%2Fwp-content%2Fuploads%2F2023%2F11%2FGemenskap-foto-Pexels_IMGP.jpg&#038;fit=crop&#038;w=480&#038;h=422&#038;s=9cda416fcb6aaddcb4b7a25755ebcb77 480w, https:\/\/www.abf.se\/ostra-skane\/resized\/?url=https%3A%2F%2Fwww.abf.se%2Fwp-content%2Fuploads%2F2023%2F11%2FGemenskap-foto-Pexels_IMGP.jpg&#038;fit=crop&#038;w=528&#038;h=464&#038;s=5b7d604d6e1b3f4a5c7fe5cc14c61429 528w, https:\/\/www.abf.se\/ostra-skane\/resized\/?url=https%3A%2F%2Fwww.abf.se%2Fwp-content%2Fuploads%2F2023%2F11%2FGemenskap-foto-Pexels_IMGP.jpg&#038;fit=crop&#038;w=578&#038;h=509&#038;s=64c45b098e2d90d134361ad62c36ac28 578w, https:\/\/www.abf.se\/ostra-skane\/resized\/?url=https%3A%2F%2Fwww.abf.se%2Fwp-content%2Fuploads%2F2023%2F11%2FGemenskap-foto-Pexels_IMGP.jpg&#038;fit=crop&#038;w=672&#038;h=591&#038;s=830bd9f23e3a7de6e31d80362803daaf 672w, https:\/\/www.abf.se\/ostra-skane\/resized\/?url=https%3A%2F%2Fwww.abf.se%2Fwp-content%2Fuploads%2F2023%2F11%2FGemenskap-foto-Pexels_IMGP.jpg&#038;fit=crop&#038;w=864&#038;h=760&#038;s=fd8ea5e7b7841b32ba879db958098f5a 864w, https:\/\/www.abf.se\/ostra-skane\/resized\/?url=https%3A%2F%2Fwww.abf.se%2Fwp-content%2Fuploads%2F2023%2F11%2FGemenskap-foto-Pexels_IMGP.jpg&#038;fit=crop&#038;w=1056&#038;h=929&#038;s=40bef7c9ee7dda470c4f8a44ebe4ab80 1056w\" alt=\"f&aring;gelperspektiv p&aring; en grupp m&auml;nniskor som alla str&auml;cker in handen i en cirkel\" height=\"509\" width=\"578\" sizes=\"auto, (max-width: 768px) 100vw,\n                (max-width: 1280px) 50vw, 578px\" loading=\"lazy\" fetchpriority=\"low\" \/><\/picture>\n\n        <\/div>\n        \n        <div class=\"w-full md:w-1\/2 md:order-2\">\n        <div class=\"mx-auto md:max-w-[368px]\">\n            <h2 class=\"heading-lg\"><\/h2>\n            <div class=\"mb-6 mt-4 wysiwyg\">\n                <h2 class=\"heading-lg\">Men varf\u00f6r rapportera?<\/h2>\n<div class=\"mb-6 mt-4 wysiwyg\">\n<p>Varf\u00f6r rapportera om man inte har n\u00e5gra kostnader eller beh\u00f6ver st\u00f6d sj\u00e4lv?<\/p>\n<p><strong>Att rapportera \u00e4r faktiskt en solidaritetshandling!<\/strong>\u00a0\u00d6verallt i lokalomr\u00e5det p\u00e5g\u00e5r er organisering och ert gemensamma l\u00e4rande.<\/p>\n<p>Genom att ni aktivister och folkbildare rapporterar denna verksamhet, bidrar ni till att andra f\u00f6reningar och folkr\u00f6relser kan utvecklas. P\u00e5 s\u00e5 s\u00e4tt kan ABF forts\u00e4tta att erbjuda gratis, folkbildande aktiviteter.<\/p>\n<\/div>\n\n            <\/div>\n                    <\/div>\n        <\/div>\n    <\/div>\n<\/div><div\n    class=\"acf-text-image-block container my-12 md:my-15\"\n    data-block=\"text-image-block\"\n>\n    <div\n    class=\"flex flex-col items-center md:flex-row gap-8 md:gap-0 justify-between\">\n                        <div class=\"w-full md:w-1\/2 md:order-2\">\n            <picture><img decoding=\"async\" src=\"https:\/\/www.abf.se\/ostra-skane\/resized\/?url=https%3A%2F%2Fwww.abf.se%2Fwp-content%2Fuploads%2F2025%2F03%2FCool-tjej.png&#038;fit=crop&#038;w=578&#038;s=d8c23476823fa685264b5d38cceb0992\" srcset=\"https:\/\/www.abf.se\/ostra-skane\/resized\/?url=https%3A%2F%2Fwww.abf.se%2Fwp-content%2Fuploads%2F2025%2F03%2FCool-tjej.png&#038;fit=crop&#038;w=144&#038;h=126&#038;s=4f8794f7fbbf98d03920f80be949d814 144w, https:\/\/www.abf.se\/ostra-skane\/resized\/?url=https%3A%2F%2Fwww.abf.se%2Fwp-content%2Fuploads%2F2025%2F03%2FCool-tjej.png&#038;fit=crop&#038;w=240&#038;h=211&#038;s=7a19f738c68dd3c7c209041b98657116 240w, https:\/\/www.abf.se\/ostra-skane\/resized\/?url=https%3A%2F%2Fwww.abf.se%2Fwp-content%2Fuploads%2F2025%2F03%2FCool-tjej.png&#038;fit=crop&#038;w=288&#038;h=253&#038;s=4d1d619217f39d947886dfa3a9f30a98 288w, https:\/\/www.abf.se\/ostra-skane\/resized\/?url=https%3A%2F%2Fwww.abf.se%2Fwp-content%2Fuploads%2F2025%2F03%2FCool-tjej.png&#038;fit=crop&#038;w=336&#038;h=295&#038;s=5095d7f51c287f7d3a714bc94f83f32d 336w, https:\/\/www.abf.se\/ostra-skane\/resized\/?url=https%3A%2F%2Fwww.abf.se%2Fwp-content%2Fuploads%2F2025%2F03%2FCool-tjej.png&#038;fit=crop&#038;w=432&#038;h=380&#038;s=4198c841162e68f4b3f1e819b3a69bbe 432w, https:\/\/www.abf.se\/ostra-skane\/resized\/?url=https%3A%2F%2Fwww.abf.se%2Fwp-content%2Fuploads%2F2025%2F03%2FCool-tjej.png&#038;fit=crop&#038;w=480&#038;h=422&#038;s=408ae8786b65d17cf778a117c6ed1ea5 480w, https:\/\/www.abf.se\/ostra-skane\/resized\/?url=https%3A%2F%2Fwww.abf.se%2Fwp-content%2Fuploads%2F2025%2F03%2FCool-tjej.png&#038;fit=crop&#038;w=528&#038;h=464&#038;s=14bcdc7284eebd7884ccd4d0add3e8ba 528w, https:\/\/www.abf.se\/ostra-skane\/resized\/?url=https%3A%2F%2Fwww.abf.se%2Fwp-content%2Fuploads%2F2025%2F03%2FCool-tjej.png&#038;fit=crop&#038;w=578&#038;h=509&#038;s=3478fadfcee1bce18530e78bafceb3a1 578w, https:\/\/www.abf.se\/ostra-skane\/resized\/?url=https%3A%2F%2Fwww.abf.se%2Fwp-content%2Fuploads%2F2025%2F03%2FCool-tjej.png&#038;fit=crop&#038;w=672&#038;h=591&#038;s=fc7a447637f7cfed26bb1fa15fca9c30 672w, https:\/\/www.abf.se\/ostra-skane\/resized\/?url=https%3A%2F%2Fwww.abf.se%2Fwp-content%2Fuploads%2F2025%2F03%2FCool-tjej.png&#038;fit=crop&#038;w=864&#038;h=760&#038;s=3e4ff9163a24ae78015671948ede2b90 864w, https:\/\/www.abf.se\/ostra-skane\/resized\/?url=https%3A%2F%2Fwww.abf.se%2Fwp-content%2Fuploads%2F2025%2F03%2FCool-tjej.png&#038;fit=crop&#038;w=1056&#038;h=929&#038;s=d10bee772e9a22520f7c5b93ed09f7aa 1056w\" alt=\"Kvinna med kaffekopp i handen mot en turkos bakgrund\" height=\"509\" width=\"578\" sizes=\"auto, (max-width: 768px) 100vw,\n                (max-width: 1280px) 50vw, 578px\" loading=\"lazy\" fetchpriority=\"low\" \/><\/picture>\n\n        <\/div>\n        \n        <div class=\"w-full md:w-1\/2 md:order-1\">\n        <div class=\"mx-auto md:max-w-[368px]\">\n            <h2 class=\"heading-lg\"><\/h2>\n            <div class=\"mb-6 mt-4 wysiwyg\">\n                <h2 class=\"heading-lg\">Varf\u00f6r beh\u00f6ver ABF mitt personnummer?<\/h2>\n<div class=\"mb-6 mt-4 wysiwyg\">\n<p>Studief\u00f6rbunden beh\u00f6ver uppgifter fr\u00e5n ledare och deltagare f\u00f6r att f\u00e5 offentliga medel att genomf\u00f6ra folkbildande aktiviteter. Genom att rapportera hj\u00e4lper du ABF att forts\u00e4tta utvecklas som studief\u00f6rbund och erbjuda folkbildande verksamhet. N\u00e4rvarolistan \u00e4r grunden f\u00f6r offentliga bidrag till alla studief\u00f6rbunden. Uppgifterna hanteras enligt GDRP:\u00a0<a href=\"http:\/\/www.abf.se\/gdpr\">www.abf.se\/gdpr<\/a>.<\/p>\n<\/div>\n\n            <\/div>\n                    <\/div>\n        <\/div>\n    <\/div>\n<\/div>","protected":false},"excerpt":{"rendered":"","protected":false},"author":17,"featured_media":0,"parent":0,"menu_order":0,"comment_status":"closed","ping_status":"closed","template":"","meta":{"_acf_changed":false,"footnotes":""},"class_list":["post-842","page","type-page","status-publish","hentry"],"acf":[],"yoast_head":"<!-- This site is optimized with the Yoast SEO plugin v27.0 - https:\/\/yoast.com\/product\/yoast-seo-wordpress\/ -->\n<title>Guide f\u00f6r rapportering - \u00d6stra Sk\u00e5ne<\/title>\n<meta name=\"robots\" content=\"index, follow, max-snippet:-1, max-image-preview:large, max-video-preview:-1\" \/>\n<link rel=\"canonical\" href=\"https:\/\/www.abf.se\/ostra-skane\/guide-for-rapportering\/\" \/>\n<meta property=\"og:locale\" content=\"sv_SE\" \/>\n<meta property=\"og:type\" content=\"article\" \/>\n<meta property=\"og:title\" content=\"Guide f\u00f6r rapportering - \u00d6stra Sk\u00e5ne\" \/>\n<meta property=\"og:url\" content=\"https:\/\/www.abf.se\/ostra-skane\/guide-for-rapportering\/\" \/>\n<meta property=\"og:site_name\" content=\"\u00d6stra Sk\u00e5ne\" \/>\n<meta property=\"article:modified_time\" content=\"2026-01-09T12:56:46+00:00\" \/>\n<meta property=\"og:image\" content=\"https:\/\/www.abf.se\/wp-content\/uploads\/sites\/45\/2024\/04\/Nyckeln-liggande-scaled.jpg\" \/>\n\t<meta property=\"og:image:width\" content=\"2560\" \/>\n\t<meta property=\"og:image:height\" content=\"1440\" \/>\n\t<meta property=\"og:image:type\" content=\"image\/jpeg\" \/>\n<meta name=\"twitter:card\" content=\"summary_large_image\" \/>\n<script type=\"application\/ld+json\" class=\"yoast-schema-graph\">{\"@context\":\"https:\/\/schema.org\",\"@graph\":[{\"@type\":\"WebPage\",\"@id\":\"https:\/\/www.abf.se\/ostra-skane\/guide-for-rapportering\/\",\"url\":\"https:\/\/www.abf.se\/ostra-skane\/guide-for-rapportering\/\",\"name\":\"Guide f\u00f6r rapportering - \u00d6stra Sk\u00e5ne\",\"isPartOf\":{\"@id\":\"https:\/\/www.abf.se\/ostra-skane\/#website\"},\"datePublished\":\"2025-05-14T10:05:42+00:00\",\"dateModified\":\"2026-01-09T12:56:46+00:00\",\"breadcrumb\":{\"@id\":\"https:\/\/www.abf.se\/ostra-skane\/guide-for-rapportering\/#breadcrumb\"},\"inLanguage\":\"sv-SE\",\"potentialAction\":[{\"@type\":\"ReadAction\",\"target\":[\"https:\/\/www.abf.se\/ostra-skane\/guide-for-rapportering\/\"]}]},{\"@type\":\"BreadcrumbList\",\"@id\":\"https:\/\/www.abf.se\/ostra-skane\/guide-for-rapportering\/#breadcrumb\",\"itemListElement\":[{\"@type\":\"ListItem\",\"position\":1,\"name\":\"Home\",\"item\":\"https:\/\/www.abf.se\/ostra-skane\/\"},{\"@type\":\"ListItem\",\"position\":2,\"name\":\"Guide f\u00f6r rapportering\"}]},{\"@type\":\"WebSite\",\"@id\":\"https:\/\/www.abf.se\/ostra-skane\/#website\",\"url\":\"https:\/\/www.abf.se\/ostra-skane\/\",\"name\":\"\u00d6stra Sk\u00e5ne\",\"description\":\"\",\"potentialAction\":[{\"@type\":\"SearchAction\",\"target\":{\"@type\":\"EntryPoint\",\"urlTemplate\":\"https:\/\/www.abf.se\/ostra-skane\/?s={search_term_string}\"},\"query-input\":{\"@type\":\"PropertyValueSpecification\",\"valueRequired\":true,\"valueName\":\"search_term_string\"}}],\"inLanguage\":\"sv-SE\"}]}<\/script>\n<!-- \/ Yoast SEO plugin. -->","yoast_head_json":{"title":"Guide f\u00f6r rapportering - \u00d6stra Sk\u00e5ne","robots":{"index":"index","follow":"follow","max-snippet":"max-snippet:-1","max-image-preview":"max-image-preview:large","max-video-preview":"max-video-preview:-1"},"canonical":"https:\/\/www.abf.se\/ostra-skane\/guide-for-rapportering\/","og_locale":"sv_SE","og_type":"article","og_title":"Guide f\u00f6r rapportering - \u00d6stra Sk\u00e5ne","og_url":"https:\/\/www.abf.se\/ostra-skane\/guide-for-rapportering\/","og_site_name":"\u00d6stra Sk\u00e5ne","article_modified_time":"2026-01-09T12:56:46+00:00","og_image":[{"width":2560,"height":1440,"url":"https:\/\/www.abf.se\/wp-content\/uploads\/sites\/45\/2024\/04\/Nyckeln-liggande-scaled.jpg","type":"image\/jpeg"}],"twitter_card":"summary_large_image","schema":{"@context":"https:\/\/schema.org","@graph":[{"@type":"WebPage","@id":"https:\/\/www.abf.se\/ostra-skane\/guide-for-rapportering\/","url":"https:\/\/www.abf.se\/ostra-skane\/guide-for-rapportering\/","name":"Guide f\u00f6r rapportering - \u00d6stra Sk\u00e5ne","isPartOf":{"@id":"https:\/\/www.abf.se\/ostra-skane\/#website"},"datePublished":"2025-05-14T10:05:42+00:00","dateModified":"2026-01-09T12:56:46+00:00","breadcrumb":{"@id":"https:\/\/www.abf.se\/ostra-skane\/guide-for-rapportering\/#breadcrumb"},"inLanguage":"sv-SE","potentialAction":[{"@type":"ReadAction","target":["https:\/\/www.abf.se\/ostra-skane\/guide-for-rapportering\/"]}]},{"@type":"BreadcrumbList","@id":"https:\/\/www.abf.se\/ostra-skane\/guide-for-rapportering\/#breadcrumb","itemListElement":[{"@type":"ListItem","position":1,"name":"Home","item":"https:\/\/www.abf.se\/ostra-skane\/"},{"@type":"ListItem","position":2,"name":"Guide f\u00f6r rapportering"}]},{"@type":"WebSite","@id":"https:\/\/www.abf.se\/ostra-skane\/#website","url":"https:\/\/www.abf.se\/ostra-skane\/","name":"\u00d6stra Sk\u00e5ne","description":"","potentialAction":[{"@type":"SearchAction","target":{"@type":"EntryPoint","urlTemplate":"https:\/\/www.abf.se\/ostra-skane\/?s={search_term_string}"},"query-input":{"@type":"PropertyValueSpecification","valueRequired":true,"valueName":"search_term_string"}}],"inLanguage":"sv-SE"}]}},"_links":{"self":[{"href":"https:\/\/www.abf.se\/ostra-skane\/wp-json\/wp\/v2\/pages\/842","targetHints":{"allow":["GET"]}}],"collection":[{"href":"https:\/\/www.abf.se\/ostra-skane\/wp-json\/wp\/v2\/pages"}],"about":[{"href":"https:\/\/www.abf.se\/ostra-skane\/wp-json\/wp\/v2\/types\/page"}],"author":[{"embeddable":true,"href":"https:\/\/www.abf.se\/ostra-skane\/wp-json\/wp\/v2\/users\/17"}],"replies":[{"embeddable":true,"href":"https:\/\/www.abf.se\/ostra-skane\/wp-json\/wp\/v2\/comments?post=842"}],"version-history":[{"count":18,"href":"https:\/\/www.abf.se\/ostra-skane\/wp-json\/wp\/v2\/pages\/842\/revisions"}],"predecessor-version":[{"id":1071,"href":"https:\/\/www.abf.se\/ostra-skane\/wp-json\/wp\/v2\/pages\/842\/revisions\/1071"}],"wp:attachment":[{"href":"https:\/\/www.abf.se\/ostra-skane\/wp-json\/wp\/v2\/media?parent=842"}],"curies":[{"name":"wp","href":"https:\/\/api.w.org\/{rel}","templated":true}]}}