{"id":261,"date":"2025-03-06T08:52:14","date_gmt":"2025-03-06T07:52:14","guid":{"rendered":"https:\/\/www.abf.se\/sjuharad\/?page_id=261"},"modified":"2025-11-18T09:57:13","modified_gmt":"2025-11-18T08:57:13","slug":"cirkelledare","status":"publish","type":"page","link":"https:\/\/www.abf.se\/sjuharad\/cirkelledare\/","title":{"rendered":"Cirkelledare"},"content":{"rendered":"<div\n    class=\"acf-hero-block container-lg no-padding mb-12 js-geolocation\"\n    data-block=\"hero-block\"\n    data-index=\"0\"\n>\n    <div class=\"h-[548px]  relative rounded-[32px] overflow-hidden flex bg-gray-light\">\n        <div class=\"relative z-10 mt-auto h-auto w-full md:h-full\">\n            <div class=\"flex w-full h-full flex-col flex-wrap justify-end w-full md:w-7\/12 lg:w-1\/2 md:justify-center\">\n                <div class=\"flex flex-col gap-3 md:gap-[18px] md:transparent pt-16 pb-36 md:py-8 px-4 w-full md:max-w-[620px] mx-auto px-8\">\n\n                    <h1 class=\"hero-heading hero-heading--red-text\"><span>Cirkelledare<\/span><\/h1>\n\n                    \n                                    <\/div>\n            <\/div>\n        <\/div>\n\n                    <picture class=\"as-background-image mix-blend-multiply bg-black\/40\"><img decoding=\"async\" src=\"https:\/\/www.abf.se\/sjuharad\/resized\/?url=https%3A%2F%2Fwww.abf.se%2Fwp-content%2Fuploads%2Fsites%2F41%2F2025%2F05%2FAdobeStock_751364278-scaled.jpeg&#038;fit=crop&#038;w=1440&#038;s=baea757e75e66e25855d38d3864486ef\" srcset=\"https:\/\/www.abf.se\/sjuharad\/resized\/?url=https%3A%2F%2Fwww.abf.se%2Fwp-content%2Fuploads%2Fsites%2F41%2F2025%2F05%2FAdobeStock_751364278-scaled.jpeg&#038;fit=crop&#038;w=375&#038;h=540&#038;s=beef2309271cecec8d6658dbb023fe5e 375w, https:\/\/www.abf.se\/sjuharad\/resized\/?url=https%3A%2F%2Fwww.abf.se%2Fwp-content%2Fuploads%2Fsites%2F41%2F2025%2F05%2FAdobeStock_751364278-scaled.jpeg&#038;fit=crop&#038;w=447&#038;h=540&#038;s=232522141135c29ebdeeccb70149e79c 447w, https:\/\/www.abf.se\/sjuharad\/resized\/?url=https%3A%2F%2Fwww.abf.se%2Fwp-content%2Fuploads%2Fsites%2F41%2F2025%2F05%2FAdobeStock_751364278-scaled.jpeg&#038;fit=crop&#038;w=519&#038;h=540&#038;s=a9d0ecc97abbbb63bd03fbae7131934b 519w, https:\/\/www.abf.se\/sjuharad\/resized\/?url=https%3A%2F%2Fwww.abf.se%2Fwp-content%2Fuploads%2Fsites%2F41%2F2025%2F05%2FAdobeStock_751364278-scaled.jpeg&#038;fit=crop&#038;w=591&#038;h=540&#038;s=04f4125c9e5564baaaf4f1831be68562 591w, https:\/\/www.abf.se\/sjuharad\/resized\/?url=https%3A%2F%2Fwww.abf.se%2Fwp-content%2Fuploads%2Fsites%2F41%2F2025%2F05%2FAdobeStock_751364278-scaled.jpeg&#038;fit=crop&#038;w=663&#038;h=540&#038;s=643eeb9bebab65a2b71de39bfa02e2cb 663w, https:\/\/www.abf.se\/sjuharad\/resized\/?url=https%3A%2F%2Fwww.abf.se%2Fwp-content%2Fuploads%2Fsites%2F41%2F2025%2F05%2FAdobeStock_751364278-scaled.jpeg&#038;fit=crop&#038;w=750&#038;h=540&#038;s=be4bc3559b0004e6ea89eb3211d6543a 750w, https:\/\/www.abf.se\/sjuharad\/resized\/?url=https%3A%2F%2Fwww.abf.se%2Fwp-content%2Fuploads%2Fsites%2F41%2F2025%2F05%2FAdobeStock_751364278-scaled.jpeg&#038;fit=crop&#038;w=894&#038;h=540&#038;s=d86b8c864bfd214dd3f6c05461b9915a 894w, https:\/\/www.abf.se\/sjuharad\/resized\/?url=https%3A%2F%2Fwww.abf.se%2Fwp-content%2Fuploads%2Fsites%2F41%2F2025%2F05%2FAdobeStock_751364278-scaled.jpeg&#038;fit=crop&#038;w=1038&#038;h=540&#038;s=898dc676cb5310dc0cc6be502e37f0ba 1038w, https:\/\/www.abf.se\/sjuharad\/resized\/?url=https%3A%2F%2Fwww.abf.se%2Fwp-content%2Fuploads%2Fsites%2F41%2F2025%2F05%2FAdobeStock_751364278-scaled.jpeg&#038;fit=crop&#038;w=1182&#038;h=540&#038;s=3e5f142e2c697e68679cadf4333c1ca6 1182w, https:\/\/www.abf.se\/sjuharad\/resized\/?url=https%3A%2F%2Fwww.abf.se%2Fwp-content%2Fuploads%2Fsites%2F41%2F2025%2F05%2FAdobeStock_751364278-scaled.jpeg&#038;fit=crop&#038;w=1326&#038;h=540&#038;s=18f6a82b6e87525c0a883d4cf81b8737 1326w, https:\/\/www.abf.se\/sjuharad\/resized\/?url=https%3A%2F%2Fwww.abf.se%2Fwp-content%2Fuploads%2Fsites%2F41%2F2025%2F05%2FAdobeStock_751364278-scaled.jpeg&#038;fit=crop&#038;w=1440&#038;h=540&#038;s=aee34d8d0db4472e239bc7f2a0a848a2 1440w\" alt=\"\" height=\"540\" width=\"1440\" sizes=\"(max-width: 1440px) calc(100vw - 32px), 1440px\" loading=\"eager\" fetchpriority=\"high\" aria-hidden=\"true\" role=\"presentation\" \/><\/picture>\n        \n\n                    <figure class=\"absolute bottom-0  md:w-1\/2 transform right-0 translate-x-10 md:translate-x-32\">\n                <img decoding=\"async\"\n                    alt=\"\"\n                    aria-hidden=\"true\"\n                    class=\"h-auto w-full\"\n                    role=\"presentation\"\n                    src=\"\/assets\/images\/two_circles_bottom.svg\"\n                >\n            <\/figure>\n            <\/div>\n\n    <\/div>\n\n<div\n    class=\"acf-text-image-block container my-12 md:my-15\"\n    data-block=\"text-image-block\"\n>\n    <div\n    class=\"flex flex-col items-center md:flex-row gap-8 md:gap-0 justify-between\">\n                        <div class=\"w-full md:w-1\/2 md:order-2\">\n            <picture><img decoding=\"async\" src=\"https:\/\/www.abf.se\/sjuharad\/resized\/?url=https%3A%2F%2Fwww.abf.se%2Fwp-content%2Fuploads%2Fsites%2F41%2F2025%2F05%2FKeramikkurs.jpeg&#038;fit=crop&#038;w=578&#038;s=0ec837a94e2f8da2e8ea3180123d21d1\" srcset=\"https:\/\/www.abf.se\/sjuharad\/resized\/?url=https%3A%2F%2Fwww.abf.se%2Fwp-content%2Fuploads%2Fsites%2F41%2F2025%2F05%2FKeramikkurs.jpeg&#038;fit=crop&#038;w=144&#038;h=126&#038;s=c600058a11149a35fdbe610680b21809 144w, https:\/\/www.abf.se\/sjuharad\/resized\/?url=https%3A%2F%2Fwww.abf.se%2Fwp-content%2Fuploads%2Fsites%2F41%2F2025%2F05%2FKeramikkurs.jpeg&#038;fit=crop&#038;w=240&#038;h=211&#038;s=04ed3afbc834b4f34fbcc314398f0f17 240w, https:\/\/www.abf.se\/sjuharad\/resized\/?url=https%3A%2F%2Fwww.abf.se%2Fwp-content%2Fuploads%2Fsites%2F41%2F2025%2F05%2FKeramikkurs.jpeg&#038;fit=crop&#038;w=288&#038;h=253&#038;s=53490f92883de465568d311f9064459b 288w, https:\/\/www.abf.se\/sjuharad\/resized\/?url=https%3A%2F%2Fwww.abf.se%2Fwp-content%2Fuploads%2Fsites%2F41%2F2025%2F05%2FKeramikkurs.jpeg&#038;fit=crop&#038;w=336&#038;h=295&#038;s=8c184ef0bcdb1064c1bae0ce4f6e29aa 336w, https:\/\/www.abf.se\/sjuharad\/resized\/?url=https%3A%2F%2Fwww.abf.se%2Fwp-content%2Fuploads%2Fsites%2F41%2F2025%2F05%2FKeramikkurs.jpeg&#038;fit=crop&#038;w=432&#038;h=380&#038;s=791141277ea74624dc6c9d067ae65857 432w, https:\/\/www.abf.se\/sjuharad\/resized\/?url=https%3A%2F%2Fwww.abf.se%2Fwp-content%2Fuploads%2Fsites%2F41%2F2025%2F05%2FKeramikkurs.jpeg&#038;fit=crop&#038;w=480&#038;h=422&#038;s=15c220f39d29e8dad1244f9f02635677 480w, https:\/\/www.abf.se\/sjuharad\/resized\/?url=https%3A%2F%2Fwww.abf.se%2Fwp-content%2Fuploads%2Fsites%2F41%2F2025%2F05%2FKeramikkurs.jpeg&#038;fit=crop&#038;w=528&#038;h=464&#038;s=543362e3d8af1e3efcc0159349fd5a4c 528w, https:\/\/www.abf.se\/sjuharad\/resized\/?url=https%3A%2F%2Fwww.abf.se%2Fwp-content%2Fuploads%2Fsites%2F41%2F2025%2F05%2FKeramikkurs.jpeg&#038;fit=crop&#038;w=578&#038;h=509&#038;s=e4e744ce7b142d87fb63fad1a00b690c 578w, https:\/\/www.abf.se\/sjuharad\/resized\/?url=https%3A%2F%2Fwww.abf.se%2Fwp-content%2Fuploads%2Fsites%2F41%2F2025%2F05%2FKeramikkurs.jpeg&#038;fit=crop&#038;w=672&#038;h=591&#038;s=42dacad318c3fce2c102b4281b4cf68c 672w, https:\/\/www.abf.se\/sjuharad\/resized\/?url=https%3A%2F%2Fwww.abf.se%2Fwp-content%2Fuploads%2Fsites%2F41%2F2025%2F05%2FKeramikkurs.jpeg&#038;fit=crop&#038;w=864&#038;h=760&#038;s=58c07b1de490a516bd181120b4faee33 864w, https:\/\/www.abf.se\/sjuharad\/resized\/?url=https%3A%2F%2Fwww.abf.se%2Fwp-content%2Fuploads%2Fsites%2F41%2F2025%2F05%2FKeramikkurs.jpeg&#038;fit=crop&#038;w=1056&#038;h=929&#038;s=418cf2ed51014041ebcaddb2d749356b 1056w\" alt=\"\" height=\"509\" width=\"578\" sizes=\"auto, (max-width: 768px) 100vw,\n                (max-width: 1280px) 50vw, 578px\" loading=\"lazy\" fetchpriority=\"low\" \/><\/picture>\n\n        <\/div>\n        \n        <div class=\"w-full md:w-1\/2 md:order-1\">\n        <div class=\"mx-auto md:max-w-[368px]\">\n            <h2 class=\"heading-lg\">Vill du vara med och g\u00f6ra skillnad? Bli cirkelledare hos ABF Sjuh\u00e4rad!<\/h2>\n            <div class=\"mb-6 mt-4 wysiwyg\">\n                <p>Bli en del av ABF som cirkelledare och uppt\u00e4ck de otaliga f\u00f6rdelarna med att leda en cirkel! Att vara cirkelledare hos ABF \u00e4r inte bara en m\u00f6jlighet att dela med dig av din kunskap och passion \u2013 det \u00e4r ocks\u00e5 en fantastisk chans att skapa meningsfulla m\u00f6ten och bidra till samh\u00e4llets utveckling p\u00e5 lokal niv\u00e5.<\/p>\n<p>Som cirkelledare p\u00e5 ABF f\u00e5r du uppt\u00e4ck nytt och utvecklas i ditt ledarskap och l\u00e4ra dig tillsammans med andra!<\/p>\n\n            <\/div>\n                                            <a href='https:\/\/www.abf.se\/sjuharad\/bli-cirkelledare\/' class=\"default-button\" target=\"\">Intresseanm\u00e4lan cirkelledare<\/a>\n                    <\/div>\n        <\/div>\n    <\/div>\n<\/div><div\n    class=\"acf-plain-heading-block container my-16\"\n    data-block=\"plain-heading-block\"\n>\n    <div class=\"max-w-[658px] mx-auto\">\n                <h1 class=\"hero-heading\"><span>En introduktion<\/span><\/h1>\n                            <p class=\"mt-8 body-xl text-black\">\n                Som cirkelledare \u00e4r du en viktig kugge i det st\u00e4ndigt p\u00e5g\u00e5ende folkbildningsarbetet hos ABF. Folkbildningen \u00e4r ett s\u00e4tt att g\u00f6ra kunskap tillg\u00e4nglig f\u00f6r alla m\u00e4nniskor i v\u00e5rt samh\u00e4lle och \u00e4r en viktig del av cirkelledarrollen.\n            <\/p>\n            <\/div>\n<\/div>\n<div\n    class=\"acf-plain-heading-block container my-16\"\n    data-block=\"plain-heading-block\"\n>\n    <div class=\"max-w-[658px] mx-auto\">\n                <h1 class=\"hero-heading\"><span>ABFs id\u00e9program<\/span><\/h1>\n                            <p class=\"mt-8 body-xl text-black\">\n                ABFs id\u00e9program \u201cG\u00f6r en annan v\u00e4rld m\u00f6jlig!\u201d \u00e4r v\u00e5r ideologiska kompass i vardagen och fungerar som en grund f\u00f6r planering, prioriteringar och beslut i all v\u00e5r verksamhet.<br \/>\r\n<br \/>\r\nId\u00e9programmet s\u00e4tter v\u00e5r folkbildningsid\u00e9, v\u00e5ra sj\u00e4lvst\u00e4ndiga v\u00e4gval och v\u00e5ra egna samh\u00e4llsanalyser i centrum. I v\u00e5r tid v\u00e4ljer vi att bygga vidare p\u00e5 id\u00e9traditionen av verksamhet inte bara f\u00f6r, utan genom folket. Vi g\u00f6r det eftersom sj\u00e4lvbildningstanken \u00e4r en progressiv, modern, demokratisk och v\u00e4l fungerande id\u00e9. Vi \u00e4r \u00f6vertygade om att framtiden g\u00e5r att p\u00e5verka och att en annan v\u00e4rld \u00e4r m\u00f6jlig.\n            <\/p>\n            <\/div>\n<\/div>\n<div\n    class=\"acf-plain-heading-block container my-16\"\n    data-block=\"plain-heading-block\"\n>\n    <div class=\"max-w-[658px] mx-auto\">\n                <h1 class=\"hero-heading\"><span>Vad \u00e4r en studiecirkel?<\/span><\/h1>\n                            <p class=\"mt-8 body-xl text-black\">\n                Den huvudsakliga delen av v\u00e5r verksamhet bedrivs i studiecirklar. Studiecirkeln utg\u00e5r fr\u00e5n deltagarnas \u00f6nskem\u00e5l, erfarenheter, behov och f\u00f6rm\u00e5gor. Som cirkelledare best\u00e4mmer du tillsammans med deltagarna vilket m\u00e5l ni vill ha med just er studiecirkel. Det inneb\u00e4r att tv\u00e5 cirklar inom samma \u00e4mne kan se helt olika ut, det \u00e4r deltagarna som tillsammans med cirkelledaren formar l\u00e4randet i cirkeln s\u00e5 att det passar just dem b\u00e4st.\n            <\/p>\n            <\/div>\n<\/div>\n<div class=\"my-8 container-lg acf-link-block\" data-block=\"link-block\" class=\"acf-link-block\" data-block=\"link-block\">\n    <div class=\"w-full bg-red  round-corners-lg px-4 md:px-8 py-11 md:py-16\">\n        <h2 class=\"heading-lg mb-7 text-center text-white\">\n            Verktygsl\u00e5da f\u00f6r cirkelledare\n        <\/h2>\n            <ul class=\"grid grid-cols-1 gap-x-4 gap-y-3 md:grid-cols-2\">\n                                                        <li>\n                        <a\n    class=\"large-button-link\"\n    href=\"https:\/\/www.abf.se\/wp-content\/uploads\/sites\/32\/2024\/03\/presentation-och-forvantningar.pdf\"\n    target=\"_blank\"\n>\n    <span class=\"flex-1\">Presentation och f\u00f6rv\u00e4ntningar<\/span>\n\n    <figure\n        aria-hidden=\"true\"\n        class=\"w-5\"\n    >\n                    <svg width=\"20\" height=\"20\" viewBox=\"0 0 20 20\" fill=\"none\" class=\"SvgIconElement\">\n<path d=\"M4.16659 10L15.8333 10\" stroke=\"currentColor\"\/>\n<path d=\"M9.99992 4.1665L15.8333 9.99984L9.99992 15.8332\" stroke=\"currentColor\"\/>\n<\/svg>\n            <\/figure>\n<\/a>\n                    <\/li>\n                                                        <li>\n                        <a\n    class=\"large-button-link\"\n    href=\"https:\/\/www.abf.se\/wp-content\/uploads\/sites\/32\/2024\/03\/arbeta-i-grupp.pdf\"\n    target=\"_blank\"\n>\n    <span class=\"flex-1\">Arbeta i grupp<\/span>\n\n    <figure\n        aria-hidden=\"true\"\n        class=\"w-5\"\n    >\n                    <svg width=\"20\" height=\"20\" viewBox=\"0 0 20 20\" fill=\"none\" class=\"SvgIconElement\">\n<path d=\"M4.16659 10L15.8333 10\" stroke=\"currentColor\"\/>\n<path d=\"M9.99992 4.1665L15.8333 9.99984L9.99992 15.8332\" stroke=\"currentColor\"\/>\n<\/svg>\n            <\/figure>\n<\/a>\n                    <\/li>\n                                                        <li>\n                        <a\n    class=\"large-button-link\"\n    href=\"https:\/\/www.abf.se\/wp-content\/uploads\/sites\/32\/2024\/03\/demokratiskt-larande-och-kommunikation.pdf\"\n    target=\"_blank\"\n>\n    <span class=\"flex-1\">Demokratiskt l\u00e4rande och kommunikation<\/span>\n\n    <figure\n        aria-hidden=\"true\"\n        class=\"w-5\"\n    >\n                    <svg width=\"20\" height=\"20\" viewBox=\"0 0 20 20\" fill=\"none\" class=\"SvgIconElement\">\n<path d=\"M4.16659 10L15.8333 10\" stroke=\"currentColor\"\/>\n<path d=\"M9.99992 4.1665L15.8333 9.99984L9.99992 15.8332\" stroke=\"currentColor\"\/>\n<\/svg>\n            <\/figure>\n<\/a>\n                    <\/li>\n                                                        <li>\n                        <a\n    class=\"large-button-link\"\n    href=\"https:\/\/www.abf.se\/wp-content\/uploads\/sites\/32\/2024\/03\/reflektion-och-utvardering.pdf\"\n    target=\"_blank\"\n>\n    <span class=\"flex-1\">Reflektion och utv\u00e4rdering<\/span>\n\n    <figure\n        aria-hidden=\"true\"\n        class=\"w-5\"\n    >\n                    <svg width=\"20\" height=\"20\" viewBox=\"0 0 20 20\" fill=\"none\" class=\"SvgIconElement\">\n<path d=\"M4.16659 10L15.8333 10\" stroke=\"currentColor\"\/>\n<path d=\"M9.99992 4.1665L15.8333 9.99984L9.99992 15.8332\" stroke=\"currentColor\"\/>\n<\/svg>\n            <\/figure>\n<\/a>\n                    <\/li>\n                            <\/ul>\n        <\/ul>\n    <\/div>\n<\/div>","protected":false},"excerpt":{"rendered":"","protected":false},"author":76,"featured_media":0,"parent":0,"menu_order":0,"comment_status":"closed","ping_status":"closed","template":"","meta":{"_acf_changed":false,"footnotes":""},"class_list":["post-261","page","type-page","status-publish","hentry"],"acf":[],"yoast_head":"<!-- This site is optimized with the Yoast SEO plugin v27.0 - https:\/\/yoast.com\/product\/yoast-seo-wordpress\/ -->\n<title>Cirkelledare - Sjuh\u00e4rad<\/title>\n<meta name=\"robots\" content=\"index, follow, max-snippet:-1, max-image-preview:large, max-video-preview:-1\" \/>\n<link rel=\"canonical\" href=\"https:\/\/www.abf.se\/sjuharad\/cirkelledare\/\" \/>\n<meta property=\"og:locale\" content=\"sv_SE\" \/>\n<meta property=\"og:type\" content=\"article\" \/>\n<meta property=\"og:title\" content=\"Cirkelledare - Sjuh\u00e4rad\" \/>\n<meta property=\"og:url\" content=\"https:\/\/www.abf.se\/sjuharad\/cirkelledare\/\" \/>\n<meta property=\"og:site_name\" content=\"Sjuh\u00e4rad\" \/>\n<meta property=\"article:modified_time\" content=\"2025-11-18T08:57:13+00:00\" \/>\n<meta property=\"og:image\" content=\"https:\/\/www.abf.se\/wp-content\/uploads\/sites\/41\/2024\/04\/Nyckeln-liggande-scaled.jpg\" \/>\n\t<meta property=\"og:image:width\" content=\"2560\" \/>\n\t<meta property=\"og:image:height\" content=\"1440\" \/>\n\t<meta property=\"og:image:type\" content=\"image\/jpeg\" \/>\n<meta name=\"twitter:card\" content=\"summary_large_image\" \/>\n<script type=\"application\/ld+json\" class=\"yoast-schema-graph\">{\"@context\":\"https:\/\/schema.org\",\"@graph\":[{\"@type\":\"WebPage\",\"@id\":\"https:\/\/www.abf.se\/sjuharad\/cirkelledare\/\",\"url\":\"https:\/\/www.abf.se\/sjuharad\/cirkelledare\/\",\"name\":\"Cirkelledare - Sjuh\u00e4rad\",\"isPartOf\":{\"@id\":\"https:\/\/www.abf.se\/sjuharad\/#website\"},\"datePublished\":\"2025-03-06T07:52:14+00:00\",\"dateModified\":\"2025-11-18T08:57:13+00:00\",\"breadcrumb\":{\"@id\":\"https:\/\/www.abf.se\/sjuharad\/cirkelledare\/#breadcrumb\"},\"inLanguage\":\"sv-SE\",\"potentialAction\":[{\"@type\":\"ReadAction\",\"target\":[\"https:\/\/www.abf.se\/sjuharad\/cirkelledare\/\"]}]},{\"@type\":\"BreadcrumbList\",\"@id\":\"https:\/\/www.abf.se\/sjuharad\/cirkelledare\/#breadcrumb\",\"itemListElement\":[{\"@type\":\"ListItem\",\"position\":1,\"name\":\"Home\",\"item\":\"https:\/\/www.abf.se\/sjuharad\/\"},{\"@type\":\"ListItem\",\"position\":2,\"name\":\"Cirkelledare\"}]},{\"@type\":\"WebSite\",\"@id\":\"https:\/\/www.abf.se\/sjuharad\/#website\",\"url\":\"https:\/\/www.abf.se\/sjuharad\/\",\"name\":\"Sjuh\u00e4rad\",\"description\":\"\",\"potentialAction\":[{\"@type\":\"SearchAction\",\"target\":{\"@type\":\"EntryPoint\",\"urlTemplate\":\"https:\/\/www.abf.se\/sjuharad\/?s={search_term_string}\"},\"query-input\":{\"@type\":\"PropertyValueSpecification\",\"valueRequired\":true,\"valueName\":\"search_term_string\"}}],\"inLanguage\":\"sv-SE\"}]}<\/script>\n<!-- \/ Yoast SEO plugin. -->","yoast_head_json":{"title":"Cirkelledare - Sjuh\u00e4rad","robots":{"index":"index","follow":"follow","max-snippet":"max-snippet:-1","max-image-preview":"max-image-preview:large","max-video-preview":"max-video-preview:-1"},"canonical":"https:\/\/www.abf.se\/sjuharad\/cirkelledare\/","og_locale":"sv_SE","og_type":"article","og_title":"Cirkelledare - Sjuh\u00e4rad","og_url":"https:\/\/www.abf.se\/sjuharad\/cirkelledare\/","og_site_name":"Sjuh\u00e4rad","article_modified_time":"2025-11-18T08:57:13+00:00","og_image":[{"width":2560,"height":1440,"url":"https:\/\/www.abf.se\/wp-content\/uploads\/sites\/41\/2024\/04\/Nyckeln-liggande-scaled.jpg","type":"image\/jpeg"}],"twitter_card":"summary_large_image","schema":{"@context":"https:\/\/schema.org","@graph":[{"@type":"WebPage","@id":"https:\/\/www.abf.se\/sjuharad\/cirkelledare\/","url":"https:\/\/www.abf.se\/sjuharad\/cirkelledare\/","name":"Cirkelledare - Sjuh\u00e4rad","isPartOf":{"@id":"https:\/\/www.abf.se\/sjuharad\/#website"},"datePublished":"2025-03-06T07:52:14+00:00","dateModified":"2025-11-18T08:57:13+00:00","breadcrumb":{"@id":"https:\/\/www.abf.se\/sjuharad\/cirkelledare\/#breadcrumb"},"inLanguage":"sv-SE","potentialAction":[{"@type":"ReadAction","target":["https:\/\/www.abf.se\/sjuharad\/cirkelledare\/"]}]},{"@type":"BreadcrumbList","@id":"https:\/\/www.abf.se\/sjuharad\/cirkelledare\/#breadcrumb","itemListElement":[{"@type":"ListItem","position":1,"name":"Home","item":"https:\/\/www.abf.se\/sjuharad\/"},{"@type":"ListItem","position":2,"name":"Cirkelledare"}]},{"@type":"WebSite","@id":"https:\/\/www.abf.se\/sjuharad\/#website","url":"https:\/\/www.abf.se\/sjuharad\/","name":"Sjuh\u00e4rad","description":"","potentialAction":[{"@type":"SearchAction","target":{"@type":"EntryPoint","urlTemplate":"https:\/\/www.abf.se\/sjuharad\/?s={search_term_string}"},"query-input":{"@type":"PropertyValueSpecification","valueRequired":true,"valueName":"search_term_string"}}],"inLanguage":"sv-SE"}]}},"_links":{"self":[{"href":"https:\/\/www.abf.se\/sjuharad\/wp-json\/wp\/v2\/pages\/261","targetHints":{"allow":["GET"]}}],"collection":[{"href":"https:\/\/www.abf.se\/sjuharad\/wp-json\/wp\/v2\/pages"}],"about":[{"href":"https:\/\/www.abf.se\/sjuharad\/wp-json\/wp\/v2\/types\/page"}],"author":[{"embeddable":true,"href":"https:\/\/www.abf.se\/sjuharad\/wp-json\/wp\/v2\/users\/76"}],"replies":[{"embeddable":true,"href":"https:\/\/www.abf.se\/sjuharad\/wp-json\/wp\/v2\/comments?post=261"}],"version-history":[{"count":5,"href":"https:\/\/www.abf.se\/sjuharad\/wp-json\/wp\/v2\/pages\/261\/revisions"}],"predecessor-version":[{"id":459,"href":"https:\/\/www.abf.se\/sjuharad\/wp-json\/wp\/v2\/pages\/261\/revisions\/459"}],"wp:attachment":[{"href":"https:\/\/www.abf.se\/sjuharad\/wp-json\/wp\/v2\/media?parent=261"}],"curies":[{"name":"wp","href":"https:\/\/api.w.org\/{rel}","templated":true}]}}