{"id":328,"date":"2024-12-18T15:12:42","date_gmt":"2024-12-18T14:12:42","guid":{"rendered":"https:\/\/www.abf.se\/skane\/?page_id=328"},"modified":"2024-12-18T15:25:13","modified_gmt":"2024-12-18T14:25:13","slug":"samarbeta-med-abf-skane","status":"publish","type":"page","link":"https:\/\/www.abf.se\/skane\/samarbeta-med-abf-skane\/","title":{"rendered":"Samarbeta med ABF Sk\u00e5ne"},"content":{"rendered":"<div\n    class=\"acf-article-facts-block article-container  my-8 \"\n    data-block=\"article-facts-block\"\n>\n<div class=\"bg-teal-light border border-teal p-8 rounded-corners-sm\">\n<header>\n        <h2 class=\"heading-md text-teal-dark mb-3\">\n            Samarbeta med ABF Sk\u00e5ne!\n        <\/h2>\n    <\/header>\n    <div class=\"wysiwyg\">\n        <p>Att samarbeta med ABF Sk\u00e5ne ger er f\u00f6rening m\u00e5nga m\u00f6jligheter d\u00e4r alltifr\u00e5n studier, f\u00f6reningsutvecklingar, utbildningar till kultur kan erbjudas. Ta mer \u00e4n g\u00e4rna kontakt med n\u00e5gon av v\u00e5ra <a href=\"https:\/\/www.abf.se\/skane\/kontakt\/\">verksamhetsutvecklare<\/a> s\u00e5 kan vi hj\u00e4lpas \u00e5t att skapa ett bra och l\u00e5ngvarigt samarbete. V\u00e5ra medlemsorganisationer och v\u00e5ra samarbeten \u00e4r vad som b\u00e4r oss fram\u00e5t. Tillsammans kan vi g\u00f6ra en annan v\u00e4rld m\u00f6jlig.<\/p>\n<p>Vi kommer till er f\u00f6rening och s\u00e5 ser vi hur vi b\u00e4st bygger v\u00e5rt samarbete.<\/p>\n<p>Nedan kan ni hitta v\u00e5ra Medlemsorganisationer och Samverkansparter.<\/p>\n<p>&nbsp;<\/p>\n\n    <\/div>\n<\/div>\n\n<\/div>\n<div class=\"my-8 container-lg acf-link-block\" data-block=\"link-block\" class=\"acf-link-block\" data-block=\"link-block\">\n    <div class=\"w-full bg-red  round-corners-lg px-4 md:px-8 py-11 md:py-16\">\n        <h2 class=\"heading-lg mb-7 text-center text-white\">\n            Medlemsorganisationer och Samverkansparter\n        <\/h2>\n            <ul class=\"grid grid-cols-1 gap-x-4 gap-y-3 md:grid-cols-2\">\n                                                        <li>\n                        <a\n    class=\"large-button-link\"\n    href=\"https:\/\/www.abf.se\/skane\/abf-skanes-medlemsorganisationer\/\"\n    target=\"\"\n>\n    <span class=\"flex-1\">ABF Sk\u00e5nes medlemsorganisationer<\/span>\n\n    <figure\n        aria-hidden=\"true\"\n        class=\"w-5\"\n    >\n                    <svg width=\"20\" height=\"20\" viewBox=\"0 0 20 20\" fill=\"none\" class=\"SvgIconElement\">\n<path d=\"M4.16659 10L15.8333 10\" stroke=\"currentColor\"\/>\n<path d=\"M9.99992 4.1665L15.8333 9.99984L9.99992 15.8332\" stroke=\"currentColor\"\/>\n<\/svg>\n            <\/figure>\n<\/a>\n                    <\/li>\n                                                        <li>\n                        <a\n    class=\"large-button-link\"\n    href=\"https:\/\/www.abf.se\/skane\/abf-skanes-samverkansparter\/\"\n    target=\"\"\n>\n    <span class=\"flex-1\">ABF Sk\u00e5nes Samverkansparter<\/span>\n\n    <figure\n        aria-hidden=\"true\"\n        class=\"w-5\"\n    >\n                    <svg width=\"20\" height=\"20\" viewBox=\"0 0 20 20\" fill=\"none\" class=\"SvgIconElement\">\n<path d=\"M4.16659 10L15.8333 10\" stroke=\"currentColor\"\/>\n<path d=\"M9.99992 4.1665L15.8333 9.99984L9.99992 15.8332\" stroke=\"currentColor\"\/>\n<\/svg>\n            <\/figure>\n<\/a>\n                    <\/li>\n                            <\/ul>\n        <\/ul>\n    <\/div>\n<\/div>","protected":false},"excerpt":{"rendered":"","protected":false},"author":51,"featured_media":0,"parent":0,"menu_order":0,"comment_status":"closed","ping_status":"closed","template":"","meta":{"_acf_changed":false,"footnotes":""},"class_list":["post-328","page","type-page","status-publish","hentry"],"acf":[],"yoast_head":"<!-- This site is optimized with the Yoast SEO plugin v27.0 - https:\/\/yoast.com\/product\/yoast-seo-wordpress\/ -->\n<title>Samarbeta med ABF Sk\u00e5ne - Distriktet Sk\u00e5ne<\/title>\n<meta name=\"robots\" content=\"index, follow, max-snippet:-1, max-image-preview:large, max-video-preview:-1\" \/>\n<link rel=\"canonical\" href=\"https:\/\/www.abf.se\/skane\/samarbeta-med-abf-skane\/\" \/>\n<meta property=\"og:locale\" content=\"sv_SE\" \/>\n<meta property=\"og:type\" content=\"article\" \/>\n<meta property=\"og:title\" content=\"Samarbeta med ABF Sk\u00e5ne - Distriktet Sk\u00e5ne\" \/>\n<meta property=\"og:url\" content=\"https:\/\/www.abf.se\/skane\/samarbeta-med-abf-skane\/\" \/>\n<meta property=\"og:site_name\" content=\"Distriktet Sk\u00e5ne\" \/>\n<meta property=\"article:modified_time\" content=\"2024-12-18T14:25:13+00:00\" \/>\n<meta property=\"og:image\" content=\"https:\/\/www.abf.se\/wp-content\/uploads\/sites\/44\/2024\/04\/Nyckeln-liggande-scaled.jpg\" \/>\n\t<meta property=\"og:image:width\" content=\"2560\" \/>\n\t<meta property=\"og:image:height\" content=\"1440\" \/>\n\t<meta property=\"og:image:type\" content=\"image\/jpeg\" \/>\n<meta name=\"twitter:card\" content=\"summary_large_image\" \/>\n<script type=\"application\/ld+json\" class=\"yoast-schema-graph\">{\"@context\":\"https:\/\/schema.org\",\"@graph\":[{\"@type\":\"WebPage\",\"@id\":\"https:\/\/www.abf.se\/skane\/samarbeta-med-abf-skane\/\",\"url\":\"https:\/\/www.abf.se\/skane\/samarbeta-med-abf-skane\/\",\"name\":\"Samarbeta med ABF Sk\u00e5ne - Distriktet Sk\u00e5ne\",\"isPartOf\":{\"@id\":\"https:\/\/www.abf.se\/skane\/#website\"},\"datePublished\":\"2024-12-18T14:12:42+00:00\",\"dateModified\":\"2024-12-18T14:25:13+00:00\",\"breadcrumb\":{\"@id\":\"https:\/\/www.abf.se\/skane\/samarbeta-med-abf-skane\/#breadcrumb\"},\"inLanguage\":\"sv-SE\",\"potentialAction\":[{\"@type\":\"ReadAction\",\"target\":[\"https:\/\/www.abf.se\/skane\/samarbeta-med-abf-skane\/\"]}]},{\"@type\":\"BreadcrumbList\",\"@id\":\"https:\/\/www.abf.se\/skane\/samarbeta-med-abf-skane\/#breadcrumb\",\"itemListElement\":[{\"@type\":\"ListItem\",\"position\":1,\"name\":\"Home\",\"item\":\"https:\/\/www.abf.se\/skane\/\"},{\"@type\":\"ListItem\",\"position\":2,\"name\":\"Samarbeta med ABF Sk\u00e5ne\"}]},{\"@type\":\"WebSite\",\"@id\":\"https:\/\/www.abf.se\/skane\/#website\",\"url\":\"https:\/\/www.abf.se\/skane\/\",\"name\":\"Distriktet Sk\u00e5ne\",\"description\":\"\",\"potentialAction\":[{\"@type\":\"SearchAction\",\"target\":{\"@type\":\"EntryPoint\",\"urlTemplate\":\"https:\/\/www.abf.se\/skane\/?s={search_term_string}\"},\"query-input\":{\"@type\":\"PropertyValueSpecification\",\"valueRequired\":true,\"valueName\":\"search_term_string\"}}],\"inLanguage\":\"sv-SE\"}]}<\/script>\n<!-- \/ Yoast SEO plugin. -->","yoast_head_json":{"title":"Samarbeta med ABF Sk\u00e5ne - Distriktet Sk\u00e5ne","robots":{"index":"index","follow":"follow","max-snippet":"max-snippet:-1","max-image-preview":"max-image-preview:large","max-video-preview":"max-video-preview:-1"},"canonical":"https:\/\/www.abf.se\/skane\/samarbeta-med-abf-skane\/","og_locale":"sv_SE","og_type":"article","og_title":"Samarbeta med ABF Sk\u00e5ne - Distriktet Sk\u00e5ne","og_url":"https:\/\/www.abf.se\/skane\/samarbeta-med-abf-skane\/","og_site_name":"Distriktet Sk\u00e5ne","article_modified_time":"2024-12-18T14:25:13+00:00","og_image":[{"width":2560,"height":1440,"url":"https:\/\/www.abf.se\/wp-content\/uploads\/sites\/44\/2024\/04\/Nyckeln-liggande-scaled.jpg","type":"image\/jpeg"}],"twitter_card":"summary_large_image","schema":{"@context":"https:\/\/schema.org","@graph":[{"@type":"WebPage","@id":"https:\/\/www.abf.se\/skane\/samarbeta-med-abf-skane\/","url":"https:\/\/www.abf.se\/skane\/samarbeta-med-abf-skane\/","name":"Samarbeta med ABF Sk\u00e5ne - Distriktet Sk\u00e5ne","isPartOf":{"@id":"https:\/\/www.abf.se\/skane\/#website"},"datePublished":"2024-12-18T14:12:42+00:00","dateModified":"2024-12-18T14:25:13+00:00","breadcrumb":{"@id":"https:\/\/www.abf.se\/skane\/samarbeta-med-abf-skane\/#breadcrumb"},"inLanguage":"sv-SE","potentialAction":[{"@type":"ReadAction","target":["https:\/\/www.abf.se\/skane\/samarbeta-med-abf-skane\/"]}]},{"@type":"BreadcrumbList","@id":"https:\/\/www.abf.se\/skane\/samarbeta-med-abf-skane\/#breadcrumb","itemListElement":[{"@type":"ListItem","position":1,"name":"Home","item":"https:\/\/www.abf.se\/skane\/"},{"@type":"ListItem","position":2,"name":"Samarbeta med ABF Sk\u00e5ne"}]},{"@type":"WebSite","@id":"https:\/\/www.abf.se\/skane\/#website","url":"https:\/\/www.abf.se\/skane\/","name":"Distriktet Sk\u00e5ne","description":"","potentialAction":[{"@type":"SearchAction","target":{"@type":"EntryPoint","urlTemplate":"https:\/\/www.abf.se\/skane\/?s={search_term_string}"},"query-input":{"@type":"PropertyValueSpecification","valueRequired":true,"valueName":"search_term_string"}}],"inLanguage":"sv-SE"}]}},"_links":{"self":[{"href":"https:\/\/www.abf.se\/skane\/wp-json\/wp\/v2\/pages\/328","targetHints":{"allow":["GET"]}}],"collection":[{"href":"https:\/\/www.abf.se\/skane\/wp-json\/wp\/v2\/pages"}],"about":[{"href":"https:\/\/www.abf.se\/skane\/wp-json\/wp\/v2\/types\/page"}],"author":[{"embeddable":true,"href":"https:\/\/www.abf.se\/skane\/wp-json\/wp\/v2\/users\/51"}],"replies":[{"embeddable":true,"href":"https:\/\/www.abf.se\/skane\/wp-json\/wp\/v2\/comments?post=328"}],"version-history":[{"count":3,"href":"https:\/\/www.abf.se\/skane\/wp-json\/wp\/v2\/pages\/328\/revisions"}],"predecessor-version":[{"id":332,"href":"https:\/\/www.abf.se\/skane\/wp-json\/wp\/v2\/pages\/328\/revisions\/332"}],"wp:attachment":[{"href":"https:\/\/www.abf.se\/skane\/wp-json\/wp\/v2\/media?parent=328"}],"curies":[{"name":"wp","href":"https:\/\/api.w.org\/{rel}","templated":true}]}}