{"id":802,"date":"2026-01-14T15:09:00","date_gmt":"2026-01-14T14:09:00","guid":{"rendered":"https:\/\/www.abf.se\/skane\/?page_id=802"},"modified":"2026-03-23T13:12:12","modified_gmt":"2026-03-23T12:12:12","slug":"framtidsverkstad","status":"publish","type":"page","link":"https:\/\/www.abf.se\/skane\/framtidsverkstad\/","title":{"rendered":"Framtidsverkstad"},"content":{"rendered":"<div\n    class=\"acf-article-image-block mb-12 article-container-lg\"\n    data-block=\"article-image-block\"\n>\n<div class=\"\">\n\n        <figure>\n        \n            <picture class=\"round-corners-lg w-full\"><img decoding=\"async\" src=\"https:\/\/www.abf.se\/skane\/resized\/?url=https%3A%2F%2Fwww.abf.se%2Fwp-content%2Fuploads%2Fsites%2F44%2F2025%2F11%2FFramtidsverkstader-scaled.jpg&#038;fit=contain&#038;w=788&#038;s=6952b52136097ad2b0ee6ae486420411\" srcset=\"https:\/\/www.abf.se\/skane\/resized\/?url=https%3A%2F%2Fwww.abf.se%2Fwp-content%2Fuploads%2Fsites%2F44%2F2025%2F11%2FFramtidsverkstader-scaled.jpg&#038;fit=contain&#038;w=375&#038;h=190&#038;s=b181a43131cf4029a1b2aef65a433382 375w, https:\/\/www.abf.se\/skane\/resized\/?url=https%3A%2F%2Fwww.abf.se%2Fwp-content%2Fuploads%2Fsites%2F44%2F2025%2F11%2FFramtidsverkstader-scaled.jpg&#038;fit=contain&#038;w=447&#038;h=226&#038;s=3fbec5cb3c60ef72df5a17ce251ef1de 447w, https:\/\/www.abf.se\/skane\/resized\/?url=https%3A%2F%2Fwww.abf.se%2Fwp-content%2Fuploads%2Fsites%2F44%2F2025%2F11%2FFramtidsverkstader-scaled.jpg&#038;fit=contain&#038;w=519&#038;h=263&#038;s=7afff7d29634c0551d5f213ae1034eed 519w, https:\/\/www.abf.se\/skane\/resized\/?url=https%3A%2F%2Fwww.abf.se%2Fwp-content%2Fuploads%2Fsites%2F44%2F2025%2F11%2FFramtidsverkstader-scaled.jpg&#038;fit=contain&#038;w=591&#038;h=300&#038;s=e39fbbedf50dbc2a746781d8e12a0003 591w, https:\/\/www.abf.se\/skane\/resized\/?url=https%3A%2F%2Fwww.abf.se%2Fwp-content%2Fuploads%2Fsites%2F44%2F2025%2F11%2FFramtidsverkstader-scaled.jpg&#038;fit=contain&#038;w=663&#038;h=336&#038;s=c4b7aaab17c1b5e7e1f6da7bf8009cde 663w, https:\/\/www.abf.se\/skane\/resized\/?url=https%3A%2F%2Fwww.abf.se%2Fwp-content%2Fuploads%2Fsites%2F44%2F2025%2F11%2FFramtidsverkstader-scaled.jpg&#038;fit=contain&#038;w=735&#038;h=373&#038;s=70393dd1c2c9267dddf0895c634c373c 735w, https:\/\/www.abf.se\/skane\/resized\/?url=https%3A%2F%2Fwww.abf.se%2Fwp-content%2Fuploads%2Fsites%2F44%2F2025%2F11%2FFramtidsverkstader-scaled.jpg&#038;fit=contain&#038;w=750&#038;h=380&#038;s=4fc1e28a5968b17184f96c3a7d0761e5 750w, https:\/\/www.abf.se\/skane\/resized\/?url=https%3A%2F%2Fwww.abf.se%2Fwp-content%2Fuploads%2Fsites%2F44%2F2025%2F11%2FFramtidsverkstader-scaled.jpg&#038;fit=contain&#038;w=788&#038;s=6952b52136097ad2b0ee6ae486420411 788w, https:\/\/www.abf.se\/skane\/resized\/?url=https%3A%2F%2Fwww.abf.se%2Fwp-content%2Fuploads%2Fsites%2F44%2F2025%2F11%2FFramtidsverkstader-scaled.jpg&#038;fit=contain&#038;w=894&#038;h=453&#038;s=3d2ed3b59f2967107587f931a3b8ca8a 894w, https:\/\/www.abf.se\/skane\/resized\/?url=https%3A%2F%2Fwww.abf.se%2Fwp-content%2Fuploads%2Fsites%2F44%2F2025%2F11%2FFramtidsverkstader-scaled.jpg&#038;fit=contain&#038;w=1038&#038;h=526&#038;s=56c78b4883ea593e9833119f35eb637a 1038w, https:\/\/www.abf.se\/skane\/resized\/?url=https%3A%2F%2Fwww.abf.se%2Fwp-content%2Fuploads%2Fsites%2F44%2F2025%2F11%2FFramtidsverkstader-scaled.jpg&#038;fit=contain&#038;w=1182&#038;h=600&#038;s=498b5d968b4b99a367e6419c8e189044 1182w, https:\/\/www.abf.se\/skane\/resized\/?url=https%3A%2F%2Fwww.abf.se%2Fwp-content%2Fuploads%2Fsites%2F44%2F2025%2F11%2FFramtidsverkstader-scaled.jpg&#038;fit=contain&#038;w=1326&#038;h=673&#038;s=9959b783f92198f673e263130b62edbe 1326w, https:\/\/www.abf.se\/skane\/resized\/?url=https%3A%2F%2Fwww.abf.se%2Fwp-content%2Fuploads%2Fsites%2F44%2F2025%2F11%2FFramtidsverkstader-scaled.jpg&#038;fit=contain&#038;w=1470&#038;h=746&#038;s=adafe3a9f30b12ef7b6da165bcf51f6b 1470w\" alt=\"\" height=\"400\" width=\"788\" sizes=\"auto, (max-width: 768px) calc(100vw - 40px), 788px\" loading=\"lazy\" fetchpriority=\"low\" class=\"round-corners-lg w-full\" \/><\/picture>\n                        <\/figure>\n        <\/div>\n\n<\/div>\n<div\n    class=\"acf-article-text-block article-container my-12\"\n    data-block=\"article-text-block\"\n>\n    <div class=\"wysiwyg\">\n        <p>Hur skulle din framtida kommun se ut om du fick best\u00e4mma?<\/p>\n<ul>\n<li>Om du fick best\u00e4mma \u2013 hur skulle Malm\u00f6, Kristianstad eller Helsingborg se ut d\u00e5?<\/li>\n<li>Vad beh\u00f6ver vara p\u00e5 plats f\u00f6r att fler m\u00e4nniskor ska m\u00e5 bra och kunna leva goda liv?<\/li>\n<li>Vilka budskap vill du skicka med till politikerna om din kommuns framtid?<\/li>\n<\/ul>\n<p>V\u00e4rlden f\u00f6r\u00e4ndras snabbt \u2013 och inte alltid i en riktning vi \u00f6nskar. I en tid som denna tror vi att m\u00e5nga k\u00e4nner behovet av att m\u00f6tas, dela perspektiv och tillsammans prata om vilken typ av samh\u00e4lle vi faktiskt vill ha.<\/p>\n<p>I v\u00e5r har du m\u00f6jlighet att g\u00f6ra detta \u2013 tillsammans med andra.<\/p>\n<p>Kom till Framtidsverkst\u00e4der!<\/p>\n\n    <\/div>\n<\/div>\n<div\n    class=\"acf-quick-link-block bg-red py-12 md:py-20\"\n    data-block=\"quick-link-block\"\n>\n    <div class=\"container\">\n                    <h2 class=\"heading-lg mb-7 text-center text-white\">\n                Anm\u00e4l dig\n            <\/h2>\n        \n        <div\n            class=\"px-5 content:px-0 grid grid-cols-1 gap-8 lg:grid-cols-3\">\n            \n            <article\nclass=\"round-corners-sm p-6 relative group grid grid-rows-[subgrid] row-[span_3] gap-4 bg-white text-red\"\n>\n            <h3\n        class=\"heading-sm group-hover:underline text-red\">\n            <a href=\"https:\/\/www.abf.se\/skane\/framtidsverkstad\/malmo\" class=\"expanded-hit-area\" target=\"\">\n                Framtidsverkstad Malm\u00f6\n            <\/a>\n        <\/h3>\n                <p class=\"body-md text-gray-text\">\n            Stadsbiblioteket \r\n25 april 10:30 till 16:30\n        <\/p>\n        <figure\n    class=\"w-[38px] h-[38px] rounded-full p-2 group-hover:scale-110 transition-transform duration-300 self-end pointer-events-none bg-red text-white\">\n        <svg width=\"20\" height=\"20\" viewBox=\"0 0 20 20\" fill=\"none\" class=\"SvgIconElement\">\n<path d=\"M4.16659 10L15.8333 10\" stroke=\"currentColor\"\/>\n<path d=\"M9.99992 4.1665L15.8333 9.99984L9.99992 15.8332\" stroke=\"currentColor\"\/>\n<\/svg>\n    <\/figure>\n<\/article>            \n            <article\nclass=\"round-corners-sm p-6 relative group grid grid-rows-[subgrid] row-[span_3] gap-4 bg-white text-red\"\n>\n            <h3\n        class=\"heading-sm group-hover:underline text-red\">\n            <a href=\"https:\/\/www.abf.se\/skane\/framtidsverkstad\/helsingborg\" class=\"expanded-hit-area\" target=\"\">\n                Framtidsverkstad Helsingborg\n            <\/a>\n        <\/h3>\n                <p class=\"body-md text-gray-text\">\n            Tryckeriet\r\n2 maj 09:30 till 15:30\n        <\/p>\n        <figure\n    class=\"w-[38px] h-[38px] rounded-full p-2 group-hover:scale-110 transition-transform duration-300 self-end pointer-events-none bg-red text-white\">\n        <svg width=\"20\" height=\"20\" viewBox=\"0 0 20 20\" fill=\"none\" class=\"SvgIconElement\">\n<path d=\"M4.16659 10L15.8333 10\" stroke=\"currentColor\"\/>\n<path d=\"M9.99992 4.1665L15.8333 9.99984L9.99992 15.8332\" stroke=\"currentColor\"\/>\n<\/svg>\n    <\/figure>\n<\/article>            \n            <article\nclass=\"round-corners-sm p-6 relative group grid grid-rows-[subgrid] row-[span_3] gap-4 bg-white text-red\"\n>\n            <h3\n        class=\"heading-sm group-hover:underline text-red\">\n            <a href=\"https:\/\/www.abf.se\/skane\/framtidsverkstad\/kristianstad\" class=\"expanded-hit-area\" target=\"\">\n                Framtidsverkstad Kristianstad\n            <\/a>\n        <\/h3>\n                <p class=\"body-md text-gray-text\">\n            Biljardkompaniet\r\n10 maj 09:30 till 15:30\n        <\/p>\n        <figure\n    class=\"w-[38px] h-[38px] rounded-full p-2 group-hover:scale-110 transition-transform duration-300 self-end pointer-events-none bg-red text-white\">\n        <svg width=\"20\" height=\"20\" viewBox=\"0 0 20 20\" fill=\"none\" class=\"SvgIconElement\">\n<path d=\"M4.16659 10L15.8333 10\" stroke=\"currentColor\"\/>\n<path d=\"M9.99992 4.1665L15.8333 9.99984L9.99992 15.8332\" stroke=\"currentColor\"\/>\n<\/svg>\n    <\/figure>\n<\/article>                    <\/div>\n    <\/div>\n<\/div>\n<div\n    class=\"acf-article-text-block article-container my-12\"\n    data-block=\"article-text-block\"\n>\n    <div class=\"wysiwyg\">\n        <h3 style=\"font-weight: 400\">Prelimin\u00e4rt schema f\u00f6r dagen:<\/h3>\n<p style=\"font-weight: 400\">Uppv\u00e4rmning och introduktion till munkmodellen<\/p>\n<p style=\"font-weight: 400\"><strong>Vision 2050<\/strong><br \/>\n<em>\u2013 Vad siktar vi emot?\u00a0<\/em><\/p>\n<p style=\"font-weight: 400\"><strong>Presentation av problembild\u00a0<\/strong><br \/>\n<em>\u2013 Vad \u00e4r problematiskt idag?\u00a0<\/em><\/p>\n<p style=\"font-weight: 400\"><strong>Verkstad: m\u00f6jligheter f\u00f6r din kommun<\/strong><br \/>\n\u2013 <em>Hur kan m\u00e4nniskor ha det bra samtidigt som vi h\u00e5ller oss inom planetens gr\u00e4nser?\u00a0<\/em><strong>\u00a0<\/strong><\/p>\n<p style=\"font-weight: 400\"><strong>Fr\u00e5n nutid till vision <\/strong><br \/>\n<em>\u2013 Konkretisering av f\u00f6rslag till politiken\u00a0<\/em><\/p>\n<p><strong>Presentation och r\u00f6stning av sammanst\u00e4llda f\u00f6rslag\u00a0<\/strong><\/p>\n<p style=\"font-weight: 400\"><strong>Steget vidare<\/strong><br \/>\n<em>\u2013 Hur kan vi som medborgare vara med och forma framtiden?<\/em><\/p>\n<p style=\"font-weight: 400\"><strong>Reflektion och avslutning\u00a0<\/strong><\/p>\n<hr \/>\n<p>Under verkst\u00e4derna kommer du, med hj\u00e4lp av Munkmodellen utvecklad av Kate Raworth, utforska m\u00f6jligheter och utmaningar i din kommuns utveckling. Du f\u00e5r tillsammans med andra utforska, samtala och formulera id\u00e9er om hur ett r\u00e4ttvist och h\u00e5llbart samh\u00e4lle kan se ut \u2013 och hur vi kan komma dit.<\/p>\n<p>Dagen \u00e4r en m\u00f6jlighet att m\u00f6tas, st\u00f6ta och bl\u00f6ta id\u00e9er och tankar, och kommer avslutas med en formulerad framtidsvision och f\u00e4rdriktning f\u00f6r era lokala politiker att ta vidare. Du har m\u00f6jlighet att p\u00e5verka din kommuns utveckling och dina tankar beh\u00f6vs!<\/p>\n<p>Inga f\u00f6rkunskaper beh\u00f6vs, bara en vilja att vara med och p\u00e5verka!<\/p>\n<p>Under dagen bjuds p\u00e5 lunch och fika. All mat och fika \u00e4r vegansk och n\u00f6tfri. Det kommer \u00e4ven att finnas ett antal glutenfria alternativ.<\/p>\n<p>Framtidsverkstaden arrangeras av <strong>Oxfam Sverige<\/strong>, <strong>Allians f\u00f6r R\u00e4ttvis Klimatomst\u00e4llning, ARK<\/strong> och <strong>ABF.<\/strong><\/p>\n\n    <\/div>\n<\/div>\n<div\n    class=\"acf-article-image-block mb-12 article-container-lg\"\n    data-block=\"article-image-block\"\n>\n<div class=\"\">\n\n        <figure>\n        \n            <picture class=\"round-corners-lg w-full\"><img decoding=\"async\" src=\"https:\/\/www.abf.se\/skane\/resized\/?url=https%3A%2F%2Fwww.abf.se%2Fwp-content%2Fuploads%2Fsites%2F44%2F2026%2F02%2FLogotyper_Framtidsverkstad.png&#038;fit=contain&#038;w=788&#038;s=4b936da40721435015c3dfb9c33d5602\" srcset=\"https:\/\/www.abf.se\/skane\/resized\/?url=https%3A%2F%2Fwww.abf.se%2Fwp-content%2Fuploads%2Fsites%2F44%2F2026%2F02%2FLogotyper_Framtidsverkstad.png&#038;fit=contain&#038;w=375&#038;h=53&#038;s=430274b7c47e82b064899eb8f7068f16 375w, https:\/\/www.abf.se\/skane\/resized\/?url=https%3A%2F%2Fwww.abf.se%2Fwp-content%2Fuploads%2Fsites%2F44%2F2026%2F02%2FLogotyper_Framtidsverkstad.png&#038;fit=contain&#038;w=447&#038;h=63&#038;s=bb4fe3c4bedc717635343d789bb216ab 447w, https:\/\/www.abf.se\/skane\/resized\/?url=https%3A%2F%2Fwww.abf.se%2Fwp-content%2Fuploads%2Fsites%2F44%2F2026%2F02%2FLogotyper_Framtidsverkstad.png&#038;fit=contain&#038;w=519&#038;h=73&#038;s=19d059450d97bad3a1e4b9d27a796334 519w, https:\/\/www.abf.se\/skane\/resized\/?url=https%3A%2F%2Fwww.abf.se%2Fwp-content%2Fuploads%2Fsites%2F44%2F2026%2F02%2FLogotyper_Framtidsverkstad.png&#038;fit=contain&#038;w=591&#038;h=84&#038;s=ad2fbc887444e61542c93ed54cfef1a6 591w, https:\/\/www.abf.se\/skane\/resized\/?url=https%3A%2F%2Fwww.abf.se%2Fwp-content%2Fuploads%2Fsites%2F44%2F2026%2F02%2FLogotyper_Framtidsverkstad.png&#038;fit=contain&#038;w=663&#038;h=94&#038;s=4f438023ec684dc6177fca0bdf3ad5b4 663w, https:\/\/www.abf.se\/skane\/resized\/?url=https%3A%2F%2Fwww.abf.se%2Fwp-content%2Fuploads%2Fsites%2F44%2F2026%2F02%2FLogotyper_Framtidsverkstad.png&#038;fit=contain&#038;w=735&#038;h=104&#038;s=92eff6e7ae6419e5fd0f52c64cc34284 735w, https:\/\/www.abf.se\/skane\/resized\/?url=https%3A%2F%2Fwww.abf.se%2Fwp-content%2Fuploads%2Fsites%2F44%2F2026%2F02%2FLogotyper_Framtidsverkstad.png&#038;fit=contain&#038;w=750&#038;h=106&#038;s=56445fd4e83594644d491ec9356d1e24 750w, https:\/\/www.abf.se\/skane\/resized\/?url=https%3A%2F%2Fwww.abf.se%2Fwp-content%2Fuploads%2Fsites%2F44%2F2026%2F02%2FLogotyper_Framtidsverkstad.png&#038;fit=contain&#038;w=788&#038;s=4b936da40721435015c3dfb9c33d5602 788w, https:\/\/www.abf.se\/skane\/resized\/?url=https%3A%2F%2Fwww.abf.se%2Fwp-content%2Fuploads%2Fsites%2F44%2F2026%2F02%2FLogotyper_Framtidsverkstad.png&#038;fit=contain&#038;w=894&#038;h=127&#038;s=701dbfb4c29f74969d3cf15c43443fd4 894w, https:\/\/www.abf.se\/skane\/resized\/?url=https%3A%2F%2Fwww.abf.se%2Fwp-content%2Fuploads%2Fsites%2F44%2F2026%2F02%2FLogotyper_Framtidsverkstad.png&#038;fit=contain&#038;w=1038&#038;h=147&#038;s=0eb84e11d374c4be919796e15fdb0156 1038w, https:\/\/www.abf.se\/skane\/resized\/?url=https%3A%2F%2Fwww.abf.se%2Fwp-content%2Fuploads%2Fsites%2F44%2F2026%2F02%2FLogotyper_Framtidsverkstad.png&#038;fit=contain&#038;w=1182&#038;h=168&#038;s=0fa5ca24472ac2de5a4c109941dd6744 1182w, https:\/\/www.abf.se\/skane\/resized\/?url=https%3A%2F%2Fwww.abf.se%2Fwp-content%2Fuploads%2Fsites%2F44%2F2026%2F02%2FLogotyper_Framtidsverkstad.png&#038;fit=contain&#038;w=1326&#038;h=188&#038;s=4c182b77489183480431876720670473 1326w, https:\/\/www.abf.se\/skane\/resized\/?url=https%3A%2F%2Fwww.abf.se%2Fwp-content%2Fuploads%2Fsites%2F44%2F2026%2F02%2FLogotyper_Framtidsverkstad.png&#038;fit=contain&#038;w=1470&#038;h=208&#038;s=d8bc25c682c9196a929b35df1968cd1a 1470w\" alt=\"\" height=\"112\" width=\"788\" sizes=\"auto, (max-width: 768px) calc(100vw - 40px), 788px\" loading=\"lazy\" fetchpriority=\"low\" class=\"round-corners-lg w-full\" \/><\/picture>\n                        <\/figure>\n        <\/div>\n\n<\/div>\n","protected":false},"excerpt":{"rendered":"","protected":false},"author":24,"featured_media":0,"parent":0,"menu_order":0,"comment_status":"closed","ping_status":"closed","template":"","meta":{"_acf_changed":false,"footnotes":""},"class_list":["post-802","page","type-page","status-publish","hentry"],"acf":[],"yoast_head":"<!-- This site is optimized with the Yoast SEO plugin v27.0 - https:\/\/yoast.com\/product\/yoast-seo-wordpress\/ -->\n<title>Framtidsverkstad - Distriktet Sk\u00e5ne<\/title>\n<meta name=\"robots\" content=\"index, follow, max-snippet:-1, max-image-preview:large, max-video-preview:-1\" \/>\n<link rel=\"canonical\" href=\"https:\/\/www.abf.se\/skane\/framtidsverkstad\/\" \/>\n<meta property=\"og:locale\" content=\"sv_SE\" \/>\n<meta property=\"og:type\" content=\"article\" \/>\n<meta property=\"og:title\" content=\"Framtidsverkstad - Distriktet Sk\u00e5ne\" \/>\n<meta property=\"og:url\" content=\"https:\/\/www.abf.se\/skane\/framtidsverkstad\/\" \/>\n<meta property=\"og:site_name\" content=\"Distriktet Sk\u00e5ne\" \/>\n<meta property=\"article:modified_time\" content=\"2026-03-23T12:12:12+00:00\" \/>\n<meta property=\"og:image\" content=\"https:\/\/www.abf.se\/wp-content\/uploads\/sites\/44\/2025\/11\/Framtidsverkstader-scaled.jpg\" \/>\n\t<meta property=\"og:image:width\" content=\"2560\" \/>\n\t<meta property=\"og:image:height\" content=\"1302\" \/>\n\t<meta property=\"og:image:type\" content=\"image\/jpeg\" \/>\n<meta name=\"twitter:card\" content=\"summary_large_image\" \/>\n<script type=\"application\/ld+json\" class=\"yoast-schema-graph\">{\"@context\":\"https:\/\/schema.org\",\"@graph\":[{\"@type\":\"WebPage\",\"@id\":\"https:\/\/www.abf.se\/skane\/framtidsverkstad\/\",\"url\":\"https:\/\/www.abf.se\/skane\/framtidsverkstad\/\",\"name\":\"Framtidsverkstad - Distriktet Sk\u00e5ne\",\"isPartOf\":{\"@id\":\"https:\/\/www.abf.se\/skane\/#website\"},\"datePublished\":\"2026-01-14T14:09:00+00:00\",\"dateModified\":\"2026-03-23T12:12:12+00:00\",\"breadcrumb\":{\"@id\":\"https:\/\/www.abf.se\/skane\/framtidsverkstad\/#breadcrumb\"},\"inLanguage\":\"sv-SE\",\"potentialAction\":[{\"@type\":\"ReadAction\",\"target\":[\"https:\/\/www.abf.se\/skane\/framtidsverkstad\/\"]}]},{\"@type\":\"BreadcrumbList\",\"@id\":\"https:\/\/www.abf.se\/skane\/framtidsverkstad\/#breadcrumb\",\"itemListElement\":[{\"@type\":\"ListItem\",\"position\":1,\"name\":\"Home\",\"item\":\"https:\/\/www.abf.se\/skane\/\"},{\"@type\":\"ListItem\",\"position\":2,\"name\":\"Framtidsverkstad\"}]},{\"@type\":\"WebSite\",\"@id\":\"https:\/\/www.abf.se\/skane\/#website\",\"url\":\"https:\/\/www.abf.se\/skane\/\",\"name\":\"Distriktet Sk\u00e5ne\",\"description\":\"\",\"potentialAction\":[{\"@type\":\"SearchAction\",\"target\":{\"@type\":\"EntryPoint\",\"urlTemplate\":\"https:\/\/www.abf.se\/skane\/?s={search_term_string}\"},\"query-input\":{\"@type\":\"PropertyValueSpecification\",\"valueRequired\":true,\"valueName\":\"search_term_string\"}}],\"inLanguage\":\"sv-SE\"}]}<\/script>\n<!-- \/ Yoast SEO plugin. -->","yoast_head_json":{"title":"Framtidsverkstad - Distriktet Sk\u00e5ne","robots":{"index":"index","follow":"follow","max-snippet":"max-snippet:-1","max-image-preview":"max-image-preview:large","max-video-preview":"max-video-preview:-1"},"canonical":"https:\/\/www.abf.se\/skane\/framtidsverkstad\/","og_locale":"sv_SE","og_type":"article","og_title":"Framtidsverkstad - Distriktet Sk\u00e5ne","og_url":"https:\/\/www.abf.se\/skane\/framtidsverkstad\/","og_site_name":"Distriktet Sk\u00e5ne","article_modified_time":"2026-03-23T12:12:12+00:00","og_image":[{"width":2560,"height":1302,"url":"https:\/\/www.abf.se\/wp-content\/uploads\/sites\/44\/2025\/11\/Framtidsverkstader-scaled.jpg","type":"image\/jpeg"}],"twitter_card":"summary_large_image","schema":{"@context":"https:\/\/schema.org","@graph":[{"@type":"WebPage","@id":"https:\/\/www.abf.se\/skane\/framtidsverkstad\/","url":"https:\/\/www.abf.se\/skane\/framtidsverkstad\/","name":"Framtidsverkstad - Distriktet Sk\u00e5ne","isPartOf":{"@id":"https:\/\/www.abf.se\/skane\/#website"},"datePublished":"2026-01-14T14:09:00+00:00","dateModified":"2026-03-23T12:12:12+00:00","breadcrumb":{"@id":"https:\/\/www.abf.se\/skane\/framtidsverkstad\/#breadcrumb"},"inLanguage":"sv-SE","potentialAction":[{"@type":"ReadAction","target":["https:\/\/www.abf.se\/skane\/framtidsverkstad\/"]}]},{"@type":"BreadcrumbList","@id":"https:\/\/www.abf.se\/skane\/framtidsverkstad\/#breadcrumb","itemListElement":[{"@type":"ListItem","position":1,"name":"Home","item":"https:\/\/www.abf.se\/skane\/"},{"@type":"ListItem","position":2,"name":"Framtidsverkstad"}]},{"@type":"WebSite","@id":"https:\/\/www.abf.se\/skane\/#website","url":"https:\/\/www.abf.se\/skane\/","name":"Distriktet Sk\u00e5ne","description":"","potentialAction":[{"@type":"SearchAction","target":{"@type":"EntryPoint","urlTemplate":"https:\/\/www.abf.se\/skane\/?s={search_term_string}"},"query-input":{"@type":"PropertyValueSpecification","valueRequired":true,"valueName":"search_term_string"}}],"inLanguage":"sv-SE"}]}},"_links":{"self":[{"href":"https:\/\/www.abf.se\/skane\/wp-json\/wp\/v2\/pages\/802","targetHints":{"allow":["GET"]}}],"collection":[{"href":"https:\/\/www.abf.se\/skane\/wp-json\/wp\/v2\/pages"}],"about":[{"href":"https:\/\/www.abf.se\/skane\/wp-json\/wp\/v2\/types\/page"}],"author":[{"embeddable":true,"href":"https:\/\/www.abf.se\/skane\/wp-json\/wp\/v2\/users\/24"}],"replies":[{"embeddable":true,"href":"https:\/\/www.abf.se\/skane\/wp-json\/wp\/v2\/comments?post=802"}],"version-history":[{"count":13,"href":"https:\/\/www.abf.se\/skane\/wp-json\/wp\/v2\/pages\/802\/revisions"}],"predecessor-version":[{"id":916,"href":"https:\/\/www.abf.se\/skane\/wp-json\/wp\/v2\/pages\/802\/revisions\/916"}],"wp:attachment":[{"href":"https:\/\/www.abf.se\/skane\/wp-json\/wp\/v2\/media?parent=802"}],"curies":[{"name":"wp","href":"https:\/\/api.w.org\/{rel}","templated":true}]}}