{"id":822,"date":"2026-02-18T11:23:33","date_gmt":"2026-02-18T10:23:33","guid":{"rendered":"https:\/\/www.abf.se\/skane\/?page_id=822"},"modified":"2026-02-18T11:23:33","modified_gmt":"2026-02-18T10:23:33","slug":"abf-skanes-internationella-fond","status":"publish","type":"page","link":"https:\/\/www.abf.se\/skane\/abf-skanes-internationella-fond\/","title":{"rendered":"ABF Sk\u00e5nes internationella fond"},"content":{"rendered":"<div\n    class=\"acf-article-text-block article-container my-12\"\n    data-block=\"article-text-block\"\n>\n    <div class=\"wysiwyg\">\n        <h2>ABF Sk\u00e5nes internationella fond<\/h2>\n<p>Utifr\u00e5n ABFs grundl\u00e4ggande v\u00e4rderingar om demokrati, solidaritet och r\u00e4ttvisa vill ABF Sk\u00e5ne verka f\u00f6r att stimulera ABF-avdelningar och medlemsorganisationer till internationellt folkbildande solidaritetsarbete.<\/p>\n<p>Distriktsstyrelsen tog inf\u00f6r ABF Sk\u00e5nes 90-\u00e5rs jubileum \u00e5r 2010 initiativet till att starta en insamling av ekonomiska g\u00e5vor i syfte att bilda en internationell ABF-fond, f\u00f6r att m\u00f6jligg\u00f6ra ett \u00f6kat engagemang f\u00f6r internationella projekt och arrangemang. Sedan dess har \u00e5rsm\u00f6tet beslutat att kontinuerligt avs\u00e4tta 10 % av positivt resultat till fonden.<\/p>\n\n    <\/div>\n<\/div>\n<div\n    class=\"acf-article-image-block mb-12 article-container-lg\"\n    data-block=\"article-image-block\"\n>\n<div class=\"\">\n\n        <figure>\n        \n            <picture class=\"round-corners-lg w-full\"><img decoding=\"async\" src=\"https:\/\/www.abf.se\/skane\/resized\/?url=https%3A%2F%2Fwww.abf.se%2Fwp-content%2Fuploads%2Fsites%2F44%2F2026%2F02%2FInternationella-fonden.jpg&#038;fit=contain&#038;w=788&#038;s=c046a1d0281511b5c4caa1bd8291f0d8\" srcset=\"https:\/\/www.abf.se\/skane\/resized\/?url=https%3A%2F%2Fwww.abf.se%2Fwp-content%2Fuploads%2Fsites%2F44%2F2026%2F02%2FInternationella-fonden.jpg&#038;fit=contain&#038;w=375&#038;h=389&#038;s=901ee69bf350d8d8fd291101e5fa5371 375w, https:\/\/www.abf.se\/skane\/resized\/?url=https%3A%2F%2Fwww.abf.se%2Fwp-content%2Fuploads%2Fsites%2F44%2F2026%2F02%2FInternationella-fonden.jpg&#038;fit=contain&#038;w=447&#038;h=464&#038;s=c885f10394050d720485976ec7bd65b4 447w, https:\/\/www.abf.se\/skane\/resized\/?url=https%3A%2F%2Fwww.abf.se%2Fwp-content%2Fuploads%2Fsites%2F44%2F2026%2F02%2FInternationella-fonden.jpg&#038;fit=contain&#038;w=519&#038;h=539&#038;s=b2978f0cf079ad49e1940403177307bf 519w, https:\/\/www.abf.se\/skane\/resized\/?url=https%3A%2F%2Fwww.abf.se%2Fwp-content%2Fuploads%2Fsites%2F44%2F2026%2F02%2FInternationella-fonden.jpg&#038;fit=contain&#038;w=591&#038;h=614&#038;s=a53ca9de974bc8a85c21356fde2683f5 591w, https:\/\/www.abf.se\/skane\/resized\/?url=https%3A%2F%2Fwww.abf.se%2Fwp-content%2Fuploads%2Fsites%2F44%2F2026%2F02%2FInternationella-fonden.jpg&#038;fit=contain&#038;w=663&#038;h=689&#038;s=afdeda6994fa2fd7bc10aff62a579485 663w, https:\/\/www.abf.se\/skane\/resized\/?url=https%3A%2F%2Fwww.abf.se%2Fwp-content%2Fuploads%2Fsites%2F44%2F2026%2F02%2FInternationella-fonden.jpg&#038;fit=contain&#038;w=735&#038;h=763&#038;s=ec693866298213b6f32a031e80cd813d 735w, https:\/\/www.abf.se\/skane\/resized\/?url=https%3A%2F%2Fwww.abf.se%2Fwp-content%2Fuploads%2Fsites%2F44%2F2026%2F02%2FInternationella-fonden.jpg&#038;fit=contain&#038;w=750&#038;h=779&#038;s=09505160eaa0a382407253c433e8304f 750w, https:\/\/www.abf.se\/skane\/resized\/?url=https%3A%2F%2Fwww.abf.se%2Fwp-content%2Fuploads%2Fsites%2F44%2F2026%2F02%2FInternationella-fonden.jpg&#038;fit=contain&#038;w=788&#038;s=c046a1d0281511b5c4caa1bd8291f0d8 788w, https:\/\/www.abf.se\/skane\/resized\/?url=https%3A%2F%2Fwww.abf.se%2Fwp-content%2Fuploads%2Fsites%2F44%2F2026%2F02%2FInternationella-fonden.jpg&#038;fit=contain&#038;w=894&#038;h=929&#038;s=5b6e26e67496dd5569c5ed69dfa78d79 894w, https:\/\/www.abf.se\/skane\/resized\/?url=https%3A%2F%2Fwww.abf.se%2Fwp-content%2Fuploads%2Fsites%2F44%2F2026%2F02%2FInternationella-fonden.jpg&#038;fit=contain&#038;w=1038&#038;h=1078&#038;s=508e3aca911e94b6c593e67b710a8b38 1038w, https:\/\/www.abf.se\/skane\/resized\/?url=https%3A%2F%2Fwww.abf.se%2Fwp-content%2Fuploads%2Fsites%2F44%2F2026%2F02%2FInternationella-fonden.jpg&#038;fit=contain&#038;w=1182&#038;h=1228&#038;s=a8e0fcade7571d298df219a8d4480e7d 1182w, https:\/\/www.abf.se\/skane\/resized\/?url=https%3A%2F%2Fwww.abf.se%2Fwp-content%2Fuploads%2Fsites%2F44%2F2026%2F02%2FInternationella-fonden.jpg&#038;fit=contain&#038;w=1326&#038;h=1378&#038;s=b26e792524c16c59fe3e1e60a030ef87 1326w, https:\/\/www.abf.se\/skane\/resized\/?url=https%3A%2F%2Fwww.abf.se%2Fwp-content%2Fuploads%2Fsites%2F44%2F2026%2F02%2FInternationella-fonden.jpg&#038;fit=contain&#038;w=1470&#038;h=1527&#038;s=d6c82114ba84346d861a1eb156e203e9 1470w\" alt=\"\" height=\"819\" width=\"788\" sizes=\"auto, (max-width: 768px) calc(100vw - 40px), 788px\" loading=\"lazy\" fetchpriority=\"low\" class=\"round-corners-lg w-full\" \/><\/picture>\n                        <\/figure>\n        <\/div>\n\n<\/div>\n<div\n    class=\"acf-article-text-block article-container my-12\"\n    data-block=\"article-text-block\"\n>\n    <div class=\"wysiwyg\">\n        <h3>Medel kan s\u00f6kas till:<\/h3>\n<p>\u2022 Resor och uppeh\u00e4lle till f\u00f6rel\u00e4sare eller kulturarbetare bosatt utanf\u00f6r Sk\u00e5ne, med ett tydligt internationellt perspektiv.<br \/>\n\u2022 Resor och uppeh\u00e4lle till f\u00f6rel\u00e4sare eller kulturarbetare fr\u00e5n annat land.<br \/>\n\u2022 Interna och externa informationsinsatser f\u00f6r att starta upp internationell verksamhet inom ABF-avdelning eller medlemsorganisation.<br \/>\n\u2022 Utbytesverksamhet inom internationell verksamhet.<br \/>\n\u2022 L\u00e4sarrangemang med internationella kopplingar.<br \/>\n\u2022 Annan verksamhet med kopplingar till internationella samarbeten.<br \/>\n\u2022 St\u00f6d till f\u00f6rstudieinsatser inf\u00f6r internationella folkbildningsprojekt.<\/p>\n<p>Ans\u00f6kan ska inneh\u00e5lla en kortfattad beskrivning av den s\u00f6kande organisationen, en beskrivning av arrangemanget medlen s\u00f6ks f\u00f6r och vad ans\u00f6kta medel avser f\u00f6r kostnader. Efter genomf\u00f6rt arrangemang ska en kortare beskrivning av arrangemanget s\u00e4ndas till ABF Sk\u00e5ne.<\/p>\n<h3>Maxbelopp och beslut:<\/h3>\n<p>Distriktsstyrelsen beslutar \u00f6ver fondens medel och hanterar och prioriterar\u00a0 inkomna ans\u00f6kningar. Maxbelopp \u00e4r 10 000 kr per ans\u00f6kan per s\u00f6kande organisation. Det \u00e4r bara m\u00f6jligt att f\u00e5 en ans\u00f6kan beviljad per organisation och \u00e5r.<\/p>\n<h3>Ans\u00f6kan skickas till:<\/h3>\n<p>Epost: info.skane@abf.se alternativt<br \/>\nPost: ABF Sk\u00e5ne, S\u00f6dergatan 6b, 241 30 Esl\u00f6v.<\/p>\n<p>Distriktsstyrelsen behandlar ans\u00f6kan vid n\u00e4rmast kommande styrelsem\u00f6te.<\/p>\n\n    <\/div>\n<\/div>\n","protected":false},"excerpt":{"rendered":"","protected":false},"author":51,"featured_media":0,"parent":0,"menu_order":0,"comment_status":"closed","ping_status":"closed","template":"","meta":{"_acf_changed":false,"footnotes":""},"class_list":["post-822","page","type-page","status-publish","hentry"],"acf":[],"yoast_head":"<!-- This site is optimized with the Yoast SEO plugin v27.0 - https:\/\/yoast.com\/product\/yoast-seo-wordpress\/ -->\n<title>ABF Sk\u00e5nes internationella fond - Distriktet Sk\u00e5ne<\/title>\n<meta name=\"robots\" content=\"index, follow, max-snippet:-1, max-image-preview:large, max-video-preview:-1\" \/>\n<link rel=\"canonical\" href=\"https:\/\/www.abf.se\/skane\/abf-skanes-internationella-fond\/\" \/>\n<meta property=\"og:locale\" content=\"sv_SE\" \/>\n<meta property=\"og:type\" content=\"article\" \/>\n<meta property=\"og:title\" content=\"ABF Sk\u00e5nes internationella fond - Distriktet Sk\u00e5ne\" \/>\n<meta property=\"og:url\" content=\"https:\/\/www.abf.se\/skane\/abf-skanes-internationella-fond\/\" \/>\n<meta property=\"og:site_name\" content=\"Distriktet Sk\u00e5ne\" \/>\n<meta property=\"og:image\" content=\"https:\/\/www.abf.se\/wp-content\/uploads\/sites\/44\/2024\/04\/Nyckeln-liggande-scaled.jpg\" \/>\n\t<meta property=\"og:image:width\" content=\"2560\" \/>\n\t<meta property=\"og:image:height\" content=\"1440\" \/>\n\t<meta property=\"og:image:type\" content=\"image\/jpeg\" \/>\n<meta name=\"twitter:card\" content=\"summary_large_image\" \/>\n<script type=\"application\/ld+json\" class=\"yoast-schema-graph\">{\"@context\":\"https:\/\/schema.org\",\"@graph\":[{\"@type\":\"WebPage\",\"@id\":\"https:\/\/www.abf.se\/skane\/abf-skanes-internationella-fond\/\",\"url\":\"https:\/\/www.abf.se\/skane\/abf-skanes-internationella-fond\/\",\"name\":\"ABF Sk\u00e5nes internationella fond - Distriktet Sk\u00e5ne\",\"isPartOf\":{\"@id\":\"https:\/\/www.abf.se\/skane\/#website\"},\"datePublished\":\"2026-02-18T10:23:33+00:00\",\"breadcrumb\":{\"@id\":\"https:\/\/www.abf.se\/skane\/abf-skanes-internationella-fond\/#breadcrumb\"},\"inLanguage\":\"sv-SE\",\"potentialAction\":[{\"@type\":\"ReadAction\",\"target\":[\"https:\/\/www.abf.se\/skane\/abf-skanes-internationella-fond\/\"]}]},{\"@type\":\"BreadcrumbList\",\"@id\":\"https:\/\/www.abf.se\/skane\/abf-skanes-internationella-fond\/#breadcrumb\",\"itemListElement\":[{\"@type\":\"ListItem\",\"position\":1,\"name\":\"Home\",\"item\":\"https:\/\/www.abf.se\/skane\/\"},{\"@type\":\"ListItem\",\"position\":2,\"name\":\"ABF Sk\u00e5nes internationella fond\"}]},{\"@type\":\"WebSite\",\"@id\":\"https:\/\/www.abf.se\/skane\/#website\",\"url\":\"https:\/\/www.abf.se\/skane\/\",\"name\":\"Distriktet Sk\u00e5ne\",\"description\":\"\",\"potentialAction\":[{\"@type\":\"SearchAction\",\"target\":{\"@type\":\"EntryPoint\",\"urlTemplate\":\"https:\/\/www.abf.se\/skane\/?s={search_term_string}\"},\"query-input\":{\"@type\":\"PropertyValueSpecification\",\"valueRequired\":true,\"valueName\":\"search_term_string\"}}],\"inLanguage\":\"sv-SE\"}]}<\/script>\n<!-- \/ Yoast SEO plugin. -->","yoast_head_json":{"title":"ABF Sk\u00e5nes internationella fond - Distriktet Sk\u00e5ne","robots":{"index":"index","follow":"follow","max-snippet":"max-snippet:-1","max-image-preview":"max-image-preview:large","max-video-preview":"max-video-preview:-1"},"canonical":"https:\/\/www.abf.se\/skane\/abf-skanes-internationella-fond\/","og_locale":"sv_SE","og_type":"article","og_title":"ABF Sk\u00e5nes internationella fond - Distriktet Sk\u00e5ne","og_url":"https:\/\/www.abf.se\/skane\/abf-skanes-internationella-fond\/","og_site_name":"Distriktet Sk\u00e5ne","og_image":[{"width":2560,"height":1440,"url":"https:\/\/www.abf.se\/wp-content\/uploads\/sites\/44\/2024\/04\/Nyckeln-liggande-scaled.jpg","type":"image\/jpeg"}],"twitter_card":"summary_large_image","schema":{"@context":"https:\/\/schema.org","@graph":[{"@type":"WebPage","@id":"https:\/\/www.abf.se\/skane\/abf-skanes-internationella-fond\/","url":"https:\/\/www.abf.se\/skane\/abf-skanes-internationella-fond\/","name":"ABF Sk\u00e5nes internationella fond - Distriktet Sk\u00e5ne","isPartOf":{"@id":"https:\/\/www.abf.se\/skane\/#website"},"datePublished":"2026-02-18T10:23:33+00:00","breadcrumb":{"@id":"https:\/\/www.abf.se\/skane\/abf-skanes-internationella-fond\/#breadcrumb"},"inLanguage":"sv-SE","potentialAction":[{"@type":"ReadAction","target":["https:\/\/www.abf.se\/skane\/abf-skanes-internationella-fond\/"]}]},{"@type":"BreadcrumbList","@id":"https:\/\/www.abf.se\/skane\/abf-skanes-internationella-fond\/#breadcrumb","itemListElement":[{"@type":"ListItem","position":1,"name":"Home","item":"https:\/\/www.abf.se\/skane\/"},{"@type":"ListItem","position":2,"name":"ABF Sk\u00e5nes internationella fond"}]},{"@type":"WebSite","@id":"https:\/\/www.abf.se\/skane\/#website","url":"https:\/\/www.abf.se\/skane\/","name":"Distriktet Sk\u00e5ne","description":"","potentialAction":[{"@type":"SearchAction","target":{"@type":"EntryPoint","urlTemplate":"https:\/\/www.abf.se\/skane\/?s={search_term_string}"},"query-input":{"@type":"PropertyValueSpecification","valueRequired":true,"valueName":"search_term_string"}}],"inLanguage":"sv-SE"}]}},"_links":{"self":[{"href":"https:\/\/www.abf.se\/skane\/wp-json\/wp\/v2\/pages\/822","targetHints":{"allow":["GET"]}}],"collection":[{"href":"https:\/\/www.abf.se\/skane\/wp-json\/wp\/v2\/pages"}],"about":[{"href":"https:\/\/www.abf.se\/skane\/wp-json\/wp\/v2\/types\/page"}],"author":[{"embeddable":true,"href":"https:\/\/www.abf.se\/skane\/wp-json\/wp\/v2\/users\/51"}],"replies":[{"embeddable":true,"href":"https:\/\/www.abf.se\/skane\/wp-json\/wp\/v2\/comments?post=822"}],"version-history":[{"count":7,"href":"https:\/\/www.abf.se\/skane\/wp-json\/wp\/v2\/pages\/822\/revisions"}],"predecessor-version":[{"id":869,"href":"https:\/\/www.abf.se\/skane\/wp-json\/wp\/v2\/pages\/822\/revisions\/869"}],"wp:attachment":[{"href":"https:\/\/www.abf.se\/skane\/wp-json\/wp\/v2\/media?parent=822"}],"curies":[{"name":"wp","href":"https:\/\/api.w.org\/{rel}","templated":true}]}}