{"id":1006,"date":"2024-05-16T11:24:38","date_gmt":"2024-05-16T09:24:38","guid":{"rendered":"https:\/\/www.abf.se\/skaraborg\/?page_id=1006"},"modified":"2025-01-24T12:19:31","modified_gmt":"2025-01-24T11:19:31","slug":"studieforbundensamlarsverige","status":"publish","type":"page","link":"https:\/\/www.abf.se\/skaraborg\/studieforbundensamlarsverige\/","title":{"rendered":"#Studief\u00f6rbundenSamlarSverige"},"content":{"rendered":"<div\n    class=\"acf-hero-block container-lg no-padding mb-12 js-geolocation\"\n    data-block=\"hero-block\"\n    data-index=\"0\"\n>\n    <div class=\"h-[548px]  relative rounded-[32px] overflow-hidden flex bg-gray-light\">\n        <div class=\"relative z-10 mt-auto h-auto w-full md:h-full\">\n            <div class=\"flex w-full h-full flex-col flex-wrap justify-end w-full md:w-7\/12 lg:w-1\/2 md:justify-center\">\n                <div class=\"flex flex-col gap-3 md:gap-[18px] md:transparent pt-16 pb-36 md:py-8 px-4 w-full md:max-w-[620px] mx-auto px-8\">\n\n                    <h1 class=\"hero-heading hero-heading--red-text\"><span>#Studief\u00f6rbundenSamlarSverige 25 maj 2024<\/span><\/h1>\n\n                    \n                                    <\/div>\n            <\/div>\n        <\/div>\n\n                    <picture class=\"as-background-image mix-blend-multiply bg-black\/40\"><img decoding=\"async\" src=\"https:\/\/www.abf.se\/skaraborg\/resized\/?url=https%3A%2F%2Fwww.abf.se%2Fwp-content%2Fuploads%2F2023%2F11%2Fdemonstration-foto-iStock_IMGP.jpg&#038;fit=crop&#038;w=1440&#038;s=8562199caf5d62214d12b9d7a5ec07bb\" srcset=\"https:\/\/www.abf.se\/skaraborg\/resized\/?url=https%3A%2F%2Fwww.abf.se%2Fwp-content%2Fuploads%2F2023%2F11%2Fdemonstration-foto-iStock_IMGP.jpg&#038;fit=crop&#038;w=375&#038;h=540&#038;s=839b2cd6b92993012faeaafd60037e06 375w, https:\/\/www.abf.se\/skaraborg\/resized\/?url=https%3A%2F%2Fwww.abf.se%2Fwp-content%2Fuploads%2F2023%2F11%2Fdemonstration-foto-iStock_IMGP.jpg&#038;fit=crop&#038;w=447&#038;h=540&#038;s=172eca2d7f2ad3f458bd49f3d9d0a279 447w, https:\/\/www.abf.se\/skaraborg\/resized\/?url=https%3A%2F%2Fwww.abf.se%2Fwp-content%2Fuploads%2F2023%2F11%2Fdemonstration-foto-iStock_IMGP.jpg&#038;fit=crop&#038;w=519&#038;h=540&#038;s=3da3629abbecabdccc58d47f38ab83d6 519w, https:\/\/www.abf.se\/skaraborg\/resized\/?url=https%3A%2F%2Fwww.abf.se%2Fwp-content%2Fuploads%2F2023%2F11%2Fdemonstration-foto-iStock_IMGP.jpg&#038;fit=crop&#038;w=591&#038;h=540&#038;s=5b2ddb2e6aa4a369f499327baaa9b29d 591w, https:\/\/www.abf.se\/skaraborg\/resized\/?url=https%3A%2F%2Fwww.abf.se%2Fwp-content%2Fuploads%2F2023%2F11%2Fdemonstration-foto-iStock_IMGP.jpg&#038;fit=crop&#038;w=663&#038;h=540&#038;s=373f0a4c7d9347f9811ec2db434cf475 663w, https:\/\/www.abf.se\/skaraborg\/resized\/?url=https%3A%2F%2Fwww.abf.se%2Fwp-content%2Fuploads%2F2023%2F11%2Fdemonstration-foto-iStock_IMGP.jpg&#038;fit=crop&#038;w=750&#038;h=540&#038;s=6b46c384351803dceb86731e8c2a8508 750w, https:\/\/www.abf.se\/skaraborg\/resized\/?url=https%3A%2F%2Fwww.abf.se%2Fwp-content%2Fuploads%2F2023%2F11%2Fdemonstration-foto-iStock_IMGP.jpg&#038;fit=crop&#038;w=894&#038;h=540&#038;s=a43bf117146f23b34d8ddb06b6be95e7 894w, https:\/\/www.abf.se\/skaraborg\/resized\/?url=https%3A%2F%2Fwww.abf.se%2Fwp-content%2Fuploads%2F2023%2F11%2Fdemonstration-foto-iStock_IMGP.jpg&#038;fit=crop&#038;w=1038&#038;h=540&#038;s=463a72596735bf32b8fd719e19863c96 1038w, https:\/\/www.abf.se\/skaraborg\/resized\/?url=https%3A%2F%2Fwww.abf.se%2Fwp-content%2Fuploads%2F2023%2F11%2Fdemonstration-foto-iStock_IMGP.jpg&#038;fit=crop&#038;w=1182&#038;h=540&#038;s=607beecec457f8245865d213bcf7fce6 1182w, https:\/\/www.abf.se\/skaraborg\/resized\/?url=https%3A%2F%2Fwww.abf.se%2Fwp-content%2Fuploads%2F2023%2F11%2Fdemonstration-foto-iStock_IMGP.jpg&#038;fit=crop&#038;w=1326&#038;h=540&#038;s=b30258dba3584bf5748b0f39cabc1579 1326w, https:\/\/www.abf.se\/skaraborg\/resized\/?url=https%3A%2F%2Fwww.abf.se%2Fwp-content%2Fuploads%2F2023%2F11%2Fdemonstration-foto-iStock_IMGP.jpg&#038;fit=crop&#038;w=1440&#038;h=540&#038;s=e391b6dbf5ba80298a5bbf6bb168303b 1440w\" alt=\"\" height=\"540\" width=\"1440\" sizes=\"(max-width: 1440px) calc(100vw - 32px), 1440px\" loading=\"eager\" fetchpriority=\"high\" aria-hidden=\"true\" role=\"presentation\" \/><\/picture>\n        \n\n            <\/div>\n\n    <\/div>\n\n<div\n    class=\"acf-text-image-block container my-12 md:my-15\"\n    data-block=\"text-image-block\"\n>\n    <div\n    class=\"flex flex-col items-center md:flex-row gap-8 md:gap-0 justify-between\">\n                        <div class=\"w-full md:w-1\/2 md:order-2\">\n            <picture><img decoding=\"async\" src=\"https:\/\/www.abf.se\/skaraborg\/resized\/?url=https%3A%2F%2Fwww.abf.se%2Fwp-content%2Fuploads%2Fsites%2F42%2F2024%2F05%2FMindre-studieforbunden.jpg&#038;fit=crop&#038;w=578&#038;s=da9f324dc54dd4e6eb5606e3f83e0e6d\" srcset=\"https:\/\/www.abf.se\/skaraborg\/resized\/?url=https%3A%2F%2Fwww.abf.se%2Fwp-content%2Fuploads%2Fsites%2F42%2F2024%2F05%2FMindre-studieforbunden.jpg&#038;fit=crop&#038;w=144&#038;h=126&#038;s=513c2d06111d290ef5559c15bfd462c3 144w, https:\/\/www.abf.se\/skaraborg\/resized\/?url=https%3A%2F%2Fwww.abf.se%2Fwp-content%2Fuploads%2Fsites%2F42%2F2024%2F05%2FMindre-studieforbunden.jpg&#038;fit=crop&#038;w=240&#038;h=211&#038;s=e45b6f2831d422e16559a169c445e9a5 240w, https:\/\/www.abf.se\/skaraborg\/resized\/?url=https%3A%2F%2Fwww.abf.se%2Fwp-content%2Fuploads%2Fsites%2F42%2F2024%2F05%2FMindre-studieforbunden.jpg&#038;fit=crop&#038;w=288&#038;h=253&#038;s=b2ebb94fa1bd92a855c3e85f715b87e8 288w, https:\/\/www.abf.se\/skaraborg\/resized\/?url=https%3A%2F%2Fwww.abf.se%2Fwp-content%2Fuploads%2Fsites%2F42%2F2024%2F05%2FMindre-studieforbunden.jpg&#038;fit=crop&#038;w=336&#038;h=295&#038;s=ef870a620f53517b8e236b028ce4e341 336w, https:\/\/www.abf.se\/skaraborg\/resized\/?url=https%3A%2F%2Fwww.abf.se%2Fwp-content%2Fuploads%2Fsites%2F42%2F2024%2F05%2FMindre-studieforbunden.jpg&#038;fit=crop&#038;w=432&#038;h=380&#038;s=8cda6f15c2ad1f3f25b203a5683f7d97 432w, https:\/\/www.abf.se\/skaraborg\/resized\/?url=https%3A%2F%2Fwww.abf.se%2Fwp-content%2Fuploads%2Fsites%2F42%2F2024%2F05%2FMindre-studieforbunden.jpg&#038;fit=crop&#038;w=480&#038;h=422&#038;s=6fc1fd69ddba0b9a692effb47380f07a 480w, https:\/\/www.abf.se\/skaraborg\/resized\/?url=https%3A%2F%2Fwww.abf.se%2Fwp-content%2Fuploads%2Fsites%2F42%2F2024%2F05%2FMindre-studieforbunden.jpg&#038;fit=crop&#038;w=528&#038;h=464&#038;s=8166744ba3ee8ce803e05aa4a4a02e55 528w, https:\/\/www.abf.se\/skaraborg\/resized\/?url=https%3A%2F%2Fwww.abf.se%2Fwp-content%2Fuploads%2Fsites%2F42%2F2024%2F05%2FMindre-studieforbunden.jpg&#038;fit=crop&#038;w=578&#038;h=509&#038;s=62e04c60fc8d042583ba1d8d306dcc28 578w, https:\/\/www.abf.se\/skaraborg\/resized\/?url=https%3A%2F%2Fwww.abf.se%2Fwp-content%2Fuploads%2Fsites%2F42%2F2024%2F05%2FMindre-studieforbunden.jpg&#038;fit=crop&#038;w=672&#038;h=591&#038;s=67ae99fc1922020ec1a833b1ecd9feaf 672w, https:\/\/www.abf.se\/skaraborg\/resized\/?url=https%3A%2F%2Fwww.abf.se%2Fwp-content%2Fuploads%2Fsites%2F42%2F2024%2F05%2FMindre-studieforbunden.jpg&#038;fit=crop&#038;w=864&#038;h=760&#038;s=52b55e1cee3ddfbae9b3785d74f3a0d0 864w, https:\/\/www.abf.se\/skaraborg\/resized\/?url=https%3A%2F%2Fwww.abf.se%2Fwp-content%2Fuploads%2Fsites%2F42%2F2024%2F05%2FMindre-studieforbunden.jpg&#038;fit=crop&#038;w=1056&#038;h=929&#038;s=840f50653a67742140f8b7cdc4bc3ee8 1056w\" alt=\"\" height=\"509\" width=\"578\" sizes=\"auto, (max-width: 768px) 100vw,\n                (max-width: 1280px) 50vw, 578px\" loading=\"lazy\" fetchpriority=\"low\" \/><\/picture>\n\n        <\/div>\n        \n        <div class=\"w-full md:w-1\/2 md:order-1\">\n        <div class=\"mx-auto md:max-w-[368px]\">\n            <h2 class=\"heading-lg\"><\/h2>\n            <div class=\"mb-6 mt-4 wysiwyg\">\n                <h5 class=\"wp-block-heading has--font-size\">Regeringen sk\u00e4r ned studief\u00f6rbundens statsanslag med 500 miljoner. Var tredje krona f\u00f6rsvinner. Det kommer att drabba deltagarna h\u00e5rt.<\/h5>\n<h5 class=\"wp-block-heading has--font-size\">Nedsk\u00e4rningen sker under tre \u00e5r och n\u00e5r full effekt om den genomf\u00f6rs som planerat under 2026. Det \u00e4r den st\u00f6rsta nedsk\u00e4rningen p\u00e5 studief\u00f6rbunden n\u00e5gonsin och den st\u00f6rsta nedsk\u00e4rningen p\u00e5 n\u00e5got omr\u00e5de i denna budget.<\/h5>\n<p>Studief\u00f6rbund samlas \u00f6ver hela landet f\u00f6r att uppm\u00e4rksamma nedsk\u00e4rningarna och st\u00e5 upp f\u00f6r den fria folkbildningen. Kraften i dagen blir st\u00f6rre ju fler som ansluter sig! Skapa en programgrupp p\u00e5 din ort f\u00f6r att genomf\u00f6ra ett arrangemang, litet eller stort, f\u00f6r studief\u00f6rbunden.<\/p>\n<p>Vi finns i hela landet, i alla kommuner. Vi n\u00e5r dem som \u00e4r sv\u00e5rast att n\u00e5. Den infrastruktur som studief\u00f6rbunden st\u00e5r f\u00f6r \u00e4r avg\u00f6rande f\u00f6r kulturen och civilsamh\u00e4llet.<\/p>\n<p>Nedsk\u00e4rningen kommer att drabba deltagarna i studief\u00f6rbundens verksamheter h\u00e5rt. Verksamhet f\u00f6r ofrivilligt ensamma \u00e4ldre, m\u00e4nniskor l\u00e5ngt fr\u00e5n arbetsmarknaden och m\u00e4nniskor med funktionsneds\u00e4ttning finansieras i h\u00f6g grad med statsbidrag. H\u00e4r riskerar nedsk\u00e4rningarna att sl\u00e5 h\u00e5rdast.<\/p>\n<p><strong>Vi kr\u00e4ver ett omedelbart stopp p\u00e5 nedsk\u00e4rningarna f\u00f6r studief\u00f6rbund!<\/strong><\/p>\n\n            <\/div>\n                                            <a href='https:\/\/studieforbunden.se\/samlarsverige\/' class=\"default-button\" target=\"_blank\">#Studief\u00f6rbundenSamlarSverige 25 maj<\/a>\n                    <\/div>\n        <\/div>\n    <\/div>\n<\/div>","protected":false},"excerpt":{"rendered":"","protected":false},"author":111,"featured_media":0,"parent":0,"menu_order":0,"comment_status":"closed","ping_status":"closed","template":"","meta":{"_acf_changed":false,"footnotes":""},"class_list":["post-1006","page","type-page","status-publish","hentry"],"acf":[],"yoast_head":"<!-- This site is optimized with the Yoast SEO plugin v27.0 - https:\/\/yoast.com\/product\/yoast-seo-wordpress\/ -->\n<title>#Studief\u00f6rbundenSamlarSverige - Skaraborg<\/title>\n<meta name=\"robots\" content=\"index, follow, max-snippet:-1, max-image-preview:large, max-video-preview:-1\" \/>\n<link rel=\"canonical\" href=\"https:\/\/www.abf.se\/skaraborg\/studieforbundensamlarsverige\/\" \/>\n<meta property=\"og:locale\" content=\"sv_SE\" \/>\n<meta property=\"og:type\" content=\"article\" \/>\n<meta property=\"og:title\" content=\"#Studief\u00f6rbundenSamlarSverige - Skaraborg\" \/>\n<meta property=\"og:url\" content=\"https:\/\/www.abf.se\/skaraborg\/studieforbundensamlarsverige\/\" \/>\n<meta property=\"og:site_name\" content=\"Skaraborg\" \/>\n<meta property=\"article:modified_time\" content=\"2025-01-24T11:19:31+00:00\" \/>\n<meta property=\"og:image\" content=\"https:\/\/www.abf.se\/wp-content\/uploads\/sites\/42\/2024\/04\/Nyckeln-liggande-scaled.jpg\" \/>\n\t<meta property=\"og:image:width\" content=\"2560\" \/>\n\t<meta property=\"og:image:height\" content=\"1440\" \/>\n\t<meta property=\"og:image:type\" content=\"image\/jpeg\" \/>\n<meta name=\"twitter:card\" content=\"summary_large_image\" \/>\n<script type=\"application\/ld+json\" class=\"yoast-schema-graph\">{\"@context\":\"https:\/\/schema.org\",\"@graph\":[{\"@type\":\"WebPage\",\"@id\":\"https:\/\/www.abf.se\/skaraborg\/studieforbundensamlarsverige\/\",\"url\":\"https:\/\/www.abf.se\/skaraborg\/studieforbundensamlarsverige\/\",\"name\":\"#Studief\u00f6rbundenSamlarSverige - Skaraborg\",\"isPartOf\":{\"@id\":\"https:\/\/www.abf.se\/skaraborg\/#website\"},\"datePublished\":\"2024-05-16T09:24:38+00:00\",\"dateModified\":\"2025-01-24T11:19:31+00:00\",\"breadcrumb\":{\"@id\":\"https:\/\/www.abf.se\/skaraborg\/studieforbundensamlarsverige\/#breadcrumb\"},\"inLanguage\":\"sv-SE\",\"potentialAction\":[{\"@type\":\"ReadAction\",\"target\":[\"https:\/\/www.abf.se\/skaraborg\/studieforbundensamlarsverige\/\"]}]},{\"@type\":\"BreadcrumbList\",\"@id\":\"https:\/\/www.abf.se\/skaraborg\/studieforbundensamlarsverige\/#breadcrumb\",\"itemListElement\":[{\"@type\":\"ListItem\",\"position\":1,\"name\":\"Home\",\"item\":\"https:\/\/www.abf.se\/skaraborg\/\"},{\"@type\":\"ListItem\",\"position\":2,\"name\":\"#Studief\u00f6rbundenSamlarSverige\"}]},{\"@type\":\"WebSite\",\"@id\":\"https:\/\/www.abf.se\/skaraborg\/#website\",\"url\":\"https:\/\/www.abf.se\/skaraborg\/\",\"name\":\"Skaraborg\",\"description\":\"\",\"potentialAction\":[{\"@type\":\"SearchAction\",\"target\":{\"@type\":\"EntryPoint\",\"urlTemplate\":\"https:\/\/www.abf.se\/skaraborg\/?s={search_term_string}\"},\"query-input\":{\"@type\":\"PropertyValueSpecification\",\"valueRequired\":true,\"valueName\":\"search_term_string\"}}],\"inLanguage\":\"sv-SE\"}]}<\/script>\n<!-- \/ Yoast SEO plugin. -->","yoast_head_json":{"title":"#Studief\u00f6rbundenSamlarSverige - Skaraborg","robots":{"index":"index","follow":"follow","max-snippet":"max-snippet:-1","max-image-preview":"max-image-preview:large","max-video-preview":"max-video-preview:-1"},"canonical":"https:\/\/www.abf.se\/skaraborg\/studieforbundensamlarsverige\/","og_locale":"sv_SE","og_type":"article","og_title":"#Studief\u00f6rbundenSamlarSverige - Skaraborg","og_url":"https:\/\/www.abf.se\/skaraborg\/studieforbundensamlarsverige\/","og_site_name":"Skaraborg","article_modified_time":"2025-01-24T11:19:31+00:00","og_image":[{"width":2560,"height":1440,"url":"https:\/\/www.abf.se\/wp-content\/uploads\/sites\/42\/2024\/04\/Nyckeln-liggande-scaled.jpg","type":"image\/jpeg"}],"twitter_card":"summary_large_image","schema":{"@context":"https:\/\/schema.org","@graph":[{"@type":"WebPage","@id":"https:\/\/www.abf.se\/skaraborg\/studieforbundensamlarsverige\/","url":"https:\/\/www.abf.se\/skaraborg\/studieforbundensamlarsverige\/","name":"#Studief\u00f6rbundenSamlarSverige - Skaraborg","isPartOf":{"@id":"https:\/\/www.abf.se\/skaraborg\/#website"},"datePublished":"2024-05-16T09:24:38+00:00","dateModified":"2025-01-24T11:19:31+00:00","breadcrumb":{"@id":"https:\/\/www.abf.se\/skaraborg\/studieforbundensamlarsverige\/#breadcrumb"},"inLanguage":"sv-SE","potentialAction":[{"@type":"ReadAction","target":["https:\/\/www.abf.se\/skaraborg\/studieforbundensamlarsverige\/"]}]},{"@type":"BreadcrumbList","@id":"https:\/\/www.abf.se\/skaraborg\/studieforbundensamlarsverige\/#breadcrumb","itemListElement":[{"@type":"ListItem","position":1,"name":"Home","item":"https:\/\/www.abf.se\/skaraborg\/"},{"@type":"ListItem","position":2,"name":"#Studief\u00f6rbundenSamlarSverige"}]},{"@type":"WebSite","@id":"https:\/\/www.abf.se\/skaraborg\/#website","url":"https:\/\/www.abf.se\/skaraborg\/","name":"Skaraborg","description":"","potentialAction":[{"@type":"SearchAction","target":{"@type":"EntryPoint","urlTemplate":"https:\/\/www.abf.se\/skaraborg\/?s={search_term_string}"},"query-input":{"@type":"PropertyValueSpecification","valueRequired":true,"valueName":"search_term_string"}}],"inLanguage":"sv-SE"}]}},"_links":{"self":[{"href":"https:\/\/www.abf.se\/skaraborg\/wp-json\/wp\/v2\/pages\/1006","targetHints":{"allow":["GET"]}}],"collection":[{"href":"https:\/\/www.abf.se\/skaraborg\/wp-json\/wp\/v2\/pages"}],"about":[{"href":"https:\/\/www.abf.se\/skaraborg\/wp-json\/wp\/v2\/types\/page"}],"author":[{"embeddable":true,"href":"https:\/\/www.abf.se\/skaraborg\/wp-json\/wp\/v2\/users\/111"}],"replies":[{"embeddable":true,"href":"https:\/\/www.abf.se\/skaraborg\/wp-json\/wp\/v2\/comments?post=1006"}],"version-history":[{"count":9,"href":"https:\/\/www.abf.se\/skaraborg\/wp-json\/wp\/v2\/pages\/1006\/revisions"}],"predecessor-version":[{"id":1905,"href":"https:\/\/www.abf.se\/skaraborg\/wp-json\/wp\/v2\/pages\/1006\/revisions\/1905"}],"wp:attachment":[{"href":"https:\/\/www.abf.se\/skaraborg\/wp-json\/wp\/v2\/media?parent=1006"}],"curies":[{"name":"wp","href":"https:\/\/api.w.org\/{rel}","templated":true}]}}