{"id":1257,"date":"2024-07-05T08:52:39","date_gmt":"2024-07-05T06:52:39","guid":{"rendered":"https:\/\/www.abf.se\/skaraborg\/?page_id=1257"},"modified":"2026-02-09T15:34:33","modified_gmt":"2026-02-09T14:34:33","slug":"cirkelledarutbildning-ht24","status":"publish","type":"page","link":"https:\/\/www.abf.se\/skaraborg\/cirkelledarutbildning-ht24\/","title":{"rendered":"Cirkelledarutbildning under 2026"},"content":{"rendered":"<div\n    class=\"acf-hero-block container-lg no-padding mb-12 js-geolocation\"\n    data-block=\"hero-block\"\n    data-index=\"0\"\n>\n    <div class=\"h-[548px]  relative rounded-[32px] overflow-hidden flex bg-gray-light\">\n        <div class=\"relative z-10 mt-auto h-auto w-full md:h-full\">\n            <div class=\"flex w-full h-full flex-col flex-wrap justify-end w-full md:w-7\/12 lg:w-1\/2 md:justify-center\">\n                <div class=\"flex flex-col gap-3 md:gap-[18px] md:transparent pt-16 pb-36 md:py-8 px-4 w-full md:max-w-[620px] mx-auto px-8\">\n\n                    <h1 class=\"hero-heading hero-heading--red-text\"><span>Cirkelledar-utbildningar under 2026<\/span><\/h1>\n\n                    \n                                    <\/div>\n            <\/div>\n        <\/div>\n\n                    <picture class=\"as-background-image mix-blend-multiply bg-black\/40\"><img decoding=\"async\" src=\"https:\/\/www.abf.se\/skaraborg\/resized\/?url=https%3A%2F%2Fwww.abf.se%2Fwp-content%2Fuploads%2Fsites%2F42%2F2026%2F01%2Fcover-cirkelledareutbildningar-2026.jpg&#038;fit=crop&#038;w=1440&#038;s=34416ecb2b7400b948c01f6f2b8620e9\" srcset=\"https:\/\/www.abf.se\/skaraborg\/resized\/?url=https%3A%2F%2Fwww.abf.se%2Fwp-content%2Fuploads%2Fsites%2F42%2F2026%2F01%2Fcover-cirkelledareutbildningar-2026.jpg&#038;fit=crop&#038;w=375&#038;h=540&#038;s=220579168fa4a9b4ea5a46de4c39301f 375w, https:\/\/www.abf.se\/skaraborg\/resized\/?url=https%3A%2F%2Fwww.abf.se%2Fwp-content%2Fuploads%2Fsites%2F42%2F2026%2F01%2Fcover-cirkelledareutbildningar-2026.jpg&#038;fit=crop&#038;w=447&#038;h=540&#038;s=a548dfbff89960b3ecbe264f90674133 447w, https:\/\/www.abf.se\/skaraborg\/resized\/?url=https%3A%2F%2Fwww.abf.se%2Fwp-content%2Fuploads%2Fsites%2F42%2F2026%2F01%2Fcover-cirkelledareutbildningar-2026.jpg&#038;fit=crop&#038;w=519&#038;h=540&#038;s=3b1808af6f9133096b002cd45c7d03cc 519w, https:\/\/www.abf.se\/skaraborg\/resized\/?url=https%3A%2F%2Fwww.abf.se%2Fwp-content%2Fuploads%2Fsites%2F42%2F2026%2F01%2Fcover-cirkelledareutbildningar-2026.jpg&#038;fit=crop&#038;w=591&#038;h=540&#038;s=67dd235549ddc75faabb67e5dcef9e1d 591w, https:\/\/www.abf.se\/skaraborg\/resized\/?url=https%3A%2F%2Fwww.abf.se%2Fwp-content%2Fuploads%2Fsites%2F42%2F2026%2F01%2Fcover-cirkelledareutbildningar-2026.jpg&#038;fit=crop&#038;w=663&#038;h=540&#038;s=604b04b53cf8fd067e9f5502b515a5a5 663w, https:\/\/www.abf.se\/skaraborg\/resized\/?url=https%3A%2F%2Fwww.abf.se%2Fwp-content%2Fuploads%2Fsites%2F42%2F2026%2F01%2Fcover-cirkelledareutbildningar-2026.jpg&#038;fit=crop&#038;w=750&#038;h=540&#038;s=c8c0dae053f023b6d25f0162dbe76c40 750w, https:\/\/www.abf.se\/skaraborg\/resized\/?url=https%3A%2F%2Fwww.abf.se%2Fwp-content%2Fuploads%2Fsites%2F42%2F2026%2F01%2Fcover-cirkelledareutbildningar-2026.jpg&#038;fit=crop&#038;w=894&#038;h=540&#038;s=913f5f3e7e460d3504b2da3b38163dcf 894w, https:\/\/www.abf.se\/skaraborg\/resized\/?url=https%3A%2F%2Fwww.abf.se%2Fwp-content%2Fuploads%2Fsites%2F42%2F2026%2F01%2Fcover-cirkelledareutbildningar-2026.jpg&#038;fit=crop&#038;w=1038&#038;h=540&#038;s=cde255283405ecb0b00d3f7a2e36a819 1038w, https:\/\/www.abf.se\/skaraborg\/resized\/?url=https%3A%2F%2Fwww.abf.se%2Fwp-content%2Fuploads%2Fsites%2F42%2F2026%2F01%2Fcover-cirkelledareutbildningar-2026.jpg&#038;fit=crop&#038;w=1182&#038;h=540&#038;s=beb979d39fd4138042fb08110bed9803 1182w, https:\/\/www.abf.se\/skaraborg\/resized\/?url=https%3A%2F%2Fwww.abf.se%2Fwp-content%2Fuploads%2Fsites%2F42%2F2026%2F01%2Fcover-cirkelledareutbildningar-2026.jpg&#038;fit=crop&#038;w=1326&#038;h=540&#038;s=d5474170a3007c942d9c92f3b567cf79 1326w, https:\/\/www.abf.se\/skaraborg\/resized\/?url=https%3A%2F%2Fwww.abf.se%2Fwp-content%2Fuploads%2Fsites%2F42%2F2026%2F01%2Fcover-cirkelledareutbildningar-2026.jpg&#038;fit=crop&#038;w=1440&#038;h=540&#038;s=2742696bc59c3a560ed50c30d6a80d6c 1440w\" alt=\"\" height=\"540\" width=\"1440\" sizes=\"(max-width: 1440px) calc(100vw - 32px), 1440px\" loading=\"eager\" fetchpriority=\"high\" aria-hidden=\"true\" role=\"presentation\" \/><\/picture>\n        \n\n            <\/div>\n\n    <\/div>\n\n<div\n    class=\"acf-text-image-block container my-12 md:my-15\"\n    data-block=\"text-image-block\"\n>\n    <div\n    class=\"flex flex-col items-center md:flex-row gap-8 md:gap-0 justify-center\">\n        \n        <div class=\"w-full md:w-1\/2 md:order-1\">\n        <div class=\"mx-auto md:max-w-[368px]\">\n            <h2 class=\"heading-lg\"><\/h2>\n            <div class=\"mb-6 mt-4 wysiwyg\">\n                <p><strong>Datum f\u00f6r cirkelledarutbildning Grund <\/strong><strong>2026<\/strong><\/p>\n<p>Cirkelledar-utbildning Grund ger dig chansen att fa\u030a pedagogiska och metodiska baskunskaper, kunskaper om folkbildning samt ABFs v\u00e4rdegrund.<\/p>\n<p><strong>Cirkelledar-utbildningen genomf\u00f6rs fysiskt p\u00e5 plats.<\/strong><\/p>\n<p><span style=\"text-decoration: underline\">Mariestad<\/span><br \/>\n1 tr\u00e4ff heldag\/helg, Kl. 09.00-15.00, <strong>18\/4<\/strong><\/p>\n<p><span style=\"text-decoration: underline\">Falk\u00f6ping<\/span><br \/>\n1 tr\u00e4ff heldag\/helg, Kl. 09.00-15.00, <strong>10\/10<\/strong><\/p>\n<p><span style=\"text-decoration: underline\">Lidk\u00f6ping <\/span><br \/>\n3 tr\u00e4ffar kv\u00e4llstid, Kl. 18.00-21.15, <strong>23\/9 <\/strong>eller<strong> 30\/9 <\/strong>eller<strong> 7\/10<\/strong><\/p>\n<p><span style=\"text-decoration: underline\">Sk\u00f6vde<\/span><br \/>\n2 tr\u00e4ffar fm, Kl. 09.00-12.15, <strong>4\/3 eller 18\/3<\/strong><\/p>\n<p><span style=\"text-decoration: underline\">Sk\u00f6vde<br \/>\n<\/span>1 tr\u00e4ff em. Kl.13.00-16.15, <strong>25\/3<\/strong><\/p>\n<p><span style=\"text-decoration: underline\">Sk\u00f6vde f\u00f6rdjupning (gruppens arbete)<br \/>\n<\/span>1 tr\u00e4ff heldag\/helg, Kl. 09.00-16.30, <strong>25\/4<\/strong><\/p>\n<p><span style=\"text-decoration: underline\">Sk\u00f6vde f\u00f6rdjupning (ABF:s historia)<br \/>\n<\/span>1 tr\u00e4ff heldag\/helg, Kl. 09.00-16.30, <strong>10\/10<\/strong><\/p>\n<p><strong>Inneh\u00e5ll:<\/strong><\/p>\n<ul>\n<li>Vad \u00e4r Folkbildning?<\/li>\n<li>Folkbildningen i allm\u00e4nhet och ABF i synnerhet.<\/li>\n<li>V\u00e5rt bildningsf\u00f6rbunds och folkbildningens historia<\/li>\n<li>Att leda en studiecirkel<\/li>\n<li>Hur f\u00e5r du en fungerande grupp?<\/li>\n<li>Tips kring f\u00f6rsta sammankomsten<\/li>\n<li>Olika verksamhetsformer inom folkbildningen<\/li>\n<li>Regler och riktlinjer f\u00f6r folkbildningen<\/li>\n<li>E-listor<\/li>\n<\/ul>\n<p><strong>\u00a0<\/strong><strong>Kursledare:<br \/>\nKari Nurkkanen och\/eller Ulrica Walthereson\/Johan jacobsson<\/strong><\/p>\n<p><strong>Anm\u00e4l dig senast 1 vecka innan start till n\u00e5gon av dessa utbildningar. I anm\u00e4lan anger du ditt personnummer, namn, e-postadress och mobiltelefonnummer.<\/strong><\/p>\n<ul>\n<li><strong>Meddela om du har n\u00e5gon matallergi<\/strong><\/li>\n<\/ul>\n<p>Anm\u00e4lan till ABF Skaraborg Mariestad 0501-150 70, Falk\u00f6ping 0515-171 45, Tidaholm 073-518 73 02, Lidk\u00f6ping 0510-213 07, Sk\u00f6vde 0500-41 05 55 eller till din kontaktperson p\u00e5 ABF,<br \/>\n(begr\u00e4nsat med platser &#8211; f\u00f6rst till kvarn g\u00e4ller).<\/p>\n<p><strong>T\u00e4nk p\u00e5 att i ABFs lokaler har vi varken parfym eller rakvatten p\u00e5 grund av v\u00e5ra allergiker!<\/strong><\/p>\n\n            <\/div>\n                    <\/div>\n        <\/div>\n    <\/div>\n<\/div>","protected":false},"excerpt":{"rendered":"","protected":false},"author":111,"featured_media":0,"parent":0,"menu_order":0,"comment_status":"closed","ping_status":"closed","template":"","meta":{"_acf_changed":false,"footnotes":""},"class_list":["post-1257","page","type-page","status-publish","hentry"],"acf":[],"yoast_head":"<!-- This site is optimized with the Yoast SEO plugin v27.0 - https:\/\/yoast.com\/product\/yoast-seo-wordpress\/ -->\n<title>Cirkelledarutbildning under 2026 - Skaraborg<\/title>\n<meta name=\"robots\" content=\"index, follow, max-snippet:-1, max-image-preview:large, max-video-preview:-1\" \/>\n<link rel=\"canonical\" href=\"https:\/\/www.abf.se\/skaraborg\/cirkelledarutbildning-ht24\/\" \/>\n<meta property=\"og:locale\" content=\"sv_SE\" \/>\n<meta property=\"og:type\" content=\"article\" \/>\n<meta property=\"og:title\" content=\"Cirkelledarutbildning under 2026 - Skaraborg\" \/>\n<meta property=\"og:url\" content=\"https:\/\/www.abf.se\/skaraborg\/cirkelledarutbildning-ht24\/\" \/>\n<meta property=\"og:site_name\" content=\"Skaraborg\" \/>\n<meta property=\"article:modified_time\" content=\"2026-02-09T14:34:33+00:00\" \/>\n<meta property=\"og:image\" content=\"https:\/\/www.abf.se\/wp-content\/uploads\/sites\/42\/2024\/04\/Nyckeln-liggande-scaled.jpg\" \/>\n\t<meta property=\"og:image:width\" content=\"2560\" \/>\n\t<meta property=\"og:image:height\" content=\"1440\" \/>\n\t<meta property=\"og:image:type\" content=\"image\/jpeg\" \/>\n<meta name=\"twitter:card\" content=\"summary_large_image\" \/>\n<script type=\"application\/ld+json\" class=\"yoast-schema-graph\">{\"@context\":\"https:\/\/schema.org\",\"@graph\":[{\"@type\":\"WebPage\",\"@id\":\"https:\/\/www.abf.se\/skaraborg\/cirkelledarutbildning-ht24\/\",\"url\":\"https:\/\/www.abf.se\/skaraborg\/cirkelledarutbildning-ht24\/\",\"name\":\"Cirkelledarutbildning under 2026 - Skaraborg\",\"isPartOf\":{\"@id\":\"https:\/\/www.abf.se\/skaraborg\/#website\"},\"datePublished\":\"2024-07-05T06:52:39+00:00\",\"dateModified\":\"2026-02-09T14:34:33+00:00\",\"breadcrumb\":{\"@id\":\"https:\/\/www.abf.se\/skaraborg\/cirkelledarutbildning-ht24\/#breadcrumb\"},\"inLanguage\":\"sv-SE\",\"potentialAction\":[{\"@type\":\"ReadAction\",\"target\":[\"https:\/\/www.abf.se\/skaraborg\/cirkelledarutbildning-ht24\/\"]}]},{\"@type\":\"BreadcrumbList\",\"@id\":\"https:\/\/www.abf.se\/skaraborg\/cirkelledarutbildning-ht24\/#breadcrumb\",\"itemListElement\":[{\"@type\":\"ListItem\",\"position\":1,\"name\":\"Home\",\"item\":\"https:\/\/www.abf.se\/skaraborg\/\"},{\"@type\":\"ListItem\",\"position\":2,\"name\":\"Cirkelledarutbildning under 2026\"}]},{\"@type\":\"WebSite\",\"@id\":\"https:\/\/www.abf.se\/skaraborg\/#website\",\"url\":\"https:\/\/www.abf.se\/skaraborg\/\",\"name\":\"Skaraborg\",\"description\":\"\",\"potentialAction\":[{\"@type\":\"SearchAction\",\"target\":{\"@type\":\"EntryPoint\",\"urlTemplate\":\"https:\/\/www.abf.se\/skaraborg\/?s={search_term_string}\"},\"query-input\":{\"@type\":\"PropertyValueSpecification\",\"valueRequired\":true,\"valueName\":\"search_term_string\"}}],\"inLanguage\":\"sv-SE\"}]}<\/script>\n<!-- \/ Yoast SEO plugin. -->","yoast_head_json":{"title":"Cirkelledarutbildning under 2026 - Skaraborg","robots":{"index":"index","follow":"follow","max-snippet":"max-snippet:-1","max-image-preview":"max-image-preview:large","max-video-preview":"max-video-preview:-1"},"canonical":"https:\/\/www.abf.se\/skaraborg\/cirkelledarutbildning-ht24\/","og_locale":"sv_SE","og_type":"article","og_title":"Cirkelledarutbildning under 2026 - Skaraborg","og_url":"https:\/\/www.abf.se\/skaraborg\/cirkelledarutbildning-ht24\/","og_site_name":"Skaraborg","article_modified_time":"2026-02-09T14:34:33+00:00","og_image":[{"width":2560,"height":1440,"url":"https:\/\/www.abf.se\/wp-content\/uploads\/sites\/42\/2024\/04\/Nyckeln-liggande-scaled.jpg","type":"image\/jpeg"}],"twitter_card":"summary_large_image","schema":{"@context":"https:\/\/schema.org","@graph":[{"@type":"WebPage","@id":"https:\/\/www.abf.se\/skaraborg\/cirkelledarutbildning-ht24\/","url":"https:\/\/www.abf.se\/skaraborg\/cirkelledarutbildning-ht24\/","name":"Cirkelledarutbildning under 2026 - Skaraborg","isPartOf":{"@id":"https:\/\/www.abf.se\/skaraborg\/#website"},"datePublished":"2024-07-05T06:52:39+00:00","dateModified":"2026-02-09T14:34:33+00:00","breadcrumb":{"@id":"https:\/\/www.abf.se\/skaraborg\/cirkelledarutbildning-ht24\/#breadcrumb"},"inLanguage":"sv-SE","potentialAction":[{"@type":"ReadAction","target":["https:\/\/www.abf.se\/skaraborg\/cirkelledarutbildning-ht24\/"]}]},{"@type":"BreadcrumbList","@id":"https:\/\/www.abf.se\/skaraborg\/cirkelledarutbildning-ht24\/#breadcrumb","itemListElement":[{"@type":"ListItem","position":1,"name":"Home","item":"https:\/\/www.abf.se\/skaraborg\/"},{"@type":"ListItem","position":2,"name":"Cirkelledarutbildning under 2026"}]},{"@type":"WebSite","@id":"https:\/\/www.abf.se\/skaraborg\/#website","url":"https:\/\/www.abf.se\/skaraborg\/","name":"Skaraborg","description":"","potentialAction":[{"@type":"SearchAction","target":{"@type":"EntryPoint","urlTemplate":"https:\/\/www.abf.se\/skaraborg\/?s={search_term_string}"},"query-input":{"@type":"PropertyValueSpecification","valueRequired":true,"valueName":"search_term_string"}}],"inLanguage":"sv-SE"}]}},"_links":{"self":[{"href":"https:\/\/www.abf.se\/skaraborg\/wp-json\/wp\/v2\/pages\/1257","targetHints":{"allow":["GET"]}}],"collection":[{"href":"https:\/\/www.abf.se\/skaraborg\/wp-json\/wp\/v2\/pages"}],"about":[{"href":"https:\/\/www.abf.se\/skaraborg\/wp-json\/wp\/v2\/types\/page"}],"author":[{"embeddable":true,"href":"https:\/\/www.abf.se\/skaraborg\/wp-json\/wp\/v2\/users\/111"}],"replies":[{"embeddable":true,"href":"https:\/\/www.abf.se\/skaraborg\/wp-json\/wp\/v2\/comments?post=1257"}],"version-history":[{"count":25,"href":"https:\/\/www.abf.se\/skaraborg\/wp-json\/wp\/v2\/pages\/1257\/revisions"}],"predecessor-version":[{"id":2506,"href":"https:\/\/www.abf.se\/skaraborg\/wp-json\/wp\/v2\/pages\/1257\/revisions\/2506"}],"wp:attachment":[{"href":"https:\/\/www.abf.se\/skaraborg\/wp-json\/wp\/v2\/media?parent=1257"}],"curies":[{"name":"wp","href":"https:\/\/api.w.org\/{rel}","templated":true}]}}