{"id":1920,"date":"2025-01-27T13:28:35","date_gmt":"2025-01-27T12:28:35","guid":{"rendered":"https:\/\/www.abf.se\/skaraborg\/?page_id=1920"},"modified":"2025-08-25T16:05:43","modified_gmt":"2025-08-25T14:05:43","slug":"ssf-varprogram-2025-och-information","status":"publish","type":"page","link":"https:\/\/www.abf.se\/skaraborg\/ssf-varprogram-2025-och-information\/","title":{"rendered":"Skaraborgs stamningsf\u00f6rening &#8211; SSF h\u00f6stprogram 2025 och information"},"content":{"rendered":"<div\n    class=\"acf-hero-block container-lg no-padding mb-12 js-geolocation\"\n    data-block=\"hero-block\"\n    data-index=\"0\"\n>\n    <div class=\"h-[548px]  relative rounded-[32px] overflow-hidden flex bg-gray-light\">\n        <div class=\"relative z-10 mt-auto h-auto w-full md:h-full\">\n            <div class=\"flex w-full h-full flex-col flex-wrap justify-end w-full md:w-7\/12 lg:w-1\/2 md:justify-center\">\n                <div class=\"flex flex-col gap-3 md:gap-[18px] md:transparent pt-16 pb-36 md:py-8 px-4 w-full md:max-w-[620px] mx-auto px-8\">\n\n                    <h1 class=\"hero-heading hero-heading--red-text\"><span>Skaraborgs stamingnsf\u00f6rening &#8211; SSF<\/span><\/h1>\n\n                    \n                                    <\/div>\n            <\/div>\n        <\/div>\n\n                    <picture class=\"as-background-image mix-blend-multiply bg-black\/40\"><img decoding=\"async\" src=\"https:\/\/www.abf.se\/skaraborg\/resized\/?url=https%3A%2F%2Fwww.abf.se%2Fwp-content%2Fuploads%2Fsites%2F42%2F2025%2F01%2FSSF-logga-2.jpg&#038;fit=crop&#038;w=1440&#038;s=55917f9fbdeeac2309fd61c8e60fa678\" srcset=\"https:\/\/www.abf.se\/skaraborg\/resized\/?url=https%3A%2F%2Fwww.abf.se%2Fwp-content%2Fuploads%2Fsites%2F42%2F2025%2F01%2FSSF-logga-2.jpg&#038;fit=crop&#038;w=375&#038;h=540&#038;s=d65bd5e5968803c367c7dd16a30f6887 375w, https:\/\/www.abf.se\/skaraborg\/resized\/?url=https%3A%2F%2Fwww.abf.se%2Fwp-content%2Fuploads%2Fsites%2F42%2F2025%2F01%2FSSF-logga-2.jpg&#038;fit=crop&#038;w=447&#038;h=540&#038;s=742ef358ed470ead6691508699d21820 447w, https:\/\/www.abf.se\/skaraborg\/resized\/?url=https%3A%2F%2Fwww.abf.se%2Fwp-content%2Fuploads%2Fsites%2F42%2F2025%2F01%2FSSF-logga-2.jpg&#038;fit=crop&#038;w=519&#038;h=540&#038;s=ea20b4bdb17f642de85df6023058b536 519w, https:\/\/www.abf.se\/skaraborg\/resized\/?url=https%3A%2F%2Fwww.abf.se%2Fwp-content%2Fuploads%2Fsites%2F42%2F2025%2F01%2FSSF-logga-2.jpg&#038;fit=crop&#038;w=591&#038;h=540&#038;s=28fe7a8fcbd0325acfa0314d910c0593 591w, https:\/\/www.abf.se\/skaraborg\/resized\/?url=https%3A%2F%2Fwww.abf.se%2Fwp-content%2Fuploads%2Fsites%2F42%2F2025%2F01%2FSSF-logga-2.jpg&#038;fit=crop&#038;w=663&#038;h=540&#038;s=884decfb28b1fb173f8102f1d6e83a5d 663w, https:\/\/www.abf.se\/skaraborg\/resized\/?url=https%3A%2F%2Fwww.abf.se%2Fwp-content%2Fuploads%2Fsites%2F42%2F2025%2F01%2FSSF-logga-2.jpg&#038;fit=crop&#038;w=750&#038;h=540&#038;s=cd8a4f2429b64d63370802b1282998c8 750w, https:\/\/www.abf.se\/skaraborg\/resized\/?url=https%3A%2F%2Fwww.abf.se%2Fwp-content%2Fuploads%2Fsites%2F42%2F2025%2F01%2FSSF-logga-2.jpg&#038;fit=crop&#038;w=894&#038;h=540&#038;s=9d7c96261757a9bb811ce1a876971f1e 894w, https:\/\/www.abf.se\/skaraborg\/resized\/?url=https%3A%2F%2Fwww.abf.se%2Fwp-content%2Fuploads%2Fsites%2F42%2F2025%2F01%2FSSF-logga-2.jpg&#038;fit=crop&#038;w=1038&#038;h=540&#038;s=eedf8e333febfee2af7b904993cd94d2 1038w, https:\/\/www.abf.se\/skaraborg\/resized\/?url=https%3A%2F%2Fwww.abf.se%2Fwp-content%2Fuploads%2Fsites%2F42%2F2025%2F01%2FSSF-logga-2.jpg&#038;fit=crop&#038;w=1182&#038;h=540&#038;s=3cbd0b93d33d026b9847105886f2ade6 1182w, https:\/\/www.abf.se\/skaraborg\/resized\/?url=https%3A%2F%2Fwww.abf.se%2Fwp-content%2Fuploads%2Fsites%2F42%2F2025%2F01%2FSSF-logga-2.jpg&#038;fit=crop&#038;w=1326&#038;h=540&#038;s=35db59e6efdc6286ea88b8f969a43fee 1326w, https:\/\/www.abf.se\/skaraborg\/resized\/?url=https%3A%2F%2Fwww.abf.se%2Fwp-content%2Fuploads%2Fsites%2F42%2F2025%2F01%2FSSF-logga-2.jpg&#038;fit=crop&#038;w=1440&#038;h=540&#038;s=40e3f158d67648fad8dec6f914140c1b 1440w\" alt=\"\" height=\"540\" width=\"1440\" sizes=\"(max-width: 1440px) calc(100vw - 32px), 1440px\" loading=\"eager\" fetchpriority=\"high\" aria-hidden=\"true\" role=\"presentation\" \/><\/picture>\n        \n\n            <\/div>\n\n    <\/div>\n\n<div\n    class=\"acf-article-image-block mb-12 container\"\n    data-block=\"article-image-block\"\n>\n<div class=\"grid md:grid-cols-2 gap-4\">\n\n        <figure>\n        \n            <picture class=\"round-corners-lg w-full\"><img decoding=\"async\" src=\"https:\/\/www.abf.se\/skaraborg\/resized\/?url=https%3A%2F%2Fwww.abf.se%2Fwp-content%2Fuploads%2Fsites%2F42%2F2025%2F08%2FSSF-hostprogram-2025-sid-1-jpg.jpg&#038;fit=contain&#038;w=578&#038;s=e0290d8e74d2cfe39ccce62e39874e36\" srcset=\"https:\/\/www.abf.se\/skaraborg\/resized\/?url=https%3A%2F%2Fwww.abf.se%2Fwp-content%2Fuploads%2Fsites%2F42%2F2025%2F08%2FSSF-hostprogram-2025-sid-1-jpg.jpg&#038;fit=contain&#038;w=375&#038;h=530&#038;s=6aeb5324237db51f3c3a2d4e3e6a2a04 375w, https:\/\/www.abf.se\/skaraborg\/resized\/?url=https%3A%2F%2Fwww.abf.se%2Fwp-content%2Fuploads%2Fsites%2F42%2F2025%2F08%2FSSF-hostprogram-2025-sid-1-jpg.jpg&#038;fit=contain&#038;w=423&#038;h=597&#038;s=0ef4e7458b1112eef322c941e6dbc0d5 423w, https:\/\/www.abf.se\/skaraborg\/resized\/?url=https%3A%2F%2Fwww.abf.se%2Fwp-content%2Fuploads%2Fsites%2F42%2F2025%2F08%2FSSF-hostprogram-2025-sid-1-jpg.jpg&#038;fit=contain&#038;w=471&#038;h=665&#038;s=2eb1f2ad781b7cbcb5131fc9af5007f8 471w, https:\/\/www.abf.se\/skaraborg\/resized\/?url=https%3A%2F%2Fwww.abf.se%2Fwp-content%2Fuploads%2Fsites%2F42%2F2025%2F08%2FSSF-hostprogram-2025-sid-1-jpg.jpg&#038;fit=contain&#038;w=519&#038;h=733&#038;s=b418c54b9ea107a7e1f69ea058826417 519w, https:\/\/www.abf.se\/skaraborg\/resized\/?url=https%3A%2F%2Fwww.abf.se%2Fwp-content%2Fuploads%2Fsites%2F42%2F2025%2F08%2FSSF-hostprogram-2025-sid-1-jpg.jpg&#038;fit=contain&#038;w=567&#038;h=801&#038;s=83bc280278686a47fee71bd244680568 567w, https:\/\/www.abf.se\/skaraborg\/resized\/?url=https%3A%2F%2Fwww.abf.se%2Fwp-content%2Fuploads%2Fsites%2F42%2F2025%2F08%2FSSF-hostprogram-2025-sid-1-jpg.jpg&#038;fit=contain&#038;w=578&#038;s=e0290d8e74d2cfe39ccce62e39874e36 578w, https:\/\/www.abf.se\/skaraborg\/resized\/?url=https%3A%2F%2Fwww.abf.se%2Fwp-content%2Fuploads%2Fsites%2F42%2F2025%2F08%2FSSF-hostprogram-2025-sid-1-jpg.jpg&#038;fit=contain&#038;w=750&#038;h=1060&#038;s=d21c91b1852d1321a935470214486cdf 750w, https:\/\/www.abf.se\/skaraborg\/resized\/?url=https%3A%2F%2Fwww.abf.se%2Fwp-content%2Fuploads%2Fsites%2F42%2F2025%2F08%2FSSF-hostprogram-2025-sid-1-jpg.jpg&#038;fit=contain&#038;w=846&#038;h=1195&#038;s=0c580d75a7c26178edc27cc025938f50 846w, https:\/\/www.abf.se\/skaraborg\/resized\/?url=https%3A%2F%2Fwww.abf.se%2Fwp-content%2Fuploads%2Fsites%2F42%2F2025%2F08%2FSSF-hostprogram-2025-sid-1-jpg.jpg&#038;fit=contain&#038;w=942&#038;h=1331&#038;s=13568105b7edf1334e3662c8be8000c2 942w, https:\/\/www.abf.se\/skaraborg\/resized\/?url=https%3A%2F%2Fwww.abf.se%2Fwp-content%2Fuploads%2Fsites%2F42%2F2025%2F08%2FSSF-hostprogram-2025-sid-1-jpg.jpg&#038;fit=contain&#038;w=1038&#038;h=1467&#038;s=39132a0da42c86648860a154d876ec9a 1038w, https:\/\/www.abf.se\/skaraborg\/resized\/?url=https%3A%2F%2Fwww.abf.se%2Fwp-content%2Fuploads%2Fsites%2F42%2F2025%2F08%2FSSF-hostprogram-2025-sid-1-jpg.jpg&#038;fit=contain&#038;w=1134&#038;h=1602&#038;s=f017b9ef4b6ff122dfb85c810f540643 1134w\" alt=\"\" height=\"817\" width=\"578\" sizes=\"auto, (max-width: 768px) calc(100vw - 40px), (min-width: 768px) and (max-width: 1156px) calc(50vw - 56px), calc((1156px \/ 2) - 16px)\" loading=\"lazy\" fetchpriority=\"low\" class=\"round-corners-lg w-full\" \/><\/picture>\n                        <\/figure>\n        <figure>\n        \n            <picture class=\"round-corners-lg w-full\"><img decoding=\"async\" src=\"https:\/\/www.abf.se\/skaraborg\/resized\/?url=https%3A%2F%2Fwww.abf.se%2Fwp-content%2Fuploads%2Fsites%2F42%2F2025%2F08%2FSSF-hostprogram-2025-sid-2-jpg.jpg&#038;fit=contain&#038;w=578&#038;s=c9c80374a88a3a2a34732fb03b7d3774\" srcset=\"https:\/\/www.abf.se\/skaraborg\/resized\/?url=https%3A%2F%2Fwww.abf.se%2Fwp-content%2Fuploads%2Fsites%2F42%2F2025%2F08%2FSSF-hostprogram-2025-sid-2-jpg.jpg&#038;fit=contain&#038;w=375&#038;h=530&#038;s=10fe629c0996b69ed8e622fdece904f6 375w, https:\/\/www.abf.se\/skaraborg\/resized\/?url=https%3A%2F%2Fwww.abf.se%2Fwp-content%2Fuploads%2Fsites%2F42%2F2025%2F08%2FSSF-hostprogram-2025-sid-2-jpg.jpg&#038;fit=contain&#038;w=423&#038;h=597&#038;s=7f7e426c5b9459709a1cc8dc1fc1815c 423w, https:\/\/www.abf.se\/skaraborg\/resized\/?url=https%3A%2F%2Fwww.abf.se%2Fwp-content%2Fuploads%2Fsites%2F42%2F2025%2F08%2FSSF-hostprogram-2025-sid-2-jpg.jpg&#038;fit=contain&#038;w=471&#038;h=665&#038;s=35707ee1dcb4792298eaba9289cb7056 471w, https:\/\/www.abf.se\/skaraborg\/resized\/?url=https%3A%2F%2Fwww.abf.se%2Fwp-content%2Fuploads%2Fsites%2F42%2F2025%2F08%2FSSF-hostprogram-2025-sid-2-jpg.jpg&#038;fit=contain&#038;w=519&#038;h=733&#038;s=56a9acf5ea5a7ae49c06441df4ff9563 519w, https:\/\/www.abf.se\/skaraborg\/resized\/?url=https%3A%2F%2Fwww.abf.se%2Fwp-content%2Fuploads%2Fsites%2F42%2F2025%2F08%2FSSF-hostprogram-2025-sid-2-jpg.jpg&#038;fit=contain&#038;w=567&#038;h=801&#038;s=2b5b7dc3ab06aaa90d24f8e710991014 567w, https:\/\/www.abf.se\/skaraborg\/resized\/?url=https%3A%2F%2Fwww.abf.se%2Fwp-content%2Fuploads%2Fsites%2F42%2F2025%2F08%2FSSF-hostprogram-2025-sid-2-jpg.jpg&#038;fit=contain&#038;w=578&#038;s=c9c80374a88a3a2a34732fb03b7d3774 578w, https:\/\/www.abf.se\/skaraborg\/resized\/?url=https%3A%2F%2Fwww.abf.se%2Fwp-content%2Fuploads%2Fsites%2F42%2F2025%2F08%2FSSF-hostprogram-2025-sid-2-jpg.jpg&#038;fit=contain&#038;w=750&#038;h=1060&#038;s=58a44afac0efdb84bdf5ec3b10ef848e 750w, https:\/\/www.abf.se\/skaraborg\/resized\/?url=https%3A%2F%2Fwww.abf.se%2Fwp-content%2Fuploads%2Fsites%2F42%2F2025%2F08%2FSSF-hostprogram-2025-sid-2-jpg.jpg&#038;fit=contain&#038;w=846&#038;h=1195&#038;s=42107dd28e60e211f7c02997de367558 846w, https:\/\/www.abf.se\/skaraborg\/resized\/?url=https%3A%2F%2Fwww.abf.se%2Fwp-content%2Fuploads%2Fsites%2F42%2F2025%2F08%2FSSF-hostprogram-2025-sid-2-jpg.jpg&#038;fit=contain&#038;w=942&#038;h=1331&#038;s=87d0a3922c67ae0468a5e6324546f2cb 942w, https:\/\/www.abf.se\/skaraborg\/resized\/?url=https%3A%2F%2Fwww.abf.se%2Fwp-content%2Fuploads%2Fsites%2F42%2F2025%2F08%2FSSF-hostprogram-2025-sid-2-jpg.jpg&#038;fit=contain&#038;w=1038&#038;h=1467&#038;s=8ac7e27577084b6a12689abfea8c1f26 1038w, https:\/\/www.abf.se\/skaraborg\/resized\/?url=https%3A%2F%2Fwww.abf.se%2Fwp-content%2Fuploads%2Fsites%2F42%2F2025%2F08%2FSSF-hostprogram-2025-sid-2-jpg.jpg&#038;fit=contain&#038;w=1134&#038;h=1602&#038;s=010cda435907367f1d33d596d156ba9f 1134w\" alt=\"\" height=\"817\" width=\"578\" sizes=\"auto, (max-width: 768px) calc(100vw - 40px), (min-width: 768px) and (max-width: 1156px) calc(50vw - 56px), calc((1156px \/ 2) - 16px)\" loading=\"lazy\" fetchpriority=\"low\" class=\"round-corners-lg w-full\" \/><\/picture>\n                        <\/figure>\n        <\/div>\n\n<\/div>\n<div\n    class=\"acf-article-facts-block article-container  my-8 \"\n    data-block=\"article-facts-block\"\n>\n<div class=\"bg-teal-light border border-teal p-8 rounded-corners-sm\">\n<header>\n        <h2 class=\"heading-md text-teal-dark mb-3\">\n            Skaraborgs stamningsf\u00f6rening &#8211; SSF\n        <\/h2>\n    <\/header>\n    <div class=\"wysiwyg\">\n        <p>F\u00f6r mer utf\u00f6rlig information om v\u00e5ra tr\u00e4ffar och annat vi eller riksf\u00f6rbundet anordnar, kolla v\u00e5r hemsida, <a href=\"https:\/\/skaraborgsstf.wordpress.com\/\">ssf.st<\/a> och f\u00f6lj oss p\u00e5 Facebook.<\/p>\n<p><span style=\"text-decoration: underline\">Kontaktuppgifter<\/span><\/p>\n<p><strong>Anita Blom<\/strong><br \/>\n0705-22 39 16<br \/>\nanitasblom@gmail.com<\/p>\n<p><strong>Mary Johansson<\/strong><br \/>\n0761-17 79 68<br \/>\nmarybjohansson@gmail.com<\/p>\n<p><strong>Hans-Erik Eklund<\/strong><br \/>\n0723-01 79 39<br \/>\nh-e.eklund@hotmail.com<\/p>\n<p><strong>Kerstin Djupstr\u00f6m<\/strong><br \/>\n0709-30 93 83<br \/>\nkerstin.djupstrom@hotmail.com<\/p>\n\n    <\/div>\n<\/div>\n\n<\/div>\n","protected":false},"excerpt":{"rendered":"","protected":false},"author":111,"featured_media":0,"parent":0,"menu_order":0,"comment_status":"closed","ping_status":"closed","template":"","meta":{"_acf_changed":false,"footnotes":""},"class_list":["post-1920","page","type-page","status-publish","hentry"],"acf":[],"yoast_head":"<!-- This site is optimized with the Yoast SEO plugin v27.0 - https:\/\/yoast.com\/product\/yoast-seo-wordpress\/ -->\n<title>Skaraborgs stamningsf\u00f6rening - SSF h\u00f6stprogram 2025 och information - Skaraborg<\/title>\n<meta name=\"robots\" content=\"index, follow, max-snippet:-1, max-image-preview:large, max-video-preview:-1\" \/>\n<link rel=\"canonical\" href=\"https:\/\/www.abf.se\/skaraborg\/ssf-varprogram-2025-och-information\/\" \/>\n<meta property=\"og:locale\" content=\"sv_SE\" \/>\n<meta property=\"og:type\" content=\"article\" \/>\n<meta property=\"og:title\" content=\"Skaraborgs stamningsf\u00f6rening - SSF h\u00f6stprogram 2025 och information - Skaraborg\" \/>\n<meta property=\"og:url\" content=\"https:\/\/www.abf.se\/skaraborg\/ssf-varprogram-2025-och-information\/\" \/>\n<meta property=\"og:site_name\" content=\"Skaraborg\" \/>\n<meta property=\"article:modified_time\" content=\"2025-08-25T14:05:43+00:00\" \/>\n<meta property=\"og:image\" content=\"https:\/\/www.abf.se\/wp-content\/uploads\/sites\/42\/2024\/04\/Nyckeln-liggande-scaled.jpg\" \/>\n\t<meta property=\"og:image:width\" content=\"2560\" \/>\n\t<meta property=\"og:image:height\" content=\"1440\" \/>\n\t<meta property=\"og:image:type\" content=\"image\/jpeg\" \/>\n<meta name=\"twitter:card\" content=\"summary_large_image\" \/>\n<script type=\"application\/ld+json\" class=\"yoast-schema-graph\">{\"@context\":\"https:\/\/schema.org\",\"@graph\":[{\"@type\":\"WebPage\",\"@id\":\"https:\/\/www.abf.se\/skaraborg\/ssf-varprogram-2025-och-information\/\",\"url\":\"https:\/\/www.abf.se\/skaraborg\/ssf-varprogram-2025-och-information\/\",\"name\":\"Skaraborgs stamningsf\u00f6rening - SSF h\u00f6stprogram 2025 och information - Skaraborg\",\"isPartOf\":{\"@id\":\"https:\/\/www.abf.se\/skaraborg\/#website\"},\"datePublished\":\"2025-01-27T12:28:35+00:00\",\"dateModified\":\"2025-08-25T14:05:43+00:00\",\"breadcrumb\":{\"@id\":\"https:\/\/www.abf.se\/skaraborg\/ssf-varprogram-2025-och-information\/#breadcrumb\"},\"inLanguage\":\"sv-SE\",\"potentialAction\":[{\"@type\":\"ReadAction\",\"target\":[\"https:\/\/www.abf.se\/skaraborg\/ssf-varprogram-2025-och-information\/\"]}]},{\"@type\":\"BreadcrumbList\",\"@id\":\"https:\/\/www.abf.se\/skaraborg\/ssf-varprogram-2025-och-information\/#breadcrumb\",\"itemListElement\":[{\"@type\":\"ListItem\",\"position\":1,\"name\":\"Home\",\"item\":\"https:\/\/www.abf.se\/skaraborg\/\"},{\"@type\":\"ListItem\",\"position\":2,\"name\":\"Skaraborgs stamningsf\u00f6rening &#8211; SSF h\u00f6stprogram 2025 och information\"}]},{\"@type\":\"WebSite\",\"@id\":\"https:\/\/www.abf.se\/skaraborg\/#website\",\"url\":\"https:\/\/www.abf.se\/skaraborg\/\",\"name\":\"Skaraborg\",\"description\":\"\",\"potentialAction\":[{\"@type\":\"SearchAction\",\"target\":{\"@type\":\"EntryPoint\",\"urlTemplate\":\"https:\/\/www.abf.se\/skaraborg\/?s={search_term_string}\"},\"query-input\":{\"@type\":\"PropertyValueSpecification\",\"valueRequired\":true,\"valueName\":\"search_term_string\"}}],\"inLanguage\":\"sv-SE\"}]}<\/script>\n<!-- \/ Yoast SEO plugin. -->","yoast_head_json":{"title":"Skaraborgs stamningsf\u00f6rening - SSF h\u00f6stprogram 2025 och information - Skaraborg","robots":{"index":"index","follow":"follow","max-snippet":"max-snippet:-1","max-image-preview":"max-image-preview:large","max-video-preview":"max-video-preview:-1"},"canonical":"https:\/\/www.abf.se\/skaraborg\/ssf-varprogram-2025-och-information\/","og_locale":"sv_SE","og_type":"article","og_title":"Skaraborgs stamningsf\u00f6rening - SSF h\u00f6stprogram 2025 och information - Skaraborg","og_url":"https:\/\/www.abf.se\/skaraborg\/ssf-varprogram-2025-och-information\/","og_site_name":"Skaraborg","article_modified_time":"2025-08-25T14:05:43+00:00","og_image":[{"width":2560,"height":1440,"url":"https:\/\/www.abf.se\/wp-content\/uploads\/sites\/42\/2024\/04\/Nyckeln-liggande-scaled.jpg","type":"image\/jpeg"}],"twitter_card":"summary_large_image","schema":{"@context":"https:\/\/schema.org","@graph":[{"@type":"WebPage","@id":"https:\/\/www.abf.se\/skaraborg\/ssf-varprogram-2025-och-information\/","url":"https:\/\/www.abf.se\/skaraborg\/ssf-varprogram-2025-och-information\/","name":"Skaraborgs stamningsf\u00f6rening - SSF h\u00f6stprogram 2025 och information - Skaraborg","isPartOf":{"@id":"https:\/\/www.abf.se\/skaraborg\/#website"},"datePublished":"2025-01-27T12:28:35+00:00","dateModified":"2025-08-25T14:05:43+00:00","breadcrumb":{"@id":"https:\/\/www.abf.se\/skaraborg\/ssf-varprogram-2025-och-information\/#breadcrumb"},"inLanguage":"sv-SE","potentialAction":[{"@type":"ReadAction","target":["https:\/\/www.abf.se\/skaraborg\/ssf-varprogram-2025-och-information\/"]}]},{"@type":"BreadcrumbList","@id":"https:\/\/www.abf.se\/skaraborg\/ssf-varprogram-2025-och-information\/#breadcrumb","itemListElement":[{"@type":"ListItem","position":1,"name":"Home","item":"https:\/\/www.abf.se\/skaraborg\/"},{"@type":"ListItem","position":2,"name":"Skaraborgs stamningsf\u00f6rening &#8211; SSF h\u00f6stprogram 2025 och information"}]},{"@type":"WebSite","@id":"https:\/\/www.abf.se\/skaraborg\/#website","url":"https:\/\/www.abf.se\/skaraborg\/","name":"Skaraborg","description":"","potentialAction":[{"@type":"SearchAction","target":{"@type":"EntryPoint","urlTemplate":"https:\/\/www.abf.se\/skaraborg\/?s={search_term_string}"},"query-input":{"@type":"PropertyValueSpecification","valueRequired":true,"valueName":"search_term_string"}}],"inLanguage":"sv-SE"}]}},"_links":{"self":[{"href":"https:\/\/www.abf.se\/skaraborg\/wp-json\/wp\/v2\/pages\/1920","targetHints":{"allow":["GET"]}}],"collection":[{"href":"https:\/\/www.abf.se\/skaraborg\/wp-json\/wp\/v2\/pages"}],"about":[{"href":"https:\/\/www.abf.se\/skaraborg\/wp-json\/wp\/v2\/types\/page"}],"author":[{"embeddable":true,"href":"https:\/\/www.abf.se\/skaraborg\/wp-json\/wp\/v2\/users\/111"}],"replies":[{"embeddable":true,"href":"https:\/\/www.abf.se\/skaraborg\/wp-json\/wp\/v2\/comments?post=1920"}],"version-history":[{"count":12,"href":"https:\/\/www.abf.se\/skaraborg\/wp-json\/wp\/v2\/pages\/1920\/revisions"}],"predecessor-version":[{"id":2242,"href":"https:\/\/www.abf.se\/skaraborg\/wp-json\/wp\/v2\/pages\/1920\/revisions\/2242"}],"wp:attachment":[{"href":"https:\/\/www.abf.se\/skaraborg\/wp-json\/wp\/v2\/media?parent=1920"}],"curies":[{"name":"wp","href":"https:\/\/api.w.org\/{rel}","templated":true}]}}