{"id":378,"date":"2024-04-08T14:34:26","date_gmt":"2024-04-08T12:34:26","guid":{"rendered":"https:\/\/www.abf.se\/skaraborg\/?page_id=378"},"modified":"2024-08-15T10:16:33","modified_gmt":"2024-08-15T08:16:33","slug":"samarbete-med-abf","status":"publish","type":"page","link":"https:\/\/www.abf.se\/skaraborg\/samarbete-med-abf\/","title":{"rendered":"Samarbete med ABF"},"content":{"rendered":"<div\n    class=\"acf-hero-block container-lg no-padding mb-12 js-geolocation\"\n    data-block=\"hero-block\"\n    data-index=\"0\"\n>\n    <div class=\"h-[548px]  relative rounded-[32px] overflow-hidden flex bg-gray-light\">\n        <div class=\"relative z-10 mt-auto h-auto w-full md:h-full\">\n            <div class=\"flex w-full h-full flex-col flex-wrap justify-end w-full md:w-7\/12 lg:w-1\/2 md:justify-center\">\n                <div class=\"flex flex-col gap-3 md:gap-[18px] md:transparent pt-16 pb-36 md:py-8 px-4 w-full md:max-w-[620px] mx-auto px-8\">\n\n                    <h1 class=\"hero-heading hero-heading--red-text\"><span>Samarbeta med <br \/>\r\nABF Skaraborg<\/span><\/h1>\n\n                                            <p class=\"mt-4 max-w-[48ch] text-white\">\n                            P\u00e5 ABF erbjuder vi v\u00e5ra medlems- och samarbetsorganisationer skr\u00e4ddarsytt st\u00f6d, pedagogiska verktyg och organisatoriska resurser f\u00f6r att planera och genomf\u00f6ra studieaktiviteter runt om i landet. Vi samarbetar med medlems- och samarbetsorganisationer p\u00e5 lokal, regional och central niv\u00e5.<br \/>\r\n\n                        <\/p>\n                    \n                                    <\/div>\n            <\/div>\n        <\/div>\n\n                    <picture class=\"as-background-image mix-blend-multiply bg-black\/40\"><img decoding=\"async\" src=\"https:\/\/www.abf.se\/skaraborg\/resized\/?url=https%3A%2F%2Fwww.abf.se%2Fwp-content%2Fuploads%2F2023%2F11%2FNa-fram-liggande_IMGP.jpg&#038;fit=crop&#038;w=1440&#038;s=8bd4a1ff382ace7d471f8443607787bf\" srcset=\"https:\/\/www.abf.se\/skaraborg\/resized\/?url=https%3A%2F%2Fwww.abf.se%2Fwp-content%2Fuploads%2F2023%2F11%2FNa-fram-liggande_IMGP.jpg&#038;fit=crop&#038;w=375&#038;h=540&#038;s=2c5b529ce41ff374c08160130d12ec1f 375w, https:\/\/www.abf.se\/skaraborg\/resized\/?url=https%3A%2F%2Fwww.abf.se%2Fwp-content%2Fuploads%2F2023%2F11%2FNa-fram-liggande_IMGP.jpg&#038;fit=crop&#038;w=447&#038;h=540&#038;s=8bb0e9477032c7a55bb9664c8d173e35 447w, https:\/\/www.abf.se\/skaraborg\/resized\/?url=https%3A%2F%2Fwww.abf.se%2Fwp-content%2Fuploads%2F2023%2F11%2FNa-fram-liggande_IMGP.jpg&#038;fit=crop&#038;w=519&#038;h=540&#038;s=383a017348d31a74e4b45996cea2b02f 519w, https:\/\/www.abf.se\/skaraborg\/resized\/?url=https%3A%2F%2Fwww.abf.se%2Fwp-content%2Fuploads%2F2023%2F11%2FNa-fram-liggande_IMGP.jpg&#038;fit=crop&#038;w=591&#038;h=540&#038;s=45c7a77424874989961944635f947d50 591w, https:\/\/www.abf.se\/skaraborg\/resized\/?url=https%3A%2F%2Fwww.abf.se%2Fwp-content%2Fuploads%2F2023%2F11%2FNa-fram-liggande_IMGP.jpg&#038;fit=crop&#038;w=663&#038;h=540&#038;s=48234262d28bebab3a753875710877a1 663w, https:\/\/www.abf.se\/skaraborg\/resized\/?url=https%3A%2F%2Fwww.abf.se%2Fwp-content%2Fuploads%2F2023%2F11%2FNa-fram-liggande_IMGP.jpg&#038;fit=crop&#038;w=750&#038;h=540&#038;s=1cc6035802b36a4647c6671739dc559d 750w, https:\/\/www.abf.se\/skaraborg\/resized\/?url=https%3A%2F%2Fwww.abf.se%2Fwp-content%2Fuploads%2F2023%2F11%2FNa-fram-liggande_IMGP.jpg&#038;fit=crop&#038;w=894&#038;h=540&#038;s=b9f33c3efbb29e8790544b684c6aa0d0 894w, https:\/\/www.abf.se\/skaraborg\/resized\/?url=https%3A%2F%2Fwww.abf.se%2Fwp-content%2Fuploads%2F2023%2F11%2FNa-fram-liggande_IMGP.jpg&#038;fit=crop&#038;w=1038&#038;h=540&#038;s=21f001385e6ca219404293b8135c71dc 1038w, https:\/\/www.abf.se\/skaraborg\/resized\/?url=https%3A%2F%2Fwww.abf.se%2Fwp-content%2Fuploads%2F2023%2F11%2FNa-fram-liggande_IMGP.jpg&#038;fit=crop&#038;w=1182&#038;h=540&#038;s=1e33e9d90aa4fa7fc552c95b87ace4e0 1182w, https:\/\/www.abf.se\/skaraborg\/resized\/?url=https%3A%2F%2Fwww.abf.se%2Fwp-content%2Fuploads%2F2023%2F11%2FNa-fram-liggande_IMGP.jpg&#038;fit=crop&#038;w=1326&#038;h=540&#038;s=e68673ce931b5a498698c48aba79f953 1326w, https:\/\/www.abf.se\/skaraborg\/resized\/?url=https%3A%2F%2Fwww.abf.se%2Fwp-content%2Fuploads%2F2023%2F11%2FNa-fram-liggande_IMGP.jpg&#038;fit=crop&#038;w=1440&#038;h=540&#038;s=5cbaace2e5d4ed1f95c785f3bf737355 1440w\" alt=\"\" height=\"540\" width=\"1440\" sizes=\"(max-width: 1440px) calc(100vw - 32px), 1440px\" loading=\"eager\" fetchpriority=\"high\" aria-hidden=\"true\" role=\"presentation\" \/><\/picture>\n        \n\n            <\/div>\n\n    <\/div>\n\n<div\n    class=\"acf-text-image-block container my-12 md:my-15\"\n    data-block=\"text-image-block\"\n>\n    <div\n    class=\"flex flex-col items-center md:flex-row gap-8 md:gap-0 justify-between\">\n                        <div class=\"w-full md:w-1\/2 md:order-2\">\n            <picture><img decoding=\"async\" src=\"https:\/\/www.abf.se\/skaraborg\/resized\/?url=https%3A%2F%2Fwww.abf.se%2Fwp-content%2Fuploads%2F2023%2F11%2FVerksamhetsledaren-liggande_IMGP.jpg&#038;fit=crop&#038;w=578&#038;s=aacadc61db39bd73f14529e9780365f1\" srcset=\"https:\/\/www.abf.se\/skaraborg\/resized\/?url=https%3A%2F%2Fwww.abf.se%2Fwp-content%2Fuploads%2F2023%2F11%2FVerksamhetsledaren-liggande_IMGP.jpg&#038;fit=crop&#038;w=144&#038;h=126&#038;s=41743373f0d620a6c33fef1c9585291a 144w, https:\/\/www.abf.se\/skaraborg\/resized\/?url=https%3A%2F%2Fwww.abf.se%2Fwp-content%2Fuploads%2F2023%2F11%2FVerksamhetsledaren-liggande_IMGP.jpg&#038;fit=crop&#038;w=240&#038;h=211&#038;s=934623ef236a56998d5e88037e203bd8 240w, https:\/\/www.abf.se\/skaraborg\/resized\/?url=https%3A%2F%2Fwww.abf.se%2Fwp-content%2Fuploads%2F2023%2F11%2FVerksamhetsledaren-liggande_IMGP.jpg&#038;fit=crop&#038;w=288&#038;h=253&#038;s=2617301c494c50fdd852221fd64901b5 288w, https:\/\/www.abf.se\/skaraborg\/resized\/?url=https%3A%2F%2Fwww.abf.se%2Fwp-content%2Fuploads%2F2023%2F11%2FVerksamhetsledaren-liggande_IMGP.jpg&#038;fit=crop&#038;w=336&#038;h=295&#038;s=c625d44c0da8033028ab4f98aba8a4cf 336w, https:\/\/www.abf.se\/skaraborg\/resized\/?url=https%3A%2F%2Fwww.abf.se%2Fwp-content%2Fuploads%2F2023%2F11%2FVerksamhetsledaren-liggande_IMGP.jpg&#038;fit=crop&#038;w=432&#038;h=380&#038;s=e60cf76ccd3c9afadaed5751ebde6cca 432w, https:\/\/www.abf.se\/skaraborg\/resized\/?url=https%3A%2F%2Fwww.abf.se%2Fwp-content%2Fuploads%2F2023%2F11%2FVerksamhetsledaren-liggande_IMGP.jpg&#038;fit=crop&#038;w=480&#038;h=422&#038;s=1418f743b804422e4ef15aca8d98e978 480w, https:\/\/www.abf.se\/skaraborg\/resized\/?url=https%3A%2F%2Fwww.abf.se%2Fwp-content%2Fuploads%2F2023%2F11%2FVerksamhetsledaren-liggande_IMGP.jpg&#038;fit=crop&#038;w=528&#038;h=464&#038;s=61cadd76b485d0cb8ebfd3e855751de9 528w, https:\/\/www.abf.se\/skaraborg\/resized\/?url=https%3A%2F%2Fwww.abf.se%2Fwp-content%2Fuploads%2F2023%2F11%2FVerksamhetsledaren-liggande_IMGP.jpg&#038;fit=crop&#038;w=578&#038;h=509&#038;s=4572390da8958c2e971d8e75d2f6f146 578w, https:\/\/www.abf.se\/skaraborg\/resized\/?url=https%3A%2F%2Fwww.abf.se%2Fwp-content%2Fuploads%2F2023%2F11%2FVerksamhetsledaren-liggande_IMGP.jpg&#038;fit=crop&#038;w=672&#038;h=591&#038;s=26ccaa57acd0c4be67b4b96e50ec02a6 672w, https:\/\/www.abf.se\/skaraborg\/resized\/?url=https%3A%2F%2Fwww.abf.se%2Fwp-content%2Fuploads%2F2023%2F11%2FVerksamhetsledaren-liggande_IMGP.jpg&#038;fit=crop&#038;w=864&#038;h=760&#038;s=7ac109e669d2bf0c79d79dc9cf54e861 864w, https:\/\/www.abf.se\/skaraborg\/resized\/?url=https%3A%2F%2Fwww.abf.se%2Fwp-content%2Fuploads%2F2023%2F11%2FVerksamhetsledaren-liggande_IMGP.jpg&#038;fit=crop&#038;w=1056&#038;h=929&#038;s=772f7337fc7bee8755572e1c0f26122f 1056w\" alt=\"Ett collage. En man och en biodlare st&aring;r framf&ouml;r en rad hus p&aring; en gata.\" height=\"509\" width=\"578\" sizes=\"auto, (max-width: 768px) 100vw,\n                (max-width: 1280px) 50vw, 578px\" loading=\"lazy\" fetchpriority=\"low\" \/><\/picture>\n\n        <\/div>\n        \n        <div class=\"w-full md:w-1\/2 md:order-1\">\n        <div class=\"mx-auto md:max-w-[368px]\">\n            <h2 class=\"heading-lg\">Samarbete lokalt \/ centralt<\/h2>\n            <div class=\"mb-6 mt-4 wysiwyg\">\n                <h2>Lokalt<\/h2>\n<p>\u00c4r ni en lokal eller regional organisation som vill samarbeta med ABF? Kontakta d\u00e5 den lokala ABF-enheten p\u00e5 din ort eller region f\u00f6r att se hur ni kan samverka med ABF. Du hittar ditt lokala ABF\u00a0<a href=\"https:\/\/www.abf.se\/distrikt--avdelningar\/\">h\u00e4r.<\/a><\/p>\n<h2>Centralt<\/h2>\n<p>ABF erbjuder ett kostnadsfritt paket till v\u00e5ra centralt anslutna medlems- och samarbetsorganisationer med fokus p\u00e5 st\u00f6d, utbildning och gemenskap. Genom ett skr\u00e4ddarsytt st\u00f6d, utbildningar och pedagogiska verktyg f\u00e5r ni m\u00f6jlighet att planera och genomf\u00f6ra studieaktiviteter runt om i landet. Utforska v\u00e5ra utbildningar f\u00f6r 2024 och h\u00f6r av dig f\u00f6r att boka eller f\u00e5 mer information.<\/p>\n<p>Har du fr\u00e5gor kring ABFs samarbetsprogram eller vill du boka en utbildning? H\u00f6r av dig till din kontaktperson p\u00e5 ABF eller info@abf.se.<\/p>\n\n            <\/div>\n                    <\/div>\n        <\/div>\n    <\/div>\n<\/div><div\n    class=\"acf-text-image-block container my-12 md:my-15\"\n    data-block=\"text-image-block\"\n>\n    <div\n    class=\"flex flex-col items-center md:flex-row gap-8 md:gap-0 justify-between\">\n                        <div class=\"w-full md:w-1\/2 md:order-1\">\n            <picture><img decoding=\"async\" src=\"https:\/\/www.abf.se\/skaraborg\/resized\/?url=https%3A%2F%2Fwww.abf.se%2Fwp-content%2Fuploads%2F2023%2F11%2FFrom-fly-2-finance-liggande_IMGP.jpg&#038;fit=crop&#038;w=578&#038;s=c71b61842bc8de068596f9ce5d9030d5\" srcset=\"https:\/\/www.abf.se\/skaraborg\/resized\/?url=https%3A%2F%2Fwww.abf.se%2Fwp-content%2Fuploads%2F2023%2F11%2FFrom-fly-2-finance-liggande_IMGP.jpg&#038;fit=crop&#038;w=144&#038;h=126&#038;s=6c537a7ebdfc20bad7806e4786958a80 144w, https:\/\/www.abf.se\/skaraborg\/resized\/?url=https%3A%2F%2Fwww.abf.se%2Fwp-content%2Fuploads%2F2023%2F11%2FFrom-fly-2-finance-liggande_IMGP.jpg&#038;fit=crop&#038;w=240&#038;h=211&#038;s=0184a0b4951211aaadb5a9bf603450e0 240w, https:\/\/www.abf.se\/skaraborg\/resized\/?url=https%3A%2F%2Fwww.abf.se%2Fwp-content%2Fuploads%2F2023%2F11%2FFrom-fly-2-finance-liggande_IMGP.jpg&#038;fit=crop&#038;w=288&#038;h=253&#038;s=82d29e57f4d0c1527cea365a0ecb4bb6 288w, https:\/\/www.abf.se\/skaraborg\/resized\/?url=https%3A%2F%2Fwww.abf.se%2Fwp-content%2Fuploads%2F2023%2F11%2FFrom-fly-2-finance-liggande_IMGP.jpg&#038;fit=crop&#038;w=336&#038;h=295&#038;s=f27afbdc23e48e2bfd8d6660ee5d1cb9 336w, https:\/\/www.abf.se\/skaraborg\/resized\/?url=https%3A%2F%2Fwww.abf.se%2Fwp-content%2Fuploads%2F2023%2F11%2FFrom-fly-2-finance-liggande_IMGP.jpg&#038;fit=crop&#038;w=432&#038;h=380&#038;s=4a4ae4dc1d5743a36423868dcada6b02 432w, https:\/\/www.abf.se\/skaraborg\/resized\/?url=https%3A%2F%2Fwww.abf.se%2Fwp-content%2Fuploads%2F2023%2F11%2FFrom-fly-2-finance-liggande_IMGP.jpg&#038;fit=crop&#038;w=480&#038;h=422&#038;s=faa2e3f206bc9308a81e0dbe55910b0f 480w, https:\/\/www.abf.se\/skaraborg\/resized\/?url=https%3A%2F%2Fwww.abf.se%2Fwp-content%2Fuploads%2F2023%2F11%2FFrom-fly-2-finance-liggande_IMGP.jpg&#038;fit=crop&#038;w=528&#038;h=464&#038;s=00bc687b2c76be3c0ec39632d8ae4d76 528w, https:\/\/www.abf.se\/skaraborg\/resized\/?url=https%3A%2F%2Fwww.abf.se%2Fwp-content%2Fuploads%2F2023%2F11%2FFrom-fly-2-finance-liggande_IMGP.jpg&#038;fit=crop&#038;w=578&#038;h=509&#038;s=31338f8beb2e6feddcc325ad6f5dfd39 578w, https:\/\/www.abf.se\/skaraborg\/resized\/?url=https%3A%2F%2Fwww.abf.se%2Fwp-content%2Fuploads%2F2023%2F11%2FFrom-fly-2-finance-liggande_IMGP.jpg&#038;fit=crop&#038;w=672&#038;h=591&#038;s=299591cc603b461d41ea782456b4e828 672w, https:\/\/www.abf.se\/skaraborg\/resized\/?url=https%3A%2F%2Fwww.abf.se%2Fwp-content%2Fuploads%2F2023%2F11%2FFrom-fly-2-finance-liggande_IMGP.jpg&#038;fit=crop&#038;w=864&#038;h=760&#038;s=b5541ee47c50a6402596cd6274b0927c 864w, https:\/\/www.abf.se\/skaraborg\/resized\/?url=https%3A%2F%2Fwww.abf.se%2Fwp-content%2Fuploads%2F2023%2F11%2FFrom-fly-2-finance-liggande_IMGP.jpg&#038;fit=crop&#038;w=1056&#038;h=929&#038;s=95cbdfefa1c59c39ecd2a050ed7ce284 1056w\" alt=\"Ett collage av bilder. En man i kostym som r&auml;ttar till sin slips och en man i m&ouml;ssa och luvtr&ouml;ja. I bakgrunden en unge pojke som spelar gitarr.\" height=\"509\" width=\"578\" sizes=\"auto, (max-width: 768px) 100vw,\n                (max-width: 1280px) 50vw, 578px\" loading=\"lazy\" fetchpriority=\"low\" \/><\/picture>\n\n        <\/div>\n        \n        <div class=\"w-full md:w-1\/2 md:order-2\">\n        <div class=\"mx-auto md:max-w-[368px]\">\n            <h2 class=\"heading-lg\">St\u00f6d och bollplank<\/h2>\n            <div class=\"mb-6 mt-4 wysiwyg\">\n                <p>Starka folkr\u00f6relser bygger vi tillsammans.\u00a0Inom ABF ryms en m\u00e4ngd organisationer med olika behov och m\u00e5ls\u00e4ttningar och d\u00e4rmed olika behov av st\u00f6d och samverkan\u00a0Hos ABF kan ni som centralt anslutna medlems- eller samarbetsorganisation f\u00e5 f\u00f6ljande st\u00f6d:<\/p>\n<ul>\n<li>Pedagogiskt och organisatoriskt st\u00f6d<\/li>\n<li>Utbildningsinsatser med kompetenta pedagoger<\/li>\n<li>Utveckling av verksamhet baserad p\u00e5 folkbildningens id\u00e9<\/li>\n<li>\u00d6verblick \u00f6ver organisationens studie- och kulturverksamhet<\/li>\n<li>Hj\u00e4lp att hitta samverkansm\u00f6jligheter med andra organisationer<\/li>\n<\/ul>\n\n            <\/div>\n                    <\/div>\n        <\/div>\n    <\/div>\n<\/div><div\n    class=\"acf-text-image-block container my-12 md:my-15\"\n    data-block=\"text-image-block\"\n>\n    <div\n    class=\"flex flex-col items-center md:flex-row gap-8 md:gap-0 justify-between\">\n                        <div class=\"w-full md:w-1\/2 md:order-2\">\n            <picture><img decoding=\"async\" src=\"https:\/\/www.abf.se\/skaraborg\/resized\/?url=https%3A%2F%2Fwww.abf.se%2Fwp-content%2Fuploads%2F2024%2F04%2FSamhalle-Politik-Fackligt-01.jpg&#038;fit=crop&#038;w=578&#038;s=646db9138eb2c69c541bbe61db4a6db1\" srcset=\"https:\/\/www.abf.se\/skaraborg\/resized\/?url=https%3A%2F%2Fwww.abf.se%2Fwp-content%2Fuploads%2F2024%2F04%2FSamhalle-Politik-Fackligt-01.jpg&#038;fit=crop&#038;w=144&#038;h=126&#038;s=0dd2e33be62ed104e89567393a7b12b0 144w, https:\/\/www.abf.se\/skaraborg\/resized\/?url=https%3A%2F%2Fwww.abf.se%2Fwp-content%2Fuploads%2F2024%2F04%2FSamhalle-Politik-Fackligt-01.jpg&#038;fit=crop&#038;w=240&#038;h=211&#038;s=b4ec264ae65c94444befe8ec1324366c 240w, https:\/\/www.abf.se\/skaraborg\/resized\/?url=https%3A%2F%2Fwww.abf.se%2Fwp-content%2Fuploads%2F2024%2F04%2FSamhalle-Politik-Fackligt-01.jpg&#038;fit=crop&#038;w=288&#038;h=253&#038;s=43bf193be1e8cd04f4eaa985d69aea70 288w, https:\/\/www.abf.se\/skaraborg\/resized\/?url=https%3A%2F%2Fwww.abf.se%2Fwp-content%2Fuploads%2F2024%2F04%2FSamhalle-Politik-Fackligt-01.jpg&#038;fit=crop&#038;w=336&#038;h=295&#038;s=b4c7f6826b613da44667b22a699e18ce 336w, https:\/\/www.abf.se\/skaraborg\/resized\/?url=https%3A%2F%2Fwww.abf.se%2Fwp-content%2Fuploads%2F2024%2F04%2FSamhalle-Politik-Fackligt-01.jpg&#038;fit=crop&#038;w=432&#038;h=380&#038;s=f95bb2c89c6702d13d3dab6ee0fdce0b 432w, https:\/\/www.abf.se\/skaraborg\/resized\/?url=https%3A%2F%2Fwww.abf.se%2Fwp-content%2Fuploads%2F2024%2F04%2FSamhalle-Politik-Fackligt-01.jpg&#038;fit=crop&#038;w=480&#038;h=422&#038;s=7e458c6236139c7d40f6dc96e1719e30 480w, https:\/\/www.abf.se\/skaraborg\/resized\/?url=https%3A%2F%2Fwww.abf.se%2Fwp-content%2Fuploads%2F2024%2F04%2FSamhalle-Politik-Fackligt-01.jpg&#038;fit=crop&#038;w=528&#038;h=464&#038;s=e06e48d53cd8af96b788a20bc9c2f50d 528w, https:\/\/www.abf.se\/skaraborg\/resized\/?url=https%3A%2F%2Fwww.abf.se%2Fwp-content%2Fuploads%2F2024%2F04%2FSamhalle-Politik-Fackligt-01.jpg&#038;fit=crop&#038;w=578&#038;h=509&#038;s=50a3ab5d45f0c78fbaf5de6220b59262 578w, https:\/\/www.abf.se\/skaraborg\/resized\/?url=https%3A%2F%2Fwww.abf.se%2Fwp-content%2Fuploads%2F2024%2F04%2FSamhalle-Politik-Fackligt-01.jpg&#038;fit=crop&#038;w=672&#038;h=591&#038;s=a31ffd8cb41877fd5bd4aa6353d3cd92 672w, https:\/\/www.abf.se\/skaraborg\/resized\/?url=https%3A%2F%2Fwww.abf.se%2Fwp-content%2Fuploads%2F2024%2F04%2FSamhalle-Politik-Fackligt-01.jpg&#038;fit=crop&#038;w=864&#038;h=760&#038;s=f87ad3788a20e329e2ab4b4284e5ddf1 864w, https:\/\/www.abf.se\/skaraborg\/resized\/?url=https%3A%2F%2Fwww.abf.se%2Fwp-content%2Fuploads%2F2024%2F04%2FSamhalle-Politik-Fackligt-01.jpg&#038;fit=crop&#038;w=1056&#038;h=929&#038;s=c23c2f96662ab8196b3d2b37506fa503 1056w\" alt=\"En persons hand som ser ut att argumentera syns i f&ouml;rgrunden, i bakgrunden fyra personer som lyssnar\" height=\"509\" width=\"578\" sizes=\"auto, (max-width: 768px) 100vw,\n                (max-width: 1280px) 50vw, 578px\" loading=\"lazy\" fetchpriority=\"low\" \/><\/picture>\n\n        <\/div>\n        \n        <div class=\"w-full md:w-1\/2 md:order-1\">\n        <div class=\"mx-auto md:max-w-[368px]\">\n            <h2 class=\"heading-lg\">Utbildningspaket 2024<\/h2>\n            <div class=\"mb-6 mt-4 wysiwyg\">\n                <p>Under 2024 erbjuder ABF Skaraborg v\u00e5ra lokalt anslutna medlems- och samarbetsorganisationer bokningsbara utbildningar som riktar sig till f\u00f6rtroendevalda och anst\u00e4llda p\u00e5 lokal niv\u00e5. Utbildningarna kan anpassas efter organisationens f\u00f6ruts\u00e4ttningar och \u00f6nskem\u00e5l. F\u00f6ljande utbildningar \u00e4r m\u00f6jliga att boka under \u00e5ret:<\/p>\n<h4>Cirkelledarutbildning (minst 9 studietimmar)<\/h4>\n<p>Cirkelledarutbildningen riktar sig till de medlems- och samarbetsorganisationer som vill ta ett samlat grepp kring sina utbildningsinsatser och utbilda cirkelledare i hela landet. I detta sammanhang kan vi \u00e4ven bist\u00e5 med cirkelledarutbildning och vid behov komplettera den med organisationens egna \u00e4mnes\u00f6nskem\u00e5l.<\/p>\n<h4>F\u00f6reningskunskap samt styrelseutveckling<\/h4>\n<p>Vi erbjuder v\u00e5ra medlems- och samarbetsorganisationer ett utbildningspaket f\u00f6r att stimulera att starta f\u00f6reningar samt utveckla styrelser.<\/p>\n\n            <\/div>\n                    <\/div>\n        <\/div>\n    <\/div>\n<\/div>","protected":false},"excerpt":{"rendered":"","protected":false},"author":111,"featured_media":0,"parent":0,"menu_order":0,"comment_status":"closed","ping_status":"closed","template":"","meta":{"_acf_changed":false,"footnotes":""},"class_list":["post-378","page","type-page","status-publish","hentry"],"acf":[],"yoast_head":"<!-- This site is optimized with the Yoast SEO plugin v27.0 - https:\/\/yoast.com\/product\/yoast-seo-wordpress\/ -->\n<title>Samarbete med ABF - Skaraborg<\/title>\n<meta name=\"robots\" content=\"index, follow, max-snippet:-1, max-image-preview:large, max-video-preview:-1\" \/>\n<link rel=\"canonical\" href=\"https:\/\/www.abf.se\/skaraborg\/samarbete-med-abf\/\" \/>\n<meta property=\"og:locale\" content=\"sv_SE\" \/>\n<meta property=\"og:type\" content=\"article\" \/>\n<meta property=\"og:title\" content=\"Samarbete med ABF - Skaraborg\" \/>\n<meta property=\"og:url\" content=\"https:\/\/www.abf.se\/skaraborg\/samarbete-med-abf\/\" \/>\n<meta property=\"og:site_name\" content=\"Skaraborg\" \/>\n<meta property=\"article:modified_time\" content=\"2024-08-15T08:16:33+00:00\" \/>\n<meta property=\"og:image\" content=\"https:\/\/www.abf.se\/wp-content\/uploads\/sites\/42\/2024\/04\/Nyckeln-liggande-scaled.jpg\" \/>\n\t<meta property=\"og:image:width\" content=\"2560\" \/>\n\t<meta property=\"og:image:height\" content=\"1440\" \/>\n\t<meta property=\"og:image:type\" content=\"image\/jpeg\" \/>\n<meta name=\"twitter:card\" content=\"summary_large_image\" \/>\n<script type=\"application\/ld+json\" class=\"yoast-schema-graph\">{\"@context\":\"https:\/\/schema.org\",\"@graph\":[{\"@type\":\"WebPage\",\"@id\":\"https:\/\/www.abf.se\/skaraborg\/samarbete-med-abf\/\",\"url\":\"https:\/\/www.abf.se\/skaraborg\/samarbete-med-abf\/\",\"name\":\"Samarbete med ABF - Skaraborg\",\"isPartOf\":{\"@id\":\"https:\/\/www.abf.se\/skaraborg\/#website\"},\"datePublished\":\"2024-04-08T12:34:26+00:00\",\"dateModified\":\"2024-08-15T08:16:33+00:00\",\"breadcrumb\":{\"@id\":\"https:\/\/www.abf.se\/skaraborg\/samarbete-med-abf\/#breadcrumb\"},\"inLanguage\":\"sv-SE\",\"potentialAction\":[{\"@type\":\"ReadAction\",\"target\":[\"https:\/\/www.abf.se\/skaraborg\/samarbete-med-abf\/\"]}]},{\"@type\":\"BreadcrumbList\",\"@id\":\"https:\/\/www.abf.se\/skaraborg\/samarbete-med-abf\/#breadcrumb\",\"itemListElement\":[{\"@type\":\"ListItem\",\"position\":1,\"name\":\"Home\",\"item\":\"https:\/\/www.abf.se\/skaraborg\/\"},{\"@type\":\"ListItem\",\"position\":2,\"name\":\"Samarbete med ABF\"}]},{\"@type\":\"WebSite\",\"@id\":\"https:\/\/www.abf.se\/skaraborg\/#website\",\"url\":\"https:\/\/www.abf.se\/skaraborg\/\",\"name\":\"Skaraborg\",\"description\":\"\",\"potentialAction\":[{\"@type\":\"SearchAction\",\"target\":{\"@type\":\"EntryPoint\",\"urlTemplate\":\"https:\/\/www.abf.se\/skaraborg\/?s={search_term_string}\"},\"query-input\":{\"@type\":\"PropertyValueSpecification\",\"valueRequired\":true,\"valueName\":\"search_term_string\"}}],\"inLanguage\":\"sv-SE\"}]}<\/script>\n<!-- \/ Yoast SEO plugin. -->","yoast_head_json":{"title":"Samarbete med ABF - Skaraborg","robots":{"index":"index","follow":"follow","max-snippet":"max-snippet:-1","max-image-preview":"max-image-preview:large","max-video-preview":"max-video-preview:-1"},"canonical":"https:\/\/www.abf.se\/skaraborg\/samarbete-med-abf\/","og_locale":"sv_SE","og_type":"article","og_title":"Samarbete med ABF - Skaraborg","og_url":"https:\/\/www.abf.se\/skaraborg\/samarbete-med-abf\/","og_site_name":"Skaraborg","article_modified_time":"2024-08-15T08:16:33+00:00","og_image":[{"width":2560,"height":1440,"url":"https:\/\/www.abf.se\/wp-content\/uploads\/sites\/42\/2024\/04\/Nyckeln-liggande-scaled.jpg","type":"image\/jpeg"}],"twitter_card":"summary_large_image","schema":{"@context":"https:\/\/schema.org","@graph":[{"@type":"WebPage","@id":"https:\/\/www.abf.se\/skaraborg\/samarbete-med-abf\/","url":"https:\/\/www.abf.se\/skaraborg\/samarbete-med-abf\/","name":"Samarbete med ABF - Skaraborg","isPartOf":{"@id":"https:\/\/www.abf.se\/skaraborg\/#website"},"datePublished":"2024-04-08T12:34:26+00:00","dateModified":"2024-08-15T08:16:33+00:00","breadcrumb":{"@id":"https:\/\/www.abf.se\/skaraborg\/samarbete-med-abf\/#breadcrumb"},"inLanguage":"sv-SE","potentialAction":[{"@type":"ReadAction","target":["https:\/\/www.abf.se\/skaraborg\/samarbete-med-abf\/"]}]},{"@type":"BreadcrumbList","@id":"https:\/\/www.abf.se\/skaraborg\/samarbete-med-abf\/#breadcrumb","itemListElement":[{"@type":"ListItem","position":1,"name":"Home","item":"https:\/\/www.abf.se\/skaraborg\/"},{"@type":"ListItem","position":2,"name":"Samarbete med ABF"}]},{"@type":"WebSite","@id":"https:\/\/www.abf.se\/skaraborg\/#website","url":"https:\/\/www.abf.se\/skaraborg\/","name":"Skaraborg","description":"","potentialAction":[{"@type":"SearchAction","target":{"@type":"EntryPoint","urlTemplate":"https:\/\/www.abf.se\/skaraborg\/?s={search_term_string}"},"query-input":{"@type":"PropertyValueSpecification","valueRequired":true,"valueName":"search_term_string"}}],"inLanguage":"sv-SE"}]}},"_links":{"self":[{"href":"https:\/\/www.abf.se\/skaraborg\/wp-json\/wp\/v2\/pages\/378","targetHints":{"allow":["GET"]}}],"collection":[{"href":"https:\/\/www.abf.se\/skaraborg\/wp-json\/wp\/v2\/pages"}],"about":[{"href":"https:\/\/www.abf.se\/skaraborg\/wp-json\/wp\/v2\/types\/page"}],"author":[{"embeddable":true,"href":"https:\/\/www.abf.se\/skaraborg\/wp-json\/wp\/v2\/users\/111"}],"replies":[{"embeddable":true,"href":"https:\/\/www.abf.se\/skaraborg\/wp-json\/wp\/v2\/comments?post=378"}],"version-history":[{"count":22,"href":"https:\/\/www.abf.se\/skaraborg\/wp-json\/wp\/v2\/pages\/378\/revisions"}],"predecessor-version":[{"id":1326,"href":"https:\/\/www.abf.se\/skaraborg\/wp-json\/wp\/v2\/pages\/378\/revisions\/1326"}],"wp:attachment":[{"href":"https:\/\/www.abf.se\/skaraborg\/wp-json\/wp\/v2\/media?parent=378"}],"curies":[{"name":"wp","href":"https:\/\/api.w.org\/{rel}","templated":true}]}}