{"id":382,"date":"2024-04-08T14:38:14","date_gmt":"2024-04-08T12:38:14","guid":{"rendered":"https:\/\/www.abf.se\/skaraborg\/?page_id=382"},"modified":"2024-05-08T11:49:45","modified_gmt":"2024-05-08T09:49:45","slug":"starta-studiecirkel","status":"publish","type":"page","link":"https:\/\/www.abf.se\/skaraborg\/starta-studiecirkel\/","title":{"rendered":"Starta studiecirkel"},"content":{"rendered":"<div\n    class=\"acf-hero-block container-lg no-padding mb-12 js-geolocation\"\n    data-block=\"hero-block\"\n    data-index=\"0\"\n>\n    <div class=\"h-[548px]  relative rounded-[32px] overflow-hidden flex bg-gray-light\">\n        <div class=\"relative z-10 mt-auto h-auto w-full md:h-full\">\n            <div class=\"flex w-full h-full flex-col flex-wrap justify-end w-full md:w-7\/12 lg:w-1\/2 md:justify-center\">\n                <div class=\"flex flex-col gap-3 md:gap-[18px] md:transparent pt-16 pb-36 md:py-8 px-4 w-full md:max-w-[620px] mx-auto px-8\">\n\n                    <h1 class=\"hero-heading hero-heading--red-text\"><span>Starta studiecirkel \u2013 steg f\u00f6r steg<\/span><\/h1>\n\n                                            <p class=\"mt-4 max-w-[48ch] text-white\">\n                            Vill du, dina v\u00e4nner eller din f\u00f6rening l\u00e4ra er n\u00e5got nytt tillsammans? Hos ABF kan ni starta en studiecirkel och f\u00e5 hj\u00e4lp med lokal, litteratur, teknik, pedagogik och mycket annat.\n                        <\/p>\n                    \n                                    <\/div>\n            <\/div>\n        <\/div>\n\n                    <picture class=\"as-background-image mix-blend-multiply bg-black\/40\"><img decoding=\"async\" src=\"https:\/\/www.abf.se\/skaraborg\/resized\/?url=https%3A%2F%2Fwww.abf.se%2Fwp-content%2Fuploads%2Fsites%2F42%2F2024%2F04%2Ffolkbildarladan-1920-1080.jpg&#038;fit=crop&#038;w=1440&#038;s=e91643d4b0b7fedb140fe54f143ef3fd\" srcset=\"https:\/\/www.abf.se\/skaraborg\/resized\/?url=https%3A%2F%2Fwww.abf.se%2Fwp-content%2Fuploads%2Fsites%2F42%2F2024%2F04%2Ffolkbildarladan-1920-1080.jpg&#038;fit=crop&#038;w=375&#038;h=540&#038;s=797937e374793e6effdf4abf86968f22 375w, https:\/\/www.abf.se\/skaraborg\/resized\/?url=https%3A%2F%2Fwww.abf.se%2Fwp-content%2Fuploads%2Fsites%2F42%2F2024%2F04%2Ffolkbildarladan-1920-1080.jpg&#038;fit=crop&#038;w=447&#038;h=540&#038;s=6a9e973d36f088183d981d4f3a1b85a3 447w, https:\/\/www.abf.se\/skaraborg\/resized\/?url=https%3A%2F%2Fwww.abf.se%2Fwp-content%2Fuploads%2Fsites%2F42%2F2024%2F04%2Ffolkbildarladan-1920-1080.jpg&#038;fit=crop&#038;w=519&#038;h=540&#038;s=2f3764ffa56789d197ae9cb609302681 519w, https:\/\/www.abf.se\/skaraborg\/resized\/?url=https%3A%2F%2Fwww.abf.se%2Fwp-content%2Fuploads%2Fsites%2F42%2F2024%2F04%2Ffolkbildarladan-1920-1080.jpg&#038;fit=crop&#038;w=591&#038;h=540&#038;s=110d7af7cb365d731d6bd559cb9679e3 591w, https:\/\/www.abf.se\/skaraborg\/resized\/?url=https%3A%2F%2Fwww.abf.se%2Fwp-content%2Fuploads%2Fsites%2F42%2F2024%2F04%2Ffolkbildarladan-1920-1080.jpg&#038;fit=crop&#038;w=663&#038;h=540&#038;s=9aa46f2d76cb5fdeea92b5fc9bed974c 663w, https:\/\/www.abf.se\/skaraborg\/resized\/?url=https%3A%2F%2Fwww.abf.se%2Fwp-content%2Fuploads%2Fsites%2F42%2F2024%2F04%2Ffolkbildarladan-1920-1080.jpg&#038;fit=crop&#038;w=750&#038;h=540&#038;s=6741a5eb85019645fb74b19de90763fc 750w, https:\/\/www.abf.se\/skaraborg\/resized\/?url=https%3A%2F%2Fwww.abf.se%2Fwp-content%2Fuploads%2Fsites%2F42%2F2024%2F04%2Ffolkbildarladan-1920-1080.jpg&#038;fit=crop&#038;w=894&#038;h=540&#038;s=48f22a42cfee292bbf28778796ca8150 894w, https:\/\/www.abf.se\/skaraborg\/resized\/?url=https%3A%2F%2Fwww.abf.se%2Fwp-content%2Fuploads%2Fsites%2F42%2F2024%2F04%2Ffolkbildarladan-1920-1080.jpg&#038;fit=crop&#038;w=1038&#038;h=540&#038;s=7c443ee2b1ca2403d5f3670d29dd2daf 1038w, https:\/\/www.abf.se\/skaraborg\/resized\/?url=https%3A%2F%2Fwww.abf.se%2Fwp-content%2Fuploads%2Fsites%2F42%2F2024%2F04%2Ffolkbildarladan-1920-1080.jpg&#038;fit=crop&#038;w=1182&#038;h=540&#038;s=8a451fabdeb954384c874533841cb7f5 1182w, https:\/\/www.abf.se\/skaraborg\/resized\/?url=https%3A%2F%2Fwww.abf.se%2Fwp-content%2Fuploads%2Fsites%2F42%2F2024%2F04%2Ffolkbildarladan-1920-1080.jpg&#038;fit=crop&#038;w=1326&#038;h=540&#038;s=044ed4a23e0239346e45e3037d1d7d49 1326w, https:\/\/www.abf.se\/skaraborg\/resized\/?url=https%3A%2F%2Fwww.abf.se%2Fwp-content%2Fuploads%2Fsites%2F42%2F2024%2F04%2Ffolkbildarladan-1920-1080.jpg&#038;fit=crop&#038;w=1440&#038;h=540&#038;s=dfedb639ab521bdf1e793a5f279aa799 1440w\" alt=\"\" height=\"540\" width=\"1440\" sizes=\"(max-width: 1440px) calc(100vw - 32px), 1440px\" loading=\"eager\" fetchpriority=\"high\" aria-hidden=\"true\" role=\"presentation\" \/><\/picture>\n        \n\n            <\/div>\n\n    <\/div>\n\n<div\n    class=\"acf-text-image-block container my-12 md:my-15\"\n    data-block=\"text-image-block\"\n>\n    <div\n    class=\"flex flex-col items-center md:flex-row gap-8 md:gap-0 justify-between\">\n                        <div class=\"w-full md:w-1\/2 md:order-2\">\n            <picture><img decoding=\"async\" src=\"https:\/\/www.abf.se\/skaraborg\/resized\/?url=https%3A%2F%2Fwww.abf.se%2Fwp-content%2Fuploads%2F2023%2F11%2FMan-med-mobil-foto-Pexels-Kampus-production_IMGP.jpg&#038;fit=crop&#038;w=578&#038;s=f6f0b0511c9d21db42e409ec55dd7815\" srcset=\"https:\/\/www.abf.se\/skaraborg\/resized\/?url=https%3A%2F%2Fwww.abf.se%2Fwp-content%2Fuploads%2F2023%2F11%2FMan-med-mobil-foto-Pexels-Kampus-production_IMGP.jpg&#038;fit=crop&#038;w=144&#038;h=126&#038;s=6e423495ba41c3eb4e95b851fa56891e 144w, https:\/\/www.abf.se\/skaraborg\/resized\/?url=https%3A%2F%2Fwww.abf.se%2Fwp-content%2Fuploads%2F2023%2F11%2FMan-med-mobil-foto-Pexels-Kampus-production_IMGP.jpg&#038;fit=crop&#038;w=240&#038;h=211&#038;s=7ba50c282d6101479f183e4494bddb88 240w, https:\/\/www.abf.se\/skaraborg\/resized\/?url=https%3A%2F%2Fwww.abf.se%2Fwp-content%2Fuploads%2F2023%2F11%2FMan-med-mobil-foto-Pexels-Kampus-production_IMGP.jpg&#038;fit=crop&#038;w=288&#038;h=253&#038;s=6cd60b0c60b999729fd5369d88d7625f 288w, https:\/\/www.abf.se\/skaraborg\/resized\/?url=https%3A%2F%2Fwww.abf.se%2Fwp-content%2Fuploads%2F2023%2F11%2FMan-med-mobil-foto-Pexels-Kampus-production_IMGP.jpg&#038;fit=crop&#038;w=336&#038;h=295&#038;s=7d659c88d72720188110f9f0a94e67cd 336w, https:\/\/www.abf.se\/skaraborg\/resized\/?url=https%3A%2F%2Fwww.abf.se%2Fwp-content%2Fuploads%2F2023%2F11%2FMan-med-mobil-foto-Pexels-Kampus-production_IMGP.jpg&#038;fit=crop&#038;w=432&#038;h=380&#038;s=7c024c6b5a50e9c23d8595300c1dd7d2 432w, https:\/\/www.abf.se\/skaraborg\/resized\/?url=https%3A%2F%2Fwww.abf.se%2Fwp-content%2Fuploads%2F2023%2F11%2FMan-med-mobil-foto-Pexels-Kampus-production_IMGP.jpg&#038;fit=crop&#038;w=480&#038;h=422&#038;s=d06c55f796d9f08c98524f4ec487b3f9 480w, https:\/\/www.abf.se\/skaraborg\/resized\/?url=https%3A%2F%2Fwww.abf.se%2Fwp-content%2Fuploads%2F2023%2F11%2FMan-med-mobil-foto-Pexels-Kampus-production_IMGP.jpg&#038;fit=crop&#038;w=528&#038;h=464&#038;s=f2ad41cef3e5d51d44e1e3d57738918b 528w, https:\/\/www.abf.se\/skaraborg\/resized\/?url=https%3A%2F%2Fwww.abf.se%2Fwp-content%2Fuploads%2F2023%2F11%2FMan-med-mobil-foto-Pexels-Kampus-production_IMGP.jpg&#038;fit=crop&#038;w=578&#038;h=509&#038;s=890e5b896264dd2d9bdd195847d8ccb1 578w, https:\/\/www.abf.se\/skaraborg\/resized\/?url=https%3A%2F%2Fwww.abf.se%2Fwp-content%2Fuploads%2F2023%2F11%2FMan-med-mobil-foto-Pexels-Kampus-production_IMGP.jpg&#038;fit=crop&#038;w=672&#038;h=591&#038;s=2f1ec157e011d110f1b45adb5fd0d067 672w, https:\/\/www.abf.se\/skaraborg\/resized\/?url=https%3A%2F%2Fwww.abf.se%2Fwp-content%2Fuploads%2F2023%2F11%2FMan-med-mobil-foto-Pexels-Kampus-production_IMGP.jpg&#038;fit=crop&#038;w=864&#038;h=760&#038;s=986693db51e40d6c9d0e729a09b036df 864w, https:\/\/www.abf.se\/skaraborg\/resized\/?url=https%3A%2F%2Fwww.abf.se%2Fwp-content%2Fuploads%2F2023%2F11%2FMan-med-mobil-foto-Pexels-Kampus-production_IMGP.jpg&#038;fit=crop&#038;w=1056&#038;h=929&#038;s=1f7d0c6af4d31f57bc6dd9dcdc5f6995 1056w\" alt=\"&auml;ldre man tittar fokuserat p&aring; sin mobiltelefon\" height=\"509\" width=\"578\" sizes=\"auto, (max-width: 768px) 100vw,\n                (max-width: 1280px) 50vw, 578px\" loading=\"lazy\" fetchpriority=\"low\" \/><\/picture>\n\n        <\/div>\n        \n        <div class=\"w-full md:w-1\/2 md:order-1\">\n        <div class=\"mx-auto md:max-w-[368px]\">\n            <h2 class=\"heading-lg\">S\u00e5 startar du en studiecirkel<\/h2>\n            <div class=\"mb-6 mt-4 wysiwyg\">\n                <header><\/header>\n<div class=\"wysiwyg\">\n<div class=\"article-body\" data-enhancer=\"articleBody\">\n<ol>\n<li>Kontakta ABF d\u00e4r du bor\u00a0(som privatperson eller organisation).<\/li>\n<li>Du f\u00e5r hj\u00e4lp att skapa en studieplan och att v\u00e4lja studiematerial.<\/li>\n<li>Du f\u00e5r fylla i en anm\u00e4lningsblankett.<\/li>\n<li>Studiecirkeln godk\u00e4nns och registreras.<\/li>\n<li>Ni samlar minst tre deltagare och s\u00e4tter ig\u00e5ng!<\/li>\n<\/ol>\n<\/div>\n<\/div>\n\n            <\/div>\n                    <\/div>\n        <\/div>\n    <\/div>\n<\/div><div\n    class=\"acf-text-image-block container my-12 md:my-15\"\n    data-block=\"text-image-block\"\n>\n    <div\n    class=\"flex flex-col items-center md:flex-row gap-8 md:gap-0 justify-between\">\n                        <div class=\"w-full md:w-1\/2 md:order-1\">\n            <picture><img decoding=\"async\" src=\"https:\/\/www.abf.se\/skaraborg\/resized\/?url=https%3A%2F%2Fwww.abf.se%2Fwp-content%2Fuploads%2F2024%2F04%2FData-IT-Mobil-08.jpg&#038;fit=crop&#038;w=578&#038;s=a64a1506168215bbe8bb9b47f4662273\" srcset=\"https:\/\/www.abf.se\/skaraborg\/resized\/?url=https%3A%2F%2Fwww.abf.se%2Fwp-content%2Fuploads%2F2024%2F04%2FData-IT-Mobil-08.jpg&#038;fit=crop&#038;w=144&#038;h=126&#038;s=398649b2dfef011bb52cc525926f2c53 144w, https:\/\/www.abf.se\/skaraborg\/resized\/?url=https%3A%2F%2Fwww.abf.se%2Fwp-content%2Fuploads%2F2024%2F04%2FData-IT-Mobil-08.jpg&#038;fit=crop&#038;w=240&#038;h=211&#038;s=fdcbff4b823ae42994760fd690192114 240w, https:\/\/www.abf.se\/skaraborg\/resized\/?url=https%3A%2F%2Fwww.abf.se%2Fwp-content%2Fuploads%2F2024%2F04%2FData-IT-Mobil-08.jpg&#038;fit=crop&#038;w=288&#038;h=253&#038;s=5bbb3f6de8a04e8ca8cfe1ab407b4ef9 288w, https:\/\/www.abf.se\/skaraborg\/resized\/?url=https%3A%2F%2Fwww.abf.se%2Fwp-content%2Fuploads%2F2024%2F04%2FData-IT-Mobil-08.jpg&#038;fit=crop&#038;w=336&#038;h=295&#038;s=9397e9ccad961a492bf57d5108ae40b7 336w, https:\/\/www.abf.se\/skaraborg\/resized\/?url=https%3A%2F%2Fwww.abf.se%2Fwp-content%2Fuploads%2F2024%2F04%2FData-IT-Mobil-08.jpg&#038;fit=crop&#038;w=432&#038;h=380&#038;s=17b3a4b985e31250f9266087972734f4 432w, https:\/\/www.abf.se\/skaraborg\/resized\/?url=https%3A%2F%2Fwww.abf.se%2Fwp-content%2Fuploads%2F2024%2F04%2FData-IT-Mobil-08.jpg&#038;fit=crop&#038;w=480&#038;h=422&#038;s=484de37b34480de599549905d8c6c68b 480w, https:\/\/www.abf.se\/skaraborg\/resized\/?url=https%3A%2F%2Fwww.abf.se%2Fwp-content%2Fuploads%2F2024%2F04%2FData-IT-Mobil-08.jpg&#038;fit=crop&#038;w=528&#038;h=464&#038;s=877911615274434fbfce23bbf5da120c 528w, https:\/\/www.abf.se\/skaraborg\/resized\/?url=https%3A%2F%2Fwww.abf.se%2Fwp-content%2Fuploads%2F2024%2F04%2FData-IT-Mobil-08.jpg&#038;fit=crop&#038;w=578&#038;h=509&#038;s=dcf814ff9407f2dff8134203b2d6b575 578w, https:\/\/www.abf.se\/skaraborg\/resized\/?url=https%3A%2F%2Fwww.abf.se%2Fwp-content%2Fuploads%2F2024%2F04%2FData-IT-Mobil-08.jpg&#038;fit=crop&#038;w=672&#038;h=591&#038;s=7fc21c3bb59a8f1ca6312d722aebfc45 672w, https:\/\/www.abf.se\/skaraborg\/resized\/?url=https%3A%2F%2Fwww.abf.se%2Fwp-content%2Fuploads%2F2024%2F04%2FData-IT-Mobil-08.jpg&#038;fit=crop&#038;w=864&#038;h=760&#038;s=0d6d22f479aeed086af9ccd9ad77aaf6 864w, https:\/\/www.abf.se\/skaraborg\/resized\/?url=https%3A%2F%2Fwww.abf.se%2Fwp-content%2Fuploads%2F2024%2F04%2FData-IT-Mobil-08.jpg&#038;fit=crop&#038;w=1056&#038;h=929&#038;s=512559c8fef01e2538b0948bd009df3f 1056w\" alt=\"tre laptops p&aring; ett bord tre par h&auml;nder &ouml;ver de tre laptopsen\" height=\"509\" width=\"578\" sizes=\"auto, (max-width: 768px) 100vw,\n                (max-width: 1280px) 50vw, 578px\" loading=\"lazy\" fetchpriority=\"low\" \/><\/picture>\n\n        <\/div>\n        \n        <div class=\"w-full md:w-1\/2 md:order-2\">\n        <div class=\"mx-auto md:max-w-[368px]\">\n            <h2 class=\"heading-lg\">Det h\u00e4r kan ABF bidra med<\/h2>\n            <div class=\"mb-6 mt-4 wysiwyg\">\n                <p>Vi kan exempelvis hj\u00e4lpa till med lokaler, studiematerial och teknik. Dessutom kan vi vara ett st\u00f6d i arbetet med att planera studiecirkelns uppl\u00e4gg och utarbeta en studieplan s\u00e5 att alla som deltar f\u00e5r ut s\u00e5 mycket som m\u00f6jligt av cirkeln.<\/p>\n\n            <\/div>\n                    <\/div>\n        <\/div>\n    <\/div>\n<\/div><div\n    class=\"acf-text-image-block container my-12 md:my-15\"\n    data-block=\"text-image-block\"\n>\n    <div\n    class=\"flex flex-col items-center md:flex-row gap-8 md:gap-0 justify-between\">\n                        <div class=\"w-full md:w-1\/2 md:order-2\">\n            <picture><img decoding=\"async\" src=\"https:\/\/www.abf.se\/skaraborg\/resized\/?url=https%3A%2F%2Fwww.abf.se%2Fwp-content%2Fuploads%2F2023%2F11%2FGemenskap-foto-Pexels_IMGP.jpg&#038;fit=crop&#038;w=578&#038;s=9435c564c750dfa392f8f3a61028908d\" srcset=\"https:\/\/www.abf.se\/skaraborg\/resized\/?url=https%3A%2F%2Fwww.abf.se%2Fwp-content%2Fuploads%2F2023%2F11%2FGemenskap-foto-Pexels_IMGP.jpg&#038;fit=crop&#038;w=144&#038;h=126&#038;s=e6e7db6ece8e23c78f8c226350b6d522 144w, https:\/\/www.abf.se\/skaraborg\/resized\/?url=https%3A%2F%2Fwww.abf.se%2Fwp-content%2Fuploads%2F2023%2F11%2FGemenskap-foto-Pexels_IMGP.jpg&#038;fit=crop&#038;w=240&#038;h=211&#038;s=985bc13eb73243d718c804d448e8cffd 240w, https:\/\/www.abf.se\/skaraborg\/resized\/?url=https%3A%2F%2Fwww.abf.se%2Fwp-content%2Fuploads%2F2023%2F11%2FGemenskap-foto-Pexels_IMGP.jpg&#038;fit=crop&#038;w=288&#038;h=253&#038;s=dc084d2ff842bcdcf1f47add4eb66ce1 288w, https:\/\/www.abf.se\/skaraborg\/resized\/?url=https%3A%2F%2Fwww.abf.se%2Fwp-content%2Fuploads%2F2023%2F11%2FGemenskap-foto-Pexels_IMGP.jpg&#038;fit=crop&#038;w=336&#038;h=295&#038;s=2489efd561907bfda73ace38d172b41d 336w, https:\/\/www.abf.se\/skaraborg\/resized\/?url=https%3A%2F%2Fwww.abf.se%2Fwp-content%2Fuploads%2F2023%2F11%2FGemenskap-foto-Pexels_IMGP.jpg&#038;fit=crop&#038;w=432&#038;h=380&#038;s=3fd06e08d0567dd68d5e4838da85fa4f 432w, https:\/\/www.abf.se\/skaraborg\/resized\/?url=https%3A%2F%2Fwww.abf.se%2Fwp-content%2Fuploads%2F2023%2F11%2FGemenskap-foto-Pexels_IMGP.jpg&#038;fit=crop&#038;w=480&#038;h=422&#038;s=9cda416fcb6aaddcb4b7a25755ebcb77 480w, https:\/\/www.abf.se\/skaraborg\/resized\/?url=https%3A%2F%2Fwww.abf.se%2Fwp-content%2Fuploads%2F2023%2F11%2FGemenskap-foto-Pexels_IMGP.jpg&#038;fit=crop&#038;w=528&#038;h=464&#038;s=5b7d604d6e1b3f4a5c7fe5cc14c61429 528w, https:\/\/www.abf.se\/skaraborg\/resized\/?url=https%3A%2F%2Fwww.abf.se%2Fwp-content%2Fuploads%2F2023%2F11%2FGemenskap-foto-Pexels_IMGP.jpg&#038;fit=crop&#038;w=578&#038;h=509&#038;s=64c45b098e2d90d134361ad62c36ac28 578w, https:\/\/www.abf.se\/skaraborg\/resized\/?url=https%3A%2F%2Fwww.abf.se%2Fwp-content%2Fuploads%2F2023%2F11%2FGemenskap-foto-Pexels_IMGP.jpg&#038;fit=crop&#038;w=672&#038;h=591&#038;s=830bd9f23e3a7de6e31d80362803daaf 672w, https:\/\/www.abf.se\/skaraborg\/resized\/?url=https%3A%2F%2Fwww.abf.se%2Fwp-content%2Fuploads%2F2023%2F11%2FGemenskap-foto-Pexels_IMGP.jpg&#038;fit=crop&#038;w=864&#038;h=760&#038;s=fd8ea5e7b7841b32ba879db958098f5a 864w, https:\/\/www.abf.se\/skaraborg\/resized\/?url=https%3A%2F%2Fwww.abf.se%2Fwp-content%2Fuploads%2F2023%2F11%2FGemenskap-foto-Pexels_IMGP.jpg&#038;fit=crop&#038;w=1056&#038;h=929&#038;s=40bef7c9ee7dda470c4f8a44ebe4ab80 1056w\" alt=\"f&aring;gelperspektiv p&aring; en grupp m&auml;nniskor som alla str&auml;cker in handen i en cirkel\" height=\"509\" width=\"578\" sizes=\"auto, (max-width: 768px) 100vw,\n                (max-width: 1280px) 50vw, 578px\" loading=\"lazy\" fetchpriority=\"low\" \/><\/picture>\n\n        <\/div>\n        \n        <div class=\"w-full md:w-1\/2 md:order-1\">\n        <div class=\"mx-auto md:max-w-[368px]\">\n            <h2 class=\"heading-lg\">Checklista f\u00f6r studiecirklar<\/h2>\n            <div class=\"mb-6 mt-4 wysiwyg\">\n                <ul>\n<li>Ha minst tre tr\u00e4ffar<\/li>\n<li>Ha minst nio studietimmar (en studietimme = 45 minuter)<\/li>\n<li>Ha minst tre deltagare inklusive cirkelledaren<\/li>\n<\/ul>\n\n            <\/div>\n                    <\/div>\n        <\/div>\n    <\/div>\n<\/div>","protected":false},"excerpt":{"rendered":"","protected":false},"author":111,"featured_media":0,"parent":0,"menu_order":0,"comment_status":"closed","ping_status":"closed","template":"","meta":{"_acf_changed":false,"footnotes":""},"class_list":["post-382","page","type-page","status-publish","hentry"],"acf":[],"yoast_head":"<!-- This site is optimized with the Yoast SEO plugin v27.0 - https:\/\/yoast.com\/product\/yoast-seo-wordpress\/ -->\n<title>Starta studiecirkel - Skaraborg<\/title>\n<meta name=\"robots\" content=\"index, follow, max-snippet:-1, max-image-preview:large, max-video-preview:-1\" \/>\n<link rel=\"canonical\" href=\"https:\/\/www.abf.se\/skaraborg\/starta-studiecirkel\/\" \/>\n<meta property=\"og:locale\" content=\"sv_SE\" \/>\n<meta property=\"og:type\" content=\"article\" \/>\n<meta property=\"og:title\" content=\"Starta studiecirkel - Skaraborg\" \/>\n<meta property=\"og:url\" content=\"https:\/\/www.abf.se\/skaraborg\/starta-studiecirkel\/\" \/>\n<meta property=\"og:site_name\" content=\"Skaraborg\" \/>\n<meta property=\"article:modified_time\" content=\"2024-05-08T09:49:45+00:00\" \/>\n<meta property=\"og:image\" content=\"https:\/\/www.abf.se\/wp-content\/uploads\/sites\/42\/2024\/04\/Nyckeln-liggande-scaled.jpg\" \/>\n\t<meta property=\"og:image:width\" content=\"2560\" \/>\n\t<meta property=\"og:image:height\" content=\"1440\" \/>\n\t<meta property=\"og:image:type\" content=\"image\/jpeg\" \/>\n<meta name=\"twitter:card\" content=\"summary_large_image\" \/>\n<script type=\"application\/ld+json\" class=\"yoast-schema-graph\">{\"@context\":\"https:\/\/schema.org\",\"@graph\":[{\"@type\":\"WebPage\",\"@id\":\"https:\/\/www.abf.se\/skaraborg\/starta-studiecirkel\/\",\"url\":\"https:\/\/www.abf.se\/skaraborg\/starta-studiecirkel\/\",\"name\":\"Starta studiecirkel - Skaraborg\",\"isPartOf\":{\"@id\":\"https:\/\/www.abf.se\/skaraborg\/#website\"},\"datePublished\":\"2024-04-08T12:38:14+00:00\",\"dateModified\":\"2024-05-08T09:49:45+00:00\",\"breadcrumb\":{\"@id\":\"https:\/\/www.abf.se\/skaraborg\/starta-studiecirkel\/#breadcrumb\"},\"inLanguage\":\"sv-SE\",\"potentialAction\":[{\"@type\":\"ReadAction\",\"target\":[\"https:\/\/www.abf.se\/skaraborg\/starta-studiecirkel\/\"]}]},{\"@type\":\"BreadcrumbList\",\"@id\":\"https:\/\/www.abf.se\/skaraborg\/starta-studiecirkel\/#breadcrumb\",\"itemListElement\":[{\"@type\":\"ListItem\",\"position\":1,\"name\":\"Home\",\"item\":\"https:\/\/www.abf.se\/skaraborg\/\"},{\"@type\":\"ListItem\",\"position\":2,\"name\":\"Starta studiecirkel\"}]},{\"@type\":\"WebSite\",\"@id\":\"https:\/\/www.abf.se\/skaraborg\/#website\",\"url\":\"https:\/\/www.abf.se\/skaraborg\/\",\"name\":\"Skaraborg\",\"description\":\"\",\"potentialAction\":[{\"@type\":\"SearchAction\",\"target\":{\"@type\":\"EntryPoint\",\"urlTemplate\":\"https:\/\/www.abf.se\/skaraborg\/?s={search_term_string}\"},\"query-input\":{\"@type\":\"PropertyValueSpecification\",\"valueRequired\":true,\"valueName\":\"search_term_string\"}}],\"inLanguage\":\"sv-SE\"}]}<\/script>\n<!-- \/ Yoast SEO plugin. -->","yoast_head_json":{"title":"Starta studiecirkel - Skaraborg","robots":{"index":"index","follow":"follow","max-snippet":"max-snippet:-1","max-image-preview":"max-image-preview:large","max-video-preview":"max-video-preview:-1"},"canonical":"https:\/\/www.abf.se\/skaraborg\/starta-studiecirkel\/","og_locale":"sv_SE","og_type":"article","og_title":"Starta studiecirkel - Skaraborg","og_url":"https:\/\/www.abf.se\/skaraborg\/starta-studiecirkel\/","og_site_name":"Skaraborg","article_modified_time":"2024-05-08T09:49:45+00:00","og_image":[{"width":2560,"height":1440,"url":"https:\/\/www.abf.se\/wp-content\/uploads\/sites\/42\/2024\/04\/Nyckeln-liggande-scaled.jpg","type":"image\/jpeg"}],"twitter_card":"summary_large_image","schema":{"@context":"https:\/\/schema.org","@graph":[{"@type":"WebPage","@id":"https:\/\/www.abf.se\/skaraborg\/starta-studiecirkel\/","url":"https:\/\/www.abf.se\/skaraborg\/starta-studiecirkel\/","name":"Starta studiecirkel - Skaraborg","isPartOf":{"@id":"https:\/\/www.abf.se\/skaraborg\/#website"},"datePublished":"2024-04-08T12:38:14+00:00","dateModified":"2024-05-08T09:49:45+00:00","breadcrumb":{"@id":"https:\/\/www.abf.se\/skaraborg\/starta-studiecirkel\/#breadcrumb"},"inLanguage":"sv-SE","potentialAction":[{"@type":"ReadAction","target":["https:\/\/www.abf.se\/skaraborg\/starta-studiecirkel\/"]}]},{"@type":"BreadcrumbList","@id":"https:\/\/www.abf.se\/skaraborg\/starta-studiecirkel\/#breadcrumb","itemListElement":[{"@type":"ListItem","position":1,"name":"Home","item":"https:\/\/www.abf.se\/skaraborg\/"},{"@type":"ListItem","position":2,"name":"Starta studiecirkel"}]},{"@type":"WebSite","@id":"https:\/\/www.abf.se\/skaraborg\/#website","url":"https:\/\/www.abf.se\/skaraborg\/","name":"Skaraborg","description":"","potentialAction":[{"@type":"SearchAction","target":{"@type":"EntryPoint","urlTemplate":"https:\/\/www.abf.se\/skaraborg\/?s={search_term_string}"},"query-input":{"@type":"PropertyValueSpecification","valueRequired":true,"valueName":"search_term_string"}}],"inLanguage":"sv-SE"}]}},"_links":{"self":[{"href":"https:\/\/www.abf.se\/skaraborg\/wp-json\/wp\/v2\/pages\/382","targetHints":{"allow":["GET"]}}],"collection":[{"href":"https:\/\/www.abf.se\/skaraborg\/wp-json\/wp\/v2\/pages"}],"about":[{"href":"https:\/\/www.abf.se\/skaraborg\/wp-json\/wp\/v2\/types\/page"}],"author":[{"embeddable":true,"href":"https:\/\/www.abf.se\/skaraborg\/wp-json\/wp\/v2\/users\/111"}],"replies":[{"embeddable":true,"href":"https:\/\/www.abf.se\/skaraborg\/wp-json\/wp\/v2\/comments?post=382"}],"version-history":[{"count":7,"href":"https:\/\/www.abf.se\/skaraborg\/wp-json\/wp\/v2\/pages\/382\/revisions"}],"predecessor-version":[{"id":976,"href":"https:\/\/www.abf.se\/skaraborg\/wp-json\/wp\/v2\/pages\/382\/revisions\/976"}],"wp:attachment":[{"href":"https:\/\/www.abf.se\/skaraborg\/wp-json\/wp\/v2\/media?parent=382"}],"curies":[{"name":"wp","href":"https:\/\/api.w.org\/{rel}","templated":true}]}}