{"id":113,"date":"2024-05-03T08:22:12","date_gmt":"2024-05-03T06:22:12","guid":{"rendered":"https:\/\/www.abf.se\/skelleftea\/?page_id=113"},"modified":"2024-10-22T10:47:10","modified_gmt":"2024-10-22T08:47:10","slug":"landsbygd","status":"publish","type":"page","link":"https:\/\/www.abf.se\/skelleftea\/verksamhet\/landsbygd\/","title":{"rendered":"Landsbygd"},"content":{"rendered":"<div\n    class=\"acf-hero-block container-lg no-padding mb-12 js-geolocation\"\n    data-block=\"hero-block\"\n    data-index=\"0\"\n>\n    <div class=\"h-[548px]  relative rounded-[32px] overflow-hidden flex bg-gray-light\">\n        <div class=\"relative z-10 mt-auto h-auto w-full md:h-full\">\n            <div class=\"flex w-full h-full flex-col flex-wrap justify-end w-full md:w-7\/12 lg:w-1\/2 md:justify-center\">\n                <div class=\"flex flex-col gap-3 md:gap-[18px] md:transparent pt-16 pb-36 md:py-8 px-4 w-full md:max-w-[620px] mx-auto px-8\">\n\n                    <h1 class=\"hero-heading hero-heading--red-text\"><span>Landsbygdsf\u00f6reningar och byag\u00e5rdar<\/span><\/h1>\n\n                    \n                                    <\/div>\n            <\/div>\n        <\/div>\n\n                    <picture class=\"as-background-image mix-blend-multiply bg-black\/40\"><img decoding=\"async\" src=\"https:\/\/www.abf.se\/skelleftea\/resized\/?url=https%3A%2F%2Fwww.abf.se%2Fwp-content%2Fuploads%2Fsites%2F43%2F2024%2F05%2Flandsbygd.jpg&#038;fit=crop&#038;w=1440&#038;s=e2a1e732c047943cd830de9708582a4f\" srcset=\"https:\/\/www.abf.se\/skelleftea\/resized\/?url=https%3A%2F%2Fwww.abf.se%2Fwp-content%2Fuploads%2Fsites%2F43%2F2024%2F05%2Flandsbygd.jpg&#038;fit=crop&#038;w=375&#038;h=540&#038;s=56d9365d6bac937cf09b23fc514104a6 375w, https:\/\/www.abf.se\/skelleftea\/resized\/?url=https%3A%2F%2Fwww.abf.se%2Fwp-content%2Fuploads%2Fsites%2F43%2F2024%2F05%2Flandsbygd.jpg&#038;fit=crop&#038;w=447&#038;h=540&#038;s=495015eba41f4a1fbd9b6ddb2da6ba90 447w, https:\/\/www.abf.se\/skelleftea\/resized\/?url=https%3A%2F%2Fwww.abf.se%2Fwp-content%2Fuploads%2Fsites%2F43%2F2024%2F05%2Flandsbygd.jpg&#038;fit=crop&#038;w=519&#038;h=540&#038;s=ce554a72269d1b54a4c054ff2a1fb85c 519w, https:\/\/www.abf.se\/skelleftea\/resized\/?url=https%3A%2F%2Fwww.abf.se%2Fwp-content%2Fuploads%2Fsites%2F43%2F2024%2F05%2Flandsbygd.jpg&#038;fit=crop&#038;w=591&#038;h=540&#038;s=eb1957969d335af05020a8dd8418f1f5 591w, https:\/\/www.abf.se\/skelleftea\/resized\/?url=https%3A%2F%2Fwww.abf.se%2Fwp-content%2Fuploads%2Fsites%2F43%2F2024%2F05%2Flandsbygd.jpg&#038;fit=crop&#038;w=663&#038;h=540&#038;s=858f6e2d3b5651f8532e756f1b0b24c6 663w, https:\/\/www.abf.se\/skelleftea\/resized\/?url=https%3A%2F%2Fwww.abf.se%2Fwp-content%2Fuploads%2Fsites%2F43%2F2024%2F05%2Flandsbygd.jpg&#038;fit=crop&#038;w=750&#038;h=540&#038;s=9261714b5e2a1fe2509739f93b0019ab 750w, https:\/\/www.abf.se\/skelleftea\/resized\/?url=https%3A%2F%2Fwww.abf.se%2Fwp-content%2Fuploads%2Fsites%2F43%2F2024%2F05%2Flandsbygd.jpg&#038;fit=crop&#038;w=894&#038;h=540&#038;s=d58ea5eb975d143ede2b2e6aef2eefe2 894w, https:\/\/www.abf.se\/skelleftea\/resized\/?url=https%3A%2F%2Fwww.abf.se%2Fwp-content%2Fuploads%2Fsites%2F43%2F2024%2F05%2Flandsbygd.jpg&#038;fit=crop&#038;w=1038&#038;h=540&#038;s=f4554dbb327f23cfe7b14e5ca75b5ab7 1038w, https:\/\/www.abf.se\/skelleftea\/resized\/?url=https%3A%2F%2Fwww.abf.se%2Fwp-content%2Fuploads%2Fsites%2F43%2F2024%2F05%2Flandsbygd.jpg&#038;fit=crop&#038;w=1182&#038;h=540&#038;s=f063c03c4fd0c5a8e75aec8ab8de089b 1182w, https:\/\/www.abf.se\/skelleftea\/resized\/?url=https%3A%2F%2Fwww.abf.se%2Fwp-content%2Fuploads%2Fsites%2F43%2F2024%2F05%2Flandsbygd.jpg&#038;fit=crop&#038;w=1326&#038;h=540&#038;s=86ad8b4744dbfebcbd5432cac6eb8876 1326w, https:\/\/www.abf.se\/skelleftea\/resized\/?url=https%3A%2F%2Fwww.abf.se%2Fwp-content%2Fuploads%2Fsites%2F43%2F2024%2F05%2Flandsbygd.jpg&#038;fit=crop&#038;w=1440&#038;h=540&#038;s=3ec4449d040761ec11e6cb1e87c48acf 1440w\" alt=\"\" height=\"540\" width=\"1440\" sizes=\"(max-width: 1440px) calc(100vw - 32px), 1440px\" loading=\"eager\" fetchpriority=\"high\" aria-hidden=\"true\" role=\"presentation\" \/><\/picture>\n        \n\n            <\/div>\n\n    <\/div>\n\n<div\n    class=\"acf-article-text-block article-container my-12\"\n    data-block=\"article-text-block\"\n>\n    <div class=\"wysiwyg\">\n        <p>M\u00e5nga Landsbygds- och byag\u00e5rdsf\u00f6reningar g\u00f6r redan verksamhet hos oss. Vi vill att ni ska f\u00e5 m\u00f6jlighet att v\u00e4xa i eran f\u00f6rening varf\u00f6r vi g\u00e4rna tillhandah\u00e5ller resurser och verktyg f\u00f6r att g\u00f6ra det m\u00f6jligt. M\u00e5nga f\u00f6reningar tr\u00e4ffas redan idag i form av studiecirklar. Det \u00e4r allt fr\u00e5n hantverk, odling, matlagning och bokcirklar.<\/p>\n<p>ABF vill g\u00e4rna vara ert bollplank b\u00e5de f\u00f6r styrelsen men \u00e4ven f\u00f6r de aktiva medlemmarna i en f\u00f6rening. Vi har ett stort kontaktn\u00e4t vilket g\u00f6r att vi kan vara behj\u00e4lplig till att \u00f6ka samarbetet mellan n\u00e4rliggande byar f\u00f6r att kanske f\u00e5 fler medlemmar samt deltagare till det som anordnas utav<br \/>\nf\u00f6reningarna.<\/p>\n<p><strong>Har du funderingar \u00e4r du v\u00e4lkommen att h\u00f6ra av dig till:<\/strong><br \/>\nUlrika Olofsson<br \/>\n<a href=\"mailto:ulrika.olofsson@abf.se\">ulrika.olofsson@abf.se<\/a><br \/>\n073-069 36 16<\/p>\n\n    <\/div>\n<\/div>\n","protected":false},"excerpt":{"rendered":"","protected":false},"author":41,"featured_media":0,"parent":51,"menu_order":0,"comment_status":"closed","ping_status":"closed","template":"","meta":{"_acf_changed":false,"footnotes":""},"class_list":["post-113","page","type-page","status-publish","hentry"],"acf":[],"yoast_head":"<!-- This site is optimized with the Yoast SEO plugin v27.0 - https:\/\/yoast.com\/product\/yoast-seo-wordpress\/ -->\n<title>Landsbygd - Skellefte\u00e5<\/title>\n<meta name=\"robots\" content=\"index, follow, max-snippet:-1, max-image-preview:large, max-video-preview:-1\" \/>\n<link rel=\"canonical\" href=\"https:\/\/www.abf.se\/skelleftea\/verksamhet\/landsbygd\/\" \/>\n<meta property=\"og:locale\" content=\"sv_SE\" \/>\n<meta property=\"og:type\" content=\"article\" \/>\n<meta property=\"og:title\" content=\"Landsbygd - Skellefte\u00e5\" \/>\n<meta property=\"og:url\" content=\"https:\/\/www.abf.se\/skelleftea\/verksamhet\/landsbygd\/\" \/>\n<meta property=\"og:site_name\" content=\"Skellefte\u00e5\" \/>\n<meta property=\"article:modified_time\" content=\"2024-10-22T08:47:10+00:00\" \/>\n<meta property=\"og:image\" content=\"https:\/\/www.abf.se\/wp-content\/uploads\/sites\/43\/2024\/04\/Nyckeln-liggande-scaled.jpg\" \/>\n\t<meta property=\"og:image:width\" content=\"2560\" \/>\n\t<meta property=\"og:image:height\" content=\"1440\" \/>\n\t<meta property=\"og:image:type\" content=\"image\/jpeg\" \/>\n<meta name=\"twitter:card\" content=\"summary_large_image\" \/>\n<script type=\"application\/ld+json\" class=\"yoast-schema-graph\">{\"@context\":\"https:\/\/schema.org\",\"@graph\":[{\"@type\":\"WebPage\",\"@id\":\"https:\/\/www.abf.se\/skelleftea\/verksamhet\/landsbygd\/\",\"url\":\"https:\/\/www.abf.se\/skelleftea\/verksamhet\/landsbygd\/\",\"name\":\"Landsbygd - Skellefte\u00e5\",\"isPartOf\":{\"@id\":\"https:\/\/www.abf.se\/skelleftea\/#website\"},\"datePublished\":\"2024-05-03T06:22:12+00:00\",\"dateModified\":\"2024-10-22T08:47:10+00:00\",\"breadcrumb\":{\"@id\":\"https:\/\/www.abf.se\/skelleftea\/verksamhet\/landsbygd\/#breadcrumb\"},\"inLanguage\":\"sv-SE\",\"potentialAction\":[{\"@type\":\"ReadAction\",\"target\":[\"https:\/\/www.abf.se\/skelleftea\/verksamhet\/landsbygd\/\"]}]},{\"@type\":\"BreadcrumbList\",\"@id\":\"https:\/\/www.abf.se\/skelleftea\/verksamhet\/landsbygd\/#breadcrumb\",\"itemListElement\":[{\"@type\":\"ListItem\",\"position\":1,\"name\":\"Home\",\"item\":\"https:\/\/www.abf.se\/skelleftea\/\"},{\"@type\":\"ListItem\",\"position\":2,\"name\":\"V\u00e5ra verksamheter\",\"item\":\"https:\/\/www.abf.se\/skelleftea\/verksamhet\/\"},{\"@type\":\"ListItem\",\"position\":3,\"name\":\"Landsbygd\"}]},{\"@type\":\"WebSite\",\"@id\":\"https:\/\/www.abf.se\/skelleftea\/#website\",\"url\":\"https:\/\/www.abf.se\/skelleftea\/\",\"name\":\"Skellefte\u00e5\",\"description\":\"\",\"potentialAction\":[{\"@type\":\"SearchAction\",\"target\":{\"@type\":\"EntryPoint\",\"urlTemplate\":\"https:\/\/www.abf.se\/skelleftea\/?s={search_term_string}\"},\"query-input\":{\"@type\":\"PropertyValueSpecification\",\"valueRequired\":true,\"valueName\":\"search_term_string\"}}],\"inLanguage\":\"sv-SE\"}]}<\/script>\n<!-- \/ Yoast SEO plugin. -->","yoast_head_json":{"title":"Landsbygd - Skellefte\u00e5","robots":{"index":"index","follow":"follow","max-snippet":"max-snippet:-1","max-image-preview":"max-image-preview:large","max-video-preview":"max-video-preview:-1"},"canonical":"https:\/\/www.abf.se\/skelleftea\/verksamhet\/landsbygd\/","og_locale":"sv_SE","og_type":"article","og_title":"Landsbygd - Skellefte\u00e5","og_url":"https:\/\/www.abf.se\/skelleftea\/verksamhet\/landsbygd\/","og_site_name":"Skellefte\u00e5","article_modified_time":"2024-10-22T08:47:10+00:00","og_image":[{"width":2560,"height":1440,"url":"https:\/\/www.abf.se\/wp-content\/uploads\/sites\/43\/2024\/04\/Nyckeln-liggande-scaled.jpg","type":"image\/jpeg"}],"twitter_card":"summary_large_image","schema":{"@context":"https:\/\/schema.org","@graph":[{"@type":"WebPage","@id":"https:\/\/www.abf.se\/skelleftea\/verksamhet\/landsbygd\/","url":"https:\/\/www.abf.se\/skelleftea\/verksamhet\/landsbygd\/","name":"Landsbygd - Skellefte\u00e5","isPartOf":{"@id":"https:\/\/www.abf.se\/skelleftea\/#website"},"datePublished":"2024-05-03T06:22:12+00:00","dateModified":"2024-10-22T08:47:10+00:00","breadcrumb":{"@id":"https:\/\/www.abf.se\/skelleftea\/verksamhet\/landsbygd\/#breadcrumb"},"inLanguage":"sv-SE","potentialAction":[{"@type":"ReadAction","target":["https:\/\/www.abf.se\/skelleftea\/verksamhet\/landsbygd\/"]}]},{"@type":"BreadcrumbList","@id":"https:\/\/www.abf.se\/skelleftea\/verksamhet\/landsbygd\/#breadcrumb","itemListElement":[{"@type":"ListItem","position":1,"name":"Home","item":"https:\/\/www.abf.se\/skelleftea\/"},{"@type":"ListItem","position":2,"name":"V\u00e5ra verksamheter","item":"https:\/\/www.abf.se\/skelleftea\/verksamhet\/"},{"@type":"ListItem","position":3,"name":"Landsbygd"}]},{"@type":"WebSite","@id":"https:\/\/www.abf.se\/skelleftea\/#website","url":"https:\/\/www.abf.se\/skelleftea\/","name":"Skellefte\u00e5","description":"","potentialAction":[{"@type":"SearchAction","target":{"@type":"EntryPoint","urlTemplate":"https:\/\/www.abf.se\/skelleftea\/?s={search_term_string}"},"query-input":{"@type":"PropertyValueSpecification","valueRequired":true,"valueName":"search_term_string"}}],"inLanguage":"sv-SE"}]}},"_links":{"self":[{"href":"https:\/\/www.abf.se\/skelleftea\/wp-json\/wp\/v2\/pages\/113","targetHints":{"allow":["GET"]}}],"collection":[{"href":"https:\/\/www.abf.se\/skelleftea\/wp-json\/wp\/v2\/pages"}],"about":[{"href":"https:\/\/www.abf.se\/skelleftea\/wp-json\/wp\/v2\/types\/page"}],"author":[{"embeddable":true,"href":"https:\/\/www.abf.se\/skelleftea\/wp-json\/wp\/v2\/users\/41"}],"replies":[{"embeddable":true,"href":"https:\/\/www.abf.se\/skelleftea\/wp-json\/wp\/v2\/comments?post=113"}],"version-history":[{"count":6,"href":"https:\/\/www.abf.se\/skelleftea\/wp-json\/wp\/v2\/pages\/113\/revisions"}],"predecessor-version":[{"id":138,"href":"https:\/\/www.abf.se\/skelleftea\/wp-json\/wp\/v2\/pages\/113\/revisions\/138"}],"up":[{"embeddable":true,"href":"https:\/\/www.abf.se\/skelleftea\/wp-json\/wp\/v2\/pages\/51"}],"wp:attachment":[{"href":"https:\/\/www.abf.se\/skelleftea\/wp-json\/wp\/v2\/media?parent=113"}],"curies":[{"name":"wp","href":"https:\/\/api.w.org\/{rel}","templated":true}]}}