{"id":264,"date":"2024-12-27T15:31:48","date_gmt":"2024-12-27T14:31:48","guid":{"rendered":"https:\/\/www.abf.se\/skelleftea\/?page_id=264"},"modified":"2025-09-23T11:56:29","modified_gmt":"2025-09-23T09:56:29","slug":"vanliga-fragor","status":"publish","type":"page","link":"https:\/\/www.abf.se\/skelleftea\/vanliga-fragor\/","title":{"rendered":"Vanliga fr\u00e5gor"},"content":{"rendered":"<div\n    class=\"acf-hero-block container-lg no-padding mb-12 js-geolocation\"\n    data-block=\"hero-block\"\n    data-index=\"0\"\n>\n    <div class=\"h-[548px]  relative rounded-[32px] overflow-hidden flex bg-gray-light\">\n        <div class=\"relative z-10 mt-auto h-auto w-full md:h-full\">\n            <div class=\"flex w-full h-full flex-col flex-wrap justify-end w-full md:w-7\/12 lg:w-1\/2 md:justify-center\">\n                <div class=\"flex flex-col gap-3 md:gap-[18px] md:transparent pt-16 pb-36 md:py-8 px-4 w-full md:max-w-[620px] mx-auto px-8\">\n\n                    <h1 class=\"hero-heading hero-heading--red-text\"><span>Vanliga fr\u00e5gor<\/span><\/h1>\n\n                    \n                                    <\/div>\n            <\/div>\n        <\/div>\n\n                    <picture class=\"as-background-image mix-blend-multiply bg-black\/40\"><img decoding=\"async\" src=\"https:\/\/www.abf.se\/skelleftea\/resized\/?url=https%3A%2F%2Fwww.abf.se%2Fwp-content%2Fuploads%2Fsites%2F43%2F2024%2F12%2Fanswer-3509503_1280.jpg&#038;fit=crop&#038;w=1440&#038;s=4453af9abc2c437ce828c2cb782853e1\" srcset=\"https:\/\/www.abf.se\/skelleftea\/resized\/?url=https%3A%2F%2Fwww.abf.se%2Fwp-content%2Fuploads%2Fsites%2F43%2F2024%2F12%2Fanswer-3509503_1280.jpg&#038;fit=crop&#038;w=375&#038;h=540&#038;s=ca873bb5dc4eae04d9c233224787fbe4 375w, https:\/\/www.abf.se\/skelleftea\/resized\/?url=https%3A%2F%2Fwww.abf.se%2Fwp-content%2Fuploads%2Fsites%2F43%2F2024%2F12%2Fanswer-3509503_1280.jpg&#038;fit=crop&#038;w=447&#038;h=540&#038;s=76f73c83b87372dd0260a3c588fd7da6 447w, https:\/\/www.abf.se\/skelleftea\/resized\/?url=https%3A%2F%2Fwww.abf.se%2Fwp-content%2Fuploads%2Fsites%2F43%2F2024%2F12%2Fanswer-3509503_1280.jpg&#038;fit=crop&#038;w=519&#038;h=540&#038;s=73efb7d3b0d05fae7fdd16c06a402bd6 519w, https:\/\/www.abf.se\/skelleftea\/resized\/?url=https%3A%2F%2Fwww.abf.se%2Fwp-content%2Fuploads%2Fsites%2F43%2F2024%2F12%2Fanswer-3509503_1280.jpg&#038;fit=crop&#038;w=591&#038;h=540&#038;s=44601b3959bf36ca499e16068b425579 591w, https:\/\/www.abf.se\/skelleftea\/resized\/?url=https%3A%2F%2Fwww.abf.se%2Fwp-content%2Fuploads%2Fsites%2F43%2F2024%2F12%2Fanswer-3509503_1280.jpg&#038;fit=crop&#038;w=663&#038;h=540&#038;s=088b7ceee76fac536c632c42960e18c0 663w, https:\/\/www.abf.se\/skelleftea\/resized\/?url=https%3A%2F%2Fwww.abf.se%2Fwp-content%2Fuploads%2Fsites%2F43%2F2024%2F12%2Fanswer-3509503_1280.jpg&#038;fit=crop&#038;w=750&#038;h=540&#038;s=36f9c1365bc7d1d94cbd08c1fb403830 750w, https:\/\/www.abf.se\/skelleftea\/resized\/?url=https%3A%2F%2Fwww.abf.se%2Fwp-content%2Fuploads%2Fsites%2F43%2F2024%2F12%2Fanswer-3509503_1280.jpg&#038;fit=crop&#038;w=894&#038;h=540&#038;s=14d88f9a1b0d4ebdc2e264da8b1ec9cb 894w, https:\/\/www.abf.se\/skelleftea\/resized\/?url=https%3A%2F%2Fwww.abf.se%2Fwp-content%2Fuploads%2Fsites%2F43%2F2024%2F12%2Fanswer-3509503_1280.jpg&#038;fit=crop&#038;w=1038&#038;h=540&#038;s=24fc35acbf0ab9953833d2c24194ce6e 1038w, https:\/\/www.abf.se\/skelleftea\/resized\/?url=https%3A%2F%2Fwww.abf.se%2Fwp-content%2Fuploads%2Fsites%2F43%2F2024%2F12%2Fanswer-3509503_1280.jpg&#038;fit=crop&#038;w=1182&#038;h=540&#038;s=a5e46a4785361664faf7de2ed518ed82 1182w, https:\/\/www.abf.se\/skelleftea\/resized\/?url=https%3A%2F%2Fwww.abf.se%2Fwp-content%2Fuploads%2Fsites%2F43%2F2024%2F12%2Fanswer-3509503_1280.jpg&#038;fit=crop&#038;w=1326&#038;h=540&#038;s=179c7224873bb6e3288fb9e212933cd8 1326w, https:\/\/www.abf.se\/skelleftea\/resized\/?url=https%3A%2F%2Fwww.abf.se%2Fwp-content%2Fuploads%2Fsites%2F43%2F2024%2F12%2Fanswer-3509503_1280.jpg&#038;fit=crop&#038;w=1440&#038;h=540&#038;s=b01d26633eaa9e004e6aed29924b99a2 1440w\" alt=\"\" height=\"540\" width=\"1440\" sizes=\"(max-width: 1440px) calc(100vw - 32px), 1440px\" loading=\"eager\" fetchpriority=\"high\" aria-hidden=\"true\" role=\"presentation\" \/><\/picture>\n        \n\n            <\/div>\n\n    <\/div>\n\n<ul\n    class=\"acf-article-accordion-block accordion-group grid gap-4 my-12 article-container--wide\"\n    data-block=\"article-accordion-block \"\n    data-ui-accordion-group\n>\n\n            <li class=\"accordion\" data-ui-accordion data-ui-accordion-open=\"false\">\n        <h3>\n        <button data-ui-accordion-button class=\"accordion-toggle font-bold\" aria-expanded=\"false\" aria-controls=\"row-vadarabf?-0\" id=\"vadarabf?-0\">\n            Vad \u00e4r ABF?\n            \n            <figure class=\"w-4.5 h-4.5\" aria-hidden=\"true\">\n            <svg width=\"20\" height=\"20\" viewBox=\"0 0 20 20\" fill=\"none\"\nclass=\"SvgIconElement\">\n<path d=\"M15.8333 7.16667L9.99992 13L4.16659 7.16667\" stroke=\"currentColor\"\/>\n<\/svg>\n            <\/figure>\n        <\/button>\n        \n                <\/h3>\n        <div class=\"accordion-content\">\n            <div id=\"row-vadarabf?-0\" role=\"region\" class=\"accordion-content-wrap\" aria-labelledby=\"vadarabf?-0\">\n                                            <div class=\"wysiwyg\">\n                    <p>Arbetarnas Bildningsf\u00f6rbund (ABF) \u00e4r Sveriges st\u00f6rsta studief\u00f6rbund och erbjuder studiecirklar, kurser, f\u00f6rel\u00e4sningar och kulturarrangemang i alla Sveriges kommuner. ABF \u00e4r en sammanslutning av organisationer inom arbetarr\u00f6relsen samt andra organisationer, b\u00e5de stora och sm\u00e5, som delar ABF:s v\u00e4rdegrund. <\/p>\n\n                <\/div>\n                                        <\/div>\n        <\/div>\n    <\/li>\n            <li class=\"accordion\" data-ui-accordion data-ui-accordion-open=\"false\">\n        <h3>\n        <button data-ui-accordion-button class=\"accordion-toggle font-bold\" aria-expanded=\"false\" aria-controls=\"row-vadstarabffor?-1\" id=\"vadstarabffor?-1\">\n            Vad st\u00e5r ABF f\u00f6r?\n            \n            <figure class=\"w-4.5 h-4.5\" aria-hidden=\"true\">\n            <svg width=\"20\" height=\"20\" viewBox=\"0 0 20 20\" fill=\"none\"\nclass=\"SvgIconElement\">\n<path d=\"M15.8333 7.16667L9.99992 13L4.16659 7.16667\" stroke=\"currentColor\"\/>\n<\/svg>\n            <\/figure>\n        <\/button>\n        \n                <\/h3>\n        <div class=\"accordion-content\">\n            <div id=\"row-vadstarabffor?-1\" role=\"region\" class=\"accordion-content-wrap\" aria-labelledby=\"vadstarabffor?-1\">\n                                            <div class=\"wysiwyg\">\n                    <p>Tillsammans st\u00e5r vi upp f\u00f6r allas lika v\u00e4rde, ett starkt demokratiskt samh\u00e4lle och allas r\u00e4tt till l\u00e4rande.<\/p>\n\n                <\/div>\n                                        <\/div>\n        <\/div>\n    <\/li>\n            <li class=\"accordion\" data-ui-accordion data-ui-accordion-open=\"false\">\n        <h3>\n        <button data-ui-accordion-button class=\"accordion-toggle font-bold\" aria-expanded=\"false\" aria-controls=\"row-vadarabf:svardegrund?-2\" id=\"vadarabf:svardegrund?-2\">\n            Vad \u00e4r ABF:s v\u00e4rdegrund?\n            \n            <figure class=\"w-4.5 h-4.5\" aria-hidden=\"true\">\n            <svg width=\"20\" height=\"20\" viewBox=\"0 0 20 20\" fill=\"none\"\nclass=\"SvgIconElement\">\n<path d=\"M15.8333 7.16667L9.99992 13L4.16659 7.16667\" stroke=\"currentColor\"\/>\n<\/svg>\n            <\/figure>\n        <\/button>\n        \n                <\/h3>\n        <div class=\"accordion-content\">\n            <div id=\"row-vadarabf:svardegrund?-2\" role=\"region\" class=\"accordion-content-wrap\" aria-labelledby=\"vadarabf:svardegrund?-2\">\n                                            <div class=\"wysiwyg\">\n                    <p>Arbetarnas Bildningsf\u00f6rbund (ABF) vill genom en fri och frivillig bildningsverksamhet, grundad p\u00e5<br \/>\nj\u00e4mlikhetens, solidaritetens och demokratins principer:<br \/>\n\u2022\tFr\u00e4mja, och sj\u00e4lv delta i, en samh\u00e4llsomdaning i \u00f6verensst\u00e4mmelse med arbetarr\u00f6relsens grundl\u00e4ggande v\u00e4rderingar.<br \/>\n\u2022\tUtbilda sina anslutna organisationers medlemmar f\u00f6r uppgifter i f\u00f6reningsliv, arbetsliv och samh\u00e4lle.<br \/>\n\u2022\tSamt skapa f\u00f6ruts\u00e4ttningar f\u00f6r delaktighet och valfrihet i utbildning och kulturliv f\u00f6r alla m\u00e4nniskor.<\/p>\n\n                <\/div>\n                                        <\/div>\n        <\/div>\n    <\/li>\n            <li class=\"accordion\" data-ui-accordion data-ui-accordion-open=\"false\">\n        <h3>\n        <button data-ui-accordion-button class=\"accordion-toggle font-bold\" aria-expanded=\"false\" aria-controls=\"row-arabfoppetforalla?-3\" id=\"arabfoppetforalla?-3\">\n            \u00c4r ABF \u00f6ppet f\u00f6r alla?\n            \n            <figure class=\"w-4.5 h-4.5\" aria-hidden=\"true\">\n            <svg width=\"20\" height=\"20\" viewBox=\"0 0 20 20\" fill=\"none\"\nclass=\"SvgIconElement\">\n<path d=\"M15.8333 7.16667L9.99992 13L4.16659 7.16667\" stroke=\"currentColor\"\/>\n<\/svg>\n            <\/figure>\n        <\/button>\n        \n                <\/h3>\n        <div class=\"accordion-content\">\n            <div id=\"row-arabfoppetforalla?-3\" role=\"region\" class=\"accordion-content-wrap\" aria-labelledby=\"arabfoppetforalla?-3\">\n                                            <div class=\"wysiwyg\">\n                    <p>Ja, alla \u00e4r v\u00e4lkomna till v\u00e5r verksamhet! Vi tror p\u00e5 alla m\u00e4nniskors lika och unika v\u00e4rde och f\u00f6rm\u00e5ga och vet att kraften i folkbildningen och studiecirkeln \u00e4r enorm.<\/p>\n\n                <\/div>\n                                        <\/div>\n        <\/div>\n    <\/li>\n            <li class=\"accordion\" data-ui-accordion data-ui-accordion-open=\"false\">\n        <h3>\n        <button data-ui-accordion-button class=\"accordion-toggle font-bold\" aria-expanded=\"false\" aria-controls=\"row-vadarenstudiecirkel?-4\" id=\"vadarenstudiecirkel?-4\">\n            Vad \u00e4r en studiecirkel?\n            \n            <figure class=\"w-4.5 h-4.5\" aria-hidden=\"true\">\n            <svg width=\"20\" height=\"20\" viewBox=\"0 0 20 20\" fill=\"none\"\nclass=\"SvgIconElement\">\n<path d=\"M15.8333 7.16667L9.99992 13L4.16659 7.16667\" stroke=\"currentColor\"\/>\n<\/svg>\n            <\/figure>\n        <\/button>\n        \n                <\/h3>\n        <div class=\"accordion-content\">\n            <div id=\"row-vadarenstudiecirkel?-4\" role=\"region\" class=\"accordion-content-wrap\" aria-labelledby=\"vadarenstudiecirkel?-4\">\n                                            <div class=\"wysiwyg\">\n                    <p>Studiecirkeln k\u00e4nnetecknas av fritt och frivilligt l\u00e4rande tillsammans med andra. Studiecirkeln utg\u00e5r fr\u00e5n deltagarnas \u00f6nskem\u00e5l, erfarenheter, behov och f\u00f6rm\u00e5gor.<\/p>\n\n                <\/div>\n                                        <\/div>\n        <\/div>\n    <\/li>\n            <li class=\"accordion\" data-ui-accordion data-ui-accordion-open=\"false\">\n        <h3>\n        <button data-ui-accordion-button class=\"accordion-toggle font-bold\" aria-expanded=\"false\" aria-controls=\"row-kanjagdeltaiflerastudiecirklarsamtidigt?-5\" id=\"kanjagdeltaiflerastudiecirklarsamtidigt?-5\">\n            Kan jag delta i flera studiecirklar samtidigt?\n            \n            <figure class=\"w-4.5 h-4.5\" aria-hidden=\"true\">\n            <svg width=\"20\" height=\"20\" viewBox=\"0 0 20 20\" fill=\"none\"\nclass=\"SvgIconElement\">\n<path d=\"M15.8333 7.16667L9.99992 13L4.16659 7.16667\" stroke=\"currentColor\"\/>\n<\/svg>\n            <\/figure>\n        <\/button>\n        \n                <\/h3>\n        <div class=\"accordion-content\">\n            <div id=\"row-kanjagdeltaiflerastudiecirklarsamtidigt?-5\" role=\"region\" class=\"accordion-content-wrap\" aria-labelledby=\"kanjagdeltaiflerastudiecirklarsamtidigt?-5\">\n                                            <div class=\"wysiwyg\">\n                    <p>Ja, men det kan vara bra att informera ABF om du deltar i flera cirklar samtidigt.<br \/>\nABF Skellefte\u00e5 telefonnummer v\u00e4xeln: 0910-77 71 55<\/p>\n\n                <\/div>\n                                        <\/div>\n        <\/div>\n    <\/li>\n            <li class=\"accordion\" data-ui-accordion data-ui-accordion-open=\"false\">\n        <h3>\n        <button data-ui-accordion-button class=\"accordion-toggle font-bold\" aria-expanded=\"false\" aria-controls=\"row-huranmalerjagmigtillenkursellerstudiecirkel?-6\" id=\"huranmalerjagmigtillenkursellerstudiecirkel?-6\">\n            Hur anm\u00e4ler jag mig till en kurs eller studiecirkel?\n            \n            <figure class=\"w-4.5 h-4.5\" aria-hidden=\"true\">\n            <svg width=\"20\" height=\"20\" viewBox=\"0 0 20 20\" fill=\"none\"\nclass=\"SvgIconElement\">\n<path d=\"M15.8333 7.16667L9.99992 13L4.16659 7.16667\" stroke=\"currentColor\"\/>\n<\/svg>\n            <\/figure>\n        <\/button>\n        \n                <\/h3>\n        <div class=\"accordion-content\">\n            <div id=\"row-huranmalerjagmigtillenkursellerstudiecirkel?-6\" role=\"region\" class=\"accordion-content-wrap\" aria-labelledby=\"huranmalerjagmigtillenkursellerstudiecirkel?-6\">\n                                            <div class=\"wysiwyg\">\n                    <p>1. V\u00e4lj vilken kurs eller studiecirkel du vill anm\u00e4la dig till.<br \/>\n2. L\u00e4ngst ner p\u00e5 varje kurs sida finns knappen &#8221;Anm\u00e4l dig&#8221;.<br \/>\n3. Fyll i anm\u00e4lnings formul\u00e4ret och klicka p\u00e5  &#8221;Anm\u00e4l mig&#8221;<br \/>\nOm det \u00e4r en kostnad f\u00f6r kursen s\u00e5 skickas en faktura med post till dig.<br \/>\nOm arrangemanget \u00e4r gratis skickar vi endast kallelse.<\/p>\n\n                <\/div>\n                                        <\/div>\n        <\/div>\n    <\/li>\n            <li class=\"accordion\" data-ui-accordion data-ui-accordion-open=\"false\">\n        <h3>\n        <button data-ui-accordion-button class=\"accordion-toggle font-bold\" aria-expanded=\"false\" aria-controls=\"row-jagvillattminforeningblirenavabf:ssamarbetspartners?-7\" id=\"jagvillattminforeningblirenavabf:ssamarbetspartners?-7\">\n            Jag vill att min f\u00f6rening blir en av ABF:s samarbetspartners?\n            \n            <figure class=\"w-4.5 h-4.5\" aria-hidden=\"true\">\n            <svg width=\"20\" height=\"20\" viewBox=\"0 0 20 20\" fill=\"none\"\nclass=\"SvgIconElement\">\n<path d=\"M15.8333 7.16667L9.99992 13L4.16659 7.16667\" stroke=\"currentColor\"\/>\n<\/svg>\n            <\/figure>\n        <\/button>\n        \n                <\/h3>\n        <div class=\"accordion-content\">\n            <div id=\"row-jagvillattminforeningblirenavabf:ssamarbetspartners?-7\" role=\"region\" class=\"accordion-content-wrap\" aria-labelledby=\"jagvillattminforeningblirenavabf:ssamarbetspartners?-7\">\n                                            <div class=\"wysiwyg\">\n                    <p>\u00c4r ni en lokal eller regional organisation som vill samarbeta med ABF? Kontakta d\u00e5 oss p\u00e5 ABF Skellefte\u00e5kontoret f\u00f6r att se hur ni kan samverka med ABF.<\/p>\n<p>Telefonnummer v\u00e4xeln: 0910-77 71 55<br \/>\nMail adress: info.skelleftea@abf.se<\/p>\n<p>ABF erbjuder ett paket till v\u00e5ra centralt anslutna medlems- och samarbetsorganisationer med fokus p\u00e5 st\u00f6d, utbildning och gemenskap.<\/p>\n\n                <\/div>\n                                        <\/div>\n        <\/div>\n    <\/li>\n            <li class=\"accordion\" data-ui-accordion data-ui-accordion-open=\"false\">\n        <h3>\n        <button data-ui-accordion-button class=\"accordion-toggle font-bold\" aria-expanded=\"false\" aria-controls=\"row-harabfskelleftealokaleranpassadeforpersonermedfunktionsvariationer?-8\" id=\"harabfskelleftealokaleranpassadeforpersonermedfunktionsvariationer?-8\">\n            Har ABF Skellefte\u00e5 lokaler anpassade f\u00f6r personer med funktionsvariationer?\n            \n            <figure class=\"w-4.5 h-4.5\" aria-hidden=\"true\">\n            <svg width=\"20\" height=\"20\" viewBox=\"0 0 20 20\" fill=\"none\"\nclass=\"SvgIconElement\">\n<path d=\"M15.8333 7.16667L9.99992 13L4.16659 7.16667\" stroke=\"currentColor\"\/>\n<\/svg>\n            <\/figure>\n        <\/button>\n        \n                <\/h3>\n        <div class=\"accordion-content\">\n            <div id=\"row-harabfskelleftealokaleranpassadeforpersonermedfunktionsvariationer?-8\" role=\"region\" class=\"accordion-content-wrap\" aria-labelledby=\"harabfskelleftealokaleranpassadeforpersonermedfunktionsvariationer?-8\">\n                                            <div class=\"wysiwyg\">\n                    <p class=\"p1\">Vi har en lokal som kallas Skalman i k\u00e4llaren p\u00e5 Medlefors.<\/p>\n<p class=\"p1\">Lokalen \u00e4r tillg\u00e4nglig f\u00f6r alla, b\u00e5de f\u00f6r personer med full r\u00f6rlighet och f\u00f6r dem som anv\u00e4nder rullstol, rollator eller k\u00e4pp. Den \u00e4r ocks\u00e5 anpassad f\u00f6r personer med nedsatt syn, h\u00f6rsel eller andra orienteringsf\u00f6rm\u00e5gor.<\/p>\n<p>Hiss finns ner till lokal Skalman och h\u00f6rselslinga.<br \/>\nKontakta oss vid fr\u00e5gor:<br \/>\nTelefonnummer v\u00e4xeln: 0910-77 71 55<br \/>\nMail adress: info.skelleftea@abf.se<\/p>\n\n                <\/div>\n                                        <\/div>\n        <\/div>\n    <\/li>\n    <\/ul>\n","protected":false},"excerpt":{"rendered":"","protected":false},"author":120,"featured_media":0,"parent":0,"menu_order":0,"comment_status":"closed","ping_status":"closed","template":"","meta":{"_acf_changed":false,"footnotes":""},"class_list":["post-264","page","type-page","status-publish","hentry"],"acf":[],"yoast_head":"<!-- This site is optimized with the Yoast SEO plugin v27.0 - https:\/\/yoast.com\/product\/yoast-seo-wordpress\/ -->\n<title>Vanliga fr\u00e5gor - Skellefte\u00e5<\/title>\n<meta name=\"robots\" content=\"index, follow, max-snippet:-1, max-image-preview:large, max-video-preview:-1\" \/>\n<link rel=\"canonical\" href=\"https:\/\/www.abf.se\/skelleftea\/vanliga-fragor\/\" \/>\n<meta property=\"og:locale\" content=\"sv_SE\" \/>\n<meta property=\"og:type\" content=\"article\" \/>\n<meta property=\"og:title\" content=\"Vanliga fr\u00e5gor - Skellefte\u00e5\" \/>\n<meta property=\"og:url\" content=\"https:\/\/www.abf.se\/skelleftea\/vanliga-fragor\/\" \/>\n<meta property=\"og:site_name\" content=\"Skellefte\u00e5\" \/>\n<meta property=\"article:modified_time\" content=\"2025-09-23T09:56:29+00:00\" \/>\n<meta property=\"og:image\" content=\"https:\/\/www.abf.se\/wp-content\/uploads\/sites\/43\/2024\/04\/Nyckeln-liggande-scaled.jpg\" \/>\n\t<meta property=\"og:image:width\" content=\"2560\" \/>\n\t<meta property=\"og:image:height\" content=\"1440\" \/>\n\t<meta property=\"og:image:type\" content=\"image\/jpeg\" \/>\n<meta name=\"twitter:card\" content=\"summary_large_image\" \/>\n<script type=\"application\/ld+json\" class=\"yoast-schema-graph\">{\"@context\":\"https:\/\/schema.org\",\"@graph\":[{\"@type\":\"WebPage\",\"@id\":\"https:\/\/www.abf.se\/skelleftea\/vanliga-fragor\/\",\"url\":\"https:\/\/www.abf.se\/skelleftea\/vanliga-fragor\/\",\"name\":\"Vanliga fr\u00e5gor - Skellefte\u00e5\",\"isPartOf\":{\"@id\":\"https:\/\/www.abf.se\/skelleftea\/#website\"},\"datePublished\":\"2024-12-27T14:31:48+00:00\",\"dateModified\":\"2025-09-23T09:56:29+00:00\",\"breadcrumb\":{\"@id\":\"https:\/\/www.abf.se\/skelleftea\/vanliga-fragor\/#breadcrumb\"},\"inLanguage\":\"sv-SE\",\"potentialAction\":[{\"@type\":\"ReadAction\",\"target\":[\"https:\/\/www.abf.se\/skelleftea\/vanliga-fragor\/\"]}]},{\"@type\":\"BreadcrumbList\",\"@id\":\"https:\/\/www.abf.se\/skelleftea\/vanliga-fragor\/#breadcrumb\",\"itemListElement\":[{\"@type\":\"ListItem\",\"position\":1,\"name\":\"Home\",\"item\":\"https:\/\/www.abf.se\/skelleftea\/\"},{\"@type\":\"ListItem\",\"position\":2,\"name\":\"Vanliga fr\u00e5gor\"}]},{\"@type\":\"WebSite\",\"@id\":\"https:\/\/www.abf.se\/skelleftea\/#website\",\"url\":\"https:\/\/www.abf.se\/skelleftea\/\",\"name\":\"Skellefte\u00e5\",\"description\":\"\",\"potentialAction\":[{\"@type\":\"SearchAction\",\"target\":{\"@type\":\"EntryPoint\",\"urlTemplate\":\"https:\/\/www.abf.se\/skelleftea\/?s={search_term_string}\"},\"query-input\":{\"@type\":\"PropertyValueSpecification\",\"valueRequired\":true,\"valueName\":\"search_term_string\"}}],\"inLanguage\":\"sv-SE\"}]}<\/script>\n<!-- \/ Yoast SEO plugin. -->","yoast_head_json":{"title":"Vanliga fr\u00e5gor - Skellefte\u00e5","robots":{"index":"index","follow":"follow","max-snippet":"max-snippet:-1","max-image-preview":"max-image-preview:large","max-video-preview":"max-video-preview:-1"},"canonical":"https:\/\/www.abf.se\/skelleftea\/vanliga-fragor\/","og_locale":"sv_SE","og_type":"article","og_title":"Vanliga fr\u00e5gor - Skellefte\u00e5","og_url":"https:\/\/www.abf.se\/skelleftea\/vanliga-fragor\/","og_site_name":"Skellefte\u00e5","article_modified_time":"2025-09-23T09:56:29+00:00","og_image":[{"width":2560,"height":1440,"url":"https:\/\/www.abf.se\/wp-content\/uploads\/sites\/43\/2024\/04\/Nyckeln-liggande-scaled.jpg","type":"image\/jpeg"}],"twitter_card":"summary_large_image","schema":{"@context":"https:\/\/schema.org","@graph":[{"@type":"WebPage","@id":"https:\/\/www.abf.se\/skelleftea\/vanliga-fragor\/","url":"https:\/\/www.abf.se\/skelleftea\/vanliga-fragor\/","name":"Vanliga fr\u00e5gor - Skellefte\u00e5","isPartOf":{"@id":"https:\/\/www.abf.se\/skelleftea\/#website"},"datePublished":"2024-12-27T14:31:48+00:00","dateModified":"2025-09-23T09:56:29+00:00","breadcrumb":{"@id":"https:\/\/www.abf.se\/skelleftea\/vanliga-fragor\/#breadcrumb"},"inLanguage":"sv-SE","potentialAction":[{"@type":"ReadAction","target":["https:\/\/www.abf.se\/skelleftea\/vanliga-fragor\/"]}]},{"@type":"BreadcrumbList","@id":"https:\/\/www.abf.se\/skelleftea\/vanliga-fragor\/#breadcrumb","itemListElement":[{"@type":"ListItem","position":1,"name":"Home","item":"https:\/\/www.abf.se\/skelleftea\/"},{"@type":"ListItem","position":2,"name":"Vanliga fr\u00e5gor"}]},{"@type":"WebSite","@id":"https:\/\/www.abf.se\/skelleftea\/#website","url":"https:\/\/www.abf.se\/skelleftea\/","name":"Skellefte\u00e5","description":"","potentialAction":[{"@type":"SearchAction","target":{"@type":"EntryPoint","urlTemplate":"https:\/\/www.abf.se\/skelleftea\/?s={search_term_string}"},"query-input":{"@type":"PropertyValueSpecification","valueRequired":true,"valueName":"search_term_string"}}],"inLanguage":"sv-SE"}]}},"_links":{"self":[{"href":"https:\/\/www.abf.se\/skelleftea\/wp-json\/wp\/v2\/pages\/264","targetHints":{"allow":["GET"]}}],"collection":[{"href":"https:\/\/www.abf.se\/skelleftea\/wp-json\/wp\/v2\/pages"}],"about":[{"href":"https:\/\/www.abf.se\/skelleftea\/wp-json\/wp\/v2\/types\/page"}],"author":[{"embeddable":true,"href":"https:\/\/www.abf.se\/skelleftea\/wp-json\/wp\/v2\/users\/120"}],"replies":[{"embeddable":true,"href":"https:\/\/www.abf.se\/skelleftea\/wp-json\/wp\/v2\/comments?post=264"}],"version-history":[{"count":16,"href":"https:\/\/www.abf.se\/skelleftea\/wp-json\/wp\/v2\/pages\/264\/revisions"}],"predecessor-version":[{"id":674,"href":"https:\/\/www.abf.se\/skelleftea\/wp-json\/wp\/v2\/pages\/264\/revisions\/674"}],"wp:attachment":[{"href":"https:\/\/www.abf.se\/skelleftea\/wp-json\/wp\/v2\/media?parent=264"}],"curies":[{"name":"wp","href":"https:\/\/api.w.org\/{rel}","templated":true}]}}