{"id":270,"date":"2024-12-27T15:50:44","date_gmt":"2024-12-27T14:50:44","guid":{"rendered":"https:\/\/www.abf.se\/skelleftea\/?page_id=270"},"modified":"2025-02-26T08:26:34","modified_gmt":"2025-02-26T07:26:34","slug":"cirkelledare","status":"publish","type":"page","link":"https:\/\/www.abf.se\/skelleftea\/cirkelledare\/","title":{"rendered":"Cirkelledare"},"content":{"rendered":"<div\n    class=\"acf-hero-block container-lg no-padding mb-12 js-geolocation\"\n    data-block=\"hero-block\"\n    data-index=\"0\"\n>\n    <div class=\"h-[548px]  relative rounded-[32px] overflow-hidden flex bg-gray-light\">\n        <div class=\"relative z-10 mt-auto h-auto w-full md:h-full\">\n            <div class=\"flex w-full h-full flex-col flex-wrap justify-end w-full md:w-7\/12 lg:w-1\/2 md:justify-center\">\n                <div class=\"flex flex-col gap-3 md:gap-[18px] md:transparent pt-16 pb-36 md:py-8 px-4 w-full md:max-w-[620px] mx-auto px-8\">\n\n                    <h1 class=\"hero-heading hero-heading--red-text\"><span>Cirkelledare<\/span><\/h1>\n\n                                            <p class=\"mt-4 max-w-[48ch] text-white\">\n                            H\u00e4r hittar du som cirkelledare information om e-tj\u00e4nsten, blanketter och vad en studiecirkel \u00e4r f\u00f6r n\u00e5got?\n                        <\/p>\n                    \n                                    <\/div>\n            <\/div>\n        <\/div>\n\n                    <picture class=\"as-background-image mix-blend-multiply bg-black\/40\"><img decoding=\"async\" src=\"https:\/\/www.abf.se\/skelleftea\/resized\/?url=https%3A%2F%2Fwww.abf.se%2Fwp-content%2Fuploads%2F2024%2F04%2Fsang-och-musik-Foto-Freepik.jpg&#038;fit=crop&#038;w=1440&#038;s=f97a34b0459e1c5fe28d01e35c46b275\" srcset=\"https:\/\/www.abf.se\/skelleftea\/resized\/?url=https%3A%2F%2Fwww.abf.se%2Fwp-content%2Fuploads%2F2024%2F04%2Fsang-och-musik-Foto-Freepik.jpg&#038;fit=crop&#038;w=375&#038;h=540&#038;s=15ac997539b32aa66b79b0ea37dda4ec 375w, https:\/\/www.abf.se\/skelleftea\/resized\/?url=https%3A%2F%2Fwww.abf.se%2Fwp-content%2Fuploads%2F2024%2F04%2Fsang-och-musik-Foto-Freepik.jpg&#038;fit=crop&#038;w=447&#038;h=540&#038;s=1b7bd0572abe0ec05501d562b031fde2 447w, https:\/\/www.abf.se\/skelleftea\/resized\/?url=https%3A%2F%2Fwww.abf.se%2Fwp-content%2Fuploads%2F2024%2F04%2Fsang-och-musik-Foto-Freepik.jpg&#038;fit=crop&#038;w=519&#038;h=540&#038;s=f1c3f55dbc6652aa1a965914baa48e17 519w, https:\/\/www.abf.se\/skelleftea\/resized\/?url=https%3A%2F%2Fwww.abf.se%2Fwp-content%2Fuploads%2F2024%2F04%2Fsang-och-musik-Foto-Freepik.jpg&#038;fit=crop&#038;w=591&#038;h=540&#038;s=0e4433d7647c03b3d9f09807b6100fad 591w, https:\/\/www.abf.se\/skelleftea\/resized\/?url=https%3A%2F%2Fwww.abf.se%2Fwp-content%2Fuploads%2F2024%2F04%2Fsang-och-musik-Foto-Freepik.jpg&#038;fit=crop&#038;w=663&#038;h=540&#038;s=d4ac1e2d8e7c435b2de1d2c25f5f4656 663w, https:\/\/www.abf.se\/skelleftea\/resized\/?url=https%3A%2F%2Fwww.abf.se%2Fwp-content%2Fuploads%2F2024%2F04%2Fsang-och-musik-Foto-Freepik.jpg&#038;fit=crop&#038;w=750&#038;h=540&#038;s=f4102291b7f3194b2fd87065e2b63cc6 750w, https:\/\/www.abf.se\/skelleftea\/resized\/?url=https%3A%2F%2Fwww.abf.se%2Fwp-content%2Fuploads%2F2024%2F04%2Fsang-och-musik-Foto-Freepik.jpg&#038;fit=crop&#038;w=894&#038;h=540&#038;s=06c4b093c4cd67c64f1a7714973d2990 894w, https:\/\/www.abf.se\/skelleftea\/resized\/?url=https%3A%2F%2Fwww.abf.se%2Fwp-content%2Fuploads%2F2024%2F04%2Fsang-och-musik-Foto-Freepik.jpg&#038;fit=crop&#038;w=1038&#038;h=540&#038;s=f0188d44a71e195061376a29baf6e4e3 1038w, https:\/\/www.abf.se\/skelleftea\/resized\/?url=https%3A%2F%2Fwww.abf.se%2Fwp-content%2Fuploads%2F2024%2F04%2Fsang-och-musik-Foto-Freepik.jpg&#038;fit=crop&#038;w=1182&#038;h=540&#038;s=8bb945b4087a33bb59032754b15ff4ab 1182w, https:\/\/www.abf.se\/skelleftea\/resized\/?url=https%3A%2F%2Fwww.abf.se%2Fwp-content%2Fuploads%2F2024%2F04%2Fsang-och-musik-Foto-Freepik.jpg&#038;fit=crop&#038;w=1326&#038;h=540&#038;s=075d1f7fa3cb74710663814095f8a9a8 1326w, https:\/\/www.abf.se\/skelleftea\/resized\/?url=https%3A%2F%2Fwww.abf.se%2Fwp-content%2Fuploads%2F2024%2F04%2Fsang-och-musik-Foto-Freepik.jpg&#038;fit=crop&#038;w=1440&#038;h=540&#038;s=bfb73ebf936b28612a044f3e90ee7557 1440w\" alt=\"\" height=\"540\" width=\"1440\" sizes=\"(max-width: 1440px) calc(100vw - 32px), 1440px\" loading=\"eager\" fetchpriority=\"high\" aria-hidden=\"true\" role=\"presentation\" \/><\/picture>\n        \n\n            <\/div>\n\n    <\/div>\n\n<div class=\"my-8 container-lg acf-link-block\" data-block=\"link-block\" class=\"acf-link-block\" data-block=\"link-block\">\n    <div class=\"w-full bg-red  round-corners-lg px-4 md:px-8 py-11 md:py-16\">\n        <h2 class=\"heading-lg mb-7 text-center text-white\">\n            L\u00e4nkar till dig som \u00e4r cirkelledare och vill bli cirkelledare\n        <\/h2>\n            <ul class=\"grid grid-cols-1 gap-x-4 gap-y-3 md:grid-cols-2\">\n                                                        <li>\n                        <a\n    class=\"large-button-link\"\n    href=\"https:\/\/www.abf.se\/skelleftea\/e-tjansten\/\"\n    target=\"\"\n>\n    <span class=\"flex-1\">E-tj\u00e4nst, information och l\u00e4nk<\/span>\n\n    <figure\n        aria-hidden=\"true\"\n        class=\"w-5\"\n    >\n                    <svg width=\"20\" height=\"20\" viewBox=\"0 0 20 20\" fill=\"none\" class=\"SvgIconElement\">\n<path d=\"M4.16659 10L15.8333 10\" stroke=\"currentColor\"\/>\n<path d=\"M9.99992 4.1665L15.8333 9.99984L9.99992 15.8332\" stroke=\"currentColor\"\/>\n<\/svg>\n            <\/figure>\n<\/a>\n                    <\/li>\n                                                        <li>\n                        <a\n    class=\"large-button-link\"\n    href=\"https:\/\/www.abf.se\/skelleftea\/bli-cirkelledare\/\"\n    target=\"\"\n>\n    <span class=\"flex-1\">Jag vill bli Cirkelledare<\/span>\n\n    <figure\n        aria-hidden=\"true\"\n        class=\"w-5\"\n    >\n                    <svg width=\"20\" height=\"20\" viewBox=\"0 0 20 20\" fill=\"none\" class=\"SvgIconElement\">\n<path d=\"M4.16659 10L15.8333 10\" stroke=\"currentColor\"\/>\n<path d=\"M9.99992 4.1665L15.8333 9.99984L9.99992 15.8332\" stroke=\"currentColor\"\/>\n<\/svg>\n            <\/figure>\n<\/a>\n                    <\/li>\n                            <\/ul>\n        <\/ul>\n    <\/div>\n<\/div><ul\n    class=\"acf-article-accordion-block accordion-group grid gap-4 my-12 article-container\"\n    data-block=\"article-accordion-block \"\n    data-ui-accordion-group\n>\n\n            <li class=\"accordion\" data-ui-accordion data-ui-accordion-open=\"false\">\n        <h3>\n        <button data-ui-accordion-button class=\"accordion-toggle font-bold\" aria-expanded=\"false\" aria-controls=\"row-vadarenstudiecirkel?-0\" id=\"vadarenstudiecirkel?-0\">\n            Vad \u00e4r en studiecirkel?\n            \n            <figure class=\"w-4.5 h-4.5\" aria-hidden=\"true\">\n            <svg width=\"20\" height=\"20\" viewBox=\"0 0 20 20\" fill=\"none\"\nclass=\"SvgIconElement\">\n<path d=\"M15.8333 7.16667L9.99992 13L4.16659 7.16667\" stroke=\"currentColor\"\/>\n<\/svg>\n            <\/figure>\n        <\/button>\n        \n                <\/h3>\n        <div class=\"accordion-content\">\n            <div id=\"row-vadarenstudiecirkel?-0\" role=\"region\" class=\"accordion-content-wrap\" aria-labelledby=\"vadarenstudiecirkel?-0\">\n                                            <div class=\"wysiwyg\">\n                    <p>Studiecirkeln k\u00e4nnetecknas av fritt och frivilligt l\u00e4rande tillsammans med<br \/>\nandra. Studiecirkeln utg\u00e5r fr\u00e5n deltagarnas \u00f6nskem\u00e5l, erfarenheter,<br \/>\nbehov och f\u00f6rm\u00e5gor.<\/p>\n\n                <\/div>\n                                        <\/div>\n        <\/div>\n    <\/li>\n            <li class=\"accordion\" data-ui-accordion data-ui-accordion-open=\"false\">\n        <h3>\n        <button data-ui-accordion-button class=\"accordion-toggle font-bold\" aria-expanded=\"false\" aria-controls=\"row-hurkanjagstartaenstudiecirkel?-1\" id=\"hurkanjagstartaenstudiecirkel?-1\">\n            Hur kan jag starta en studiecirkel?\n            \n            <figure class=\"w-4.5 h-4.5\" aria-hidden=\"true\">\n            <svg width=\"20\" height=\"20\" viewBox=\"0 0 20 20\" fill=\"none\"\nclass=\"SvgIconElement\">\n<path d=\"M15.8333 7.16667L9.99992 13L4.16659 7.16667\" stroke=\"currentColor\"\/>\n<\/svg>\n            <\/figure>\n        <\/button>\n        \n                <\/h3>\n        <div class=\"accordion-content\">\n            <div id=\"row-hurkanjagstartaenstudiecirkel?-1\" role=\"region\" class=\"accordion-content-wrap\" aria-labelledby=\"hurkanjagstartaenstudiecirkel?-1\">\n                                            <div class=\"wysiwyg\">\n                    <p>Ni som en grupp best\u00e4mmer tillsammans vilket m\u00e5l ni vill ha med just er studiecirkel.  Det inneb\u00e4r att tv\u00e5 cirklar inom samma \u00e4mne kan se helt olika ut, det \u00e4r deltagarna som tillsammans med cirkelledaren formar l\u00e4randet i cirkeln s\u00e5 att det passar just dem b\u00e4st.<\/p>\n\n                <\/div>\n                                        <\/div>\n        <\/div>\n    <\/li>\n            <li class=\"accordion\" data-ui-accordion data-ui-accordion-open=\"false\">\n        <h3>\n        <button data-ui-accordion-button class=\"accordion-toggle font-bold\" aria-expanded=\"false\" aria-controls=\"row-vadharjagforrollsomcirkelledare?-2\" id=\"vadharjagforrollsomcirkelledare?-2\">\n            Vad har jag f\u00f6r roll som cirkelledare?\n            \n            <figure class=\"w-4.5 h-4.5\" aria-hidden=\"true\">\n            <svg width=\"20\" height=\"20\" viewBox=\"0 0 20 20\" fill=\"none\"\nclass=\"SvgIconElement\">\n<path d=\"M15.8333 7.16667L9.99992 13L4.16659 7.16667\" stroke=\"currentColor\"\/>\n<\/svg>\n            <\/figure>\n        <\/button>\n        \n                <\/h3>\n        <div class=\"accordion-content\">\n            <div id=\"row-vadharjagforrollsomcirkelledare?-2\" role=\"region\" class=\"accordion-content-wrap\" aria-labelledby=\"vadharjagforrollsomcirkelledare?-2\">\n                                            <div class=\"wysiwyg\">\n                    <p>Som cirkelledare \u00e4r du den som driver arbetet i studiecirkeln fram\u00e5t, f\u00f6rbereder tr\u00e4ffarna och ser till att gruppen har ett gott arbetsklimat. Du fungerar som guide och inspirat\u00f6r, delar med dig av din \u00e4mneskunskap och skapar en milj\u00f6 d\u00e4r alla kan delta p\u00e5 lika villkor. Som cirkelledare beh\u00f6ver du ha goda kunskaper i \u00e4mnet men f\u00f6rv\u00e4ntas inte kunna allt. Nyckelordet \u00e4r dialog, och cirkelledarskapet handlar ofta mer om att st\u00e4lla fr\u00e5gor \u00e4n att ge svar.<\/p>\n\n                <\/div>\n                                        <\/div>\n        <\/div>\n    <\/li>\n            <li class=\"accordion\" data-ui-accordion data-ui-accordion-open=\"false\">\n        <h3>\n        <button data-ui-accordion-button class=\"accordion-toggle font-bold\" aria-expanded=\"false\" aria-controls=\"row-vilkakravfinnsforattblicirkelledarehosabf?-3\" id=\"vilkakravfinnsforattblicirkelledarehosabf?-3\">\n            Vilka krav finns f\u00f6r att bli cirkelledare hos ABF?\n            \n            <figure class=\"w-4.5 h-4.5\" aria-hidden=\"true\">\n            <svg width=\"20\" height=\"20\" viewBox=\"0 0 20 20\" fill=\"none\"\nclass=\"SvgIconElement\">\n<path d=\"M15.8333 7.16667L9.99992 13L4.16659 7.16667\" stroke=\"currentColor\"\/>\n<\/svg>\n            <\/figure>\n        <\/button>\n        \n                <\/h3>\n        <div class=\"accordion-content\">\n            <div id=\"row-vilkakravfinnsforattblicirkelledarehosabf?-3\" role=\"region\" class=\"accordion-content-wrap\" aria-labelledby=\"vilkakravfinnsforattblicirkelledarehosabf?-3\">\n                                            <div class=\"wysiwyg\">\n                    <p>F\u00f6r att bli godk\u00e4nd cirkelledare beh\u00f6ver du f\u00f6rst genomg\u00e5 ett introduktions samtal. D\u00e4r f\u00e5r du l\u00e4ra dig om ABFs v\u00e4rdegrund samt hur du registrerar n\u00e4rvaro och rapporterar.<\/p>\n\n                <\/div>\n                                        <\/div>\n        <\/div>\n    <\/li>\n            <li class=\"accordion\" data-ui-accordion data-ui-accordion-open=\"false\">\n        <h3>\n        <button data-ui-accordion-button class=\"accordion-toggle font-bold\" aria-expanded=\"false\" aria-controls=\"row-vadarenstudietimme?-4\" id=\"vadarenstudietimme?-4\">\n            Vad \u00e4r en studietimme?\n            \n            <figure class=\"w-4.5 h-4.5\" aria-hidden=\"true\">\n            <svg width=\"20\" height=\"20\" viewBox=\"0 0 20 20\" fill=\"none\"\nclass=\"SvgIconElement\">\n<path d=\"M15.8333 7.16667L9.99992 13L4.16659 7.16667\" stroke=\"currentColor\"\/>\n<\/svg>\n            <\/figure>\n        <\/button>\n        \n                <\/h3>\n        <div class=\"accordion-content\">\n            <div id=\"row-vadarenstudietimme?-4\" role=\"region\" class=\"accordion-content-wrap\" aria-labelledby=\"vadarenstudietimme?-4\">\n                                            <div class=\"wysiwyg\">\n                    <p>En studietimme \u00e4r 45 minuter, och en studiecirkel m\u00e5ste omfatta minst 9 studietimmar.<\/p>\n\n                <\/div>\n                                        <\/div>\n        <\/div>\n    <\/li>\n            <li class=\"accordion\" data-ui-accordion data-ui-accordion-open=\"false\">\n        <h3>\n        <button data-ui-accordion-button class=\"accordion-toggle font-bold\" aria-expanded=\"false\" aria-controls=\"row-kanjaghadigitalastudiecirklar?-5\" id=\"kanjaghadigitalastudiecirklar?-5\">\n            Kan jag ha digitala studiecirklar?\n            \n            <figure class=\"w-4.5 h-4.5\" aria-hidden=\"true\">\n            <svg width=\"20\" height=\"20\" viewBox=\"0 0 20 20\" fill=\"none\"\nclass=\"SvgIconElement\">\n<path d=\"M15.8333 7.16667L9.99992 13L4.16659 7.16667\" stroke=\"currentColor\"\/>\n<\/svg>\n            <\/figure>\n        <\/button>\n        \n                <\/h3>\n        <div class=\"accordion-content\">\n            <div id=\"row-kanjaghadigitalastudiecirklar?-5\" role=\"region\" class=\"accordion-content-wrap\" aria-labelledby=\"kanjaghadigitalastudiecirklar?-5\">\n                                            <div class=\"wysiwyg\">\n                    <p>Ja, det \u00e4r m\u00f6jligt att h\u00e5lla digitala studiecirklar.<\/p>\n\n                <\/div>\n                                        <\/div>\n        <\/div>\n    <\/li>\n    <\/ul>\n","protected":false},"excerpt":{"rendered":"","protected":false},"author":120,"featured_media":0,"parent":0,"menu_order":0,"comment_status":"closed","ping_status":"closed","template":"","meta":{"_acf_changed":false,"footnotes":""},"class_list":["post-270","page","type-page","status-publish","hentry"],"acf":[],"yoast_head":"<!-- This site is optimized with the Yoast SEO plugin v27.0 - https:\/\/yoast.com\/product\/yoast-seo-wordpress\/ -->\n<title>Cirkelledare - Skellefte\u00e5<\/title>\n<meta name=\"robots\" content=\"index, follow, max-snippet:-1, max-image-preview:large, max-video-preview:-1\" \/>\n<link rel=\"canonical\" href=\"https:\/\/www.abf.se\/skelleftea\/cirkelledare\/\" \/>\n<meta property=\"og:locale\" content=\"sv_SE\" \/>\n<meta property=\"og:type\" content=\"article\" \/>\n<meta property=\"og:title\" content=\"Cirkelledare - Skellefte\u00e5\" \/>\n<meta property=\"og:url\" content=\"https:\/\/www.abf.se\/skelleftea\/cirkelledare\/\" \/>\n<meta property=\"og:site_name\" content=\"Skellefte\u00e5\" \/>\n<meta property=\"article:modified_time\" content=\"2025-02-26T07:26:34+00:00\" \/>\n<meta property=\"og:image\" content=\"https:\/\/www.abf.se\/wp-content\/uploads\/sites\/43\/2024\/04\/Nyckeln-liggande-scaled.jpg\" \/>\n\t<meta property=\"og:image:width\" content=\"2560\" \/>\n\t<meta property=\"og:image:height\" content=\"1440\" \/>\n\t<meta property=\"og:image:type\" content=\"image\/jpeg\" \/>\n<meta name=\"twitter:card\" content=\"summary_large_image\" \/>\n<script type=\"application\/ld+json\" class=\"yoast-schema-graph\">{\"@context\":\"https:\/\/schema.org\",\"@graph\":[{\"@type\":\"WebPage\",\"@id\":\"https:\/\/www.abf.se\/skelleftea\/cirkelledare\/\",\"url\":\"https:\/\/www.abf.se\/skelleftea\/cirkelledare\/\",\"name\":\"Cirkelledare - Skellefte\u00e5\",\"isPartOf\":{\"@id\":\"https:\/\/www.abf.se\/skelleftea\/#website\"},\"datePublished\":\"2024-12-27T14:50:44+00:00\",\"dateModified\":\"2025-02-26T07:26:34+00:00\",\"breadcrumb\":{\"@id\":\"https:\/\/www.abf.se\/skelleftea\/cirkelledare\/#breadcrumb\"},\"inLanguage\":\"sv-SE\",\"potentialAction\":[{\"@type\":\"ReadAction\",\"target\":[\"https:\/\/www.abf.se\/skelleftea\/cirkelledare\/\"]}]},{\"@type\":\"BreadcrumbList\",\"@id\":\"https:\/\/www.abf.se\/skelleftea\/cirkelledare\/#breadcrumb\",\"itemListElement\":[{\"@type\":\"ListItem\",\"position\":1,\"name\":\"Home\",\"item\":\"https:\/\/www.abf.se\/skelleftea\/\"},{\"@type\":\"ListItem\",\"position\":2,\"name\":\"Cirkelledare\"}]},{\"@type\":\"WebSite\",\"@id\":\"https:\/\/www.abf.se\/skelleftea\/#website\",\"url\":\"https:\/\/www.abf.se\/skelleftea\/\",\"name\":\"Skellefte\u00e5\",\"description\":\"\",\"potentialAction\":[{\"@type\":\"SearchAction\",\"target\":{\"@type\":\"EntryPoint\",\"urlTemplate\":\"https:\/\/www.abf.se\/skelleftea\/?s={search_term_string}\"},\"query-input\":{\"@type\":\"PropertyValueSpecification\",\"valueRequired\":true,\"valueName\":\"search_term_string\"}}],\"inLanguage\":\"sv-SE\"}]}<\/script>\n<!-- \/ Yoast SEO plugin. -->","yoast_head_json":{"title":"Cirkelledare - Skellefte\u00e5","robots":{"index":"index","follow":"follow","max-snippet":"max-snippet:-1","max-image-preview":"max-image-preview:large","max-video-preview":"max-video-preview:-1"},"canonical":"https:\/\/www.abf.se\/skelleftea\/cirkelledare\/","og_locale":"sv_SE","og_type":"article","og_title":"Cirkelledare - Skellefte\u00e5","og_url":"https:\/\/www.abf.se\/skelleftea\/cirkelledare\/","og_site_name":"Skellefte\u00e5","article_modified_time":"2025-02-26T07:26:34+00:00","og_image":[{"width":2560,"height":1440,"url":"https:\/\/www.abf.se\/wp-content\/uploads\/sites\/43\/2024\/04\/Nyckeln-liggande-scaled.jpg","type":"image\/jpeg"}],"twitter_card":"summary_large_image","schema":{"@context":"https:\/\/schema.org","@graph":[{"@type":"WebPage","@id":"https:\/\/www.abf.se\/skelleftea\/cirkelledare\/","url":"https:\/\/www.abf.se\/skelleftea\/cirkelledare\/","name":"Cirkelledare - Skellefte\u00e5","isPartOf":{"@id":"https:\/\/www.abf.se\/skelleftea\/#website"},"datePublished":"2024-12-27T14:50:44+00:00","dateModified":"2025-02-26T07:26:34+00:00","breadcrumb":{"@id":"https:\/\/www.abf.se\/skelleftea\/cirkelledare\/#breadcrumb"},"inLanguage":"sv-SE","potentialAction":[{"@type":"ReadAction","target":["https:\/\/www.abf.se\/skelleftea\/cirkelledare\/"]}]},{"@type":"BreadcrumbList","@id":"https:\/\/www.abf.se\/skelleftea\/cirkelledare\/#breadcrumb","itemListElement":[{"@type":"ListItem","position":1,"name":"Home","item":"https:\/\/www.abf.se\/skelleftea\/"},{"@type":"ListItem","position":2,"name":"Cirkelledare"}]},{"@type":"WebSite","@id":"https:\/\/www.abf.se\/skelleftea\/#website","url":"https:\/\/www.abf.se\/skelleftea\/","name":"Skellefte\u00e5","description":"","potentialAction":[{"@type":"SearchAction","target":{"@type":"EntryPoint","urlTemplate":"https:\/\/www.abf.se\/skelleftea\/?s={search_term_string}"},"query-input":{"@type":"PropertyValueSpecification","valueRequired":true,"valueName":"search_term_string"}}],"inLanguage":"sv-SE"}]}},"_links":{"self":[{"href":"https:\/\/www.abf.se\/skelleftea\/wp-json\/wp\/v2\/pages\/270","targetHints":{"allow":["GET"]}}],"collection":[{"href":"https:\/\/www.abf.se\/skelleftea\/wp-json\/wp\/v2\/pages"}],"about":[{"href":"https:\/\/www.abf.se\/skelleftea\/wp-json\/wp\/v2\/types\/page"}],"author":[{"embeddable":true,"href":"https:\/\/www.abf.se\/skelleftea\/wp-json\/wp\/v2\/users\/120"}],"replies":[{"embeddable":true,"href":"https:\/\/www.abf.se\/skelleftea\/wp-json\/wp\/v2\/comments?post=270"}],"version-history":[{"count":33,"href":"https:\/\/www.abf.se\/skelleftea\/wp-json\/wp\/v2\/pages\/270\/revisions"}],"predecessor-version":[{"id":414,"href":"https:\/\/www.abf.se\/skelleftea\/wp-json\/wp\/v2\/pages\/270\/revisions\/414"}],"wp:attachment":[{"href":"https:\/\/www.abf.se\/skelleftea\/wp-json\/wp\/v2\/media?parent=270"}],"curies":[{"name":"wp","href":"https:\/\/api.w.org\/{rel}","templated":true}]}}