{"id":279,"date":"2024-12-27T09:26:23","date_gmt":"2024-12-27T08:26:23","guid":{"rendered":"https:\/\/www.abf.se\/skelleftea\/?page_id=279"},"modified":"2025-01-22T14:03:04","modified_gmt":"2025-01-22T13:03:04","slug":"e-tjansten","status":"publish","type":"page","link":"https:\/\/www.abf.se\/skelleftea\/cirkelledare\/e-tjansten\/","title":{"rendered":"E-tj\u00e4nsten"},"content":{"rendered":"<div\n    class=\"acf-hero-block container-lg no-padding mb-12 js-geolocation\"\n    data-block=\"hero-block\"\n    data-index=\"0\"\n>\n    <div class=\"h-[548px]  relative rounded-[32px] overflow-hidden flex bg-gray-light\">\n        <div class=\"relative z-10 mt-auto h-auto w-full md:h-full\">\n            <div class=\"flex w-full h-full flex-col flex-wrap justify-end w-full md:w-7\/12 lg:w-1\/2 md:justify-center\">\n                <div class=\"flex flex-col gap-3 md:gap-[18px] md:transparent pt-16 pb-36 md:py-8 px-4 w-full md:max-w-[620px] mx-auto px-8\">\n\n                    <h1 class=\"hero-heading hero-heading--red-text\"><span>E-tj\u00e4nsten<\/span><\/h1>\n\n                    \n                                    <\/div>\n            <\/div>\n        <\/div>\n\n                    <picture class=\"as-background-image mix-blend-multiply bg-black\/40\"><img decoding=\"async\" src=\"https:\/\/www.abf.se\/skelleftea\/resized\/?url=https%3A%2F%2Fwww.abf.se%2Fwp-content%2Fuploads%2F2024%2F04%2Ffoto-film-media.jpg&#038;fit=crop&#038;w=1440&#038;s=b0799719449a1a7a83318f49ed5035ac\" srcset=\"https:\/\/www.abf.se\/skelleftea\/resized\/?url=https%3A%2F%2Fwww.abf.se%2Fwp-content%2Fuploads%2F2024%2F04%2Ffoto-film-media.jpg&#038;fit=crop&#038;w=375&#038;h=540&#038;s=2bc8dac586d3e837b8a46950fefd3e02 375w, https:\/\/www.abf.se\/skelleftea\/resized\/?url=https%3A%2F%2Fwww.abf.se%2Fwp-content%2Fuploads%2F2024%2F04%2Ffoto-film-media.jpg&#038;fit=crop&#038;w=447&#038;h=540&#038;s=4cb5ef2942b7abd9ba52dd4068d93f25 447w, https:\/\/www.abf.se\/skelleftea\/resized\/?url=https%3A%2F%2Fwww.abf.se%2Fwp-content%2Fuploads%2F2024%2F04%2Ffoto-film-media.jpg&#038;fit=crop&#038;w=519&#038;h=540&#038;s=fc590eea61eda3ae6a0ef0aa227b77c9 519w, https:\/\/www.abf.se\/skelleftea\/resized\/?url=https%3A%2F%2Fwww.abf.se%2Fwp-content%2Fuploads%2F2024%2F04%2Ffoto-film-media.jpg&#038;fit=crop&#038;w=591&#038;h=540&#038;s=430ee58573b10da99df41f6ed5a527c9 591w, https:\/\/www.abf.se\/skelleftea\/resized\/?url=https%3A%2F%2Fwww.abf.se%2Fwp-content%2Fuploads%2F2024%2F04%2Ffoto-film-media.jpg&#038;fit=crop&#038;w=663&#038;h=540&#038;s=f395992454e600fc6d4a11935bb25aa5 663w, https:\/\/www.abf.se\/skelleftea\/resized\/?url=https%3A%2F%2Fwww.abf.se%2Fwp-content%2Fuploads%2F2024%2F04%2Ffoto-film-media.jpg&#038;fit=crop&#038;w=750&#038;h=540&#038;s=382c18dbf16bf2838977e131a95d100f 750w, https:\/\/www.abf.se\/skelleftea\/resized\/?url=https%3A%2F%2Fwww.abf.se%2Fwp-content%2Fuploads%2F2024%2F04%2Ffoto-film-media.jpg&#038;fit=crop&#038;w=894&#038;h=540&#038;s=1f4fcf4a0ae7c834c7f4c327dd4672cc 894w, https:\/\/www.abf.se\/skelleftea\/resized\/?url=https%3A%2F%2Fwww.abf.se%2Fwp-content%2Fuploads%2F2024%2F04%2Ffoto-film-media.jpg&#038;fit=crop&#038;w=1038&#038;h=540&#038;s=acb963d8d6999584666740afa2cceebf 1038w, https:\/\/www.abf.se\/skelleftea\/resized\/?url=https%3A%2F%2Fwww.abf.se%2Fwp-content%2Fuploads%2F2024%2F04%2Ffoto-film-media.jpg&#038;fit=crop&#038;w=1182&#038;h=540&#038;s=4837c5c5ecccb8b2fbcd807554e8dad5 1182w, https:\/\/www.abf.se\/skelleftea\/resized\/?url=https%3A%2F%2Fwww.abf.se%2Fwp-content%2Fuploads%2F2024%2F04%2Ffoto-film-media.jpg&#038;fit=crop&#038;w=1326&#038;h=540&#038;s=c963ea6e2446391770ee59375bc5fbcd 1326w, https:\/\/www.abf.se\/skelleftea\/resized\/?url=https%3A%2F%2Fwww.abf.se%2Fwp-content%2Fuploads%2F2024%2F04%2Ffoto-film-media.jpg&#038;fit=crop&#038;w=1440&#038;h=540&#038;s=38b1cfa594b7e96b5d769cf32a18f657 1440w\" alt=\"\" height=\"540\" width=\"1440\" sizes=\"(max-width: 1440px) calc(100vw - 32px), 1440px\" loading=\"eager\" fetchpriority=\"high\" aria-hidden=\"true\" role=\"presentation\" \/><\/picture>\n        \n\n            <\/div>\n\n    <\/div>\n\n<div\n    class=\"acf-text-image-block container my-12 md:my-15\"\n    data-block=\"text-image-block\"\n>\n    <div\n    class=\"flex flex-col items-center md:flex-row gap-8 md:gap-0 justify-center\">\n        \n        <div class=\"w-full md:w-1\/2 md:order-1\">\n        <div class=\"mx-auto md:max-w-[368px]\">\n            <h2 class=\"heading-lg\">E-tj\u00e4nsten<\/h2>\n            <div class=\"mb-6 mt-4 wysiwyg\">\n                <h3>Med ABFs E-tj\u00e4nst kan du rapportera och h\u00e5lla koll p\u00e5 din verksamhet p\u00e5 ett enda st\u00e4lle.<br \/>\nMed hj\u00e4lp av v\u00e5r digitala l\u00f6sning frig\u00f6r du tid och energi till det du verkligen vill syssla med: Er verksamhet!<\/h3>\n\n            <\/div>\n                                            <a href='https:\/\/arretjanst.abf.se\/' class=\"default-button\" target=\"_blank\">ABF E-tj\u00e4nst<\/a>\n                    <\/div>\n        <\/div>\n    <\/div>\n<\/div><div\n    class=\"acf-article-cta-link-block article-container my-8\"\n    data-block=\"article-cta-link-block\"\n>\n<div>\n    <a class=\"inline-flex flex-row items-center gap-4 text-link underline text-red-dark\"\n        href=\"https:\/\/www.abf.se\/wp-content\/uploads\/2024\/03\/abfs-e-tjanst-kort-lathund.pdf\"\n                target=\"_blank\"\n            >\n        <span class=\"\">\n        Lathund till E-tj\u00e4nsten\n        <\/span>\n        <figure aria-hidden=\"true\" class=\"rounded-full bg-red-dark w-8 h-8 p-1 text-white\">\n            <svg width=\"20\" height=\"20\" viewBox=\"0 0 20 20\" fill=\"none\" class=\"SvgIconElement\">\n<path d=\"M4.16659 10L15.8333 10\" stroke=\"currentColor\"\/>\n<path d=\"M9.99992 4.1665L15.8333 9.99984L9.99992 15.8332\" stroke=\"currentColor\"\/>\n<\/svg>\n        <\/figure>\n    <\/a>\n<\/div>\n<\/div>\n<div\n    class=\"acf-article-cta-link-block article-container my-8\"\n    data-block=\"article-cta-link-block\"\n>\n<div>\n    <a class=\"inline-flex flex-row items-center gap-4 text-link underline text-red-dark\"\n        href=\"https:\/\/vimeo.com\/610565602\"\n                target=\"_blank\"\n            >\n        <span class=\"\">\n        Hj\u00e4lp film &#8211; Registrera n\u00e4rvaro\n        <\/span>\n        <figure aria-hidden=\"true\" class=\"rounded-full bg-red-dark w-8 h-8 p-1 text-white\">\n            <svg width=\"20\" height=\"20\" viewBox=\"0 0 20 20\" fill=\"none\" class=\"SvgIconElement\">\n<path d=\"M4.16659 10L15.8333 10\" stroke=\"currentColor\"\/>\n<path d=\"M9.99992 4.1665L15.8333 9.99984L9.99992 15.8332\" stroke=\"currentColor\"\/>\n<\/svg>\n        <\/figure>\n    <\/a>\n<\/div>\n<\/div>\n<div\n    class=\"acf-article-cta-link-block article-container my-8\"\n    data-block=\"article-cta-link-block\"\n>\n<div>\n    <a class=\"inline-flex flex-row items-center gap-4 text-link underline text-red-dark\"\n        href=\"https:\/\/vimeo.com\/610584751\"\n                target=\"_blank\"\n            >\n        <span class=\"\">\n        Hj\u00e4lp film &#8211; Rapportera kulturprogram\n        <\/span>\n        <figure aria-hidden=\"true\" class=\"rounded-full bg-red-dark w-8 h-8 p-1 text-white\">\n            <svg width=\"20\" height=\"20\" viewBox=\"0 0 20 20\" fill=\"none\" class=\"SvgIconElement\">\n<path d=\"M4.16659 10L15.8333 10\" stroke=\"currentColor\"\/>\n<path d=\"M9.99992 4.1665L15.8333 9.99984L9.99992 15.8332\" stroke=\"currentColor\"\/>\n<\/svg>\n        <\/figure>\n    <\/a>\n<\/div>\n<\/div>\n<div\n    class=\"acf-article-cta-link-block article-container my-8\"\n    data-block=\"article-cta-link-block\"\n>\n<div>\n    <a class=\"inline-flex flex-row items-center gap-4 text-link underline text-red-dark\"\n        href=\"https:\/\/vimeo.com\/610650705\"\n                target=\"_blank\"\n            >\n        <span class=\"\">\n        Hj\u00e4lp film &#8211; Signera arrangemang\n        <\/span>\n        <figure aria-hidden=\"true\" class=\"rounded-full bg-red-dark w-8 h-8 p-1 text-white\">\n            <svg width=\"20\" height=\"20\" viewBox=\"0 0 20 20\" fill=\"none\" class=\"SvgIconElement\">\n<path d=\"M4.16659 10L15.8333 10\" stroke=\"currentColor\"\/>\n<path d=\"M9.99992 4.1665L15.8333 9.99984L9.99992 15.8332\" stroke=\"currentColor\"\/>\n<\/svg>\n        <\/figure>\n    <\/a>\n<\/div>\n<\/div>\n<div\n    class=\"acf-article-cta-link-block article-container my-8\"\n    data-block=\"article-cta-link-block\"\n>\n<div>\n    <a class=\"inline-flex flex-row items-center gap-4 text-link underline text-red-dark\"\n        href=\"https:\/\/www.abf.se\/wp-content\/uploads\/sites\/47\/2024\/03\/etjansten_som_app.pdf\"\n                target=\"_blank\"\n            >\n        <span class=\"\">\n        Installera e-tj\u00e4nsten som app\n        <\/span>\n        <figure aria-hidden=\"true\" class=\"rounded-full bg-red-dark w-8 h-8 p-1 text-white\">\n            <svg width=\"20\" height=\"20\" viewBox=\"0 0 20 20\" fill=\"none\" class=\"SvgIconElement\">\n<path d=\"M4.16659 10L15.8333 10\" stroke=\"currentColor\"\/>\n<path d=\"M9.99992 4.1665L15.8333 9.99984L9.99992 15.8332\" stroke=\"currentColor\"\/>\n<\/svg>\n        <\/figure>\n    <\/a>\n<\/div>\n<\/div>\n<ul\n    class=\"acf-article-accordion-block accordion-group grid gap-4 my-12 article-container--wide\"\n    data-block=\"article-accordion-block \"\n    data-ui-accordion-group\n>\n\n            <li class=\"accordion\" data-ui-accordion data-ui-accordion-open=\"false\">\n        <h3>\n        <button data-ui-accordion-button class=\"accordion-toggle font-bold\" aria-expanded=\"false\" aria-controls=\"row-jagharglomtmittlosenord,hurfarjagettnytt?-0\" id=\"jagharglomtmittlosenord,hurfarjagettnytt?-0\">\n            Jag har gl\u00f6mt mitt l\u00f6senord, hur f\u00e5r jag ett nytt?\n            \n            <figure class=\"w-4.5 h-4.5\" aria-hidden=\"true\">\n            <svg width=\"20\" height=\"20\" viewBox=\"0 0 20 20\" fill=\"none\"\nclass=\"SvgIconElement\">\n<path d=\"M15.8333 7.16667L9.99992 13L4.16659 7.16667\" stroke=\"currentColor\"\/>\n<\/svg>\n            <\/figure>\n        <\/button>\n        \n                <\/h3>\n        <div class=\"accordion-content\">\n            <div id=\"row-jagharglomtmittlosenord,hurfarjagettnytt?-0\" role=\"region\" class=\"accordion-content-wrap\" aria-labelledby=\"jagharglomtmittlosenord,hurfarjagettnytt?-0\">\n                                            <div class=\"wysiwyg\">\n                    <p>Tryck p\u00e5 \u201dGl\u00f6mt l\u00f6senord\u201d p\u00e5 inloggnings sidan till E-tj\u00e4nsten och v\u00e4lj om du vill ha det p\u00e5 sms eller e-post. Kolla i skr\u00e4pposten om du inte ser det i din e-posts inkorg.<\/p>\n\n                <\/div>\n                                        <\/div>\n        <\/div>\n    <\/li>\n            <li class=\"accordion\" data-ui-accordion data-ui-accordion-open=\"false\">\n        <h3>\n        <button data-ui-accordion-button class=\"accordion-toggle font-bold\" aria-expanded=\"false\" aria-controls=\"row-hurbyterjaglosenord?-1\" id=\"hurbyterjaglosenord?-1\">\n            Hur byter jag l\u00f6senord?\n            \n            <figure class=\"w-4.5 h-4.5\" aria-hidden=\"true\">\n            <svg width=\"20\" height=\"20\" viewBox=\"0 0 20 20\" fill=\"none\"\nclass=\"SvgIconElement\">\n<path d=\"M15.8333 7.16667L9.99992 13L4.16659 7.16667\" stroke=\"currentColor\"\/>\n<\/svg>\n            <\/figure>\n        <\/button>\n        \n                <\/h3>\n        <div class=\"accordion-content\">\n            <div id=\"row-hurbyterjaglosenord?-1\" role=\"region\" class=\"accordion-content-wrap\" aria-labelledby=\"hurbyterjaglosenord?-1\">\n                                            <div class=\"wysiwyg\">\n                    <p>Logga in. I h\u00f6gra h\u00f6rnet hittar du ditt namn, d\u00e4r klickar du p\u00e5 &#8221;Inst\u00e4llningar&#8221;.<br \/>\nL\u00e4ngst ner p\u00e5 sidan &#8221;Inst\u00e4llningar&#8221; kan du \u00e4ndra ditt l\u00f6sen ord.<\/p>\n\n                <\/div>\n                                        <\/div>\n        <\/div>\n    <\/li>\n            <li class=\"accordion\" data-ui-accordion data-ui-accordion-open=\"false\">\n        <h3>\n        <button data-ui-accordion-button class=\"accordion-toggle font-bold\" aria-expanded=\"false\" aria-controls=\"row-varforkanjagintelaggatillnarvaropaminlista?-2\" id=\"varforkanjagintelaggatillnarvaropaminlista?-2\">\n            Varf\u00f6r kan jag inte l\u00e4gga till n\u00e4rvaro p\u00e5 min lista?\n            \n            <figure class=\"w-4.5 h-4.5\" aria-hidden=\"true\">\n            <svg width=\"20\" height=\"20\" viewBox=\"0 0 20 20\" fill=\"none\"\nclass=\"SvgIconElement\">\n<path d=\"M15.8333 7.16667L9.99992 13L4.16659 7.16667\" stroke=\"currentColor\"\/>\n<\/svg>\n            <\/figure>\n        <\/button>\n        \n                <\/h3>\n        <div class=\"accordion-content\">\n            <div id=\"row-varforkanjagintelaggatillnarvaropaminlista?-2\" role=\"region\" class=\"accordion-content-wrap\" aria-labelledby=\"varforkanjagintelaggatillnarvaropaminlista?-2\">\n                                            <div class=\"wysiwyg\">\n                    <p>Du kan inte n\u00e4rvarorapportera p\u00e5 ett arrangemang som ej \u00e4gt rum \u00e4n. Du kan ej heller n\u00e4rvarorapportera om en vikarierande ledare st\u00e5r p\u00e5 sammankomsten.<\/p>\n\n                <\/div>\n                                        <\/div>\n        <\/div>\n    <\/li>\n            <li class=\"accordion\" data-ui-accordion data-ui-accordion-open=\"false\">\n        <h3>\n        <button data-ui-accordion-button class=\"accordion-toggle font-bold\" aria-expanded=\"false\" aria-controls=\"row-varforkanjagintesigneramittarrangemang?-3\" id=\"varforkanjagintesigneramittarrangemang?-3\">\n            Varf\u00f6r kan jag inte signera mitt arrangemang?\n            \n            <figure class=\"w-4.5 h-4.5\" aria-hidden=\"true\">\n            <svg width=\"20\" height=\"20\" viewBox=\"0 0 20 20\" fill=\"none\"\nclass=\"SvgIconElement\">\n<path d=\"M15.8333 7.16667L9.99992 13L4.16659 7.16667\" stroke=\"currentColor\"\/>\n<\/svg>\n            <\/figure>\n        <\/button>\n        \n                <\/h3>\n        <div class=\"accordion-content\">\n            <div id=\"row-varforkanjagintesigneramittarrangemang?-3\" role=\"region\" class=\"accordion-content-wrap\" aria-labelledby=\"varforkanjagintesigneramittarrangemang?-3\">\n                                            <div class=\"wysiwyg\">\n                    <p>\u2013 Arrangemanget har minst en sammankomst som saknar n\u00e4rvaro eller antal studietimmar.<br \/>\n\u2013 Endast sammankomster som genomf\u00f6rts kan signeras.<br \/>\n\u2013 Vikarierande ledare har ej signerat sina tr\u00e4ffar. Vikarierande ledare m\u00e5ste fylla i f\u00f6rst innan huvud ledare kan signera arrangemanget i sin helhet.<\/p>\n\n                <\/div>\n                                        <\/div>\n        <\/div>\n    <\/li>\n            <li class=\"accordion\" data-ui-accordion data-ui-accordion-open=\"false\">\n        <h3>\n        <button data-ui-accordion-button class=\"accordion-toggle font-bold\" aria-expanded=\"false\" aria-controls=\"row-varforkanjagintelaggatillflerdeltagareiminelista?-4\" id=\"varforkanjagintelaggatillflerdeltagareiminelista?-4\">\n            Varf\u00f6r kan jag inte l\u00e4gga till fler deltagare i min e-lista?\n            \n            <figure class=\"w-4.5 h-4.5\" aria-hidden=\"true\">\n            <svg width=\"20\" height=\"20\" viewBox=\"0 0 20 20\" fill=\"none\"\nclass=\"SvgIconElement\">\n<path d=\"M15.8333 7.16667L9.99992 13L4.16659 7.16667\" stroke=\"currentColor\"\/>\n<\/svg>\n            <\/figure>\n        <\/button>\n        \n                <\/h3>\n        <div class=\"accordion-content\">\n            <div id=\"row-varforkanjagintelaggatillflerdeltagareiminelista?-4\" role=\"region\" class=\"accordion-content-wrap\" aria-labelledby=\"varforkanjagintelaggatillflerdeltagareiminelista?-4\">\n                                            <div class=\"wysiwyg\">\n                    <p>Det kan bero p\u00e5 att en \u00f6vre gr\u00e4ns \u00e4r satt f\u00f6r antal deltagare. Kontakta oss p\u00e5 ABF Skellefte\u00e5 v\u00e4xel: 0910-77 71 55 s\u00e5 hj\u00e4lper vi till att \u00e4ndra gr\u00e4nsen.<\/p>\n\n                <\/div>\n                                        <\/div>\n        <\/div>\n    <\/li>\n    <\/ul>\n<div\n    class=\"acf-text-image-block container my-12 md:my-15\"\n    data-block=\"text-image-block\"\n>\n    <div\n    class=\"flex flex-col items-center md:flex-row gap-8 md:gap-0 justify-center\">\n        \n        <div class=\"w-full md:w-1\/2 md:order-1\">\n        <div class=\"mx-auto md:max-w-[368px]\">\n            <h2 class=\"heading-lg\"><\/h2>\n            <div class=\"mb-6 mt-4 wysiwyg\">\n                \n            <\/div>\n                    <\/div>\n        <\/div>\n    <\/div>\n<\/div><div\n        class=\"acf-article-video-block article-container-lg my-12 external-video\"\n        data-block=\"article-video-block\"\n    >\n                    <h2 class=\"heading-md mb-3 text-black\">Jacke Sj\u00f6din anv\u00e4nder e-tj\u00e4nsten<\/h2>\n                            <p class=\"body-md text-gray-text my-2\">H\u00e4r kan du se Jacke Sj\u00f6din n\u00e4r han anv\u00e4nder e-tj\u00e4nsten.<\/p>\n        \n                    <iframe loading=\"lazy\" title=\"Jacke Sj\u00f6din anv\u00e4nder e tjansten\" width=\"500\" height=\"281\" src=\"https:\/\/www.youtube.com\/embed\/S0aUnSA3k50?feature=oembed\" frameborder=\"0\" allow=\"accelerometer; autoplay; clipboard-write; encrypted-media; gyroscope; picture-in-picture; web-share\" referrerpolicy=\"strict-origin-when-cross-origin\" allowfullscreen><\/iframe>\n                            <\/div>\n","protected":false},"excerpt":{"rendered":"","protected":false},"author":120,"featured_media":0,"parent":270,"menu_order":0,"comment_status":"closed","ping_status":"closed","template":"","meta":{"_acf_changed":false,"footnotes":""},"class_list":["post-279","page","type-page","status-publish","hentry"],"acf":[],"yoast_head":"<!-- This site is optimized with the Yoast SEO plugin v27.0 - https:\/\/yoast.com\/product\/yoast-seo-wordpress\/ -->\n<title>E-tj\u00e4nsten - Skellefte\u00e5<\/title>\n<meta name=\"robots\" content=\"index, follow, max-snippet:-1, max-image-preview:large, max-video-preview:-1\" \/>\n<link rel=\"canonical\" href=\"https:\/\/www.abf.se\/skelleftea\/cirkelledare\/e-tjansten\/\" \/>\n<meta property=\"og:locale\" content=\"sv_SE\" \/>\n<meta property=\"og:type\" content=\"article\" \/>\n<meta property=\"og:title\" content=\"E-tj\u00e4nsten - Skellefte\u00e5\" \/>\n<meta property=\"og:url\" content=\"https:\/\/www.abf.se\/skelleftea\/cirkelledare\/e-tjansten\/\" \/>\n<meta property=\"og:site_name\" content=\"Skellefte\u00e5\" \/>\n<meta property=\"article:modified_time\" content=\"2025-01-22T13:03:04+00:00\" \/>\n<meta property=\"og:image\" content=\"https:\/\/www.abf.se\/wp-content\/uploads\/sites\/43\/2024\/04\/Nyckeln-liggande-scaled.jpg\" \/>\n\t<meta property=\"og:image:width\" content=\"2560\" \/>\n\t<meta property=\"og:image:height\" content=\"1440\" \/>\n\t<meta property=\"og:image:type\" content=\"image\/jpeg\" \/>\n<meta name=\"twitter:card\" content=\"summary_large_image\" \/>\n<script type=\"application\/ld+json\" class=\"yoast-schema-graph\">{\"@context\":\"https:\/\/schema.org\",\"@graph\":[{\"@type\":\"WebPage\",\"@id\":\"https:\/\/www.abf.se\/skelleftea\/cirkelledare\/e-tjansten\/\",\"url\":\"https:\/\/www.abf.se\/skelleftea\/cirkelledare\/e-tjansten\/\",\"name\":\"E-tj\u00e4nsten - Skellefte\u00e5\",\"isPartOf\":{\"@id\":\"https:\/\/www.abf.se\/skelleftea\/#website\"},\"datePublished\":\"2024-12-27T08:26:23+00:00\",\"dateModified\":\"2025-01-22T13:03:04+00:00\",\"breadcrumb\":{\"@id\":\"https:\/\/www.abf.se\/skelleftea\/cirkelledare\/e-tjansten\/#breadcrumb\"},\"inLanguage\":\"sv-SE\",\"potentialAction\":[{\"@type\":\"ReadAction\",\"target\":[\"https:\/\/www.abf.se\/skelleftea\/cirkelledare\/e-tjansten\/\"]}]},{\"@type\":\"BreadcrumbList\",\"@id\":\"https:\/\/www.abf.se\/skelleftea\/cirkelledare\/e-tjansten\/#breadcrumb\",\"itemListElement\":[{\"@type\":\"ListItem\",\"position\":1,\"name\":\"Home\",\"item\":\"https:\/\/www.abf.se\/skelleftea\/\"},{\"@type\":\"ListItem\",\"position\":2,\"name\":\"Cirkelledare\",\"item\":\"https:\/\/www.abf.se\/skelleftea\/cirkelledare\/\"},{\"@type\":\"ListItem\",\"position\":3,\"name\":\"E-tj\u00e4nsten\"}]},{\"@type\":\"WebSite\",\"@id\":\"https:\/\/www.abf.se\/skelleftea\/#website\",\"url\":\"https:\/\/www.abf.se\/skelleftea\/\",\"name\":\"Skellefte\u00e5\",\"description\":\"\",\"potentialAction\":[{\"@type\":\"SearchAction\",\"target\":{\"@type\":\"EntryPoint\",\"urlTemplate\":\"https:\/\/www.abf.se\/skelleftea\/?s={search_term_string}\"},\"query-input\":{\"@type\":\"PropertyValueSpecification\",\"valueRequired\":true,\"valueName\":\"search_term_string\"}}],\"inLanguage\":\"sv-SE\"}]}<\/script>\n<!-- \/ Yoast SEO plugin. -->","yoast_head_json":{"title":"E-tj\u00e4nsten - Skellefte\u00e5","robots":{"index":"index","follow":"follow","max-snippet":"max-snippet:-1","max-image-preview":"max-image-preview:large","max-video-preview":"max-video-preview:-1"},"canonical":"https:\/\/www.abf.se\/skelleftea\/cirkelledare\/e-tjansten\/","og_locale":"sv_SE","og_type":"article","og_title":"E-tj\u00e4nsten - Skellefte\u00e5","og_url":"https:\/\/www.abf.se\/skelleftea\/cirkelledare\/e-tjansten\/","og_site_name":"Skellefte\u00e5","article_modified_time":"2025-01-22T13:03:04+00:00","og_image":[{"width":2560,"height":1440,"url":"https:\/\/www.abf.se\/wp-content\/uploads\/sites\/43\/2024\/04\/Nyckeln-liggande-scaled.jpg","type":"image\/jpeg"}],"twitter_card":"summary_large_image","schema":{"@context":"https:\/\/schema.org","@graph":[{"@type":"WebPage","@id":"https:\/\/www.abf.se\/skelleftea\/cirkelledare\/e-tjansten\/","url":"https:\/\/www.abf.se\/skelleftea\/cirkelledare\/e-tjansten\/","name":"E-tj\u00e4nsten - Skellefte\u00e5","isPartOf":{"@id":"https:\/\/www.abf.se\/skelleftea\/#website"},"datePublished":"2024-12-27T08:26:23+00:00","dateModified":"2025-01-22T13:03:04+00:00","breadcrumb":{"@id":"https:\/\/www.abf.se\/skelleftea\/cirkelledare\/e-tjansten\/#breadcrumb"},"inLanguage":"sv-SE","potentialAction":[{"@type":"ReadAction","target":["https:\/\/www.abf.se\/skelleftea\/cirkelledare\/e-tjansten\/"]}]},{"@type":"BreadcrumbList","@id":"https:\/\/www.abf.se\/skelleftea\/cirkelledare\/e-tjansten\/#breadcrumb","itemListElement":[{"@type":"ListItem","position":1,"name":"Home","item":"https:\/\/www.abf.se\/skelleftea\/"},{"@type":"ListItem","position":2,"name":"Cirkelledare","item":"https:\/\/www.abf.se\/skelleftea\/cirkelledare\/"},{"@type":"ListItem","position":3,"name":"E-tj\u00e4nsten"}]},{"@type":"WebSite","@id":"https:\/\/www.abf.se\/skelleftea\/#website","url":"https:\/\/www.abf.se\/skelleftea\/","name":"Skellefte\u00e5","description":"","potentialAction":[{"@type":"SearchAction","target":{"@type":"EntryPoint","urlTemplate":"https:\/\/www.abf.se\/skelleftea\/?s={search_term_string}"},"query-input":{"@type":"PropertyValueSpecification","valueRequired":true,"valueName":"search_term_string"}}],"inLanguage":"sv-SE"}]}},"_links":{"self":[{"href":"https:\/\/www.abf.se\/skelleftea\/wp-json\/wp\/v2\/pages\/279","targetHints":{"allow":["GET"]}}],"collection":[{"href":"https:\/\/www.abf.se\/skelleftea\/wp-json\/wp\/v2\/pages"}],"about":[{"href":"https:\/\/www.abf.se\/skelleftea\/wp-json\/wp\/v2\/types\/page"}],"author":[{"embeddable":true,"href":"https:\/\/www.abf.se\/skelleftea\/wp-json\/wp\/v2\/users\/120"}],"replies":[{"embeddable":true,"href":"https:\/\/www.abf.se\/skelleftea\/wp-json\/wp\/v2\/comments?post=279"}],"version-history":[{"count":27,"href":"https:\/\/www.abf.se\/skelleftea\/wp-json\/wp\/v2\/pages\/279\/revisions"}],"predecessor-version":[{"id":458,"href":"https:\/\/www.abf.se\/skelleftea\/wp-json\/wp\/v2\/pages\/279\/revisions\/458"}],"up":[{"embeddable":true,"href":"https:\/\/www.abf.se\/skelleftea\/wp-json\/wp\/v2\/pages\/270"}],"wp:attachment":[{"href":"https:\/\/www.abf.se\/skelleftea\/wp-json\/wp\/v2\/media?parent=279"}],"curies":[{"name":"wp","href":"https:\/\/api.w.org\/{rel}","templated":true}]}}