{"id":53,"date":"2024-02-23T09:40:12","date_gmt":"2024-02-23T09:40:12","guid":{"rendered":"https:\/\/www.abf.se\/skelleftea\/?page_id=53"},"modified":"2025-03-12T14:23:27","modified_gmt":"2025-03-12T13:23:27","slug":"asylverksamhet","status":"publish","type":"page","link":"https:\/\/www.abf.se\/skelleftea\/verksamhet\/asylverksamhet\/","title":{"rendered":"Pension\u00e4rsverksamhet"},"content":{"rendered":"<div\n    class=\"acf-hero-block container-lg no-padding mb-12 js-geolocation\"\n    data-block=\"hero-block\"\n    data-index=\"0\"\n>\n    <div class=\"h-[548px]  relative rounded-[32px] overflow-hidden flex bg-gray-light\">\n        <div class=\"relative z-10 mt-auto h-auto w-full md:h-full\">\n            <div class=\"flex w-full h-full flex-col flex-wrap justify-end w-full md:w-7\/12 lg:w-1\/2 md:justify-center\">\n                <div class=\"flex flex-col gap-3 md:gap-[18px] md:transparent pt-16 pb-36 md:py-8 px-4 w-full md:max-w-[620px] mx-auto px-8\">\n\n                    <h1 class=\"hero-heading hero-heading--red-text\"><span>V\u00e5r pension\u00e4rsverksamhet<\/span><\/h1>\n\n                                            <p class=\"mt-4 max-w-[48ch] text-white\">\n                            Information om v\u00e5r pension\u00e4rsverksamhet \n                        <\/p>\n                    \n                                    <\/div>\n            <\/div>\n        <\/div>\n\n                    <picture class=\"as-background-image mix-blend-multiply bg-black\/40\"><img decoding=\"async\" src=\"https:\/\/www.abf.se\/skelleftea\/resized\/?url=https%3A%2F%2Fwww.abf.se%2Fwp-content%2Fuploads%2Fsites%2F43%2F2025%2F03%2F483834669_619357794342777_2866315195202081536_n.jpg&#038;fit=crop&#038;w=1440&#038;s=f5999f2b7f7a9d73fa469d8993f016f7\" srcset=\"https:\/\/www.abf.se\/skelleftea\/resized\/?url=https%3A%2F%2Fwww.abf.se%2Fwp-content%2Fuploads%2Fsites%2F43%2F2025%2F03%2F483834669_619357794342777_2866315195202081536_n.jpg&#038;fit=crop&#038;w=375&#038;h=540&#038;s=acd655acff94f87640af44c7d035034a 375w, https:\/\/www.abf.se\/skelleftea\/resized\/?url=https%3A%2F%2Fwww.abf.se%2Fwp-content%2Fuploads%2Fsites%2F43%2F2025%2F03%2F483834669_619357794342777_2866315195202081536_n.jpg&#038;fit=crop&#038;w=447&#038;h=540&#038;s=7533082fddc553f78bd6792800e30d03 447w, https:\/\/www.abf.se\/skelleftea\/resized\/?url=https%3A%2F%2Fwww.abf.se%2Fwp-content%2Fuploads%2Fsites%2F43%2F2025%2F03%2F483834669_619357794342777_2866315195202081536_n.jpg&#038;fit=crop&#038;w=519&#038;h=540&#038;s=204b2287152f2889a6bff4a82f4adc07 519w, https:\/\/www.abf.se\/skelleftea\/resized\/?url=https%3A%2F%2Fwww.abf.se%2Fwp-content%2Fuploads%2Fsites%2F43%2F2025%2F03%2F483834669_619357794342777_2866315195202081536_n.jpg&#038;fit=crop&#038;w=591&#038;h=540&#038;s=a5913412c3871c9143a2e9897f10db29 591w, https:\/\/www.abf.se\/skelleftea\/resized\/?url=https%3A%2F%2Fwww.abf.se%2Fwp-content%2Fuploads%2Fsites%2F43%2F2025%2F03%2F483834669_619357794342777_2866315195202081536_n.jpg&#038;fit=crop&#038;w=663&#038;h=540&#038;s=4576537669cce952debd8bbef544fe3e 663w, https:\/\/www.abf.se\/skelleftea\/resized\/?url=https%3A%2F%2Fwww.abf.se%2Fwp-content%2Fuploads%2Fsites%2F43%2F2025%2F03%2F483834669_619357794342777_2866315195202081536_n.jpg&#038;fit=crop&#038;w=750&#038;h=540&#038;s=5f79e73c96de2887068b192776c31a04 750w, https:\/\/www.abf.se\/skelleftea\/resized\/?url=https%3A%2F%2Fwww.abf.se%2Fwp-content%2Fuploads%2Fsites%2F43%2F2025%2F03%2F483834669_619357794342777_2866315195202081536_n.jpg&#038;fit=crop&#038;w=894&#038;h=540&#038;s=6e86408ac0d6324cd82cd593ed4f7214 894w, https:\/\/www.abf.se\/skelleftea\/resized\/?url=https%3A%2F%2Fwww.abf.se%2Fwp-content%2Fuploads%2Fsites%2F43%2F2025%2F03%2F483834669_619357794342777_2866315195202081536_n.jpg&#038;fit=crop&#038;w=1038&#038;h=540&#038;s=2d68ab99731aa815e03fd7ba38f4371c 1038w, https:\/\/www.abf.se\/skelleftea\/resized\/?url=https%3A%2F%2Fwww.abf.se%2Fwp-content%2Fuploads%2Fsites%2F43%2F2025%2F03%2F483834669_619357794342777_2866315195202081536_n.jpg&#038;fit=crop&#038;w=1182&#038;h=540&#038;s=82f270620f616b196c8d3355ebc02f08 1182w, https:\/\/www.abf.se\/skelleftea\/resized\/?url=https%3A%2F%2Fwww.abf.se%2Fwp-content%2Fuploads%2Fsites%2F43%2F2025%2F03%2F483834669_619357794342777_2866315195202081536_n.jpg&#038;fit=crop&#038;w=1326&#038;h=540&#038;s=329e3fcaf56eb1362818076f5668bcdf 1326w, https:\/\/www.abf.se\/skelleftea\/resized\/?url=https%3A%2F%2Fwww.abf.se%2Fwp-content%2Fuploads%2Fsites%2F43%2F2025%2F03%2F483834669_619357794342777_2866315195202081536_n.jpg&#038;fit=crop&#038;w=1440&#038;h=540&#038;s=b303126bf1b8500d53d371224e2e6806 1440w\" alt=\"\" height=\"540\" width=\"1440\" sizes=\"(max-width: 1440px) calc(100vw - 32px), 1440px\" loading=\"eager\" fetchpriority=\"high\" aria-hidden=\"true\" role=\"presentation\" \/><\/picture>\n        \n\n            <\/div>\n\n    <\/div>\n\n<div\n    class=\"acf-article-text-block article-container my-12\"\n    data-block=\"article-text-block\"\n>\n    <div class=\"wysiwyg\">\n        <h3><strong>Pension\u00e4rsverksamheten \u00e4r en stor och viktig verksamhet hos oss p\u00e5 ABF i Skellefte\u00e5.<\/strong><br \/>\n<strong>Vi har ett n\u00e4ra samarbete med pension\u00e4rsf\u00f6reningarna SKPF och PRO, men \u00e4ven Seniortorget och trygghetsboendena h\u00e4r i Skellefte\u00e5<\/strong><\/h3>\n<p>Vi jobbar med att erbjuda pension\u00e4rsf\u00f6reningarna m\u00f6jligheter till utveckling och gemenskap genom sina cirklar. Genom dessa cirklar f\u00e5r seniorer i Skellefte\u00e5 en chans att forts\u00e4tta l\u00e4ra sig och h\u00e5lla sina intellekt och sociala n\u00e4tverk aktiva.<\/p>\n<p>ABF:s cirklar \u00e4r en viktig del av deras arbete, och de anpassas efter deltagarnas intressen och behov. Oavsett om det handlar om kultur, historia, h\u00e4lsa eller andra \u00e4mnen, finns det alltid en plats f\u00f6r alla som vill forts\u00e4tta utvecklas. De skapar en inkluderande och stimulerande milj\u00f6 d\u00e4r seniorer kan engagera sig i l\u00e4rande tillsammans med andra, vilket ger b\u00e5de personlig tillfredsst\u00e4llelse och en k\u00e4nsla av gemenskap.<\/p>\n<p>Pension\u00e4rsf\u00f6reningarna f\u00e5r ocks\u00e5 m\u00f6jlighet att vara med och p\u00e5verka utbudet av cirklar, vilket g\u00f6r att verksamheten blir relevant och intressant f\u00f6r alla deltagare. Genom ABF:s engagemang f\u00e5r \u00e4ldre i Skellefte\u00e5 en chans att aktivt delta i samh\u00e4llet, vilket st\u00e4rker b\u00e5de deras fysiska och psykiska v\u00e4lbefinnande.<\/p>\n<p>Sammanfattningsvis \u00e4r v\u00e5rat samarbete med pension\u00e4rsf\u00f6reningarna i Skellefte\u00e5 ett lysande exempel p\u00e5 hur vuxenutbildning och gemenskap kan g\u00e5 hand i hand och ge \u00e4ldre m\u00f6jlighet att forts\u00e4tta v\u00e4xa och trivas i sitt samh\u00e4lle.<\/p>\n<p><strong>Har du funderingar \u00e4r du v\u00e4lkommen att h\u00f6ra av dig till:<br \/>\n<\/strong>Virginia (Gina) Pettersson<br \/>\n<a href=\"mailto:virginia.pettersson@abf.se\">virginia.pettersson@abf.se<\/a><br \/>\n073-841 30 87<\/p>\n\n    <\/div>\n<\/div>\n","protected":false},"excerpt":{"rendered":"","protected":false},"author":120,"featured_media":0,"parent":51,"menu_order":0,"comment_status":"closed","ping_status":"closed","template":"","meta":{"_acf_changed":false,"footnotes":""},"class_list":["post-53","page","type-page","status-publish","hentry"],"acf":[],"yoast_head":"<!-- This site is optimized with the Yoast SEO plugin v27.0 - https:\/\/yoast.com\/product\/yoast-seo-wordpress\/ -->\n<title>Pension\u00e4rsverksamhet - Skellefte\u00e5<\/title>\n<meta name=\"robots\" content=\"index, follow, max-snippet:-1, max-image-preview:large, max-video-preview:-1\" \/>\n<link rel=\"canonical\" href=\"https:\/\/www.abf.se\/skelleftea\/verksamhet\/asylverksamhet\/\" \/>\n<meta property=\"og:locale\" content=\"sv_SE\" \/>\n<meta property=\"og:type\" content=\"article\" \/>\n<meta property=\"og:title\" content=\"Pension\u00e4rsverksamhet - Skellefte\u00e5\" \/>\n<meta property=\"og:url\" content=\"https:\/\/www.abf.se\/skelleftea\/verksamhet\/asylverksamhet\/\" \/>\n<meta property=\"og:site_name\" content=\"Skellefte\u00e5\" \/>\n<meta property=\"article:modified_time\" content=\"2025-03-12T13:23:27+00:00\" \/>\n<meta property=\"og:image\" content=\"https:\/\/www.abf.se\/wp-content\/uploads\/sites\/43\/2024\/04\/Nyckeln-liggande-scaled.jpg\" \/>\n\t<meta property=\"og:image:width\" content=\"2560\" \/>\n\t<meta property=\"og:image:height\" content=\"1440\" \/>\n\t<meta property=\"og:image:type\" content=\"image\/jpeg\" \/>\n<meta name=\"twitter:card\" content=\"summary_large_image\" \/>\n<script type=\"application\/ld+json\" class=\"yoast-schema-graph\">{\"@context\":\"https:\/\/schema.org\",\"@graph\":[{\"@type\":\"WebPage\",\"@id\":\"https:\/\/www.abf.se\/skelleftea\/verksamhet\/asylverksamhet\/\",\"url\":\"https:\/\/www.abf.se\/skelleftea\/verksamhet\/asylverksamhet\/\",\"name\":\"Pension\u00e4rsverksamhet - Skellefte\u00e5\",\"isPartOf\":{\"@id\":\"https:\/\/www.abf.se\/skelleftea\/#website\"},\"datePublished\":\"2024-02-23T09:40:12+00:00\",\"dateModified\":\"2025-03-12T13:23:27+00:00\",\"breadcrumb\":{\"@id\":\"https:\/\/www.abf.se\/skelleftea\/verksamhet\/asylverksamhet\/#breadcrumb\"},\"inLanguage\":\"sv-SE\",\"potentialAction\":[{\"@type\":\"ReadAction\",\"target\":[\"https:\/\/www.abf.se\/skelleftea\/verksamhet\/asylverksamhet\/\"]}]},{\"@type\":\"BreadcrumbList\",\"@id\":\"https:\/\/www.abf.se\/skelleftea\/verksamhet\/asylverksamhet\/#breadcrumb\",\"itemListElement\":[{\"@type\":\"ListItem\",\"position\":1,\"name\":\"Home\",\"item\":\"https:\/\/www.abf.se\/skelleftea\/\"},{\"@type\":\"ListItem\",\"position\":2,\"name\":\"V\u00e5ra verksamheter\",\"item\":\"https:\/\/www.abf.se\/skelleftea\/verksamhet\/\"},{\"@type\":\"ListItem\",\"position\":3,\"name\":\"Pension\u00e4rsverksamhet\"}]},{\"@type\":\"WebSite\",\"@id\":\"https:\/\/www.abf.se\/skelleftea\/#website\",\"url\":\"https:\/\/www.abf.se\/skelleftea\/\",\"name\":\"Skellefte\u00e5\",\"description\":\"\",\"potentialAction\":[{\"@type\":\"SearchAction\",\"target\":{\"@type\":\"EntryPoint\",\"urlTemplate\":\"https:\/\/www.abf.se\/skelleftea\/?s={search_term_string}\"},\"query-input\":{\"@type\":\"PropertyValueSpecification\",\"valueRequired\":true,\"valueName\":\"search_term_string\"}}],\"inLanguage\":\"sv-SE\"}]}<\/script>\n<!-- \/ Yoast SEO plugin. -->","yoast_head_json":{"title":"Pension\u00e4rsverksamhet - Skellefte\u00e5","robots":{"index":"index","follow":"follow","max-snippet":"max-snippet:-1","max-image-preview":"max-image-preview:large","max-video-preview":"max-video-preview:-1"},"canonical":"https:\/\/www.abf.se\/skelleftea\/verksamhet\/asylverksamhet\/","og_locale":"sv_SE","og_type":"article","og_title":"Pension\u00e4rsverksamhet - Skellefte\u00e5","og_url":"https:\/\/www.abf.se\/skelleftea\/verksamhet\/asylverksamhet\/","og_site_name":"Skellefte\u00e5","article_modified_time":"2025-03-12T13:23:27+00:00","og_image":[{"width":2560,"height":1440,"url":"https:\/\/www.abf.se\/wp-content\/uploads\/sites\/43\/2024\/04\/Nyckeln-liggande-scaled.jpg","type":"image\/jpeg"}],"twitter_card":"summary_large_image","schema":{"@context":"https:\/\/schema.org","@graph":[{"@type":"WebPage","@id":"https:\/\/www.abf.se\/skelleftea\/verksamhet\/asylverksamhet\/","url":"https:\/\/www.abf.se\/skelleftea\/verksamhet\/asylverksamhet\/","name":"Pension\u00e4rsverksamhet - Skellefte\u00e5","isPartOf":{"@id":"https:\/\/www.abf.se\/skelleftea\/#website"},"datePublished":"2024-02-23T09:40:12+00:00","dateModified":"2025-03-12T13:23:27+00:00","breadcrumb":{"@id":"https:\/\/www.abf.se\/skelleftea\/verksamhet\/asylverksamhet\/#breadcrumb"},"inLanguage":"sv-SE","potentialAction":[{"@type":"ReadAction","target":["https:\/\/www.abf.se\/skelleftea\/verksamhet\/asylverksamhet\/"]}]},{"@type":"BreadcrumbList","@id":"https:\/\/www.abf.se\/skelleftea\/verksamhet\/asylverksamhet\/#breadcrumb","itemListElement":[{"@type":"ListItem","position":1,"name":"Home","item":"https:\/\/www.abf.se\/skelleftea\/"},{"@type":"ListItem","position":2,"name":"V\u00e5ra verksamheter","item":"https:\/\/www.abf.se\/skelleftea\/verksamhet\/"},{"@type":"ListItem","position":3,"name":"Pension\u00e4rsverksamhet"}]},{"@type":"WebSite","@id":"https:\/\/www.abf.se\/skelleftea\/#website","url":"https:\/\/www.abf.se\/skelleftea\/","name":"Skellefte\u00e5","description":"","potentialAction":[{"@type":"SearchAction","target":{"@type":"EntryPoint","urlTemplate":"https:\/\/www.abf.se\/skelleftea\/?s={search_term_string}"},"query-input":{"@type":"PropertyValueSpecification","valueRequired":true,"valueName":"search_term_string"}}],"inLanguage":"sv-SE"}]}},"_links":{"self":[{"href":"https:\/\/www.abf.se\/skelleftea\/wp-json\/wp\/v2\/pages\/53","targetHints":{"allow":["GET"]}}],"collection":[{"href":"https:\/\/www.abf.se\/skelleftea\/wp-json\/wp\/v2\/pages"}],"about":[{"href":"https:\/\/www.abf.se\/skelleftea\/wp-json\/wp\/v2\/types\/page"}],"author":[{"embeddable":true,"href":"https:\/\/www.abf.se\/skelleftea\/wp-json\/wp\/v2\/users\/120"}],"replies":[{"embeddable":true,"href":"https:\/\/www.abf.se\/skelleftea\/wp-json\/wp\/v2\/comments?post=53"}],"version-history":[{"count":19,"href":"https:\/\/www.abf.se\/skelleftea\/wp-json\/wp\/v2\/pages\/53\/revisions"}],"predecessor-version":[{"id":510,"href":"https:\/\/www.abf.se\/skelleftea\/wp-json\/wp\/v2\/pages\/53\/revisions\/510"}],"up":[{"embeddable":true,"href":"https:\/\/www.abf.se\/skelleftea\/wp-json\/wp\/v2\/pages\/51"}],"wp:attachment":[{"href":"https:\/\/www.abf.se\/skelleftea\/wp-json\/wp\/v2\/media?parent=53"}],"curies":[{"name":"wp","href":"https:\/\/api.w.org\/{rel}","templated":true}]}}