{"id":61,"date":"2024-02-23T09:41:08","date_gmt":"2024-02-23T09:41:08","guid":{"rendered":"https:\/\/www.abf.se\/skelleftea\/?page_id=61"},"modified":"2025-02-26T10:52:43","modified_gmt":"2025-02-26T09:52:43","slug":"etniska-foreningar","status":"publish","type":"page","link":"https:\/\/www.abf.se\/skelleftea\/verksamhet\/etniska-foreningar\/","title":{"rendered":"Etniska f\u00f6reningar"},"content":{"rendered":"<div\n    class=\"acf-hero-block container-lg no-padding mb-12 js-geolocation\"\n    data-block=\"hero-block\"\n    data-index=\"0\"\n>\n    <div class=\"h-[548px]  relative rounded-[32px] overflow-hidden flex bg-gray-light\">\n        <div class=\"relative z-10 mt-auto h-auto w-full md:h-full\">\n            <div class=\"flex w-full h-full flex-col flex-wrap justify-end w-full md:w-7\/12 lg:w-1\/2 md:justify-center\">\n                <div class=\"flex flex-col gap-3 md:gap-[18px] md:transparent pt-16 pb-36 md:py-8 px-4 w-full md:max-w-[620px] mx-auto px-8\">\n\n                    <h1 class=\"hero-heading hero-heading--red-text\"><span>V\u00e5r verksamhet med Etniska f\u00f6reningar<\/span><\/h1>\n\n                    \n                                    <\/div>\n            <\/div>\n        <\/div>\n\n                    <picture class=\"as-background-image mix-blend-multiply bg-black\/40\"><img decoding=\"async\" src=\"https:\/\/www.abf.se\/skelleftea\/resized\/?url=https%3A%2F%2Fwww.abf.se%2Fwp-content%2Fuploads%2Fsites%2F43%2F2024%2F02%2Fetniska.jpg&#038;fit=crop&#038;w=1440&#038;s=5969ac25f656c3b9ab84e10483bc5317\" srcset=\"https:\/\/www.abf.se\/skelleftea\/resized\/?url=https%3A%2F%2Fwww.abf.se%2Fwp-content%2Fuploads%2Fsites%2F43%2F2024%2F02%2Fetniska.jpg&#038;fit=crop&#038;w=375&#038;h=540&#038;s=f8a34eaed074a1c948b0c2e86f7ba499 375w, https:\/\/www.abf.se\/skelleftea\/resized\/?url=https%3A%2F%2Fwww.abf.se%2Fwp-content%2Fuploads%2Fsites%2F43%2F2024%2F02%2Fetniska.jpg&#038;fit=crop&#038;w=447&#038;h=540&#038;s=29fe9a32ecaa89a1171147f225d974a7 447w, https:\/\/www.abf.se\/skelleftea\/resized\/?url=https%3A%2F%2Fwww.abf.se%2Fwp-content%2Fuploads%2Fsites%2F43%2F2024%2F02%2Fetniska.jpg&#038;fit=crop&#038;w=519&#038;h=540&#038;s=936d60cb0585a36bd3989578d2992cfc 519w, https:\/\/www.abf.se\/skelleftea\/resized\/?url=https%3A%2F%2Fwww.abf.se%2Fwp-content%2Fuploads%2Fsites%2F43%2F2024%2F02%2Fetniska.jpg&#038;fit=crop&#038;w=591&#038;h=540&#038;s=542bedbe352cd3dbd02f94c0ca93cfb4 591w, https:\/\/www.abf.se\/skelleftea\/resized\/?url=https%3A%2F%2Fwww.abf.se%2Fwp-content%2Fuploads%2Fsites%2F43%2F2024%2F02%2Fetniska.jpg&#038;fit=crop&#038;w=663&#038;h=540&#038;s=d316cd9a7522f1d8d9d80518683a2ee7 663w, https:\/\/www.abf.se\/skelleftea\/resized\/?url=https%3A%2F%2Fwww.abf.se%2Fwp-content%2Fuploads%2Fsites%2F43%2F2024%2F02%2Fetniska.jpg&#038;fit=crop&#038;w=750&#038;h=540&#038;s=925511d9dff4ce842b6e90a903f810d8 750w, https:\/\/www.abf.se\/skelleftea\/resized\/?url=https%3A%2F%2Fwww.abf.se%2Fwp-content%2Fuploads%2Fsites%2F43%2F2024%2F02%2Fetniska.jpg&#038;fit=crop&#038;w=894&#038;h=540&#038;s=02c4645e3c7987d96e31b0b9accc0172 894w, https:\/\/www.abf.se\/skelleftea\/resized\/?url=https%3A%2F%2Fwww.abf.se%2Fwp-content%2Fuploads%2Fsites%2F43%2F2024%2F02%2Fetniska.jpg&#038;fit=crop&#038;w=1038&#038;h=540&#038;s=2a1bce4058a4f5a77e7425a8499b6995 1038w, https:\/\/www.abf.se\/skelleftea\/resized\/?url=https%3A%2F%2Fwww.abf.se%2Fwp-content%2Fuploads%2Fsites%2F43%2F2024%2F02%2Fetniska.jpg&#038;fit=crop&#038;w=1182&#038;h=540&#038;s=df25997f685edacb6419ecfa9aac6f03 1182w, https:\/\/www.abf.se\/skelleftea\/resized\/?url=https%3A%2F%2Fwww.abf.se%2Fwp-content%2Fuploads%2Fsites%2F43%2F2024%2F02%2Fetniska.jpg&#038;fit=crop&#038;w=1326&#038;h=540&#038;s=4bd30b59c59fbdc42187b7d768694178 1326w, https:\/\/www.abf.se\/skelleftea\/resized\/?url=https%3A%2F%2Fwww.abf.se%2Fwp-content%2Fuploads%2Fsites%2F43%2F2024%2F02%2Fetniska.jpg&#038;fit=crop&#038;w=1440&#038;h=540&#038;s=379fdf5702930ca10e9d9cfd7e6cf2ee 1440w\" alt=\"\" height=\"540\" width=\"1440\" sizes=\"(max-width: 1440px) calc(100vw - 32px), 1440px\" loading=\"eager\" fetchpriority=\"high\" aria-hidden=\"true\" role=\"presentation\" \/><\/picture>\n        \n\n            <\/div>\n\n    <\/div>\n\n<div\n    class=\"acf-article-text-block article-container my-12\"\n    data-block=\"article-text-block\"\n>\n    <div class=\"wysiwyg\">\n        <p>\u00c4r ni en f\u00f6rening som brinner f\u00f6r att st\u00e4rka m\u00e5ngfald och integration? Tror ni att folkbildning \u00e4r en plats d\u00e4r m\u00e5ngfald och m\u00f6jligheter m\u00f6ts? St\u00e5r ni upp f\u00f6r allas lika v\u00e4rde, ett starkt demokratiskt samh\u00e4lle och allas r\u00e4tt till l\u00e4rande?<\/p>\n<p>ABF tror p\u00e5 m\u00e4nniskors f\u00f6rm\u00e5ga och vilja att utvecklas, p\u00e5verka och ta ansvar. Tillsammans f\u00f6rs\u00f6ker vi att bygga en form av bro som \u00e4mnar att mildra isolationen och segregationen genom folkbildning, f\u00f6r att \u00f6ka integration och j\u00e4mlikhet. Detta genom att erbjuda st\u00f6d till f\u00f6reningar och grupper som till exempel vill genomf\u00f6ra studiecirklar i spr\u00e5k, samh\u00e4lle, arbetsmarknad, h\u00e4lsa, f\u00f6r\u00e4ldrast\u00f6d, data, demokrati och j\u00e4mst\u00e4lldhet och mycket mer.<\/p>\n<p>V\u00e4lkommen till ABF, Sveriges st\u00f6rsta m\u00f6jligg\u00f6rare.<\/p>\n<p><strong>Har du funderingar \u00e4r du v\u00e4lkommen att h\u00f6ra av dig till:<br \/>\n<\/strong>Ramy Ibrahim<br \/>\n<a href=\"mailto:ramy.ibrahim@abf.se\">ramy.ibrahim@abf.se<\/a><br \/>\n070-228 49 81<\/p>\n\n    <\/div>\n<\/div>\n","protected":false},"excerpt":{"rendered":"","protected":false},"author":41,"featured_media":0,"parent":51,"menu_order":0,"comment_status":"closed","ping_status":"closed","template":"","meta":{"_acf_changed":false,"footnotes":""},"class_list":["post-61","page","type-page","status-publish","hentry"],"acf":[],"yoast_head":"<!-- This site is optimized with the Yoast SEO plugin v27.0 - https:\/\/yoast.com\/product\/yoast-seo-wordpress\/ -->\n<title>Etniska f\u00f6reningar - Skellefte\u00e5<\/title>\n<meta name=\"robots\" content=\"index, follow, max-snippet:-1, max-image-preview:large, max-video-preview:-1\" \/>\n<link rel=\"canonical\" href=\"https:\/\/www.abf.se\/skelleftea\/verksamhet\/etniska-foreningar\/\" \/>\n<meta property=\"og:locale\" content=\"sv_SE\" \/>\n<meta property=\"og:type\" content=\"article\" \/>\n<meta property=\"og:title\" content=\"Etniska f\u00f6reningar - Skellefte\u00e5\" \/>\n<meta property=\"og:url\" content=\"https:\/\/www.abf.se\/skelleftea\/verksamhet\/etniska-foreningar\/\" \/>\n<meta property=\"og:site_name\" content=\"Skellefte\u00e5\" \/>\n<meta property=\"article:modified_time\" content=\"2025-02-26T09:52:43+00:00\" \/>\n<meta property=\"og:image\" content=\"https:\/\/www.abf.se\/wp-content\/uploads\/sites\/43\/2024\/04\/Nyckeln-liggande-scaled.jpg\" \/>\n\t<meta property=\"og:image:width\" content=\"2560\" \/>\n\t<meta property=\"og:image:height\" content=\"1440\" \/>\n\t<meta property=\"og:image:type\" content=\"image\/jpeg\" \/>\n<meta name=\"twitter:card\" content=\"summary_large_image\" \/>\n<script type=\"application\/ld+json\" class=\"yoast-schema-graph\">{\"@context\":\"https:\/\/schema.org\",\"@graph\":[{\"@type\":\"WebPage\",\"@id\":\"https:\/\/www.abf.se\/skelleftea\/verksamhet\/etniska-foreningar\/\",\"url\":\"https:\/\/www.abf.se\/skelleftea\/verksamhet\/etniska-foreningar\/\",\"name\":\"Etniska f\u00f6reningar - Skellefte\u00e5\",\"isPartOf\":{\"@id\":\"https:\/\/www.abf.se\/skelleftea\/#website\"},\"datePublished\":\"2024-02-23T09:41:08+00:00\",\"dateModified\":\"2025-02-26T09:52:43+00:00\",\"breadcrumb\":{\"@id\":\"https:\/\/www.abf.se\/skelleftea\/verksamhet\/etniska-foreningar\/#breadcrumb\"},\"inLanguage\":\"sv-SE\",\"potentialAction\":[{\"@type\":\"ReadAction\",\"target\":[\"https:\/\/www.abf.se\/skelleftea\/verksamhet\/etniska-foreningar\/\"]}]},{\"@type\":\"BreadcrumbList\",\"@id\":\"https:\/\/www.abf.se\/skelleftea\/verksamhet\/etniska-foreningar\/#breadcrumb\",\"itemListElement\":[{\"@type\":\"ListItem\",\"position\":1,\"name\":\"Home\",\"item\":\"https:\/\/www.abf.se\/skelleftea\/\"},{\"@type\":\"ListItem\",\"position\":2,\"name\":\"V\u00e5ra verksamheter\",\"item\":\"https:\/\/www.abf.se\/skelleftea\/verksamhet\/\"},{\"@type\":\"ListItem\",\"position\":3,\"name\":\"Etniska f\u00f6reningar\"}]},{\"@type\":\"WebSite\",\"@id\":\"https:\/\/www.abf.se\/skelleftea\/#website\",\"url\":\"https:\/\/www.abf.se\/skelleftea\/\",\"name\":\"Skellefte\u00e5\",\"description\":\"\",\"potentialAction\":[{\"@type\":\"SearchAction\",\"target\":{\"@type\":\"EntryPoint\",\"urlTemplate\":\"https:\/\/www.abf.se\/skelleftea\/?s={search_term_string}\"},\"query-input\":{\"@type\":\"PropertyValueSpecification\",\"valueRequired\":true,\"valueName\":\"search_term_string\"}}],\"inLanguage\":\"sv-SE\"}]}<\/script>\n<!-- \/ Yoast SEO plugin. -->","yoast_head_json":{"title":"Etniska f\u00f6reningar - Skellefte\u00e5","robots":{"index":"index","follow":"follow","max-snippet":"max-snippet:-1","max-image-preview":"max-image-preview:large","max-video-preview":"max-video-preview:-1"},"canonical":"https:\/\/www.abf.se\/skelleftea\/verksamhet\/etniska-foreningar\/","og_locale":"sv_SE","og_type":"article","og_title":"Etniska f\u00f6reningar - Skellefte\u00e5","og_url":"https:\/\/www.abf.se\/skelleftea\/verksamhet\/etniska-foreningar\/","og_site_name":"Skellefte\u00e5","article_modified_time":"2025-02-26T09:52:43+00:00","og_image":[{"width":2560,"height":1440,"url":"https:\/\/www.abf.se\/wp-content\/uploads\/sites\/43\/2024\/04\/Nyckeln-liggande-scaled.jpg","type":"image\/jpeg"}],"twitter_card":"summary_large_image","schema":{"@context":"https:\/\/schema.org","@graph":[{"@type":"WebPage","@id":"https:\/\/www.abf.se\/skelleftea\/verksamhet\/etniska-foreningar\/","url":"https:\/\/www.abf.se\/skelleftea\/verksamhet\/etniska-foreningar\/","name":"Etniska f\u00f6reningar - Skellefte\u00e5","isPartOf":{"@id":"https:\/\/www.abf.se\/skelleftea\/#website"},"datePublished":"2024-02-23T09:41:08+00:00","dateModified":"2025-02-26T09:52:43+00:00","breadcrumb":{"@id":"https:\/\/www.abf.se\/skelleftea\/verksamhet\/etniska-foreningar\/#breadcrumb"},"inLanguage":"sv-SE","potentialAction":[{"@type":"ReadAction","target":["https:\/\/www.abf.se\/skelleftea\/verksamhet\/etniska-foreningar\/"]}]},{"@type":"BreadcrumbList","@id":"https:\/\/www.abf.se\/skelleftea\/verksamhet\/etniska-foreningar\/#breadcrumb","itemListElement":[{"@type":"ListItem","position":1,"name":"Home","item":"https:\/\/www.abf.se\/skelleftea\/"},{"@type":"ListItem","position":2,"name":"V\u00e5ra verksamheter","item":"https:\/\/www.abf.se\/skelleftea\/verksamhet\/"},{"@type":"ListItem","position":3,"name":"Etniska f\u00f6reningar"}]},{"@type":"WebSite","@id":"https:\/\/www.abf.se\/skelleftea\/#website","url":"https:\/\/www.abf.se\/skelleftea\/","name":"Skellefte\u00e5","description":"","potentialAction":[{"@type":"SearchAction","target":{"@type":"EntryPoint","urlTemplate":"https:\/\/www.abf.se\/skelleftea\/?s={search_term_string}"},"query-input":{"@type":"PropertyValueSpecification","valueRequired":true,"valueName":"search_term_string"}}],"inLanguage":"sv-SE"}]}},"_links":{"self":[{"href":"https:\/\/www.abf.se\/skelleftea\/wp-json\/wp\/v2\/pages\/61","targetHints":{"allow":["GET"]}}],"collection":[{"href":"https:\/\/www.abf.se\/skelleftea\/wp-json\/wp\/v2\/pages"}],"about":[{"href":"https:\/\/www.abf.se\/skelleftea\/wp-json\/wp\/v2\/types\/page"}],"author":[{"embeddable":true,"href":"https:\/\/www.abf.se\/skelleftea\/wp-json\/wp\/v2\/users\/41"}],"replies":[{"embeddable":true,"href":"https:\/\/www.abf.se\/skelleftea\/wp-json\/wp\/v2\/comments?post=61"}],"version-history":[{"count":4,"href":"https:\/\/www.abf.se\/skelleftea\/wp-json\/wp\/v2\/pages\/61\/revisions"}],"predecessor-version":[{"id":477,"href":"https:\/\/www.abf.se\/skelleftea\/wp-json\/wp\/v2\/pages\/61\/revisions\/477"}],"up":[{"embeddable":true,"href":"https:\/\/www.abf.se\/skelleftea\/wp-json\/wp\/v2\/pages\/51"}],"wp:attachment":[{"href":"https:\/\/www.abf.se\/skelleftea\/wp-json\/wp\/v2\/media?parent=61"}],"curies":[{"name":"wp","href":"https:\/\/api.w.org\/{rel}","templated":true}]}}