{"id":63,"date":"2024-02-23T09:41:54","date_gmt":"2024-02-23T09:41:54","guid":{"rendered":"https:\/\/www.abf.se\/skelleftea\/?page_id=63"},"modified":"2026-03-27T10:18:46","modified_gmt":"2026-03-27T09:18:46","slug":"musikverksamhet","status":"publish","type":"page","link":"https:\/\/www.abf.se\/skelleftea\/verksamhet\/musikverksamhet\/","title":{"rendered":"Musikverksamhet"},"content":{"rendered":"<div\n    class=\"acf-hero-block container-lg no-padding mb-12 js-geolocation\"\n    data-block=\"hero-block\"\n    data-index=\"0\"\n>\n    <div class=\"h-[548px]  relative rounded-[32px] overflow-hidden flex bg-gray-light\">\n        <div class=\"relative z-10 mt-auto h-auto w-full md:h-full\">\n            <div class=\"flex w-full h-full flex-col flex-wrap justify-end w-full md:w-7\/12 lg:w-1\/2 md:justify-center\">\n                <div class=\"flex flex-col gap-3 md:gap-[18px] md:transparent pt-16 pb-36 md:py-8 px-4 w-full md:max-w-[620px] mx-auto px-8\">\n\n                    <h1 class=\"hero-heading hero-heading--red-text\"><span>V\u00e5r musikverksamhet<\/span><\/h1>\n\n                                            <p class=\"mt-4 max-w-[48ch] text-white\">\n                            Mer information om v\u00e5r musikverksamhet\n                        <\/p>\n                    \n                                    <\/div>\n            <\/div>\n        <\/div>\n\n                    <picture class=\"as-background-image mix-blend-multiply bg-black\/40\"><img decoding=\"async\" src=\"https:\/\/www.abf.se\/skelleftea\/resized\/?url=https%3A%2F%2Fwww.abf.se%2Fwp-content%2Fuploads%2Fsites%2F43%2F2024%2F02%2Fmusik.jpg&#038;fit=crop&#038;w=1440&#038;s=c2f5199b69b6fe19f41a7d810c681f05\" srcset=\"https:\/\/www.abf.se\/skelleftea\/resized\/?url=https%3A%2F%2Fwww.abf.se%2Fwp-content%2Fuploads%2Fsites%2F43%2F2024%2F02%2Fmusik.jpg&#038;fit=crop&#038;w=375&#038;h=540&#038;s=df9c4d9dc8d0e124eb983da0be441968 375w, https:\/\/www.abf.se\/skelleftea\/resized\/?url=https%3A%2F%2Fwww.abf.se%2Fwp-content%2Fuploads%2Fsites%2F43%2F2024%2F02%2Fmusik.jpg&#038;fit=crop&#038;w=447&#038;h=540&#038;s=e25382447fc9215822a157a9ea99aca4 447w, https:\/\/www.abf.se\/skelleftea\/resized\/?url=https%3A%2F%2Fwww.abf.se%2Fwp-content%2Fuploads%2Fsites%2F43%2F2024%2F02%2Fmusik.jpg&#038;fit=crop&#038;w=519&#038;h=540&#038;s=dfc475de853166b84ab82e55a8ba3eb9 519w, https:\/\/www.abf.se\/skelleftea\/resized\/?url=https%3A%2F%2Fwww.abf.se%2Fwp-content%2Fuploads%2Fsites%2F43%2F2024%2F02%2Fmusik.jpg&#038;fit=crop&#038;w=591&#038;h=540&#038;s=dc04927c4e19d6b8439486301ad48f15 591w, https:\/\/www.abf.se\/skelleftea\/resized\/?url=https%3A%2F%2Fwww.abf.se%2Fwp-content%2Fuploads%2Fsites%2F43%2F2024%2F02%2Fmusik.jpg&#038;fit=crop&#038;w=663&#038;h=540&#038;s=c672e253d97d0615f3331267467fc5c5 663w, https:\/\/www.abf.se\/skelleftea\/resized\/?url=https%3A%2F%2Fwww.abf.se%2Fwp-content%2Fuploads%2Fsites%2F43%2F2024%2F02%2Fmusik.jpg&#038;fit=crop&#038;w=750&#038;h=540&#038;s=aa3abb556569c484fdea6a7685427ad3 750w, https:\/\/www.abf.se\/skelleftea\/resized\/?url=https%3A%2F%2Fwww.abf.se%2Fwp-content%2Fuploads%2Fsites%2F43%2F2024%2F02%2Fmusik.jpg&#038;fit=crop&#038;w=894&#038;h=540&#038;s=e447255dca6e1ab10a765b9811708835 894w, https:\/\/www.abf.se\/skelleftea\/resized\/?url=https%3A%2F%2Fwww.abf.se%2Fwp-content%2Fuploads%2Fsites%2F43%2F2024%2F02%2Fmusik.jpg&#038;fit=crop&#038;w=1038&#038;h=540&#038;s=3916a017c78ecdb04ee0a2b92c2722f1 1038w, https:\/\/www.abf.se\/skelleftea\/resized\/?url=https%3A%2F%2Fwww.abf.se%2Fwp-content%2Fuploads%2Fsites%2F43%2F2024%2F02%2Fmusik.jpg&#038;fit=crop&#038;w=1182&#038;h=540&#038;s=126ad3ae136db819c3a389ae3e2fa697 1182w, https:\/\/www.abf.se\/skelleftea\/resized\/?url=https%3A%2F%2Fwww.abf.se%2Fwp-content%2Fuploads%2Fsites%2F43%2F2024%2F02%2Fmusik.jpg&#038;fit=crop&#038;w=1326&#038;h=540&#038;s=f66ce5a862a7dc529db9fe574f6c9015 1326w, https:\/\/www.abf.se\/skelleftea\/resized\/?url=https%3A%2F%2Fwww.abf.se%2Fwp-content%2Fuploads%2Fsites%2F43%2F2024%2F02%2Fmusik.jpg&#038;fit=crop&#038;w=1440&#038;h=540&#038;s=d56c7cee74399f82bb30676f5584dfa7 1440w\" alt=\"\" height=\"540\" width=\"1440\" sizes=\"(max-width: 1440px) calc(100vw - 32px), 1440px\" loading=\"eager\" fetchpriority=\"high\" aria-hidden=\"true\" role=\"presentation\" \/><\/picture>\n        \n\n            <\/div>\n\n    <\/div>\n\n<div\n    class=\"acf-article-text-block article-container my-12\"\n    data-block=\"article-text-block\"\n>\n    <div class=\"wysiwyg\">\n        <p>Vi p\u00e5 ABF vill ge utrymme f\u00f6r v\u00e5ra band, musiker och konstn\u00e4rer att v\u00e4xa i sitt skapande och vi vill d\u00e4rf\u00f6r tillhandah\u00e5lla verktyg och resurser f\u00f6r att g\u00f6ra detta m\u00f6jligt.<\/p>\n<p>Inom ramen f\u00f6r v\u00e5r musikverksamhet samarbetar vi med en m\u00e4ngd olika akt\u00f6rer. Vissa av dem finns presenterade p\u00e5 den h\u00e4r delen av abf.se och vi \u00e4r b\u00e5de stolta och glada \u00f6ver att f\u00e5 vara en del av den fantastiska verksamhet som v\u00e5ra samarbetspartners bedriver. Ta g\u00e4rna kontakt med n\u00e5gon av dem om du har fr\u00e5gor, f\u00f6rslag eller id\u00e9er kring den verksamhet som vi h\u00e5ller p\u00e5 med. Eller s\u00e5 tar du bara kontakt med oss p\u00e5 ABF s\u00e5 kan vi hj\u00e4lpa dig att knyta alla m\u00f6jliga former av kontakter. F\u00f6r replokaler, lektioner, utbildningar, arrangemang och mycket mer. Prata med oss, vi hj\u00e4lper dig g\u00e4rna!<\/p>\n<p>Ett hundratal musikgrupper har idag studiecirklar hos oss p\u00e5 ABF Skellefte\u00e5, allt fr\u00e5n pop till metalband. Alla genrer \u00e4r v\u00e4lkomna. H\u00e4ng p\u00e5 ni ocks\u00e5! Vi driver en m\u00e4ngd olika musikprojekt d\u00e4r du och bandet kan f\u00e5 hj\u00e4lp med allt fr\u00e5n inspelningsteknik till liveframtr\u00e4danden och arrangemangskunskap.<\/p>\n<p>Kulturf\u00f6reningen Mullberget, Femtioettan, Campus och Skellefte\u00e5s Fritidsg\u00e5rdar \u00e4r n\u00e5gra av v\u00e5ra samarbetspartners. Dessa har i runda sl\u00e4ngar ett 30-tal replokaler + egna studios. \u00d6nskar ni replokal hos dessa kontakta oss s\u00e5 hj\u00e4lper vi er.<\/p>\n<p>Vi p\u00e5 ABF Skellefte\u00e5 finns och engagerar oss d\u00e4r det verkligen h\u00e4nder n\u00e5got. M\u00f6t oss exempelvis p\u00e5 Sveriges st\u00f6rsta gratisfestival Tr\u00e4stockfestivalen. Vi anordnar ocks\u00e5 livemusik p\u00e5 Campus, Ungdomsverket och Fritidsg\u00e5rdarna. I alla dessa verksamheter finns plats f\u00f6r dig eller ditt band. H\u00f6r av dig.<\/p>\n<p>F\u00f6r grupper i egen lokal hj\u00e4lper ABF till med kostnadsers\u00e4ttning, som kan anv\u00e4ndas till replokalshyra, ink\u00f6p av str\u00e4ngar, trumskinn, studiotid eller andra musikrelaterade kostnader.<\/p>\n<p><strong>Har du funderingar \u00e4r du v\u00e4lkommen att h\u00f6ra av dig till:<br \/>\n<\/strong>Magnus Ericsson<\/p>\n<p>Verksamhetsutvecklare Ungdom\/Musik<br \/>\n<a href=\"mailto:magnus.ericsson@abf.se\">magnus.ericsson@abf.se<\/a><br \/>\n070-800 44 61<\/p>\n<p>&#8212;&#8212;&#8211;<\/p>\n<p>Peder Zingmark<\/p>\n<p>Verksamhetsutvecklare Musik\/Ungdom<\/p>\n<p><a href=\"mailto:peder.zingmark@abf.se\">peder.zingmark@abf.se<\/a><\/p>\n<p>073-9166866<\/p>\n\n    <\/div>\n<\/div>\n<div\n    class=\"acf-text-image-block container my-12 md:my-15\"\n    data-block=\"text-image-block\"\n>\n    <div\n    class=\"flex flex-col items-center md:flex-row gap-8 md:gap-0 justify-between\">\n                        <div class=\"w-full md:w-1\/2 md:order-2\">\n            <picture><img decoding=\"async\" src=\"https:\/\/www.abf.se\/skelleftea\/resized\/?url=https%3A%2F%2Fwww.abf.se%2Fwp-content%2Fuploads%2F2026%2F01%2FAi-upprop-1600-x-900-px-2.png&#038;fit=crop&#038;w=578&#038;s=8ef64156d7c441de15805083f46c64b4\" srcset=\"https:\/\/www.abf.se\/skelleftea\/resized\/?url=https%3A%2F%2Fwww.abf.se%2Fwp-content%2Fuploads%2F2026%2F01%2FAi-upprop-1600-x-900-px-2.png&#038;fit=crop&#038;w=144&#038;h=126&#038;s=51948560d8d62962f399e7c5ce0612b9 144w, https:\/\/www.abf.se\/skelleftea\/resized\/?url=https%3A%2F%2Fwww.abf.se%2Fwp-content%2Fuploads%2F2026%2F01%2FAi-upprop-1600-x-900-px-2.png&#038;fit=crop&#038;w=240&#038;h=211&#038;s=6fb0210422f02abaf38a416a5b731987 240w, https:\/\/www.abf.se\/skelleftea\/resized\/?url=https%3A%2F%2Fwww.abf.se%2Fwp-content%2Fuploads%2F2026%2F01%2FAi-upprop-1600-x-900-px-2.png&#038;fit=crop&#038;w=288&#038;h=253&#038;s=0ddd0da9d108b16674fd7c55e6811533 288w, https:\/\/www.abf.se\/skelleftea\/resized\/?url=https%3A%2F%2Fwww.abf.se%2Fwp-content%2Fuploads%2F2026%2F01%2FAi-upprop-1600-x-900-px-2.png&#038;fit=crop&#038;w=336&#038;h=295&#038;s=4a8367d76ca3f5fb1a7131ca315e2f81 336w, https:\/\/www.abf.se\/skelleftea\/resized\/?url=https%3A%2F%2Fwww.abf.se%2Fwp-content%2Fuploads%2F2026%2F01%2FAi-upprop-1600-x-900-px-2.png&#038;fit=crop&#038;w=432&#038;h=380&#038;s=ad948d79a014589fb691f2057c98d68a 432w, https:\/\/www.abf.se\/skelleftea\/resized\/?url=https%3A%2F%2Fwww.abf.se%2Fwp-content%2Fuploads%2F2026%2F01%2FAi-upprop-1600-x-900-px-2.png&#038;fit=crop&#038;w=480&#038;h=422&#038;s=030436591724ae7b029b55d55dee8b0b 480w, https:\/\/www.abf.se\/skelleftea\/resized\/?url=https%3A%2F%2Fwww.abf.se%2Fwp-content%2Fuploads%2F2026%2F01%2FAi-upprop-1600-x-900-px-2.png&#038;fit=crop&#038;w=528&#038;h=464&#038;s=c6ee375a869dd042715847cfbc4f5fc3 528w, https:\/\/www.abf.se\/skelleftea\/resized\/?url=https%3A%2F%2Fwww.abf.se%2Fwp-content%2Fuploads%2F2026%2F01%2FAi-upprop-1600-x-900-px-2.png&#038;fit=crop&#038;w=578&#038;h=509&#038;s=4ad4431a96a5bdf2f28160ca6cca67d3 578w, https:\/\/www.abf.se\/skelleftea\/resized\/?url=https%3A%2F%2Fwww.abf.se%2Fwp-content%2Fuploads%2F2026%2F01%2FAi-upprop-1600-x-900-px-2.png&#038;fit=crop&#038;w=672&#038;h=591&#038;s=6e7db32facc859dcbd5fc0adfe41f637 672w, https:\/\/www.abf.se\/skelleftea\/resized\/?url=https%3A%2F%2Fwww.abf.se%2Fwp-content%2Fuploads%2F2026%2F01%2FAi-upprop-1600-x-900-px-2.png&#038;fit=crop&#038;w=864&#038;h=760&#038;s=5faa42068247af2deabd6b76de631706 864w, https:\/\/www.abf.se\/skelleftea\/resized\/?url=https%3A%2F%2Fwww.abf.se%2Fwp-content%2Fuploads%2F2026%2F01%2FAi-upprop-1600-x-900-px-2.png&#038;fit=crop&#038;w=1056&#038;h=929&#038;s=38187addca9ce27f347409d98ffa9a94 1056w\" alt=\"M&auml;nniskor som spelar instrument och sjunger.\" height=\"509\" width=\"578\" sizes=\"auto, (max-width: 768px) 100vw,\n                (max-width: 1280px) 50vw, 578px\" loading=\"lazy\" fetchpriority=\"low\" \/><\/picture>\n\n        <\/div>\n        \n        <div class=\"w-full md:w-1\/2 md:order-1\">\n        <div class=\"mx-auto md:max-w-[368px]\">\n            <h2 class=\"heading-lg\">Musikverkstan<\/h2>\n            <div class=\"mb-6 mt-4 wysiwyg\">\n                <p>Musikverkstan \u00e4r ABFs digitala portal f\u00f6r dig som har en musikstudiecirkel hos ABF eller \u00e4r nyfiken p\u00e5 att starta en. H\u00e4r finns tips och tricks som du kan anv\u00e4nda dig av i studiecirkel, oavsett vilket m\u00e5l du har med ditt musikprojekt!<\/p>\n<p>&nbsp;<\/p>\n<p>L\u00e4nk g\u00e5r till: <a id=\"menur1ip\" class=\"fui-Link ___1q1shib f2hkw1w f3rmtva f1ewtqcl fyind8e f1k6fduh f1w7gpdv fk6fouc fjoy568 figsok6 f1s184ao f1mk8lai fnbmjn9 f1o700av f13mvf36 f1cmlufx f9n3di6 f1ids18y f1tx3yz7 f1deo86v f1eh06m1 f1iescvh fhgqx19 f1olyrje f1p93eir f1nev41a f1h8hb77 f1lqvz6u f10aw75t fsle3fq f17ae5zn\" title=\"https:\/\/www.abf.se\/musikverkstan\/\" href=\"https:\/\/www.abf.se\/musikverkstan\/\" target=\"_blank\" rel=\"noreferrer noopener\" aria-label=\"L\u00e4nk https:\/\/www.abf.se\/musikverkstan\/\">https:\/\/www.abf.se\/musikverkstan\/<\/a><\/p>\n\n            <\/div>\n                    <\/div>\n        <\/div>\n    <\/div>\n<\/div>","protected":false},"excerpt":{"rendered":"","protected":false},"author":41,"featured_media":0,"parent":51,"menu_order":0,"comment_status":"closed","ping_status":"closed","template":"","meta":{"_acf_changed":false,"footnotes":""},"class_list":["post-63","page","type-page","status-publish","hentry"],"acf":[],"yoast_head":"<!-- This site is optimized with the Yoast SEO plugin v27.0 - https:\/\/yoast.com\/product\/yoast-seo-wordpress\/ -->\n<title>Musikverksamhet - Skellefte\u00e5<\/title>\n<meta name=\"robots\" content=\"index, follow, max-snippet:-1, max-image-preview:large, max-video-preview:-1\" \/>\n<link rel=\"canonical\" href=\"https:\/\/www.abf.se\/skelleftea\/verksamhet\/musikverksamhet\/\" \/>\n<meta property=\"og:locale\" content=\"sv_SE\" \/>\n<meta property=\"og:type\" content=\"article\" \/>\n<meta property=\"og:title\" content=\"Musikverksamhet - Skellefte\u00e5\" \/>\n<meta property=\"og:url\" content=\"https:\/\/www.abf.se\/skelleftea\/verksamhet\/musikverksamhet\/\" \/>\n<meta property=\"og:site_name\" content=\"Skellefte\u00e5\" \/>\n<meta property=\"article:modified_time\" content=\"2026-03-27T09:18:46+00:00\" \/>\n<meta property=\"og:image\" content=\"https:\/\/www.abf.se\/wp-content\/uploads\/sites\/43\/2024\/04\/Nyckeln-liggande-scaled.jpg\" \/>\n\t<meta property=\"og:image:width\" content=\"2560\" \/>\n\t<meta property=\"og:image:height\" content=\"1440\" \/>\n\t<meta property=\"og:image:type\" content=\"image\/jpeg\" \/>\n<meta name=\"twitter:card\" content=\"summary_large_image\" \/>\n<script type=\"application\/ld+json\" class=\"yoast-schema-graph\">{\"@context\":\"https:\/\/schema.org\",\"@graph\":[{\"@type\":\"WebPage\",\"@id\":\"https:\/\/www.abf.se\/skelleftea\/verksamhet\/musikverksamhet\/\",\"url\":\"https:\/\/www.abf.se\/skelleftea\/verksamhet\/musikverksamhet\/\",\"name\":\"Musikverksamhet - Skellefte\u00e5\",\"isPartOf\":{\"@id\":\"https:\/\/www.abf.se\/skelleftea\/#website\"},\"datePublished\":\"2024-02-23T09:41:54+00:00\",\"dateModified\":\"2026-03-27T09:18:46+00:00\",\"breadcrumb\":{\"@id\":\"https:\/\/www.abf.se\/skelleftea\/verksamhet\/musikverksamhet\/#breadcrumb\"},\"inLanguage\":\"sv-SE\",\"potentialAction\":[{\"@type\":\"ReadAction\",\"target\":[\"https:\/\/www.abf.se\/skelleftea\/verksamhet\/musikverksamhet\/\"]}]},{\"@type\":\"BreadcrumbList\",\"@id\":\"https:\/\/www.abf.se\/skelleftea\/verksamhet\/musikverksamhet\/#breadcrumb\",\"itemListElement\":[{\"@type\":\"ListItem\",\"position\":1,\"name\":\"Home\",\"item\":\"https:\/\/www.abf.se\/skelleftea\/\"},{\"@type\":\"ListItem\",\"position\":2,\"name\":\"V\u00e5ra verksamheter\",\"item\":\"https:\/\/www.abf.se\/skelleftea\/verksamhet\/\"},{\"@type\":\"ListItem\",\"position\":3,\"name\":\"Musikverksamhet\"}]},{\"@type\":\"WebSite\",\"@id\":\"https:\/\/www.abf.se\/skelleftea\/#website\",\"url\":\"https:\/\/www.abf.se\/skelleftea\/\",\"name\":\"Skellefte\u00e5\",\"description\":\"\",\"potentialAction\":[{\"@type\":\"SearchAction\",\"target\":{\"@type\":\"EntryPoint\",\"urlTemplate\":\"https:\/\/www.abf.se\/skelleftea\/?s={search_term_string}\"},\"query-input\":{\"@type\":\"PropertyValueSpecification\",\"valueRequired\":true,\"valueName\":\"search_term_string\"}}],\"inLanguage\":\"sv-SE\"}]}<\/script>\n<!-- \/ Yoast SEO plugin. -->","yoast_head_json":{"title":"Musikverksamhet - Skellefte\u00e5","robots":{"index":"index","follow":"follow","max-snippet":"max-snippet:-1","max-image-preview":"max-image-preview:large","max-video-preview":"max-video-preview:-1"},"canonical":"https:\/\/www.abf.se\/skelleftea\/verksamhet\/musikverksamhet\/","og_locale":"sv_SE","og_type":"article","og_title":"Musikverksamhet - Skellefte\u00e5","og_url":"https:\/\/www.abf.se\/skelleftea\/verksamhet\/musikverksamhet\/","og_site_name":"Skellefte\u00e5","article_modified_time":"2026-03-27T09:18:46+00:00","og_image":[{"width":2560,"height":1440,"url":"https:\/\/www.abf.se\/wp-content\/uploads\/sites\/43\/2024\/04\/Nyckeln-liggande-scaled.jpg","type":"image\/jpeg"}],"twitter_card":"summary_large_image","schema":{"@context":"https:\/\/schema.org","@graph":[{"@type":"WebPage","@id":"https:\/\/www.abf.se\/skelleftea\/verksamhet\/musikverksamhet\/","url":"https:\/\/www.abf.se\/skelleftea\/verksamhet\/musikverksamhet\/","name":"Musikverksamhet - Skellefte\u00e5","isPartOf":{"@id":"https:\/\/www.abf.se\/skelleftea\/#website"},"datePublished":"2024-02-23T09:41:54+00:00","dateModified":"2026-03-27T09:18:46+00:00","breadcrumb":{"@id":"https:\/\/www.abf.se\/skelleftea\/verksamhet\/musikverksamhet\/#breadcrumb"},"inLanguage":"sv-SE","potentialAction":[{"@type":"ReadAction","target":["https:\/\/www.abf.se\/skelleftea\/verksamhet\/musikverksamhet\/"]}]},{"@type":"BreadcrumbList","@id":"https:\/\/www.abf.se\/skelleftea\/verksamhet\/musikverksamhet\/#breadcrumb","itemListElement":[{"@type":"ListItem","position":1,"name":"Home","item":"https:\/\/www.abf.se\/skelleftea\/"},{"@type":"ListItem","position":2,"name":"V\u00e5ra verksamheter","item":"https:\/\/www.abf.se\/skelleftea\/verksamhet\/"},{"@type":"ListItem","position":3,"name":"Musikverksamhet"}]},{"@type":"WebSite","@id":"https:\/\/www.abf.se\/skelleftea\/#website","url":"https:\/\/www.abf.se\/skelleftea\/","name":"Skellefte\u00e5","description":"","potentialAction":[{"@type":"SearchAction","target":{"@type":"EntryPoint","urlTemplate":"https:\/\/www.abf.se\/skelleftea\/?s={search_term_string}"},"query-input":{"@type":"PropertyValueSpecification","valueRequired":true,"valueName":"search_term_string"}}],"inLanguage":"sv-SE"}]}},"_links":{"self":[{"href":"https:\/\/www.abf.se\/skelleftea\/wp-json\/wp\/v2\/pages\/63","targetHints":{"allow":["GET"]}}],"collection":[{"href":"https:\/\/www.abf.se\/skelleftea\/wp-json\/wp\/v2\/pages"}],"about":[{"href":"https:\/\/www.abf.se\/skelleftea\/wp-json\/wp\/v2\/types\/page"}],"author":[{"embeddable":true,"href":"https:\/\/www.abf.se\/skelleftea\/wp-json\/wp\/v2\/users\/41"}],"replies":[{"embeddable":true,"href":"https:\/\/www.abf.se\/skelleftea\/wp-json\/wp\/v2\/comments?post=63"}],"version-history":[{"count":6,"href":"https:\/\/www.abf.se\/skelleftea\/wp-json\/wp\/v2\/pages\/63\/revisions"}],"predecessor-version":[{"id":733,"href":"https:\/\/www.abf.se\/skelleftea\/wp-json\/wp\/v2\/pages\/63\/revisions\/733"}],"up":[{"embeddable":true,"href":"https:\/\/www.abf.se\/skelleftea\/wp-json\/wp\/v2\/pages\/51"}],"wp:attachment":[{"href":"https:\/\/www.abf.se\/skelleftea\/wp-json\/wp\/v2\/media?parent=63"}],"curies":[{"name":"wp","href":"https:\/\/api.w.org\/{rel}","templated":true}]}}